{"id":16318,"date":"2022-06-20T13:38:03","date_gmt":"2022-06-20T13:38:03","guid":{"rendered":"https:\/\/zecovalve.com\/?post_type=product&#038;p=16318"},"modified":"2023-06-15T12:51:11","modified_gmt":"2023-06-15T12:51:11","slug":"12-inch-gate-valve","status":"publish","type":"product","link":"https:\/\/zecovalve.com\/de\/produkt\/12-inch-gate-valve","title":{"rendered":"12 Zoll Schieberventil"},"content":{"rendered":"<p>Ein 12-Zoll-Schieber ist eine g\u00e4ngige Ventilgr\u00f6\u00dfe in Rohrleitungen.<\/p>\r\n\r\n\r\n\r\n<figure class=\"wp-block-image alignnone size-medium wp-image-16319\">\r\n<p><img loading=\"lazy\" decoding=\"async\" class=\"size-medium wp-image-19563\" src=\"https:\/\/zecovalve.com\/wp-content\/uploads\/2022\/06\/12-inch-Gate-Valve-1-225x300.jpg\" alt=\"12 Zoll Schieberventil\" width=\"225\" height=\"300\" srcset=\"https:\/\/zecovalve.com\/wp-content\/uploads\/2022\/06\/12-inch-Gate-Valve-1-225x300.jpg 225w, https:\/\/zecovalve.com\/wp-content\/uploads\/2022\/06\/12-inch-Gate-Valve-1-768x1024.jpg 768w, https:\/\/zecovalve.com\/wp-content\/uploads\/2022\/06\/12-inch-Gate-Valve-1-1152x1536.jpg 1152w, https:\/\/zecovalve.com\/wp-content\/uploads\/2022\/06\/12-inch-Gate-Valve-1-1536x2048.jpg 1536w, https:\/\/zecovalve.com\/wp-content\/uploads\/2022\/06\/12-inch-Gate-Valve-1-600x800.jpg 600w, https:\/\/zecovalve.com\/wp-content\/uploads\/2022\/06\/12-inch-Gate-Valve-1-scaled.jpg 1920w\" sizes=\"auto, (max-width: 225px) 100vw, 225px\" \/><\/p>\r\n<\/figure>\r\n\r\n\r\n<div class=\"gb-button-wrapper gb-button-wrapper-6d8495a3\">\r\n\r\n\r\n<p><a class=\"gb-button gb-button-3d442e11 gb-button-text\" href=\"mailto:commercial@zecovalve.com\" target=\"_blank\" rel=\"noopener noreferrer\"><strong>ERHALTEN SIE DEN PREIS F\u00dcR 12\u2033 SCHIEBERVENTILE<\/strong><\/a><\/p>\r\n<\/div>\r\n\r\n\r\n\r\n\r\n<h2 class=\"wp-block-heading\" id=\"h-what-is-12-inch-gate-valve\">Was ist ein 12-Zoll-Schieber?<\/h2>\r\n\r\n\r\n\r\n<p>Der Ventilk\u00f6rper des 12-Zoll-Schiebers von ZECO hat eine gerade durchgehende Struktur, die im vollst\u00e4ndig ge\u00f6ffneten Zustand einem geraden Rohr \u00e4hnelt, um einen minimalen Str\u00f6mungswiderstand und Wirbelstr\u00f6mung zu gew\u00e4hrleisten und die Kosten f\u00fcr die Rohrleitung des Benutzers zu senken. Es gibt zwei M\u00f6glichkeiten, den Ventilk\u00f6rper und die Haube zu verbinden: eine ist die Schraubverbindung der Ventilk\u00f6rperhaube, die andere ist die druckselbstdichtende Struktur. Das Innere des Ventilk\u00f6rpers beider Strukturen ist gleich, es gibt eine F\u00fchrungsschiene, um eine feste Bewegung des Schiebers zu erm\u00f6glichen, ohne dass Abweichungen durch die Auswirkungen von Dichtungsproblemen verursacht werden. Haube und Halterung sind integral und geteilt, abh\u00e4ngig von der Gr\u00f6\u00dfe des Schiebers, normalerweise sind 10 Zoll oder weniger nur Haube und Joch ein St\u00fcck und 10 Zoll oder mehr ist das Haubenjoch geteilt.<\/p>\r\n\r\n\r\n\r\n<h2 class=\"wp-block-heading\" id=\"h-features-of-12-inch-gate-valve\">Merkmale des 12-Zoll-Schiebers:<\/h2>\r\n\r\n\r\n\r\n<ul class=\"wp-block-list\">\r\n<li>Die technischen Ingenieure von ZECO haben die Schwierigkeiten des Kundendienstes voll und ganz ber\u00fccksichtigt und daher eine Struktur entwickelt, die online gewartet werden kann, wie etwa einen erneuerbaren Ventilsitz, eine online austauschbare Packung, ein online austauschbares Handrad usw., um dem Kundendienstpersonal die Wartung zu erleichtern.<\/li>\r\n<li>Der Keil des 12-Zoll-Schiebers von ZECO wird vor der Montage auf Hochglanz geschliffen, um sicherzustellen, dass er fest auf dem Sitzring sitzt und nicht h\u00e4ngen bleibt.<\/li>\r\n<li>Die Ventilschaftabdichtung des 12-Zoll-Schiebers von ZECO wird durch die Kombination von flexiblem und gewebtem Graphit realisiert, was eine zuverl\u00e4ssigere Dichtheit gew\u00e4hrleistet;<\/li>\r\n<li>Das 12-Zoll-Schieberventil von ZECO weist bei hohen Temperaturen eine gute Dichtleistung auf, und ein Keilventil klemmt nach dem Erhitzen nicht so leicht. Geeignet f\u00fcr Dampf, Hochtemperatur\u00f6l, \u00d6l, Gas und andere Medien sowie h\u00e4ufig wechselnde Komponenten. Nicht geeignet f\u00fcr Medien, die leicht verkoken.<\/li>\r\n<\/ul>\r\n\r\n\r\n\r\n<h2 class=\"wp-block-heading\">Anwendungen von 12-Zoll-Schieber<\/h2>\r\n\r\n\r\n\r\n<p>12-Zoll-Schieber sind \u00fcberall dort zu finden, wo eine wirtschaftliche Absperrung erforderlich ist. Schieber sind ideal f\u00fcr alle Anwendungen mit Schl\u00e4mmen, da der Schieber direkt durchschneiden kann. Schieber sind auch h\u00e4ufig bei Anwendungen mit Fl\u00fcssigkeiten wie Schwer\u00f6len, leichtem Fett, Lack und anderen nicht brennbaren Fl\u00fcssigkeiten zu finden.<\/p>\r\n\r\n\r\n\r\n<h2 class=\"wp-block-heading\">Abmessungen und Gewicht des 12\u2033-Schiebers<\/h2>\r\n\r\n\r\n\r\n<table border=\"=1\" width=\"800\">\r\n<tbody>\r\n<tr>\r\n<td rowspan=\"2\">Druckstufe\u00a0<\/td>\r\n<td>Bohrung<\/td>\r\n<td colspan=\"3\">\u00a0Abmessung von Fl\u00e4che zu Fl\u00e4che (in mm)\u00a0 \u00a0<\/td>\r\n<td>Gewicht<\/td>\r\n<\/tr>\r\n<tr>\r\n<td>(in mm)<\/td>\r\n<td>RF<\/td>\r\n<td>BW<\/td>\r\n<td>RTJ<\/td>\r\n<td>kg<\/td>\r\n<\/tr>\r\n<tr>\r\n<td>KLASSE 150<\/td>\r\n<td>300<\/td>\r\n<td>356<\/td>\r\n<td>502<\/td>\r\n<td>368<\/td>\r\n<td>290<\/td>\r\n<\/tr>\r\n<tr>\r\n<td>KLASSE 300<\/td>\r\n<td>300<\/td>\r\n<td>502<\/td>\r\n<td>502<\/td>\r\n<td>518<\/td>\r\n<td>486<\/td>\r\n<\/tr>\r\n<tr>\r\n<td>KLASSE 600<\/td>\r\n<td>298<\/td>\r\n<td>838<\/td>\r\n<td>838<\/td>\r\n<td>841<\/td>\r\n<td>1068<\/td>\r\n<\/tr>\r\n<tr>\r\n<td>KLASSE 900<\/td>\r\n<td>282<\/td>\r\n<td>965<\/td>\r\n<td>965<\/td>\r\n<td>968<\/td>\r\n<td>1542<\/td>\r\n<\/tr>\r\n<tr>\r\n<td>KLASSE 1500<\/td>\r\n<td>263<\/td>\r\n<td>1130<\/td>\r\n<td>1130<\/td>\r\n<td>1146<\/td>\r\n<td>3816<\/td>\r\n<\/tr>\r\n<tr>\r\n<td>KLASSE 2500<\/td>\r\n<td>218<\/td>\r\n<td>1422<\/td>\r\n<td>1422<\/td>\r\n<td>1445<\/td>\r\n<td>6500<\/td>\r\n<\/tr>\r\n<\/tbody>\r\n<\/table>\r\n\r\n\r\n\r\n<h2 class=\"wp-block-heading\" id=\"h-material-of-12-inch-gate-valve\">Material des 12-Zoll-Schiebers:<\/h2>\r\n\r\n\r\n\r\n<figure class=\"wp-block-table is-style-stripes\">\r\n<table>\r\n<tbody>\r\n<tr>\r\n<td>Nein<\/td>\r\n<td>Teil<\/td>\r\n<td>Material<\/td>\r\n<\/tr>\r\n<tr>\r\n<td>1<\/td>\r\n<td>K\u00f6rper<\/td>\r\n<td>ASTM A217 WC9<\/td>\r\n<\/tr>\r\n<tr>\r\n<td>2<\/td>\r\n<td>Sitzring<\/td>\r\n<td>ASTM A182 F22 + STL<\/td>\r\n<\/tr>\r\n<tr>\r\n<td>3<\/td>\r\n<td>Keil<\/td>\r\n<td>ASTM A217 WC9 + STL<\/td>\r\n<\/tr>\r\n<tr>\r\n<td>4<\/td>\r\n<td>Vorbau<\/td>\r\n<td>ASTM A276 420<\/td>\r\n<\/tr>\r\n<tr>\r\n<td>5<\/td>\r\n<td>Dichtung der Motorhaube<\/td>\r\n<td>Graphit + SS316<\/td>\r\n<\/tr>\r\n<tr>\r\n<td>6<\/td>\r\n<td>Motorhaubenbolzen<\/td>\r\n<td>ASTM A193 B16<\/td>\r\n<\/tr>\r\n<tr>\r\n<td>7<\/td>\r\n<td>Haubenmutter<\/td>\r\n<td>ASTM A194 4<\/td>\r\n<\/tr>\r\n<tr>\r\n<td>8<\/td>\r\n<td>Motorhaube<\/td>\r\n<td>ASTM A217 WC9<\/td>\r\n<\/tr>\r\n<tr>\r\n<td>9<\/td>\r\n<td>R\u00fccksitz<\/td>\r\n<td>ASTM A182 F6a<\/td>\r\n<\/tr>\r\n<tr>\r\n<td>10<\/td>\r\n<td>Spindelpackung<\/td>\r\n<td>Verst\u00e4rkter Graphit<\/td>\r\n<\/tr>\r\n<tr>\r\n<td>11<\/td>\r\n<td>Handrad<\/td>\r\n<td>KTH330-08<\/td>\r\n<\/tr>\r\n<\/tbody>\r\n<\/table>\r\n<\/figure>\r\n\r\n\r\n\r\n<h2 class=\"wp-block-heading\" id=\"h-12-inch-gate-valve-supplier\">12-Zoll-Schieberventillieferant<\/h2>\r\n\r\n\r\n\r\n<p>Als API 6D- und API 600-zertifiziertes Ventilunternehmen ist ZECO Valve auf Schieberventile spezialisiert, die neben 12-Zoll-Schieberventilen in den Gr\u00f6\u00dfen 1\u2033 bis 88\u2033 erh\u00e4ltlich sind.<\/p>","protected":false},"excerpt":{"rendered":"<p>Ein 12-Zoll-Schieber ist eine g\u00e4ngige Ventilgr\u00f6\u00dfe in Rohrleitungen. Was ist ein 12-Zoll-Schieber? Der Ventilk\u00f6rper von ZECO \u2026 <a title=\"12 Zoll Schieberventil\" class=\"read-more\" href=\"https:\/\/zecovalve.com\/de\/produkt\/12-inch-gate-valve\" aria-label=\"Mehr zu 12 Zoll Schieberventil\">Weiterlesen ...<\/a><\/p>","protected":false},"featured_media":27886,"comment_status":"closed","ping_status":"closed","template":"","meta":{"_generate-full-width-content":"","kt_blocks_editor_width":""},"product_cat":[2052,2458],"product_tag":[],"class_list":["post-16318","product","type-product","status-publish","has-post-thumbnail","hentry","product_cat-gate-valve","product_cat-gate-valve-by-inch","sales-flash-overlay","woocommerce-text-align-center","woocommerce-image-align-center","do-quantity-buttons"],"featured_image_src_large":["https:\/\/zecovalve.com\/wp-content\/uploads\/2022\/06\/12-inch-Gate-Valve-2.jpg",800,600,false],"author_info":[],"comment_info":0,"taxonomy_info":{"product_cat":[{"value":2052,"label":"Gate Valve"},{"value":2458,"label":"Gate Valve By Inch"}]},"yoast_head":"<!-- This site is optimized with the Yoast SEO Premium plugin v15.4 - https:\/\/yoast.com\/wordpress\/plugins\/seo\/ -->\n<title>12 inch Gate Valve Supplier | ZECO Valve - Gate Valve 12inch to 88 inch<\/title>\n<meta name=\"robots\" content=\"index, follow, max-snippet:-1, max-image-preview:large, max-video-preview:-1\" \/>\n<link rel=\"canonical\" href=\"https:\/\/zecovalve.com\/de\/produkt\/12-inch-gate-valve\" \/>\n<meta property=\"og:locale\" content=\"de_DE\" \/>\n<meta property=\"og:type\" content=\"article\" \/>\n<meta property=\"og:title\" content=\"12 inch Gate Valve Supplier | ZECO Valve - Gate Valve 12inch to 88 inch\" \/>\n<meta property=\"og:description\" content=\"Gate valve 12 inch is a common valve size in pipelines. What is 12 Inch Gate Valve? The valve body of ZECO ... Weiterlesen ...\" \/>\n<meta property=\"og:url\" content=\"https:\/\/zecovalve.com\/de\/produkt\/12-inch-gate-valve\" \/>\n<meta property=\"og:site_name\" content=\"ZECO Valve\" \/>\n<meta property=\"article:modified_time\" content=\"2023-06-15T12:51:11+00:00\" \/>\n<meta property=\"og:image\" content=\"https:\/\/zecovalve.com\/wp-content\/uploads\/2022\/06\/12-inch-Gate-Valve-2.jpg\" \/>\n\t<meta property=\"og:image:width\" content=\"800\" \/>\n\t<meta property=\"og:image:height\" content=\"600\" \/>\n<meta name=\"twitter:card\" content=\"summary_large_image\" \/>\n<meta name=\"twitter:label1\" content=\"Verfasst von\">\n\t<meta name=\"twitter:data1\" content=\"Jerry\">\n\t<meta name=\"twitter:label2\" content=\"Gesch\u00e4tzte Lesezeit\">\n\t<meta name=\"twitter:data2\" content=\"2\u00a0Minuten\">\n<script type=\"application\/ld+json\" class=\"yoast-schema-graph\">{\"@context\":\"https:\/\/schema.org\",\"@graph\":[{\"@type\":\"WebSite\",\"@id\":\"https:\/\/zecovalve.com\/#website\",\"url\":\"https:\/\/zecovalve.com\/\",\"name\":\"ZECO Valve\",\"description\":\"Industrial Ball Valve, Gate Valve and Globe Valve Manufacturer\",\"potentialAction\":[{\"@type\":\"SearchAction\",\"target\":\"https:\/\/zecovalve.com\/?s={search_term_string}\",\"query-input\":\"required name=search_term_string\"}],\"inLanguage\":\"de\"},{\"@type\":\"ImageObject\",\"@id\":\"https:\/\/zecovalve.com\/product\/12-inch-gate-valve#primaryimage\",\"inLanguage\":\"de\",\"url\":\"https:\/\/zecovalve.com\/wp-content\/uploads\/2022\/06\/12-inch-Gate-Valve-2.jpg\",\"width\":800,\"height\":600,\"caption\":\"12 inch Gate Valve\"},{\"@type\":\"WebPage\",\"@id\":\"https:\/\/zecovalve.com\/product\/12-inch-gate-valve#webpage\",\"url\":\"https:\/\/zecovalve.com\/product\/12-inch-gate-valve\",\"name\":\"12 inch Gate Valve Supplier | ZECO Valve - Gate Valve 12inch to 88 inch\",\"isPartOf\":{\"@id\":\"https:\/\/zecovalve.com\/#website\"},\"primaryImageOfPage\":{\"@id\":\"https:\/\/zecovalve.com\/product\/12-inch-gate-valve#primaryimage\"},\"datePublished\":\"2022-06-20T13:38:03+00:00\",\"dateModified\":\"2023-06-15T12:51:11+00:00\",\"breadcrumb\":{\"@id\":\"https:\/\/zecovalve.com\/product\/12-inch-gate-valve#breadcrumb\"},\"inLanguage\":\"de\",\"potentialAction\":[{\"@type\":\"ReadAction\",\"target\":[\"https:\/\/zecovalve.com\/product\/12-inch-gate-valve\"]}]},{\"@type\":\"BreadcrumbList\",\"@id\":\"https:\/\/zecovalve.com\/product\/12-inch-gate-valve#breadcrumb\",\"itemListElement\":[{\"@type\":\"ListItem\",\"position\":1,\"item\":{\"@type\":\"WebPage\",\"@id\":\"https:\/\/zecovalve.com\/\",\"url\":\"https:\/\/zecovalve.com\/\",\"name\":\"Home\"}},{\"@type\":\"ListItem\",\"position\":2,\"item\":{\"@type\":\"WebPage\",\"@id\":\"https:\/\/zecovalve.com\/product-category\",\"url\":\"https:\/\/zecovalve.com\/product-category\",\"name\":\"Industrial Valve Manufacturer | Water Valve Manufacturer\"}},{\"@type\":\"ListItem\",\"position\":3,\"item\":{\"@type\":\"WebPage\",\"@id\":\"https:\/\/zecovalve.com\/product\/12-inch-gate-valve\",\"url\":\"https:\/\/zecovalve.com\/product\/12-inch-gate-valve\",\"name\":\"12 inch Gate Valve\"}}]}]}<\/script>\n<!-- \/ Yoast SEO Premium plugin. -->","_links":{"self":[{"href":"https:\/\/zecovalve.com\/de\/wp-json\/wp\/v2\/product\/16318","targetHints":{"allow":["GET"]}}],"collection":[{"href":"https:\/\/zecovalve.com\/de\/wp-json\/wp\/v2\/product"}],"about":[{"href":"https:\/\/zecovalve.com\/de\/wp-json\/wp\/v2\/types\/product"}],"replies":[{"embeddable":true,"href":"https:\/\/zecovalve.com\/de\/wp-json\/wp\/v2\/comments?post=16318"}],"wp:featuredmedia":[{"embeddable":true,"href":"https:\/\/zecovalve.com\/de\/wp-json\/wp\/v2\/media\/27886"}],"wp:attachment":[{"href":"https:\/\/zecovalve.com\/de\/wp-json\/wp\/v2\/media?parent=16318"}],"wp:term":[{"taxonomy":"product_cat","embeddable":true,"href":"https:\/\/zecovalve.com\/de\/wp-json\/wp\/v2\/product_cat?post=16318"},{"taxonomy":"product_tag","embeddable":true,"href":"https:\/\/zecovalve.com\/de\/wp-json\/wp\/v2\/product_tag?post=16318"}],"curies":[{"name":"wp","href":"https:\/\/api.w.org\/{rel}","templated":true}]}}