{"id":16344,"date":"2022-06-20T14:52:15","date_gmt":"2022-06-20T14:52:15","guid":{"rendered":"https:\/\/zecovalve.com\/?post_type=product&#038;p=16344"},"modified":"2023-06-15T12:51:34","modified_gmt":"2023-06-15T12:51:34","slug":"slab-gate-valve","status":"publish","type":"product","link":"https:\/\/zecovalve.com\/de\/produkt\/slab-gate-valve","title":{"rendered":"Plattenschieber - Schieber durch Rohrleitung"},"content":{"rendered":"<p>Plattendurchgangs-Schieberventile werden gem\u00e4\u00df den Standards API 6D und API 6A und speziell f\u00fcr Auf-Zu-Anwendungen entwickelt und hergestellt. Dieses Ventil ist f\u00fcr alle Arten von Prozessfl\u00fcssigkeiten unter hohen Druck- und Temperaturbedingungen geeignet.<\/p>\r\n\r\n\r\n\r\n<figure class=\"wp-block-image alignnone size-medium wp-image-16345\"><img loading=\"lazy\" decoding=\"async\" width=\"300\" height=\"225\" class=\"wp-image-16345\" src=\"https:\/\/zecovalve.com\/wp-content\/uploads\/2022\/06\/slab-gate-valve-300x225.jpg\" alt=\"Plattenschieber\" srcset=\"https:\/\/zecovalve.com\/wp-content\/uploads\/2022\/06\/slab-gate-valve-300x225.jpg 300w, https:\/\/zecovalve.com\/wp-content\/uploads\/2022\/06\/slab-gate-valve-768x576.jpg 768w, https:\/\/zecovalve.com\/wp-content\/uploads\/2022\/06\/slab-gate-valve-600x450.jpg 600w, https:\/\/zecovalve.com\/wp-content\/uploads\/2022\/06\/slab-gate-valve.jpg 800w\" sizes=\"auto, (max-width: 300px) 100vw, 300px\" \/><\/figure>\r\n\r\n\r\n<div class=\"gb-button-wrapper gb-button-wrapper-6d8495a3\">\r\n\r\n\r\n<p><a class=\"gb-button gb-button-3d442e11 gb-button-text\" href=\"mailto:commercial@zecovalve.com\" target=\"_blank\" rel=\"noopener noreferrer\"><strong>PREIS F\u00dcR PLATTENSCHIEBER ERHALTEN<\/strong><\/a><\/p>\r\n<p>&nbsp;<\/p>\r\n<\/div>\r\n\r\n\r\n\r\n\r\n<h2 class=\"wp-block-heading\" id=\"h-what-is-a-slab-gate-valve\">Was ist ein Plattenschieber?<\/h2>\r\n\r\n\r\n\r\n<p>Plattenschieber sind Volldurchgangsventile, was bedeutet, dass das Loch im Schieber genau die gleiche Gr\u00f6\u00dfe wie das Rohr hat. Dieses Volldurchgangsdesign sorgt f\u00fcr vollen Durchfluss durch das Ventil und geringen Druckabfall und erm\u00f6glicht <a href=\"https:\/\/zecovalve.com\/de\/understanding-pigging-and-pig-valves-in-industrial-pipelines-zeco-valve-blog.html\/\" data-internallinksmanager029f6b8e52c=\"12\" title=\"Molchen\" target=\"_blank\" rel=\"noopener\">Molchen<\/a> die Leitung bei Bedarf.<\/p>\r\n\r\n\r\n\r\n<p>Die Str\u00f6mungseigenschaften des ZECO-Plattenschiebers mit Umleitungsl\u00f6chern sind dieselben wie die der Rohrleitung mit demselben Durchmesser. Verglichen mit den anderen beiden Ventilarten sind die Str\u00f6mungseigenschaften des einstellbaren Plattenschiebers ohne Umleitungsloch besser als die des normalen Typs ohne Umleitungsloch. Daher werden Plattenschieber mit Umleitungsloch besonders h\u00e4ufig in langen Rohrleitungen in der Erdgas- und \u00d6lindustrie verwendet. ZECO Valve Group, ein bekannter Hersteller von Plattenschiebern in China, kann Plattenschieber in gro\u00dfem Ma\u00dfstab, hervorragender Qualit\u00e4t und mit exquisitem Aussehen in voller \u00dcbereinstimmung mit den API 6D-Standards liefern.<\/p>\r\n\r\n\r\n\r\n<h2 class=\"wp-block-heading\">Spezifikationen f\u00fcr Plattenschieber<\/h2>\r\n\r\n\r\n\r\n<figure class=\"wp-block-table is-style-stripes\">\r\n<table>\r\n<tbody>\r\n<tr>\r\n<th>Gr\u00f6\u00dfe<\/th>\r\n<td>NPS 2\u2033~48\u2033<\/td>\r\n<\/tr>\r\n<tr>\r\n<th>Druckstufe<\/th>\r\n<td>Klasse 150~1500<\/td>\r\n<\/tr>\r\n<tr>\r\n<th>Material<\/th>\r\n<td>WCB, LCB, CF8, CF8M, CF3, CF3M<\/td>\r\n<\/tr>\r\n<tr>\r\n<th>Design- und Fertigungsstandard<\/th>\r\n<td>ASME B16.34, API 6D<\/td>\r\n<\/tr>\r\n<tr>\r\n<th>Von Angesicht zu Angesicht<\/th>\r\n<td>ASME B 16.10, BSEN 588, API 6D<\/td>\r\n<\/tr>\r\n<tr>\r\n<th>Endverbindung<\/th>\r\n<td>ASME B16.5, ASME B16.47, BSEN 1092<\/td>\r\n<\/tr>\r\n<tr>\r\n<th>Pr\u00fcfnorm<\/th>\r\n<td>ISO 5208, API 6D, BSEN 12266<\/td>\r\n<\/tr>\r\n<tr>\r\n<th>Strukturtyp<\/th>\r\n<td>Einzeltor mit\/ohne Durchgangskanal, Doppeltor mit\/ohne Durchgangskanal<\/td>\r\n<\/tr>\r\n<tr>\r\n<th>Betriebsmethode<\/th>\r\n<td>Manuell, Schneckengetriebe, elektrischer Antrieb, pneumatischer Antrieb<\/td>\r\n<\/tr>\r\n<\/tbody>\r\n<\/table>\r\n<\/figure>\r\n\r\n\r\n\r\n<h2 class=\"wp-block-heading\">Abdichtung von Plattenschiebern<\/h2>\r\n\r\n\r\n\r\n<ul class=\"wp-block-list\">\r\n<li>Karosserieversiegelung\r\n<ul>\r\n<li>Bei allen Prim\u00e4rk\u00f6rperdichtungen handelt es sich um Metall-Metall-, Spiral- oder Ringdichtungen.<\/li>\r\n<li>Auf Anfrage erh\u00e4ltlich:\r\n<ul>\r\n<li>Sekund\u00e4re Weichdichtung als redundante Barriere<\/li>\r\n<li>Leckage-Port-Detektor<\/li>\r\n<\/ul>\r\n<\/li>\r\n<\/ul>\r\n<\/li>\r\n<\/ul>\r\n\r\n\r\n\r\n<ul class=\"wp-block-list\">\r\n<li>Schaftabdichtung\r\n<ul>\r\n<li>PTFE-Chevron-Typ: Thermoplastische Mehrfach-V-Ringe, mit oder ohne Laternenring.<\/li>\r\n<li>Auf Anfrage erh\u00e4ltlich:\r\n<ul>\r\n<li>O-Ring-Abdichtung<\/li>\r\n<li>Graphitdichtung<\/li>\r\n<li>Metallische Spindeldichtungen zus\u00e4tzlich zu den Standard-Thermoplastdichtungen<\/li>\r\n<li>M\u00f6glichkeit zur Injektion von Dichtungsmasse (optional)<\/li>\r\n<li>Redundante Elastomer-(AED)-Schaftdichtung<\/li>\r\n<li>Leckage-Port-Detektor<\/li>\r\n<\/ul>\r\n<\/li>\r\n<\/ul>\r\n<\/li>\r\n<\/ul>\r\n\r\n\r\n\r\n<ul class=\"wp-block-list\">\r\n<li>Sitzabdichtung\r\n<ul>\r\n<li>Die Konstruktion des ZECO-Plattenschiebers umfasst federbelastete Schwimmsitze, die unabh\u00e4ngig von den Druckbedingungen vor oder nach dem Ventil einen sicheren Sitz auf beiden Seiten gew\u00e4hrleisten. Die Sitzdichtungen sind federbelastet, um eine Abdichtung unter Niederdruckbedingungen zu gew\u00e4hrleisten. Wenn der Leitungsdruck steigt, erh\u00f6ht sich der Kontaktdruck zwischen Sitz und Schieber entsprechend, um eine sichere Absperrung zu gew\u00e4hrleisten. Da beide Sitze einzeln durch den Differenzdruck \u00fcber dem Sitz selbst beaufschlagt werden, kann der Ventilhohlraum entl\u00fcftet werden, wenn die vor- und\/oder nachgeschaltete Seite unter Druck steht. Das Ventil weist unabh\u00e4ngig von der Str\u00f6mungsrichtung und\/oder der Ausrichtung des Differenzdrucks eine identische Leistung auf.<\/li>\r\n<\/ul>\r\n<\/li>\r\n<\/ul>\r\n\r\n\r\n\r\n<h2 class=\"wp-block-heading\" id=\"h-features-of-slab-gate-valve\">Merkmale von Plattenschiebern<\/h2>\r\n\r\n\r\n\r\n<ul class=\"wp-block-list\">\r\n<li>Plattenschieber bestehen aus einer einzelnen Schiebereinheit, die zwischen zwei Sitzringen angehoben und abgesenkt wird. Da der Schieber zwischen den Sitzen gleitet, sind Plattenschieber f\u00fcr Medien mit Schwebeteilchen geeignet. Die Dichtfl\u00e4che von Plattenschiebern ist praktisch selbstpositionierend und wird durch die thermische Verformung des K\u00f6rpers nicht besch\u00e4digt. Selbst wenn der Schieber im kalten Zustand geschlossen wird, \u00fcberlastet die hei\u00dfe Verl\u00e4ngerung des Schafts die Dichtfl\u00e4che nicht, und Plattenschieber ohne Umleitungsl\u00f6cher erfordern keine hohe Pr\u00e4zision in der Schlie\u00dfposition des Schiebers. Wenn der Schieber vollst\u00e4ndig ge\u00f6ffnet ist, ist die Bohrung glatt und linear, und der Str\u00f6mungswiderstandskoeffizient ist minimal, feststellbar und es tritt kein Druckverlust auf.<\/li>\r\n<li>Der ZECO-Plattenschieber ist mit einer Fetteinspritz\u00f6ffnung ausgestattet. Im Falle einer Besch\u00e4digung der Dichtfl\u00e4che kann das Wartungspersonal problemlos Dichtungsmittel durch die Fetteinspritz\u00f6ffnung einspritzen, um die Dichtfl\u00e4che zu pflegen und die normale Schaltleistung des Ventils sicherzustellen. Alternativ kann im Wartungsfall Dichtungsmittel eingespritzt werden, um die Dichtfl\u00e4che zu schmieren und so die normale Lebensdauer des Ventils zu verl\u00e4ngern.<\/li>\r\n<li>Wenn der ZECO-Plattenschieber vollst\u00e4ndig ge\u00f6ffnet ist, ist der Kanal eine gerade Rohrleitung, der Str\u00f6mungswiderstandskoeffizient und der Druckverlust sind sehr gering und nahezu vernachl\u00e4ssigbar, was die Betriebskosten der Rohrleitung f\u00fcr die Benutzer senken kann, und die Pillen k\u00f6nnen beim Reinigen der Rohrleitung zum Reinigen verwendet werden;<\/li>\r\n<li>Das ZECO-Plattenschieberventil ist mit einer automatischen Druckentlastungsschutzvorrichtung ausgestattet, die im Falle eines \u00dcberdrucks in der mittleren Kammer des Ventilk\u00f6rpers den Druck automatisch entlasten kann, um die sichere Verwendung des Ventils zu gew\u00e4hrleisten.<\/li>\r\n<li>Die schwimmende Sitzkonstruktion des ZECO-Plattenschiebers gew\u00e4hrleistet die Abdichtung des Schiebers in beide Richtungen.<\/li>\r\n<\/ul>\r\n\r\n\r\n\r\n<h2 class=\"wp-block-heading\">Nachteile des Plattenschiebers<\/h2>\r\n\r\n\r\n\r\n<p>Plattenschieber haben auch einige Nachteile: Bei niedrigem Mediendruck dichtet die metallische Dichtfl\u00e4che m\u00f6glicherweise nicht vollst\u00e4ndig ab, bei zu hohem Mediendruck kann das h\u00e4ufige \u00d6ffnen und Schlie\u00dfen die Dichtfl\u00e4che zu stark verschlei\u00dfen lassen, wenn kein Medium oder keine Schmierung vorhanden ist. Ein weiterer Nachteil ist, dass ein kreisf\u00f6rmiger Schieber, der sich horizontal auf einem kreisf\u00f6rmigen Kanal bewegt, den Durchfluss nur dann effektiv steuert, wenn er sich in 50% der geschlossenen Position des Ventils befindet.<\/p>\r\n\r\n\r\n\r\n<h2 class=\"wp-block-heading\" id=\"h-material-of-slab-gate-valve\">Material der Durchgangskanal-Schieber<\/h2>\r\n\r\n\r\n\r\n<figure class=\"wp-block-table is-style-regular\">\r\n<table>\r\n<tbody>\r\n<tr>\r\n<td>Geh\u00e4use Deckel Scheibe Sitz Schaft Dichtring Dichtfl\u00e4chenmaterial O-Ring Schraube Mutter Feder Schaftmutter Flachdichtung Packung<\/td>\r\n<td>WCB\/LCB\/CF8M\/CF8\/CF3M\/CF3\/WC6\/WC9\/CD3MN WCB\/LCB\/CF8M\/CF8\/CF3M\/CF3\/WC6\/WC9\/CD3MN A105+ENP\/LF2+ENP\/F304\/F316\/F304L\/F316L\/F51 A105+ENP\/LF2+ENP\/F304\/F316\/F304L\/F316L\/F51 F6a\/F304\/F316\/F304L\/F316L\/F51 PTFE\/NYLON\/PEEK\/TEFLON 1~12 Innenmaterial VITON\/NBR B7M\/B8M\/L7M\/B16M 2HM\/8M\/7M\/4M 17-4PH\/Inconel C95200\/D2\/A536 Flexibel Graphit+304\/Flexibler Graphit+316 Flexibler Graphit\/PTFE<\/td>\r\n<\/tr>\r\n<\/tbody>\r\n<\/table>\r\n<\/figure>","protected":false},"excerpt":{"rendered":"<p>Durchgangsschieber f\u00fcr Plattenrohre werden gem\u00e4\u00df den Normen API 6D und API 6A und speziell f\u00fcr Auf-Zu-Anwendungen entwickelt und hergestellt. <a title=\"Plattenschieber \u2013 Durchgangsrohrschieber\" class=\"read-more\" href=\"https:\/\/zecovalve.com\/de\/produkt\/slab-gate-valve\" aria-label=\"Mehr zu Slab Gate Valve \u2013 Through Conduit Gate Valve\">Weiterlesen ...<\/a><\/p>","protected":false},"featured_media":27887,"comment_status":"closed","ping_status":"closed","template":"","meta":{"_generate-full-width-content":"","kt_blocks_editor_width":""},"product_cat":[2052,2456],"product_tag":[2798],"class_list":["post-16344","product","type-product","status-publish","has-post-thumbnail","hentry","product_cat-gate-valve","product_cat-gate-valve-by-form","product_tag-osy-valve","sales-flash-overlay","woocommerce-text-align-center","woocommerce-image-align-center","do-quantity-buttons"],"featured_image_src_large":["https:\/\/zecovalve.com\/wp-content\/uploads\/2022\/06\/Slab-Gate-Valve-1.jpg",800,600,false],"author_info":[],"comment_info":0,"taxonomy_info":{"product_cat":[{"value":2052,"label":"Gate Valve"},{"value":2456,"label":"Gate Valve By Form"}],"product_tag":[{"value":2798,"label":"OS&amp;Y Valve"}]},"yoast_head":"<!-- This site is optimized with the Yoast SEO Premium plugin v15.4 - https:\/\/yoast.com\/wordpress\/plugins\/seo\/ -->\n<title>Slab Gate Valve - Through Conduit Gate Valve | ZECO Valve<\/title>\n<meta name=\"robots\" content=\"index, follow, max-snippet:-1, max-image-preview:large, max-video-preview:-1\" \/>\n<link rel=\"canonical\" href=\"https:\/\/zecovalve.com\/de\/produkt\/slab-gate-valve\" \/>\n<meta property=\"og:locale\" content=\"de_DE\" \/>\n<meta property=\"og:type\" content=\"article\" \/>\n<meta property=\"og:title\" content=\"Slab Gate Valve - Through Conduit Gate Valve | ZECO Valve\" \/>\n<meta property=\"og:description\" content=\"Slab through conduit gate valves are designed and manufactured in accordance with API 6D and API 6A standards and specifically for on-off ... Weiterlesen ...\" \/>\n<meta property=\"og:url\" content=\"https:\/\/zecovalve.com\/de\/produkt\/slab-gate-valve\" \/>\n<meta property=\"og:site_name\" content=\"ZECO Valve\" \/>\n<meta property=\"article:modified_time\" content=\"2023-06-15T12:51:34+00:00\" \/>\n<meta property=\"og:image\" content=\"https:\/\/zecovalve.com\/wp-content\/uploads\/2022\/06\/Slab-Gate-Valve-1.jpg\" \/>\n\t<meta property=\"og:image:width\" content=\"800\" \/>\n\t<meta property=\"og:image:height\" content=\"600\" \/>\n<meta name=\"twitter:card\" content=\"summary_large_image\" \/>\n<meta name=\"twitter:label1\" content=\"Verfasst von\">\n\t<meta name=\"twitter:data1\" content=\"Jerry\">\n\t<meta name=\"twitter:label2\" content=\"Gesch\u00e4tzte Lesezeit\">\n\t<meta name=\"twitter:data2\" content=\"4\u00a0Minuten\">\n<script type=\"application\/ld+json\" class=\"yoast-schema-graph\">{\"@context\":\"https:\/\/schema.org\",\"@graph\":[{\"@type\":\"WebSite\",\"@id\":\"https:\/\/zecovalve.com\/#website\",\"url\":\"https:\/\/zecovalve.com\/\",\"name\":\"ZECO Valve\",\"description\":\"Industrial Ball Valve, Gate Valve and Globe Valve Manufacturer\",\"potentialAction\":[{\"@type\":\"SearchAction\",\"target\":\"https:\/\/zecovalve.com\/?s={search_term_string}\",\"query-input\":\"required name=search_term_string\"}],\"inLanguage\":\"de\"},{\"@type\":\"ImageObject\",\"@id\":\"https:\/\/zecovalve.com\/product\/slab-gate-valve#primaryimage\",\"inLanguage\":\"de\",\"url\":\"https:\/\/zecovalve.com\/wp-content\/uploads\/2022\/06\/Slab-Gate-Valve-1.jpg\",\"width\":800,\"height\":600,\"caption\":\"Slab Gate Valve\"},{\"@type\":\"WebPage\",\"@id\":\"https:\/\/zecovalve.com\/product\/slab-gate-valve#webpage\",\"url\":\"https:\/\/zecovalve.com\/product\/slab-gate-valve\",\"name\":\"Slab Gate Valve - Through Conduit Gate Valve | ZECO Valve\",\"isPartOf\":{\"@id\":\"https:\/\/zecovalve.com\/#website\"},\"primaryImageOfPage\":{\"@id\":\"https:\/\/zecovalve.com\/product\/slab-gate-valve#primaryimage\"},\"datePublished\":\"2022-06-20T14:52:15+00:00\",\"dateModified\":\"2023-06-15T12:51:34+00:00\",\"breadcrumb\":{\"@id\":\"https:\/\/zecovalve.com\/product\/slab-gate-valve#breadcrumb\"},\"inLanguage\":\"de\",\"potentialAction\":[{\"@type\":\"ReadAction\",\"target\":[\"https:\/\/zecovalve.com\/product\/slab-gate-valve\"]}]},{\"@type\":\"BreadcrumbList\",\"@id\":\"https:\/\/zecovalve.com\/product\/slab-gate-valve#breadcrumb\",\"itemListElement\":[{\"@type\":\"ListItem\",\"position\":1,\"item\":{\"@type\":\"WebPage\",\"@id\":\"https:\/\/zecovalve.com\/\",\"url\":\"https:\/\/zecovalve.com\/\",\"name\":\"Home\"}},{\"@type\":\"ListItem\",\"position\":2,\"item\":{\"@type\":\"WebPage\",\"@id\":\"https:\/\/zecovalve.com\/product-category\",\"url\":\"https:\/\/zecovalve.com\/product-category\",\"name\":\"Industrial Valve Manufacturer | Water Valve Manufacturer\"}},{\"@type\":\"ListItem\",\"position\":3,\"item\":{\"@type\":\"WebPage\",\"@id\":\"https:\/\/zecovalve.com\/product\/slab-gate-valve\",\"url\":\"https:\/\/zecovalve.com\/product\/slab-gate-valve\",\"name\":\"Slab Gate Valve &#8211; Through Conduit Gate Valve\"}}]}]}<\/script>\n<!-- \/ Yoast SEO Premium plugin. -->","_links":{"self":[{"href":"https:\/\/zecovalve.com\/de\/wp-json\/wp\/v2\/product\/16344","targetHints":{"allow":["GET"]}}],"collection":[{"href":"https:\/\/zecovalve.com\/de\/wp-json\/wp\/v2\/product"}],"about":[{"href":"https:\/\/zecovalve.com\/de\/wp-json\/wp\/v2\/types\/product"}],"replies":[{"embeddable":true,"href":"https:\/\/zecovalve.com\/de\/wp-json\/wp\/v2\/comments?post=16344"}],"wp:featuredmedia":[{"embeddable":true,"href":"https:\/\/zecovalve.com\/de\/wp-json\/wp\/v2\/media\/27887"}],"wp:attachment":[{"href":"https:\/\/zecovalve.com\/de\/wp-json\/wp\/v2\/media?parent=16344"}],"wp:term":[{"taxonomy":"product_cat","embeddable":true,"href":"https:\/\/zecovalve.com\/de\/wp-json\/wp\/v2\/product_cat?post=16344"},{"taxonomy":"product_tag","embeddable":true,"href":"https:\/\/zecovalve.com\/de\/wp-json\/wp\/v2\/product_tag?post=16344"}],"curies":[{"name":"wp","href":"https:\/\/api.w.org\/{rel}","templated":true}]}}