{"id":16388,"date":"2022-06-21T03:50:16","date_gmt":"2022-06-21T03:50:16","guid":{"rendered":"https:\/\/zecovalve.com\/?post_type=product&#038;p=16388"},"modified":"2022-09-10T08:34:43","modified_gmt":"2022-09-10T08:34:43","slug":"96-inch-butterfly-valve","status":"publish","type":"product","link":"https:\/\/zecovalve.com\/de\/produkt\/96-inch-butterfly-valve","title":{"rendered":"Gro\u00dfes Absperrventil"},"content":{"rendered":"<figure class=\"wp-block-image alignnone size-large is-resized size-medium wp-image-16389\"><img loading=\"lazy\" decoding=\"async\" class=\"wp-image-27106\" src=\"https:\/\/zecovalve.com\/wp-content\/uploads\/2022\/09\/96-inch-Butterfly-Valve-2-1024x768.jpg\" alt=\"\" width=\"512\" height=\"384\" srcset=\"https:\/\/zecovalve.com\/wp-content\/uploads\/2022\/09\/96-inch-Butterfly-Valve-2-1024x768.jpg 1024w, https:\/\/zecovalve.com\/wp-content\/uploads\/2022\/09\/96-inch-Butterfly-Valve-2-300x225.jpg 300w, https:\/\/zecovalve.com\/wp-content\/uploads\/2022\/09\/96-inch-Butterfly-Valve-2-768x576.jpg 768w, https:\/\/zecovalve.com\/wp-content\/uploads\/2022\/09\/96-inch-Butterfly-Valve-2-600x450.jpg 600w, https:\/\/zecovalve.com\/wp-content\/uploads\/2022\/09\/96-inch-Butterfly-Valve-2.jpg 1440w\" sizes=\"auto, (max-width: 512px) 100vw, 512px\" \/><\/figure>\r\n\r\n\r\n\r\n\r\n<div class=\"gb-button-wrapper gb-button-wrapper-6d8495a3\">\r\n\r\n<a class=\"gb-button gb-button-3d442e11 gb-button-text\" href=\"mailto:commercial@zecovalve.com\" target=\"_blank\" rel=\"noopener noreferrer\"><strong>ERHALTEN SIE DEN PREIS F\u00dcR 96-ZOLL-ABSCHEIDUNGSVENTILE<\/strong><\/a>\r\n\r\n<\/div>\r\n\r\n\r\n<h2 class=\"wp-block-heading\">Was ist ein Absperrventil?<\/h2>\r\n\r\n\r\n\r\n\r\nAbsperrklappen sind Ventile mit Vierteldrehung, die in Rohrleitungen zum Stoppen, Regulieren und Starten des Durchflusses verwendet werden. Absperrklappen, bei denen das Ventil durch eine 90\u00b0-Drehung des Griffs vollst\u00e4ndig geschlossen oder ge\u00f6ffnet werden kann, sind einfach und schnell zu bedienen. Der Hauptunterschied zwischen Absperrklappen und anderen Ventilen ist die Scheibe. Die Absperrklappenscheibe befindet sich immer im Durchfluss und verursacht bei jeder Position des Ventils eine Druck\u00e4nderung.\r\n\r\n\r\n\r\n\r\n<h2 class=\"wp-block-heading\">Welche Arten von Absperrklappen gibt es?<\/h2>\r\n\r\n\r\n\r\n\r\nAbsperrklappen bestehen normalerweise aus einem kurzen runden K\u00f6rper, runden Scheiben, Metall-Metall- oder Weichsitzen, oberen und unteren Wellenlagern und Stopfbuchsen. Es gibt zwei Haupttypen von Absperrklappenk\u00f6rpern, n\u00e4mlich den Wafer-Typ und den Lug-Typ. Der Wafer-Typ ist ein h\u00e4ufig verwendetes Design, das zwischen zwei Flansche passt, w\u00e4hrend der Lug-Typ normalerweise zwischen zwei Flanschen durch Bolzen verwendet wird, die die beiden Flansche verbinden. Absperrklappen haben bei gro\u00dfen Ventilanwendungen im Vergleich zu Schiebern, Durchgangs-, Kegel- und Kugelh\u00e4hnen nur wenige Vorteile. Gewicht, Platzbedarf und Kosten sind die offensichtlichsten Vorteile, die Wartungskosten sind normalerweise niedrig, da es nur eine minimale Anzahl beweglicher Teile gibt und es keine Tasche f\u00fcr eine Fl\u00fcssigkeitsfalle gibt. Absperrklappen sind perfekt f\u00fcr die Handhabung eines gro\u00dfen Fl\u00fcssigkeits- oder Gasstroms bei relativ niedrigem Druck. Sie eignen sich auch f\u00fcr die Handhabung von Schl\u00e4mmen oder Fl\u00fcssigkeiten mit einer gro\u00dfen Anzahl von Schwebstoffen. Die Bezeichnung von Absperrklappen basiert auf dem Prinzip der Rohrklappe, wobei das Durchflussregelelement aus einer Scheibe besteht, die fast den gleichen Durchmesser hat wie der Innendurchmesser des angrenzenden Rohrs und deren Achse sich entweder vertikal oder horizontal dreht. Absperrklappen sind vollst\u00e4ndig ge\u00f6ffnet, wenn die Scheibe parallel zur Rohrleitung liegt, und die Ventile sind geschlossen, wenn sich die Scheibe senkrechten Positionen n\u00e4hert. Die Absperrklappe kann auch zu Drosselzwecken in Zwischenpositionen gebracht werden, und diese Aktion kann mithilfe der Griffverriegelungsvorrichtungen an Ort und Stelle gesichert werden.\r\n\r\n\r\n\r\n\r\n<h2 class=\"wp-block-heading\" id=\"h-large-butterfly-valve-for-sale\">Gro\u00dfes Absperrventil zu verkaufen<\/h2>\r\n\r\n\r\n\r\n\r\nDas 96-Zoll-Absperrventil von ZECO kann zwischen einer doppelten oder einer dreifachen exzentrischen Struktur w\u00e4hlen. Bei der doppelten Exzenterstruktur kann eine weiche oder eine harte Dichtungsstruktur verwendet werden, bei der dreifachen exzentrischen Struktur kann eine einseitige oder eine zweiseitige Dichtungsstruktur verwendet werden. Ein Absperrventil mit gro\u00dfem Durchmesser kann nicht sofort in die Rohrleitung eingebaut werden. Achten Sie daher vor der Installation und Wartung besonders auf das Ventil. Die mit dem Medium in Ber\u00fchrung kommenden Teile und der Schaft sind die wichtigsten Teile eines Ventils. Folgende Ma\u00dfnahmen werden ergriffen.\r\n\r\n\r\n\r\n\r\n<ul class=\"wp-block-list\">\r\n \t<li>Um die Sauberkeit und Trockenheit des Ventils zu bewahren, muss die Innenseite des Ventils gereinigt werden, sodass keine R\u00fcckst\u00e4nde und Flecken zur\u00fcckbleiben.<\/li>\r\n \t<li>Die Ventilverschlussteile m\u00fcssen sich im geschlossenen Zustand befinden. Wenn das Ventil angehoben werden soll, seien Sie beim Anheben vorsichtig. Das Werfen oder Herunterfallen ist strengstens verboten. Insbesondere Handrad und Schaft d\u00fcrfen nicht als Hebepunkt dienen. ZECO, der Hersteller von Absperrklappen in sehr gro\u00dfer Gr\u00f6\u00dfe, widmet sich der Erforschung und Entwicklung von Problemen, die bei der Produktion oder sogar der Lieferung an die Benutzer auftreten k\u00f6nnen, wenn sie die Produkte lagern, und erstellt dann entsprechende Vorauspl\u00e4ne, um das m\u00f6gliche Auftreten zu verhindern.<\/li>\r\n<\/ul>\r\n\r\n\r\n\r\n<h2 class=\"wp-block-heading\">Kosten f\u00fcr gro\u00dfe Absperrklappen<\/h2>\r\n\r\n\r\n\r\n\r\nAbsperrklappen sind im Allgemeinen 40% g\u00fcnstiger als Eisenschieber, nicht nur in Bezug auf die Anschaffungskosten, sondern auch in Bezug auf die Installationskosten. Ordnungsgem\u00e4\u00df installierte Absperrklappen sind praktisch selbstreinigend und viel weniger anf\u00e4llig f\u00fcr St\u00f6rungen durch Schmutzablagerungen. Um auf Kosten und Preise zuzugreifen, finden Sie Informationen zu den Unternehmen, die Absperrklappen verkaufen, zusammen mit ihren Kontaktinformationen bei ZECO Valve.\r\n\r\n\r\n\r\n\r\n<h2 class=\"wp-block-heading\" id=\"h-features-of-large-butterfly-valve\">Merkmale des gro\u00dfen Absperrventils<\/h2>\r\n\r\n\r\n\r\n<ol class=\"wp-block-list\">\r\n \t<li>F\u00fcr das 96 Zoll gro\u00dfe Absperrventil von ZECO kann ein doppelt versetzter Gummisitz gew\u00e4hlt werden. NBR-Sitze sind in den Rahmen geschwefelt, was die Dichtleistung erh\u00f6ht. Die Scheibenoberfl\u00e4che ist kugelf\u00f6rmig gestaltet, um Kontaktfl\u00e4che und Reibungskraft zu verringern;<\/li>\r\n \t<li>F\u00fcr gro\u00dfe Absperrklappen von ZECO kann ein doppelt versetzter PTFE-Sitz gew\u00e4hlt werden. Ein \u00dcberschuss zwischen PTFE-Sitz und -Scheibe gew\u00e4hrleistet die Abdichtung bei niedrigem Druck;<\/li>\r\n \t<li>Bei den gro\u00dfen ZECO-Absperrklappen kann zwischen einem dreifach versetzten Metallsitz und einem zweiteiligen Absperrschieber gew\u00e4hlt werden.<\/li>\r\n \t<li>Bei den gro\u00dfen Absperrklappen von ZECO kann zwischen einem doppelt versetzten Metallsitz und einem abnehmbaren Ventil gew\u00e4hlt werden.<\/li>\r\n<\/ol>\r\n\r\n\r\n\r\n<h2 class=\"wp-block-heading\">Details zum zentrischen Absperrventil<\/h2>\r\n\r\n\r\n\r\n<figure class=\"wp-block-table\">\r\n<table>\r\n<tbody>\r\n<tr>\r\n<th>Modell<\/th>\r\n<td>Sitztyp mit Gummi, Sitztyp mit Teflon, Sitztyp mit Metall, D\u00e4mpfer und andere<\/td>\r\n<\/tr>\r\n<tr>\r\n<th>Material<\/th>\r\n<td>Gusseisen, Sph\u00e4roguss, Kohlenstoffstahl, Edelstahl, Aluminiumbronze und andere<\/td>\r\n<\/tr>\r\n<tr>\r\n<th>Druckklasse<\/th>\r\n<td>JIS10K-20K, ANSI150Lb-300Lb<\/td>\r\n<\/tr>\r\n<tr>\r\n<th>Endverbindung<\/th>\r\n<td>Wafertyp, \u00d6sentyp, Flanschtyp<\/td>\r\n<\/tr>\r\n<tr>\r\n<th>Betrieb<\/th>\r\n<td>Manuell, pneumatisch, hydraulisch, Elektromotor<\/td>\r\n<\/tr>\r\n<tr>\r\n<th>Gr\u00f6\u00dfe<\/th>\r\n<td>1-1\/2\u2033(40 mm)-96\u2033(2400 mm)<\/td>\r\n<\/tr>\r\n<\/tbody>\r\n<\/table>\r\n<\/figure>\r\n\r\n\r\n\r\n<h2 class=\"wp-block-heading\">Details zum Absperrventil mit Exzenter<\/h2>\r\n\r\n\r\n\r\n<figure class=\"wp-block-table\">\r\n<table>\r\n<tbody>\r\n<tr>\r\n<th>Modell<\/th>\r\n<td>Teflon-Sitztyp, Metall-Sitztyp, Laminat-Sitztyp und andere<\/td>\r\n<\/tr>\r\n<tr>\r\n<th>Material<\/th>\r\n<td>Kohlenstoffstahl, Edelstahl und andere<\/td>\r\n<\/tr>\r\n<tr>\r\n<th>Druckklasse<\/th>\r\n<td>JIS10K-20K, ANSI150Lb-900Lb<\/td>\r\n<\/tr>\r\n<tr>\r\n<th>Endverbindung<\/th>\r\n<td>Wafertyp, \u00d6sentyp, Flanschtyp<\/td>\r\n<\/tr>\r\n<tr>\r\n<th>Betrieb<\/th>\r\n<td>Manuell, pneumatisch, hydraulisch, Elektromotor<\/td>\r\n<\/tr>\r\n<tr>\r\n<th>Gr\u00f6\u00dfe<\/th>\r\n<td>2\u2033(50 mm) \u2013 96\u2033(2400 mm)<\/td>\r\n<\/tr>\r\n<\/tbody>\r\n<\/table>\r\n<\/figure>","protected":false},"excerpt":{"rendered":"<p>Was ist ein Absperrventil? Absperrventile sind Ventile mit Vierteldrehung, die in Rohrleitungen zum Stoppen, Regeln und Starten des Durchflusses verwendet werden. Absperrventile, \u2026 <a title=\"Gro\u00dfes Absperrventil\" class=\"read-more\" href=\"https:\/\/zecovalve.com\/de\/produkt\/96-inch-butterfly-valve\" aria-label=\"Mehr zu Gro\u00dfes Absperrventil\">Weiterlesen ...<\/a><\/p>","protected":false},"featured_media":27106,"comment_status":"closed","ping_status":"closed","template":"","meta":{"_generate-full-width-content":"","kt_blocks_editor_width":""},"product_cat":[2044,2470],"product_tag":[],"class_list":["post-16388","product","type-product","status-publish","has-post-thumbnail","hentry","product_cat-butterfly-valve","product_cat-butterfly-valve-by-inch","sales-flash-overlay","woocommerce-text-align-center","woocommerce-image-align-center","do-quantity-buttons"],"featured_image_src_large":["https:\/\/zecovalve.com\/wp-content\/uploads\/2022\/09\/96-inch-Butterfly-Valve-2-1024x768.jpg",1024,768,true],"author_info":[],"comment_info":0,"taxonomy_info":{"product_cat":[{"value":2044,"label":"Butterfly Valve"},{"value":2470,"label":"Butterfly Valve By Inch"}]},"yoast_head":"<!-- This site is optimized with the Yoast SEO Premium plugin v15.4 - https:\/\/yoast.com\/wordpress\/plugins\/seo\/ -->\n<title>Large Butterfly Valve For Sale - Big Size Butterfly Valve Cost | ZECO Valve<\/title>\n<meta name=\"robots\" content=\"index, follow, max-snippet:-1, max-image-preview:large, max-video-preview:-1\" \/>\n<link rel=\"canonical\" href=\"https:\/\/zecovalve.com\/de\/produkt\/96-inch-butterfly-valve\" \/>\n<meta property=\"og:locale\" content=\"de_DE\" \/>\n<meta property=\"og:type\" content=\"article\" \/>\n<meta property=\"og:title\" content=\"Large Butterfly Valve For Sale - Big Size Butterfly Valve Cost | ZECO Valve\" \/>\n<meta property=\"og:description\" content=\"What is Butterfly Valve? Butterfly valves are quarter-turn rotational motion valves used in pipelines to stop, regulate and start flow. Butterfly valves, ... Weiterlesen ...\" \/>\n<meta property=\"og:url\" content=\"https:\/\/zecovalve.com\/de\/produkt\/96-inch-butterfly-valve\" \/>\n<meta property=\"og:site_name\" content=\"ZECO Valve\" \/>\n<meta property=\"article:modified_time\" content=\"2022-09-10T08:34:43+00:00\" \/>\n<meta property=\"og:image\" content=\"https:\/\/zecovalve.com\/wp-content\/uploads\/2022\/09\/96-inch-Butterfly-Valve-2.jpg\" \/>\n\t<meta property=\"og:image:width\" content=\"1440\" \/>\n\t<meta property=\"og:image:height\" content=\"1080\" \/>\n<meta name=\"twitter:card\" content=\"summary_large_image\" \/>\n<meta name=\"twitter:label1\" content=\"Verfasst von\">\n\t<meta name=\"twitter:data1\" content=\"Jerry\">\n\t<meta name=\"twitter:label2\" content=\"Gesch\u00e4tzte Lesezeit\">\n\t<meta name=\"twitter:data2\" content=\"3\u00a0Minuten\">\n<script type=\"application\/ld+json\" class=\"yoast-schema-graph\">{\"@context\":\"https:\/\/schema.org\",\"@graph\":[{\"@type\":\"WebSite\",\"@id\":\"https:\/\/zecovalve.com\/#website\",\"url\":\"https:\/\/zecovalve.com\/\",\"name\":\"ZECO Valve\",\"description\":\"Industrial Ball Valve, Gate Valve and Globe Valve Manufacturer\",\"potentialAction\":[{\"@type\":\"SearchAction\",\"target\":\"https:\/\/zecovalve.com\/?s={search_term_string}\",\"query-input\":\"required name=search_term_string\"}],\"inLanguage\":\"de\"},{\"@type\":\"ImageObject\",\"@id\":\"https:\/\/zecovalve.com\/product\/96-inch-butterfly-valve#primaryimage\",\"inLanguage\":\"de\",\"url\":\"https:\/\/zecovalve.com\/wp-content\/uploads\/2022\/09\/96-inch-Butterfly-Valve-2.jpg\",\"width\":1440,\"height\":1080},{\"@type\":\"WebPage\",\"@id\":\"https:\/\/zecovalve.com\/product\/96-inch-butterfly-valve#webpage\",\"url\":\"https:\/\/zecovalve.com\/product\/96-inch-butterfly-valve\",\"name\":\"Large Butterfly Valve For Sale - Big Size Butterfly Valve Cost | ZECO Valve\",\"isPartOf\":{\"@id\":\"https:\/\/zecovalve.com\/#website\"},\"primaryImageOfPage\":{\"@id\":\"https:\/\/zecovalve.com\/product\/96-inch-butterfly-valve#primaryimage\"},\"datePublished\":\"2022-06-21T03:50:16+00:00\",\"dateModified\":\"2022-09-10T08:34:43+00:00\",\"breadcrumb\":{\"@id\":\"https:\/\/zecovalve.com\/product\/96-inch-butterfly-valve#breadcrumb\"},\"inLanguage\":\"de\",\"potentialAction\":[{\"@type\":\"ReadAction\",\"target\":[\"https:\/\/zecovalve.com\/product\/96-inch-butterfly-valve\"]}]},{\"@type\":\"BreadcrumbList\",\"@id\":\"https:\/\/zecovalve.com\/product\/96-inch-butterfly-valve#breadcrumb\",\"itemListElement\":[{\"@type\":\"ListItem\",\"position\":1,\"item\":{\"@type\":\"WebPage\",\"@id\":\"https:\/\/zecovalve.com\/\",\"url\":\"https:\/\/zecovalve.com\/\",\"name\":\"Home\"}},{\"@type\":\"ListItem\",\"position\":2,\"item\":{\"@type\":\"WebPage\",\"@id\":\"https:\/\/zecovalve.com\/product-category\",\"url\":\"https:\/\/zecovalve.com\/product-category\",\"name\":\"Industrial Valve Manufacturer | Water Valve Manufacturer\"}},{\"@type\":\"ListItem\",\"position\":3,\"item\":{\"@type\":\"WebPage\",\"@id\":\"https:\/\/zecovalve.com\/product\/96-inch-butterfly-valve\",\"url\":\"https:\/\/zecovalve.com\/product\/96-inch-butterfly-valve\",\"name\":\"Large Butterfly Valve\"}}]}]}<\/script>\n<!-- \/ Yoast SEO Premium plugin. -->","_links":{"self":[{"href":"https:\/\/zecovalve.com\/de\/wp-json\/wp\/v2\/product\/16388","targetHints":{"allow":["GET"]}}],"collection":[{"href":"https:\/\/zecovalve.com\/de\/wp-json\/wp\/v2\/product"}],"about":[{"href":"https:\/\/zecovalve.com\/de\/wp-json\/wp\/v2\/types\/product"}],"replies":[{"embeddable":true,"href":"https:\/\/zecovalve.com\/de\/wp-json\/wp\/v2\/comments?post=16388"}],"wp:featuredmedia":[{"embeddable":true,"href":"https:\/\/zecovalve.com\/de\/wp-json\/wp\/v2\/media\/27106"}],"wp:attachment":[{"href":"https:\/\/zecovalve.com\/de\/wp-json\/wp\/v2\/media?parent=16388"}],"wp:term":[{"taxonomy":"product_cat","embeddable":true,"href":"https:\/\/zecovalve.com\/de\/wp-json\/wp\/v2\/product_cat?post=16388"},{"taxonomy":"product_tag","embeddable":true,"href":"https:\/\/zecovalve.com\/de\/wp-json\/wp\/v2\/product_tag?post=16388"}],"curies":[{"name":"wp","href":"https:\/\/api.w.org\/{rel}","templated":true}]}}