{"id":16391,"date":"2022-06-21T03:52:37","date_gmt":"2022-06-21T03:52:37","guid":{"rendered":"https:\/\/zecovalve.com\/?post_type=product&#038;p=16391"},"modified":"2023-06-07T07:05:33","modified_gmt":"2023-06-07T07:05:33","slug":"4-inch-ball-valve","status":"publish","type":"product","link":"https:\/\/zecovalve.com\/de\/produkt\/4-inch-ball-valve","title":{"rendered":"4 Zoll Kugelhahn"},"content":{"rendered":"<p>Eine gro\u00dfe Auswahl an ZECO-Kugelh\u00e4hnen ist in den Materialien Bronze, Messing, bleifrei*, Kohlenstoffstahl oder Edelstahl erh\u00e4ltlich. W\u00e4hlen Sie den richtigen Kugelhahn aus einteiligem, zweiteiligem, dreiteiligem, Volldurchgang oder konventionellem Durchgang. Eine Reihe von Verkleidungsmaterialien ist verf\u00fcgbar.<\/p>\r\n\r\n\r\n\r\n<figure class=\"wp-block-image size-large is-resized\"><img loading=\"lazy\" decoding=\"async\" class=\"wp-image-27052\" src=\"https:\/\/zecovalve.com\/wp-content\/uploads\/2022\/08\/4-inch-ball-valve-1024x768.jpg\" alt=\"\" width=\"512\" height=\"384\" srcset=\"https:\/\/zecovalve.com\/wp-content\/uploads\/2022\/08\/4-inch-ball-valve-1024x768.jpg 1024w, https:\/\/zecovalve.com\/wp-content\/uploads\/2022\/08\/4-inch-ball-valve-300x225.jpg 300w, https:\/\/zecovalve.com\/wp-content\/uploads\/2022\/08\/4-inch-ball-valve-768x576.jpg 768w, https:\/\/zecovalve.com\/wp-content\/uploads\/2022\/08\/4-inch-ball-valve-600x450.jpg 600w, https:\/\/zecovalve.com\/wp-content\/uploads\/2022\/08\/4-inch-ball-valve.jpg 1440w\" sizes=\"auto, (max-width: 512px) 100vw, 512px\" \/><\/figure>\r\n\r\n\r\n\r\n\r\n<div class=\"gb-button-wrapper gb-button-wrapper-6d8495a3\">\r\n\r\n\r\n<p><a class=\"gb-button gb-button-3d442e11 gb-button-text\" href=\"mailto:commercial@zecovalve.com\" target=\"_blank\" rel=\"noopener noreferrer\"><strong>ERHALTEN SIE DEN PREIS F\u00dcR 4-ZOLL-KUGELHAHN<\/strong><\/a><\/p>\r\n<\/div>\r\n\r\n\r\n<h2 class=\"wp-block-heading\">Was ist ein 4-Zoll-Kugelhahn?<\/h2>\r\n\r\n\r\n\r\n<p>Ein 4-Zoll-Kugelhahn ist ein Ein-\/Aus-Ger\u00e4t mit Vierteldrehung. Eine schwenkbare Kugel in der Mitte des Hahns steuert den Durchfluss von Fl\u00fcssigkeiten oder Gasen.<\/p>\r\n\r\n\r\n\r\n<p>Die schwenkbare Kugel wird als Drehkugel bezeichnet und ist in der Mitte mit einem Loch (einer Bohrung) versehen. Eine Spindel an der Oberseite der Kugel dreht die Kugel, um das Ventil zu \u00f6ffnen oder zu schlie\u00dfen. Die Spindel kann mit manuellen Hebeln oder automatisch gedreht werden.<\/p>\r\n\r\n\r\n\r\n<p>ZECO 4-Zoll-Kugelh\u00e4hne sind auch das am h\u00e4ufigsten verwendete Chargenprodukt, bei dem es sich haupts\u00e4chlich um schwimmende Kugelh\u00e4hne handelt. Gelegentlich k\u00f6nnen aufgrund besonderer Arbeitsbedingungen feste Kugelh\u00e4hne verwendet werden. ZECO und das National Pump and Valve Testing Center sind langfristige strategische Partner. ZECO sendet jedes Jahr Produktproben f\u00fcr den Routinegebrauch an das Testzentrum, um zu pr\u00fcfen, ob sich die Produkte aufgrund m\u00f6glicher \u00c4nderungen im langfristigen Produktionsprozess ver\u00e4ndert haben.<\/p>\r\n\r\n\r\n\r\n<h2 class=\"wp-block-heading\">Abmessungen und Gewicht des 4-Zoll-Kugelhahns<\/h2>\r\n\r\n\r\n\r\n<table border=\"=1\" width=\"800\">\r\n<tbody>\r\n<tr>\r\n<td rowspan=\"2\">Druckstufe<\/td>\r\n<td style=\"text-align: center;\">Bohrung<\/td>\r\n<td style=\"text-align: center;\" colspan=\"3\">\u00a0Abmessung von Fl\u00e4che zu Fl\u00e4che (in mm)<\/td>\r\n<td style=\"text-align: center;\">Gewicht<\/td>\r\n<\/tr>\r\n<tr>\r\n<td style=\"text-align: center;\">(in mm)<\/td>\r\n<td style=\"text-align: center;\">RF<\/td>\r\n<td style=\"text-align: center;\">BW<\/td>\r\n<td style=\"text-align: center;\">RTJ<\/td>\r\n<td style=\"text-align: center;\">kg<\/td>\r\n<\/tr>\r\n<tr>\r\n<td>KLASSE 150<\/td>\r\n<td style=\"text-align: center;\">100<\/td>\r\n<td style=\"text-align: center;\">229<\/td>\r\n<td style=\"text-align: center;\">305<\/td>\r\n<td style=\"text-align: center;\">241<\/td>\r\n<td style=\"text-align: center;\">35<\/td>\r\n<\/tr>\r\n<tr>\r\n<td>KLASSE 300<\/td>\r\n<td style=\"text-align: center;\">100<\/td>\r\n<td style=\"text-align: center;\">305<\/td>\r\n<td style=\"text-align: center;\">305<\/td>\r\n<td style=\"text-align: center;\">321<\/td>\r\n<td style=\"text-align: center;\">55<\/td>\r\n<\/tr>\r\n<tr>\r\n<td>KLASSE 600<\/td>\r\n<td style=\"text-align: center;\">100<\/td>\r\n<td style=\"text-align: center;\">432<\/td>\r\n<td style=\"text-align: center;\">432<\/td>\r\n<td style=\"text-align: center;\">435<\/td>\r\n<td style=\"text-align: center;\">102<\/td>\r\n<\/tr>\r\n<tr>\r\n<td>KLASSE 900<\/td>\r\n<td style=\"text-align: center;\">100<\/td>\r\n<td style=\"text-align: center;\">457<\/td>\r\n<td style=\"text-align: center;\">457<\/td>\r\n<td style=\"text-align: center;\">460<\/td>\r\n<td style=\"text-align: center;\">146<\/td>\r\n<\/tr>\r\n<tr>\r\n<td>KLASSE 1500<\/td>\r\n<td style=\"text-align: center;\">100<\/td>\r\n<td style=\"text-align: center;\">546<\/td>\r\n<td style=\"text-align: center;\">546<\/td>\r\n<td style=\"text-align: center;\">549<\/td>\r\n<td style=\"text-align: center;\">216<\/td>\r\n<\/tr>\r\n<tr>\r\n<td>KLASSE 2500<\/td>\r\n<td style=\"text-align: center;\">87<\/td>\r\n<td style=\"text-align: center;\">673<\/td>\r\n<td style=\"text-align: center;\">673<\/td>\r\n<td style=\"text-align: center;\">683<\/td>\r\n<td style=\"text-align: center;\">263<\/td>\r\n<\/tr>\r\n<\/tbody>\r\n<\/table>\r\n\r\n\r\n\r\n<h2 class=\"wp-block-heading\">Wie funktioniert ein 4-Zoll-Kugelhahn?<\/h2>\r\n\r\n\r\n\r\n<p>Ein 4-Zoll-Kugelhahn ist ein Absperrventil, das den Durchfluss einer Fl\u00fcssigkeit oder eines Gases mithilfe einer drehbaren Kugel mit Bohrung steuert. Durch Drehen der Kugel um eine Vierteldrehung (90 Grad) um ihre Achse kann das Medium durchflie\u00dfen oder wird blockiert.<\/p>\r\n\r\n\r\n\r\n<h2 class=\"wp-block-heading\">Merkmale des 4-Zoll-Kugelhahns<\/h2>\r\n\r\n\r\n\r\n<ul class=\"wp-block-list\">\r\n<li>1. Der 4-Zoll-Kugelhahn von ZECO ist mit einer automatischen Druckentlastungsstruktur ausgestattet. Wenn die Druck- oder Temperatur\u00e4nderung in der Rohrleitung einen abnormalen Druckanstieg im Ventilk\u00f6rper verursacht, \u00f6ffnet das Medium den Dichtungsring durch den \u00dcberdruck zur automatischen Druckentlastung, um die Sicherheit des Ventils und der Rohrleitung zu gew\u00e4hrleisten.<\/li>\r\n<li>2. Der 4-Zoll-Kugelhahn von ZECO verf\u00fcgt \u00fcber ein zuverl\u00e4ssiges Sitzdesign bei niedrigem Druck. In Leitungen mit sehr niedrigem Druck kann die Abdichtung je nach Sitz selbst nicht garantiert werden, es kann zu kleinen Leckagen kommen. Daher hat ZECO die Ventilsitzdichtungsform so konzipiert, dass sie von der Blattfeder belastet wird. Bei niedrigem Druck dr\u00fcckt der Druck der Blattfeder den Ventilsitz nahe an die Kugel, was die zuverl\u00e4ssige Abdichtung und die Dichtleistung des Kugelhahns bei langfristigem Gebrauch gew\u00e4hrleistet;<\/li>\r\n<li>3. Der 4-Zoll-Kugelhahn von ZECO verf\u00fcgt \u00fcber ein zuverl\u00e4ssiges Dichtungsdesign bei hohen Temperaturen. Bei der Dichtung von Mittel- und Hochtemperaturstrukturen kann ZECO Para-Polystyrol als Dichtungsmaterial bei Temperaturen von 300 \u00b0C verwenden, und f\u00fcr h\u00f6here Temperaturen wurde eine Metalldichtungskombination aus hochtemperaturbest\u00e4ndigem Material verwendet.<\/li>\r\n<li>4. Der 4-Zoll-Kugelhahn von ZECO verf\u00fcgt au\u00dferdem \u00fcber eine Brandschutzstruktur, einen ausblassicheren Schaft und eine antistatische Struktur nach internationalem Standard.<\/li>\r\n<\/ul>\r\n\r\n\r\n\r\n<h2 class=\"wp-block-heading\">Material des 4\u2033 Kugelhahns<\/h2>\r\n\r\n\r\n\r\n<figure class=\"wp-block-table\">\r\n<table>\r\n<tbody>\r\n<tr>\r\n<td>Nein<\/td>\r\n<td>Teil<\/td>\r\n<td>Material<\/td>\r\n<\/tr>\r\n<tr>\r\n<td>1<\/td>\r\n<td>K\u00f6rper<\/td>\r\n<td>ASTM A105<\/td>\r\n<\/tr>\r\n<tr>\r\n<td>2<\/td>\r\n<td>Motorhaube<\/td>\r\n<td>ASTM A105<\/td>\r\n<\/tr>\r\n<tr>\r\n<td>3<\/td>\r\n<td>Kugel<\/td>\r\n<td>ASTM A182 F304<\/td>\r\n<\/tr>\r\n<tr>\r\n<td>4<\/td>\r\n<td>Sitz<\/td>\r\n<td>ASTM A182 F304<\/td>\r\n<\/tr>\r\n<tr>\r\n<td>5<\/td>\r\n<td>Vorbau<\/td>\r\n<td>ASTM A276 304<\/td>\r\n<\/tr>\r\n<tr>\r\n<td>6<\/td>\r\n<td>Antistatische Vorrichtung<\/td>\r\n<td>SS304<\/td>\r\n<\/tr>\r\n<tr>\r\n<td>7<\/td>\r\n<td>Dichtung<\/td>\r\n<td>Graphit + SS304<\/td>\r\n<\/tr>\r\n<tr>\r\n<td>8<\/td>\r\n<td>Schraube<\/td>\r\n<td>ASTM A193 B7<\/td>\r\n<\/tr>\r\n<tr>\r\n<td>9<\/td>\r\n<td>Nuss<\/td>\r\n<td>ASTM A194 2H<\/td>\r\n<\/tr>\r\n<tr>\r\n<td>10<\/td>\r\n<td>O-Ring<\/td>\r\n<td>Viton A<\/td>\r\n<\/tr>\r\n<tr>\r\n<td>11<\/td>\r\n<td>Hebel<\/td>\r\n<td>ASTM A216 WCB<\/td>\r\n<\/tr>\r\n<\/tbody>\r\n<\/table>\r\n<\/figure>\r\n\r\n\r\n\r\n<h2 class=\"wp-block-heading\">4 Zoll Kugelhahn Preis<\/h2>\r\n\r\n\r\n\r\n<p>ZECO Valve ist ein professioneller 4-Zoll-Kugelhahnhersteller in China, zugelassen nach API 6D, API 607-Zertifikat. Wir k\u00f6nnen einen wettbewerbsf\u00e4higen Preis f\u00fcr 4-Zoll-Kugelh\u00e4hne anbieten. Bei Fragen kontaktieren Sie uns bitte.<\/p>","protected":false},"excerpt":{"rendered":"<p>Eine gro\u00dfe Auswahl an ZECO-Kugelh\u00e4hnen ist in den Materialien Bronze, Messing, bleifrei*, Kohlenstoffstahl oder Edelstahl erh\u00e4ltlich. W\u00e4hlen Sie das richtige \u2026 <a title=\"4 Zoll Kugelhahn\" class=\"read-more\" href=\"https:\/\/zecovalve.com\/de\/produkt\/4-inch-ball-valve\" aria-label=\"Mehr zu 4 Zoll Kugelhahn\">Weiterlesen ...<\/a><\/p>","protected":false},"featured_media":27858,"comment_status":"closed","ping_status":"closed","template":"","meta":{"_generate-full-width-content":"","kt_blocks_editor_width":""},"product_cat":[2047,2462],"product_tag":[2802,3913],"class_list":["post-16391","product","type-product","status-publish","has-post-thumbnail","hentry","product_cat-ball-valve","product_cat-ball-valve-by-size","product_tag-ball-valve-price","product_tag-full-port-ball-valve","sales-flash-overlay","woocommerce-text-align-center","woocommerce-image-align-center","do-quantity-buttons"],"featured_image_src_large":["https:\/\/zecovalve.com\/wp-content\/uploads\/2022\/06\/4-inch-Ball-Valve-1.jpg",800,600,false],"author_info":[],"comment_info":0,"taxonomy_info":{"product_cat":[{"value":2047,"label":"Ball Valve"},{"value":2462,"label":"Ball Valve By Size"}],"product_tag":[{"value":2802,"label":"Ball Valve Price"},{"value":3913,"label":"Full Port Ball Valve"}]},"yoast_head":"<!-- This site is optimized with the Yoast SEO Premium plugin v15.4 - https:\/\/yoast.com\/wordpress\/plugins\/seo\/ -->\n<title>Ball Valve 4 Inch - Competitive 4 Inch Ball Valve Price - 4&quot; Ball Valve Manufacturer | ZECO<\/title>\n<meta name=\"robots\" content=\"index, follow, max-snippet:-1, max-image-preview:large, max-video-preview:-1\" \/>\n<link rel=\"canonical\" href=\"https:\/\/zecovalve.com\/de\/produkt\/4-inch-ball-valve\" \/>\n<meta property=\"og:locale\" content=\"de_DE\" \/>\n<meta property=\"og:type\" content=\"article\" \/>\n<meta property=\"og:title\" content=\"Ball Valve 4 Inch - Competitive 4 Inch Ball Valve Price - 4&quot; Ball Valve Manufacturer | ZECO\" \/>\n<meta property=\"og:description\" content=\"A wide selection of ZECO ball valves is available in bronze, brass, lead-free*, carbon steel, or stainless steel materials. Select the right ... Weiterlesen ...\" \/>\n<meta property=\"og:url\" content=\"https:\/\/zecovalve.com\/de\/produkt\/4-inch-ball-valve\" \/>\n<meta property=\"og:site_name\" content=\"ZECO Valve\" \/>\n<meta property=\"article:modified_time\" content=\"2023-06-07T07:05:33+00:00\" \/>\n<meta property=\"og:image\" content=\"https:\/\/zecovalve.com\/wp-content\/uploads\/2022\/06\/4-inch-Ball-Valve-1.jpg\" \/>\n\t<meta property=\"og:image:width\" content=\"800\" \/>\n\t<meta property=\"og:image:height\" content=\"600\" \/>\n<meta name=\"twitter:card\" content=\"summary_large_image\" \/>\n<meta name=\"twitter:label1\" content=\"Verfasst von\">\n\t<meta name=\"twitter:data1\" content=\"Jerry\">\n\t<meta name=\"twitter:label2\" content=\"Gesch\u00e4tzte Lesezeit\">\n\t<meta name=\"twitter:data2\" content=\"2\u00a0Minuten\">\n<script type=\"application\/ld+json\" class=\"yoast-schema-graph\">{\"@context\":\"https:\/\/schema.org\",\"@graph\":[{\"@type\":\"WebSite\",\"@id\":\"https:\/\/zecovalve.com\/#website\",\"url\":\"https:\/\/zecovalve.com\/\",\"name\":\"ZECO Valve\",\"description\":\"Industrial Ball Valve, Gate Valve and Globe Valve Manufacturer\",\"potentialAction\":[{\"@type\":\"SearchAction\",\"target\":\"https:\/\/zecovalve.com\/?s={search_term_string}\",\"query-input\":\"required name=search_term_string\"}],\"inLanguage\":\"de\"},{\"@type\":\"ImageObject\",\"@id\":\"https:\/\/zecovalve.com\/product\/4-inch-ball-valve#primaryimage\",\"inLanguage\":\"de\",\"url\":\"https:\/\/zecovalve.com\/wp-content\/uploads\/2022\/06\/4-inch-Ball-Valve-1.jpg\",\"width\":800,\"height\":600,\"caption\":\"4 inch Ball Valve\"},{\"@type\":\"WebPage\",\"@id\":\"https:\/\/zecovalve.com\/product\/4-inch-ball-valve#webpage\",\"url\":\"https:\/\/zecovalve.com\/product\/4-inch-ball-valve\",\"name\":\"Ball Valve 4 Inch - Competitive 4 Inch Ball Valve Price - 4\\\" Ball Valve Manufacturer | ZECO\",\"isPartOf\":{\"@id\":\"https:\/\/zecovalve.com\/#website\"},\"primaryImageOfPage\":{\"@id\":\"https:\/\/zecovalve.com\/product\/4-inch-ball-valve#primaryimage\"},\"datePublished\":\"2022-06-21T03:52:37+00:00\",\"dateModified\":\"2023-06-07T07:05:33+00:00\",\"breadcrumb\":{\"@id\":\"https:\/\/zecovalve.com\/product\/4-inch-ball-valve#breadcrumb\"},\"inLanguage\":\"de\",\"potentialAction\":[{\"@type\":\"ReadAction\",\"target\":[\"https:\/\/zecovalve.com\/product\/4-inch-ball-valve\"]}]},{\"@type\":\"BreadcrumbList\",\"@id\":\"https:\/\/zecovalve.com\/product\/4-inch-ball-valve#breadcrumb\",\"itemListElement\":[{\"@type\":\"ListItem\",\"position\":1,\"item\":{\"@type\":\"WebPage\",\"@id\":\"https:\/\/zecovalve.com\/\",\"url\":\"https:\/\/zecovalve.com\/\",\"name\":\"Home\"}},{\"@type\":\"ListItem\",\"position\":2,\"item\":{\"@type\":\"WebPage\",\"@id\":\"https:\/\/zecovalve.com\/product-category\",\"url\":\"https:\/\/zecovalve.com\/product-category\",\"name\":\"Industrial Valve Manufacturer | Water Valve Manufacturer\"}},{\"@type\":\"ListItem\",\"position\":3,\"item\":{\"@type\":\"WebPage\",\"@id\":\"https:\/\/zecovalve.com\/product\/4-inch-ball-valve\",\"url\":\"https:\/\/zecovalve.com\/product\/4-inch-ball-valve\",\"name\":\"4 inch Ball Valve\"}}]}]}<\/script>\n<!-- \/ Yoast SEO Premium plugin. -->","_links":{"self":[{"href":"https:\/\/zecovalve.com\/de\/wp-json\/wp\/v2\/product\/16391","targetHints":{"allow":["GET"]}}],"collection":[{"href":"https:\/\/zecovalve.com\/de\/wp-json\/wp\/v2\/product"}],"about":[{"href":"https:\/\/zecovalve.com\/de\/wp-json\/wp\/v2\/types\/product"}],"replies":[{"embeddable":true,"href":"https:\/\/zecovalve.com\/de\/wp-json\/wp\/v2\/comments?post=16391"}],"wp:featuredmedia":[{"embeddable":true,"href":"https:\/\/zecovalve.com\/de\/wp-json\/wp\/v2\/media\/27858"}],"wp:attachment":[{"href":"https:\/\/zecovalve.com\/de\/wp-json\/wp\/v2\/media?parent=16391"}],"wp:term":[{"taxonomy":"product_cat","embeddable":true,"href":"https:\/\/zecovalve.com\/de\/wp-json\/wp\/v2\/product_cat?post=16391"},{"taxonomy":"product_tag","embeddable":true,"href":"https:\/\/zecovalve.com\/de\/wp-json\/wp\/v2\/product_tag?post=16391"}],"curies":[{"name":"wp","href":"https:\/\/api.w.org\/{rel}","templated":true}]}}