{"id":16395,"date":"2022-06-21T04:07:01","date_gmt":"2022-06-21T04:07:01","guid":{"rendered":"https:\/\/zecovalve.com\/?post_type=product&#038;p=16395"},"modified":"2023-06-15T12:52:54","modified_gmt":"2023-06-15T12:52:54","slug":"2-inch-gate-valve","status":"publish","type":"product","link":"https:\/\/zecovalve.com\/de\/produkt\/2-inch-gate-valve","title":{"rendered":"2 Zoll Schieberventil"},"content":{"rendered":"<p>2-Zoll-Schieber sind Mehrzweck-Zweiwege-Absperrventile f\u00fcr gewerbliche und industrielle Anwendungen.<\/p>\r\n\r\n\r\n\r\n<div class=\"wp-block-columns is-layout-flex wp-container-core-columns-is-layout-9d6595d7 wp-block-columns-is-layout-flex\">\r\n<div class=\"wp-block-column is-layout-flow wp-block-column-is-layout-flow\">\r\n<figure class=\"wp-block-image size-full is-resized\"><img loading=\"lazy\" decoding=\"async\" class=\"wp-image-16182\" src=\"https:\/\/zecovalve.com\/wp-content\/uploads\/2022\/06\/carbon-steel-gate-valve.jpg\" alt=\"Absperrschieber aus Kohlenstoffstahl\" width=\"400\" height=\"300\" srcset=\"https:\/\/zecovalve.com\/wp-content\/uploads\/2022\/06\/carbon-steel-gate-valve.jpg 800w, https:\/\/zecovalve.com\/wp-content\/uploads\/2022\/06\/carbon-steel-gate-valve-300x225.jpg 300w, https:\/\/zecovalve.com\/wp-content\/uploads\/2022\/06\/carbon-steel-gate-valve-768x576.jpg 768w, https:\/\/zecovalve.com\/wp-content\/uploads\/2022\/06\/carbon-steel-gate-valve-600x450.jpg 600w\" sizes=\"auto, (max-width: 400px) 100vw, 400px\" \/><\/figure>\r\n<\/div>\r\n\r\n\r\n\r\n<div class=\"wp-block-column is-layout-flow wp-block-column-is-layout-flow\">\r\n<figure class=\"wp-block-image size-full is-resized\"><img loading=\"lazy\" decoding=\"async\" class=\"wp-image-16295\" src=\"https:\/\/zecovalve.com\/wp-content\/uploads\/2022\/06\/forged-gate-valve.jpg\" alt=\"geschmiedetes Schieberventil\" width=\"400\" height=\"300\" srcset=\"https:\/\/zecovalve.com\/wp-content\/uploads\/2022\/06\/forged-gate-valve.jpg 800w, https:\/\/zecovalve.com\/wp-content\/uploads\/2022\/06\/forged-gate-valve-300x225.jpg 300w, https:\/\/zecovalve.com\/wp-content\/uploads\/2022\/06\/forged-gate-valve-768x576.jpg 768w, https:\/\/zecovalve.com\/wp-content\/uploads\/2022\/06\/forged-gate-valve-600x450.jpg 600w\" sizes=\"auto, (max-width: 400px) 100vw, 400px\" \/><\/figure>\r\n<\/div>\r\n<\/div>\r\n\r\n\r\n<div class=\"gb-button-wrapper gb-button-wrapper-6d8495a3\">\r\n\r\n\r\n<p><a class=\"gb-button gb-button-3d442e11 gb-button-text\" href=\"mailto:commercial@zecovalve.com\" target=\"_blank\" rel=\"noopener noreferrer\"><strong>ERHALTEN SIE DEN PREIS F\u00dcR 2-ZOLL-SCHIEBERVENTILE<\/strong><\/a><\/p>\r\n<\/div>\r\n\r\n\r\n<h2 class=\"wp-block-heading\">Was ist ein 2-Zoll-Schieber?<\/h2>\r\n\r\n\r\n\r\n<p>Das 2-Zoll-Schieberventil von ZECO ist durch die Konstruktion von Geh\u00e4use und Verschlussdeckel f\u00fcr eine maximale Verteilung der Spannung in alle Richtungen und minimale Turbulenzen und Str\u00f6mungswiderst\u00e4nde ausgelegt. Beim 2-Zoll-Schieberventil von ZECO kann zwischen einem geschmiedeten oder einem gegossenen Ventilk\u00f6rper gew\u00e4hlt werden, haupts\u00e4chlich entsprechend den spezifischen Anforderungen der Benutzer. 2 Zoll ist ein Ventil mit kleinem Kaliber. Das gesamte Team von ZECO hat hart daran gearbeitet, es als Handwerk zu verarbeiten, zusammenzubauen, zu testen und zu versenden. ZECO h\u00e4lt an dem Grundsatz fest, dass es, egal ob es sich um ein gro\u00dfes oder ein kleines Ventil handelt, die Produkte bis ins kleinste Detail genau und pr\u00e4zise behandelt und sie schlie\u00dflich an die Benutzer liefert, um die Benutzer zufriedenzustellen und einen stabilen und sicheren Betrieb f\u00fcr lange Zeit aufrechtzuerhalten.<\/p>\r\n\r\n\r\n\r\n<h2 class=\"wp-block-heading\" id=\"h-types-of-gate-valve-2-inch\">Arten von Schieberventilen 2 Zoll<\/h2>\r\n\r\n\r\n\r\n<ul class=\"wp-block-list\">\r\n<li>2-Zoll-Edelstahl-Schieber\r\n<ul>\r\n<li>Dank ihrer korrosionsbest\u00e4ndigen Konstruktion mit Aluminium-Handrad sowie nicht steigender Spindel, Haube, Geh\u00e4use und Keil aus Edelstahl 316 eignen sich diese Schieberventile ideal f\u00fcr Raffinerien, die Chemieindustrie und andere Prozessanwendungen.<\/li>\r\n<\/ul>\r\n<\/li>\r\n<li>2-Zoll-Messingschieber\r\n<ul>\r\n<li>Diese Hauptabsperrventile mit vollem Durchgang sind mit Radgriffen aus Gusseisen und Scheiben, Keilen, Spindeln und Einschraubdeckeln aus Messing ausgestattet und k\u00f6nnen in Wasser- und Druckluftanwendungen vollst\u00e4ndig ge\u00f6ffnet oder vollst\u00e4ndig geschlossen verwendet werden. Die nicht steigenden Spindeln k\u00f6nnen in begrenzten vertikalen R\u00e4umen verwendet werden.<\/li>\r\n<\/ul>\r\n<\/li>\r\n<li>2-Zoll-Caron-Stahlschieber\r\n<ul>\r\n<li>Ventile aus Gussstahl sind f\u00fcr Gas-, \u00d6l-, Dampf-, Wasser- und allgemeine Anwendungen geeignet. Die \u00e4u\u00dferen Ventilschaftgewinde verhindern eine Verunreinigung durch Durchflussmedien.<\/li>\r\n<\/ul>\r\n<\/li>\r\n<li>2-Zoll-Bronze-Schieber\r\n<ul>\r\n<li>Diese Volldurchgangsventile fungieren als positive Absperrung und k\u00f6nnen in Dampf-, Wasser- und Druckluftanwendungen vollst\u00e4ndig ge\u00f6ffnet oder vollst\u00e4ndig geschlossen verwendet werden.<\/li>\r\n<\/ul>\r\n<\/li>\r\n<\/ul>\r\n\r\n\r\n\r\n<h2 class=\"wp-block-heading\">Vorteile des 2-Zoll-Schieberventils<\/h2>\r\n\r\n\r\n\r\n<ul class=\"wp-block-list\">\r\n<li>Hohe Korrosions- und Schlagfestigkeit<\/li>\r\n<li>Flexibilit\u00e4t bei Durchflussschwankungen<\/li>\r\n<li>Einfache Wartung<\/li>\r\n<li>ZECO 2-Zoll-Schieber sind hochselektiv, Sie k\u00f6nnen zwischen geschmiedetem oder gegossenem Ventilk\u00f6rper w\u00e4hlen, vom ASTM A182-Standard \u00fcber ASTM A216-Standard bis ASTM A351-Standard, das ist ZECOs Produktionsbereich, Druckklassen k\u00f6nnen zwischen 150 lb und 1500 lb gew\u00e4hlt werden,<\/li>\r\n<li>Die Schaftverbindung zum Keil des ZECO 2-Zoll-Schiebers ist ein T-Kopf-Design, das (ohne Schwei\u00dfen) in den Schaft integriert ist. Die Genauigkeit der Abmessungen und Verarbeitung gew\u00e4hrleistet eine lange Lebensdauer mit perfekter Dichtheit im Packungsbereich, was zu geringeren fl\u00fcchtigen Emissionen f\u00fchrt;<\/li>\r\n<li>Die Schaftdichtung des 2-Zoll-Schiebers ZECO ist so konstruiert und angeordnet, dass w\u00e4hrend des Betriebs oder in dieser Position eine maximale Abdichtung entlang des Schafts gew\u00e4hrleistet ist, wodurch fl\u00fcchtige Emissionen st\u00e4rker reduziert werden k\u00f6nnen. Unsere Dichtungen sind ASBESTFREI;<\/li>\r\n<li>ZECO ist ein professioneller Hersteller von Schieberventilen. ZECO ist in der Lage, Endverbrauchern qualitativ hochwertige Produkte zu liefern.<\/li>\r\n<\/ul>\r\n\r\n\r\n\r\n<h2 class=\"wp-block-heading\">Abmessungen und Gewicht des 2-Zoll-Schiebers<\/h2>\r\n\r\n\r\n\r\n<table border=\"=1\" width=\"800\">\r\n<tbody>\r\n<tr>\r\n<td rowspan=\"2\">Druckstufe<\/td>\r\n<td style=\"text-align: center;\">Bohrung<\/td>\r\n<td style=\"text-align: center;\" colspan=\"3\">\u00a0Abmessung von Fl\u00e4che zu Fl\u00e4che (in mm)<\/td>\r\n<td style=\"text-align: center;\">Gewicht<\/td>\r\n<\/tr>\r\n<tr>\r\n<td style=\"text-align: center;\">(in mm)<\/td>\r\n<td style=\"text-align: center;\">RF<\/td>\r\n<td style=\"text-align: center;\">BW<\/td>\r\n<td style=\"text-align: center;\">RTJ<\/td>\r\n<td style=\"text-align: center;\">kg<\/td>\r\n<\/tr>\r\n<tr>\r\n<td>KLASSE 150<\/td>\r\n<td style=\"text-align: center;\">50<\/td>\r\n<td style=\"text-align: center;\">178<\/td>\r\n<td style=\"text-align: center;\">216<\/td>\r\n<td style=\"text-align: center;\">191<\/td>\r\n<td style=\"text-align: center;\">27<\/td>\r\n<\/tr>\r\n<tr>\r\n<td>KLASSE 300<\/td>\r\n<td style=\"text-align: center;\">50<\/td>\r\n<td style=\"text-align: center;\">216<\/td>\r\n<td style=\"text-align: center;\">216<\/td>\r\n<td style=\"text-align: center;\">232<\/td>\r\n<td style=\"text-align: center;\">32<\/td>\r\n<\/tr>\r\n<tr>\r\n<td>KLASSE 600<\/td>\r\n<td style=\"text-align: center;\">50<\/td>\r\n<td style=\"text-align: center;\">292<\/td>\r\n<td style=\"text-align: center;\">292<\/td>\r\n<td style=\"text-align: center;\">295<\/td>\r\n<td style=\"text-align: center;\">50<\/td>\r\n<\/tr>\r\n<tr>\r\n<td>KLASSE 900<\/td>\r\n<td style=\"text-align: center;\">47<\/td>\r\n<td style=\"text-align: center;\">368<\/td>\r\n<td style=\"text-align: center;\">368<\/td>\r\n<td style=\"text-align: center;\">371<\/td>\r\n<td style=\"text-align: center;\">116<\/td>\r\n<\/tr>\r\n<tr>\r\n<td>KLASSE 1500<\/td>\r\n<td style=\"text-align: center;\">47<\/td>\r\n<td style=\"text-align: center;\">368<\/td>\r\n<td style=\"text-align: center;\">368<\/td>\r\n<td style=\"text-align: center;\">371<\/td>\r\n<td style=\"text-align: center;\">116<\/td>\r\n<\/tr>\r\n<tr>\r\n<td>KLASSE 2500<\/td>\r\n<td style=\"text-align: center;\">38<\/td>\r\n<td style=\"text-align: center;\">451<\/td>\r\n<td style=\"text-align: center;\">451<\/td>\r\n<td style=\"text-align: center;\">454<\/td>\r\n<td style=\"text-align: center;\">156<\/td>\r\n<\/tr>\r\n<\/tbody>\r\n<\/table>\r\n\r\n\r\n\r\n<h2 class=\"wp-block-heading\">2-Zoll-Schieber Preis<\/h2>\r\n\r\n\r\n\r\n<p>ZECO Valve ist ein professioneller Hersteller von 2-Zoll-Schieberventilen. Bei Fragen kontaktieren Sie uns bitte. Wir k\u00f6nnen Ihnen einen wettbewerbsf\u00e4higen Preis f\u00fcr 2-Zoll-Schieberventile anbieten.<\/p>\r\n\r\n\r\n\r\n<h2 class=\"wp-block-heading\">Material des Absperrschiebers 2 Zoll<\/h2>\r\n\r\n\r\n\r\n<figure class=\"wp-block-table\">\r\n<table>\r\n<tbody>\r\n<tr>\r\n<td>Nein<\/td>\r\n<td>Teil<\/td>\r\n<td>Material<\/td>\r\n<\/tr>\r\n<tr>\r\n<td>1<\/td>\r\n<td>K\u00f6rper<\/td>\r\n<td>ASTM A217 WC6<\/td>\r\n<\/tr>\r\n<tr>\r\n<td>2<\/td>\r\n<td>Sitzring<\/td>\r\n<td>ASTM A182 F11 + STL<\/td>\r\n<\/tr>\r\n<tr>\r\n<td>3<\/td>\r\n<td>Keil<\/td>\r\n<td>ASTM A217 WC6 + STL<\/td>\r\n<\/tr>\r\n<tr>\r\n<td>4<\/td>\r\n<td>Vorbau<\/td>\r\n<td>ASTM A276 410<\/td>\r\n<\/tr>\r\n<tr>\r\n<td>5<\/td>\r\n<td>Dichtung der Motorhaube<\/td>\r\n<td>Graphit + SS316<\/td>\r\n<\/tr>\r\n<tr>\r\n<td>6<\/td>\r\n<td>Motorhaubenbolzen<\/td>\r\n<td>ASTM A193 B16<\/td>\r\n<\/tr>\r\n<tr>\r\n<td>7<\/td>\r\n<td>Haubenmutter<\/td>\r\n<td>ASTM A194 4<\/td>\r\n<\/tr>\r\n<tr>\r\n<td>8<\/td>\r\n<td>Motorhaube<\/td>\r\n<td>ASTM A217 WC6<\/td>\r\n<\/tr>\r\n<tr>\r\n<td>9<\/td>\r\n<td>R\u00fccksitz<\/td>\r\n<td>ASTM A182 F6a<\/td>\r\n<\/tr>\r\n<tr>\r\n<td>10<\/td>\r\n<td>Spindelpackung<\/td>\r\n<td>Verst\u00e4rkter Graphit<\/td>\r\n<\/tr>\r\n<tr>\r\n<td>11<\/td>\r\n<td>Handrad<\/td>\r\n<td>KTH330-08<\/td>\r\n<\/tr>\r\n<\/tbody>\r\n<\/table>\r\n<\/figure>","protected":false},"excerpt":{"rendered":"<p>2-Zoll-Schieber sind Mehrzweck-Zweiwege-Absperrventile f\u00fcr gewerbliche und industrielle Anwendungen. Was ist ein 2-Zoll-Schieber? ZECO \u2026 <a title=\"2 Zoll Schieberventil\" class=\"read-more\" href=\"https:\/\/zecovalve.com\/de\/produkt\/2-inch-gate-valve\" aria-label=\"Mehr zu 2 Zoll Schieberventil\">Weiterlesen ...<\/a><\/p>","protected":false},"featured_media":27888,"comment_status":"closed","ping_status":"closed","template":"","meta":{"_generate-full-width-content":"","kt_blocks_editor_width":""},"product_cat":[2052,2458],"product_tag":[],"class_list":["post-16395","product","type-product","status-publish","has-post-thumbnail","hentry","product_cat-gate-valve","product_cat-gate-valve-by-inch","sales-flash-overlay","woocommerce-text-align-center","woocommerce-image-align-center","do-quantity-buttons"],"featured_image_src_large":["https:\/\/zecovalve.com\/wp-content\/uploads\/2022\/06\/2-inch-Gate-Valve-1.jpg",800,600,false],"author_info":[],"comment_info":0,"taxonomy_info":{"product_cat":[{"value":2052,"label":"Gate Valve"},{"value":2458,"label":"Gate Valve By Inch"}]},"yoast_head":"<!-- This site is optimized with the Yoast SEO Premium plugin v15.4 - https:\/\/yoast.com\/wordpress\/plugins\/seo\/ -->\n<title>Gate Valve 2 Inch - Competitive 2 Inch Gate Valve Price | ZECO Valve<\/title>\n<meta name=\"robots\" content=\"index, follow, max-snippet:-1, max-image-preview:large, max-video-preview:-1\" \/>\n<link rel=\"canonical\" href=\"https:\/\/zecovalve.com\/de\/produkt\/2-inch-gate-valve\" \/>\n<meta property=\"og:locale\" content=\"de_DE\" \/>\n<meta property=\"og:type\" content=\"article\" \/>\n<meta property=\"og:title\" content=\"Gate Valve 2 Inch - Competitive 2 Inch Gate Valve Price | ZECO Valve\" \/>\n<meta property=\"og:description\" content=\"2 inch Gate valves are multi-purpose bi-directional shutoff valves for commercial and industrial applications. What is a Gate Valve 2 inch? ZECO ... Weiterlesen ...\" \/>\n<meta property=\"og:url\" content=\"https:\/\/zecovalve.com\/de\/produkt\/2-inch-gate-valve\" \/>\n<meta property=\"og:site_name\" content=\"ZECO Valve\" \/>\n<meta property=\"article:modified_time\" content=\"2023-06-15T12:52:54+00:00\" \/>\n<meta property=\"og:image\" content=\"https:\/\/zecovalve.com\/wp-content\/uploads\/2022\/06\/2-inch-Gate-Valve-1.jpg\" \/>\n\t<meta property=\"og:image:width\" content=\"800\" \/>\n\t<meta property=\"og:image:height\" content=\"600\" \/>\n<meta name=\"twitter:card\" content=\"summary_large_image\" \/>\n<meta name=\"twitter:label1\" content=\"Verfasst von\">\n\t<meta name=\"twitter:data1\" content=\"Jerry\">\n\t<meta name=\"twitter:label2\" content=\"Gesch\u00e4tzte Lesezeit\">\n\t<meta name=\"twitter:data2\" content=\"2\u00a0Minuten\">\n<script type=\"application\/ld+json\" class=\"yoast-schema-graph\">{\"@context\":\"https:\/\/schema.org\",\"@graph\":[{\"@type\":\"WebSite\",\"@id\":\"https:\/\/zecovalve.com\/#website\",\"url\":\"https:\/\/zecovalve.com\/\",\"name\":\"ZECO Valve\",\"description\":\"Industrial Ball Valve, Gate Valve and Globe Valve Manufacturer\",\"potentialAction\":[{\"@type\":\"SearchAction\",\"target\":\"https:\/\/zecovalve.com\/?s={search_term_string}\",\"query-input\":\"required name=search_term_string\"}],\"inLanguage\":\"de\"},{\"@type\":\"ImageObject\",\"@id\":\"https:\/\/zecovalve.com\/product\/2-inch-gate-valve#primaryimage\",\"inLanguage\":\"de\",\"url\":\"https:\/\/zecovalve.com\/wp-content\/uploads\/2022\/06\/2-inch-Gate-Valve-1.jpg\",\"width\":800,\"height\":600,\"caption\":\"2 inch Gate Valve\"},{\"@type\":\"WebPage\",\"@id\":\"https:\/\/zecovalve.com\/product\/2-inch-gate-valve#webpage\",\"url\":\"https:\/\/zecovalve.com\/product\/2-inch-gate-valve\",\"name\":\"Gate Valve 2 Inch - Competitive 2 Inch Gate Valve Price | ZECO Valve\",\"isPartOf\":{\"@id\":\"https:\/\/zecovalve.com\/#website\"},\"primaryImageOfPage\":{\"@id\":\"https:\/\/zecovalve.com\/product\/2-inch-gate-valve#primaryimage\"},\"datePublished\":\"2022-06-21T04:07:01+00:00\",\"dateModified\":\"2023-06-15T12:52:54+00:00\",\"breadcrumb\":{\"@id\":\"https:\/\/zecovalve.com\/product\/2-inch-gate-valve#breadcrumb\"},\"inLanguage\":\"de\",\"potentialAction\":[{\"@type\":\"ReadAction\",\"target\":[\"https:\/\/zecovalve.com\/product\/2-inch-gate-valve\"]}]},{\"@type\":\"BreadcrumbList\",\"@id\":\"https:\/\/zecovalve.com\/product\/2-inch-gate-valve#breadcrumb\",\"itemListElement\":[{\"@type\":\"ListItem\",\"position\":1,\"item\":{\"@type\":\"WebPage\",\"@id\":\"https:\/\/zecovalve.com\/\",\"url\":\"https:\/\/zecovalve.com\/\",\"name\":\"Home\"}},{\"@type\":\"ListItem\",\"position\":2,\"item\":{\"@type\":\"WebPage\",\"@id\":\"https:\/\/zecovalve.com\/product-category\",\"url\":\"https:\/\/zecovalve.com\/product-category\",\"name\":\"Industrial Valve Manufacturer | Water Valve Manufacturer\"}},{\"@type\":\"ListItem\",\"position\":3,\"item\":{\"@type\":\"WebPage\",\"@id\":\"https:\/\/zecovalve.com\/product\/2-inch-gate-valve\",\"url\":\"https:\/\/zecovalve.com\/product\/2-inch-gate-valve\",\"name\":\"2 inch Gate Valve\"}}]}]}<\/script>\n<!-- \/ Yoast SEO Premium plugin. -->","_links":{"self":[{"href":"https:\/\/zecovalve.com\/de\/wp-json\/wp\/v2\/product\/16395","targetHints":{"allow":["GET"]}}],"collection":[{"href":"https:\/\/zecovalve.com\/de\/wp-json\/wp\/v2\/product"}],"about":[{"href":"https:\/\/zecovalve.com\/de\/wp-json\/wp\/v2\/types\/product"}],"replies":[{"embeddable":true,"href":"https:\/\/zecovalve.com\/de\/wp-json\/wp\/v2\/comments?post=16395"}],"wp:featuredmedia":[{"embeddable":true,"href":"https:\/\/zecovalve.com\/de\/wp-json\/wp\/v2\/media\/27888"}],"wp:attachment":[{"href":"https:\/\/zecovalve.com\/de\/wp-json\/wp\/v2\/media?parent=16395"}],"wp:term":[{"taxonomy":"product_cat","embeddable":true,"href":"https:\/\/zecovalve.com\/de\/wp-json\/wp\/v2\/product_cat?post=16395"},{"taxonomy":"product_tag","embeddable":true,"href":"https:\/\/zecovalve.com\/de\/wp-json\/wp\/v2\/product_tag?post=16395"}],"curies":[{"name":"wp","href":"https:\/\/api.w.org\/{rel}","templated":true}]}}