{"id":16397,"date":"2022-06-21T04:44:32","date_gmt":"2022-06-21T04:44:32","guid":{"rendered":"https:\/\/zecovalve.com\/?post_type=product&#038;p=16397"},"modified":"2023-06-15T12:53:16","modified_gmt":"2023-06-15T12:53:16","slug":"56-inch-gate-valve","status":"publish","type":"product","link":"https:\/\/zecovalve.com\/de\/produkt\/56-inch-gate-valve","title":{"rendered":"Gro\u00dfer Absperrschieber"},"content":{"rendered":"<p>Wir haben uns verpflichtet, wettbewerbsf\u00e4hige Preise, hervorragende Waren von guter Qualit\u00e4t sowie eine schnelle Lieferung f\u00fcr 36-Zoll-Schieber und 30-Zoll-Schieber, Wafer-R\u00fcckschlagventile, Zapfenkugelh\u00e4hne, Wafer-Absperrklappen und Doppelplattenventile anzubieten. Wir werden uns bem\u00fchen, unseren guten Ruf als bester Produktlieferant der Welt aufrechtzuerhalten. Wenn Sie Fragen oder Kommentare haben, kontaktieren Sie uns bitte unverbindlich. Das Produkt wird in die ganze Welt geliefert, beispielsweise nach Europa, Amerika, Australien, Indonesien, Holland, Cancun und Jakarta. Wir werden viel bessere Produkte mit abwechslungsreichen Designs und fachkundigen Dienstleistungen liefern. Wir hei\u00dfen Freunde aus der ganzen Welt herzlich willkommen, unser Unternehmen zu besuchen und auf der Grundlage langfristiger und gegenseitiger Vorteile mit uns zusammenzuarbeiten.<\/p>\r\n\r\n\r\n<div class=\"gb-button-wrapper gb-button-wrapper-6d8495a3\">\r\n\r\n\r\n<p><a class=\"gb-button gb-button-3d442e11 gb-button-text\" href=\"https:\/\/zecovalve.com\/de\/contact\/\" target=\"_blank\" rel=\"noopener noreferrer\"><strong>ERHALTEN SIE DEN PREIS F\u00dcR 30-ZOLL-SCHIEBERVENTILE UND 36-ZOLL-SCHIEBERVENTILE<\/strong><\/a><\/p>\r\n<\/div>\r\n\r\n\r\n\r\n\r\n<h2 class=\"wp-block-heading\" id=\"h-description-of-30-inch-gate-valve-36-inch-gate-valve\">Beschreibung des 30-Zoll-Schiebers und des 36-Zoll-Schiebers<\/h2>\r\n\r\n\r\n\r\n<p>ZECO kann die gr\u00f6\u00dften Schiebergr\u00f6\u00dfen von 30 Zoll und 36 Zoll herstellen, hat jedoch auch eine Geschichte von Schiebern. Als das Kelamayi-\u00d6lfeldprojekt ein Tor ben\u00f6tigte, gab es in China nur sehr wenige Schieberformen f\u00fcr 30 Zoll und 36 Zoll, aber ZECO folgte mit Mut und Kraft der Liste, mit ZECO-Technologie mit <a href=\"https:\/\/zecovalve.com\/de\/\" data-internallinksmanager029f6b8e52c=\"9\" title=\"Hersteller von Industrieventilen\" target=\"_blank\" rel=\"noopener\">China-Ventil<\/a> Der General Technical Consultant des Verbandes ist im selben Jahr die Beziehung zwischen den anderen Sch\u00fclern, zwei Personen diskutieren einen Monat lang Tag und Nacht eng miteinander \u00fcber die Forschung, um schlie\u00dflich das Design der 30-Zoll- und 36-Zoll-Schieberzeichnung und die anschlie\u00dfende Entwicklung und Produktion von Formen fertigzustellen und schlie\u00dflich die Lieferung abzuschlie\u00dfen. ZECO hat die F\u00e4higkeit und St\u00e4rke, gr\u00f6\u00dfere Schieber fertigzustellen, um die Bed\u00fcrfnisse von Benutzern auf der ganzen Welt zu erf\u00fcllen. Wenn Sie spezielle individuelle Anforderungen haben, z\u00f6gern Sie bitte nicht, uns zu kontaktieren.<\/p>\r\n\r\n\r\n<div class=\"wp-block-image\">\r\n<figure class=\"aligncenter size-large is-resized\"><img loading=\"lazy\" decoding=\"async\" class=\"wp-image-26860\" src=\"https:\/\/zecovalve.com\/wp-content\/uploads\/2022\/08\/1267-P17-542x1024.jpg\" alt=\"\" width=\"271\" height=\"512\" srcset=\"https:\/\/zecovalve.com\/wp-content\/uploads\/2022\/08\/1267-P17-542x1024.jpg 542w, https:\/\/zecovalve.com\/wp-content\/uploads\/2022\/08\/1267-P17-159x300.jpg 159w, https:\/\/zecovalve.com\/wp-content\/uploads\/2022\/08\/1267-P17-768x1451.jpg 768w, https:\/\/zecovalve.com\/wp-content\/uploads\/2022\/08\/1267-P17-813x1536.jpg 813w, https:\/\/zecovalve.com\/wp-content\/uploads\/2022\/08\/1267-P17-1084x2048.jpg 1084w, https:\/\/zecovalve.com\/wp-content\/uploads\/2022\/08\/1267-P17-600x1134.jpg 600w, https:\/\/zecovalve.com\/wp-content\/uploads\/2022\/08\/1267-P17-scaled.jpg 1355w\" sizes=\"auto, (max-width: 271px) 100vw, 271px\" \/><\/figure>\r\n<\/div>\r\n\r\n\r\n<h2 class=\"wp-block-heading\">Standards f\u00fcr 30-Zoll-Schieber und 36-Zoll-Schieber<\/h2>\r\n\r\n\r\n\r\n<figure class=\"wp-block-table is-style-stripes\">\r\n<table>\r\n<tbody>\r\n<tr>\r\n<td>Entwurf Standard<\/td>\r\n<td>API 6D, ASME B12634<\/td>\r\n<\/tr>\r\n<tr>\r\n<td>Von Angesicht zu Angesicht<\/td>\r\n<td>ASTM B16.10, API 6D<\/td>\r\n<\/tr>\r\n<tr>\r\n<td>Endflanschabmessungen<\/td>\r\n<td>ASME B16.5, MSS SP44<\/td>\r\n<\/tr>\r\n<tr>\r\n<td>Inspektion und Pr\u00fcfung<\/td>\r\n<td>API 598, API 6D<\/td>\r\n<\/tr>\r\n<\/tbody>\r\n<\/table>\r\n<\/figure>\r\n\r\n\r\n\r\n<h2 class=\"wp-block-heading\" id=\"h-features-of-30-inch-gate-valve-36-inch-gate-valve\">Merkmale des 30-Zoll-Schiebers und des 36-Zoll-Schiebers<\/h2>\r\n\r\n\r\n\r\n<ul class=\"wp-block-list\">\r\n<li>Gr\u00f6\u00dfen \u2013 30\u2033 und 36\u2033<\/li>\r\n<li>Flanschenden entsprechen ASME B16.10<\/li>\r\n<li>Doppelscheiben-Parallelsitz mit Vierpunkt-Keilmechanismus<\/li>\r\n<li>Nicht steigende Spindel (NRS) und (Au\u00dfengewinde und Joch) OS&amp;Y<\/li>\r\n<li>2&quot; Vierkantmutter \u2013 links offen oder rechts offen<\/li>\r\n<li>150 PSIG (1000 kPa\/10 barg) maximaler Betriebsdruck; 300 PSIG (2100 kPa\/21 barg) Pr\u00fcfdruck<\/li>\r\n<li>Entwickelt f\u00fcr Trinkwasseranwendungen<\/li>\r\n<\/ul>\r\n\r\n\r\n\r\n<h2 class=\"wp-block-heading\" id=\"h-material-of-30-inch-gate-valve-36-inch-gate-valve\">Material des 30-Zoll-Schiebers und des 36-Zoll-Schiebers<\/h2>\r\n\r\n\r\n\r\n<figure class=\"wp-block-table\">\r\n<table>\r\n<tbody>\r\n<tr>\r\n<td>Nein<\/td>\r\n<td>Teil<\/td>\r\n<td>Material<\/td>\r\n<\/tr>\r\n<tr>\r\n<td>1<\/td>\r\n<td>K\u00f6rper<\/td>\r\n<td>ASTM A216 WCB<\/td>\r\n<\/tr>\r\n<tr>\r\n<td>2<\/td>\r\n<td>Sitzring<\/td>\r\n<td>ASTM A105 + STL<\/td>\r\n<\/tr>\r\n<tr>\r\n<td>3<\/td>\r\n<td>Keil<\/td>\r\n<td>ASTM A216 WCB + STL<\/td>\r\n<\/tr>\r\n<tr>\r\n<td>4<\/td>\r\n<td>Vorbau<\/td>\r\n<td>ASTM A276 410<\/td>\r\n<\/tr>\r\n<tr>\r\n<td>5<\/td>\r\n<td>Dichtung der Motorhaube<\/td>\r\n<td>Graphit + SS304<\/td>\r\n<\/tr>\r\n<tr>\r\n<td>6<\/td>\r\n<td>Motorhaubenbolzen<\/td>\r\n<td>ASTM A193 B7<\/td>\r\n<\/tr>\r\n<tr>\r\n<td>7<\/td>\r\n<td>Haubenmutter<\/td>\r\n<td>ASTM A194 2H<\/td>\r\n<\/tr>\r\n<tr>\r\n<td>8<\/td>\r\n<td>Motorhaube<\/td>\r\n<td>ASTM A216 WCB<\/td>\r\n<\/tr>\r\n<tr>\r\n<td>9<\/td>\r\n<td>R\u00fccksitz<\/td>\r\n<td>ASTM A182 F6a<\/td>\r\n<\/tr>\r\n<tr>\r\n<td>10<\/td>\r\n<td>Spindelpackung<\/td>\r\n<td>Verst\u00e4rkter Graphit<\/td>\r\n<\/tr>\r\n<tr>\r\n<td>11<\/td>\r\n<td>Getriebeaktuator<\/td>\r\n<td>KTH330-08<\/td>\r\n<\/tr>\r\n<\/tbody>\r\n<\/table>\r\n<\/figure>\r\n<p>ZECO Valve fertigt auch kleine Schieber, wie zum Beispiel 2-Zoll-Schieber und 1-Zoll-Schieber. Wenn Sie den Preis f\u00fcr einen 1-Zoll-Schieber ben\u00f6tigen, k\u00f6nnen Sie uns ebenfalls kontaktieren.<\/p>","protected":false},"excerpt":{"rendered":"<p>Wir haben uns verpflichtet, wettbewerbsf\u00e4hige Preise, hervorragende Waren von guter Qualit\u00e4t sowie eine schnelle Lieferung f\u00fcr 36-Zoll-Schieber anzubieten \u2026 <a title=\"Gro\u00dfer Absperrschieber\" class=\"read-more\" href=\"https:\/\/zecovalve.com\/de\/produkt\/56-inch-gate-valve\" aria-label=\"Mehr zu Large Gate Valve\">Weiterlesen ...<\/a><\/p>","protected":false},"featured_media":27889,"comment_status":"closed","ping_status":"closed","template":"","meta":{"_generate-full-width-content":"","kt_blocks_editor_width":""},"product_cat":[2052,2458,2454],"product_tag":[],"class_list":["post-16397","product","type-product","status-publish","has-post-thumbnail","hentry","product_cat-gate-valve","product_cat-gate-valve-by-inch","product_cat-gate-valve-by-material","sales-flash-overlay","woocommerce-text-align-center","woocommerce-image-align-center","do-quantity-buttons"],"featured_image_src_large":["https:\/\/zecovalve.com\/wp-content\/uploads\/2022\/06\/Large-Gate-Valve.jpg",800,600,false],"author_info":[],"comment_info":0,"taxonomy_info":{"product_cat":[{"value":2052,"label":"Gate Valve"},{"value":2458,"label":"Gate Valve By Inch"},{"value":2454,"label":"Gate Valve By Material"}]},"yoast_head":"<!-- This site is optimized with the Yoast SEO Premium plugin v15.4 - https:\/\/yoast.com\/wordpress\/plugins\/seo\/ -->\n<title>Large Gate Valve - 30 Inch Gate Valve &amp; 36 Inch Gate Valve | ZECO Valve<\/title>\n<meta name=\"robots\" content=\"index, follow, max-snippet:-1, max-image-preview:large, max-video-preview:-1\" \/>\n<link rel=\"canonical\" href=\"https:\/\/zecovalve.com\/de\/produkt\/56-inch-gate-valve\" \/>\n<meta property=\"og:locale\" content=\"de_DE\" \/>\n<meta property=\"og:type\" content=\"article\" \/>\n<meta property=\"og:title\" content=\"Large Gate Valve - 30 Inch Gate Valve &amp; 36 Inch Gate Valve | ZECO Valve\" \/>\n<meta property=\"og:description\" content=\"We&#8217;ve been committed to offering a competitive rate, outstanding merchandise of good quality, too as fast delivery for 36 Inch Gate Valve ... Weiterlesen ...\" \/>\n<meta property=\"og:url\" content=\"https:\/\/zecovalve.com\/de\/produkt\/56-inch-gate-valve\" \/>\n<meta property=\"og:site_name\" content=\"ZECO Valve\" \/>\n<meta property=\"article:modified_time\" content=\"2023-06-15T12:53:16+00:00\" \/>\n<meta property=\"og:image\" content=\"https:\/\/zecovalve.com\/wp-content\/uploads\/2022\/06\/Large-Gate-Valve.jpg\" \/>\n\t<meta property=\"og:image:width\" content=\"800\" \/>\n\t<meta property=\"og:image:height\" content=\"600\" \/>\n<meta name=\"twitter:card\" content=\"summary_large_image\" \/>\n<meta name=\"twitter:label1\" content=\"Verfasst von\">\n\t<meta name=\"twitter:data1\" content=\"Jerry\">\n\t<meta name=\"twitter:label2\" content=\"Gesch\u00e4tzte Lesezeit\">\n\t<meta name=\"twitter:data2\" content=\"2\u00a0Minuten\">\n<script type=\"application\/ld+json\" class=\"yoast-schema-graph\">{\"@context\":\"https:\/\/schema.org\",\"@graph\":[{\"@type\":\"WebSite\",\"@id\":\"https:\/\/zecovalve.com\/#website\",\"url\":\"https:\/\/zecovalve.com\/\",\"name\":\"ZECO Valve\",\"description\":\"Industrial Ball Valve, Gate Valve and Globe Valve Manufacturer\",\"potentialAction\":[{\"@type\":\"SearchAction\",\"target\":\"https:\/\/zecovalve.com\/?s={search_term_string}\",\"query-input\":\"required name=search_term_string\"}],\"inLanguage\":\"de\"},{\"@type\":\"ImageObject\",\"@id\":\"https:\/\/zecovalve.com\/product\/56-inch-gate-valve#primaryimage\",\"inLanguage\":\"de\",\"url\":\"https:\/\/zecovalve.com\/wp-content\/uploads\/2022\/06\/Large-Gate-Valve.jpg\",\"width\":800,\"height\":600,\"caption\":\"Large Gate Valve\"},{\"@type\":\"WebPage\",\"@id\":\"https:\/\/zecovalve.com\/product\/56-inch-gate-valve#webpage\",\"url\":\"https:\/\/zecovalve.com\/product\/56-inch-gate-valve\",\"name\":\"Large Gate Valve - 30 Inch Gate Valve & 36 Inch Gate Valve | ZECO Valve\",\"isPartOf\":{\"@id\":\"https:\/\/zecovalve.com\/#website\"},\"primaryImageOfPage\":{\"@id\":\"https:\/\/zecovalve.com\/product\/56-inch-gate-valve#primaryimage\"},\"datePublished\":\"2022-06-21T04:44:32+00:00\",\"dateModified\":\"2023-06-15T12:53:16+00:00\",\"breadcrumb\":{\"@id\":\"https:\/\/zecovalve.com\/product\/56-inch-gate-valve#breadcrumb\"},\"inLanguage\":\"de\",\"potentialAction\":[{\"@type\":\"ReadAction\",\"target\":[\"https:\/\/zecovalve.com\/product\/56-inch-gate-valve\"]}]},{\"@type\":\"BreadcrumbList\",\"@id\":\"https:\/\/zecovalve.com\/product\/56-inch-gate-valve#breadcrumb\",\"itemListElement\":[{\"@type\":\"ListItem\",\"position\":1,\"item\":{\"@type\":\"WebPage\",\"@id\":\"https:\/\/zecovalve.com\/\",\"url\":\"https:\/\/zecovalve.com\/\",\"name\":\"Home\"}},{\"@type\":\"ListItem\",\"position\":2,\"item\":{\"@type\":\"WebPage\",\"@id\":\"https:\/\/zecovalve.com\/product-category\",\"url\":\"https:\/\/zecovalve.com\/product-category\",\"name\":\"Industrial Valve Manufacturer | Water Valve Manufacturer\"}},{\"@type\":\"ListItem\",\"position\":3,\"item\":{\"@type\":\"WebPage\",\"@id\":\"https:\/\/zecovalve.com\/product\/56-inch-gate-valve\",\"url\":\"https:\/\/zecovalve.com\/product\/56-inch-gate-valve\",\"name\":\"Large Gate Valve\"}}]}]}<\/script>\n<!-- \/ Yoast SEO Premium plugin. -->","_links":{"self":[{"href":"https:\/\/zecovalve.com\/de\/wp-json\/wp\/v2\/product\/16397","targetHints":{"allow":["GET"]}}],"collection":[{"href":"https:\/\/zecovalve.com\/de\/wp-json\/wp\/v2\/product"}],"about":[{"href":"https:\/\/zecovalve.com\/de\/wp-json\/wp\/v2\/types\/product"}],"replies":[{"embeddable":true,"href":"https:\/\/zecovalve.com\/de\/wp-json\/wp\/v2\/comments?post=16397"}],"wp:featuredmedia":[{"embeddable":true,"href":"https:\/\/zecovalve.com\/de\/wp-json\/wp\/v2\/media\/27889"}],"wp:attachment":[{"href":"https:\/\/zecovalve.com\/de\/wp-json\/wp\/v2\/media?parent=16397"}],"wp:term":[{"taxonomy":"product_cat","embeddable":true,"href":"https:\/\/zecovalve.com\/de\/wp-json\/wp\/v2\/product_cat?post=16397"},{"taxonomy":"product_tag","embeddable":true,"href":"https:\/\/zecovalve.com\/de\/wp-json\/wp\/v2\/product_tag?post=16397"}],"curies":[{"name":"wp","href":"https:\/\/api.w.org\/{rel}","templated":true}]}}