{"id":16405,"date":"2022-06-21T04:53:40","date_gmt":"2022-06-21T04:53:40","guid":{"rendered":"https:\/\/zecovalve.com\/?post_type=product&#038;p=16405"},"modified":"2023-06-07T07:06:02","modified_gmt":"2023-06-07T07:06:02","slug":"manual-ball-valve","status":"publish","type":"product","link":"https:\/\/zecovalve.com\/de\/produkt\/manual-ball-valve","title":{"rendered":"Manueller Kugelhahn"},"content":{"rendered":"<p>Kugelh\u00e4hne bieten sehr gute Absperreigenschaften. Eine einfache Vierteldrehung (90\u00b0) \u00f6ffnet oder schlie\u00dft das Ventil vollst\u00e4ndig. Diese Eigenschaft minimiert die Ventilbetriebszeit und verringert die Wahrscheinlichkeit von Leckagen aufgrund von Verschlei\u00df der Stopfbuchse.<\/p>\r\n\r\n\r\n\r\n<div class=\"wp-block-columns is-layout-flex wp-container-core-columns-is-layout-9d6595d7 wp-block-columns-is-layout-flex\">\r\n<div class=\"wp-block-column is-layout-flow wp-block-column-is-layout-flow\">\r\n<figure class=\"wp-block-image size-large\"><img decoding=\"async\" src=\"https:\/\/zecovalve.com\/wp-content\/uploads\/2022\/06\/manual-ball-valve-1-300x225.jpg\" alt=\"\" \/><\/figure>\r\n<\/div>\r\n\r\n\r\n\r\n<div class=\"wp-block-column is-layout-flow wp-block-column-is-layout-flow\">\r\n<figure class=\"wp-block-image size-large\"><img decoding=\"async\" src=\"https:\/\/zecovalve.com\/wp-content\/uploads\/2022\/06\/manual-ball-valve-2-300x225.jpg\" alt=\"\" \/><\/figure>\r\n<\/div>\r\n\r\n\r\n\r\n<div class=\"wp-block-column is-layout-flow wp-block-column-is-layout-flow\">\r\n<figure class=\"wp-block-image size-large\"><img decoding=\"async\" src=\"https:\/\/zecovalve.com\/wp-content\/uploads\/2022\/06\/manual-ball-valve-3-300x225.jpg\" alt=\"\" \/><\/figure>\r\n<\/div>\r\n\r\n\r\n\r\n<div class=\"wp-block-column is-layout-flow wp-block-column-is-layout-flow\">\r\n<figure class=\"wp-block-image size-large\"><img decoding=\"async\" src=\"https:\/\/zecovalve.com\/wp-content\/uploads\/2022\/06\/manual-ball-valve-4-300x225.jpg\" alt=\"\" \/><\/figure>\r\n<\/div>\r\n<\/div>\r\n\r\n\r\n\r\n<div class=\"wp-block-columns is-layout-flex wp-container-core-columns-is-layout-9d6595d7 wp-block-columns-is-layout-flex\">\r\n<div class=\"wp-block-column is-layout-flow wp-block-column-is-layout-flow\">\r\n<figure class=\"wp-block-image size-large\"><img decoding=\"async\" src=\"https:\/\/zecovalve.com\/wp-content\/uploads\/2022\/06\/manual-ball-valve-5-300x225.jpg\" alt=\"\" \/><\/figure>\r\n<\/div>\r\n\r\n\r\n\r\n<div class=\"wp-block-column is-layout-flow wp-block-column-is-layout-flow\">\r\n<figure class=\"wp-block-image size-large\"><img decoding=\"async\" src=\"https:\/\/zecovalve.com\/wp-content\/uploads\/2022\/06\/manual-ball-valve-6-300x225.jpg\" alt=\"\" \/><\/figure>\r\n<\/div>\r\n\r\n\r\n\r\n<div class=\"wp-block-column is-layout-flow wp-block-column-is-layout-flow\">\r\n<figure class=\"wp-block-image size-large\"><img decoding=\"async\" src=\"https:\/\/zecovalve.com\/wp-content\/uploads\/2022\/06\/manual-ball-valve-7-300x225.jpg\" alt=\"\" \/><\/figure>\r\n<\/div>\r\n<\/div>\r\n\r\n\r\n\r\n\r\n<div class=\"gb-button-wrapper gb-button-wrapper-6d8495a3\">\r\n\r\n\r\n<p><a class=\"gb-button gb-button-3d442e11 gb-button-text\" href=\"https:\/\/zecovalve.com\/de\/contact\/\" target=\"_blank\" rel=\"noopener noreferrer\"><strong>PREIS F\u00dcR MANUELLE KUGELH\u00c4HNE ERHALTEN<\/strong><\/a><\/p>\r\n<\/div>\r\n\r\n\r\n<h2 class=\"wp-block-heading\" id=\"h-what-is-a-manual-ball-valve\">Was ist ein manueller Kugelhahn?<\/h2>\r\n\r\n\r\n\r\n<p>Der manuelle Kugelhahn von ZECO wird haupts\u00e4chlich zum Absperren, Verteilen und \u00c4ndern der Flie\u00dfrichtung des Mediums in der Rohrleitung verwendet. Er kann auch zur Fl\u00fcssigkeitsregulierung und -steuerung verwendet werden. Der manuelle Kugelhahn basiert haupts\u00e4chlich auf dem Antrieb des Kugelhahns durch Handrad oder Griffdrehung und wird so genannt. Da der Kugelhahn mit kleinem Durchmesser ein geringes Drehmoment hat, kann er normalerweise manuell ge\u00f6ffnet werden, sodass kein Turbinenbetrieb oder elektrischer Stellantrieb erforderlich ist.<\/p>\r\n\r\n\r\n\r\n<h2 class=\"wp-block-heading\" id=\"h-features-of-manual-ball-valve\">Merkmale des manuellen Kugelhahns<\/h2>\r\n\r\n\r\n\r\n<ul class=\"wp-block-list\">\r\n<li>Das Drehmoment des manuellen Kugelhahnschalters von ZECO ist niedrig, er kann manuell ge\u00f6ffnet werden, ist leicht zu bedienen und hat eine hohe \u00d6ffnungs- und Schlie\u00dfgeschwindigkeit. Von vollst\u00e4ndig ge\u00f6ffnet bis vollst\u00e4ndig ge\u00f6ffnet reicht eine Drehung von 90%.<\/li>\r\n<li>Aus Sicherheitsgr\u00fcnden ist das manuelle Kugelventil von ZECO mit Endschalter praktisch, um zu verhindern, dass die Spindel w\u00e4hrend der Wartung der Rohrleitung durch Druck herausgedr\u00fcckt wird. ZECO hat eine Anti-Blas-Struktur f\u00fcr die Spindel entwickelt. In der Verarbeitung der oberen Spindel befindet sich ein Vorsprung, der in die Nut der Stopfbuchse gesteckt werden kann, sodass die Stopfbuchse sicher ausgetauscht werden kann, ohne dass man sich um die Sicherheit des Personals sorgen muss.<\/li>\r\n<li>Der manuelle Kugelhahn von ZECO besteht aus Schmiede- und Gussmaterialien. Jedes Material wurde von der Konstruktionsabteilung von ZECO \u00fcberpr\u00fcft. In der sp\u00e4teren Inspektionsabteilung werden Materialpr\u00fcfungen, chemische Analysen und physikalische Leistungsuntersuchungen durchgef\u00fchrt, um sicherzustellen, dass alle Teile den weltweiten Standardanforderungen entsprechen und eine langfristige Nutzung durch die Kunden ohne Sorge um Qualit\u00e4tsprobleme gew\u00e4hrleistet ist.<\/li>\r\n<li>Der manuelle Kugelhahn mit Endschalter von ZECO verf\u00fcgt \u00fcber die R\u00fcckverfolgbarkeit des ERP-Systems in jedem Produktionsvorgang und alle Inspektionsdaten und alle Produktionsdaten werden im ERP-System von ZECO aufgezeichnet, um sicherzustellen, dass die ausgelieferten Produkte auch nach vielen Jahren noch \u00fcber Ersatzteile und eine Qualit\u00e4tsr\u00fcckverfolgbarkeit verf\u00fcgen.<\/li>\r\n<li>Ein Kugelhahn ist ein Ventil mit Vierteldrehung, mit dem der Durchfluss eines Gases oder einer Fl\u00fcssigkeit durch eine hohle, schwenkbare Kugel gesteuert werden kann.<\/li>\r\n<li>Sie sind zuverl\u00e4ssig, langlebig, dicht, f\u00fcr zahlreiche Medien einsetzbar und haben eine lange Lebensdauer.<\/li>\r\n<li>Wenn Sie die Unterschiede im Kugeldesign, Bohrungsdesign und den in einem Kugelhahn verwendeten Materialien kennen, k\u00f6nnen Sie sicherstellen, dass der Kugelhahn f\u00fcr die Anwendung richtig spezifiziert ist.<\/li>\r\n<li>Kugelh\u00e4hne werden h\u00e4ufig an Wasserleitungen, Tiefpunktabl\u00e4ufen f\u00fcr Fl\u00fcssigkeiten und Hochpunktentl\u00fcftungen f\u00fcr Gas- und Dampfanwendungen sowie bei der Gasverarbeitung eingesetzt.<\/li>\r\n<\/ul>\r\n\r\n\r\n\r\n<h2 class=\"wp-block-heading\">Kugelhahn mit Endschalter<\/h2>\r\n\r\n\r\n\r\n<p>Ein Endschalter f\u00fcr einen Ventilantrieb ist ein Ger\u00e4t, das dazu dient, der Steuerstation (auch SPS oder DCS genannt) ein Fernsignal \u00fcber die Ventilposition (h\u00e4ufig offen oder geschlossen) zu \u00fcbermitteln.<\/p>\r\n\r\n\r\n\r\n<h2 class=\"wp-block-heading\">Warum verwenden wir Endschalter an manuellen Kugelh\u00e4hnen?<\/h2>\r\n\r\n\r\n\r\n<p>Ein Endschalter kann zur Steuerung von Maschinen als Teil eines Steuerungssystems, als Sicherheitsverriegelung oder als Z\u00e4hler zur Z\u00e4hlung von Objekten verwendet werden, die einen Punkt passieren. Endschalter werden aufgrund ihrer Robustheit, einfachen Installation und Zuverl\u00e4ssigkeit im Betrieb in einer Vielzahl von Anwendungen und Umgebungen eingesetzt.<\/p>\r\n\r\n\r\n\r\n<h2 class=\"wp-block-heading\">Unterschied zwischen manuellem Kugelhahn und automatischem Kugelhahn<\/h2>\r\n\r\n\r\n\r\n<p>Bei der manuellen Bet\u00e4tigung eines Ventils kommt es zum direkten, physischen Kontakt mit dem Handrad, Hebel oder Getriebe, w\u00e4hrend bei der automatischen Bet\u00e4tigung mit Kraft Luftdruck, Elektrizit\u00e4t oder Hydraulikdruck zum Einsatz kommt, der durch Str\u00f6mungsbedingungen, \u00dcberwachungssysteme oder andere Mittel gesteuert wird, bei denen kein physischer Kontakt mit dem Ventil erforderlich ist.<\/p>\r\n\r\n\r\n\r\n<h2 class=\"wp-block-heading\" id=\"h-material-of-manual-ball-valve\">Material des manuellen Kugelhahns<\/h2>\r\n\r\n\r\n\r\n<figure class=\"wp-block-table\">\r\n<table>\r\n<tbody>\r\n<tr>\r\n<td>Nein<\/td>\r\n<td>Teil<\/td>\r\n<td>Material<\/td>\r\n<\/tr>\r\n<tr>\r\n<td>1<\/td>\r\n<td>K\u00f6rper<\/td>\r\n<td>ASTM A105<\/td>\r\n<\/tr>\r\n<tr>\r\n<td>2<\/td>\r\n<td>Motorhaube<\/td>\r\n<td>ASTM A105<\/td>\r\n<\/tr>\r\n<tr>\r\n<td>3<\/td>\r\n<td>Kugel<\/td>\r\n<td>ASTM A105<\/td>\r\n<\/tr>\r\n<tr>\r\n<td>4<\/td>\r\n<td>Sitz<\/td>\r\n<td>ASTM A105 + PTFE<\/td>\r\n<\/tr>\r\n<tr>\r\n<td>5<\/td>\r\n<td>Vorbau<\/td>\r\n<td>ASTM A182 F6a<\/td>\r\n<\/tr>\r\n<tr>\r\n<td>6<\/td>\r\n<td>Antistatische Vorrichtung<\/td>\r\n<td>SS304<\/td>\r\n<\/tr>\r\n<tr>\r\n<td>7<\/td>\r\n<td>Dichtung<\/td>\r\n<td>Graphit + SS304<\/td>\r\n<\/tr>\r\n<tr>\r\n<td>8<\/td>\r\n<td>Schraube<\/td>\r\n<td>ASTM A193 B7<\/td>\r\n<\/tr>\r\n<tr>\r\n<td>9<\/td>\r\n<td>Nuss<\/td>\r\n<td>ASTM A194 2H<\/td>\r\n<\/tr>\r\n<tr>\r\n<td>10<\/td>\r\n<td>O-Ring<\/td>\r\n<td>Viton A<\/td>\r\n<\/tr>\r\n<tr>\r\n<td>11<\/td>\r\n<td>Hebel<\/td>\r\n<td>ASTM A216 WCB<\/td>\r\n<\/tr>\r\n<\/tbody>\r\n<\/table>\r\n<\/figure>","protected":false},"excerpt":{"rendered":"<p>Kugelh\u00e4hne bieten sehr gute Absperreigenschaften. Eine einfache Vierteldrehung (90\u00b0) \u00f6ffnet oder schlie\u00dft das Ventil vollst\u00e4ndig. Diese Eigenschaft minimiert den Ventilbetrieb \u2026 <a title=\"Manueller Kugelhahn\" class=\"read-more\" href=\"https:\/\/zecovalve.com\/de\/produkt\/manual-ball-valve\" aria-label=\"Mehr zu Manual Ball Valve\">Weiterlesen ...<\/a><\/p>","protected":false},"featured_media":27859,"comment_status":"closed","ping_status":"closed","template":"","meta":{"_generate-full-width-content":"","kt_blocks_editor_width":""},"product_cat":[2047,2460],"product_tag":[2655,2804,2656,2802],"class_list":["post-16405","product","type-product","status-publish","has-post-thumbnail","hentry","product_cat-ball-valve","product_cat-ball-valve-by-drive-mode","product_tag-1-2-ball-valve","product_tag-2-inch-ball-valve","product_tag-3-4-ball-valve","product_tag-ball-valve-price","sales-flash-overlay","woocommerce-text-align-center","woocommerce-image-align-center","do-quantity-buttons"],"featured_image_src_large":["https:\/\/zecovalve.com\/wp-content\/uploads\/2022\/06\/Manual-Ball-Valve.jpg",800,600,false],"author_info":[],"comment_info":0,"taxonomy_info":{"product_cat":[{"value":2047,"label":"Ball Valve"},{"value":2460,"label":"Ball Valve By Drive Mode"}],"product_tag":[{"value":2655,"label":"1 2 ball valve"},{"value":2804,"label":"2 inch Ball Valve"},{"value":2656,"label":"3 4 ball valve"},{"value":2802,"label":"Ball Valve Price"}]},"yoast_head":"<!-- This site is optimized with the Yoast SEO Premium plugin v15.4 - https:\/\/yoast.com\/wordpress\/plugins\/seo\/ -->\n<title>Manual Ball Valve - Ball Valve with Limit Switch | Competitive Ball Valve Price<\/title>\n<meta name=\"robots\" content=\"index, follow, max-snippet:-1, max-image-preview:large, max-video-preview:-1\" \/>\n<link rel=\"canonical\" href=\"https:\/\/zecovalve.com\/de\/produkt\/manual-ball-valve\" \/>\n<meta property=\"og:locale\" content=\"de_DE\" \/>\n<meta property=\"og:type\" content=\"article\" \/>\n<meta property=\"og:title\" content=\"Manual Ball Valve - Ball Valve with Limit Switch | Competitive Ball Valve Price\" \/>\n<meta property=\"og:description\" content=\"Ball valves offer very good shut-off capabilities. A simple quarter-turn (90\u00b0) completely opens or closes the valve. This characteristic minimizes valve operation ... Weiterlesen ...\" \/>\n<meta property=\"og:url\" content=\"https:\/\/zecovalve.com\/de\/produkt\/manual-ball-valve\" \/>\n<meta property=\"og:site_name\" content=\"ZECO Valve\" \/>\n<meta property=\"article:modified_time\" content=\"2023-06-07T07:06:02+00:00\" \/>\n<meta property=\"og:image\" content=\"https:\/\/zecovalve.com\/wp-content\/uploads\/2022\/06\/Manual-Ball-Valve.jpg\" \/>\n\t<meta property=\"og:image:width\" content=\"800\" \/>\n\t<meta property=\"og:image:height\" content=\"600\" \/>\n<meta name=\"twitter:card\" content=\"summary_large_image\" \/>\n<meta name=\"twitter:label1\" content=\"Verfasst von\">\n\t<meta name=\"twitter:data1\" content=\"Jerry\">\n\t<meta name=\"twitter:label2\" content=\"Gesch\u00e4tzte Lesezeit\">\n\t<meta name=\"twitter:data2\" content=\"3\u00a0Minuten\">\n<script type=\"application\/ld+json\" class=\"yoast-schema-graph\">{\"@context\":\"https:\/\/schema.org\",\"@graph\":[{\"@type\":\"WebSite\",\"@id\":\"https:\/\/zecovalve.com\/#website\",\"url\":\"https:\/\/zecovalve.com\/\",\"name\":\"ZECO Valve\",\"description\":\"Industrial Ball Valve, Gate Valve and Globe Valve Manufacturer\",\"potentialAction\":[{\"@type\":\"SearchAction\",\"target\":\"https:\/\/zecovalve.com\/?s={search_term_string}\",\"query-input\":\"required name=search_term_string\"}],\"inLanguage\":\"de\"},{\"@type\":\"ImageObject\",\"@id\":\"https:\/\/zecovalve.com\/product\/manual-ball-valve#primaryimage\",\"inLanguage\":\"de\",\"url\":\"https:\/\/zecovalve.com\/wp-content\/uploads\/2022\/06\/Manual-Ball-Valve.jpg\",\"width\":800,\"height\":600,\"caption\":\"Manual Ball Valve\"},{\"@type\":\"WebPage\",\"@id\":\"https:\/\/zecovalve.com\/product\/manual-ball-valve#webpage\",\"url\":\"https:\/\/zecovalve.com\/product\/manual-ball-valve\",\"name\":\"Manual Ball Valve - Ball Valve with Limit Switch | Competitive Ball Valve Price\",\"isPartOf\":{\"@id\":\"https:\/\/zecovalve.com\/#website\"},\"primaryImageOfPage\":{\"@id\":\"https:\/\/zecovalve.com\/product\/manual-ball-valve#primaryimage\"},\"datePublished\":\"2022-06-21T04:53:40+00:00\",\"dateModified\":\"2023-06-07T07:06:02+00:00\",\"breadcrumb\":{\"@id\":\"https:\/\/zecovalve.com\/product\/manual-ball-valve#breadcrumb\"},\"inLanguage\":\"de\",\"potentialAction\":[{\"@type\":\"ReadAction\",\"target\":[\"https:\/\/zecovalve.com\/product\/manual-ball-valve\"]}]},{\"@type\":\"BreadcrumbList\",\"@id\":\"https:\/\/zecovalve.com\/product\/manual-ball-valve#breadcrumb\",\"itemListElement\":[{\"@type\":\"ListItem\",\"position\":1,\"item\":{\"@type\":\"WebPage\",\"@id\":\"https:\/\/zecovalve.com\/\",\"url\":\"https:\/\/zecovalve.com\/\",\"name\":\"Home\"}},{\"@type\":\"ListItem\",\"position\":2,\"item\":{\"@type\":\"WebPage\",\"@id\":\"https:\/\/zecovalve.com\/product-category\",\"url\":\"https:\/\/zecovalve.com\/product-category\",\"name\":\"Industrial Valve Manufacturer | Water Valve Manufacturer\"}},{\"@type\":\"ListItem\",\"position\":3,\"item\":{\"@type\":\"WebPage\",\"@id\":\"https:\/\/zecovalve.com\/product\/manual-ball-valve\",\"url\":\"https:\/\/zecovalve.com\/product\/manual-ball-valve\",\"name\":\"Manual Ball Valve\"}}]}]}<\/script>\n<!-- \/ Yoast SEO Premium plugin. -->","_links":{"self":[{"href":"https:\/\/zecovalve.com\/de\/wp-json\/wp\/v2\/product\/16405","targetHints":{"allow":["GET"]}}],"collection":[{"href":"https:\/\/zecovalve.com\/de\/wp-json\/wp\/v2\/product"}],"about":[{"href":"https:\/\/zecovalve.com\/de\/wp-json\/wp\/v2\/types\/product"}],"replies":[{"embeddable":true,"href":"https:\/\/zecovalve.com\/de\/wp-json\/wp\/v2\/comments?post=16405"}],"wp:featuredmedia":[{"embeddable":true,"href":"https:\/\/zecovalve.com\/de\/wp-json\/wp\/v2\/media\/27859"}],"wp:attachment":[{"href":"https:\/\/zecovalve.com\/de\/wp-json\/wp\/v2\/media?parent=16405"}],"wp:term":[{"taxonomy":"product_cat","embeddable":true,"href":"https:\/\/zecovalve.com\/de\/wp-json\/wp\/v2\/product_cat?post=16405"},{"taxonomy":"product_tag","embeddable":true,"href":"https:\/\/zecovalve.com\/de\/wp-json\/wp\/v2\/product_tag?post=16405"}],"curies":[{"name":"wp","href":"https:\/\/api.w.org\/{rel}","templated":true}]}}