{"id":16415,"date":"2022-06-21T04:57:53","date_gmt":"2022-06-21T04:57:53","guid":{"rendered":"https:\/\/zecovalve.com\/?post_type=product&#038;p=16415"},"modified":"2022-06-28T03:25:31","modified_gmt":"2022-06-28T03:25:31","slug":"manual-butterfly-valve","status":"publish","type":"product","link":"https:\/\/zecovalve.com\/de\/produkt\/manual-butterfly-valve","title":{"rendered":"Manuelle Absperrklappe"},"content":{"rendered":"<h1 class=\"sep-title\">Manuelle Absperrklappe<\/h1>\n<div class=\"sep-box-detail clearfix\">\n<div class=\"box-lf\">\n<div class=\"thumb\">\n<figure id=\"attachment_16416\" aria-describedby=\"caption-attachment-16416\" style=\"width: 290px\" class=\"wp-caption alignnone\"><img loading=\"lazy\" decoding=\"async\" class=\"size-medium wp-image-16416\" src=\"https:\/\/zecovalve.com\/wp-content\/uploads\/2022\/06\/manual-butterfly-valve-300x225.jpg\" alt=\"Manuelle Absperrklappe\" width=\"300\" height=\"225\" srcset=\"https:\/\/zecovalve.com\/wp-content\/uploads\/2022\/06\/manual-butterfly-valve-300x225.jpg 300w, https:\/\/zecovalve.com\/wp-content\/uploads\/2022\/06\/manual-butterfly-valve-768x576.jpg 768w, https:\/\/zecovalve.com\/wp-content\/uploads\/2022\/06\/manual-butterfly-valve-600x450.jpg 600w, https:\/\/zecovalve.com\/wp-content\/uploads\/2022\/06\/manual-butterfly-valve.jpg 800w\" sizes=\"auto, (max-width: 300px) 100vw, 300px\" \/><figcaption id=\"caption-attachment-16416\" class=\"wp-caption-text\">Manuelle Absperrklappe<\/figcaption><\/figure>\n<\/div>\n<div class=\"info\"><a href=\"https:\/\/zecovalve.com\/de\/products\/manual-butterfly-valve.html\/#form\"><i class=\"fa fa-commenting-o\" aria-hidden=\"true\"><\/i>\u00a0VENTILPREIS ERHALTEN<\/a><\/div>\n<\/div>\n<div class=\"box-rt\">\n<div class=\"gg\">\n<div class=\"swiper-container swiper-container-initialized swiper-container-vertical\">\n<div class=\"swiper-wrapper\"><\/div>\n<\/div>\n<\/div>\n<\/div>\n<\/div>\n<div class=\"richtext\">\n<h2>Beschreibung des manuellen Absperrventils:<\/h2>\n<p>Das ZECO-Absperrventil ist nach der manuellen Bedienung benannt und entsprechend der manuellen Bedienung benannt. Manuell betriebene Absperrventile k\u00f6nnen mit einem Griff oder einem Zahnrad bedient werden. Griffbetriebene Absperrventile werden normalerweise f\u00fcr Absperrventile mit kleinem Durchmesser verwendet. Aufgrund des geringen \u00d6ffnungsdrehmoments k\u00f6nnen Bediener den Griff verwenden. Bei gro\u00dfen Absperrventilen ist es f\u00fcr den Bediener schwierig, sie zu \u00f6ffnen, selbst wenn sie ein gro\u00dfes \u00d6ffnungsdrehmoment haben. Daher wird ein Zahnradbetrieb verwendet. Der Zahnradbetrieb reduziert die \u00d6ffnungskraft durch mehrstufige Zahnr\u00e4der auf ein sehr niedriges Niveau.<\/p>\n<p>&nbsp;<\/p>\n<h2>Merkmale des manuellen Absperrventils:<\/h2>\n<p>1. Bei der Konstruktion des manuellen Absperrventils von ZECO wurde dieses Problem insbesondere bei der Anwendung zur Absperrventileinstellung ber\u00fccksichtigt. Das Dichtungsprinzip des dreifach exzentrischen Absperrventils wurde voll ausgenutzt. Bei der Konstruktion des \u00d6ffnungswinkels wurden fehlende Bereiche vermieden, wodurch das Problem der regionalen Einstellbarkeit eliminiert und der Fall geringer \u00d6ffnungswinkel und das normale Ph\u00e4nomen der Nichteinstellung aufgrund von Reibung weiter ausgeschlossen wurden.<\/p>\n<p>2. Das Design des manuellen ZECO-Absperrventils erfordert gr\u00f6\u00dfere Temperatur- und Druckbereiche, die herk\u00f6mmliche Absperrventile mit weichem Sitz nicht erf\u00fcllen k\u00f6nnen. Dies hat zur Entwicklung von Hochleistungs-Absperrventilen oder dreifach versetzten Absperrventilen gef\u00fchrt.<\/p>\n<p>3. Die Welle des manuellen ZECO-Absperrventils wird vollst\u00e4ndig durch Wellenlager und Stopfbuchsenrolle gef\u00fchrt, um jegliche seitliche Belastung durch Leitungsdruckschub zu vermeiden.<\/p>\n<p>4. Der Dichtungsring des manuellen Absperrventils von ZECO ist so konzipiert, dass er ausgetauscht werden kann. Bei l\u00e4ngerem Gebrauch werden die Dichtfl\u00e4chen von Sitz und Klappe unvermeidlich besch\u00e4digt und die Dichtfl\u00e4che beeintr\u00e4chtigt. Um diese Probleme zu beheben, wird normalerweise das Ventil ausgebaut und das gesamte Ventil ausgetauscht. Solche Vorg\u00e4nge sind sehr kostspielig, da man f\u00fcr die Wartung einen Ersatzteilkauf mit dem Ventil t\u00e4tigen muss und lange Wartezeiten bei der Lieferung des Ventils entstehen. Das austauschbare Design des Ventilsitzes und Dichtungsrings von ZECO kann bei Bedarf direkt vor Ort repariert werden, was Zeit und Geld spart.<\/p>\n<p>&nbsp;<\/p>\n<h2>Material des manuellen Absperrventils:<\/h2>\n<table>\n<tbody>\n<tr class=\"firstRow\">\n<td valign=\"center\">Nein<\/td>\n<td valign=\"center\">Teil<\/td>\n<td valign=\"center\">Material<\/td>\n<\/tr>\n<tr>\n<td valign=\"center\">1<\/td>\n<td valign=\"center\">K\u00f6rper<\/td>\n<td valign=\"center\">ASTM A351 CF8M<\/td>\n<\/tr>\n<tr>\n<td valign=\"center\">2<\/td>\n<td valign=\"center\">Dichtungsring<\/td>\n<td valign=\"center\">Graphit + SS316<\/td>\n<\/tr>\n<tr>\n<td valign=\"center\">3<\/td>\n<td valign=\"center\">Halteflansch<\/td>\n<td valign=\"center\">ASTM A182 F316<\/td>\n<\/tr>\n<tr>\n<td valign=\"center\">4<\/td>\n<td valign=\"center\">Stift<\/td>\n<td valign=\"center\">ASTM A276 316<\/td>\n<\/tr>\n<tr>\n<td valign=\"center\">5<\/td>\n<td valign=\"center\">Scheibe<\/td>\n<td valign=\"center\">ASTM A351 CF8M<\/td>\n<\/tr>\n<tr>\n<td valign=\"center\">6<\/td>\n<td valign=\"center\">Vorbau<\/td>\n<td valign=\"center\">ASTM A276 316<\/td>\n<\/tr>\n<tr>\n<td valign=\"center\">7<\/td>\n<td valign=\"center\">Spindelpackung<\/td>\n<td valign=\"center\">Graphit<\/td>\n<\/tr>\n<tr>\n<td valign=\"center\">8<\/td>\n<td valign=\"center\">Vorbauklopfen<\/td>\n<td valign=\"center\">SS316 + PTFE<\/td>\n<\/tr>\n<tr>\n<td valign=\"center\">9<\/td>\n<td valign=\"center\">Schraube<\/td>\n<td valign=\"center\">ASTM A193 B8<\/td>\n<\/tr>\n<tr>\n<td valign=\"center\">10<\/td>\n<td valign=\"center\">Nuss<\/td>\n<td valign=\"center\">ASTM A194 8<\/td>\n<\/tr>\n<tr>\n<td valign=\"center\">11<\/td>\n<td valign=\"center\">Joch<\/td>\n<td valign=\"center\">ASTM A216 WCB<\/td>\n<\/tr>\n<\/tbody>\n<\/table>\n<\/div>","protected":false},"excerpt":{"rendered":"<p>Manuelles Absperrventil. VENTILPREIS ERHALTEN. Beschreibung des manuellen Absperrventils: Das ZECO-Absperrventil ist nach der manuellen Bedienung benannt und \u2026 <a title=\"Manuelle Absperrklappe\" class=\"read-more\" href=\"https:\/\/zecovalve.com\/de\/produkt\/manual-butterfly-valve\" aria-label=\"Mehr zu Manual Butterfly Valve\">Weiterlesen ...<\/a><\/p>","protected":false},"featured_media":16416,"comment_status":"closed","ping_status":"closed","template":"","meta":{"_generate-full-width-content":"","kt_blocks_editor_width":""},"product_cat":[2044,2468,2604],"product_tag":[],"class_list":["post-16415","product","type-product","status-publish","has-post-thumbnail","hentry","product_cat-butterfly-valve","product_cat-butterfly-valve-by-drive-mode","product_cat-triple-offset-butterfly-valve","sales-flash-overlay","woocommerce-text-align-center","woocommerce-image-align-center","do-quantity-buttons"],"featured_image_src_large":["https:\/\/zecovalve.com\/wp-content\/uploads\/2022\/06\/manual-butterfly-valve.jpg",800,600,false],"author_info":[],"comment_info":0,"taxonomy_info":{"product_cat":[{"value":2044,"label":"Butterfly Valve"},{"value":2468,"label":"Butterfly Valve By Drive Mode"},{"value":2604,"label":"Triple Offset Butterfly Valve"}]},"yoast_head":"<!-- This site is optimized with the Yoast SEO Premium plugin v15.4 - https:\/\/yoast.com\/wordpress\/plugins\/seo\/ -->\n<title>Manual Butterfly Valve - ZECO Valve<\/title>\n<meta name=\"robots\" content=\"index, follow, max-snippet:-1, max-image-preview:large, max-video-preview:-1\" \/>\n<link rel=\"canonical\" href=\"https:\/\/zecovalve.com\/de\/produkt\/manual-butterfly-valve\" \/>\n<meta property=\"og:locale\" content=\"de_DE\" \/>\n<meta property=\"og:type\" content=\"article\" \/>\n<meta property=\"og:title\" content=\"Manual Butterfly Valve - ZECO Valve\" \/>\n<meta property=\"og:description\" content=\"Manual Butterfly Valve \u00a0GET VALVE PRICE Description of Manual Butterfly Valve: The ZECO butterfly valve is named after the manual operation and ... Weiterlesen ...\" \/>\n<meta property=\"og:url\" content=\"https:\/\/zecovalve.com\/de\/produkt\/manual-butterfly-valve\" \/>\n<meta property=\"og:site_name\" content=\"ZECO Valve\" \/>\n<meta property=\"article:modified_time\" content=\"2022-06-28T03:25:31+00:00\" \/>\n<meta property=\"og:image\" content=\"https:\/\/zecovalve.com\/wp-content\/uploads\/2022\/06\/manual-butterfly-valve.jpg\" \/>\n\t<meta property=\"og:image:width\" content=\"800\" \/>\n\t<meta property=\"og:image:height\" content=\"600\" \/>\n<meta name=\"twitter:card\" content=\"summary_large_image\" \/>\n<meta name=\"twitter:label1\" content=\"Verfasst von\">\n\t<meta name=\"twitter:data1\" content=\"Jerry\">\n\t<meta name=\"twitter:label2\" content=\"Gesch\u00e4tzte Lesezeit\">\n\t<meta name=\"twitter:data2\" content=\"2\u00a0Minuten\">\n<script type=\"application\/ld+json\" class=\"yoast-schema-graph\">{\"@context\":\"https:\/\/schema.org\",\"@graph\":[{\"@type\":\"WebSite\",\"@id\":\"https:\/\/zecovalve.com\/#website\",\"url\":\"https:\/\/zecovalve.com\/\",\"name\":\"ZECO Valve\",\"description\":\"Industrial Ball Valve, Gate Valve and Globe Valve Manufacturer\",\"potentialAction\":[{\"@type\":\"SearchAction\",\"target\":\"https:\/\/zecovalve.com\/?s={search_term_string}\",\"query-input\":\"required name=search_term_string\"}],\"inLanguage\":\"de\"},{\"@type\":\"ImageObject\",\"@id\":\"https:\/\/zecovalve.com\/product\/manual-butterfly-valve#primaryimage\",\"inLanguage\":\"de\",\"url\":\"https:\/\/zecovalve.com\/wp-content\/uploads\/2022\/06\/manual-butterfly-valve.jpg\",\"width\":800,\"height\":600,\"caption\":\"Manual Butterfly Valve\"},{\"@type\":\"WebPage\",\"@id\":\"https:\/\/zecovalve.com\/product\/manual-butterfly-valve#webpage\",\"url\":\"https:\/\/zecovalve.com\/product\/manual-butterfly-valve\",\"name\":\"Manual Butterfly Valve - ZECO Valve\",\"isPartOf\":{\"@id\":\"https:\/\/zecovalve.com\/#website\"},\"primaryImageOfPage\":{\"@id\":\"https:\/\/zecovalve.com\/product\/manual-butterfly-valve#primaryimage\"},\"datePublished\":\"2022-06-21T04:57:53+00:00\",\"dateModified\":\"2022-06-28T03:25:31+00:00\",\"breadcrumb\":{\"@id\":\"https:\/\/zecovalve.com\/product\/manual-butterfly-valve#breadcrumb\"},\"inLanguage\":\"de\",\"potentialAction\":[{\"@type\":\"ReadAction\",\"target\":[\"https:\/\/zecovalve.com\/product\/manual-butterfly-valve\"]}]},{\"@type\":\"BreadcrumbList\",\"@id\":\"https:\/\/zecovalve.com\/product\/manual-butterfly-valve#breadcrumb\",\"itemListElement\":[{\"@type\":\"ListItem\",\"position\":1,\"item\":{\"@type\":\"WebPage\",\"@id\":\"https:\/\/zecovalve.com\/\",\"url\":\"https:\/\/zecovalve.com\/\",\"name\":\"Home\"}},{\"@type\":\"ListItem\",\"position\":2,\"item\":{\"@type\":\"WebPage\",\"@id\":\"https:\/\/zecovalve.com\/product-category\",\"url\":\"https:\/\/zecovalve.com\/product-category\",\"name\":\"Industrial Valve Manufacturer | Water Valve Manufacturer\"}},{\"@type\":\"ListItem\",\"position\":3,\"item\":{\"@type\":\"WebPage\",\"@id\":\"https:\/\/zecovalve.com\/product\/manual-butterfly-valve\",\"url\":\"https:\/\/zecovalve.com\/product\/manual-butterfly-valve\",\"name\":\"Manual Butterfly Valve\"}}]}]}<\/script>\n<!-- \/ Yoast SEO Premium plugin. -->","_links":{"self":[{"href":"https:\/\/zecovalve.com\/de\/wp-json\/wp\/v2\/product\/16415","targetHints":{"allow":["GET"]}}],"collection":[{"href":"https:\/\/zecovalve.com\/de\/wp-json\/wp\/v2\/product"}],"about":[{"href":"https:\/\/zecovalve.com\/de\/wp-json\/wp\/v2\/types\/product"}],"replies":[{"embeddable":true,"href":"https:\/\/zecovalve.com\/de\/wp-json\/wp\/v2\/comments?post=16415"}],"wp:featuredmedia":[{"embeddable":true,"href":"https:\/\/zecovalve.com\/de\/wp-json\/wp\/v2\/media\/16416"}],"wp:attachment":[{"href":"https:\/\/zecovalve.com\/de\/wp-json\/wp\/v2\/media?parent=16415"}],"wp:term":[{"taxonomy":"product_cat","embeddable":true,"href":"https:\/\/zecovalve.com\/de\/wp-json\/wp\/v2\/product_cat?post=16415"},{"taxonomy":"product_tag","embeddable":true,"href":"https:\/\/zecovalve.com\/de\/wp-json\/wp\/v2\/product_tag?post=16415"}],"curies":[{"name":"wp","href":"https:\/\/api.w.org\/{rel}","templated":true}]}}