{"id":16417,"date":"2022-06-21T05:02:27","date_gmt":"2022-06-21T05:02:27","guid":{"rendered":"https:\/\/zecovalve.com\/?post_type=product&#038;p=16417"},"modified":"2023-06-17T00:58:13","modified_gmt":"2023-06-17T00:58:13","slug":"stainless-steel-swing-check-valve","status":"publish","type":"product","link":"https:\/\/zecovalve.com\/de\/produkt\/stainless-steel-swing-check-valve","title":{"rendered":"R\u00fcckschlagventil aus Edelstahl"},"content":{"rendered":"<p>R\u00fcckschlagventile sind R\u00fcckflussverhinderer, die verhindern sollen, dass Fl\u00fcssigkeiten oder Gase in wichtige Prozesssysteme zur\u00fcckflie\u00dfen. Das R\u00fcckschlagventil hat ein Geh\u00e4use und eine Verkleidung aus Edelstahl sowie einen Flanschanschluss. Der Druckbereich kann zwischen 150 und 2500 Pfund liegen.<\/p>\r\n\r\n\r\n\r\n<figure class=\"wp-block-image alignnone size-medium wp-image-16418\">\r\n<p><img loading=\"lazy\" decoding=\"async\" class=\"wp-image-27924 size-medium\" src=\"https:\/\/zecovalve.com\/wp-content\/uploads\/2022\/06\/Stainless-Steel-Swing-Check-Valve-1-300x225.jpg\" alt=\"R\u00fcckschlagventil aus Edelstahl\" width=\"300\" height=\"225\" srcset=\"https:\/\/zecovalve.com\/wp-content\/uploads\/2022\/06\/Stainless-Steel-Swing-Check-Valve-1-300x225.jpg 300w, https:\/\/zecovalve.com\/wp-content\/uploads\/2022\/06\/Stainless-Steel-Swing-Check-Valve-1-768x576.jpg 768w, https:\/\/zecovalve.com\/wp-content\/uploads\/2022\/06\/Stainless-Steel-Swing-Check-Valve-1-600x450.jpg 600w, https:\/\/zecovalve.com\/wp-content\/uploads\/2022\/06\/Stainless-Steel-Swing-Check-Valve-1.jpg 800w\" sizes=\"auto, (max-width: 300px) 100vw, 300px\" \/><\/p>\r\n<\/figure>\r\n\r\n\r\n\r\n\r\n<div class=\"gb-button-wrapper gb-button-wrapper-6d8495a3\">\r\n\r\n\r\n<p><a class=\"gb-button gb-button-3d442e11 gb-button-text\" href=\"mailto:commercial@zecovalve.com\" target=\"_blank\" rel=\"noopener noreferrer\"><strong>PREIS F\u00dcR EDELSTAHL-R\u00dcCKSCHLAGVENTILE ERHALTEN<\/strong><\/a><\/p>\r\n<\/div>\r\n\r\n\r\n<h2 class=\"wp-block-heading\" id=\"h-what-is-a-stainless-steel-swing-check-valve\">Was ist ein R\u00fcckschlagventil aus Edelstahl?<\/h2>\r\n\r\n\r\n\r\n<p>Edelstahl-R\u00fcckschlagventile werden streng nach den internationalen Standards API 6D, BS1868, ASME B16.34 oder gleichwertigen Standards entwickelt und hergestellt, um den Str\u00f6mungswiderstand und Druckabfall auf das geringstm\u00f6gliche Ma\u00df zu reduzieren. Sie sind nur f\u00fcr die Montage in horizontaler Position geeignet, der gel\u00e4ppte und eingeschraubte Sitzring gew\u00e4hrleistet dichtes Absperren und lange Lebensdauer. Die Ventilscheibe ist perfekt konstruiert, pr\u00e4zise bearbeitet und gef\u00fchrt, um eine effiziente automatische Abschaltung bei Nulldruck zu gew\u00e4hrleisten, mit einer kompakten Struktur und geringem Emissionsbetrieb. Sowohl in Schwing- als auch in Kolbenkonstruktion.<\/p>\r\n\r\n\r\n\r\n<p>ZECO ist ein professioneller Hersteller von R\u00fcckschlagventilen. Als Edelstahlmaterialien stehen ASTM A351 CF8, ASTM A351 CF8M, ASTM A351 CF3, ASTM A351 CF3M, UNS S32205 oder Super-Edelstahlmaterialien usw. zur Auswahl. ZECO ist sehr streng bei der Pr\u00fcfung der Rohstoffe. Alle Edelstahlmaterialien m\u00fcssen bei ihrer Ankunft im Werk einer Spektralpr\u00fcfung und einer physikalischen Analyse unterzogen werden. Erst wenn sie die Anforderungen internationaler Standards erf\u00fcllen, d\u00fcrfen sie das Werk betreten und den formellen Verarbeitungsprozess beginnen. Das Edelstahl-R\u00fcckschlagventil von ZECO \u00f6ffnet die Scheibe vollst\u00e4ndig in der Leitung, um den Durchfluss des Scheibenmediums zu verhindern und den Durchflusswiderstand zu erh\u00f6hen. Das R\u00fcckschlagventil ist die wichtigste Prozessanforderung an die Scheibendichtfl\u00e4che und die Ventilk\u00f6rperdichtfl\u00e4che, da keine \u00e4u\u00dfere Kraft zur Abdichtung vorhanden ist. Daher k\u00f6nnen nur die Dichtfl\u00e4che der Scheibe und des Ventilsitzes eng aufeinander abgestimmt werden, um den vollst\u00e4ndigen Dichtzustand zu erreichen. Gleichzeitig kann das Material der Scheibendichtfl\u00e4che entsprechend den Anforderungen der Arbeitsbedingungen ge\u00e4ndert werden, um den gew\u00fcnschten Effekt zu erzielen.<\/p>\r\n\r\n\r\n\r\n<h2 class=\"wp-block-heading\" id=\"h-features-of-stainless-steel-swing-check-valve\">Merkmale des R\u00fcckschlagventils aus Edelstahl:<\/h2>\r\n\r\n\r\n\r\n<ul class=\"wp-block-list\">\r\n<li>Das Material des ZECO-R\u00fcckschlagventils aus Edelstahl wurde strengen Tests unterzogen, um internationalen Standards zu entsprechen.<\/li>\r\n<li>Das Scharnier und der Scharnierstift des ZECO-R\u00fcckschlagventils aus Edelstahl sind so vorgesehen und montiert, dass die volle Bewegung der Scheibe m\u00f6glich ist. Und ZECO stellt sicher, dass die Scheibe im K\u00f6rper vollst\u00e4ndig ge\u00f6ffnet ist.<\/li>\r\n<li>Der Sitz des ZECO-R\u00fcckschlagventils aus Edelstahl ist erneuerbar;<\/li>\r\n<li>Standard-Schwenkscheibentyp, wird in horizontaler Position f\u00fcr Fl\u00fcssigkeitsanwendungen oder in vertikaler Position verwendet, wo die Fl\u00fcssigkeit von unten nach oben flie\u00dft.<\/li>\r\n<li>Entworfen und hergestellt nach API 6D, BS1868 oder ASME B16.34;<\/li>\r\n<li>Baul\u00e4ngenma\u00dfe gem\u00e4\u00df ASME B16.10;<\/li>\r\n<li>Strukturiert in verschraubter Abdeckung;<\/li>\r\n<li>Optionales Bypass-System und Gegengewichtsbaugruppe;<\/li>\r\n<li>Schnelles Schlie\u00dfen und flexible Aktionen der Ventilscheibe;<\/li>\r\n<li>Geringe Schlie\u00dfwirkung, es kann kein Wasserschlag entstehen;<\/li>\r\n<li>Schwingscheibe;<\/li>\r\n<li>Kann mit einem D\u00e4mpfungszylinder ausgef\u00fchrt werden.<\/li>\r\n<\/ul>\r\n\r\n\r\n\r\n<h2 class=\"wp-block-heading\" id=\"h-product-range-of-stainless-steel-swing-check-valves\">Produktpalette an Edelstahl-R\u00fcckschlagklappen<\/h2>\r\n\r\n\r\n\r\n<ul class=\"wp-block-list\">\r\n<li><span style=\"background-color: var(--base-3); color: var(--contrast);\">Nenndurchmesser: 1\/2\u2033\uff5e60\u2033<\/span><\/li>\r\n<li>Druckbereich: Klasse 150 \u2013 1500<\/li>\r\n<li>Endverbindung: RF, RTJ, BW<\/li>\r\n<li>Arbeitstemperatur: -46 \u00b0C bis +560 \u00b0C.<\/li>\r\n<\/ul>\r\n\r\n\r\n\r\n<h2 class=\"wp-block-heading\">Soll das R\u00fcckschlagventil vertikal oder horizontal eingebaut werden?<\/h2>\r\n\r\n\r\n\r\n<p>Viele Leute fragen uns: \u201eK\u00f6nnen R\u00fcckschlagventile vertikal eingebaut werden?\u201c<\/p>\r\n\r\n\r\n\r\n<p>Die einfache Antwort auf diese Frage lautet: Ja, R\u00fcckschlagventile k\u00f6nnen in beide Richtungen eingebaut werden. Aber um es ganz klar zu sagen: Der Einbau eines R\u00fcckschlagventils in eine horizontale Rohrleitung kann tats\u00e4chlich so aussehen, als w\u00e4re das Ventil vertikal. Wenn Sie ein R\u00fcckschlagventil in eine vertikale Rohrleitung einbauen, ist das Ventil horizontal.<\/p>\r\n\r\n\r\n\r\n<p>Am h\u00e4ufigsten wird ein R\u00fcckschlagventil jedoch an einer horizontalen Rohrleitung installiert. Wenn gefragt wird, ob R\u00fcckschlagventile vertikal installiert werden k\u00f6nnen, ist damit normalerweise die Rohrleitung gemeint.<\/p>\r\n\r\n\r\n\r\n<h2 class=\"wp-block-heading\">So installieren Sie R\u00fcckschlagventile vertikal<\/h2>\r\n\r\n\r\n\r\n<p>Der Einbau eines R\u00fcckschlagventils in eine vertikale Rohrleitung \u00e4ndert nichts am Installationsprozess, Sie m\u00fcssen jedoch darauf achten, dass der Durchflusspfeil nach oben zeigt. Dadurch kann das Wasser durch die Rohrleitung nach oben flie\u00dfen und wird verhindert, dass es durch die Schwerkraft zur\u00fcckgezogen wird und die Wasserversorgung verunreinigt.<\/p>\r\n\r\n\r\n\r\n<p>Obwohl es R\u00fcckschlagventile in verschiedenen Gr\u00f6\u00dfen und Ausf\u00fchrungen gibt, k\u00f6nnen Sie sich anhand dieses Diagramms die Funktionsweise von innen ansehen.<\/p>\r\n\r\n\r\n\r\n<h3 class=\"wp-block-heading\">Schritte zur Installation eines R\u00fcckschlagventils<\/h3>\r\n\r\n\r\n\r\n<p>Das Anbringen eines R\u00fcckschlagventils an einer Rohrleitung ist \u00e4u\u00dferst einfach, aber Sie werden feststellen, dass es sich lohnt, langsam vorzugehen und die Dinge sorgf\u00e4ltig zu pr\u00fcfen. Es ist viel einfacher, w\u00e4hrend der Installation ein Problem zu erkennen, als Ihr R\u00fcckschlagventil zu deinstallieren oder auszutauschen.<\/p>\r\n\r\n\r\n\r\n<p>So installieren Sie ein R\u00fcckschlagventil:<\/p>\r\n\r\n\r\n\r\n<ol class=\"wp-block-list\">\r\n<li><strong>Gr\u00f6\u00dfe des R\u00fcckschlagventils<\/strong> Bevor Sie Ihr R\u00fcckschlagventil kaufen, stellen Sie sicher, dass Sie die Gr\u00f6\u00dfe und den Stil kennen, die Sie ben\u00f6tigen. Messen Sie die Rohre, an denen Sie das Ventil anbringen m\u00f6chten, und pr\u00fcfen Sie das Material. Es gibt Gewindeventile, Muffenventile und Materialien wie Kohlenstoffstahl, Edelstahl und PVC. Hier finden Sie noch mehr Optionen.<\/li>\r\n<li><strong>Blick ins Innere des Ventils<\/strong> Ein kurzer Blick in das Ventil stellt sicher, dass w\u00e4hrend des Transports nichts darin stecken geblieben ist. Wenn etwas Kleines in das R\u00fcckschlagventil gelangt, kann es m\u00f6glicherweise dazu f\u00fchren, dass die Klappe stecken bleibt und das gesamte Wasser nicht mehr abflie\u00dfen kann. Dies ist ein schneller und einfacher Schritt, der Ihnen viel Zeit und \u00c4rger ersparen kann.<\/li>\r\n<li><strong>\u00dcberpr\u00fcfen Sie die Kanten<\/strong> Unabh\u00e4ngig davon, ob Sie ein R\u00fcckschlagventil mit Flanschen ben\u00f6tigen oder nicht, sollten Sie die Kanten genau pr\u00fcfen. Achten Sie auf unebene Kanten, Kratzer oder andere Dinge, die die ordnungsgem\u00e4\u00dfe Abdichtung Ihres Ventils beeintr\u00e4chtigen k\u00f6nnten.<\/li>\r\n<li><strong>Platzierung des Ventils best\u00e4tigen<\/strong> Dies ist der einzige Schritt, der sich je nach Richtung Ihrer Rohrleitung \u00e4ndert. Suchen Sie auf Ihrem Ventil nach einem Pfeil, der die Flie\u00dfrichtung angibt. Wenn Sie Ihr R\u00fcckschlagventil an einer horizontalen Rohrleitung installieren, platzieren Sie es in der entsprechenden Richtung.<\/li>\r\n<\/ol>\r\n\r\n\r\n\r\n<p>Wenn Sie Ihr R\u00fcckschlagventil an einer vertikalen Rohrleitung installieren, achten Sie darauf, dass der Durchflusspfeil nach oben zeigt.<\/p>\r\n\r\n\r\n\r\n<ol class=\"wp-block-list\" start=\"5\">\r\n<li><strong>Befestigen Sie das R\u00fcckschlagventil an der Rohrleitung<\/strong> Zum Schluss k\u00f6nnen Sie Ihr R\u00fcckschlagventil an Ihrer Rohrleitung befestigen. Je nach verwendetem Ventiltyp m\u00fcssen Sie es entweder mit der Hand festschrauben oder die Teile einfach zusammenstecken und sicherstellen, dass sie fest sitzen.<\/li>\r\n<li><strong>Testen Sie das Ventil<\/strong> Sie k\u00f6nnen die Funktion Ihres R\u00fcckschlagventils testen, indem Sie das Wasser aufdrehen und sicherstellen, dass es flie\u00dft. Wenn Sie ein durchsichtiges PVC-Ventil wie dieses verwenden, ist das Testen einfach, da Sie sehen k\u00f6nnen, wie das Ventil funktioniert.<\/li>\r\n<\/ol>\r\n\r\n\r\n\r\n<p>Wenn Sie beim Testen feststellen, dass Ihr Wasserfluss blockiert ist, sollten Sie die Richtung Ihres R\u00fcckschlagventils noch einmal \u00fcberpr\u00fcfen. Wenn Sie ein Leck oder ein anderes Problem feststellen, k\u00f6nnen Sie das Problem mithilfe der folgenden Tipps beheben.<\/p>\r\n\r\n\r\n\r\n<h2 class=\"wp-block-heading\" id=\"h-material-of-stainless-steel-swing-check-valves\">Material der R\u00fcckschlagventile aus Edelstahl<\/h2>\r\n\r\n\r\n\r\n<figure class=\"wp-block-table\">\r\n<table>\r\n<tbody>\r\n<tr>\r\n<td>Nein<\/td>\r\n<td>Teil<\/td>\r\n<td>Material<\/td>\r\n<\/tr>\r\n<tr>\r\n<td>1<\/td>\r\n<td>K\u00f6rper<\/td>\r\n<td>ASTM A351 CF8<\/td>\r\n<\/tr>\r\n<tr>\r\n<td>2<\/td>\r\n<td>Sitz<\/td>\r\n<td>ASTM A182 F304<\/td>\r\n<\/tr>\r\n<tr>\r\n<td>3<\/td>\r\n<td>Scheibe<\/td>\r\n<td>ASTM A351 CF8<\/td>\r\n<\/tr>\r\n<tr>\r\n<td>4<\/td>\r\n<td>Arm<\/td>\r\n<td>ASTM A351 CF8<\/td>\r\n<\/tr>\r\n<tr>\r\n<td>5<\/td>\r\n<td>Nuss<\/td>\r\n<td>ASTM A194 8<\/td>\r\n<\/tr>\r\n<tr>\r\n<td>6<\/td>\r\n<td>Stift<\/td>\r\n<td>ASTM A182 F304<\/td>\r\n<\/tr>\r\n<tr>\r\n<td>7<\/td>\r\n<td>Verbinder<\/td>\r\n<td>ASTM A351 CF8<\/td>\r\n<\/tr>\r\n<tr>\r\n<td>8<\/td>\r\n<td>Dichtung<\/td>\r\n<td>Graphit + SS304<\/td>\r\n<\/tr>\r\n<tr>\r\n<td>9<\/td>\r\n<td>Motorhaube<\/td>\r\n<td>ASTM A351 CF8<\/td>\r\n<\/tr>\r\n<tr>\r\n<td>10<\/td>\r\n<td>Schraube<\/td>\r\n<td>ASTM A193 B8<\/td>\r\n<\/tr>\r\n<\/tbody>\r\n<\/table>\r\n<\/figure>","protected":false},"excerpt":{"rendered":"<p>R\u00fcckschlagventile sind R\u00fcckflussverhinderer, die verhindern sollen, dass Fl\u00fcssigkeiten oder Gase in wichtige Prozesssysteme zur\u00fcckflie\u00dfen. Die \u2026 <a title=\"R\u00fcckschlagventil aus Edelstahl\" class=\"read-more\" href=\"https:\/\/zecovalve.com\/de\/produkt\/stainless-steel-swing-check-valve\" aria-label=\"Mehr zu Edelstahl-R\u00fcckschlagventil\">Weiterlesen ...<\/a><\/p>","protected":false},"featured_media":27924,"comment_status":"closed","ping_status":"closed","template":"","meta":{"_generate-full-width-content":"","kt_blocks_editor_width":""},"product_cat":[2455,2067],"product_tag":[2657,2661,2660,2723],"class_list":["post-16417","product","type-product","status-publish","has-post-thumbnail","hentry","product_cat-check-valve","product_cat-swing-check-valve","product_tag-non-return-valve","product_tag-nrv-valve","product_tag-swing-check-valve","product_tag-what-is-a-valve","sales-flash-overlay","woocommerce-text-align-center","woocommerce-image-align-center","do-quantity-buttons"],"featured_image_src_large":["https:\/\/zecovalve.com\/wp-content\/uploads\/2022\/06\/Stainless-Steel-Swing-Check-Valve-1.jpg",800,600,false],"author_info":[],"comment_info":0,"taxonomy_info":{"product_cat":[{"value":2455,"label":"Check Valve"},{"value":2067,"label":"Swing Check Valve"}],"product_tag":[{"value":2657,"label":"Non Return Valve"},{"value":2661,"label":"NRV Valve"},{"value":2660,"label":"Swing Check Valve"},{"value":2723,"label":"What is a Valve"}]},"yoast_head":"<!-- This site is optimized with the Yoast SEO Premium plugin v15.4 - https:\/\/yoast.com\/wordpress\/plugins\/seo\/ -->\n<title>Stainless Steel Swing Check Valve - Check Valve Types | ZECO Valve<\/title>\n<meta name=\"robots\" content=\"index, follow, max-snippet:-1, max-image-preview:large, max-video-preview:-1\" \/>\n<link rel=\"canonical\" href=\"https:\/\/zecovalve.com\/de\/produkt\/stainless-steel-swing-check-valve\" \/>\n<meta property=\"og:locale\" content=\"de_DE\" \/>\n<meta property=\"og:type\" content=\"article\" \/>\n<meta property=\"og:title\" content=\"Stainless Steel Swing Check Valve - Check Valve Types | ZECO Valve\" \/>\n<meta property=\"og:description\" content=\"Check valves are backflow prevention devices designed to prevent the fluid (liquid or gas) from flowing backward into vital process systems. The ... Weiterlesen ...\" \/>\n<meta property=\"og:url\" content=\"https:\/\/zecovalve.com\/de\/produkt\/stainless-steel-swing-check-valve\" \/>\n<meta property=\"og:site_name\" content=\"ZECO Valve\" \/>\n<meta property=\"article:modified_time\" content=\"2023-06-17T00:58:13+00:00\" \/>\n<meta property=\"og:image\" content=\"https:\/\/zecovalve.com\/wp-content\/uploads\/2022\/06\/Stainless-Steel-Swing-Check-Valve-1.jpg\" \/>\n\t<meta property=\"og:image:width\" content=\"800\" \/>\n\t<meta property=\"og:image:height\" content=\"600\" \/>\n<meta name=\"twitter:card\" content=\"summary_large_image\" \/>\n<meta name=\"twitter:label1\" content=\"Verfasst von\">\n\t<meta name=\"twitter:data1\" content=\"Jerry\">\n\t<meta name=\"twitter:label2\" content=\"Gesch\u00e4tzte Lesezeit\">\n\t<meta name=\"twitter:data2\" content=\"5\u00a0Minuten\">\n<script type=\"application\/ld+json\" class=\"yoast-schema-graph\">{\"@context\":\"https:\/\/schema.org\",\"@graph\":[{\"@type\":\"WebSite\",\"@id\":\"https:\/\/zecovalve.com\/#website\",\"url\":\"https:\/\/zecovalve.com\/\",\"name\":\"ZECO Valve\",\"description\":\"Industrial Ball Valve, Gate Valve and Globe Valve Manufacturer\",\"potentialAction\":[{\"@type\":\"SearchAction\",\"target\":\"https:\/\/zecovalve.com\/?s={search_term_string}\",\"query-input\":\"required name=search_term_string\"}],\"inLanguage\":\"de\"},{\"@type\":\"ImageObject\",\"@id\":\"https:\/\/zecovalve.com\/product\/stainless-steel-swing-check-valve#primaryimage\",\"inLanguage\":\"de\",\"url\":\"https:\/\/zecovalve.com\/wp-content\/uploads\/2022\/06\/Stainless-Steel-Swing-Check-Valve-1.jpg\",\"width\":800,\"height\":600,\"caption\":\"Stainless Steel Swing Check Valve\"},{\"@type\":\"WebPage\",\"@id\":\"https:\/\/zecovalve.com\/product\/stainless-steel-swing-check-valve#webpage\",\"url\":\"https:\/\/zecovalve.com\/product\/stainless-steel-swing-check-valve\",\"name\":\"Stainless Steel Swing Check Valve - Check Valve Types | ZECO Valve\",\"isPartOf\":{\"@id\":\"https:\/\/zecovalve.com\/#website\"},\"primaryImageOfPage\":{\"@id\":\"https:\/\/zecovalve.com\/product\/stainless-steel-swing-check-valve#primaryimage\"},\"datePublished\":\"2022-06-21T05:02:27+00:00\",\"dateModified\":\"2023-06-17T00:58:13+00:00\",\"breadcrumb\":{\"@id\":\"https:\/\/zecovalve.com\/product\/stainless-steel-swing-check-valve#breadcrumb\"},\"inLanguage\":\"de\",\"potentialAction\":[{\"@type\":\"ReadAction\",\"target\":[\"https:\/\/zecovalve.com\/product\/stainless-steel-swing-check-valve\"]}]},{\"@type\":\"BreadcrumbList\",\"@id\":\"https:\/\/zecovalve.com\/product\/stainless-steel-swing-check-valve#breadcrumb\",\"itemListElement\":[{\"@type\":\"ListItem\",\"position\":1,\"item\":{\"@type\":\"WebPage\",\"@id\":\"https:\/\/zecovalve.com\/\",\"url\":\"https:\/\/zecovalve.com\/\",\"name\":\"Home\"}},{\"@type\":\"ListItem\",\"position\":2,\"item\":{\"@type\":\"WebPage\",\"@id\":\"https:\/\/zecovalve.com\/product-category\",\"url\":\"https:\/\/zecovalve.com\/product-category\",\"name\":\"Industrial Valve Manufacturer | Water Valve Manufacturer\"}},{\"@type\":\"ListItem\",\"position\":3,\"item\":{\"@type\":\"WebPage\",\"@id\":\"https:\/\/zecovalve.com\/product\/stainless-steel-swing-check-valve\",\"url\":\"https:\/\/zecovalve.com\/product\/stainless-steel-swing-check-valve\",\"name\":\"Stainless Steel Swing Check Valve\"}}]}]}<\/script>\n<!-- \/ Yoast SEO Premium plugin. -->","_links":{"self":[{"href":"https:\/\/zecovalve.com\/de\/wp-json\/wp\/v2\/product\/16417","targetHints":{"allow":["GET"]}}],"collection":[{"href":"https:\/\/zecovalve.com\/de\/wp-json\/wp\/v2\/product"}],"about":[{"href":"https:\/\/zecovalve.com\/de\/wp-json\/wp\/v2\/types\/product"}],"replies":[{"embeddable":true,"href":"https:\/\/zecovalve.com\/de\/wp-json\/wp\/v2\/comments?post=16417"}],"wp:featuredmedia":[{"embeddable":true,"href":"https:\/\/zecovalve.com\/de\/wp-json\/wp\/v2\/media\/27924"}],"wp:attachment":[{"href":"https:\/\/zecovalve.com\/de\/wp-json\/wp\/v2\/media?parent=16417"}],"wp:term":[{"taxonomy":"product_cat","embeddable":true,"href":"https:\/\/zecovalve.com\/de\/wp-json\/wp\/v2\/product_cat?post=16417"},{"taxonomy":"product_tag","embeddable":true,"href":"https:\/\/zecovalve.com\/de\/wp-json\/wp\/v2\/product_tag?post=16417"}],"curies":[{"name":"wp","href":"https:\/\/api.w.org\/{rel}","templated":true}]}}