{"id":16425,"date":"2022-06-21T05:08:05","date_gmt":"2022-06-21T05:08:05","guid":{"rendered":"https:\/\/zecovalve.com\/?post_type=product&#038;p=16425"},"modified":"2023-06-07T07:06:40","modified_gmt":"2023-06-07T07:06:40","slug":"8-inch-ball-valve","status":"publish","type":"product","link":"https:\/\/zecovalve.com\/de\/produkt\/8-inch-ball-valve","title":{"rendered":"8 Zoll Kugelhahn"},"content":{"rendered":"<p>ZECO Valve ist seit 1991 ein Hersteller und Lieferant von industriellen Kugelh\u00e4hnen in China. Als f\u00fchrende und professionelle chinesische Kugelhahnfabrik mit \u00fcber 30 Jahren API-Zertifizierung fertigt unser Unternehmen industrielle Zapfen- und Schwimmkugelh\u00e4hne, wie z. B. einteilige, zweiteilige und dreiteilige Kugelh\u00e4hne aus verschiedenen Materialien sowie manuell bet\u00e4tigte Ventile, einschlie\u00dflich zahnradbet\u00e4tigter Kugelh\u00e4hne.<\/p>\r\n\r\n\r\n\r\n<figure class=\"wp-block-image size-full is-resized\"><img loading=\"lazy\" decoding=\"async\" class=\"wp-image-16510\" src=\"https:\/\/zecovalve.com\/wp-content\/uploads\/2022\/06\/trunnion-mounted-ball-valve-4.jpg\" alt=\"\" width=\"400\" height=\"300\" srcset=\"https:\/\/zecovalve.com\/wp-content\/uploads\/2022\/06\/trunnion-mounted-ball-valve-4.jpg 800w, https:\/\/zecovalve.com\/wp-content\/uploads\/2022\/06\/trunnion-mounted-ball-valve-4-300x225.jpg 300w, https:\/\/zecovalve.com\/wp-content\/uploads\/2022\/06\/trunnion-mounted-ball-valve-4-768x576.jpg 768w, https:\/\/zecovalve.com\/wp-content\/uploads\/2022\/06\/trunnion-mounted-ball-valve-4-600x450.jpg 600w\" sizes=\"auto, (max-width: 400px) 100vw, 400px\" \/><\/figure>\r\n\r\n\r\n\r\n\r\n<div class=\"gb-button-wrapper gb-button-wrapper-6d8495a3\">\r\n\r\n\r\n<p><a class=\"gb-button gb-button-3d442e11 gb-button-text\" href=\"mailto:commercial@zecovalve.com\" target=\"_blank\" rel=\"noopener noreferrer\"><strong>ERHALTEN SIE DEN PREIS F\u00dcR 8-ZOLL-KUGELHAHN<\/strong><\/a><\/p>\r\n<\/div>\r\n\r\n\r\n<h2 class=\"wp-block-heading\">Was ist ein 8-Zoll-Kugelhahn?<\/h2>\r\n\r\n\r\n\r\n<p>8-Zoll-Kugelh\u00e4hne sind eine Art Absperrventil, das den Durchfluss von Gas oder Fl\u00fcssigkeit steuert. Dies kann durch die Verwendung einer Drehkugel mit Bohrung erfolgen. Durch Drehen der Kugel um 90 Grad wird der Durchfluss von Gas oder Fl\u00fcssigkeit blockiert oder erm\u00f6glicht. Sie sind daf\u00fcr bekannt, dass sie auch dann eine stabile Abdichtung bieten, wenn sie eine Zeit lang nicht verwendet werden. Sie zeichnen sich au\u00dferdem durch eine l\u00e4ngere Lebensdauer aus. Dar\u00fcber hinaus sind sie widerstandsf\u00e4higer gegen Verunreinigungen, was sie zu einer beliebteren Wahl unter anderen Ventilen macht.<\/p>\r\n\r\n\r\n\r\n<p>Beim 8-Zoll-Kugelhahn von ZECO gibt es zwei Optionen: Sie k\u00f6nnen zwischen einem schwimmenden Kugelhahn oder einem zapfengelagerten Kugelhahn w\u00e4hlen und Sie k\u00f6nnen sich f\u00fcr Guss- oder Schmiedeverfahren entscheiden. Die Gussqualit\u00e4t des Ventils ist von gr\u00f6\u00dfter Bedeutung f\u00fcr die Produktlebensdauer, die Sicherheit des Personals und der Umwelt, insbesondere bei Hochtemperatur- und Hochdruckanwendungen, da das Ventil als eines der druckf\u00fchrenden Ger\u00e4te in einer prozessgesteuerten Rohrleitung dient. Daher werden Gussteile immer zuerst von den Kunden streng zertifiziert, bevor ein Ventilhersteller vorab qualifiziert und als qualifizierter Lieferant zugelassen wird.<\/p>\r\n\r\n\r\n\r\n<h2 class=\"wp-block-heading\" id=\"h-dimensions-weight-of-8-inch-ball-valve\">Abmessungen und Gewicht des 8-Zoll-Kugelhahns<\/h2>\r\n\r\n\r\n\r\n<table border=\"=1\" width=\"800\">\r\n<tbody>\r\n<tr>\r\n<td rowspan=\"2\">Druckstufe<\/td>\r\n<td style=\"text-align: center;\">Bohrung<\/td>\r\n<td style=\"text-align: center;\" colspan=\"3\">\u00a0Abmessung von Fl\u00e4che zu Fl\u00e4che (in mm)<\/td>\r\n<td style=\"text-align: center;\">Gewicht<\/td>\r\n<\/tr>\r\n<tr>\r\n<td style=\"text-align: center;\">(in mm)<\/td>\r\n<td style=\"text-align: center;\">RF<\/td>\r\n<td style=\"text-align: center;\">BW<\/td>\r\n<td style=\"text-align: center;\">RTJ<\/td>\r\n<td style=\"text-align: center;\">kg<\/td>\r\n<\/tr>\r\n<tr>\r\n<td>KLASSE 150<\/td>\r\n<td style=\"text-align: center;\">201<\/td>\r\n<td style=\"text-align: center;\">457<\/td>\r\n<td style=\"text-align: center;\">521<\/td>\r\n<td style=\"text-align: center;\">470<\/td>\r\n<td style=\"text-align: center;\">205<\/td>\r\n<\/tr>\r\n<tr>\r\n<td>KLASSE 300<\/td>\r\n<td style=\"text-align: center;\">201<\/td>\r\n<td style=\"text-align: center;\">502<\/td>\r\n<td style=\"text-align: center;\">521<\/td>\r\n<td style=\"text-align: center;\">518<\/td>\r\n<td style=\"text-align: center;\">255<\/td>\r\n<\/tr>\r\n<tr>\r\n<td>KLASSE 600<\/td>\r\n<td style=\"text-align: center;\">201<\/td>\r\n<td style=\"text-align: center;\">660<\/td>\r\n<td style=\"text-align: center;\">660<\/td>\r\n<td style=\"text-align: center;\">664<\/td>\r\n<td style=\"text-align: center;\">390<\/td>\r\n<\/tr>\r\n<tr>\r\n<td>KLASSE 900<\/td>\r\n<td style=\"text-align: center;\">201<\/td>\r\n<td style=\"text-align: center;\">737<\/td>\r\n<td style=\"text-align: center;\">737<\/td>\r\n<td style=\"text-align: center;\">740<\/td>\r\n<td style=\"text-align: center;\">640<\/td>\r\n<\/tr>\r\n<tr>\r\n<td>KLASSE 1500<\/td>\r\n<td style=\"text-align: center;\">192<\/td>\r\n<td style=\"text-align: center;\">832<\/td>\r\n<td style=\"text-align: center;\">832<\/td>\r\n<td style=\"text-align: center;\">841<\/td>\r\n<td style=\"text-align: center;\">870<\/td>\r\n<\/tr>\r\n<tr>\r\n<td>KLASSE 2500<\/td>\r\n<td style=\"text-align: center;\">179<\/td>\r\n<td style=\"text-align: center;\">1022<\/td>\r\n<td style=\"text-align: center;\">1022<\/td>\r\n<td style=\"text-align: center;\">1038<\/td>\r\n<td style=\"text-align: center;\">1017<\/td>\r\n<\/tr>\r\n<\/tbody>\r\n<\/table>\r\n\r\n\r\n\r\n<h2 class=\"wp-block-heading\">Wof\u00fcr wird ein 8-Zoll-Kugelhahn verwendet?<\/h2>\r\n\r\n\r\n\r\n<p>Fast alle industriellen Anwendungen m\u00fcssen vor Leckagen gesch\u00fctzt werden. Dies ist besonders wichtig f\u00fcr Anwendungen, die dicht schlie\u00dfende Mechanismen erfordern. Beispiele hierf\u00fcr sind Anwendungen, die ausschlie\u00dflich mit Fl\u00fcssigkeiten oder Gasen arbeiten, darunter die Erdgasindustrie, die Lagerung von Chemikalien und Anwendungen, bei denen mit korrosiven Fl\u00fcssigkeiten gearbeitet wird. Schl\u00e4mme sind f\u00fcr diese Ventile nicht gut geeignet.<\/p>\r\n\r\n\r\n\r\n<h2 class=\"wp-block-heading\">Merkmale des 8\u2033 Kugelhahns<\/h2>\r\n\r\n\r\n\r\n<ul class=\"wp-block-list\">\r\n<li>Der 8-Zoll-Kugelhahn von ZECO verf\u00fcgt \u00fcber ein Hohlraumdruckentlastungsdesign. Wenn die durch den Hohlraumdruck erzeugte Kraft geringer ist als die durch den Leitungsdruck erzeugte Kraft, ist der Kontakt zwischen Kugel und Sitzring gew\u00e4hrleistet, um eine dichte Abdichtung zu gew\u00e4hrleisten. Wenn der Hohlraumdruck h\u00f6her ist als die Sitzfederkraft plus Leitungsdruck, erm\u00f6glicht die selbstentlastende Wirkung, dass sich der Ventilsitz leicht von der Kugeloberfl\u00e4che wegbewegt. Daher wird jeglicher \u00dcberdruck im K\u00f6rperhohlraum in die Rohrleitung abgelassen, um das Gleichgewicht zwischen dem K\u00f6rperhohlraum und der Rohrleitung (entweder stromaufw\u00e4rts oder stromabw\u00e4rts) wiederherzustellen.<\/li>\r\n<li>Der 8-Zoll-Kugelhahn von ZECO verf\u00fcgt \u00fcber ein Design mit einem Dichtungseinspritzanschluss f\u00fcr Notf\u00e4lle, das externe Eingriffe erm\u00f6glicht, um ein Auslaufen des Schafts zu verhindern. Bei der Wartung k\u00f6nnen der Ventilschaft und der Ventilsitz nur durch die Notschmierbohrung an der Dichtungsstruktur f\u00fcr Notwartungen und langfristige Wartungen einfach und bequem gereinigt werden.<\/li>\r\n<li>Der 8-Zoll-Kugelhahn von ZECO verf\u00fcgt \u00fcber ein ausblassicheres Schaftdesign, eine Sicherheitsfunktion, die die Schaftabdichtung bei jedem Druck gew\u00e4hrleistet.<\/li>\r\n<li>Der 8-Zoll-Kugelhahn von ZECO verf\u00fcgt \u00fcber eine Metall-auf-Metall-Sicherungsdichtung. Wenn das prim\u00e4re elastische Sitzmaterial durch Feuer besch\u00e4digt wird, sorgt die Metall-auf-Metall-Dichtung f\u00fcr die Absperrung.<\/li>\r\n<\/ul>\r\n\r\n\r\n\r\n<h2 class=\"wp-block-heading\">Material des 8-Zoll-Kugelhahns<\/h2>\r\n\r\n\r\n\r\n<figure class=\"wp-block-table\">\r\n<table>\r\n<tbody>\r\n<tr>\r\n<td>Nein<\/td>\r\n<td>Teil<\/td>\r\n<td>Material<\/td>\r\n<\/tr>\r\n<tr>\r\n<td>1<\/td>\r\n<td>K\u00f6rper<\/td>\r\n<td>ASTM A105<\/td>\r\n<\/tr>\r\n<tr>\r\n<td>2<\/td>\r\n<td>Motorhaube<\/td>\r\n<td>ASTM A105<\/td>\r\n<\/tr>\r\n<tr>\r\n<td>3<\/td>\r\n<td>Kugel<\/td>\r\n<td>ASTM A182 F316<\/td>\r\n<\/tr>\r\n<tr>\r\n<td>4<\/td>\r\n<td>Sitz<\/td>\r\n<td>ASTM A182 F316 + PTFE<\/td>\r\n<\/tr>\r\n<tr>\r\n<td>5<\/td>\r\n<td>Vorbau<\/td>\r\n<td>ASTM A276 316<\/td>\r\n<\/tr>\r\n<tr>\r\n<td>6<\/td>\r\n<td>Antistatische Vorrichtung<\/td>\r\n<td>SS316<\/td>\r\n<\/tr>\r\n<tr>\r\n<td>7<\/td>\r\n<td>Dichtung<\/td>\r\n<td>Graphit + SS316<\/td>\r\n<\/tr>\r\n<tr>\r\n<td>8<\/td>\r\n<td>Schraube<\/td>\r\n<td>ASTM A193 B7<\/td>\r\n<\/tr>\r\n<tr>\r\n<td>9<\/td>\r\n<td>Nuss<\/td>\r\n<td>ASTM A194 2H<\/td>\r\n<\/tr>\r\n<tr>\r\n<td>10<\/td>\r\n<td>O-Ring<\/td>\r\n<td>Viton A<\/td>\r\n<\/tr>\r\n<tr>\r\n<td>11<\/td>\r\n<td>Hebel<\/td>\r\n<td>ASTM A216 WCB<\/td>\r\n<\/tr>\r\n<\/tbody>\r\n<\/table>\r\n<\/figure>\r\n\r\n\r\n\r\n<h2 class=\"wp-block-heading\">China Kugelhahn Hersteller<\/h2>\r\n\r\n\r\n\r\n<p>Kugelh\u00e4hne sind schnell wirkende Vierteldrehventile, die eine rotierende Kugel verwenden, um den Medienfluss durch ein System zu leiten. Dank ihrer dichten Absperrfunktion gewinnen sie in vielen Branchen an Bedeutung. Sie werden in der \u00d6l- und Gasindustrie, der Petrochemie, der Energiewirtschaft, bei Pipelines und praktisch allen Anwendungen eingesetzt, bei denen eine Fl\u00fcssigkeitsabsperrung erforderlich ist.<\/p>\r\n\r\n\r\n\r\n<p>Kugelh\u00e4hne gibt es in verschiedenen Ausf\u00fchrungen und mit unterschiedlichen Zusatzfunktionen, was den \u00dcberblick \u00fcber die verschiedenen Komponenten \u00fcberfordern kann. W\u00e4hrend Kugelh\u00e4hne haupts\u00e4chlich f\u00fcr Ein-\/Aus-Anwendungen verwendet werden, sind einige Typen auch f\u00fcr Drosselanwendungen n\u00fctzlich. All dies macht es schwierig zu entscheiden, welcher Kugelhahntyp am besten zu Ihrer Anwendung passt.<\/p>\r\n\r\n\r\n\r\n<p>Da Kugelh\u00e4hne so komplex sind, haben wir alle wesentlichen Punkte aufgeschl\u00fcsselt, um Ihnen ein besseres Verst\u00e4ndnis dieses Ventiltyps zu vermitteln. Dieser Leitfaden hilft Ihnen dabei, herauszufinden, welcher Kugelhahn Ihnen die gew\u00fcnschten Ergebnisse liefert.<\/p>","protected":false},"excerpt":{"rendered":"<p>ZECO Valve ist seit 1991 ein Hersteller und Lieferant von industriellen Kugelh\u00e4hnen in China. Als f\u00fchrender und professioneller Hersteller von Kugelh\u00e4hnen in China \u2026 <a title=\"8 Zoll Kugelhahn\" class=\"read-more\" href=\"https:\/\/zecovalve.com\/de\/produkt\/8-inch-ball-valve\" aria-label=\"Mehr zu 8 Zoll Kugelhahn\">Weiterlesen ...<\/a><\/p>","protected":false},"featured_media":27860,"comment_status":"closed","ping_status":"closed","template":"","meta":{"_generate-full-width-content":"","kt_blocks_editor_width":""},"product_cat":[2047,2462],"product_tag":[3896,3913],"class_list":["post-16425","product","type-product","status-publish","has-post-thumbnail","hentry","product_cat-ball-valve","product_cat-ball-valve-by-size","product_tag-flanged-ball-valve","product_tag-full-port-ball-valve","sales-flash-overlay","woocommerce-text-align-center","woocommerce-image-align-center","do-quantity-buttons"],"featured_image_src_large":["https:\/\/zecovalve.com\/wp-content\/uploads\/2022\/06\/8-inch-Ball-Valve-1.jpg",800,600,false],"author_info":[],"comment_info":0,"taxonomy_info":{"product_cat":[{"value":2047,"label":"Ball Valve"},{"value":2462,"label":"Ball Valve By Size"}],"product_tag":[{"value":3896,"label":"Flanged Ball Valve"},{"value":3913,"label":"Full Port Ball Valve"}]},"yoast_head":"<!-- This site is optimized with the Yoast SEO Premium plugin v15.4 - https:\/\/yoast.com\/wordpress\/plugins\/seo\/ -->\n<title>8 Inch Ball Valve - China Ball Valve Manufacturer | ZECO Valve<\/title>\n<meta name=\"robots\" content=\"index, follow, max-snippet:-1, max-image-preview:large, max-video-preview:-1\" \/>\n<link rel=\"canonical\" href=\"https:\/\/zecovalve.com\/de\/produkt\/8-inch-ball-valve\" \/>\n<meta property=\"og:locale\" content=\"de_DE\" \/>\n<meta property=\"og:type\" content=\"article\" \/>\n<meta property=\"og:title\" content=\"8 Inch Ball Valve - China Ball Valve Manufacturer | ZECO Valve\" \/>\n<meta property=\"og:description\" content=\"ZECO Valve is an industrial ball valve manufacturer &amp; supplier in China since 1991. As a leading &amp; professional China ball valve ... Weiterlesen ...\" \/>\n<meta property=\"og:url\" content=\"https:\/\/zecovalve.com\/de\/produkt\/8-inch-ball-valve\" \/>\n<meta property=\"og:site_name\" content=\"ZECO Valve\" \/>\n<meta property=\"article:modified_time\" content=\"2023-06-07T07:06:40+00:00\" \/>\n<meta property=\"og:image\" content=\"https:\/\/zecovalve.com\/wp-content\/uploads\/2022\/06\/8-inch-Ball-Valve-1.jpg\" \/>\n\t<meta property=\"og:image:width\" content=\"800\" \/>\n\t<meta property=\"og:image:height\" content=\"600\" \/>\n<meta name=\"twitter:card\" content=\"summary_large_image\" \/>\n<meta name=\"twitter:label1\" content=\"Verfasst von\">\n\t<meta name=\"twitter:data1\" content=\"Jerry\">\n\t<meta name=\"twitter:label2\" content=\"Gesch\u00e4tzte Lesezeit\">\n\t<meta name=\"twitter:data2\" content=\"3\u00a0Minuten\">\n<script type=\"application\/ld+json\" class=\"yoast-schema-graph\">{\"@context\":\"https:\/\/schema.org\",\"@graph\":[{\"@type\":\"WebSite\",\"@id\":\"https:\/\/zecovalve.com\/#website\",\"url\":\"https:\/\/zecovalve.com\/\",\"name\":\"ZECO Valve\",\"description\":\"Industrial Ball Valve, Gate Valve and Globe Valve Manufacturer\",\"potentialAction\":[{\"@type\":\"SearchAction\",\"target\":\"https:\/\/zecovalve.com\/?s={search_term_string}\",\"query-input\":\"required name=search_term_string\"}],\"inLanguage\":\"de\"},{\"@type\":\"ImageObject\",\"@id\":\"https:\/\/zecovalve.com\/product\/8-inch-ball-valve#primaryimage\",\"inLanguage\":\"de\",\"url\":\"https:\/\/zecovalve.com\/wp-content\/uploads\/2022\/06\/8-inch-Ball-Valve-1.jpg\",\"width\":800,\"height\":600,\"caption\":\"8 inch Ball Valve\"},{\"@type\":\"WebPage\",\"@id\":\"https:\/\/zecovalve.com\/product\/8-inch-ball-valve#webpage\",\"url\":\"https:\/\/zecovalve.com\/product\/8-inch-ball-valve\",\"name\":\"8 Inch Ball Valve - China Ball Valve Manufacturer | ZECO Valve\",\"isPartOf\":{\"@id\":\"https:\/\/zecovalve.com\/#website\"},\"primaryImageOfPage\":{\"@id\":\"https:\/\/zecovalve.com\/product\/8-inch-ball-valve#primaryimage\"},\"datePublished\":\"2022-06-21T05:08:05+00:00\",\"dateModified\":\"2023-06-07T07:06:40+00:00\",\"breadcrumb\":{\"@id\":\"https:\/\/zecovalve.com\/product\/8-inch-ball-valve#breadcrumb\"},\"inLanguage\":\"de\",\"potentialAction\":[{\"@type\":\"ReadAction\",\"target\":[\"https:\/\/zecovalve.com\/product\/8-inch-ball-valve\"]}]},{\"@type\":\"BreadcrumbList\",\"@id\":\"https:\/\/zecovalve.com\/product\/8-inch-ball-valve#breadcrumb\",\"itemListElement\":[{\"@type\":\"ListItem\",\"position\":1,\"item\":{\"@type\":\"WebPage\",\"@id\":\"https:\/\/zecovalve.com\/\",\"url\":\"https:\/\/zecovalve.com\/\",\"name\":\"Home\"}},{\"@type\":\"ListItem\",\"position\":2,\"item\":{\"@type\":\"WebPage\",\"@id\":\"https:\/\/zecovalve.com\/product-category\",\"url\":\"https:\/\/zecovalve.com\/product-category\",\"name\":\"Industrial Valve Manufacturer | Water Valve Manufacturer\"}},{\"@type\":\"ListItem\",\"position\":3,\"item\":{\"@type\":\"WebPage\",\"@id\":\"https:\/\/zecovalve.com\/product\/8-inch-ball-valve\",\"url\":\"https:\/\/zecovalve.com\/product\/8-inch-ball-valve\",\"name\":\"8 inch Ball Valve\"}}]}]}<\/script>\n<!-- \/ Yoast SEO Premium plugin. -->","_links":{"self":[{"href":"https:\/\/zecovalve.com\/de\/wp-json\/wp\/v2\/product\/16425","targetHints":{"allow":["GET"]}}],"collection":[{"href":"https:\/\/zecovalve.com\/de\/wp-json\/wp\/v2\/product"}],"about":[{"href":"https:\/\/zecovalve.com\/de\/wp-json\/wp\/v2\/types\/product"}],"replies":[{"embeddable":true,"href":"https:\/\/zecovalve.com\/de\/wp-json\/wp\/v2\/comments?post=16425"}],"wp:featuredmedia":[{"embeddable":true,"href":"https:\/\/zecovalve.com\/de\/wp-json\/wp\/v2\/media\/27860"}],"wp:attachment":[{"href":"https:\/\/zecovalve.com\/de\/wp-json\/wp\/v2\/media?parent=16425"}],"wp:term":[{"taxonomy":"product_cat","embeddable":true,"href":"https:\/\/zecovalve.com\/de\/wp-json\/wp\/v2\/product_cat?post=16425"},{"taxonomy":"product_tag","embeddable":true,"href":"https:\/\/zecovalve.com\/de\/wp-json\/wp\/v2\/product_tag?post=16425"}],"curies":[{"name":"wp","href":"https:\/\/api.w.org\/{rel}","templated":true}]}}