{"id":16435,"date":"2022-06-21T05:19:51","date_gmt":"2022-06-21T05:19:51","guid":{"rendered":"https:\/\/zecovalve.com\/?post_type=product&#038;p=16435"},"modified":"2023-06-07T07:07:00","modified_gmt":"2023-06-07T07:07:00","slug":"3-inch-ball-valve","status":"publish","type":"product","link":"https:\/\/zecovalve.com\/de\/produkt\/3-inch-ball-valve","title":{"rendered":"3 Zoll Kugelhahn"},"content":{"rendered":"<figure class=\"wp-block-image size-full is-resized\"><img loading=\"lazy\" decoding=\"async\" class=\"wp-image-17530\" src=\"https:\/\/zecovalve.com\/wp-content\/uploads\/2022\/06\/FL-1-104452.jpg\" alt=\"Schwimmendes Kugelventil aus Stahlguss\" width=\"400\" height=\"300\" srcset=\"https:\/\/zecovalve.com\/wp-content\/uploads\/2022\/06\/FL-1-104452.jpg 800w, https:\/\/zecovalve.com\/wp-content\/uploads\/2022\/06\/FL-1-104452-300x225.jpg 300w, https:\/\/zecovalve.com\/wp-content\/uploads\/2022\/06\/FL-1-104452-768x576.jpg 768w, https:\/\/zecovalve.com\/wp-content\/uploads\/2022\/06\/FL-1-104452-600x450.jpg 600w\" sizes=\"auto, (max-width: 400px) 100vw, 400px\" \/><\/figure>\r\n\r\n\r\n<div class=\"gb-button-wrapper gb-button-wrapper-6d8495a3\">\r\n\r\n\r\n<p><a class=\"gb-button gb-button-3d442e11 gb-button-text\" href=\"https:\/\/zecovalve.com\/de\/contact\/\" target=\"_blank\" rel=\"noopener noreferrer\"><strong>ERHALTEN SIE DEN PREIS F\u00dcR 3-ZOLL-KUGELHAHN<\/strong><\/a><\/p>\r\n<\/div>\r\n\r\n\r\n<h2 class=\"wp-block-heading\" id=\"h-what-is-a-3-inch-ball-valve\">Was ist ein 3-Zoll-Kugelhahn?<\/h2>\r\n\r\n\r\n\r\n<p>Der 3-Zoll-Kugelhahn von ZECO ist normalerweise ein schwimmender Kugelhahn. Das Material kann auch in zwei Arten unterteilt werden: Guss und Schmieden.<\/p>\r\n\r\n\r\n\r\n<p>2-teilige 3-Zoll-Kugelh\u00e4hne aus Edelstahl mit PTFE-Dichtungen und -Sitzen. 3-Zoll-Kugelh\u00e4hne aus Edelstahl mit PTFE-Sitzen (Teflon) und -Dichtungen bieten f\u00fcr die meisten Anwendungen eine hervorragende Korrosionsbest\u00e4ndigkeit. Edelstahl und PTFE eignen sich gut f\u00fcr Anwendungen wie Wasser, \u00d6l, Gas\/Luft, leichte Basen und S\u00e4uren, Biodiesel, Kraftstoffe und Alkohole, sind aber nicht darauf beschr\u00e4nkt. Diese Kugelh\u00e4hne sind mit dichten Dichtungen ausgestattet, um sicherzustellen, dass es auch nach vielen Jahren h\u00e4ufiger Nutzung nicht zu Leckagen kommt und die Dichtung lange h\u00e4lt.<\/p>\r\n\r\n\r\n\r\n<h2 class=\"wp-block-heading\">Abmessungen und Gewicht des 3-Zoll-Kugelhahns<\/h2>\r\n\r\n\r\n\r\n<table border=\"=1\" width=\"800\">\r\n<tbody>\r\n<tr>\r\n<td rowspan=\"2\">Druckstufe<\/td>\r\n<td style=\"text-align: center;\">Bohrung<\/td>\r\n<td style=\"text-align: center;\" colspan=\"3\">\u00a0Abmessung von Fl\u00e4che zu Fl\u00e4che (in mm)<\/td>\r\n<td style=\"text-align: center;\">Gewicht<\/td>\r\n<\/tr>\r\n<tr>\r\n<td style=\"text-align: center;\">(in mm)<\/td>\r\n<td style=\"text-align: center;\">RF<\/td>\r\n<td style=\"text-align: center;\">BW<\/td>\r\n<td style=\"text-align: center;\">RTJ<\/td>\r\n<td style=\"text-align: center;\">kg<\/td>\r\n<\/tr>\r\n<tr>\r\n<td>KLASSE 150<\/td>\r\n<td style=\"text-align: center;\">74<\/td>\r\n<td style=\"text-align: center;\">203<\/td>\r\n<td style=\"text-align: center;\">283<\/td>\r\n<td style=\"text-align: center;\">216<\/td>\r\n<td style=\"text-align: center;\">19<\/td>\r\n<\/tr>\r\n<tr>\r\n<td>KLASSE 300<\/td>\r\n<td style=\"text-align: center;\">74<\/td>\r\n<td style=\"text-align: center;\">283<\/td>\r\n<td style=\"text-align: center;\">283<\/td>\r\n<td style=\"text-align: center;\">298<\/td>\r\n<td style=\"text-align: center;\">25<\/td>\r\n<\/tr>\r\n<tr>\r\n<td>KLASSE 600<\/td>\r\n<td style=\"text-align: center;\">74<\/td>\r\n<td style=\"text-align: center;\">356<\/td>\r\n<td style=\"text-align: center;\">356<\/td>\r\n<td style=\"text-align: center;\">359<\/td>\r\n<td style=\"text-align: center;\">48<\/td>\r\n<\/tr>\r\n<tr>\r\n<td>KLASSE 900<\/td>\r\n<td style=\"text-align: center;\">74<\/td>\r\n<td style=\"text-align: center;\">381<\/td>\r\n<td style=\"text-align: center;\">381<\/td>\r\n<td style=\"text-align: center;\">384<\/td>\r\n<td style=\"text-align: center;\">70<\/td>\r\n<\/tr>\r\n<tr>\r\n<td>KLASSE 1500<\/td>\r\n<td style=\"text-align: center;\">74<\/td>\r\n<td style=\"text-align: center;\">470<\/td>\r\n<td style=\"text-align: center;\">470<\/td>\r\n<td style=\"text-align: center;\">473<\/td>\r\n<td style=\"text-align: center;\">82<\/td>\r\n<\/tr>\r\n<tr>\r\n<td>KLASSE 2500<\/td>\r\n<td style=\"text-align: center;\">62<\/td>\r\n<td style=\"text-align: center;\">578<\/td>\r\n<td style=\"text-align: center;\">578<\/td>\r\n<td style=\"text-align: center;\">584<\/td>\r\n<td style=\"text-align: center;\">117<\/td>\r\n<\/tr>\r\n<\/tbody>\r\n<\/table>\r\n\r\n\r\n\r\n<h2 class=\"wp-block-heading\">Merkmale des 3-Zoll-Kugelhahns:<\/h2>\r\n\r\n\r\n\r\n<ul class=\"wp-block-list\">\r\n<li>Die Oberfl\u00e4chenrauheit der Spindel ist streng auf Ra0,4 bis Ra0,8 begrenzt, wodurch sichergestellt wird, dass Graphit-Packungspulver in die winzigen Kratzer der Spindel eindringt und als Schmiermittel fungiert, wodurch Leckagen um die Spindel herum minimiert werden. Die maximale Rauheit der Stopfbuchse betr\u00e4gt RA3,2, ein geeigneter Wert, um den Packungsring an Ort und Stelle zu halten und eine bessere Dichtleistung zu erzielen;<\/li>\r\n<li>Die Packung ist eine Kombination aus parallelen und vertikalen Schichten, die aus einem gestanzten Graphitring aus flexiblem Graphit besteht und sich durch Hitzebest\u00e4ndigkeit, geringere Spannungsrelaxation und geringes Kriechen auszeichnet. Die spezielle Struktur sorgt f\u00fcr geringe Reibung am Drehschaft und sorgt f\u00fcr eine stabile Dichtungsf\u00e4higkeit des Ventils \u00fcber lange Zeit bei h\u00e4ufigem Betrieb.<\/li>\r\n<li>Bei der Lippendichtung handelt es sich um eine federunterst\u00fctzte Dichtung mit Elgiloy- oder Inconel-Feder und PTFE-Mantel. Sie ist f\u00fcr ein breites Anwendungsspektrum geeignet, beispielsweise f\u00fcr stark korrosive chemische Medien, stark saure Gase, niedrige Temperaturen oder kryogene Anwendungen.<\/li>\r\n<li>ZECO kontrolliert die Qualit\u00e4t von Massenprodukten streng mit der 100%-Inspektion.<\/li>\r\n<\/ul>\r\n\r\n\r\n\r\n<h2 class=\"wp-block-heading\">Wie w\u00e4hle ich einen 3-Zoll-Kugelhahn aus?<\/h2>\r\n\r\n\r\n\r\n<p>Um den richtigen Kugelhahn auszuw\u00e4hlen, ist es auch wichtig, den Druckpegel zu ermitteln, da dies bei der Auswahl des Spezialventils mit dem entsprechenden Material hilft. Kugelh\u00e4hne sind idealerweise aus Edelstahl, Keramik und sogar Bronze erh\u00e4ltlich, um verschiedene Arten von Fl\u00fcssigkeitsstr\u00f6men zu unterst\u00fctzen.<\/p>\r\n\r\n\r\n\r\n<h2 class=\"wp-block-heading\">Material des 3-Zoll-Kugelhahns:<\/h2>\r\n\r\n\r\n\r\n<figure class=\"wp-block-table\">\r\n<table>\r\n<tbody>\r\n<tr>\r\n<td>Nein<\/td>\r\n<td>Teil<\/td>\r\n<td>Material<\/td>\r\n<\/tr>\r\n<tr>\r\n<td>1<\/td>\r\n<td>K\u00f6rper<\/td>\r\n<td>ASTM A182 F304<\/td>\r\n<\/tr>\r\n<tr>\r\n<td>2<\/td>\r\n<td>Motorhaube<\/td>\r\n<td>ASTM A182 F304<\/td>\r\n<\/tr>\r\n<tr>\r\n<td>3<\/td>\r\n<td>Kugel<\/td>\r\n<td>ASTM A182 F316<\/td>\r\n<\/tr>\r\n<tr>\r\n<td>4<\/td>\r\n<td>Sitz<\/td>\r\n<td>ASTM A182 F316<\/td>\r\n<\/tr>\r\n<tr>\r\n<td>5<\/td>\r\n<td>Vorbau<\/td>\r\n<td>ASTM A276 316<\/td>\r\n<\/tr>\r\n<tr>\r\n<td>6<\/td>\r\n<td>Antistatische Vorrichtung<\/td>\r\n<td>SS316<\/td>\r\n<\/tr>\r\n<tr>\r\n<td>7<\/td>\r\n<td>Dichtung<\/td>\r\n<td>Graphit + SS316<\/td>\r\n<\/tr>\r\n<tr>\r\n<td>8<\/td>\r\n<td>Schraube<\/td>\r\n<td>ASTM A193 B8<\/td>\r\n<\/tr>\r\n<tr>\r\n<td>9<\/td>\r\n<td>Nuss<\/td>\r\n<td>ASTM A194 8<\/td>\r\n<\/tr>\r\n<tr>\r\n<td>10<\/td>\r\n<td>O-Ring<\/td>\r\n<td>Viton A<\/td>\r\n<\/tr>\r\n<tr>\r\n<td>11<\/td>\r\n<td>Hebel<\/td>\r\n<td>ASTM A216 WCB<\/td>\r\n<\/tr>\r\n<\/tbody>\r\n<\/table>\r\n<\/figure>","protected":false},"excerpt":{"rendered":"<p>Was ist ein 3-Zoll-Kugelhahn? Der 3-Zoll-Kugelhahn von ZECO ist in der Regel ein schwimmender Kugelhahn, das Material kann auch unterteilt werden \u2026 <a title=\"3 Zoll Kugelhahn\" class=\"read-more\" href=\"https:\/\/zecovalve.com\/de\/produkt\/3-inch-ball-valve\" aria-label=\"Mehr zu 3 Zoll Kugelhahn\">Weiterlesen ...<\/a><\/p>","protected":false},"featured_media":27861,"comment_status":"closed","ping_status":"closed","template":"","meta":{"_generate-full-width-content":"","kt_blocks_editor_width":""},"product_cat":[2047,2462],"product_tag":[3896,3914],"class_list":["post-16435","product","type-product","status-publish","has-post-thumbnail","hentry","product_cat-ball-valve","product_cat-ball-valve-by-size","product_tag-flanged-ball-valve","product_tag-reduced-bore-ball-valve","sales-flash-overlay","woocommerce-text-align-center","woocommerce-image-align-center","do-quantity-buttons"],"featured_image_src_large":["https:\/\/zecovalve.com\/wp-content\/uploads\/2022\/06\/3-inch-Ball-Valve-1.jpg",800,600,false],"author_info":[],"comment_info":0,"taxonomy_info":{"product_cat":[{"value":2047,"label":"Ball Valve"},{"value":2462,"label":"Ball Valve By Size"}],"product_tag":[{"value":3896,"label":"Flanged Ball Valve"},{"value":3914,"label":"Reduced Bore Ball Valve"}]},"yoast_head":"<!-- This site is optimized with the Yoast SEO Premium plugin v15.4 - https:\/\/yoast.com\/wordpress\/plugins\/seo\/ -->\n<title>3 Inch Ball Valve - 3 Ball Valve Price | ZECO Valve<\/title>\n<meta name=\"robots\" content=\"index, follow, max-snippet:-1, max-image-preview:large, max-video-preview:-1\" \/>\n<link rel=\"canonical\" href=\"https:\/\/zecovalve.com\/de\/produkt\/3-inch-ball-valve\" \/>\n<meta property=\"og:locale\" content=\"de_DE\" \/>\n<meta property=\"og:type\" content=\"article\" \/>\n<meta property=\"og:title\" content=\"3 Inch Ball Valve - 3 Ball Valve Price | ZECO Valve\" \/>\n<meta property=\"og:description\" content=\"What is a 3 inch Ball Valve? ZECO\u00a03 inch ball valve\u00a0is usually a floating ball valve, the material can also be divided ... Weiterlesen ...\" \/>\n<meta property=\"og:url\" content=\"https:\/\/zecovalve.com\/de\/produkt\/3-inch-ball-valve\" \/>\n<meta property=\"og:site_name\" content=\"ZECO Valve\" \/>\n<meta property=\"article:modified_time\" content=\"2023-06-07T07:07:00+00:00\" \/>\n<meta property=\"og:image\" content=\"https:\/\/zecovalve.com\/wp-content\/uploads\/2022\/06\/3-inch-Ball-Valve-1.jpg\" \/>\n\t<meta property=\"og:image:width\" content=\"800\" \/>\n\t<meta property=\"og:image:height\" content=\"600\" \/>\n<meta name=\"twitter:card\" content=\"summary_large_image\" \/>\n<meta name=\"twitter:label1\" content=\"Verfasst von\">\n\t<meta name=\"twitter:data1\" content=\"Jerry\">\n\t<meta name=\"twitter:label2\" content=\"Gesch\u00e4tzte Lesezeit\">\n\t<meta name=\"twitter:data2\" content=\"2\u00a0Minuten\">\n<script type=\"application\/ld+json\" class=\"yoast-schema-graph\">{\"@context\":\"https:\/\/schema.org\",\"@graph\":[{\"@type\":\"WebSite\",\"@id\":\"https:\/\/zecovalve.com\/#website\",\"url\":\"https:\/\/zecovalve.com\/\",\"name\":\"ZECO Valve\",\"description\":\"Industrial Ball Valve, Gate Valve and Globe Valve Manufacturer\",\"potentialAction\":[{\"@type\":\"SearchAction\",\"target\":\"https:\/\/zecovalve.com\/?s={search_term_string}\",\"query-input\":\"required name=search_term_string\"}],\"inLanguage\":\"de\"},{\"@type\":\"ImageObject\",\"@id\":\"https:\/\/zecovalve.com\/product\/3-inch-ball-valve#primaryimage\",\"inLanguage\":\"de\",\"url\":\"https:\/\/zecovalve.com\/wp-content\/uploads\/2022\/06\/3-inch-Ball-Valve-1.jpg\",\"width\":800,\"height\":600,\"caption\":\"3 inch Ball Valve\"},{\"@type\":\"WebPage\",\"@id\":\"https:\/\/zecovalve.com\/product\/3-inch-ball-valve#webpage\",\"url\":\"https:\/\/zecovalve.com\/product\/3-inch-ball-valve\",\"name\":\"3 Inch Ball Valve - 3 Ball Valve Price | ZECO Valve\",\"isPartOf\":{\"@id\":\"https:\/\/zecovalve.com\/#website\"},\"primaryImageOfPage\":{\"@id\":\"https:\/\/zecovalve.com\/product\/3-inch-ball-valve#primaryimage\"},\"datePublished\":\"2022-06-21T05:19:51+00:00\",\"dateModified\":\"2023-06-07T07:07:00+00:00\",\"breadcrumb\":{\"@id\":\"https:\/\/zecovalve.com\/product\/3-inch-ball-valve#breadcrumb\"},\"inLanguage\":\"de\",\"potentialAction\":[{\"@type\":\"ReadAction\",\"target\":[\"https:\/\/zecovalve.com\/product\/3-inch-ball-valve\"]}]},{\"@type\":\"BreadcrumbList\",\"@id\":\"https:\/\/zecovalve.com\/product\/3-inch-ball-valve#breadcrumb\",\"itemListElement\":[{\"@type\":\"ListItem\",\"position\":1,\"item\":{\"@type\":\"WebPage\",\"@id\":\"https:\/\/zecovalve.com\/\",\"url\":\"https:\/\/zecovalve.com\/\",\"name\":\"Home\"}},{\"@type\":\"ListItem\",\"position\":2,\"item\":{\"@type\":\"WebPage\",\"@id\":\"https:\/\/zecovalve.com\/product-category\",\"url\":\"https:\/\/zecovalve.com\/product-category\",\"name\":\"Industrial Valve Manufacturer | Water Valve Manufacturer\"}},{\"@type\":\"ListItem\",\"position\":3,\"item\":{\"@type\":\"WebPage\",\"@id\":\"https:\/\/zecovalve.com\/product\/3-inch-ball-valve\",\"url\":\"https:\/\/zecovalve.com\/product\/3-inch-ball-valve\",\"name\":\"3 inch Ball Valve\"}}]}]}<\/script>\n<!-- \/ Yoast SEO Premium plugin. -->","_links":{"self":[{"href":"https:\/\/zecovalve.com\/de\/wp-json\/wp\/v2\/product\/16435","targetHints":{"allow":["GET"]}}],"collection":[{"href":"https:\/\/zecovalve.com\/de\/wp-json\/wp\/v2\/product"}],"about":[{"href":"https:\/\/zecovalve.com\/de\/wp-json\/wp\/v2\/types\/product"}],"replies":[{"embeddable":true,"href":"https:\/\/zecovalve.com\/de\/wp-json\/wp\/v2\/comments?post=16435"}],"wp:featuredmedia":[{"embeddable":true,"href":"https:\/\/zecovalve.com\/de\/wp-json\/wp\/v2\/media\/27861"}],"wp:attachment":[{"href":"https:\/\/zecovalve.com\/de\/wp-json\/wp\/v2\/media?parent=16435"}],"wp:term":[{"taxonomy":"product_cat","embeddable":true,"href":"https:\/\/zecovalve.com\/de\/wp-json\/wp\/v2\/product_cat?post=16435"},{"taxonomy":"product_tag","embeddable":true,"href":"https:\/\/zecovalve.com\/de\/wp-json\/wp\/v2\/product_tag?post=16435"}],"curies":[{"name":"wp","href":"https:\/\/api.w.org\/{rel}","templated":true}]}}