{"id":16468,"date":"2022-06-21T06:25:05","date_gmt":"2022-06-21T06:25:05","guid":{"rendered":"https:\/\/zecovalve.com\/?post_type=product&#038;p=16468"},"modified":"2023-06-07T07:07:23","modified_gmt":"2023-06-07T07:07:23","slug":"3pc-ball-valve","status":"publish","type":"product","link":"https:\/\/zecovalve.com\/de\/produkt\/3pc-ball-valve","title":{"rendered":"3-teiliger Kugelhahn aus Edelstahl"},"content":{"rendered":"<p>Der 3-teilige Kugelhahn ist so konstruiert, dass er zur einfachen Reinigung auseinandergenommen werden kann.<\/p>\r\n\r\n\r\n\r\n<div class=\"wp-block-columns is-layout-flex wp-container-core-columns-is-layout-9d6595d7 wp-block-columns-is-layout-flex\">\r\n<div class=\"wp-block-column is-layout-flow wp-block-column-is-layout-flow\">\r\n<figure class=\"wp-block-image size-large is-resized\"><img loading=\"lazy\" decoding=\"async\" class=\"wp-image-19545\" src=\"https:\/\/zecovalve.com\/wp-content\/uploads\/2022\/07\/3-piece-stainless-steel-ball-valve-1-1024x1024.jpg\" alt=\"\" width=\"512\" height=\"512\" srcset=\"https:\/\/zecovalve.com\/wp-content\/uploads\/2022\/07\/3-piece-stainless-steel-ball-valve-1-1024x1024.jpg 1024w, https:\/\/zecovalve.com\/wp-content\/uploads\/2022\/07\/3-piece-stainless-steel-ball-valve-1-300x300.jpg 300w, https:\/\/zecovalve.com\/wp-content\/uploads\/2022\/07\/3-piece-stainless-steel-ball-valve-1-150x150.jpg 150w, https:\/\/zecovalve.com\/wp-content\/uploads\/2022\/07\/3-piece-stainless-steel-ball-valve-1-768x768.jpg 768w, https:\/\/zecovalve.com\/wp-content\/uploads\/2022\/07\/3-piece-stainless-steel-ball-valve-1-1536x1536.jpg 1536w, https:\/\/zecovalve.com\/wp-content\/uploads\/2022\/07\/3-piece-stainless-steel-ball-valve-1-2048x2048.jpg 2048w, https:\/\/zecovalve.com\/wp-content\/uploads\/2022\/07\/3-piece-stainless-steel-ball-valve-1-400x400.jpg 400w, https:\/\/zecovalve.com\/wp-content\/uploads\/2022\/07\/3-piece-stainless-steel-ball-valve-1-600x600.jpg 600w, https:\/\/zecovalve.com\/wp-content\/uploads\/2022\/07\/3-piece-stainless-steel-ball-valve-1-100x100.jpg 100w\" sizes=\"auto, (max-width: 512px) 100vw, 512px\" \/><\/figure>\r\n<\/div>\r\n\r\n\r\n\r\n<div class=\"wp-block-column is-layout-flow wp-block-column-is-layout-flow\">\r\n<figure class=\"wp-block-image size-large is-resized\"><img loading=\"lazy\" decoding=\"async\" class=\"wp-image-19547\" src=\"https:\/\/zecovalve.com\/wp-content\/uploads\/2022\/07\/3-piece-stainless-steel-ball-valve-2-1024x1024.jpg\" alt=\"\" width=\"512\" height=\"512\" srcset=\"https:\/\/zecovalve.com\/wp-content\/uploads\/2022\/07\/3-piece-stainless-steel-ball-valve-2-1024x1024.jpg 1024w, https:\/\/zecovalve.com\/wp-content\/uploads\/2022\/07\/3-piece-stainless-steel-ball-valve-2-300x300.jpg 300w, https:\/\/zecovalve.com\/wp-content\/uploads\/2022\/07\/3-piece-stainless-steel-ball-valve-2-150x150.jpg 150w, https:\/\/zecovalve.com\/wp-content\/uploads\/2022\/07\/3-piece-stainless-steel-ball-valve-2-768x768.jpg 768w, https:\/\/zecovalve.com\/wp-content\/uploads\/2022\/07\/3-piece-stainless-steel-ball-valve-2-1536x1536.jpg 1536w, https:\/\/zecovalve.com\/wp-content\/uploads\/2022\/07\/3-piece-stainless-steel-ball-valve-2-2048x2048.jpg 2048w, https:\/\/zecovalve.com\/wp-content\/uploads\/2022\/07\/3-piece-stainless-steel-ball-valve-2-400x400.jpg 400w, https:\/\/zecovalve.com\/wp-content\/uploads\/2022\/07\/3-piece-stainless-steel-ball-valve-2-600x600.jpg 600w, https:\/\/zecovalve.com\/wp-content\/uploads\/2022\/07\/3-piece-stainless-steel-ball-valve-2-100x100.jpg 100w\" sizes=\"auto, (max-width: 512px) 100vw, 512px\" \/><\/figure>\r\n<\/div>\r\n\r\n\r\n\r\n<div class=\"wp-block-column is-layout-flow wp-block-column-is-layout-flow\">\r\n<figure class=\"wp-block-image size-large is-resized\"><img loading=\"lazy\" decoding=\"async\" class=\"wp-image-19546\" src=\"https:\/\/zecovalve.com\/wp-content\/uploads\/2022\/07\/3-piece-stainless-steel-ball-valve-3-1024x1024.jpg\" alt=\"\" width=\"512\" height=\"512\" srcset=\"https:\/\/zecovalve.com\/wp-content\/uploads\/2022\/07\/3-piece-stainless-steel-ball-valve-3-1024x1024.jpg 1024w, https:\/\/zecovalve.com\/wp-content\/uploads\/2022\/07\/3-piece-stainless-steel-ball-valve-3-300x300.jpg 300w, https:\/\/zecovalve.com\/wp-content\/uploads\/2022\/07\/3-piece-stainless-steel-ball-valve-3-150x150.jpg 150w, https:\/\/zecovalve.com\/wp-content\/uploads\/2022\/07\/3-piece-stainless-steel-ball-valve-3-768x768.jpg 768w, https:\/\/zecovalve.com\/wp-content\/uploads\/2022\/07\/3-piece-stainless-steel-ball-valve-3-1536x1536.jpg 1536w, https:\/\/zecovalve.com\/wp-content\/uploads\/2022\/07\/3-piece-stainless-steel-ball-valve-3-2048x2048.jpg 2048w, https:\/\/zecovalve.com\/wp-content\/uploads\/2022\/07\/3-piece-stainless-steel-ball-valve-3-400x400.jpg 400w, https:\/\/zecovalve.com\/wp-content\/uploads\/2022\/07\/3-piece-stainless-steel-ball-valve-3-600x600.jpg 600w, https:\/\/zecovalve.com\/wp-content\/uploads\/2022\/07\/3-piece-stainless-steel-ball-valve-3-100x100.jpg 100w\" sizes=\"auto, (max-width: 512px) 100vw, 512px\" \/><\/figure>\r\n<\/div>\r\n<\/div>\r\n\r\n\r\n<div class=\"gb-button-wrapper gb-button-wrapper-6d8495a3\">\r\n\r\n\r\n<p><a class=\"gb-button gb-button-3d442e11 gb-button-text\" href=\"https:\/\/zecovalve.com\/de\/contact\/\" target=\"_blank\" rel=\"noopener noreferrer\"><strong>VENTILPREIS ERHALTEN<\/strong><\/a><\/p>\r\n<\/div>\r\n\r\n\r\n\r\n\r\n<h2 class=\"wp-block-heading\" id=\"h-what-is-a-3-piece-stainless-steel-ball-valve\">Was ist ein 3-teiliger Kugelhahn?<\/h2>\r\n\r\n\r\n\r\n<p>ZECO 3 St\u00fcck Edelstahl-Kugelhahn ist in der Regel Zapfen Kugelhahn und schwimmende Kugelhahn.<\/p>\r\n\r\n\r\n\r\n<p>Beim dreiteiligen Kugelhahn muss die Kugel nur um 90 Grad durch das Getriebe oder den Griff gedreht werden, um den Durchfluss des Mediums in der Rohrleitung zu stoppen. Die Kammer des Kugelk\u00f6rpers ist, wie beim Schieber, bei voller \u00d6ffnung fast so nah am Durchflusswiderstand wie ein Rohrabschnitt, was einer geraden Linie entspricht. Da der dreiteilige Kugelhahn jedoch speziell f\u00fcr besondere Bedingungen ausgelegt werden kann, wandelt sich auch der Kugelhahn langsam von einem Kegelstumpf zu einem Ventil, das den Durchfluss drosseln und steuern kann.<\/p>\r\n\r\n\r\n\r\n<h2 class=\"wp-block-heading\">Anwendungen von 3-teiligen Kugelh\u00e4hnen aus Edelstahl<\/h2>\r\n\r\n\r\n\r\n<p>ZECO 3 St\u00fcck Edelstahl-Kugelhahn ist weit verbreitet in der \u00d6l-, Chemie- und Erdgasindustrie und erf\u00fcllt die Anforderungen der API 6D Design-Standard...<\/p>\r\n\r\n\r\n\r\n<h2 class=\"wp-block-heading\" id=\"h-features-of-3-piece-stainless-steel-ball-valve\">Merkmale von 3-teiligen Kugelh\u00e4hnen aus Edelstahl:<\/h2>\r\n\r\n\r\n\r\n<ul class=\"wp-block-list\">\r\n<li>Beim Betrieb eines Ventils entstehen durch die Reibung zwischen Kugel und Dichtfl\u00e4che statische Ladungen, die sich auf der Kugel ansammeln. Um statische Funkenbildung zu vermeiden, ist das Ventil mit einer Antistatikvorrichtung ausgestattet, die statische Ladungen ableitet;<\/li>\r\n<li>Je nach den Anforderungen des Kunden oder des Arbeitssystems ist das Geh\u00e4use mit einem Entlastungsventil ausgestattet. Sobald zwei Seiten des 3-teiligen ZECO-Edelstahlkugelhahns blockiert sind und Druck hinzugef\u00fcgt wird, wird der Bodensatz im Inneren des Hohlraums entlastet;<\/li>\r\n<li>Wenn abnormaler hoher Druck im Hohlraum auftritt, hat der 3-teilige Edelstahlkugelhahn von ZECO die Funktion der Selbstdruckentlastung; die Wandst\u00e4rke eines Ventils ist f\u00fcr korrosive Zwecke dicker ausgelegt. Spindel, Drehzapfen, Geh\u00e4usesitz und untere Abdeckung sind gem\u00e4\u00df ASTM B733 und ASTM B656 beschichtet;<\/li>\r\n<li>Die manuelle Bet\u00e4tigung f\u00fcr die vollst\u00e4ndige \u00d6ffnungs-\/Schlie\u00dfposition ist mit einer Verriegelungsvorrichtung ausgestattet, wodurch Fehlbedienungen und unvorhergesehene Leitungsvibrationen beim \u00d6ffnen\/Schlie\u00dfen des 3-teiligen ZECO-Edelstahlkugelhahns vermieden werden.<\/li>\r\n<\/ul>\r\n\r\n\r\n\r\n<h2 class=\"wp-block-heading\" id=\"h-material-of-3-piece-stainless-steel-ball-valve\">Material der 3-teiligen Edelstahl-Kugelh\u00e4hne:<\/h2>\r\n\r\n\r\n\r\n<figure class=\"wp-block-table\">\r\n<table>\r\n<tbody>\r\n<tr>\r\n<td>Nein<\/td>\r\n<td>Teil<\/td>\r\n<td>Material<\/td>\r\n<\/tr>\r\n<tr>\r\n<td>1<\/td>\r\n<td>K\u00f6rper<\/td>\r\n<td>ASTM A351 CF8M<\/td>\r\n<\/tr>\r\n<tr>\r\n<td>2<\/td>\r\n<td>Motorhaube<\/td>\r\n<td>ASTM A351 CF8M<\/td>\r\n<\/tr>\r\n<tr>\r\n<td>3<\/td>\r\n<td>Motorhaubenbolzen<\/td>\r\n<td>ASTM A193 B8M<\/td>\r\n<\/tr>\r\n<tr>\r\n<td>4<\/td>\r\n<td>Haubenmutter<\/td>\r\n<td>ASTM A194 8M<\/td>\r\n<\/tr>\r\n<tr>\r\n<td>5<\/td>\r\n<td>Dichtung der Motorhaube<\/td>\r\n<td>Graphit +SS316<\/td>\r\n<\/tr>\r\n<tr>\r\n<td>6<\/td>\r\n<td>Sitzring<\/td>\r\n<td>DEVELON<\/td>\r\n<\/tr>\r\n<tr>\r\n<td>7<\/td>\r\n<td>Kugel<\/td>\r\n<td>ASTM A182 F316<\/td>\r\n<\/tr>\r\n<tr>\r\n<td>8<\/td>\r\n<td>Vorbau<\/td>\r\n<td>ASTM A276 316<\/td>\r\n<\/tr>\r\n<tr>\r\n<td>9<\/td>\r\n<td>Spindelpackung<\/td>\r\n<td>Graphit<\/td>\r\n<\/tr>\r\n<tr>\r\n<td>10<\/td>\r\n<td>Dr\u00fcse<\/td>\r\n<td>ASTM A351 CF8M<\/td>\r\n<\/tr>\r\n<tr>\r\n<td>11<\/td>\r\n<td>Stoppkragen<\/td>\r\n<td>ANSI 1025<\/td>\r\n<\/tr>\r\n<\/tbody>\r\n<\/table>\r\n<\/figure>","protected":false},"excerpt":{"rendered":"<p>Der 3-teilige Kugelhahn ist so konzipiert, dass er zur einfachen Reinigung auseinandergenommen werden kann. Was ist ein 3-teiliger Kugelhahn? ZECO 3 \u2026 <a title=\"3-teiliger Kugelhahn aus Edelstahl\" class=\"read-more\" href=\"https:\/\/zecovalve.com\/de\/produkt\/3pc-ball-valve\" aria-label=\"Mehr zu 3 St\u00fcck Edelstahl-Kugelhahn\">Weiterlesen ...<\/a><\/p>","protected":false},"featured_media":27862,"comment_status":"closed","ping_status":"closed","template":"","meta":{"_generate-full-width-content":"","kt_blocks_editor_width":""},"product_cat":[2047],"product_tag":[3089,3254,2658,3914,3244,2832],"class_list":["post-16468","product","type-product","status-publish","has-post-thumbnail","hentry","product_cat-ball-valve","product_tag-3-piece-ball-valve","product_tag-ball-valve-stainless-steel","product_tag-isolation-valve","product_tag-reduced-bore-ball-valve","product_tag-stainless-ball-valve","product_tag-stainless-steel-ball-valve","sales-flash-overlay","woocommerce-text-align-center","woocommerce-image-align-center","do-quantity-buttons"],"featured_image_src_large":["https:\/\/zecovalve.com\/wp-content\/uploads\/2022\/06\/3-Piece-Stainless-Steel-Ball-Valve.jpg",800,600,false],"author_info":[],"comment_info":0,"taxonomy_info":{"product_cat":[{"value":2047,"label":"Ball Valve"}],"product_tag":[{"value":3089,"label":"3 Piece Ball Valve"},{"value":3254,"label":"Ball Valve Stainless Steel"},{"value":2658,"label":"Isolation Valve"},{"value":3914,"label":"Reduced Bore Ball Valve"},{"value":3244,"label":"Stainless Ball Valve"},{"value":2832,"label":"Stainless Steel Ball Valve"}]},"yoast_head":"<!-- This site is optimized with the Yoast SEO Premium plugin v15.4 - https:\/\/yoast.com\/wordpress\/plugins\/seo\/ -->\n<title>3 Piece Stainless Steel Ball Valve - 3 Piece Ball Valve | ZECO Valve<\/title>\n<meta name=\"robots\" content=\"index, follow, max-snippet:-1, max-image-preview:large, max-video-preview:-1\" \/>\n<link rel=\"canonical\" href=\"https:\/\/zecovalve.com\/de\/produkt\/3pc-ball-valve\" \/>\n<meta property=\"og:locale\" content=\"de_DE\" \/>\n<meta property=\"og:type\" content=\"article\" \/>\n<meta property=\"og:title\" content=\"3 Piece Stainless Steel Ball Valve - 3 Piece Ball Valve | ZECO Valve\" \/>\n<meta property=\"og:description\" content=\"3 Piece Ball Valve is designed to be taken apart for easy cleaning. What is a 3 Piece Ball Valve? ZECO 3 ... Weiterlesen ...\" \/>\n<meta property=\"og:url\" content=\"https:\/\/zecovalve.com\/de\/produkt\/3pc-ball-valve\" \/>\n<meta property=\"og:site_name\" content=\"ZECO Valve\" \/>\n<meta property=\"article:modified_time\" content=\"2023-06-07T07:07:23+00:00\" \/>\n<meta property=\"og:image\" content=\"https:\/\/zecovalve.com\/wp-content\/uploads\/2022\/06\/3-Piece-Stainless-Steel-Ball-Valve.jpg\" \/>\n\t<meta property=\"og:image:width\" content=\"800\" \/>\n\t<meta property=\"og:image:height\" content=\"600\" \/>\n<meta name=\"twitter:card\" content=\"summary_large_image\" \/>\n<meta name=\"twitter:label1\" content=\"Verfasst von\">\n\t<meta name=\"twitter:data1\" content=\"Jerry\">\n\t<meta name=\"twitter:label2\" content=\"Gesch\u00e4tzte Lesezeit\">\n\t<meta name=\"twitter:data2\" content=\"2\u00a0Minuten\">\n<script type=\"application\/ld+json\" class=\"yoast-schema-graph\">{\"@context\":\"https:\/\/schema.org\",\"@graph\":[{\"@type\":\"WebSite\",\"@id\":\"https:\/\/zecovalve.com\/#website\",\"url\":\"https:\/\/zecovalve.com\/\",\"name\":\"ZECO Valve\",\"description\":\"Industrial Ball Valve, Gate Valve and Globe Valve Manufacturer\",\"potentialAction\":[{\"@type\":\"SearchAction\",\"target\":\"https:\/\/zecovalve.com\/?s={search_term_string}\",\"query-input\":\"required name=search_term_string\"}],\"inLanguage\":\"de\"},{\"@type\":\"ImageObject\",\"@id\":\"https:\/\/zecovalve.com\/product\/3pc-ball-valve#primaryimage\",\"inLanguage\":\"de\",\"url\":\"https:\/\/zecovalve.com\/wp-content\/uploads\/2022\/06\/3-Piece-Stainless-Steel-Ball-Valve.jpg\",\"width\":800,\"height\":600,\"caption\":\"3 Piece Stainless Steel Ball Valve\"},{\"@type\":\"WebPage\",\"@id\":\"https:\/\/zecovalve.com\/product\/3pc-ball-valve#webpage\",\"url\":\"https:\/\/zecovalve.com\/product\/3pc-ball-valve\",\"name\":\"3 Piece Stainless Steel Ball Valve - 3 Piece Ball Valve | ZECO Valve\",\"isPartOf\":{\"@id\":\"https:\/\/zecovalve.com\/#website\"},\"primaryImageOfPage\":{\"@id\":\"https:\/\/zecovalve.com\/product\/3pc-ball-valve#primaryimage\"},\"datePublished\":\"2022-06-21T06:25:05+00:00\",\"dateModified\":\"2023-06-07T07:07:23+00:00\",\"breadcrumb\":{\"@id\":\"https:\/\/zecovalve.com\/product\/3pc-ball-valve#breadcrumb\"},\"inLanguage\":\"de\",\"potentialAction\":[{\"@type\":\"ReadAction\",\"target\":[\"https:\/\/zecovalve.com\/product\/3pc-ball-valve\"]}]},{\"@type\":\"BreadcrumbList\",\"@id\":\"https:\/\/zecovalve.com\/product\/3pc-ball-valve#breadcrumb\",\"itemListElement\":[{\"@type\":\"ListItem\",\"position\":1,\"item\":{\"@type\":\"WebPage\",\"@id\":\"https:\/\/zecovalve.com\/\",\"url\":\"https:\/\/zecovalve.com\/\",\"name\":\"Home\"}},{\"@type\":\"ListItem\",\"position\":2,\"item\":{\"@type\":\"WebPage\",\"@id\":\"https:\/\/zecovalve.com\/product-category\",\"url\":\"https:\/\/zecovalve.com\/product-category\",\"name\":\"Industrial Valve Manufacturer | Water Valve Manufacturer\"}},{\"@type\":\"ListItem\",\"position\":3,\"item\":{\"@type\":\"WebPage\",\"@id\":\"https:\/\/zecovalve.com\/product\/3pc-ball-valve\",\"url\":\"https:\/\/zecovalve.com\/product\/3pc-ball-valve\",\"name\":\"3 Piece Stainless Steel Ball Valve\"}}]}]}<\/script>\n<!-- \/ Yoast SEO Premium plugin. -->","_links":{"self":[{"href":"https:\/\/zecovalve.com\/de\/wp-json\/wp\/v2\/product\/16468","targetHints":{"allow":["GET"]}}],"collection":[{"href":"https:\/\/zecovalve.com\/de\/wp-json\/wp\/v2\/product"}],"about":[{"href":"https:\/\/zecovalve.com\/de\/wp-json\/wp\/v2\/types\/product"}],"replies":[{"embeddable":true,"href":"https:\/\/zecovalve.com\/de\/wp-json\/wp\/v2\/comments?post=16468"}],"wp:featuredmedia":[{"embeddable":true,"href":"https:\/\/zecovalve.com\/de\/wp-json\/wp\/v2\/media\/27862"}],"wp:attachment":[{"href":"https:\/\/zecovalve.com\/de\/wp-json\/wp\/v2\/media?parent=16468"}],"wp:term":[{"taxonomy":"product_cat","embeddable":true,"href":"https:\/\/zecovalve.com\/de\/wp-json\/wp\/v2\/product_cat?post=16468"},{"taxonomy":"product_tag","embeddable":true,"href":"https:\/\/zecovalve.com\/de\/wp-json\/wp\/v2\/product_tag?post=16468"}],"curies":[{"name":"wp","href":"https:\/\/api.w.org\/{rel}","templated":true}]}}