{"id":16513,"date":"2022-06-21T06:54:43","date_gmt":"2022-06-21T06:54:43","guid":{"rendered":"https:\/\/zecovalve.com\/?post_type=product&#038;p=16513"},"modified":"2022-08-19T06:06:54","modified_gmt":"2022-08-19T06:06:54","slug":"high-performance-butterfly-valve","status":"publish","type":"product","link":"https:\/\/zecovalve.com\/de\/produkt\/high-performance-butterfly-valve","title":{"rendered":"Hochleistungsklappe"},"content":{"rendered":"<figure class=\"wp-block-image alignnone size-medium wp-image-16514\"><img loading=\"lazy\" decoding=\"async\" width=\"300\" height=\"225\" class=\"wp-image-16514\" src=\"https:\/\/zecovalve.com\/wp-content\/uploads\/2022\/06\/high-performance-butterfly-valve-300x225.jpg\" alt=\"Hochleistungsklappe\" srcset=\"https:\/\/zecovalve.com\/wp-content\/uploads\/2022\/06\/high-performance-butterfly-valve-300x225.jpg 300w, https:\/\/zecovalve.com\/wp-content\/uploads\/2022\/06\/high-performance-butterfly-valve-768x576.jpg 768w, https:\/\/zecovalve.com\/wp-content\/uploads\/2022\/06\/high-performance-butterfly-valve-600x450.jpg 600w, https:\/\/zecovalve.com\/wp-content\/uploads\/2022\/06\/high-performance-butterfly-valve.jpg 800w\" sizes=\"auto, (max-width: 300px) 100vw, 300px\" \/><\/figure>\r\n\r\n\r\n\r\n\r\n<div class=\"gb-button-wrapper gb-button-wrapper-6d8495a3\">\r\n\r\n<a class=\"gb-button gb-button-3d442e11 gb-button-text\" href=\"https:\/\/zecovalve.com\/de\/contact\/\" target=\"_blank\" rel=\"noopener noreferrer\"><strong>ERHALTEN SIE DEN PREIS F\u00dcR HOCHLEISTUNGS-ABSCHEIDUNGSVENTILE<\/strong><\/a>\r\n\r\n<\/div>\r\n\r\n\r\n<h2 class=\"wp-block-heading\" id=\"h-what-is-a-high-performance-butterfly-valve\">Was ist ein Hochleistungs-Absperrventil?<\/h2>\r\n\r\n\r\n\r\n\r\nDas Hgh Performance-Absperrventil ist ein innovatives Produkt mit doppeltem Offset-Design und fortschrittlicher, weltweit f\u00fchrender Technologie. Dieses Absperrventil hat eine einzigartige Struktur mit \u00e4u\u00dferst zuverl\u00e4ssiger Dichtleistung, breiten Arbeitsbedingungen und geringem Betriebsdrehmoment.\r\n\r\n\r\n\r\n\r\n<h2 class=\"wp-block-heading\">Spezifikationen f\u00fcr Hochleistungs-Absperrklappen<\/h2>\r\n\r\n\r\n\r\n<figure class=\"wp-block-table is-style-stripes\">\r\n<table>\r\n<tbody>\r\n<tr>\r\n<td>Name<\/td>\r\n<td>\u00a0Hochleistungs-Absperrklappe<\/td>\r\n<\/tr>\r\n<tr>\r\n<td>Gestaltung<\/td>\r\n<td>\u00a0API 609\/ASME B16.34<\/td>\r\n<\/tr>\r\n<tr>\r\n<td>Endverbindung<\/td>\r\n<td>\u00a0Wafer\/Lug\/Doppelflansch<\/td>\r\n<\/tr>\r\n<tr>\r\n<td>Betrieb<\/td>\r\n<td>\u00a0Manuell\/Pneumatisch\/Elektrisch<\/td>\r\n<\/tr>\r\n<tr>\r\n<td>Gr\u00f6\u00dfenbereich<\/td>\r\n<td>\u00a0NPS 2\u2033-60\u2033(DN50-DN1500)<\/td>\r\n<\/tr>\r\n<tr>\r\n<td>Druckstufe<\/td>\r\n<td>\u00a0ASME Klasse 150-300-600 (PN16-PN25-PN40)<\/td>\r\n<\/tr>\r\n<tr>\r\n<td>Material des Geh\u00e4uses<\/td>\r\n<td>\u00a0Kohlenstoffstahl, Edelstahl, legierter Stahl, Duplex-Edelstahl<\/td>\r\n<\/tr>\r\n<tr>\r\n<td>Sitzmaterial<\/td>\r\n<td>\u00a0PTFE, RPTFE, PPL<\/td>\r\n<\/tr>\r\n<tr>\r\n<td>Temperatur<\/td>\r\n<td>\u00a0-29\u2103 bis 250\u2103<\/td>\r\n<\/tr>\r\n<\/tbody>\r\n<\/table>\r\n<\/figure>\r\n\r\n\r\n\r\n<h2 class=\"wp-block-heading\" id=\"h-features-of-high-performance-butterfly-valve\">Merkmale des Hochleistungs-Absperrventils:<\/h2>\r\n\r\n\r\n\r\n<ul class=\"wp-block-list\">\r\n \t<li>Das widerstandsf\u00e4hige Sitzdesign der ZECO-Hochleistungs-Absperrklappe ist so konzipiert, dass es eine optimierte L\u00f6sung f\u00fcr den Einsatz im Feld mit Verschlei\u00df und geringen Drehmomentanforderungen bietet und den Sitz nach einem Sitzschaden ohne Spezialwerkzeug problemlos austauschen kann.<\/li>\r\n \t<li>Die Hochleistungs-Absperrklappe von ZECO ist mit Verbundlagern an der Spindel \u00fcber und unter der Scheibe ausgestattet. Die Verbundlager sind mit PTFE- und Epoxidfilamenten umwickelt, was das Drehmoment im Schalter verringert und den Verschlei\u00df zwischen Spindel und K\u00f6rper reduziert, was eine l\u00e4ngere Lebensdauer erm\u00f6glicht;<\/li>\r\n \t<li>Das feuerfeste, bidirektionale, elastische Sitzdesign des Hochleistungs-Absperrventils von ZECO gew\u00e4hrleistet, dass das Ventil w\u00e4hrend des Normalbetriebs nicht ausl\u00e4uft. Die Metall-Metall-Dichtung des Sitzes nach einem Brand erf\u00fcllt oder \u00fcbertrifft die Branchenspezifikation \u201eBrandschutz\u201c;<\/li>\r\n \t<li>Das Stopfbuchsenflansch-Design des ZECO Hochleistungs-Absperrventils \u00fcbt eine Belastung auf die Stopfbuchse aus, um externe Leckagen zu verhindern. Vollst\u00e4ndig einstellbar.<\/li>\r\n \t<li>ISO 5211-Oberplatte zur direkten Montage einer breiten Palette von Aktuatoren, Griffen und Getrieben<\/li>\r\n \t<li>Die verstellbare Spindelpackung verf\u00fcgt \u00fcber eine herunterziehbare Stopfbuchse mit einfachem Zugang ohne Ausbau des Antriebs<\/li>\r\n \t<li>Tangentiale Keilstifte sind von der Mitte des Schaftes versetzt und werden daher eher komprimiert als geschert<\/li>\r\n \t<li>Der Scheibenstopp verhindert eine Drehung der Scheibe in die falsche Richtung und eine m\u00f6gliche Besch\u00e4digung des Sitzes<\/li>\r\n \t<li>Halteklammer bietet Schutz vor Ausblasen des Schafts<\/li>\r\n \t<li>Vorgespanntes Spindeldichtungssystem durch einen Satz Tellerfedern. Eine kipphebelf\u00f6rmige Stopfbuchsenbr\u00fccke gleicht eine ungleichm\u00e4\u00dfige Einstellung der Stopfbuchsenschrauben aus.<\/li>\r\n \t<li>Das \u201eBear-X\u201c-Lager weist eine ausgezeichnete thermische, chemische und Verschlei\u00dffestigkeit auf<\/li>\r\n \t<li>Einteiliger Korpus mit verl\u00e4ngertem Hals<\/li>\r\n \t<li>Selbsterregendes, flexibles Lippendichtungs-Weichsitzdesign. Zwei Kontaktpunkte auf feuersicherem Metallsitzdesign<\/li>\r\n<\/ul>\r\n\r\n\r\n\r\n<h2 class=\"wp-block-heading\">Anwendungen von Hochleistungs-Absperrklappen<\/h2>\r\n\r\n\r\n\r\n\r\nHochleistungs-Absperrklappen sind speziell f\u00fcr Anwendungen in der Chemie-, Kohlenwasserstoffverarbeitungs-, Zellstoff- und Papier-, Wasser- und Abwasser- und HLK-Industrie weltweit konzipiert. Das Ventil wurde mit dem Verst\u00e4ndnis entwickelt, dass die Prozessindustrie Produkte ben\u00f6tigt, die au\u00dfergew\u00f6hnliche Leistung bieten und gleichzeitig die Gesamtbetriebskosten senken.\r\n\r\n\r\n\r\n\r\n<h2 class=\"wp-block-heading\" id=\"h-high-performance-butterfly-valve-manufacturers\">Hersteller von Hochleistungs-Absperrklappen<\/h2>\r\n\r\n\r\n\r\n\r\nZECO Valve ist einer der weltweit f\u00fchrenden Hersteller von Hochleistungs-Absperrklappen. Basierend auf langj\u00e4hriger Forschung, Entwicklung und Praxiserfahrung ist das ZECO-Design den Hochleistungs-Absperrklappen anderer Hersteller \u00fcberlegen und vielseitiger. ZECO-Produkte werden unter dem Qualit\u00e4tsmanagementsystem ISO9001 hergestellt. Jeder Produktionsprozess verf\u00fcgt \u00fcber entsprechende Managementsystemdokumente und Managementsystemverfahren, um sicherzustellen, dass jedes Ventil internationale Standards oder Benutzeranforderungen erf\u00fcllt oder \u00fcbertrifft. Das Hochleistungs-Absperrventil von ZECO ist ein ausgereiftes Produkt f\u00fcr die \u00d6l- und Gasverarbeitung sowie die Heiz-, Strom-, Wasser- und Abwasseraufbereitungsindustrie und eignet sich besonders f\u00fcr raue Umgebungen und Industrieanwendungen, die Nenndruck- und Temperaturwerte erfordern. ZECO verf\u00fcgt \u00fcber professionelle Fertigungserfahrung im Bereich Hochleistungs-Absperrklappen und zeichnet sich durch hervorragende Qualit\u00e4tsnachweise und schnelle Lieferzeiten in den von ihm belieferten Branchen aus.","protected":false},"excerpt":{"rendered":"<p>Was ist ein Hochleistungs-Absperrventil? Das Hochleistungs-Absperrventil ist ein innovatives Produkt mit doppeltem Offset-Design und fortschrittlicher, weltweit f\u00fchrender Technologie. \u2026 <a title=\"Hochleistungsklappe\" class=\"read-more\" href=\"https:\/\/zecovalve.com\/de\/produkt\/high-performance-butterfly-valve\" aria-label=\"Mehr zu High Performance Butterfly Valve\">Weiterlesen ...<\/a><\/p>","protected":false},"featured_media":16514,"comment_status":"closed","ping_status":"closed","template":"","meta":{"_generate-full-width-content":"","kt_blocks_editor_width":""},"product_cat":[2044,2467],"product_tag":[],"class_list":["post-16513","product","type-product","status-publish","has-post-thumbnail","hentry","product_cat-butterfly-valve","product_cat-butterfly-valve-by-form","sales-flash-overlay","woocommerce-text-align-center","woocommerce-image-align-center","do-quantity-buttons"],"featured_image_src_large":["https:\/\/zecovalve.com\/wp-content\/uploads\/2022\/06\/high-performance-butterfly-valve.jpg",800,600,false],"author_info":[],"comment_info":0,"taxonomy_info":{"product_cat":[{"value":2044,"label":"Butterfly Valve"},{"value":2467,"label":"Butterfly Valve By Form"}]},"yoast_head":"<!-- This site is optimized with the Yoast SEO Premium plugin v15.4 - https:\/\/yoast.com\/wordpress\/plugins\/seo\/ -->\n<title>High Performance Butterfly Valve Manufacturers | ZECO Valve<\/title>\n<meta name=\"robots\" content=\"index, follow, max-snippet:-1, max-image-preview:large, max-video-preview:-1\" \/>\n<link rel=\"canonical\" href=\"https:\/\/zecovalve.com\/de\/produkt\/high-performance-butterfly-valve\" \/>\n<meta property=\"og:locale\" content=\"de_DE\" \/>\n<meta property=\"og:type\" content=\"article\" \/>\n<meta property=\"og:title\" content=\"High Performance Butterfly Valve Manufacturers | ZECO Valve\" \/>\n<meta property=\"og:description\" content=\"What is a High Performance Butterfly Valve? Hgh Performance Butterfly Valve is an innovative double offset design product with advanced world-leading technology. ... Weiterlesen ...\" \/>\n<meta property=\"og:url\" content=\"https:\/\/zecovalve.com\/de\/produkt\/high-performance-butterfly-valve\" \/>\n<meta property=\"og:site_name\" content=\"ZECO Valve\" \/>\n<meta property=\"article:modified_time\" content=\"2022-08-19T06:06:54+00:00\" \/>\n<meta property=\"og:image\" content=\"https:\/\/zecovalve.com\/wp-content\/uploads\/2022\/06\/high-performance-butterfly-valve.jpg\" \/>\n\t<meta property=\"og:image:width\" content=\"800\" \/>\n\t<meta property=\"og:image:height\" content=\"600\" \/>\n<meta name=\"twitter:card\" content=\"summary_large_image\" \/>\n<meta name=\"twitter:label1\" content=\"Verfasst von\">\n\t<meta name=\"twitter:data1\" content=\"Jerry\">\n\t<meta name=\"twitter:label2\" content=\"Gesch\u00e4tzte Lesezeit\">\n\t<meta name=\"twitter:data2\" content=\"2\u00a0Minuten\">\n<script type=\"application\/ld+json\" class=\"yoast-schema-graph\">{\"@context\":\"https:\/\/schema.org\",\"@graph\":[{\"@type\":\"WebSite\",\"@id\":\"https:\/\/zecovalve.com\/#website\",\"url\":\"https:\/\/zecovalve.com\/\",\"name\":\"ZECO Valve\",\"description\":\"Industrial Ball Valve, Gate Valve and Globe Valve Manufacturer\",\"potentialAction\":[{\"@type\":\"SearchAction\",\"target\":\"https:\/\/zecovalve.com\/?s={search_term_string}\",\"query-input\":\"required name=search_term_string\"}],\"inLanguage\":\"de\"},{\"@type\":\"ImageObject\",\"@id\":\"https:\/\/zecovalve.com\/product\/high-performance-butterfly-valve#primaryimage\",\"inLanguage\":\"de\",\"url\":\"https:\/\/zecovalve.com\/wp-content\/uploads\/2022\/06\/high-performance-butterfly-valve.jpg\",\"width\":800,\"height\":600,\"caption\":\"High Performance Butterfly Valve\"},{\"@type\":\"WebPage\",\"@id\":\"https:\/\/zecovalve.com\/product\/high-performance-butterfly-valve#webpage\",\"url\":\"https:\/\/zecovalve.com\/product\/high-performance-butterfly-valve\",\"name\":\"High Performance Butterfly Valve Manufacturers | ZECO Valve\",\"isPartOf\":{\"@id\":\"https:\/\/zecovalve.com\/#website\"},\"primaryImageOfPage\":{\"@id\":\"https:\/\/zecovalve.com\/product\/high-performance-butterfly-valve#primaryimage\"},\"datePublished\":\"2022-06-21T06:54:43+00:00\",\"dateModified\":\"2022-08-19T06:06:54+00:00\",\"breadcrumb\":{\"@id\":\"https:\/\/zecovalve.com\/product\/high-performance-butterfly-valve#breadcrumb\"},\"inLanguage\":\"de\",\"potentialAction\":[{\"@type\":\"ReadAction\",\"target\":[\"https:\/\/zecovalve.com\/product\/high-performance-butterfly-valve\"]}]},{\"@type\":\"BreadcrumbList\",\"@id\":\"https:\/\/zecovalve.com\/product\/high-performance-butterfly-valve#breadcrumb\",\"itemListElement\":[{\"@type\":\"ListItem\",\"position\":1,\"item\":{\"@type\":\"WebPage\",\"@id\":\"https:\/\/zecovalve.com\/\",\"url\":\"https:\/\/zecovalve.com\/\",\"name\":\"Home\"}},{\"@type\":\"ListItem\",\"position\":2,\"item\":{\"@type\":\"WebPage\",\"@id\":\"https:\/\/zecovalve.com\/product-category\",\"url\":\"https:\/\/zecovalve.com\/product-category\",\"name\":\"Industrial Valve Manufacturer | Water Valve Manufacturer\"}},{\"@type\":\"ListItem\",\"position\":3,\"item\":{\"@type\":\"WebPage\",\"@id\":\"https:\/\/zecovalve.com\/product\/high-performance-butterfly-valve\",\"url\":\"https:\/\/zecovalve.com\/product\/high-performance-butterfly-valve\",\"name\":\"High Performance Butterfly Valve\"}}]}]}<\/script>\n<!-- \/ Yoast SEO Premium plugin. -->","_links":{"self":[{"href":"https:\/\/zecovalve.com\/de\/wp-json\/wp\/v2\/product\/16513","targetHints":{"allow":["GET"]}}],"collection":[{"href":"https:\/\/zecovalve.com\/de\/wp-json\/wp\/v2\/product"}],"about":[{"href":"https:\/\/zecovalve.com\/de\/wp-json\/wp\/v2\/types\/product"}],"replies":[{"embeddable":true,"href":"https:\/\/zecovalve.com\/de\/wp-json\/wp\/v2\/comments?post=16513"}],"wp:featuredmedia":[{"embeddable":true,"href":"https:\/\/zecovalve.com\/de\/wp-json\/wp\/v2\/media\/16514"}],"wp:attachment":[{"href":"https:\/\/zecovalve.com\/de\/wp-json\/wp\/v2\/media?parent=16513"}],"wp:term":[{"taxonomy":"product_cat","embeddable":true,"href":"https:\/\/zecovalve.com\/de\/wp-json\/wp\/v2\/product_cat?post=16513"},{"taxonomy":"product_tag","embeddable":true,"href":"https:\/\/zecovalve.com\/de\/wp-json\/wp\/v2\/product_tag?post=16513"}],"curies":[{"name":"wp","href":"https:\/\/api.w.org\/{rel}","templated":true}]}}