{"id":16515,"date":"2022-06-21T06:56:11","date_gmt":"2022-06-21T06:56:11","guid":{"rendered":"https:\/\/zecovalve.com\/?post_type=product&#038;p=16515"},"modified":"2022-09-01T00:49:59","modified_gmt":"2022-09-01T00:49:59","slug":"6-inch-butterfly-valve","status":"publish","type":"product","link":"https:\/\/zecovalve.com\/de\/produkt\/6-inch-butterfly-valve","title":{"rendered":"6-Zoll-Absperrklappe mit Zwischenflansch"},"content":{"rendered":"<p>Absperrklappe 6 Zoll bedeutet, dass die Ventilgr\u00f6\u00dfe 6 Zoll betr\u00e4gt, und in DN ist es DN150.<\/p>\r\n\r\n\r\n\r\n<figure class=\"wp-block-image size-full\"><img loading=\"lazy\" decoding=\"async\" width=\"391\" height=\"298\" class=\"wp-image-11857\" src=\"https:\/\/zecovalve.com\/wp-content\/uploads\/2022\/01\/20220104161938-61d4739ab54a2.jpg\" alt=\"\" srcset=\"https:\/\/zecovalve.com\/wp-content\/uploads\/2022\/01\/20220104161938-61d4739ab54a2.jpg 391w, https:\/\/zecovalve.com\/wp-content\/uploads\/2022\/01\/20220104161938-61d4739ab54a2-300x229.jpg 300w\" sizes=\"auto, (max-width: 391px) 100vw, 391px\" \/><\/figure>\r\n\r\n\r\n<div class=\"gb-button-wrapper gb-button-wrapper-6d8495a3\">\r\n\r\n\r\n<p><a class=\"gb-button gb-button-3d442e11 gb-button-text\" href=\"mailto:commercial@zecovalve.com\" target=\"_blank\" rel=\"noopener noreferrer\"><strong>ERHALTEN SIE DEN PREIS F\u00dcR 6-ZOLL-ABSCHEIDUNGSVENTILE<\/strong><\/a><\/p>\r\n<\/div>\r\n\r\n\r\n\r\n\r\n<h2 class=\"wp-block-heading\" id=\"h-what-is-a-6-inch-wafer-type-butterfly-valve\">Was ist ein 6-Zoll-Wafer-Absperrventil?<\/h2>\r\n\r\n\r\n\r\n<p>6-Zoll-Absperrklappe zur Ein-\/Aus-Steuerung von Luft, \u00d6l und anderen Medien, die mit den Baumaterialien kompatibel sind. Das Sandwich-Ventil im Wafer-Stil wird zwischen vom Kunden bereitgestellten ANSI\/ASME-Flanschen der Klasse 150 und anderen internationalen Standards montiert.<\/p>\r\n\r\n\r\n\r\n<h2 class=\"wp-block-heading\">Abmessungen und Gewicht von 6 Absperrklappen<\/h2>\r\n\r\n\r\n\r\n<table border=\"=1\" width=\"800\">\r\n<tbody>\r\n<tr>\r\n<td rowspan=\"2\">Druckstufe<\/td>\r\n<td style=\"text-align: center;\" colspan=\"4\">\u00a0Abmessung von Fl\u00e4che zu Fl\u00e4che (in mm)<\/td>\r\n<td style=\"text-align: center;\">Gewicht<\/td>\r\n<\/tr>\r\n<tr>\r\n<td style=\"text-align: center;\">RF Langes Muster<\/td>\r\n<td style=\"text-align: center;\">RF-Kurzmuster<\/td>\r\n<td style=\"text-align: center;\">Wafer-Typ<\/td>\r\n<td style=\"text-align: center;\">Lug Typ<\/td>\r\n<td style=\"text-align: center;\">kg<\/td>\r\n<\/tr>\r\n<tr>\r\n<td>KLASSE 150<\/td>\r\n<td style=\"text-align: center;\">267<\/td>\r\n<td style=\"text-align: center;\">140<\/td>\r\n<td style=\"text-align: center;\">57<\/td>\r\n<td style=\"text-align: center;\">57<\/td>\r\n<td style=\"text-align: center;\">65<\/td>\r\n<\/tr>\r\n<tr>\r\n<td>KLASSE 300<\/td>\r\n<td style=\"text-align: center;\">403<\/td>\r\n<td style=\"text-align: center;\">210<\/td>\r\n<td style=\"text-align: center;\">59<\/td>\r\n<td style=\"text-align: center;\">59<\/td>\r\n<td style=\"text-align: center;\">90<\/td>\r\n<\/tr>\r\n<tr>\r\n<td>KLASSE 600<\/td>\r\n<td style=\"text-align: center;\">559<\/td>\r\n<td style=\"text-align: center;\">210<\/td>\r\n<td style=\"text-align: center;\">78<\/td>\r\n<td style=\"text-align: center;\">78<\/td>\r\n<td style=\"text-align: center;\">170<\/td>\r\n<\/tr>\r\n<\/tbody>\r\n<\/table>\r\n\r\n\r\n\r\n<h2 class=\"wp-block-heading\">Installation einer Absperrklappe 6 Zoll<\/h2>\r\n\r\n\r\n\r\n<p>ZECO stellt detaillierte Installationsanweisungen zur Verf\u00fcgung, um eine hohe Leistung und lange Lebensdauer des 6-Zoll-Absperrventils zu gew\u00e4hrleisten. Die Leistungsf\u00e4higkeit von Rohrflanschen und Ventilen h\u00e4ngt von der Verformung der Dichtungen ab. Die wirkende Kraft der Verschraubung widersteht nicht nur der Kraft zum L\u00f6sen der Verbindung, sondern h\u00e4lt auch die notwendige Druckspannung aufrecht. Beachten Sie, dass die Kraft die Dichtungslast und die Drucklast nicht \u00fcberschreitet.<\/p>\r\n\r\n\r\n\r\n<p>Um eine gute Verbindung zu gew\u00e4hrleisten, sind folgende Hinweise zu beachten.<\/p>\r\n\r\n\r\n\r\n<ul class=\"wp-block-list\">\r\n<li>Pr\u00fcfen Sie die Flanschoberfl\u00e4che. Wenn ein Defekt vorliegt, undicht ist, Rillen oder Abdr\u00fccke vorhanden sind, reparieren Sie ihn vor der Installation.<\/li>\r\n<li>Die Installationsanforderungen f\u00fcr Flansche aus Gusseisen sind h\u00f6her als f\u00fcr Sph\u00e4roguss. Es wird empfohlen, Schrauben aus Stahl mit geringer Festigkeit zu verwenden, um die M\u00f6glichkeit einer \u00dcberschreitung der vorgeschriebenen Spannung infolge \u00fcberm\u00e4\u00dfiger Vorspannung des Flansches zu verringern. In den Flachflansch sollte eine Flachflanschdichtung eingesetzt werden, um eine Besch\u00e4digung des Flansches durch zu hohes Drehmoment der Schraube zu verhindern. Nicht zu verwechseln mit belasteten Flanschen mit konvexen, ebenen Flanschen. Bei Flanschverbindungen aus Gusseisen ist es besonders wichtig, dass die Oberseite besser montiert wird, um sicherzustellen, dass die Schraubendichtung auch bei fehlender \u00fcberm\u00e4\u00dfiger Belastung eine angemessene Verdichtungskraft aus\u00fcbt.<\/li>\r\n<li>Dichtungen sind widerstandsf\u00e4hig gegen Verformungen und Besch\u00e4digungen.<\/li>\r\n<li>\u00dcberpr\u00fcfen Sie die Zentrierung der Flansche der Montageteile. Schmieren Sie die Gewinde der Schrauben. Die Schrauben m\u00fcssen nacheinander festgezogen werden, um einen ebenen Kontakt zwischen Flansch und Dichtung sicherzustellen.<\/li>\r\n<\/ul>\r\n\r\n\r\n\r\n<h2 class=\"wp-block-heading\" id=\"h-features-of-6-butterfly-valve\">Merkmale des 6-Schmetterlingsventils:<\/h2>\r\n\r\n\r\n\r\n<ul class=\"wp-block-list\">\r\n<li><span style=\"background-color: var(--base-3); color: var(--contrast);\">Der einzigartige Wellenliniensitz und die Scheibenform verringern das erforderliche Drehmoment und verl\u00e4ngern die Lebensdauer des Ventils. <\/span><\/li>\r\n<li>Der Scheibensitz ist an einen St\u00fctzring aus Phenolharz vulkanisiert, wodurch eine positive Kontrolle des Sitzdrehmoments gew\u00e4hrleistet und gleichzeitig eine Verformung des Sitzes verhindert wird.<\/li>\r\n<li>Pr\u00e4zisionsgefertigte 316SS-Scheibe mit zweiteiliger Schaftkonstruktion (Welle), verbessert die Durchflusskapazit\u00e4t des Ventils und verringert Turbulenzen.<\/li>\r\n<li>Der Schaft verwendet PTFE\/Graphit-Lager mit V-Ringdichtungen um Leckagen zu verhindern.<\/li>\r\n<li><span style=\"background-color: var(--base-3); color: var(--contrast);\">Die mit dem Antriebsger\u00e4t verbundene Halterung entspricht der Norm ISO 5211.<\/span><\/li>\r\n<li>Der Schaft ist so konzipiert, dass er die Anforderungen der API 609 mit einem ausblassicheren Design erf\u00fcllt.<\/li>\r\n<\/ul>\r\n\r\n\r\n\r\n<h2 class=\"wp-block-heading\" id=\"h-material-of-6-inch-butterfly-valve\">Material des 6-Zoll-Absperrventils:<\/h2>\r\n\r\n\r\n\r\n<figure class=\"wp-block-table is-style-stripes\">\r\n<table>\r\n<tbody>\r\n<tr>\r\n<td>Nein<\/td>\r\n<td>Teil<\/td>\r\n<td>Material<\/td>\r\n<\/tr>\r\n<tr>\r\n<td>1<\/td>\r\n<td>K\u00f6rper<\/td>\r\n<td>ASTM A351 CF8M<\/td>\r\n<\/tr>\r\n<tr>\r\n<td>2<\/td>\r\n<td>Dichtungsring<\/td>\r\n<td>Graphit + SS316<\/td>\r\n<\/tr>\r\n<tr>\r\n<td>3<\/td>\r\n<td>Halteflansch<\/td>\r\n<td>ASTM A182 F316<\/td>\r\n<\/tr>\r\n<tr>\r\n<td>4<\/td>\r\n<td>Stift<\/td>\r\n<td>ASTM A276 316<\/td>\r\n<\/tr>\r\n<tr>\r\n<td>5<\/td>\r\n<td>Scheibe<\/td>\r\n<td>ASTM A351 CF8M<\/td>\r\n<\/tr>\r\n<tr>\r\n<td>6<\/td>\r\n<td>Vorbau<\/td>\r\n<td>ASTM A276 316<\/td>\r\n<\/tr>\r\n<tr>\r\n<td>7<\/td>\r\n<td>Spindelpackung<\/td>\r\n<td>Graphit<\/td>\r\n<\/tr>\r\n<tr>\r\n<td>8<\/td>\r\n<td>Vorbauklopfen<\/td>\r\n<td>SS316 + PTFE<\/td>\r\n<\/tr>\r\n<tr>\r\n<td>9<\/td>\r\n<td>Schraube<\/td>\r\n<td>ASTM A193 B8<\/td>\r\n<\/tr>\r\n<tr>\r\n<td>10<\/td>\r\n<td>Nuss<\/td>\r\n<td>ASTM A194 8<\/td>\r\n<\/tr>\r\n<tr>\r\n<td>11<\/td>\r\n<td>Joch<\/td>\r\n<td>ASTM A216 WCB<\/td>\r\n<\/tr>\r\n<\/tbody>\r\n<\/table>\r\n<\/figure>","protected":false},"excerpt":{"rendered":"<p>Absperrventil 6 Zoll bedeutet, dass die Ventilgr\u00f6\u00dfe 6 Zoll betr\u00e4gt, und in DN ist es DN150. Was ist ein 6-Zoll-Ventil \u2026 <a title=\"6-Zoll-Absperrklappe mit Zwischenflansch\" class=\"read-more\" href=\"https:\/\/zecovalve.com\/de\/produkt\/6-inch-butterfly-valve\" aria-label=\"Mehr zu 6 Zoll Wafer Type Butterfly Valve\">Weiterlesen ...<\/a><\/p>","protected":false},"featured_media":11857,"comment_status":"closed","ping_status":"closed","template":"","meta":{"_generate-full-width-content":"","kt_blocks_editor_width":""},"product_cat":[2044,2470],"product_tag":[2806,2801],"class_list":["post-16515","product","type-product","status-publish","has-post-thumbnail","hentry","product_cat-butterfly-valve","product_cat-butterfly-valve-by-inch","product_tag-butterfly-valve-wafer-type","product_tag-wafer-type-butterfly-valve","sales-flash-overlay","woocommerce-text-align-center","woocommerce-image-align-center","do-quantity-buttons"],"featured_image_src_large":["https:\/\/zecovalve.com\/wp-content\/uploads\/2022\/01\/20220104161938-61d4739ab54a2.jpg",391,298,false],"author_info":[],"comment_info":0,"taxonomy_info":{"product_cat":[{"value":2044,"label":"Butterfly Valve"},{"value":2470,"label":"Butterfly Valve By Inch"}],"product_tag":[{"value":2806,"label":"Butterfly Valve Wafer Type"},{"value":2801,"label":"Wafer Type Butterfly Valve"}]},"yoast_head":"<!-- This site is optimized with the Yoast SEO Premium plugin v15.4 - https:\/\/yoast.com\/wordpress\/plugins\/seo\/ -->\n<title>6 inch Wafer Type Butterfly Valve - 6 Butterfly Valve Manufacturer | ZECO<\/title>\n<meta name=\"robots\" content=\"index, follow, max-snippet:-1, max-image-preview:large, max-video-preview:-1\" \/>\n<link rel=\"canonical\" href=\"https:\/\/zecovalve.com\/de\/produkt\/6-inch-butterfly-valve\" \/>\n<meta property=\"og:locale\" content=\"de_DE\" \/>\n<meta property=\"og:type\" content=\"article\" \/>\n<meta property=\"og:title\" content=\"6 inch Wafer Type Butterfly Valve - 6 Butterfly Valve Manufacturer | ZECO\" \/>\n<meta property=\"og:description\" content=\"Butterflly valve 6 inch means the valve size is 6 inch, and in DN it is DN150. What is a 6 Inch ... Weiterlesen ...\" \/>\n<meta property=\"og:url\" content=\"https:\/\/zecovalve.com\/de\/produkt\/6-inch-butterfly-valve\" \/>\n<meta property=\"og:site_name\" content=\"ZECO Valve\" \/>\n<meta property=\"article:modified_time\" content=\"2022-09-01T00:49:59+00:00\" \/>\n<meta property=\"og:image\" content=\"https:\/\/zecovalve.com\/wp-content\/uploads\/2022\/01\/20220104161938-61d4739ab54a2.jpg\" \/>\n\t<meta property=\"og:image:width\" content=\"391\" \/>\n\t<meta property=\"og:image:height\" content=\"298\" \/>\n<meta name=\"twitter:card\" content=\"summary_large_image\" \/>\n<meta name=\"twitter:label1\" content=\"Verfasst von\">\n\t<meta name=\"twitter:data1\" content=\"Jerry\">\n\t<meta name=\"twitter:label2\" content=\"Gesch\u00e4tzte Lesezeit\">\n\t<meta name=\"twitter:data2\" content=\"2\u00a0Minuten\">\n<script type=\"application\/ld+json\" class=\"yoast-schema-graph\">{\"@context\":\"https:\/\/schema.org\",\"@graph\":[{\"@type\":\"WebSite\",\"@id\":\"https:\/\/zecovalve.com\/#website\",\"url\":\"https:\/\/zecovalve.com\/\",\"name\":\"ZECO Valve\",\"description\":\"Industrial Ball Valve, Gate Valve and Globe Valve Manufacturer\",\"potentialAction\":[{\"@type\":\"SearchAction\",\"target\":\"https:\/\/zecovalve.com\/?s={search_term_string}\",\"query-input\":\"required name=search_term_string\"}],\"inLanguage\":\"de\"},{\"@type\":\"ImageObject\",\"@id\":\"https:\/\/zecovalve.com\/product\/6-inch-butterfly-valve#primaryimage\",\"inLanguage\":\"de\",\"url\":\"https:\/\/zecovalve.com\/wp-content\/uploads\/2022\/01\/20220104161938-61d4739ab54a2.jpg\",\"width\":391,\"height\":298},{\"@type\":\"WebPage\",\"@id\":\"https:\/\/zecovalve.com\/product\/6-inch-butterfly-valve#webpage\",\"url\":\"https:\/\/zecovalve.com\/product\/6-inch-butterfly-valve\",\"name\":\"6 inch Wafer Type Butterfly Valve - 6 Butterfly Valve Manufacturer | ZECO\",\"isPartOf\":{\"@id\":\"https:\/\/zecovalve.com\/#website\"},\"primaryImageOfPage\":{\"@id\":\"https:\/\/zecovalve.com\/product\/6-inch-butterfly-valve#primaryimage\"},\"datePublished\":\"2022-06-21T06:56:11+00:00\",\"dateModified\":\"2022-09-01T00:49:59+00:00\",\"breadcrumb\":{\"@id\":\"https:\/\/zecovalve.com\/product\/6-inch-butterfly-valve#breadcrumb\"},\"inLanguage\":\"de\",\"potentialAction\":[{\"@type\":\"ReadAction\",\"target\":[\"https:\/\/zecovalve.com\/product\/6-inch-butterfly-valve\"]}]},{\"@type\":\"BreadcrumbList\",\"@id\":\"https:\/\/zecovalve.com\/product\/6-inch-butterfly-valve#breadcrumb\",\"itemListElement\":[{\"@type\":\"ListItem\",\"position\":1,\"item\":{\"@type\":\"WebPage\",\"@id\":\"https:\/\/zecovalve.com\/\",\"url\":\"https:\/\/zecovalve.com\/\",\"name\":\"Home\"}},{\"@type\":\"ListItem\",\"position\":2,\"item\":{\"@type\":\"WebPage\",\"@id\":\"https:\/\/zecovalve.com\/product-category\",\"url\":\"https:\/\/zecovalve.com\/product-category\",\"name\":\"Industrial Valve Manufacturer | Water Valve Manufacturer\"}},{\"@type\":\"ListItem\",\"position\":3,\"item\":{\"@type\":\"WebPage\",\"@id\":\"https:\/\/zecovalve.com\/product\/6-inch-butterfly-valve\",\"url\":\"https:\/\/zecovalve.com\/product\/6-inch-butterfly-valve\",\"name\":\"6 inch Wafer Type Butterfly Valve\"}}]}]}<\/script>\n<!-- \/ Yoast SEO Premium plugin. -->","_links":{"self":[{"href":"https:\/\/zecovalve.com\/de\/wp-json\/wp\/v2\/product\/16515","targetHints":{"allow":["GET"]}}],"collection":[{"href":"https:\/\/zecovalve.com\/de\/wp-json\/wp\/v2\/product"}],"about":[{"href":"https:\/\/zecovalve.com\/de\/wp-json\/wp\/v2\/types\/product"}],"replies":[{"embeddable":true,"href":"https:\/\/zecovalve.com\/de\/wp-json\/wp\/v2\/comments?post=16515"}],"wp:featuredmedia":[{"embeddable":true,"href":"https:\/\/zecovalve.com\/de\/wp-json\/wp\/v2\/media\/11857"}],"wp:attachment":[{"href":"https:\/\/zecovalve.com\/de\/wp-json\/wp\/v2\/media?parent=16515"}],"wp:term":[{"taxonomy":"product_cat","embeddable":true,"href":"https:\/\/zecovalve.com\/de\/wp-json\/wp\/v2\/product_cat?post=16515"},{"taxonomy":"product_tag","embeddable":true,"href":"https:\/\/zecovalve.com\/de\/wp-json\/wp\/v2\/product_tag?post=16515"}],"curies":[{"name":"wp","href":"https:\/\/api.w.org\/{rel}","templated":true}]}}