{"id":16523,"date":"2022-06-21T07:07:21","date_gmt":"2022-06-21T07:07:21","guid":{"rendered":"https:\/\/zecovalve.com\/?post_type=product&#038;p=16523"},"modified":"2022-09-01T00:48:27","modified_gmt":"2022-09-01T00:48:27","slug":"4-inch-butterfly-valve","status":"publish","type":"product","link":"https:\/\/zecovalve.com\/de\/produkt\/4-inch-butterfly-valve","title":{"rendered":"4-Zoll-Drosselklappe"},"content":{"rendered":"<figure class=\"wp-block-image size-full is-resized\"><img loading=\"lazy\" decoding=\"async\" class=\"wp-image-16939\" src=\"https:\/\/zecovalve.com\/wp-content\/uploads\/2022\/06\/wafer-butterfly-valve.jpg\" alt=\"Zwischenflanschklappe\" width=\"248\" height=\"225\" srcset=\"https:\/\/zecovalve.com\/wp-content\/uploads\/2022\/06\/wafer-butterfly-valve.jpg 330w, https:\/\/zecovalve.com\/wp-content\/uploads\/2022\/06\/wafer-butterfly-valve-300x273.jpg 300w\" sizes=\"auto, (max-width: 248px) 100vw, 248px\" \/><\/figure>\r\n\r\n\r\n<div class=\"gb-button-wrapper gb-button-wrapper-6d8495a3\">\r\n\r\n\r\n<p><a class=\"gb-button gb-button-3d442e11 gb-button-text\" href=\"mailto:commercial@zecovalve.com\" target=\"_blank\" rel=\"noopener noreferrer\"><strong>ERHALTEN SIE 4 IM SCHIEBERVENTILPREIS<\/strong><\/a><\/p>\r\n<\/div>\r\n\r\n\r\n\r\n\r\n<h2 class=\"wp-block-heading\" id=\"h-what-is-4-in-butterfly-valve\">Was ist 4 bei einer Absperrklappe?<\/h2>\r\n\r\n\r\n\r\n<p>Das 4-Zoll-Absperrventil von ZECO besteht aus Geh\u00e4use, Scheibe, Schaft, Sitz, Stopfbuchse, Zahnrad usw. Das Absperrventil von ZECO ist die am h\u00e4ufigsten verwendete Gr\u00f6\u00dfe f\u00fcr kleine Rohrleitungen, daher gibt es Probleme bei der Lagerung. Die Probleme bei der Lagerung sind nahezu dieselben wie bei der Vorbereitung der Lieferung. Der Zeitfaktor ist der entscheidende Faktor. Normalerweise wird die Lagerdauer des Absperrventils durch sein Dichtungsmaterial bestimmt. Wenn das Ventil mehrere Wochen oder Monate gelagert werden muss, sind bessere Lagerungsbedingungen erforderlich. Das Ventil wird normalerweise in Innenr\u00e4umen gelagert und seine Umgebungstemperatur muss h\u00f6her sein als der Taupunkt. Wenn Ventile im Freien gelagert werden, st\u00fctzen Sie das Ventil ab, um sicherzustellen, dass es nicht mit der Erde in Ber\u00fchrung kommt. Gleichzeitig muss das Ventil mit einer wasserdichten Abdeckung versehen werden.<\/p>\r\n\r\n\r\n\r\n<h2 class=\"wp-block-heading\">\u00dcbersicht \u00fcber 4-Zoll-Absperrklappen<\/h2>\r\n\r\n\r\n\r\n<ul class=\"wp-block-list\">\r\n<li>Geh\u00e4usematerial: Sph\u00e4roguss mit Epoxidbeschichtung \/ Kohlenstoffstahl \/ Edelstahl<\/li>\r\n<li>Gr\u00f6\u00dfe und Anschluss: 4 Zoll Wafer, RF, RTJ<\/li>\r\n<li>Sitze: EPDM<\/li>\r\n<li>Scheibe: Edelstahl<\/li>\r\n<li>Antrieb: Handhebel mit 10 Stellungen (in jeder Stellung arretierbar)<\/li>\r\n<\/ul>\r\n\r\n\r\n\r\n<h2 class=\"wp-block-heading\">Abmessungen und Gewicht des 4-Zoll-Absperrventils<\/h2>\r\n\r\n\r\n\r\n<p>&nbsp;<\/p>\r\n<table border=\"=1\" width=\"800\">\r\n<tbody>\r\n<tr>\r\n<td rowspan=\"2\">Druckstufe<\/td>\r\n<td style=\"text-align: center;\">Bohrung<\/td>\r\n<td style=\"text-align: center;\" colspan=\"3\">\u00a0Abmessung von Fl\u00e4che zu Fl\u00e4che (in mm)<\/td>\r\n<td style=\"text-align: center;\">Gewicht<\/td>\r\n<\/tr>\r\n<tr>\r\n<td style=\"text-align: center;\">(in mm)<\/td>\r\n<td style=\"text-align: center;\">RF<\/td>\r\n<td style=\"text-align: center;\">Waffel<\/td>\r\n<td style=\"text-align: center;\">Schleppen<\/td>\r\n<td style=\"text-align: center;\">kg<\/td>\r\n<\/tr>\r\n<tr>\r\n<td>KLASSE 150<\/td>\r\n<td style=\"text-align: center;\">100<\/td>\r\n<td style=\"text-align: center;\">229\/127<\/td>\r\n<td style=\"text-align: center;\">52\/54<\/td>\r\n<td style=\"text-align: center;\">52\/54<\/td>\r\n<td style=\"text-align: center;\">11<\/td>\r\n<\/tr>\r\n<tr>\r\n<td>KLASSE 300<\/td>\r\n<td style=\"text-align: center;\">100<\/td>\r\n<td style=\"text-align: center;\">305\/190<\/td>\r\n<td style=\"text-align: center;\">54<\/td>\r\n<td style=\"text-align: center;\">54<\/td>\r\n<td style=\"text-align: center;\">16<\/td>\r\n<\/tr>\r\n<tr>\r\n<td>KLASSE 600<\/td>\r\n<td style=\"text-align: center;\">100<\/td>\r\n<td style=\"text-align: center;\">432\/190<\/td>\r\n<td style=\"text-align: center;\">64<\/td>\r\n<td style=\"text-align: center;\">64<\/td>\r\n<td style=\"text-align: center;\">35<\/td>\r\n<\/tr>\r\n<\/tbody>\r\n<\/table>\r\n\r\n\r\n\r\n<h2 class=\"wp-block-heading\" id=\"h-features-of-4-inch-butterfly-valve\">Merkmale des 4-Zoll-Absperrventils:<\/h2>\r\n\r\n\r\n\r\n<ul class=\"wp-block-list\">\r\n<li>1. ZECO 4-Zoll-Absperrklappen sind leicht zu warten. Achten Sie jederzeit auf die Dichtfl\u00e4che und die Wellendichtung. Wenn die Dichtfl\u00e4che Abrieb oder Leckagen aufweist, verwenden Sie im Allgemeinen die gepresste Dichtung der Schraubplatte, um das Problem zu beheben. Wenn die Leckage an der gr\u00f6\u00dferen Stelle auftritt, kann der Innenring eingestellt werden. Ein Chip kann behoben werden. Wenn die Dichtungen besch\u00e4digt sind, k\u00f6nnen die Plattendichtungen entfernt und die Dichtungen ausgetauscht werden. Wenn die Dichtungen undicht sind, k\u00f6nnen Sie die Stopfbuchse einstellen oder den Dichtring austauschen.<\/li>\r\n<li>2. Das doppelt versetzte Design des 4-Zoll-Absperrventils von ZECO weist weniger Abrieb auf und verf\u00fcgt \u00fcber eine ausgezeichnete Dichtleistung.<\/li>\r\n<li>3. Die Endschaltervorrichtung des 4-Zoll-Absperrventils von ZECO gew\u00e4hrleistet die richtige \u00d6ffnungs-\/Schlie\u00dfposition.<\/li>\r\n<li>4. K\u00f6rper, Scheibe und Schaft des 4-Zoll-Absperrventils von ZECO weisen ausreichende Festigkeit und Flexibilit\u00e4t auf; die Abdichtung kann im Inneren des Ventils ausgetauscht werden.<\/li>\r\n<li>Lange Lebensdauer mit zuverl\u00e4ssiger Abdichtung und ohne h\u00e4ufige Wartung.<\/li>\r\n<li>Druckverlust\r\n<ul>\r\n<li>Zu viel Druckverlust f\u00fchrt zu h\u00f6heren Kosten f\u00fcr die entsprechende Energie. Absperrklappen haben dreimal bessere Durchflusseigenschaften als Durchgangsventile und etwa 75 % bessere Durchflusswerte als Schieberventile gleicher Gr\u00f6\u00dfe.<\/li>\r\n<\/ul>\r\n<\/li>\r\n<li>Multifunktion\r\n<ul>\r\n<li>Flansch-Absperrklappen k\u00f6nnen f\u00fcr Ein-\/Aus-Betrieb und Drosselung verwendet werden. Sie sind Schieberventilen in ihrer Multifunktionalit\u00e4t \u00fcberlegen. Absperrklappen k\u00f6nnen aufgrund ihrer Trimmoptionen und der Wahl der Elastomer-Auskleidung im Chemiebereich vielseitig eingesetzt werden.<\/li>\r\n<\/ul>\r\n<\/li>\r\n<li>Gewicht\r\n<ul>\r\n<li>Flansch-Absperrklappen zeichnen sich durch geringes Gewicht und kleine Abmessungen aus. So betragen beispielsweise Gewicht und Gr\u00f6\u00dfe einer 10-Zoll-Absperrklappe 1\/9 bzw. 1\/6 eines 10-Zoll-Schiebers. Die Absperrklappe l\u00e4sst sich daher leicht installieren und spart die Kosten f\u00fcr das Rohrleitungssystem.<\/li>\r\n<\/ul>\r\n<\/li>\r\n<li>Blasendicht\r\n<ul>\r\n<li>Absperrklappen mit elastischem Sitzdesign k\u00f6nnen im Vergleich zu Schiebern oder Kugelh\u00e4hnen mit Metallsitz blasendicht sein.<\/li>\r\n<\/ul>\r\n<\/li>\r\n<li>Einfache Bedienung\r\n<ul>\r\n<li>Das Absperrventil l\u00e4sst sich um 90 Grad \u00f6ffnen und schlie\u00dfen.<\/li>\r\n<\/ul>\r\n<\/li>\r\n<li>Wartung\r\n<ul>\r\n<li>Ordnungsgem\u00e4\u00df installierte Flansch-Absperrklappen sind selbstreinigend und weniger st\u00f6ranf\u00e4llig aufgrund von Schmutz im Rohr.<\/li>\r\n<\/ul>\r\n<\/li>\r\n<\/ul>\r\n\r\n\r\n\r\n<h2 class=\"wp-block-heading\" id=\"h-material-of-4-inch-butterfly-valve\">Material des 4-Zoll-Absperrventils:<\/h2>\r\n\r\n\r\n\r\n<figure class=\"wp-block-table\">\r\n<table>\r\n<tbody>\r\n<tr>\r\n<td>Nein<\/td>\r\n<td>Teil<\/td>\r\n<td>Material<\/td>\r\n<\/tr>\r\n<tr>\r\n<td>1<\/td>\r\n<td>K\u00f6rper<\/td>\r\n<td>GGG50<\/td>\r\n<\/tr>\r\n<tr>\r\n<td>2<\/td>\r\n<td>Dichtungsring<\/td>\r\n<td>EPDM<\/td>\r\n<\/tr>\r\n<tr>\r\n<td>3<\/td>\r\n<td>Halteflansch<\/td>\r\n<td>ASTM A182 F304<\/td>\r\n<\/tr>\r\n<tr>\r\n<td>4<\/td>\r\n<td>Stift<\/td>\r\n<td>ASTM A276 304<\/td>\r\n<\/tr>\r\n<tr>\r\n<td>5<\/td>\r\n<td>Scheibe<\/td>\r\n<td>ASTM A351 CF8<\/td>\r\n<\/tr>\r\n<tr>\r\n<td>6<\/td>\r\n<td>Vorbau<\/td>\r\n<td>ASTM A276 304<\/td>\r\n<\/tr>\r\n<tr>\r\n<td>7<\/td>\r\n<td>Spindelpackung<\/td>\r\n<td>Graphit<\/td>\r\n<\/tr>\r\n<tr>\r\n<td>8<\/td>\r\n<td>Vorbauklopfen<\/td>\r\n<td>SS304 + PTFE<\/td>\r\n<\/tr>\r\n<tr>\r\n<td>9<\/td>\r\n<td>Schraube<\/td>\r\n<td>ASTM A193 B7<\/td>\r\n<\/tr>\r\n<tr>\r\n<td>10<\/td>\r\n<td>Nuss<\/td>\r\n<td>ASTM A194 2H<\/td>\r\n<\/tr>\r\n<tr>\r\n<td>11<\/td>\r\n<td>Joch<\/td>\r\n<td>ASTM A216 WCB<\/td>\r\n<\/tr>\r\n<\/tbody>\r\n<\/table>\r\n<\/figure>","protected":false},"excerpt":{"rendered":"<p>Was bedeutet 4 bei Absperrklappen? Die 4-Zoll-Absperrklappe von ZECO besteht aus Geh\u00e4use, Scheibe, Schaft, Sitz, Stopfbuchse, Zahnrad usw. \u2026 <a title=\"4-Zoll-Drosselklappe\" class=\"read-more\" href=\"https:\/\/zecovalve.com\/de\/produkt\/4-inch-butterfly-valve\" aria-label=\"Mehr zu 4 Zoll Absperrklappe\">Weiterlesen ...<\/a><\/p>","protected":false},"featured_media":17037,"comment_status":"closed","ping_status":"closed","template":"","meta":{"_generate-full-width-content":"","kt_blocks_editor_width":""},"product_cat":[2044,2470],"product_tag":[2806,2801],"class_list":["post-16523","product","type-product","status-publish","has-post-thumbnail","hentry","product_cat-butterfly-valve","product_cat-butterfly-valve-by-inch","product_tag-butterfly-valve-wafer-type","product_tag-wafer-type-butterfly-valve","sales-flash-overlay","woocommerce-text-align-center","woocommerce-image-align-center","do-quantity-buttons"],"featured_image_src_large":["https:\/\/zecovalve.com\/wp-content\/uploads\/2022\/06\/wafer-butterfly-valve-1.jpg",330,300,false],"author_info":[],"comment_info":0,"taxonomy_info":{"product_cat":[{"value":2044,"label":"Butterfly Valve"},{"value":2470,"label":"Butterfly Valve By Inch"}],"product_tag":[{"value":2806,"label":"Butterfly Valve Wafer Type"},{"value":2801,"label":"Wafer Type Butterfly Valve"}]},"yoast_head":"<!-- This site is optimized with the Yoast SEO Premium plugin v15.4 - https:\/\/yoast.com\/wordpress\/plugins\/seo\/ -->\n<title>4 in Butterfly Valve - Butterfly Valve 4 Inch | 4 Inch Butterfly Valve | ZECO<\/title>\n<meta name=\"robots\" content=\"index, follow, max-snippet:-1, max-image-preview:large, max-video-preview:-1\" \/>\n<link rel=\"canonical\" href=\"https:\/\/zecovalve.com\/de\/produkt\/4-inch-butterfly-valve\" \/>\n<meta property=\"og:locale\" content=\"de_DE\" \/>\n<meta property=\"og:type\" content=\"article\" \/>\n<meta property=\"og:title\" content=\"4 in Butterfly Valve - Butterfly Valve 4 Inch | 4 Inch Butterfly Valve | ZECO\" \/>\n<meta property=\"og:description\" content=\"What is 4 in Butterfly Valve? ZECO 4 inch butterfly valve is made of body, disc, stem, seat, stuffing box, gear, etc. ... Weiterlesen ...\" \/>\n<meta property=\"og:url\" content=\"https:\/\/zecovalve.com\/de\/produkt\/4-inch-butterfly-valve\" \/>\n<meta property=\"og:site_name\" content=\"ZECO Valve\" \/>\n<meta property=\"article:modified_time\" content=\"2022-09-01T00:48:27+00:00\" \/>\n<meta property=\"og:image\" content=\"https:\/\/zecovalve.com\/wp-content\/uploads\/2022\/06\/wafer-butterfly-valve-1.jpg\" \/>\n\t<meta property=\"og:image:width\" content=\"330\" \/>\n\t<meta property=\"og:image:height\" content=\"300\" \/>\n<meta name=\"twitter:card\" content=\"summary_large_image\" \/>\n<meta name=\"twitter:label1\" content=\"Verfasst von\">\n\t<meta name=\"twitter:data1\" content=\"Jerry\">\n\t<meta name=\"twitter:label2\" content=\"Gesch\u00e4tzte Lesezeit\">\n\t<meta name=\"twitter:data2\" content=\"2\u00a0Minuten\">\n<script type=\"application\/ld+json\" class=\"yoast-schema-graph\">{\"@context\":\"https:\/\/schema.org\",\"@graph\":[{\"@type\":\"WebSite\",\"@id\":\"https:\/\/zecovalve.com\/#website\",\"url\":\"https:\/\/zecovalve.com\/\",\"name\":\"ZECO Valve\",\"description\":\"Industrial Ball Valve, Gate Valve and Globe Valve Manufacturer\",\"potentialAction\":[{\"@type\":\"SearchAction\",\"target\":\"https:\/\/zecovalve.com\/?s={search_term_string}\",\"query-input\":\"required name=search_term_string\"}],\"inLanguage\":\"de\"},{\"@type\":\"ImageObject\",\"@id\":\"https:\/\/zecovalve.com\/product\/4-inch-butterfly-valve#primaryimage\",\"inLanguage\":\"de\",\"url\":\"https:\/\/zecovalve.com\/wp-content\/uploads\/2022\/06\/wafer-butterfly-valve-1.jpg\",\"width\":330,\"height\":300,\"caption\":\"Wafer Butterfly Valve\"},{\"@type\":\"WebPage\",\"@id\":\"https:\/\/zecovalve.com\/product\/4-inch-butterfly-valve#webpage\",\"url\":\"https:\/\/zecovalve.com\/product\/4-inch-butterfly-valve\",\"name\":\"4 in Butterfly Valve - Butterfly Valve 4 Inch | 4 Inch Butterfly Valve | ZECO\",\"isPartOf\":{\"@id\":\"https:\/\/zecovalve.com\/#website\"},\"primaryImageOfPage\":{\"@id\":\"https:\/\/zecovalve.com\/product\/4-inch-butterfly-valve#primaryimage\"},\"datePublished\":\"2022-06-21T07:07:21+00:00\",\"dateModified\":\"2022-09-01T00:48:27+00:00\",\"breadcrumb\":{\"@id\":\"https:\/\/zecovalve.com\/product\/4-inch-butterfly-valve#breadcrumb\"},\"inLanguage\":\"de\",\"potentialAction\":[{\"@type\":\"ReadAction\",\"target\":[\"https:\/\/zecovalve.com\/product\/4-inch-butterfly-valve\"]}]},{\"@type\":\"BreadcrumbList\",\"@id\":\"https:\/\/zecovalve.com\/product\/4-inch-butterfly-valve#breadcrumb\",\"itemListElement\":[{\"@type\":\"ListItem\",\"position\":1,\"item\":{\"@type\":\"WebPage\",\"@id\":\"https:\/\/zecovalve.com\/\",\"url\":\"https:\/\/zecovalve.com\/\",\"name\":\"Home\"}},{\"@type\":\"ListItem\",\"position\":2,\"item\":{\"@type\":\"WebPage\",\"@id\":\"https:\/\/zecovalve.com\/product-category\",\"url\":\"https:\/\/zecovalve.com\/product-category\",\"name\":\"Industrial Valve Manufacturer | Water Valve Manufacturer\"}},{\"@type\":\"ListItem\",\"position\":3,\"item\":{\"@type\":\"WebPage\",\"@id\":\"https:\/\/zecovalve.com\/product\/4-inch-butterfly-valve\",\"url\":\"https:\/\/zecovalve.com\/product\/4-inch-butterfly-valve\",\"name\":\"4 inch Butterfly Valve\"}}]}]}<\/script>\n<!-- \/ Yoast SEO Premium plugin. -->","_links":{"self":[{"href":"https:\/\/zecovalve.com\/de\/wp-json\/wp\/v2\/product\/16523","targetHints":{"allow":["GET"]}}],"collection":[{"href":"https:\/\/zecovalve.com\/de\/wp-json\/wp\/v2\/product"}],"about":[{"href":"https:\/\/zecovalve.com\/de\/wp-json\/wp\/v2\/types\/product"}],"replies":[{"embeddable":true,"href":"https:\/\/zecovalve.com\/de\/wp-json\/wp\/v2\/comments?post=16523"}],"wp:featuredmedia":[{"embeddable":true,"href":"https:\/\/zecovalve.com\/de\/wp-json\/wp\/v2\/media\/17037"}],"wp:attachment":[{"href":"https:\/\/zecovalve.com\/de\/wp-json\/wp\/v2\/media?parent=16523"}],"wp:term":[{"taxonomy":"product_cat","embeddable":true,"href":"https:\/\/zecovalve.com\/de\/wp-json\/wp\/v2\/product_cat?post=16523"},{"taxonomy":"product_tag","embeddable":true,"href":"https:\/\/zecovalve.com\/de\/wp-json\/wp\/v2\/product_tag?post=16523"}],"curies":[{"name":"wp","href":"https:\/\/api.w.org\/{rel}","templated":true}]}}