{"id":16525,"date":"2022-06-21T07:10:57","date_gmt":"2022-06-21T07:10:57","guid":{"rendered":"https:\/\/zecovalve.com\/?post_type=product&#038;p=16525"},"modified":"2023-06-07T07:08:17","modified_gmt":"2023-06-07T07:08:17","slug":"industrial-ball-valve","status":"publish","type":"product","link":"https:\/\/zecovalve.com\/de\/produkt\/industrial-ball-valve","title":{"rendered":"Industrieller Kugelhahn"},"content":{"rendered":"<h1 class=\"sep-title\">Industrieller Kugelhahn<\/h1>\n<div class=\"sep-box-detail clearfix\">\n<div class=\"box-lf\">\n<div class=\"thumb\">\n<p><img loading=\"lazy\" decoding=\"async\" class=\"size-medium wp-image-16526\" src=\"https:\/\/zecovalve.com\/wp-content\/uploads\/2022\/06\/industrial-ball-valve-1_1638956977-300x225.jpg\" alt=\"Industrieller Kugelhahn\" width=\"300\" height=\"225\" srcset=\"https:\/\/zecovalve.com\/wp-content\/uploads\/2022\/06\/industrial-ball-valve-1_1638956977-300x225.jpg 300w, https:\/\/zecovalve.com\/wp-content\/uploads\/2022\/06\/industrial-ball-valve-1_1638956977-768x576.jpg 768w, https:\/\/zecovalve.com\/wp-content\/uploads\/2022\/06\/industrial-ball-valve-1_1638956977-600x450.jpg 600w, https:\/\/zecovalve.com\/wp-content\/uploads\/2022\/06\/industrial-ball-valve-1_1638956977.jpg 800w\" sizes=\"auto, (max-width: 300px) 100vw, 300px\" \/><\/p>\n<p><img loading=\"lazy\" decoding=\"async\" class=\"alignnone size-medium wp-image-16527\" src=\"https:\/\/zecovalve.com\/wp-content\/uploads\/2022\/06\/industrial-ball-valve-2-300x225.jpg\" alt=\"\" width=\"300\" height=\"225\" srcset=\"https:\/\/zecovalve.com\/wp-content\/uploads\/2022\/06\/industrial-ball-valve-2-300x225.jpg 300w, https:\/\/zecovalve.com\/wp-content\/uploads\/2022\/06\/industrial-ball-valve-2-768x576.jpg 768w, https:\/\/zecovalve.com\/wp-content\/uploads\/2022\/06\/industrial-ball-valve-2-600x450.jpg 600w, https:\/\/zecovalve.com\/wp-content\/uploads\/2022\/06\/industrial-ball-valve-2.jpg 800w\" sizes=\"auto, (max-width: 300px) 100vw, 300px\" \/> <img loading=\"lazy\" decoding=\"async\" class=\"alignnone size-medium wp-image-16528\" src=\"https:\/\/zecovalve.com\/wp-content\/uploads\/2022\/06\/industrial-ball-valve-3-300x225.jpg\" alt=\"\" width=\"300\" height=\"225\" srcset=\"https:\/\/zecovalve.com\/wp-content\/uploads\/2022\/06\/industrial-ball-valve-3-300x225.jpg 300w, https:\/\/zecovalve.com\/wp-content\/uploads\/2022\/06\/industrial-ball-valve-3-768x576.jpg 768w, https:\/\/zecovalve.com\/wp-content\/uploads\/2022\/06\/industrial-ball-valve-3-600x450.jpg 600w, https:\/\/zecovalve.com\/wp-content\/uploads\/2022\/06\/industrial-ball-valve-3.jpg 800w\" sizes=\"auto, (max-width: 300px) 100vw, 300px\" \/> <img loading=\"lazy\" decoding=\"async\" class=\"alignnone size-medium wp-image-16529\" src=\"https:\/\/zecovalve.com\/wp-content\/uploads\/2022\/06\/industrial-ball-valve-4-300x225.jpg\" alt=\"\" width=\"300\" height=\"225\" srcset=\"https:\/\/zecovalve.com\/wp-content\/uploads\/2022\/06\/industrial-ball-valve-4-300x225.jpg 300w, https:\/\/zecovalve.com\/wp-content\/uploads\/2022\/06\/industrial-ball-valve-4-768x576.jpg 768w, https:\/\/zecovalve.com\/wp-content\/uploads\/2022\/06\/industrial-ball-valve-4-600x450.jpg 600w, https:\/\/zecovalve.com\/wp-content\/uploads\/2022\/06\/industrial-ball-valve-4.jpg 800w\" sizes=\"auto, (max-width: 300px) 100vw, 300px\" \/><\/p>\n<\/div>\n<div class=\"info\"><a href=\"https:\/\/zecovalve.com\/de\/products\/industrial-ball-valve.html\/#form\"><i class=\"fa fa-commenting-o\" aria-hidden=\"true\"><\/i>\u00a0VENTILPREIS ERHALTEN<\/a><\/div>\n<\/div>\n<div class=\"box-rt\">\n<div class=\"gg\">\n<div class=\"swiper-container swiper-container-initialized swiper-container-vertical\">\n<div class=\"swiper-wrapper\">\n<div class=\"swiper-slide swiper-slide-active\">\n<div class=\"img\"><\/div>\n<\/div>\n<\/div>\n<\/div>\n<\/div>\n<\/div>\n<\/div>\n<div class=\"richtext\">\n<h2>Beschreibung des Industrie-Kugelhahns:<\/h2>\n<p>ZECO-Industriekugelh\u00e4hne werden h\u00e4ufig in der Petrochemie, Raffination, Metallurgie, auf Offshore-Plattformen und in anderen Branchen eingesetzt. Zu unseren Kunden z\u00e4hlen die China National Natural Gas Corporation, die Chemical Equipment Corporation, CNOOC und andere Festpunkt-Versorgungsunternehmen. Das Unternehmen ZECO f\u00fchrt an jedem Industriekugelhahn eine strenge Pr\u00fcfung durch, und die Pr\u00fcfer sind f\u00fcr jede Komponente hoch verantwortlich. Zusammen mit den modernsten Pr\u00fcfger\u00e4ten und einem strengen Qualit\u00e4tsmanagementsystem kann jeder Kugelhahn der sorgf\u00e4ltigen Auswahl der Kunden standhalten. Unter diesen Herstellern von Industriekugelh\u00e4hnen sind\u00a0<a href=\"https:\/\/zecovalve.com\/de\/\" target=\"_self\" rel=\"noopener\">Firma ZECO<\/a>\u00a0wird Ihnen mit Sicherheit die besten Produkte liefern.<\/p>\n<h2>Merkmale des Industriekugelhahns:<\/h2>\n<p>1. Der Industriekugelhahn von ZECO verf\u00fcgt \u00fcber ein spezielles Brandschutzdesign und zwei Dichtungen, die erste ist eine elastische Dichtung und die zweite eine Metalldichtung. Im Brandfall wird zun\u00e4chst die elastische Dichtungsstruktur zerst\u00f6rt. Zu diesem Zeitpunkt wird die Metalldichtung durch die Feder an die Kugel gedr\u00fcckt und dicht mit der Kugel abgedichtet, um ein Austreten des Mediums zu verhindern.<\/p>\n<p>2. Um beim Schalten des industriellen Kugelhahns elektrostatische Effekte und die daraus resultierende Gefahr von Entz\u00fcndung und Explosion zu vermeiden, sind in jedem Kugelhahnk\u00f6rper, jeder Kugel und jedem Schaft eine antistatische Vorrichtung bestehend aus einer Kugel und einer Feder aus rostfreiem Stahl eingebaut. Dadurch kann schnell statische Elektrizit\u00e4t von der Kugel des Ventils selbst zum Ventilk\u00f6rper gelangen und dort f\u00fcr eine reibungslose Abgabe sorgen.<\/p>\n<p>3. Um den Kugelhahn f\u00fcr den industriellen Einsatz in Rohrleitungen bei langfristiger Verwendung und einfacher Wartung zu verbessern, werden Schmierl\u00f6cher im Schaft und im Sitz angebracht, damit bei regelm\u00e4\u00dfiger Wartung oder langfristiger Verwendung auftretende Mikrolecks einfach zu reparieren sind. Durch Einspritzen von Dichtungsfett wird die normale Verwendung des Kugelhahns in der Rohrleitung sichergestellt.<\/p>\n<p>4. ZECO-Industriekugelh\u00e4hne k\u00f6nnen je nach Kundenwunsch mit einer Epoxidbeschichtung von bis zu 1500 \u03bcm Dicke beschichtet werden, um den Hahn besser vor Korrosion zu sch\u00fctzen. Dieser Prozess kann den Kugelhahn unter bestimmten korrosiven Medienbedingungen wirksam vor Erosion durch das Medium sch\u00fctzen.<\/p>\n<h2>Material des Industrie-Kugelhahns:<\/h2>\n<table>\n<tbody>\n<tr class=\"firstRow\">\n<td valign=\"center\">Nein<\/td>\n<td valign=\"center\">Teil<\/td>\n<td valign=\"center\">Material<\/td>\n<\/tr>\n<tr>\n<td valign=\"center\">1<\/td>\n<td valign=\"center\">K\u00f6rper<\/td>\n<td valign=\"center\">ASTM A216 WCB<\/td>\n<\/tr>\n<tr>\n<td valign=\"center\">2<\/td>\n<td valign=\"center\">Motorhaube<\/td>\n<td valign=\"center\">ASTM A216 WCB<\/td>\n<\/tr>\n<tr>\n<td valign=\"center\">3<\/td>\n<td valign=\"center\">Kugel<\/td>\n<td valign=\"center\">ASTM A182 F304<\/td>\n<\/tr>\n<tr>\n<td valign=\"center\">4<\/td>\n<td valign=\"center\">Sitz<\/td>\n<td valign=\"center\">ASTM A182 F304 + PTFE<\/td>\n<\/tr>\n<tr>\n<td valign=\"center\">5<\/td>\n<td valign=\"center\">Vorbau<\/td>\n<td valign=\"center\">ASTM A276 304<\/td>\n<\/tr>\n<tr>\n<td valign=\"center\">6<\/td>\n<td valign=\"center\">Antistatische Vorrichtung<\/td>\n<td valign=\"center\">SS304<\/td>\n<\/tr>\n<tr>\n<td valign=\"center\">7<\/td>\n<td valign=\"center\">Dichtung<\/td>\n<td valign=\"center\">Graphit + SS304<\/td>\n<\/tr>\n<tr>\n<td valign=\"center\">8<\/td>\n<td valign=\"center\">Schraube<\/td>\n<td valign=\"center\">ASTM A193 B7<\/td>\n<\/tr>\n<tr>\n<td valign=\"center\">9<\/td>\n<td valign=\"center\">Nuss<\/td>\n<td valign=\"center\">ASTM A194 2H<\/td>\n<\/tr>\n<tr>\n<td valign=\"center\">10<\/td>\n<td valign=\"center\">O-Ring<\/td>\n<td valign=\"center\">Viton A<\/td>\n<\/tr>\n<tr>\n<td valign=\"center\">11<\/td>\n<td valign=\"center\">Hebel<\/td>\n<td valign=\"center\">ASTM A216 WCB<\/td>\n<\/tr>\n<\/tbody>\n<\/table>\n<\/div>","protected":false},"excerpt":{"rendered":"<p>Industrieller Kugelhahn. VENTILPREIS ERHALTEN. Beschreibung des industriellen Kugelhahns: Der industrielle Kugelhahn von ZECO wird h\u00e4ufig in der Petrochemie, Raffination, Metallurgie usw. verwendet. <a title=\"Industrieller Kugelhahn\" class=\"read-more\" href=\"https:\/\/zecovalve.com\/de\/produkt\/industrial-ball-valve\" aria-label=\"Mehr zu Industrial Ball Valve\">Weiterlesen ...<\/a><\/p>","protected":false},"featured_media":27864,"comment_status":"closed","ping_status":"closed","template":"","meta":{"_generate-full-width-content":"","kt_blocks_editor_width":""},"product_cat":[2047,2459,2465],"product_tag":[2804,3920,2658],"class_list":["post-16525","product","type-product","status-publish","has-post-thumbnail","hentry","product_cat-ball-valve","product_cat-ball-valve-by-form","product_cat-forged-steel-ball-valve","product_tag-2-inch-ball-valve","product_tag-api-6d-ball-valve","product_tag-isolation-valve","sales-flash-overlay","woocommerce-text-align-center","woocommerce-image-align-center","do-quantity-buttons"],"featured_image_src_large":["https:\/\/zecovalve.com\/wp-content\/uploads\/2022\/06\/Industrial-Ball-Valve.jpg",800,600,false],"author_info":[],"comment_info":0,"taxonomy_info":{"product_cat":[{"value":2047,"label":"Ball Valve"},{"value":2459,"label":"Ball Valve By Form"},{"value":2465,"label":"Forged Ball Valve"}],"product_tag":[{"value":2804,"label":"2 inch Ball Valve"},{"value":3920,"label":"API 6D Ball Valve"},{"value":2658,"label":"Isolation Valve"}]},"yoast_head":"<!-- This site is optimized with the Yoast SEO Premium plugin v15.4 - https:\/\/yoast.com\/wordpress\/plugins\/seo\/ -->\n<title>Industrial Ball Valve - ZECO Valve<\/title>\n<meta name=\"robots\" content=\"index, follow, max-snippet:-1, max-image-preview:large, max-video-preview:-1\" \/>\n<link rel=\"canonical\" href=\"https:\/\/zecovalve.com\/de\/produkt\/industrial-ball-valve\" \/>\n<meta property=\"og:locale\" content=\"de_DE\" \/>\n<meta property=\"og:type\" content=\"article\" \/>\n<meta property=\"og:title\" content=\"Industrial Ball Valve - ZECO Valve\" \/>\n<meta property=\"og:description\" content=\"Industrial Ball Valve \u00a0GET VALVE PRICE Description of Industrial Ball Valve: ZECO industrial ball valve is widely used in petrochemical, refining, metallurgy, ... Weiterlesen ...\" \/>\n<meta property=\"og:url\" content=\"https:\/\/zecovalve.com\/de\/produkt\/industrial-ball-valve\" \/>\n<meta property=\"og:site_name\" content=\"ZECO Valve\" \/>\n<meta property=\"article:modified_time\" content=\"2023-06-07T07:08:17+00:00\" \/>\n<meta property=\"og:image\" content=\"https:\/\/zecovalve.com\/wp-content\/uploads\/2022\/06\/Industrial-Ball-Valve.jpg\" \/>\n\t<meta property=\"og:image:width\" content=\"800\" \/>\n\t<meta property=\"og:image:height\" content=\"600\" \/>\n<meta name=\"twitter:card\" content=\"summary_large_image\" \/>\n<meta name=\"twitter:label1\" content=\"Verfasst von\">\n\t<meta name=\"twitter:data1\" content=\"Jerry\">\n\t<meta name=\"twitter:label2\" content=\"Gesch\u00e4tzte Lesezeit\">\n\t<meta name=\"twitter:data2\" content=\"2\u00a0Minuten\">\n<script type=\"application\/ld+json\" class=\"yoast-schema-graph\">{\"@context\":\"https:\/\/schema.org\",\"@graph\":[{\"@type\":\"WebSite\",\"@id\":\"https:\/\/zecovalve.com\/#website\",\"url\":\"https:\/\/zecovalve.com\/\",\"name\":\"ZECO Valve\",\"description\":\"Industrial Ball Valve, Gate Valve and Globe Valve Manufacturer\",\"potentialAction\":[{\"@type\":\"SearchAction\",\"target\":\"https:\/\/zecovalve.com\/?s={search_term_string}\",\"query-input\":\"required name=search_term_string\"}],\"inLanguage\":\"de\"},{\"@type\":\"ImageObject\",\"@id\":\"https:\/\/zecovalve.com\/product\/industrial-ball-valve#primaryimage\",\"inLanguage\":\"de\",\"url\":\"https:\/\/zecovalve.com\/wp-content\/uploads\/2022\/06\/Industrial-Ball-Valve.jpg\",\"width\":800,\"height\":600,\"caption\":\"Industrial Ball Valve\"},{\"@type\":\"WebPage\",\"@id\":\"https:\/\/zecovalve.com\/product\/industrial-ball-valve#webpage\",\"url\":\"https:\/\/zecovalve.com\/product\/industrial-ball-valve\",\"name\":\"Industrial Ball Valve - ZECO Valve\",\"isPartOf\":{\"@id\":\"https:\/\/zecovalve.com\/#website\"},\"primaryImageOfPage\":{\"@id\":\"https:\/\/zecovalve.com\/product\/industrial-ball-valve#primaryimage\"},\"datePublished\":\"2022-06-21T07:10:57+00:00\",\"dateModified\":\"2023-06-07T07:08:17+00:00\",\"breadcrumb\":{\"@id\":\"https:\/\/zecovalve.com\/product\/industrial-ball-valve#breadcrumb\"},\"inLanguage\":\"de\",\"potentialAction\":[{\"@type\":\"ReadAction\",\"target\":[\"https:\/\/zecovalve.com\/product\/industrial-ball-valve\"]}]},{\"@type\":\"BreadcrumbList\",\"@id\":\"https:\/\/zecovalve.com\/product\/industrial-ball-valve#breadcrumb\",\"itemListElement\":[{\"@type\":\"ListItem\",\"position\":1,\"item\":{\"@type\":\"WebPage\",\"@id\":\"https:\/\/zecovalve.com\/\",\"url\":\"https:\/\/zecovalve.com\/\",\"name\":\"Home\"}},{\"@type\":\"ListItem\",\"position\":2,\"item\":{\"@type\":\"WebPage\",\"@id\":\"https:\/\/zecovalve.com\/product-category\",\"url\":\"https:\/\/zecovalve.com\/product-category\",\"name\":\"Industrial Valve Manufacturer | Water Valve Manufacturer\"}},{\"@type\":\"ListItem\",\"position\":3,\"item\":{\"@type\":\"WebPage\",\"@id\":\"https:\/\/zecovalve.com\/product\/industrial-ball-valve\",\"url\":\"https:\/\/zecovalve.com\/product\/industrial-ball-valve\",\"name\":\"Industrial Ball Valve\"}}]}]}<\/script>\n<!-- \/ Yoast SEO Premium plugin. -->","_links":{"self":[{"href":"https:\/\/zecovalve.com\/de\/wp-json\/wp\/v2\/product\/16525","targetHints":{"allow":["GET"]}}],"collection":[{"href":"https:\/\/zecovalve.com\/de\/wp-json\/wp\/v2\/product"}],"about":[{"href":"https:\/\/zecovalve.com\/de\/wp-json\/wp\/v2\/types\/product"}],"replies":[{"embeddable":true,"href":"https:\/\/zecovalve.com\/de\/wp-json\/wp\/v2\/comments?post=16525"}],"wp:featuredmedia":[{"embeddable":true,"href":"https:\/\/zecovalve.com\/de\/wp-json\/wp\/v2\/media\/27864"}],"wp:attachment":[{"href":"https:\/\/zecovalve.com\/de\/wp-json\/wp\/v2\/media?parent=16525"}],"wp:term":[{"taxonomy":"product_cat","embeddable":true,"href":"https:\/\/zecovalve.com\/de\/wp-json\/wp\/v2\/product_cat?post=16525"},{"taxonomy":"product_tag","embeddable":true,"href":"https:\/\/zecovalve.com\/de\/wp-json\/wp\/v2\/product_tag?post=16525"}],"curies":[{"name":"wp","href":"https:\/\/api.w.org\/{rel}","templated":true}]}}