{"id":16546,"date":"2022-06-21T07:25:55","date_gmt":"2022-06-21T07:25:55","guid":{"rendered":"https:\/\/zecovalve.com\/?post_type=product&#038;p=16546"},"modified":"2023-06-07T07:08:45","modified_gmt":"2023-06-07T07:08:45","slug":"cryogenic-ball-valve","status":"publish","type":"product","link":"https:\/\/zecovalve.com\/de\/produkt\/cryogenic-ball-valve","title":{"rendered":"Kryogener Kugelhahn"},"content":{"rendered":"<figure class=\"wp-block-image alignnone size-medium wp-image-16547\"><img loading=\"lazy\" decoding=\"async\" width=\"300\" height=\"225\" class=\"wp-image-16547\" src=\"https:\/\/zecovalve.com\/wp-content\/uploads\/2022\/06\/cryogenic-ball-valve-300x225.jpg\" alt=\"Kryogener Kugelhahn\" srcset=\"https:\/\/zecovalve.com\/wp-content\/uploads\/2022\/06\/cryogenic-ball-valve-300x225.jpg 300w, https:\/\/zecovalve.com\/wp-content\/uploads\/2022\/06\/cryogenic-ball-valve-768x576.jpg 768w, https:\/\/zecovalve.com\/wp-content\/uploads\/2022\/06\/cryogenic-ball-valve-600x450.jpg 600w, https:\/\/zecovalve.com\/wp-content\/uploads\/2022\/06\/cryogenic-ball-valve.jpg 800w\" sizes=\"auto, (max-width: 300px) 100vw, 300px\" \/><\/figure>\r\n\r\n\r\n\r\n\r\n<div class=\"gb-button-wrapper gb-button-wrapper-6d8495a3\">\r\n\r\n\r\n<p><a class=\"gb-button gb-button-3d442e11 gb-button-text\" href=\"mailto:commercial@zecovalve.com\" target=\"_blank\" rel=\"noopener noreferrer\"><strong>PREIS F\u00dcR KRYOGEN-KUGELHAHN ERHALTEN<\/strong><\/a><\/p>\r\n<\/div>\r\n\r\n\r\n<h2 class=\"wp-block-heading\">Was ist ein Kryogenventil?<\/h2>\r\n\r\n\r\n\r\n<p>Kryogene Ventile werden in einer nat\u00fcrlichen geschlossenen Position gehalten, um kryogene Gase oder andere Medien sicher und gesch\u00fctzt aufzubewahren. Ein kryogenes Ventil ist im Allgemeinen so ausgelegt, dass es auf hohen Druck reagiert, der das Ventil in die offene Position dr\u00fcckt, damit das Gas oder andere Medien problemlos durchflie\u00dfen k\u00f6nnen.<\/p>\r\n\r\n\r\n\r\n<h2 class=\"wp-block-heading\" id=\"h-what-is-a-cryogenic-ball-valve\">Was ist ein kryogener Kugelhahn?<\/h2>\r\n\r\n\r\n\r\n<p>Der kryogene Kugelhahn von ZECO kann als schwimmende Kugel oder als zapfengelagerte Kugel ausgef\u00fchrt werden. Um einen anormalen Druckanstieg im Ventilk\u00f6rperhohlraum zu verhindern, wird auf der stromaufw\u00e4rts gelegenen Seite der Kugel eine \u00d6ffnung angebracht, um den K\u00f6rperhohlraum zwischen der stromaufw\u00e4rts gelegenen Rohrleitung und dem Ausgleichsdruck zu verbinden. Daher muss bei der Installation die Flie\u00dfrichtung des Mediums beachtet werden. Die Ventilsitzstruktur ist vom Typ DBB, die den Druck in die stromaufw\u00e4rts oder stromabw\u00e4rts gelegene Rohrleitung selbst ablassen kann, wenn der Druck im K\u00f6rperhohlraum anormal ansteigt. Zwischen K\u00f6rper und Sitz ist die Dichtungsart als doppelte Lippendichtung oder mit umgekehrter Belastung als doppelte Lippendichtung ausgef\u00fchrt. Zwischen Schaft und Packung wird eine Lippendichtung + Graphittyp verwendet. Die Ventilpackung wird mit einer Tellerfeder belastet, um ein Lockern zu verhindern. Der Ventildeckel ist als verl\u00e4ngerter Deckeltyp ausgef\u00fchrt. F\u00fcr unterschiedliche Betriebstemperaturen, um die Temperatur des Packungssitzes \u00fcber 0 \u00b0C zu halten.<\/p>\r\n\r\n\r\n\r\n<h2 class=\"wp-block-heading\">Spezifikationen des kryogenen Kugelhahns<\/h2>\r\n\r\n\r\n\r\n<ul class=\"wp-block-list\">\r\n<li>Klasse 150 bis Klasse 2500<\/li>\r\n<li>Gr\u00f6\u00dfenbereich \u00bc\u201d bis 24\u201d (klassenabh\u00e4ngig)<\/li>\r\n<li>Schwimmende und Zapfenlager, volle und reduzierte Bohrung<\/li>\r\n<li>Geh\u00e4usewandst\u00e4rke ASME B16.34, geschmiedete oder gegossene Versionen<\/li>\r\n<li>Kryogen getestet bis -196 \u00b0C (-320 \u00b0F)<\/li>\r\n<li>Brandsicheres Design API 607<\/li>\r\n<li>Entl\u00fcfteter Ball Standard<\/li>\r\n<li>Ausblassicheres, drehmomentarmes Schaftdesign<\/li>\r\n<li>Unter Spannung stehende Verpackung und antistatische Eigenschaften<\/li>\r\n<li>Fl\u00fcchtige Emissionen ISO 15848<\/li>\r\n<li>PTFE-, TFM-, CTFM-, PCTFE- und Metallsitze erh\u00e4ltlich<\/li>\r\n<li>Ventile werden vor dem Versand entfettet, gereinigt und verpackt<\/li>\r\n<li>Benutzerdefinierte Baul\u00e4ngen je nach Kundenanforderung erh\u00e4ltlich<\/li>\r\n<li>Manuelle, elektrische, pneumatische oder elektrohydraulische Antriebe verf\u00fcgbar<\/li>\r\n<li>Brandpr\u00fcfung: API 607, API 6FA, BS 6755 Teil II<\/li>\r\n<li>Pr\u00fcfung: API 598, API 17D, ISO 5208, BS 6755 Teil I, BS 6364<\/li>\r\n<li>Kennzeichnung: MSS-SP-25, PED<\/li>\r\n<li>Zertifizierungen: API607, SIL, NACE, MR0175, PED, fl\u00fcchtige Emissionen<\/li>\r\n<\/ul>\r\n\r\n\r\n\r\n<h2 class=\"wp-block-heading\">Warum hat ein Kryoventil eine verl\u00e4ngerte Haube?<\/h2>\r\n\r\n\r\n\r\n<p>Ethylen, fl\u00fcssiger Sauerstoff, fl\u00fcssiger Wasserstoff, verfl\u00fcssigtes Erdgas, verfl\u00fcssigtes Erd\u00f6l und andere fl\u00fcssige Medien sind bei kryogenen Ventil\u00fcbertragungen entflammbar und explosiv. Dar\u00fcber hinaus vergasen und dehnen sie sich bei steigender Temperatur hundertfach aus.<\/p>\r\n\r\n\r\n\r\n<p>Diese Art von Ventil ist immer mit einem verl\u00e4ngerten Oberteil bzw. verl\u00e4ngerten Schaft ausgestattet. Der Grund daf\u00fcr ist:<\/p>\r\n\r\n\r\n\r\n<ul class=\"wp-block-list\">\r\n<li>Die verl\u00e4ngerte Haube kann verhindern, dass die Stopfbuchse, die eine wichtige Rolle in kryogenen Ventilen und anderen Ventilen spielt, durch niedrige Temperaturen besch\u00e4digt wird. Wenn die Temperatur sinkt, verliert die Packung allm\u00e4hlich ihre Elastizit\u00e4t und ihre F\u00e4higkeit, Leckagen zu verhindern. Dann gefriert das Medium im Raum zwischen der Packung und dem Schaft, behindert die Bewegung des Schafts und zerkratzt die Packung, wenn sich der Schaft bewegt. Das Ergebnis ist eine schwere Leckage. Daher wird ein verl\u00e4ngerter Schaft verwendet, um sicherzustellen, dass die Packung warm genug ist, mindestens \u00fcber 8 \u00b0C.<\/li>\r\n<li>Die erweiterte Struktur der Haube erm\u00f6glicht es, spezielle Materialien bequem um das Ventil zu wickeln und so den Verlust von K\u00e4lteenergie zu verhindern.<\/li>\r\n<li>Die Rohre und Ventile werden h\u00e4ufig in der sogenannten \u201eCold Box\u201c installiert, aber ihr \u201elanger Hals\u201c kann durch die Wand der \u201eCold Box\u201c gehen. Auf dieser Grundlage erm\u00f6glicht der verl\u00e4ngerte Schaft eine schnelle Demontage oder den schnellen Austausch der Hauptteile des Ventils durch die Haube.<\/li>\r\n<\/ul>\r\n\r\n\r\n\r\n<p>Daher werden der Ventilk\u00f6rper und die Rohrleitung zusammengeschwei\u00dft, um Leckagen in der Coldbox so weit wie m\u00f6glich zu reduzieren und die Dichtleistung des Ventils sicherzustellen.<\/p>\r\n\r\n\r\n\r\n<h2 class=\"wp-block-heading\" id=\"h-features-of-cryogenic-ball-valve\">Merkmale des kryogenen Kugelhahns<\/h2>\r\n\r\n\r\n\r\n<ul class=\"wp-block-list\">\r\n<li>Da die Druckteile des kryogenen Kugelhahns von ZECO nach der kryogenen Behandlung vor der Bearbeitung in einem Tank mit fl\u00fcssigem Stickstoff (196 \u00b0C) zweimal f\u00fcr 1 bis 2 Stunden isoliert werden, schrumpfen die Kugelhahnteile von ZECO aufgrund der durch die W\u00e4rme des Bilgens verursachten Temperatur\u00e4nderung des Mediums nicht und die Dichtungsstruktur verformt sich aufgrund der niedrigen Temperaturen nicht.<\/li>\r\n<li>Um die langfristige Dichtwirkung der Stopfbuchse zu sch\u00fctzen, weist der Deckel des kryogenen Kugelhahns von ZECO eine Langhalsstruktur auf, um die Stopfbuchse vor niedrigen Temperaturen zu sch\u00fctzen und sie mit Isoliermaterial zu versehen.<\/li>\r\n<li>Die speziell entwickelte Dichtung des kryogenen Kugelhahns von ZECO kann den normalen Betrieb bei niedriger und normaler Temperatur gew\u00e4hrleisten.<\/li>\r\n<li>Der Schaft des kryogenen Kugelhahns von ZECO ist au\u00dferdem verchromt und nitriert, was die Oberfl\u00e4chenh\u00e4rte des Schafts erheblich verbessert.<\/li>\r\n<li>L\u00e4ppen von Kugeln und Sitzen\r\n<ul>\r\n<li>Gel\u00e4ppte Kugel- und Sitzs\u00e4tze werden verwendet, wenn Material und Dichtungsanforderungen dies erfordern. Dieses pr\u00e4zise Herstellungsverfahren gew\u00e4hrleistet das niedrigste Betriebsdrehmoment und die gr\u00f6\u00dftm\u00f6gliche Abdichtungsf\u00e4higkeit der Kugel und Sitze und sorgt gleichzeitig f\u00fcr eine au\u00dfergew\u00f6hnlich lange Lebensdauer f\u00fcr die vorgesehene Anwendung. L\u00e4ppen ist ein Oberfl\u00e4chenbearbeitungsverfahren, bei dem extrem feine Poliermittel als L\u00e4ppmittel verwendet werden, um bemerkenswert dichte Passfl\u00e4chen zu erzielen.<\/li>\r\n<\/ul>\r\n<\/li>\r\n<li>Energiesparende Schaftverl\u00e4ngerung\r\n<ul>\r\n<li>Der Abstand zwischen dem Innendurchmesser des Schaftverl\u00e4ngerungsgeh\u00e4uses und dem Au\u00dfendurchmesser des geschmiedeten Schafts betr\u00e4gt weniger als 1 mm. Diese Konfiguration soll die W\u00e4rme von der in der Leitung enthaltenen Fl\u00fcssigkeit fernhalten und so erhebliche Energiekosten sparen.<\/li>\r\n<\/ul>\r\n<\/li>\r\n<li>Kryogene Pr\u00fcfungen\r\n<ul>\r\n<li>ZECO Valve entwickelt Kugelh\u00e4hne f\u00fcr kryogene Anwendungen in voller \u00dcbereinstimmung mit BS 6364, was den Nachweis von Konstruktionstests bei extrem niedrigen Temperaturen von -196 \u00b0C beinhaltet. Vor und nach dem Kryotest werden detaillierte Qualit\u00e4tspr\u00fcfungen durchgef\u00fchrt, und die Ventile werden zur \u00dcberpr\u00fcfung wieder zusammengebaut und bei Umgebungstemperatur erneut getestet.<\/li>\r\n<\/ul>\r\n<\/li>\r\n<\/ul>\r\n\r\n\r\n\r\n<h2 class=\"wp-block-heading\" id=\"h-material-of-cryogenic-ball-valve\">Material des kryogenen Kugelhahns<\/h2>\r\n\r\n\r\n\r\n<figure class=\"wp-block-table\">\r\n<table>\r\n<tbody>\r\n<tr>\r\n<td>Nein<\/td>\r\n<td>Teil<\/td>\r\n<td>Material<\/td>\r\n<\/tr>\r\n<tr>\r\n<td>1<\/td>\r\n<td>K\u00f6rper<\/td>\r\n<td>ASTM A350 LF2<\/td>\r\n<\/tr>\r\n<tr>\r\n<td>2<\/td>\r\n<td>Motorhaube<\/td>\r\n<td>ASTM A350 LF2<\/td>\r\n<\/tr>\r\n<tr>\r\n<td>3<\/td>\r\n<td>Kugel<\/td>\r\n<td>ASTM A350 LF2<\/td>\r\n<\/tr>\r\n<tr>\r\n<td>4<\/td>\r\n<td>Sitz<\/td>\r\n<td>ASTM A182 F316 + TFM<\/td>\r\n<\/tr>\r\n<tr>\r\n<td>5<\/td>\r\n<td>Vorbau<\/td>\r\n<td>17-4PH<\/td>\r\n<\/tr>\r\n<tr>\r\n<td>6<\/td>\r\n<td>Antistatische Vorrichtung<\/td>\r\n<td>SS316<\/td>\r\n<\/tr>\r\n<tr>\r\n<td>7<\/td>\r\n<td>Dichtung<\/td>\r\n<td>Graphit + SS316<\/td>\r\n<\/tr>\r\n<tr>\r\n<td>8<\/td>\r\n<td>Schraube<\/td>\r\n<td>ASTM A193 B8<\/td>\r\n<\/tr>\r\n<tr>\r\n<td>9<\/td>\r\n<td>Nuss<\/td>\r\n<td>ASTM A194 8<\/td>\r\n<\/tr>\r\n<tr>\r\n<td>10<\/td>\r\n<td>O-Ring<\/td>\r\n<td>Viton A<\/td>\r\n<\/tr>\r\n<tr>\r\n<td>11<\/td>\r\n<td>Hebel<\/td>\r\n<td>ASTM A216 WCB<\/td>\r\n<\/tr>\r\n<\/tbody>\r\n<\/table>\r\n<\/figure>","protected":false},"excerpt":{"rendered":"<p>Was ist ein kryogenes Ventil? Kryogene Ventile werden in einer nat\u00fcrlichen geschlossenen Position gehalten, um kryogene Gase oder andere Medien sicher aufzubewahren und \u2026 <a title=\"Kryogener Kugelhahn\" class=\"read-more\" href=\"https:\/\/zecovalve.com\/de\/produkt\/cryogenic-ball-valve\" aria-label=\"Mehr zu Cryogenic Ball Valve\">Weiterlesen ...<\/a><\/p>","protected":false},"featured_media":27865,"comment_status":"closed","ping_status":"closed","template":"","meta":{"_generate-full-width-content":"","kt_blocks_editor_width":""},"product_cat":[2047,2461],"product_tag":[3896],"class_list":["post-16546","product","type-product","status-publish","has-post-thumbnail","hentry","product_cat-ball-valve","product_cat-ball-valve-by-material","product_tag-flanged-ball-valve","sales-flash-overlay","woocommerce-text-align-center","woocommerce-image-align-center","do-quantity-buttons"],"featured_image_src_large":["https:\/\/zecovalve.com\/wp-content\/uploads\/2022\/06\/Cryogenic-Ball-Valve-4.jpg",800,600,false],"author_info":[],"comment_info":0,"taxonomy_info":{"product_cat":[{"value":2047,"label":"Ball Valve"},{"value":2461,"label":"Ball Valve By Material"}],"product_tag":[{"value":3896,"label":"Flanged Ball Valve"}]},"yoast_head":"<!-- This site is optimized with the Yoast SEO Premium plugin v15.4 - https:\/\/yoast.com\/wordpress\/plugins\/seo\/ -->\n<title>Cryogenic Valve - Cryogenic Ball Valve | Cryogenic Ball Valves Manufacturers<\/title>\n<meta name=\"robots\" content=\"index, follow, max-snippet:-1, max-image-preview:large, max-video-preview:-1\" \/>\n<link rel=\"canonical\" href=\"https:\/\/zecovalve.com\/de\/produkt\/cryogenic-ball-valve\" \/>\n<meta property=\"og:locale\" content=\"de_DE\" \/>\n<meta property=\"og:type\" content=\"article\" \/>\n<meta property=\"og:title\" content=\"Cryogenic Valve - Cryogenic Ball Valve | Cryogenic Ball Valves Manufacturers\" \/>\n<meta property=\"og:description\" content=\"What is Cryogenic Valve? Cryogenic valves are kept in a natural closed position to keep cryogenic gasses or other mediums secure and ... Weiterlesen ...\" \/>\n<meta property=\"og:url\" content=\"https:\/\/zecovalve.com\/de\/produkt\/cryogenic-ball-valve\" \/>\n<meta property=\"og:site_name\" content=\"ZECO Valve\" \/>\n<meta property=\"article:modified_time\" content=\"2023-06-07T07:08:45+00:00\" \/>\n<meta property=\"og:image\" content=\"https:\/\/zecovalve.com\/wp-content\/uploads\/2022\/06\/Cryogenic-Ball-Valve-4.jpg\" \/>\n\t<meta property=\"og:image:width\" content=\"800\" \/>\n\t<meta property=\"og:image:height\" content=\"600\" \/>\n<meta name=\"twitter:card\" content=\"summary_large_image\" \/>\n<meta name=\"twitter:label1\" content=\"Verfasst von\">\n\t<meta name=\"twitter:data1\" content=\"Jerry\">\n\t<meta name=\"twitter:label2\" content=\"Gesch\u00e4tzte Lesezeit\">\n\t<meta name=\"twitter:data2\" content=\"4\u00a0Minuten\">\n<script type=\"application\/ld+json\" class=\"yoast-schema-graph\">{\"@context\":\"https:\/\/schema.org\",\"@graph\":[{\"@type\":\"WebSite\",\"@id\":\"https:\/\/zecovalve.com\/#website\",\"url\":\"https:\/\/zecovalve.com\/\",\"name\":\"ZECO Valve\",\"description\":\"Industrial Ball Valve, Gate Valve and Globe Valve Manufacturer\",\"potentialAction\":[{\"@type\":\"SearchAction\",\"target\":\"https:\/\/zecovalve.com\/?s={search_term_string}\",\"query-input\":\"required name=search_term_string\"}],\"inLanguage\":\"de\"},{\"@type\":\"ImageObject\",\"@id\":\"https:\/\/zecovalve.com\/product\/cryogenic-ball-valve#primaryimage\",\"inLanguage\":\"de\",\"url\":\"https:\/\/zecovalve.com\/wp-content\/uploads\/2022\/06\/Cryogenic-Ball-Valve-4.jpg\",\"width\":800,\"height\":600,\"caption\":\"Cryogenic Ball Valve\"},{\"@type\":\"WebPage\",\"@id\":\"https:\/\/zecovalve.com\/product\/cryogenic-ball-valve#webpage\",\"url\":\"https:\/\/zecovalve.com\/product\/cryogenic-ball-valve\",\"name\":\"Cryogenic Valve - Cryogenic Ball Valve | Cryogenic Ball Valves Manufacturers\",\"isPartOf\":{\"@id\":\"https:\/\/zecovalve.com\/#website\"},\"primaryImageOfPage\":{\"@id\":\"https:\/\/zecovalve.com\/product\/cryogenic-ball-valve#primaryimage\"},\"datePublished\":\"2022-06-21T07:25:55+00:00\",\"dateModified\":\"2023-06-07T07:08:45+00:00\",\"breadcrumb\":{\"@id\":\"https:\/\/zecovalve.com\/product\/cryogenic-ball-valve#breadcrumb\"},\"inLanguage\":\"de\",\"potentialAction\":[{\"@type\":\"ReadAction\",\"target\":[\"https:\/\/zecovalve.com\/product\/cryogenic-ball-valve\"]}]},{\"@type\":\"BreadcrumbList\",\"@id\":\"https:\/\/zecovalve.com\/product\/cryogenic-ball-valve#breadcrumb\",\"itemListElement\":[{\"@type\":\"ListItem\",\"position\":1,\"item\":{\"@type\":\"WebPage\",\"@id\":\"https:\/\/zecovalve.com\/\",\"url\":\"https:\/\/zecovalve.com\/\",\"name\":\"Home\"}},{\"@type\":\"ListItem\",\"position\":2,\"item\":{\"@type\":\"WebPage\",\"@id\":\"https:\/\/zecovalve.com\/product-category\",\"url\":\"https:\/\/zecovalve.com\/product-category\",\"name\":\"Industrial Valve Manufacturer | Water Valve Manufacturer\"}},{\"@type\":\"ListItem\",\"position\":3,\"item\":{\"@type\":\"WebPage\",\"@id\":\"https:\/\/zecovalve.com\/product\/cryogenic-ball-valve\",\"url\":\"https:\/\/zecovalve.com\/product\/cryogenic-ball-valve\",\"name\":\"Cryogenic Ball Valve\"}}]}]}<\/script>\n<!-- \/ Yoast SEO Premium plugin. -->","_links":{"self":[{"href":"https:\/\/zecovalve.com\/de\/wp-json\/wp\/v2\/product\/16546","targetHints":{"allow":["GET"]}}],"collection":[{"href":"https:\/\/zecovalve.com\/de\/wp-json\/wp\/v2\/product"}],"about":[{"href":"https:\/\/zecovalve.com\/de\/wp-json\/wp\/v2\/types\/product"}],"replies":[{"embeddable":true,"href":"https:\/\/zecovalve.com\/de\/wp-json\/wp\/v2\/comments?post=16546"}],"wp:featuredmedia":[{"embeddable":true,"href":"https:\/\/zecovalve.com\/de\/wp-json\/wp\/v2\/media\/27865"}],"wp:attachment":[{"href":"https:\/\/zecovalve.com\/de\/wp-json\/wp\/v2\/media?parent=16546"}],"wp:term":[{"taxonomy":"product_cat","embeddable":true,"href":"https:\/\/zecovalve.com\/de\/wp-json\/wp\/v2\/product_cat?post=16546"},{"taxonomy":"product_tag","embeddable":true,"href":"https:\/\/zecovalve.com\/de\/wp-json\/wp\/v2\/product_tag?post=16546"}],"curies":[{"name":"wp","href":"https:\/\/api.w.org\/{rel}","templated":true}]}}