{"id":16561,"date":"2022-06-21T07:47:48","date_gmt":"2022-06-21T07:47:48","guid":{"rendered":"https:\/\/zecovalve.com\/?post_type=product&#038;p=16561"},"modified":"2023-06-15T12:53:48","modified_gmt":"2023-06-15T12:53:48","slug":"cast-steel-gate-valve","status":"publish","type":"product","link":"https:\/\/zecovalve.com\/de\/produkt\/cast-steel-gate-valve","title":{"rendered":"Gussstahlschieber"},"content":{"rendered":"<h1 class=\"sep-title\">Gussstahlschieber<\/h1>\n<div class=\"sep-box-detail clearfix\">\n<div class=\"box-lf\">\n<div class=\"thumb\">\n<p><img loading=\"lazy\" decoding=\"async\" class=\"wp-image-27891 size-medium\" src=\"https:\/\/zecovalve.com\/wp-content\/uploads\/2022\/06\/Cast-Steel-Gate-Valve-2-300x225.jpg\" alt=\"Gussstahlschieber\" width=\"300\" height=\"225\" srcset=\"https:\/\/zecovalve.com\/wp-content\/uploads\/2022\/06\/Cast-Steel-Gate-Valve-2-300x225.jpg 300w, https:\/\/zecovalve.com\/wp-content\/uploads\/2022\/06\/Cast-Steel-Gate-Valve-2-768x576.jpg 768w, https:\/\/zecovalve.com\/wp-content\/uploads\/2022\/06\/Cast-Steel-Gate-Valve-2-600x450.jpg 600w, https:\/\/zecovalve.com\/wp-content\/uploads\/2022\/06\/Cast-Steel-Gate-Valve-2.jpg 800w\" sizes=\"auto, (max-width: 300px) 100vw, 300px\" \/><\/p>\n<\/div>\n<div class=\"info\"><a href=\"https:\/\/zecovalve.com\/de\/products\/cast-steel-gate-valve.html\/#form\"><i class=\"fa fa-commenting-o\" aria-hidden=\"true\"><\/i>\u00a0VENTILPREIS ERHALTEN<\/a><\/div>\n<\/div>\n<div class=\"box-rt\">\n<div class=\"gg\">\n<div class=\"swiper-container swiper-container-initialized swiper-container-vertical\">\n<div class=\"swiper-wrapper\"><\/div>\n<\/div>\n<\/div>\n<\/div>\n<\/div>\n<div class=\"richtext\">\n<h2>Beschreibung des Absperrschiebers aus Gussstahl:<\/h2>\n<p>ZECO-Schieber aus Gussstahl unterliegen der Kontrolle des Qualit\u00e4tssicherungssystems f\u00fcr Produktion und Fertigung und erf\u00fcllen alle internationalen Industriestandards und dokumentierten Verfahren f\u00fcr Benutzeranforderungen. Diese Verfahren und Kontrollen umfassen den Einkauf und die Validierung von Rohstoffen, die Prozesskontrolle, Montage, Pr\u00fcfung und Versand sowie alle erforderlichen Dokumente. Das ZECO-Qualit\u00e4tsgarantiesystem wurde in einer von ISO und API genehmigten Handbuchdatei erstellt. ZECO ist nach ISO 9001 zertifiziert und f\u00fcr das API-Monogramm API 6D-Produkt lizenziert. Jedes Ventil ist so konzipiert, dass die Konformit\u00e4t durch Funktions- und Drucktests \u00fcberpr\u00fcft wird. Dies f\u00fchrt zu einem Materialpr\u00fcfbericht, der die chemischen und mechanischen Eigenschaften f\u00fcr den Druck dokumentiert. Zus\u00e4tzliche zerst\u00f6rungsfreie Pr\u00fcfungen werden ebenfalls aufgezeichnet und auf die Seriennummer des Ventils verwiesen.<\/p>\n<h2>Merkmale des Absperrschiebers aus Gussstahl:<\/h2>\n<p>1. Der steigende Schaft des ZECO-Schiebers aus Stahlguss kann mit einem pr\u00e4zisen ACME-Doppelgewinde ausgef\u00fchrt werden. Diese Konstruktion erm\u00f6glicht ein fast doppelt so schnelles \u00d6ffnen oder Schlie\u00dfen und reduziert den manuellen Arbeitsaufwand.<\/p>\n<p>2. Die Schaftdichtung des ZECO-Schiebers aus Gussstahl ist so ausgelegt, dass Medienlecks aus dem Schaft optimal kontrolliert werden. ZECO verwendet CNC-Werkzeugmaschinen, um den Dichtungsbereich des Ventilschafts mit guter Gl\u00e4tte zu bearbeiten. Die Geradheit des Ventilschafts wird mit einem speziellen Winkelmessger\u00e4t gemessen, um die beste Dichtwirkung der Ventilschaftdichtung sicherzustellen.<\/p>\n<p>3. Das R\u00fccksitzdesign des ZECO-Schiebers aus Stahlguss verringert den Aufwand beim Ausbau des Ventils aus der Rohrleitung, wenn das Ventil w\u00e4hrend des Betriebs gewartet werden muss.<\/p>\n<p>4. Je nach Arbeitsbedingungen kann Stellit als Material f\u00fcr die Dichtfl\u00e4che des Ventilkeils und die Dichtfl\u00e4che des Ventilsitzrings des ZECO-Schiebers aus Stahlguss verwendet werden, um die Abriebfestigkeit und Korrosionsbest\u00e4ndigkeit des Dichtrings zu verbessern.<\/p>\n<h2>Material des Absperrschiebers aus Gussstahl:<\/h2>\n<table>\n<tbody>\n<tr class=\"firstRow\">\n<td valign=\"center\">Nein<\/td>\n<td valign=\"center\">Teil<\/td>\n<td valign=\"center\">Material<\/td>\n<\/tr>\n<tr>\n<td valign=\"center\">1<\/td>\n<td valign=\"center\">K\u00f6rper<\/td>\n<td valign=\"center\">ASTM A216 WCB<\/td>\n<\/tr>\n<tr>\n<td valign=\"center\">2<\/td>\n<td valign=\"center\">Sitzring<\/td>\n<td valign=\"center\">ASTM A105 + STL<\/td>\n<\/tr>\n<tr>\n<td valign=\"center\">3<\/td>\n<td valign=\"center\">Keil<\/td>\n<td valign=\"center\">ASTM A216 WCB + STL<\/td>\n<\/tr>\n<tr>\n<td valign=\"center\">4<\/td>\n<td valign=\"center\">Vorbau<\/td>\n<td valign=\"center\">ASTM A276 410<\/td>\n<\/tr>\n<tr>\n<td valign=\"center\">5<\/td>\n<td valign=\"center\">Dichtung der Motorhaube<\/td>\n<td valign=\"center\">Graphit + SS304<\/td>\n<\/tr>\n<tr>\n<td valign=\"center\">6<\/td>\n<td valign=\"center\">Motorhaubenbolzen<\/td>\n<td valign=\"center\">ASTM A193 B7<\/td>\n<\/tr>\n<tr>\n<td valign=\"center\">7<\/td>\n<td valign=\"center\">Haubenmutter<\/td>\n<td valign=\"center\">ASTM A194 2H<\/td>\n<\/tr>\n<tr>\n<td valign=\"center\">8<\/td>\n<td valign=\"center\">Motorhaube<\/td>\n<td valign=\"center\">ASTM A216 WCB<\/td>\n<\/tr>\n<tr>\n<td valign=\"center\">9<\/td>\n<td valign=\"center\">R\u00fccksitz<\/td>\n<td valign=\"center\">ASTM A182 F6a<\/td>\n<\/tr>\n<tr>\n<td valign=\"center\">10<\/td>\n<td valign=\"center\">Spindelpackung<\/td>\n<td valign=\"center\">Verst\u00e4rkter Graphit<\/td>\n<\/tr>\n<tr>\n<td valign=\"center\">11<\/td>\n<td valign=\"center\">Handrad<\/td>\n<td valign=\"center\">KTH330-08<\/td>\n<\/tr>\n<\/tbody>\n<\/table>\n<\/div>","protected":false},"excerpt":{"rendered":"<p>Schieberventil aus Gussstahl. ERHALTEN SIE DEN VENTILPREIS. Beschreibung des Schieberventils aus Gussstahl: Das Schieberventil aus Gussstahl von ZECO wird gesteuert unter \u2026 <a title=\"Gussstahlschieber\" class=\"read-more\" href=\"https:\/\/zecovalve.com\/de\/produkt\/cast-steel-gate-valve\" aria-label=\"Mehr zu Cast Steel Gate Valve\">Weiterlesen ...<\/a><\/p>","protected":false},"featured_media":27891,"comment_status":"closed","ping_status":"closed","template":"","meta":{"_generate-full-width-content":"","kt_blocks_editor_width":""},"product_cat":[2052,2454],"product_tag":[2658,2798],"class_list":["post-16561","product","type-product","status-publish","has-post-thumbnail","hentry","product_cat-gate-valve","product_cat-gate-valve-by-material","product_tag-isolation-valve","product_tag-osy-valve","sales-flash-overlay","woocommerce-text-align-center","woocommerce-image-align-center","do-quantity-buttons"],"featured_image_src_large":["https:\/\/zecovalve.com\/wp-content\/uploads\/2022\/06\/Cast-Steel-Gate-Valve-2.jpg",800,600,false],"author_info":[],"comment_info":0,"taxonomy_info":{"product_cat":[{"value":2052,"label":"Gate Valve"},{"value":2454,"label":"Gate Valve By Material"}],"product_tag":[{"value":2658,"label":"Isolation Valve"},{"value":2798,"label":"OS&amp;Y Valve"}]},"yoast_head":"<!-- This site is optimized with the Yoast SEO Premium plugin v15.4 - https:\/\/yoast.com\/wordpress\/plugins\/seo\/ -->\n<title>Cast Steel Gate Valve - ZECO Valve<\/title>\n<meta name=\"robots\" content=\"index, follow, max-snippet:-1, max-image-preview:large, max-video-preview:-1\" \/>\n<link rel=\"canonical\" href=\"https:\/\/zecovalve.com\/de\/produkt\/cast-steel-gate-valve\" \/>\n<meta property=\"og:locale\" content=\"de_DE\" \/>\n<meta property=\"og:type\" content=\"article\" \/>\n<meta property=\"og:title\" content=\"Cast Steel Gate Valve - ZECO Valve\" \/>\n<meta property=\"og:description\" content=\"Cast Steel Gate Valve \u00a0GET VALVE PRICE Description of Cast Steel Gate Valve: ZECO cast steel gate valve is in controlled under ... Weiterlesen ...\" \/>\n<meta property=\"og:url\" content=\"https:\/\/zecovalve.com\/de\/produkt\/cast-steel-gate-valve\" \/>\n<meta property=\"og:site_name\" content=\"ZECO Valve\" \/>\n<meta property=\"article:modified_time\" content=\"2023-06-15T12:53:48+00:00\" \/>\n<meta property=\"og:image\" content=\"https:\/\/zecovalve.com\/wp-content\/uploads\/2022\/06\/Cast-Steel-Gate-Valve-2.jpg\" \/>\n\t<meta property=\"og:image:width\" content=\"800\" \/>\n\t<meta property=\"og:image:height\" content=\"600\" \/>\n<meta name=\"twitter:card\" content=\"summary_large_image\" \/>\n<meta name=\"twitter:label1\" content=\"Verfasst von\">\n\t<meta name=\"twitter:data1\" content=\"Jerry\">\n\t<meta name=\"twitter:label2\" content=\"Gesch\u00e4tzte Lesezeit\">\n\t<meta name=\"twitter:data2\" content=\"1\u00a0Minute\">\n<script type=\"application\/ld+json\" class=\"yoast-schema-graph\">{\"@context\":\"https:\/\/schema.org\",\"@graph\":[{\"@type\":\"WebSite\",\"@id\":\"https:\/\/zecovalve.com\/#website\",\"url\":\"https:\/\/zecovalve.com\/\",\"name\":\"ZECO Valve\",\"description\":\"Industrial Ball Valve, Gate Valve and Globe Valve Manufacturer\",\"potentialAction\":[{\"@type\":\"SearchAction\",\"target\":\"https:\/\/zecovalve.com\/?s={search_term_string}\",\"query-input\":\"required name=search_term_string\"}],\"inLanguage\":\"de\"},{\"@type\":\"ImageObject\",\"@id\":\"https:\/\/zecovalve.com\/product\/cast-steel-gate-valve#primaryimage\",\"inLanguage\":\"de\",\"url\":\"https:\/\/zecovalve.com\/wp-content\/uploads\/2022\/06\/Cast-Steel-Gate-Valve-2.jpg\",\"width\":800,\"height\":600,\"caption\":\"Cast Steel Gate Valve\"},{\"@type\":\"WebPage\",\"@id\":\"https:\/\/zecovalve.com\/product\/cast-steel-gate-valve#webpage\",\"url\":\"https:\/\/zecovalve.com\/product\/cast-steel-gate-valve\",\"name\":\"Cast Steel Gate Valve - ZECO Valve\",\"isPartOf\":{\"@id\":\"https:\/\/zecovalve.com\/#website\"},\"primaryImageOfPage\":{\"@id\":\"https:\/\/zecovalve.com\/product\/cast-steel-gate-valve#primaryimage\"},\"datePublished\":\"2022-06-21T07:47:48+00:00\",\"dateModified\":\"2023-06-15T12:53:48+00:00\",\"breadcrumb\":{\"@id\":\"https:\/\/zecovalve.com\/product\/cast-steel-gate-valve#breadcrumb\"},\"inLanguage\":\"de\",\"potentialAction\":[{\"@type\":\"ReadAction\",\"target\":[\"https:\/\/zecovalve.com\/product\/cast-steel-gate-valve\"]}]},{\"@type\":\"BreadcrumbList\",\"@id\":\"https:\/\/zecovalve.com\/product\/cast-steel-gate-valve#breadcrumb\",\"itemListElement\":[{\"@type\":\"ListItem\",\"position\":1,\"item\":{\"@type\":\"WebPage\",\"@id\":\"https:\/\/zecovalve.com\/\",\"url\":\"https:\/\/zecovalve.com\/\",\"name\":\"Home\"}},{\"@type\":\"ListItem\",\"position\":2,\"item\":{\"@type\":\"WebPage\",\"@id\":\"https:\/\/zecovalve.com\/product-category\",\"url\":\"https:\/\/zecovalve.com\/product-category\",\"name\":\"Industrial Valve Manufacturer | Water Valve Manufacturer\"}},{\"@type\":\"ListItem\",\"position\":3,\"item\":{\"@type\":\"WebPage\",\"@id\":\"https:\/\/zecovalve.com\/product\/cast-steel-gate-valve\",\"url\":\"https:\/\/zecovalve.com\/product\/cast-steel-gate-valve\",\"name\":\"Cast Steel Gate Valve\"}}]}]}<\/script>\n<!-- \/ Yoast SEO Premium plugin. -->","_links":{"self":[{"href":"https:\/\/zecovalve.com\/de\/wp-json\/wp\/v2\/product\/16561","targetHints":{"allow":["GET"]}}],"collection":[{"href":"https:\/\/zecovalve.com\/de\/wp-json\/wp\/v2\/product"}],"about":[{"href":"https:\/\/zecovalve.com\/de\/wp-json\/wp\/v2\/types\/product"}],"replies":[{"embeddable":true,"href":"https:\/\/zecovalve.com\/de\/wp-json\/wp\/v2\/comments?post=16561"}],"wp:featuredmedia":[{"embeddable":true,"href":"https:\/\/zecovalve.com\/de\/wp-json\/wp\/v2\/media\/27891"}],"wp:attachment":[{"href":"https:\/\/zecovalve.com\/de\/wp-json\/wp\/v2\/media?parent=16561"}],"wp:term":[{"taxonomy":"product_cat","embeddable":true,"href":"https:\/\/zecovalve.com\/de\/wp-json\/wp\/v2\/product_cat?post=16561"},{"taxonomy":"product_tag","embeddable":true,"href":"https:\/\/zecovalve.com\/de\/wp-json\/wp\/v2\/product_tag?post=16561"}],"curies":[{"name":"wp","href":"https:\/\/api.w.org\/{rel}","templated":true}]}}