{"id":16567,"date":"2022-06-21T07:53:09","date_gmt":"2022-06-21T07:53:09","guid":{"rendered":"https:\/\/zecovalve.com\/?post_type=product&#038;p=16567"},"modified":"2023-06-17T02:31:26","modified_gmt":"2023-06-17T02:31:26","slug":"wafer-dual-plate-check-valve","status":"publish","type":"product","link":"https:\/\/zecovalve.com\/de\/produkt\/wafer-dual-plate-check-valve","title":{"rendered":"Zwischenflansch-Doppelplatten-R\u00fcckschlagventil"},"content":{"rendered":"<figure class=\"wp-block-image alignnone size-medium wp-image-16568\">\r\n<p><img loading=\"lazy\" decoding=\"async\" class=\"wp-image-27931 size-medium\" src=\"https:\/\/zecovalve.com\/wp-content\/uploads\/2022\/06\/Wafer-Dual-Plate-Check-Valve-2-300x225.jpg\" alt=\"Zwischenflansch-Doppelplatten-R\u00fcckschlagventil\" width=\"300\" height=\"225\" srcset=\"https:\/\/zecovalve.com\/wp-content\/uploads\/2022\/06\/Wafer-Dual-Plate-Check-Valve-2-300x225.jpg 300w, https:\/\/zecovalve.com\/wp-content\/uploads\/2022\/06\/Wafer-Dual-Plate-Check-Valve-2-768x576.jpg 768w, https:\/\/zecovalve.com\/wp-content\/uploads\/2022\/06\/Wafer-Dual-Plate-Check-Valve-2-600x450.jpg 600w, https:\/\/zecovalve.com\/wp-content\/uploads\/2022\/06\/Wafer-Dual-Plate-Check-Valve-2.jpg 800w\" sizes=\"auto, (max-width: 300px) 100vw, 300px\" \/><\/p>\r\n<\/figure>\r\n\r\n\r\n\r\n\r\n<div class=\"gb-button-wrapper gb-button-wrapper-6d8495a3\">\r\n\r\n\r\n<p><a class=\"gb-button gb-button-3d442e11 gb-button-text\" href=\"mailto:commercial@zecovalve.com\" target=\"_blank\" rel=\"noopener noreferrer\"><strong>PREIS F\u00dcR WAFER-DOPPELPLATTEN-R\u00dcCKSCHLAGVENTIL ERHALTEN<\/strong><\/a><\/p>\r\n<\/div>\r\n\r\n\r\n<h2 class=\"wp-block-heading\" id=\"h-what-is-a-wafer-dual-plate-check-valve\">Was ist ein Wafer-Doppelplatten-R\u00fcckschlagventil?<\/h2>\r\n\r\n\r\n\r\n<p>Das Doppelplatten-R\u00fcckschlagventil ist ein Allzweck-R\u00fcckschlagventil, das im Vergleich zu einem herk\u00f6mmlichen R\u00fcckschlagventil oder Hubr\u00fcckschlagventil viel st\u00e4rker, leichter und kleiner ist.<\/p>\r\n\r\n\r\n\r\n<p>Das Doppelplatten-R\u00fcckschlagventil verwendet zwei federbelastete Platten, die an einem zentralen Scharnierstift angelenkt sind. Wenn der Durchfluss abnimmt, schlie\u00dfen die Platten durch die Wirkung der Torsionsfeder, ohne dass ein R\u00fcckfluss erforderlich ist.<\/p>\r\n\r\n\r\n\r\n<p>Die Struktur des ZECO-Wafer-Doppelplatten-R\u00fcckschlagventils besteht darin, dass die Scheibe entlang des Stifts in der Mittelposition des K\u00f6rpers schwingt, kurze Strukturabmessungen und kleines Volumen. Geringes Gewicht, gute Prozessleistung, schnelles \u00d6ffnen und Schlie\u00dfen. Geringer Wasserschlagdruck, k\u00fcrzerer Weg, geringer Schlie\u00dfdruck, kann in horizontalen oder vertikalen Rohren verwendet werden, sogar einfache Installation. Das interne Design des ZECO-Wafer-Doppelplatten-R\u00fcckschlagventils minimiert das Wasserschlagproblem und kann zudem die Durchflusseffizienz deutlich verbessern, was f\u00fcr gro\u00dfe Rohrleitungssysteme wichtig ist. F\u00fcr Rohrleitungssysteme mit gr\u00f6\u00dferem Au\u00dfendurchmesser, 36 Zoll und mehr, wird das Doppelplattendesign empfohlen und bevorzugt. Das Wafer-Doppelplatten-R\u00fcckschlagventildesign sollte auch f\u00fcr Rohrleitungssysteme mit kleinerem Au\u00dfendurchmesser in Betracht gezogen werden, bei denen sich bei R\u00fcckschlagventilen Durchflussprobleme gezeigt haben. Das ZECO-Doppelplatten-R\u00fcckschlagventil hat eine kurze Baul\u00e4nge und wiegt nur etwa 251 TP3T eines R\u00fcckschlagventils vergleichbarer Gr\u00f6\u00dfe.<\/p>\r\n\r\n\r\n\r\n<h2 class=\"wp-block-heading\">Konstruktionsstandard f\u00fcr Doppelplatten-Wafer-R\u00fcckschlagventile<\/h2>\r\n\r\n\r\n\r\n<figure class=\"wp-block-table\">\r\n<table>\r\n<tbody>\r\n<tr>\r\n<td>Entwurf Standard<\/td>\r\n<td>API 594 \/ API 6D Standard<\/td>\r\n<\/tr>\r\n<tr>\r\n<td>Inspektions- und Teststandard<\/td>\r\n<td>API 598<\/td>\r\n<\/tr>\r\n<tr>\r\n<td>Abstand von Flansch zu Flansch<\/td>\r\n<td>Gem\u00e4\u00df ANSI B API 594 \/ API 6D \/ ANSI B 16.10<\/td>\r\n<\/tr>\r\n<tr>\r\n<td>Endverbindung<\/td>\r\n<td>Wafertyp, flanschlos, Sandwich-Muster<\/td>\r\n<\/tr>\r\n<tr>\r\n<td>Fertigungsgr\u00f6\u00dfenbereich<\/td>\r\n<td>3\u2033 (DN80) bis 48\u2033 (DN 1200)<\/td>\r\n<\/tr>\r\n<tr>\r\n<td>Druckbewertung des Ventils<\/td>\r\n<td>Klasse 150 \u2013 Klasse 1500<\/td>\r\n<\/tr>\r\n<\/tbody>\r\n<\/table>\r\n<\/figure>\r\n\r\n\r\n\r\n<h2 class=\"wp-block-heading\" id=\"h-features-of-wafer-dual-plate-check-valve\">Merkmale des Wafer-Doppelplatten-R\u00fcckschlagventils<\/h2>\r\n\r\n\r\n\r\n<ul class=\"wp-block-list\">\r\n<li>ZECO-Wafer-Doppelplatten-R\u00fcckschlagventilk\u00f6rper sind einteilig und haben eine kurze Zylinderkonstruktion ohne L\u00f6cher in der K\u00f6rperwand. Es sind keine externen Stifte oder Stopfen erforderlich und es gibt keine Leckage nach au\u00dfen. F\u00fcr kritische Serviceanwendungen, wie z. B. gef\u00e4hrliche oder giftige Medien, ist dies eine hervorragende Wahl, um unerw\u00fcnschte Leckagen in die Atmosph\u00e4re zu minimieren.<\/li>\r\n<li>Zwei Hochtorsionsfedern des ZECO-Wafer-Doppelplatten-R\u00fcckschlagventils sorgen f\u00fcr ein m\u00f6glichst schnelles Schlie\u00dfen des Ventils und reduzieren Wasserschl\u00e4ge, um die Lebensdauer des Ventils zu verl\u00e4ngern und die Systemleistung zu verbessern;<\/li>\r\n<li>Ein Geh\u00e4useschlitz des ZECO-Wafer-Doppelplatten-R\u00fcckschlagventils mit sorgf\u00e4ltig berechnetem Spiel ist so ausgelegt, dass er zum Scharnierstift passt und die Bewegung des Scharnierstifts nur in die Str\u00f6mungsrichtung zul\u00e4sst. Das Design schlie\u00dft die M\u00f6glichkeit einer Reibung durch die Ferse der Doppelplatte aus;<\/li>\r\n<li>Der integrierte Gusspuffer auf der R\u00fcckseite der Doppelplatte ist eine wirksame Konstruktion, die h\u00e4ufiges Schlagen verhindert und den Druck der Doppelplatte gegen den Anschlagstift verringert, wenn das Ventil vollst\u00e4ndig ge\u00f6ffnet ist. Dies verl\u00e4ngert die Lebensdauer des Ventils und minimiert die Wartungskosten.<\/li>\r\n<li>Niedriger Druckabfall (hoher Cv)\r\n<ul>\r\n<li>Doppelplatten-Wafer-R\u00fcckschlagventile haben eine gr\u00f6\u00dfere offene Fl\u00e4che als andere Konstruktionen und reduzieren dadurch den Druckabfall im Vergleich zu Schwing-, Hub- oder anderen R\u00fcckschlagventilen.<\/li>\r\n<\/ul>\r\n<\/li>\r\n<li>Leicht\r\n<ul>\r\n<li>Reduziert das Gewicht um 80\u201390% im Vergleich zu herk\u00f6mmlichen R\u00fcckschlagventilen mit Flansch.<\/li>\r\n<\/ul>\r\n<\/li>\r\n<li>Niedrigere Kosten\r\n<ul>\r\n<li>Durch leichte, kompakte Profile und den Verzicht auf Flansche lassen sich Doppelplatten-R\u00fcckschlagventile insbesondere bei zunehmenden Rohrdurchmessern wirtschaftlicher herstellen als andere Konstruktionen.<\/li>\r\n<\/ul>\r\n<\/li>\r\n<li>Lindert Wasserschl\u00e4ge\r\n<ul>\r\n<li>Unsere federbet\u00e4tigten Scheiben sind so konzipiert, dass sie unsere Ventile schnell schlie\u00dfen. Dies gew\u00e4hrleistet eine hohe Leistung, verhindert Klappern und sorgt f\u00fcr dynamische Reaktionsf\u00e4higkeit in einem schlagfreien Design.<\/li>\r\n<\/ul>\r\n<\/li>\r\n<li>Einfache Installation\r\n<ul>\r\n<li>Einfacher zu installieren, zu entfernen und auszutauschen, sowohl in neuen als auch in bestehenden Rohrleitungssystemen.<\/li>\r\n<\/ul>\r\n<\/li>\r\n<\/ul>\r\n\r\n\r\n\r\n<h2 class=\"wp-block-heading\">Anwendungen von Doppelplatten-Wafer-R\u00fcckschlagventilen<\/h2>\r\n\r\n\r\n\r\n<p>Doppelplatten-R\u00fcckschlagventile sind f\u00fcr Luft, Gas, Fl\u00fcssigkeiten und D\u00e4mpfe geeignet. Unsere Anlagen werden ordentlich, sauber und organisiert gehalten, und wir legen Wert auf Details, was die Qualit\u00e4t der Herstellung von ANSI-Doppelplattenventilen entscheidend verbessert.<\/p>\r\n\r\n\r\n\r\n<h2 class=\"wp-block-heading\" id=\"h-material-of-wafer-dual-plate-check-valve\">Material des Wafer-Doppelplatten-R\u00fcckschlagventils<\/h2>\r\n\r\n\r\n\r\n<figure class=\"wp-block-table\">\r\n<table>\r\n<tbody>\r\n<tr>\r\n<td>Nein<\/td>\r\n<td>Teil<\/td>\r\n<td>Material<\/td>\r\n<\/tr>\r\n<tr>\r\n<td>1<\/td>\r\n<td>K\u00f6rper<\/td>\r\n<td>ASTM A216 WCB<\/td>\r\n<\/tr>\r\n<tr>\r\n<td>2<\/td>\r\n<td>Sitzring<\/td>\r\n<td>13Cr<\/td>\r\n<\/tr>\r\n<tr>\r\n<td>3<\/td>\r\n<td>Scheibe<\/td>\r\n<td>ASTM A216 WCB<\/td>\r\n<\/tr>\r\n<tr>\r\n<td>4<\/td>\r\n<td>Fr\u00fchling<\/td>\r\n<td>Inconel X 750<\/td>\r\n<\/tr>\r\n<tr>\r\n<td>5<\/td>\r\n<td>Stift<\/td>\r\n<td>ASTM A182 F6a<\/td>\r\n<\/tr>\r\n<\/tbody>\r\n<\/table>\r\n<\/figure>","protected":false},"excerpt":{"rendered":"<p>Was ist ein Wafer-Doppelplatten-R\u00fcckschlagventil? Das Doppelplatten-R\u00fcckschlagventil ist ein Allzweck-R\u00fcckschlagventil, das viel st\u00e4rker ist, \u2026 <a title=\"Zwischenflansch-Doppelplatten-R\u00fcckschlagventil\" class=\"read-more\" href=\"https:\/\/zecovalve.com\/de\/produkt\/wafer-dual-plate-check-valve\" aria-label=\"Mehr zu Wafer Dual Plate Check Valve\">Weiterlesen ...<\/a><\/p>","protected":false},"featured_media":27931,"comment_status":"closed","ping_status":"closed","template":"","meta":{"_generate-full-width-content":"","kt_blocks_editor_width":""},"product_cat":[2455,2442],"product_tag":[2657,2661,2725],"class_list":["post-16567","product","type-product","status-publish","has-post-thumbnail","hentry","product_cat-check-valve","product_cat-wafer-check-valve","product_tag-non-return-valve","product_tag-nrv-valve","product_tag-wafer-check-valve","sales-flash-overlay","woocommerce-text-align-center","woocommerce-image-align-center","do-quantity-buttons"],"featured_image_src_large":["https:\/\/zecovalve.com\/wp-content\/uploads\/2022\/06\/Wafer-Dual-Plate-Check-Valve-2.jpg",800,600,false],"author_info":[],"comment_info":0,"taxonomy_info":{"product_cat":[{"value":2455,"label":"Check Valve"},{"value":2442,"label":"Wafer Check Valve"}],"product_tag":[{"value":2657,"label":"Non Return Valve"},{"value":2661,"label":"NRV Valve"},{"value":2725,"label":"Wafer Check Valve"}]},"yoast_head":"<!-- This site is optimized with the Yoast SEO Premium plugin v15.4 - https:\/\/yoast.com\/wordpress\/plugins\/seo\/ -->\n<title>Wafer Dual Plate Check Valve - Dual Plate Wafer Check Valve Manufacturer | ZECO<\/title>\n<meta name=\"robots\" content=\"index, follow, max-snippet:-1, max-image-preview:large, max-video-preview:-1\" \/>\n<link rel=\"canonical\" href=\"https:\/\/zecovalve.com\/de\/produkt\/wafer-dual-plate-check-valve\" \/>\n<meta property=\"og:locale\" content=\"de_DE\" \/>\n<meta property=\"og:type\" content=\"article\" \/>\n<meta property=\"og:title\" content=\"Wafer Dual Plate Check Valve - Dual Plate Wafer Check Valve Manufacturer | ZECO\" \/>\n<meta property=\"og:description\" content=\"What is a Wafer Dual Plate Check Valve? The dual plate check valve is an all-purpose non-return valve that is much stronger, ... Weiterlesen ...\" \/>\n<meta property=\"og:url\" content=\"https:\/\/zecovalve.com\/de\/produkt\/wafer-dual-plate-check-valve\" \/>\n<meta property=\"og:site_name\" content=\"ZECO Valve\" \/>\n<meta property=\"article:modified_time\" content=\"2023-06-17T02:31:26+00:00\" \/>\n<meta property=\"og:image\" content=\"https:\/\/zecovalve.com\/wp-content\/uploads\/2022\/06\/Wafer-Dual-Plate-Check-Valve-2.jpg\" \/>\n\t<meta property=\"og:image:width\" content=\"800\" \/>\n\t<meta property=\"og:image:height\" content=\"600\" \/>\n<meta name=\"twitter:card\" content=\"summary_large_image\" \/>\n<meta name=\"twitter:label1\" content=\"Verfasst von\">\n\t<meta name=\"twitter:data1\" content=\"Jerry\">\n\t<meta name=\"twitter:label2\" content=\"Gesch\u00e4tzte Lesezeit\">\n\t<meta name=\"twitter:data2\" content=\"3\u00a0Minuten\">\n<script type=\"application\/ld+json\" class=\"yoast-schema-graph\">{\"@context\":\"https:\/\/schema.org\",\"@graph\":[{\"@type\":\"WebSite\",\"@id\":\"https:\/\/zecovalve.com\/#website\",\"url\":\"https:\/\/zecovalve.com\/\",\"name\":\"ZECO Valve\",\"description\":\"Industrial Ball Valve, Gate Valve and Globe Valve Manufacturer\",\"potentialAction\":[{\"@type\":\"SearchAction\",\"target\":\"https:\/\/zecovalve.com\/?s={search_term_string}\",\"query-input\":\"required name=search_term_string\"}],\"inLanguage\":\"de\"},{\"@type\":\"ImageObject\",\"@id\":\"https:\/\/zecovalve.com\/product\/wafer-dual-plate-check-valve#primaryimage\",\"inLanguage\":\"de\",\"url\":\"https:\/\/zecovalve.com\/wp-content\/uploads\/2022\/06\/Wafer-Dual-Plate-Check-Valve-2.jpg\",\"width\":800,\"height\":600,\"caption\":\"Wafer Dual Plate Check Valve\"},{\"@type\":\"WebPage\",\"@id\":\"https:\/\/zecovalve.com\/product\/wafer-dual-plate-check-valve#webpage\",\"url\":\"https:\/\/zecovalve.com\/product\/wafer-dual-plate-check-valve\",\"name\":\"Wafer Dual Plate Check Valve - Dual Plate Wafer Check Valve Manufacturer | ZECO\",\"isPartOf\":{\"@id\":\"https:\/\/zecovalve.com\/#website\"},\"primaryImageOfPage\":{\"@id\":\"https:\/\/zecovalve.com\/product\/wafer-dual-plate-check-valve#primaryimage\"},\"datePublished\":\"2022-06-21T07:53:09+00:00\",\"dateModified\":\"2023-06-17T02:31:26+00:00\",\"breadcrumb\":{\"@id\":\"https:\/\/zecovalve.com\/product\/wafer-dual-plate-check-valve#breadcrumb\"},\"inLanguage\":\"de\",\"potentialAction\":[{\"@type\":\"ReadAction\",\"target\":[\"https:\/\/zecovalve.com\/product\/wafer-dual-plate-check-valve\"]}]},{\"@type\":\"BreadcrumbList\",\"@id\":\"https:\/\/zecovalve.com\/product\/wafer-dual-plate-check-valve#breadcrumb\",\"itemListElement\":[{\"@type\":\"ListItem\",\"position\":1,\"item\":{\"@type\":\"WebPage\",\"@id\":\"https:\/\/zecovalve.com\/\",\"url\":\"https:\/\/zecovalve.com\/\",\"name\":\"Home\"}},{\"@type\":\"ListItem\",\"position\":2,\"item\":{\"@type\":\"WebPage\",\"@id\":\"https:\/\/zecovalve.com\/product-category\",\"url\":\"https:\/\/zecovalve.com\/product-category\",\"name\":\"Industrial Valve Manufacturer | Water Valve Manufacturer\"}},{\"@type\":\"ListItem\",\"position\":3,\"item\":{\"@type\":\"WebPage\",\"@id\":\"https:\/\/zecovalve.com\/product\/wafer-dual-plate-check-valve\",\"url\":\"https:\/\/zecovalve.com\/product\/wafer-dual-plate-check-valve\",\"name\":\"Wafer Dual Plate Check Valve\"}}]}]}<\/script>\n<!-- \/ Yoast SEO Premium plugin. -->","_links":{"self":[{"href":"https:\/\/zecovalve.com\/de\/wp-json\/wp\/v2\/product\/16567","targetHints":{"allow":["GET"]}}],"collection":[{"href":"https:\/\/zecovalve.com\/de\/wp-json\/wp\/v2\/product"}],"about":[{"href":"https:\/\/zecovalve.com\/de\/wp-json\/wp\/v2\/types\/product"}],"replies":[{"embeddable":true,"href":"https:\/\/zecovalve.com\/de\/wp-json\/wp\/v2\/comments?post=16567"}],"wp:featuredmedia":[{"embeddable":true,"href":"https:\/\/zecovalve.com\/de\/wp-json\/wp\/v2\/media\/27931"}],"wp:attachment":[{"href":"https:\/\/zecovalve.com\/de\/wp-json\/wp\/v2\/media?parent=16567"}],"wp:term":[{"taxonomy":"product_cat","embeddable":true,"href":"https:\/\/zecovalve.com\/de\/wp-json\/wp\/v2\/product_cat?post=16567"},{"taxonomy":"product_tag","embeddable":true,"href":"https:\/\/zecovalve.com\/de\/wp-json\/wp\/v2\/product_tag?post=16567"}],"curies":[{"name":"wp","href":"https:\/\/api.w.org\/{rel}","templated":true}]}}