{"id":16590,"date":"2022-06-22T05:59:58","date_gmt":"2022-06-22T05:59:58","guid":{"rendered":"https:\/\/zecovalve.com\/?post_type=product&#038;p=16590"},"modified":"2023-06-15T12:54:11","modified_gmt":"2023-06-15T12:54:11","slug":"high-pressure-gate-valve","status":"publish","type":"product","link":"https:\/\/zecovalve.com\/de\/produkt\/high-pressure-gate-valve","title":{"rendered":"Hochdruck-Schieberventil"},"content":{"rendered":"<h1 class=\"sep-title\">Hochdruck-Schieberventil<\/h1>\n<div class=\"sep-box-detail clearfix\">\n<div class=\"box-lf\">\n<div class=\"thumb\">\n<figure id=\"attachment_16591\" aria-describedby=\"caption-attachment-16591\" style=\"width: 290px\" class=\"wp-caption alignnone\"><img loading=\"lazy\" decoding=\"async\" class=\"size-medium wp-image-16591\" src=\"https:\/\/zecovalve.com\/wp-content\/uploads\/2022\/06\/high-pressure-gate-valve-300x225.jpg\" alt=\"Hochdruck-Schieberventil\" width=\"300\" height=\"225\" srcset=\"https:\/\/zecovalve.com\/wp-content\/uploads\/2022\/06\/high-pressure-gate-valve-300x225.jpg 300w, https:\/\/zecovalve.com\/wp-content\/uploads\/2022\/06\/high-pressure-gate-valve-768x576.jpg 768w, https:\/\/zecovalve.com\/wp-content\/uploads\/2022\/06\/high-pressure-gate-valve-600x450.jpg 600w, https:\/\/zecovalve.com\/wp-content\/uploads\/2022\/06\/high-pressure-gate-valve.jpg 800w\" sizes=\"auto, (max-width: 300px) 100vw, 300px\" \/><figcaption id=\"caption-attachment-16591\" class=\"wp-caption-text\">Hochdruck-Schieberventil<\/figcaption><\/figure>\n<\/div>\n<div class=\"info\"><a href=\"https:\/\/zecovalve.com\/de\/products\/high-pressure-gate-valve.html\/#form\"><i class=\"fa fa-commenting-o\" aria-hidden=\"true\"><\/i>\u00a0VENTILPREIS ERHALTEN<\/a><\/div>\n<\/div>\n<div class=\"box-rt\">\n<div class=\"gg\">\n<div class=\"swiper-container swiper-container-initialized swiper-container-vertical\">\n<div class=\"swiper-wrapper\"><\/div>\n<\/div>\n<\/div>\n<\/div>\n<\/div>\n<div class=\"richtext\">\n<h2>Beschreibung des Hochdruck-Schiebers:<\/h2>\n<p>Bei niedrigem Druck ist die Flanschdicke gering, die Kosten steigen nicht stark an, die beim Erhitzen und Abk\u00fchlen erzeugte W\u00e4rmespannung ist gering, und die Abdichtung kann durch die Anzugskraft der Schraube und die Dichtung leicht erreicht werden. Bei Verwendung einer Flanschverbindung ist es einfacher, das Ventil zu reparieren oder auszutauschen. Der Arbeitsdruck des ZECO-Hochdruckschiebers ist sehr hoch. Wenn der Flansch noch mit dem Rohr verbunden ist, ist die Flanschdicke sehr gro\u00df. Nicht nur die Kosten f\u00fcr Flansch und Schraube steigen offensichtlich, sondern auch die durch Erhitzen und Abk\u00fchlen erzeugte W\u00e4rmespannung ist sehr gro\u00df. Mit steigendem Druck steigt auch die Temperatur des Arbeitsmediums, die Schraube scheint sich bei der Langzeitarbeit bei hohen Temperaturen zu entspannen, wodurch der Dichtungsdruck des Flansches leicht abnimmt und die Dichtung undicht wird. Ein Drittel der Leckagen treten nicht nur schnell auf, sondern ein Hochgeschwindigkeitsleck des Mediums kann leicht aus der perforierenden Nut der Flanschdichtfl\u00e4che austreten, was die Reparatur erschwert. Wenn das Ventil und das Rohr verschwei\u00dft sind, werden das Gewicht und die Kosten erheblich reduziert, die W\u00e4rmespannung beim Erhitzen und Abk\u00fchlen wird erheblich reduziert, die Dichtungsleistung wird erheblich verbessert und sobald eine Leckage auftritt, ist sie leicht zu beheben.<\/p>\n<h2>Merkmale des Hochdruck-Schiebers:<\/h2>\n<p>1. ZECO-Hochdruck-Schieber f\u00fchren bei geschwei\u00dften Produkten normalerweise eine Sichtpr\u00fcfung (VT) durch, um nach offensichtlichen Schwei\u00dffehlern wie Rissen, Kanten, Schwei\u00dfausbr\u00fcchen, Formfehlern, Durchbrennen, Spritzern usw. zu suchen. Nach Bestehen der grundlegendsten Sichtpr\u00fcfung wird eine PT verwendet, um zu pr\u00fcfen, ob die Oberfl\u00e4che der Dichtfl\u00e4che Risse aufweist, und um die H\u00e4rte der Dichtfl\u00e4che zu testen.<\/p>\n<p>2. Die Schaftmutter des ZECO-Hochdruck-Schiebers ist in der Leitung austauschbar;<\/p>\n<p>3. Der R\u00fccksitz des ZECO-Hochdruck-Schiebers ist so ausgelegt, dass er den Gegendruck auf die Schaftpackung entlastet, wenn er vollst\u00e4ndig sitzt.<\/p>\n<p>4. Die Sitzringe des ZECO-Hochdruckschiebers sind dicht verschwei\u00dft, um eine blasendichte Verbindung zu gew\u00e4hrleisten.<\/p>\n<p>&nbsp;<\/p>\n<h2>Material des Hochdruck-Schiebers:<\/h2>\n<table>\n<tbody>\n<tr class=\"firstRow\">\n<td valign=\"center\">Nein<\/td>\n<td valign=\"center\">Teil<\/td>\n<td valign=\"center\">Material<\/td>\n<\/tr>\n<tr>\n<td valign=\"center\">1<\/td>\n<td valign=\"center\">K\u00f6rper<\/td>\n<td valign=\"center\">\u00a0ASTM A217 WC9<\/td>\n<\/tr>\n<tr>\n<td valign=\"center\">2<\/td>\n<td valign=\"center\">Sitzring<\/td>\n<td valign=\"center\">ASTM A182 F22 + STL<\/td>\n<\/tr>\n<tr>\n<td valign=\"center\">3<\/td>\n<td valign=\"center\">Keil<\/td>\n<td valign=\"center\">ASTM A217 WC9 + STL<\/td>\n<\/tr>\n<tr>\n<td valign=\"center\">4<\/td>\n<td valign=\"center\">Vorbau<\/td>\n<td valign=\"center\">ASTM A276 420<\/td>\n<\/tr>\n<tr>\n<td valign=\"center\">5<\/td>\n<td valign=\"center\">Dichtung der Motorhaube<\/td>\n<td valign=\"center\">Graphit + SS316<\/td>\n<\/tr>\n<tr>\n<td valign=\"center\">6<\/td>\n<td valign=\"center\">Motorhaubenbolzen<\/td>\n<td valign=\"center\">ASTM A193 B16<\/td>\n<\/tr>\n<tr>\n<td valign=\"center\">7<\/td>\n<td valign=\"center\">Haubenmutter<\/td>\n<td valign=\"center\">ASTM A194 4<\/td>\n<\/tr>\n<tr>\n<td valign=\"center\">8<\/td>\n<td valign=\"center\">Motorhaube<\/td>\n<td valign=\"center\">ASTM A217 WC9<\/td>\n<\/tr>\n<tr>\n<td valign=\"center\">9<\/td>\n<td valign=\"center\">R\u00fccksitz<\/td>\n<td valign=\"center\">ASTM A182 F6a<\/td>\n<\/tr>\n<tr>\n<td valign=\"center\">10<\/td>\n<td valign=\"center\">Spindelpackung<\/td>\n<td valign=\"center\">Verst\u00e4rkter Graphit<\/td>\n<\/tr>\n<tr>\n<td valign=\"center\">11<\/td>\n<td valign=\"center\">Handrad<\/td>\n<td valign=\"center\">KTH330-08<\/td>\n<\/tr>\n<\/tbody>\n<\/table>\n<\/div>","protected":false},"excerpt":{"rendered":"<p>Hochdruck-Schieber. VENTILPREIS ERHALTEN. Beschreibung des Hochdruck-Schiebers: Bei niedrigem Druck betr\u00e4gt die Flanschdicke \u2026 <a title=\"Hochdruck-Schieberventil\" class=\"read-more\" href=\"https:\/\/zecovalve.com\/de\/produkt\/high-pressure-gate-valve\" aria-label=\"Mehr zu Hochdruck-Schieber\">Weiterlesen ...<\/a><\/p>","protected":false},"featured_media":27893,"comment_status":"closed","ping_status":"closed","template":"","meta":{"_generate-full-width-content":"","kt_blocks_editor_width":""},"product_cat":[2052,2454],"product_tag":[2658,2798],"class_list":["post-16590","product","type-product","status-publish","has-post-thumbnail","hentry","product_cat-gate-valve","product_cat-gate-valve-by-material","product_tag-isolation-valve","product_tag-osy-valve","sales-flash-overlay","woocommerce-text-align-center","woocommerce-image-align-center","do-quantity-buttons"],"featured_image_src_large":["https:\/\/zecovalve.com\/wp-content\/uploads\/2022\/06\/High-Pressure-Gate-Valve-2.jpg",800,600,false],"author_info":[],"comment_info":0,"taxonomy_info":{"product_cat":[{"value":2052,"label":"Gate Valve"},{"value":2454,"label":"Gate Valve By Material"}],"product_tag":[{"value":2658,"label":"Isolation Valve"},{"value":2798,"label":"OS&amp;Y Valve"}]},"yoast_head":"<!-- This site is optimized with the Yoast SEO Premium plugin v15.4 - https:\/\/yoast.com\/wordpress\/plugins\/seo\/ -->\n<title>High Pressure Gate Valve - ZECO Valve<\/title>\n<meta name=\"robots\" content=\"index, follow, max-snippet:-1, max-image-preview:large, max-video-preview:-1\" \/>\n<link rel=\"canonical\" href=\"https:\/\/zecovalve.com\/de\/produkt\/high-pressure-gate-valve\" \/>\n<meta property=\"og:locale\" content=\"de_DE\" \/>\n<meta property=\"og:type\" content=\"article\" \/>\n<meta property=\"og:title\" content=\"High Pressure Gate Valve - ZECO Valve\" \/>\n<meta property=\"og:description\" content=\"High Pressure Gate Valve \u00a0GET VALVE PRICE Description of High Pressure Gate Valve: When the pressure is low, the flange thickness is ... Weiterlesen ...\" \/>\n<meta property=\"og:url\" content=\"https:\/\/zecovalve.com\/de\/produkt\/high-pressure-gate-valve\" \/>\n<meta property=\"og:site_name\" content=\"ZECO Valve\" \/>\n<meta property=\"article:modified_time\" content=\"2023-06-15T12:54:11+00:00\" \/>\n<meta property=\"og:image\" content=\"https:\/\/zecovalve.com\/wp-content\/uploads\/2022\/06\/High-Pressure-Gate-Valve-2.jpg\" \/>\n\t<meta property=\"og:image:width\" content=\"800\" \/>\n\t<meta property=\"og:image:height\" content=\"600\" \/>\n<meta name=\"twitter:card\" content=\"summary_large_image\" \/>\n<meta name=\"twitter:label1\" content=\"Verfasst von\">\n\t<meta name=\"twitter:data1\" content=\"Jerry\">\n\t<meta name=\"twitter:label2\" content=\"Gesch\u00e4tzte Lesezeit\">\n\t<meta name=\"twitter:data2\" content=\"2\u00a0Minuten\">\n<script type=\"application\/ld+json\" class=\"yoast-schema-graph\">{\"@context\":\"https:\/\/schema.org\",\"@graph\":[{\"@type\":\"WebSite\",\"@id\":\"https:\/\/zecovalve.com\/#website\",\"url\":\"https:\/\/zecovalve.com\/\",\"name\":\"ZECO Valve\",\"description\":\"Industrial Ball Valve, Gate Valve and Globe Valve Manufacturer\",\"potentialAction\":[{\"@type\":\"SearchAction\",\"target\":\"https:\/\/zecovalve.com\/?s={search_term_string}\",\"query-input\":\"required name=search_term_string\"}],\"inLanguage\":\"de\"},{\"@type\":\"ImageObject\",\"@id\":\"https:\/\/zecovalve.com\/product\/high-pressure-gate-valve#primaryimage\",\"inLanguage\":\"de\",\"url\":\"https:\/\/zecovalve.com\/wp-content\/uploads\/2022\/06\/High-Pressure-Gate-Valve-2.jpg\",\"width\":800,\"height\":600,\"caption\":\"High Pressure Gate Valve\"},{\"@type\":\"WebPage\",\"@id\":\"https:\/\/zecovalve.com\/product\/high-pressure-gate-valve#webpage\",\"url\":\"https:\/\/zecovalve.com\/product\/high-pressure-gate-valve\",\"name\":\"High Pressure Gate Valve - ZECO Valve\",\"isPartOf\":{\"@id\":\"https:\/\/zecovalve.com\/#website\"},\"primaryImageOfPage\":{\"@id\":\"https:\/\/zecovalve.com\/product\/high-pressure-gate-valve#primaryimage\"},\"datePublished\":\"2022-06-22T05:59:58+00:00\",\"dateModified\":\"2023-06-15T12:54:11+00:00\",\"breadcrumb\":{\"@id\":\"https:\/\/zecovalve.com\/product\/high-pressure-gate-valve#breadcrumb\"},\"inLanguage\":\"de\",\"potentialAction\":[{\"@type\":\"ReadAction\",\"target\":[\"https:\/\/zecovalve.com\/product\/high-pressure-gate-valve\"]}]},{\"@type\":\"BreadcrumbList\",\"@id\":\"https:\/\/zecovalve.com\/product\/high-pressure-gate-valve#breadcrumb\",\"itemListElement\":[{\"@type\":\"ListItem\",\"position\":1,\"item\":{\"@type\":\"WebPage\",\"@id\":\"https:\/\/zecovalve.com\/\",\"url\":\"https:\/\/zecovalve.com\/\",\"name\":\"Home\"}},{\"@type\":\"ListItem\",\"position\":2,\"item\":{\"@type\":\"WebPage\",\"@id\":\"https:\/\/zecovalve.com\/product-category\",\"url\":\"https:\/\/zecovalve.com\/product-category\",\"name\":\"Industrial Valve Manufacturer | Water Valve Manufacturer\"}},{\"@type\":\"ListItem\",\"position\":3,\"item\":{\"@type\":\"WebPage\",\"@id\":\"https:\/\/zecovalve.com\/product\/high-pressure-gate-valve\",\"url\":\"https:\/\/zecovalve.com\/product\/high-pressure-gate-valve\",\"name\":\"High Pressure Gate Valve\"}}]}]}<\/script>\n<!-- \/ Yoast SEO Premium plugin. -->","_links":{"self":[{"href":"https:\/\/zecovalve.com\/de\/wp-json\/wp\/v2\/product\/16590","targetHints":{"allow":["GET"]}}],"collection":[{"href":"https:\/\/zecovalve.com\/de\/wp-json\/wp\/v2\/product"}],"about":[{"href":"https:\/\/zecovalve.com\/de\/wp-json\/wp\/v2\/types\/product"}],"replies":[{"embeddable":true,"href":"https:\/\/zecovalve.com\/de\/wp-json\/wp\/v2\/comments?post=16590"}],"wp:featuredmedia":[{"embeddable":true,"href":"https:\/\/zecovalve.com\/de\/wp-json\/wp\/v2\/media\/27893"}],"wp:attachment":[{"href":"https:\/\/zecovalve.com\/de\/wp-json\/wp\/v2\/media?parent=16590"}],"wp:term":[{"taxonomy":"product_cat","embeddable":true,"href":"https:\/\/zecovalve.com\/de\/wp-json\/wp\/v2\/product_cat?post=16590"},{"taxonomy":"product_tag","embeddable":true,"href":"https:\/\/zecovalve.com\/de\/wp-json\/wp\/v2\/product_tag?post=16590"}],"curies":[{"name":"wp","href":"https:\/\/api.w.org\/{rel}","templated":true}]}}