{"id":16644,"date":"2022-06-22T07:41:11","date_gmt":"2022-06-22T07:41:11","guid":{"rendered":"https:\/\/zecovalve.com\/?post_type=product&#038;p=16644"},"modified":"2022-07-10T02:25:36","modified_gmt":"2022-07-10T02:25:36","slug":"carbon-steel-ball-valve","status":"publish","type":"product","link":"https:\/\/zecovalve.com\/de\/produkt\/carbon-steel-ball-valve","title":{"rendered":"Kugelhahn aus Kohlenstoffstahl"},"content":{"rendered":"<h1 class=\"sep-title\">Kugelhahn aus Kohlenstoffstahl<\/h1>\n<div class=\"sep-box-detail clearfix\">\n<div class=\"box-lf\">\n<div class=\"thumb\">\n<figure id=\"attachment_16645\" aria-describedby=\"caption-attachment-16645\" style=\"width: 290px\" class=\"wp-caption alignnone\"><img loading=\"lazy\" decoding=\"async\" class=\"size-medium wp-image-16645\" src=\"https:\/\/zecovalve.com\/wp-content\/uploads\/2022\/06\/carbon-steel-ball-valve-1-300x225.jpg\" alt=\"Kugelhahn aus Kohlenstoffstahl\" width=\"300\" height=\"225\" srcset=\"https:\/\/zecovalve.com\/wp-content\/uploads\/2022\/06\/carbon-steel-ball-valve-1-300x225.jpg 300w, https:\/\/zecovalve.com\/wp-content\/uploads\/2022\/06\/carbon-steel-ball-valve-1-768x576.jpg 768w, https:\/\/zecovalve.com\/wp-content\/uploads\/2022\/06\/carbon-steel-ball-valve-1-600x450.jpg 600w, https:\/\/zecovalve.com\/wp-content\/uploads\/2022\/06\/carbon-steel-ball-valve-1.jpg 800w\" sizes=\"auto, (max-width: 300px) 100vw, 300px\" \/><figcaption id=\"caption-attachment-16645\" class=\"wp-caption-text\">Kugelhahn aus Kohlenstoffstahl<\/figcaption><\/figure>\n<p><img loading=\"lazy\" decoding=\"async\" class=\"alignnone size-medium wp-image-16646\" src=\"https:\/\/zecovalve.com\/wp-content\/uploads\/2022\/06\/carbon-steel-ball-valve-3-300x225.jpg\" alt=\"\" width=\"300\" height=\"225\" srcset=\"https:\/\/zecovalve.com\/wp-content\/uploads\/2022\/06\/carbon-steel-ball-valve-3-300x225.jpg 300w, https:\/\/zecovalve.com\/wp-content\/uploads\/2022\/06\/carbon-steel-ball-valve-3-768x576.jpg 768w, https:\/\/zecovalve.com\/wp-content\/uploads\/2022\/06\/carbon-steel-ball-valve-3-600x450.jpg 600w, https:\/\/zecovalve.com\/wp-content\/uploads\/2022\/06\/carbon-steel-ball-valve-3.jpg 800w\" sizes=\"auto, (max-width: 300px) 100vw, 300px\" \/> <img loading=\"lazy\" decoding=\"async\" class=\"alignnone size-medium wp-image-16647\" src=\"https:\/\/zecovalve.com\/wp-content\/uploads\/2022\/06\/carbon-steel-ball-valve-4-300x225.jpg\" alt=\"\" width=\"300\" height=\"225\" srcset=\"https:\/\/zecovalve.com\/wp-content\/uploads\/2022\/06\/carbon-steel-ball-valve-4-300x225.jpg 300w, https:\/\/zecovalve.com\/wp-content\/uploads\/2022\/06\/carbon-steel-ball-valve-4-768x576.jpg 768w, https:\/\/zecovalve.com\/wp-content\/uploads\/2022\/06\/carbon-steel-ball-valve-4-600x450.jpg 600w, https:\/\/zecovalve.com\/wp-content\/uploads\/2022\/06\/carbon-steel-ball-valve-4.jpg 800w\" sizes=\"auto, (max-width: 300px) 100vw, 300px\" \/> <img loading=\"lazy\" decoding=\"async\" class=\"alignnone size-medium wp-image-16648\" src=\"https:\/\/zecovalve.com\/wp-content\/uploads\/2022\/06\/gear-operated-ball-valve-5-300x225.jpg\" alt=\"\" width=\"300\" height=\"225\" srcset=\"https:\/\/zecovalve.com\/wp-content\/uploads\/2022\/06\/gear-operated-ball-valve-5-300x225.jpg 300w, https:\/\/zecovalve.com\/wp-content\/uploads\/2022\/06\/gear-operated-ball-valve-5-768x576.jpg 768w, https:\/\/zecovalve.com\/wp-content\/uploads\/2022\/06\/gear-operated-ball-valve-5-600x450.jpg 600w, https:\/\/zecovalve.com\/wp-content\/uploads\/2022\/06\/gear-operated-ball-valve-5.jpg 800w\" sizes=\"auto, (max-width: 300px) 100vw, 300px\" \/><\/div>\n<div class=\"info\"><a href=\"https:\/\/zecovalve.com\/de\/products\/carbon-steel-ball-valve.html\/#form\"><i class=\"fa fa-commenting-o\" aria-hidden=\"true\"><\/i>\u00a0VENTILPREIS ERHALTEN<\/a><\/div>\n<\/div>\n<div class=\"box-rt\">\n<div class=\"gg\">\n<div class=\"swiper-container swiper-container-initialized swiper-container-vertical\">\n<div class=\"swiper-wrapper\">\n<div class=\"swiper-slide swiper-slide-prev\">\n<div class=\"img\"><\/div>\n<\/div>\n<\/div>\n<\/div>\n<\/div>\n<div class=\"swiper-button-next swiper-button-disabled\" tabindex=\"0\" role=\"button\" aria-label=\"N\u00e4chste Folie\" aria-disabled=\"true\"><\/div>\n<\/div>\n<\/div>\n<div class=\"richtext\">\n<h2>Beschreibung des Kugelhahns aus Kohlenstoffstahl:<\/h2>\n<p>ZECO-Kugelh\u00e4hne aus Kohlenstoffstahl werden normalerweise in nicht korrosiven Medien verwendet. Unter bestimmten Bedingungen, wie z. B. einem bestimmten Temperaturbereich, k\u00f6nnen die Konzentrationsbedingungen auch in einigen korrosiven Medien verwendet werden. Geeignete Temperaturbereiche sind \u201329 \u00b0C bis 425 \u00b0C, die h\u00e4ufig f\u00fcr WCA verwendeten Marken ASTM A216 \/ A216M, WCB, WCC. Wenn die Festigkeitsanforderungen h\u00f6her sind, wird WCC verwendet, da der Mn-Gehalt in WCC h\u00f6her ist, was die Verst\u00e4rkungswirkung des Stahls verbessert.<\/p>\n<h2>Merkmale des Kugelhahns aus Kohlenstoffstahl:<\/h2>\n<p>1. Der Einzelkolbeneffekt ist die Standardausf\u00fchrung f\u00fcr ZECO-Kugelh\u00e4hne aus Kohlenstoffstahl. Druck von der stromaufw\u00e4rts und stromabw\u00e4rts gelegenen Seite dr\u00fcckt die Sitzringe gegen die Kugel. Wenn die durch den Druck im Geh\u00e4usehohlraum erzeugte Kraft gr\u00f6\u00dfer ist als die vorgespannte Federkraft plus die durch den Druck von der stromaufw\u00e4rts oder stromabw\u00e4rts gelegenen Seite erzeugte Kraft, werden die Sitze von der Kugel weggedr\u00fcckt. Somit wird jeglicher \u00dcberdruck im Geh\u00e4usehohlraum automatisch in der vollst\u00e4ndig ge\u00f6ffneten oder vollst\u00e4ndig geschlossenen Stellung der Ventile abgelassen;<\/p>\n<p>2. Der Kugelhahn aus Kohlenstoffstahl von ZECO ist feuersicher konstruiert. Leckagen im Bereich des Ventilschafts werden durch zwei O-Ring-Dichtungen und eine Stopfbuchsendichtung verhindert. Leckagen durch die Verbindung des Ventilk\u00f6rpers werden ebenfalls durch eine O-Ring-Dichtung und eine K\u00f6rperdichtung blockiert. Nachdem ein Feuer die O-Ringe, die Stopfbuchse und die K\u00f6rperdichtung besch\u00e4digt hat, verhindert die feuersichere Schaftpackung externe Leckagen.<\/p>\n<p>3. Der Kugelhahn aus Kohlenstoffstahl von ZECO verf\u00fcgt \u00fcber eine Antistatikvorrichtung, die Sch\u00e4den durch statische Elektrizit\u00e4t in der Rohrleitung verhindert.<\/p>\n<p>4. Der Kugelhahn aus Kohlenstoffstahl von ZECO verf\u00fcgt \u00fcber eine ausblassichere Schaftkonstruktion, um Verletzungen durch einen herumfliegenden Schaft w\u00e4hrend der Wartung zu verhindern.<\/p>\n<h2>Material des Kugelhahns aus Kohlenstoffstahl:<\/h2>\n<table>\n<tbody>\n<tr class=\"firstRow\">\n<td valign=\"center\">Nein<\/td>\n<td valign=\"center\">Teil<\/td>\n<td valign=\"center\">Material<\/td>\n<\/tr>\n<tr>\n<td valign=\"center\">1<\/td>\n<td valign=\"center\">K\u00f6rper<\/td>\n<td valign=\"center\">ASTM A216 WCB<\/td>\n<\/tr>\n<tr>\n<td valign=\"center\">2<\/td>\n<td valign=\"center\">Motorhaube<\/td>\n<td valign=\"center\">ASTM A216 WCB<\/td>\n<\/tr>\n<tr>\n<td valign=\"center\">3<\/td>\n<td valign=\"center\">Kugel<\/td>\n<td valign=\"center\">ASTM A182 F316<\/td>\n<\/tr>\n<tr>\n<td valign=\"center\">4<\/td>\n<td valign=\"center\">Sitz<\/td>\n<td valign=\"center\">ASTM A182 F316 + PTFE<\/td>\n<\/tr>\n<tr>\n<td valign=\"center\">5<\/td>\n<td valign=\"center\">Vorbau<\/td>\n<td valign=\"center\">ASTM A276 316<\/td>\n<\/tr>\n<tr>\n<td valign=\"center\">6<\/td>\n<td valign=\"center\">Antistatische Vorrichtung<\/td>\n<td valign=\"center\">SS316<\/td>\n<\/tr>\n<tr>\n<td valign=\"center\">7<\/td>\n<td valign=\"center\">Dichtung<\/td>\n<td valign=\"center\">Graphit + SS316<\/td>\n<\/tr>\n<tr>\n<td valign=\"center\">8<\/td>\n<td valign=\"center\">Schraube<\/td>\n<td valign=\"center\">ASTM A193 B7<\/td>\n<\/tr>\n<tr>\n<td valign=\"center\">9<\/td>\n<td valign=\"center\">Nuss<\/td>\n<td valign=\"center\">ASTM A194 2H<\/td>\n<\/tr>\n<tr>\n<td valign=\"center\">10<\/td>\n<td valign=\"center\">O-Ring<\/td>\n<td valign=\"center\">Viton A<\/td>\n<\/tr>\n<tr>\n<td valign=\"center\">11<\/td>\n<td valign=\"center\">Hebel<\/td>\n<td valign=\"center\">ASTM A216 WCB<\/td>\n<\/tr>\n<\/tbody>\n<\/table>\n<\/div>","protected":false},"excerpt":{"rendered":"<p>Kugelhahn aus Kohlenstoffstahl. VENTILPREIS ERHALTEN. Beschreibung des Kugelhahns aus Kohlenstoffstahl: Der Kugelhahn aus Kohlenstoffstahl von ZECO wird normalerweise in nicht korrosiven Medien verwendet, unter \u2026 <a title=\"Kugelhahn aus Kohlenstoffstahl\" class=\"read-more\" href=\"https:\/\/zecovalve.com\/de\/produkt\/carbon-steel-ball-valve\" aria-label=\"Mehr zu Carbon Steel Ball Valve\">Weiterlesen ...<\/a><\/p>","protected":false},"featured_media":16645,"comment_status":"closed","ping_status":"closed","template":"","meta":{"_generate-full-width-content":"","kt_blocks_editor_width":""},"product_cat":[2047,2461],"product_tag":[2804,2658],"class_list":["post-16644","product","type-product","status-publish","has-post-thumbnail","hentry","product_cat-ball-valve","product_cat-ball-valve-by-material","product_tag-2-inch-ball-valve","product_tag-isolation-valve","sales-flash-overlay","woocommerce-text-align-center","woocommerce-image-align-center","do-quantity-buttons"],"featured_image_src_large":["https:\/\/zecovalve.com\/wp-content\/uploads\/2022\/06\/carbon-steel-ball-valve-1.jpg",800,600,false],"author_info":[],"comment_info":0,"taxonomy_info":{"product_cat":[{"value":2047,"label":"Ball Valve"},{"value":2461,"label":"Ball Valve By Material"}],"product_tag":[{"value":2804,"label":"2 inch Ball Valve"},{"value":2658,"label":"Isolation Valve"}]},"yoast_head":"<!-- This site is optimized with the Yoast SEO Premium plugin v15.4 - https:\/\/yoast.com\/wordpress\/plugins\/seo\/ -->\n<title>Carbon Steel Ball Valve - ZECO Valve<\/title>\n<meta name=\"robots\" content=\"index, follow, max-snippet:-1, max-image-preview:large, max-video-preview:-1\" \/>\n<link rel=\"canonical\" href=\"https:\/\/zecovalve.com\/de\/produkt\/carbon-steel-ball-valve\" \/>\n<meta property=\"og:locale\" content=\"de_DE\" \/>\n<meta property=\"og:type\" content=\"article\" \/>\n<meta property=\"og:title\" content=\"Carbon Steel Ball Valve - ZECO Valve\" \/>\n<meta property=\"og:description\" content=\"Carbon Steel Ball Valve \u00a0GET VALVE PRICE Description of Carbon Steel Ball Valve: ZECO\u00a0carbon steel\u00a0ball valve\u00a0is usually used in non-corrosive media, under ... Weiterlesen ...\" \/>\n<meta property=\"og:url\" content=\"https:\/\/zecovalve.com\/de\/produkt\/carbon-steel-ball-valve\" \/>\n<meta property=\"og:site_name\" content=\"ZECO Valve\" \/>\n<meta property=\"article:modified_time\" content=\"2022-07-10T02:25:36+00:00\" \/>\n<meta property=\"og:image\" content=\"https:\/\/zecovalve.com\/wp-content\/uploads\/2022\/06\/carbon-steel-ball-valve-1.jpg\" \/>\n\t<meta property=\"og:image:width\" content=\"800\" \/>\n\t<meta property=\"og:image:height\" content=\"600\" \/>\n<meta name=\"twitter:card\" content=\"summary_large_image\" \/>\n<meta name=\"twitter:label1\" content=\"Verfasst von\">\n\t<meta name=\"twitter:data1\" content=\"Jerry\">\n\t<meta name=\"twitter:label2\" content=\"Gesch\u00e4tzte Lesezeit\">\n\t<meta name=\"twitter:data2\" content=\"1\u00a0Minute\">\n<script type=\"application\/ld+json\" class=\"yoast-schema-graph\">{\"@context\":\"https:\/\/schema.org\",\"@graph\":[{\"@type\":\"WebSite\",\"@id\":\"https:\/\/zecovalve.com\/#website\",\"url\":\"https:\/\/zecovalve.com\/\",\"name\":\"ZECO Valve\",\"description\":\"Industrial Ball Valve, Gate Valve and Globe Valve Manufacturer\",\"potentialAction\":[{\"@type\":\"SearchAction\",\"target\":\"https:\/\/zecovalve.com\/?s={search_term_string}\",\"query-input\":\"required name=search_term_string\"}],\"inLanguage\":\"de\"},{\"@type\":\"ImageObject\",\"@id\":\"https:\/\/zecovalve.com\/product\/carbon-steel-ball-valve#primaryimage\",\"inLanguage\":\"de\",\"url\":\"https:\/\/zecovalve.com\/wp-content\/uploads\/2022\/06\/carbon-steel-ball-valve-1.jpg\",\"width\":800,\"height\":600,\"caption\":\"Carbon Steel Ball Valve\"},{\"@type\":\"WebPage\",\"@id\":\"https:\/\/zecovalve.com\/product\/carbon-steel-ball-valve#webpage\",\"url\":\"https:\/\/zecovalve.com\/product\/carbon-steel-ball-valve\",\"name\":\"Carbon Steel Ball Valve - ZECO Valve\",\"isPartOf\":{\"@id\":\"https:\/\/zecovalve.com\/#website\"},\"primaryImageOfPage\":{\"@id\":\"https:\/\/zecovalve.com\/product\/carbon-steel-ball-valve#primaryimage\"},\"datePublished\":\"2022-06-22T07:41:11+00:00\",\"dateModified\":\"2022-07-10T02:25:36+00:00\",\"breadcrumb\":{\"@id\":\"https:\/\/zecovalve.com\/product\/carbon-steel-ball-valve#breadcrumb\"},\"inLanguage\":\"de\",\"potentialAction\":[{\"@type\":\"ReadAction\",\"target\":[\"https:\/\/zecovalve.com\/product\/carbon-steel-ball-valve\"]}]},{\"@type\":\"BreadcrumbList\",\"@id\":\"https:\/\/zecovalve.com\/product\/carbon-steel-ball-valve#breadcrumb\",\"itemListElement\":[{\"@type\":\"ListItem\",\"position\":1,\"item\":{\"@type\":\"WebPage\",\"@id\":\"https:\/\/zecovalve.com\/\",\"url\":\"https:\/\/zecovalve.com\/\",\"name\":\"Home\"}},{\"@type\":\"ListItem\",\"position\":2,\"item\":{\"@type\":\"WebPage\",\"@id\":\"https:\/\/zecovalve.com\/product-category\",\"url\":\"https:\/\/zecovalve.com\/product-category\",\"name\":\"Industrial Valve Manufacturer | Water Valve Manufacturer\"}},{\"@type\":\"ListItem\",\"position\":3,\"item\":{\"@type\":\"WebPage\",\"@id\":\"https:\/\/zecovalve.com\/product\/carbon-steel-ball-valve\",\"url\":\"https:\/\/zecovalve.com\/product\/carbon-steel-ball-valve\",\"name\":\"Carbon Steel Ball Valve\"}}]}]}<\/script>\n<!-- \/ Yoast SEO Premium plugin. -->","_links":{"self":[{"href":"https:\/\/zecovalve.com\/de\/wp-json\/wp\/v2\/product\/16644","targetHints":{"allow":["GET"]}}],"collection":[{"href":"https:\/\/zecovalve.com\/de\/wp-json\/wp\/v2\/product"}],"about":[{"href":"https:\/\/zecovalve.com\/de\/wp-json\/wp\/v2\/types\/product"}],"replies":[{"embeddable":true,"href":"https:\/\/zecovalve.com\/de\/wp-json\/wp\/v2\/comments?post=16644"}],"wp:featuredmedia":[{"embeddable":true,"href":"https:\/\/zecovalve.com\/de\/wp-json\/wp\/v2\/media\/16645"}],"wp:attachment":[{"href":"https:\/\/zecovalve.com\/de\/wp-json\/wp\/v2\/media?parent=16644"}],"wp:term":[{"taxonomy":"product_cat","embeddable":true,"href":"https:\/\/zecovalve.com\/de\/wp-json\/wp\/v2\/product_cat?post=16644"},{"taxonomy":"product_tag","embeddable":true,"href":"https:\/\/zecovalve.com\/de\/wp-json\/wp\/v2\/product_tag?post=16644"}],"curies":[{"name":"wp","href":"https:\/\/api.w.org\/{rel}","templated":true}]}}