{"id":16663,"date":"2022-06-22T08:06:32","date_gmt":"2022-06-22T08:06:32","guid":{"rendered":"https:\/\/zecovalve.com\/?post_type=product&#038;p=16663"},"modified":"2022-06-28T03:25:21","modified_gmt":"2022-06-28T03:25:21","slug":"lug-butterfly-valve","status":"publish","type":"product","link":"https:\/\/zecovalve.com\/de\/produkt\/lug-butterfly-valve","title":{"rendered":"Lug Absperrklappe"},"content":{"rendered":"<h1 class=\"sep-title\">Lug Absperrklappe<\/h1>\n<div class=\"sep-box-detail clearfix\">\n<div class=\"box-lf\">\n<div class=\"thumb\">\n<figure id=\"attachment_16664\" aria-describedby=\"caption-attachment-16664\" style=\"width: 290px\" class=\"wp-caption alignnone\"><img loading=\"lazy\" decoding=\"async\" class=\"size-medium wp-image-16664\" src=\"https:\/\/zecovalve.com\/wp-content\/uploads\/2022\/06\/lug-butterfly-valve-300x225.jpg\" alt=\"Lug Absperrklappe\" width=\"300\" height=\"225\" srcset=\"https:\/\/zecovalve.com\/wp-content\/uploads\/2022\/06\/lug-butterfly-valve-300x225.jpg 300w, https:\/\/zecovalve.com\/wp-content\/uploads\/2022\/06\/lug-butterfly-valve-768x576.jpg 768w, https:\/\/zecovalve.com\/wp-content\/uploads\/2022\/06\/lug-butterfly-valve-600x450.jpg 600w, https:\/\/zecovalve.com\/wp-content\/uploads\/2022\/06\/lug-butterfly-valve.jpg 800w\" sizes=\"auto, (max-width: 300px) 100vw, 300px\" \/><figcaption id=\"caption-attachment-16664\" class=\"wp-caption-text\">Lug Absperrklappe<\/figcaption><\/figure>\n<\/div>\n<div class=\"info\"><a href=\"https:\/\/zecovalve.com\/de\/products\/lug-butterfly-valve.html\/#form\"><i class=\"fa fa-commenting-o\" aria-hidden=\"true\"><\/i>\u00a0VENTILPREIS ERHALTEN<\/a><\/div>\n<\/div>\n<div class=\"box-rt\">\n<div class=\"gg\">\n<div class=\"swiper-container swiper-container-initialized swiper-container-vertical\">\n<div class=\"swiper-wrapper\"><\/div>\n<\/div>\n<\/div>\n<\/div>\n<\/div>\n<div class=\"richtext\">\n<h2>Beschreibung:<\/h2>\n<p>Das ZECO-Absperrventil mit \u00d6sen ist eines der Wafer-Absperrventile. Beim Einbau wird das Ventil mit Doppelkopfschrauben zwischen zwei Rohrflanschen befestigt. Es wird im Allgemeinen in Situationen verwendet, in denen die Festigkeit von Rohranschluss und Rohrleitung hoch ist. Das Absperrventil mit \u00d6sen hat eine elastische Dichtungsstruktur und eine Metalldichtungsstruktur, je nach tats\u00e4chlicher Situation des Benutzers. Die Flanschendgr\u00f6\u00dfe des ZECO-Absperrventils mit \u00d6sen kann entsprechend den Anforderungen der Benutzer hergestellt werden. Derzeit k\u00f6nnen unsere Formen die Anforderungen der Normen ASME B16.5, DIN und BS erf\u00fcllen, um den tats\u00e4chlichen Installationsanforderungen der Benutzer gerecht zu werden. ZECO ist ein professioneller Hersteller von Absperrventilen mit \u00d6sen, dessen Produkte von \u00d6l- und Gasunternehmen sowie Industrieunternehmen auf der ganzen Welt verwendet werden.<\/p>\n<p>&nbsp;<\/p>\n<p>&nbsp;<\/p>\n<h2>Merkmale:<\/h2>\n<p>1. Das ZECO-Absperrventil mit \u00d6se hat eine dreifach versetzte Struktur und eine doppelt versetzte Hochleistungsstruktur und kann je nach Bedarf hergestellt werden. Der einzigartige selbsteinstellende Dichtsitz wird in der doppelten Exzenterstruktur \u00fcbernommen. Wenn die Absperrklappe geschlossen und zum \u00d6ffnen bereit ist, wird der PTFE-Dichtring automatisch zur\u00fcckgesetzt und stellt die urspr\u00fcngliche elastische Position wieder her. Beim Schlie\u00dfen wird der PTFE-Dichtring durch die Schlie\u00dfkraft der Absperrklappe zusammengedr\u00fcckt, um die Abdichtung sicherzustellen;<\/p>\n<p>2. Beim ZECO-Absperrventil mit \u00d6se sind zur Aufrechterhaltung der Dichtung keine zus\u00e4tzlichen O-Ringe oder Metallteile erforderlich. Lange Lebensdauer, geringe Wartungskosten.<\/p>\n<p>3. Die Lippendichtungsstruktur des ZECO-Absperrschiebers kann Temperatur- und Druckschwankungen ausgleichen.<\/p>\n<p>4. ZECO-Absperrklappe im Dichtungstest, keine Blasen und Leckagen in beide Richtungen, stellt sicher, dass Benutzer die Ventile gem\u00e4\u00df den Anforderungen an der Rohrleitung installieren k\u00f6nnen, keine Richtungsanforderungen.<\/p>\n<p>&nbsp;<\/p>\n<p>&nbsp;<\/p>\n<p>&nbsp;<\/p>\n<h2>Material:<\/h2>\n<table>\n<tbody>\n<tr class=\"firstRow\">\n<td valign=\"center\">Nein<\/td>\n<td valign=\"center\">Teil<\/td>\n<td valign=\"center\">Material<\/td>\n<\/tr>\n<tr>\n<td valign=\"center\">1<\/td>\n<td valign=\"center\">K\u00f6rper<\/td>\n<td valign=\"center\">ASTM A216 WCB<\/td>\n<\/tr>\n<tr>\n<td valign=\"center\">2<\/td>\n<td valign=\"center\">Dichtungsring<\/td>\n<td valign=\"center\">Graphit + SS304<\/td>\n<\/tr>\n<tr>\n<td valign=\"center\">3<\/td>\n<td valign=\"center\">Halteflansch<\/td>\n<td valign=\"center\">ASTM A105<\/td>\n<\/tr>\n<tr>\n<td valign=\"center\">4<\/td>\n<td valign=\"center\">Stift<\/td>\n<td valign=\"center\">ASTM A276 420<\/td>\n<\/tr>\n<tr>\n<td valign=\"center\">5<\/td>\n<td valign=\"center\">Scheibe<\/td>\n<td valign=\"center\">ASTM A216 WCB<\/td>\n<\/tr>\n<tr>\n<td valign=\"center\">6<\/td>\n<td valign=\"center\">Vorbau<\/td>\n<td valign=\"center\">ASTM A276 410<\/td>\n<\/tr>\n<tr>\n<td valign=\"center\">7<\/td>\n<td valign=\"center\">Spindelpackung<\/td>\n<td valign=\"center\">Graphit<\/td>\n<\/tr>\n<tr>\n<td valign=\"center\">8<\/td>\n<td valign=\"center\">Vorbauklopfen<\/td>\n<td valign=\"center\">SS304 + PTFE<\/td>\n<\/tr>\n<tr>\n<td valign=\"center\">9<\/td>\n<td valign=\"center\">Schraube<\/td>\n<td valign=\"center\">ASTM A193 B7<\/td>\n<\/tr>\n<tr>\n<td valign=\"center\">10<\/td>\n<td valign=\"center\">Nuss<\/td>\n<td valign=\"center\">ASTM A194 2H<\/td>\n<\/tr>\n<tr>\n<td valign=\"center\">11<\/td>\n<td valign=\"center\">Joch<\/td>\n<td valign=\"center\">ASTM A216 WCB<\/td>\n<\/tr>\n<\/tbody>\n<\/table>\n<\/div>","protected":false},"excerpt":{"rendered":"<p>Absperrklappe mit \u00d6sen Ventilpreis anfordern Beschreibung: Die Absperrklappe mit \u00d6sen von ZECO ist eine der Wafer-Absperrklappen. Nach der Installation ist das Ventil \u2026 <a title=\"Lug Absperrklappe\" class=\"read-more\" href=\"https:\/\/zecovalve.com\/de\/produkt\/lug-butterfly-valve\" aria-label=\"Mehr zu Lug Butterfly Valve\">Weiterlesen ...<\/a><\/p>","protected":false},"featured_media":16664,"comment_status":"closed","ping_status":"closed","template":"","meta":{"_generate-full-width-content":"","kt_blocks_editor_width":""},"product_cat":[2044,2467,2604],"product_tag":[],"class_list":["post-16663","product","type-product","status-publish","has-post-thumbnail","hentry","product_cat-butterfly-valve","product_cat-butterfly-valve-by-form","product_cat-triple-offset-butterfly-valve","sales-flash-overlay","woocommerce-text-align-center","woocommerce-image-align-center","do-quantity-buttons"],"featured_image_src_large":["https:\/\/zecovalve.com\/wp-content\/uploads\/2022\/06\/lug-butterfly-valve.jpg",800,600,false],"author_info":[],"comment_info":0,"taxonomy_info":{"product_cat":[{"value":2044,"label":"Butterfly Valve"},{"value":2467,"label":"Butterfly Valve By Form"},{"value":2604,"label":"Triple Offset Butterfly Valve"}]},"yoast_head":"<!-- This site is optimized with the Yoast SEO Premium plugin v15.4 - https:\/\/yoast.com\/wordpress\/plugins\/seo\/ -->\n<title>Lug Butterfly Valve - ZECO Valve<\/title>\n<meta name=\"robots\" content=\"index, follow, max-snippet:-1, max-image-preview:large, max-video-preview:-1\" \/>\n<link rel=\"canonical\" href=\"https:\/\/zecovalve.com\/de\/produkt\/lug-butterfly-valve\" \/>\n<meta property=\"og:locale\" content=\"de_DE\" \/>\n<meta property=\"og:type\" content=\"article\" \/>\n<meta property=\"og:title\" content=\"Lug Butterfly Valve - ZECO Valve\" \/>\n<meta property=\"og:description\" content=\"Lug Butterfly Valve \u00a0GET VALVE PRICE Description: ZECO lug butterfly valve is one of the wafer butterfly valves. When installed, the valve ... Weiterlesen ...\" \/>\n<meta property=\"og:url\" content=\"https:\/\/zecovalve.com\/de\/produkt\/lug-butterfly-valve\" \/>\n<meta property=\"og:site_name\" content=\"ZECO Valve\" \/>\n<meta property=\"article:modified_time\" content=\"2022-06-28T03:25:21+00:00\" \/>\n<meta property=\"og:image\" content=\"https:\/\/zecovalve.com\/wp-content\/uploads\/2022\/06\/lug-butterfly-valve.jpg\" \/>\n\t<meta property=\"og:image:width\" content=\"800\" \/>\n\t<meta property=\"og:image:height\" content=\"600\" \/>\n<meta name=\"twitter:card\" content=\"summary_large_image\" \/>\n<meta name=\"twitter:label1\" content=\"Verfasst von\">\n\t<meta name=\"twitter:data1\" content=\"Jerry\">\n\t<meta name=\"twitter:label2\" content=\"Gesch\u00e4tzte Lesezeit\">\n\t<meta name=\"twitter:data2\" content=\"1\u00a0Minute\">\n<script type=\"application\/ld+json\" class=\"yoast-schema-graph\">{\"@context\":\"https:\/\/schema.org\",\"@graph\":[{\"@type\":\"WebSite\",\"@id\":\"https:\/\/zecovalve.com\/#website\",\"url\":\"https:\/\/zecovalve.com\/\",\"name\":\"ZECO Valve\",\"description\":\"Industrial Ball Valve, Gate Valve and Globe Valve Manufacturer\",\"potentialAction\":[{\"@type\":\"SearchAction\",\"target\":\"https:\/\/zecovalve.com\/?s={search_term_string}\",\"query-input\":\"required name=search_term_string\"}],\"inLanguage\":\"de\"},{\"@type\":\"ImageObject\",\"@id\":\"https:\/\/zecovalve.com\/product\/lug-butterfly-valve#primaryimage\",\"inLanguage\":\"de\",\"url\":\"https:\/\/zecovalve.com\/wp-content\/uploads\/2022\/06\/lug-butterfly-valve.jpg\",\"width\":800,\"height\":600,\"caption\":\"Lug Butterfly Valve\"},{\"@type\":\"WebPage\",\"@id\":\"https:\/\/zecovalve.com\/product\/lug-butterfly-valve#webpage\",\"url\":\"https:\/\/zecovalve.com\/product\/lug-butterfly-valve\",\"name\":\"Lug Butterfly Valve - ZECO Valve\",\"isPartOf\":{\"@id\":\"https:\/\/zecovalve.com\/#website\"},\"primaryImageOfPage\":{\"@id\":\"https:\/\/zecovalve.com\/product\/lug-butterfly-valve#primaryimage\"},\"datePublished\":\"2022-06-22T08:06:32+00:00\",\"dateModified\":\"2022-06-28T03:25:21+00:00\",\"breadcrumb\":{\"@id\":\"https:\/\/zecovalve.com\/product\/lug-butterfly-valve#breadcrumb\"},\"inLanguage\":\"de\",\"potentialAction\":[{\"@type\":\"ReadAction\",\"target\":[\"https:\/\/zecovalve.com\/product\/lug-butterfly-valve\"]}]},{\"@type\":\"BreadcrumbList\",\"@id\":\"https:\/\/zecovalve.com\/product\/lug-butterfly-valve#breadcrumb\",\"itemListElement\":[{\"@type\":\"ListItem\",\"position\":1,\"item\":{\"@type\":\"WebPage\",\"@id\":\"https:\/\/zecovalve.com\/\",\"url\":\"https:\/\/zecovalve.com\/\",\"name\":\"Home\"}},{\"@type\":\"ListItem\",\"position\":2,\"item\":{\"@type\":\"WebPage\",\"@id\":\"https:\/\/zecovalve.com\/product-category\",\"url\":\"https:\/\/zecovalve.com\/product-category\",\"name\":\"Industrial Valve Manufacturer | Water Valve Manufacturer\"}},{\"@type\":\"ListItem\",\"position\":3,\"item\":{\"@type\":\"WebPage\",\"@id\":\"https:\/\/zecovalve.com\/product\/lug-butterfly-valve\",\"url\":\"https:\/\/zecovalve.com\/product\/lug-butterfly-valve\",\"name\":\"Lug Butterfly Valve\"}}]}]}<\/script>\n<!-- \/ Yoast SEO Premium plugin. -->","_links":{"self":[{"href":"https:\/\/zecovalve.com\/de\/wp-json\/wp\/v2\/product\/16663","targetHints":{"allow":["GET"]}}],"collection":[{"href":"https:\/\/zecovalve.com\/de\/wp-json\/wp\/v2\/product"}],"about":[{"href":"https:\/\/zecovalve.com\/de\/wp-json\/wp\/v2\/types\/product"}],"replies":[{"embeddable":true,"href":"https:\/\/zecovalve.com\/de\/wp-json\/wp\/v2\/comments?post=16663"}],"wp:featuredmedia":[{"embeddable":true,"href":"https:\/\/zecovalve.com\/de\/wp-json\/wp\/v2\/media\/16664"}],"wp:attachment":[{"href":"https:\/\/zecovalve.com\/de\/wp-json\/wp\/v2\/media?parent=16663"}],"wp:term":[{"taxonomy":"product_cat","embeddable":true,"href":"https:\/\/zecovalve.com\/de\/wp-json\/wp\/v2\/product_cat?post=16663"},{"taxonomy":"product_tag","embeddable":true,"href":"https:\/\/zecovalve.com\/de\/wp-json\/wp\/v2\/product_tag?post=16663"}],"curies":[{"name":"wp","href":"https:\/\/api.w.org\/{rel}","templated":true}]}}