{"id":16934,"date":"2022-06-25T10:33:12","date_gmt":"2022-06-25T10:33:12","guid":{"rendered":"https:\/\/zecovalve.com\/?post_type=product&#038;p=16934"},"modified":"2023-06-26T05:59:00","modified_gmt":"2023-06-26T05:59:00","slug":"differential-pressure-control-valve","status":"publish","type":"product","link":"https:\/\/zecovalve.com\/de\/produkt\/differential-pressure-control-valve","title":{"rendered":"Differenzdruck-Regelventil"},"content":{"rendered":"<div class=\"sep-pages-boxs bgs clearfix\">\n<div class=\"sep-container clearfix\">\n<h1 class=\"titles sizes1 cens gtj-ff-bold\">Differenzdruck-Regelventil<\/h1>\n<div class=\"bq-sep-pro-detail-thumbs ons clearfix\">\n<div class=\"thumbs\">\n<div class=\"imgs ons\">\n<div class=\"swiper-container swiper-container-initialized swiper-container-horizontal\">\n<div class=\"swiper-wrapper\">\n<div class=\"swiper-slide swiper-slide-active\">\n<figure id=\"attachment_16935\" aria-describedby=\"caption-attachment-16935\" style=\"width: 254px\" class=\"wp-caption alignnone\"><img loading=\"lazy\" decoding=\"async\" class=\"size-medium wp-image-16935\" src=\"https:\/\/zecovalve.com\/wp-content\/uploads\/2022\/06\/differential-pressure-control-valve-264x300.png\" alt=\"Differenzdruck-Regelventil\" width=\"264\" height=\"300\" srcset=\"https:\/\/zecovalve.com\/wp-content\/uploads\/2022\/06\/differential-pressure-control-valve-264x300.png 264w, https:\/\/zecovalve.com\/wp-content\/uploads\/2022\/06\/differential-pressure-control-valve.png 400w\" sizes=\"auto, (max-width: 264px) 100vw, 264px\" \/><figcaption id=\"caption-attachment-16935\" class=\"wp-caption-text\">Differenzdruck-Regelventil<\/figcaption><\/figure>\n<\/div>\n<\/div>\n<\/div>\n<div class=\"lr-lists-boxs\"><\/div>\n<\/div>\n<\/div>\n<\/div>\n<\/div>\n<\/div>\n<div class=\"sep-pages-boxs clearfix\">\n<div class=\"sep-container clearfix\">\n<div id=\"zf-nexts\" class=\"flex clearfix\">\n<div class=\"bq-zf-lefts\">\n<div class=\"richtext\">\n<h2>Merkmale des Differenzdruckregelventils<\/h2>\n<div class=\"text-center\"><img loading=\"lazy\" decoding=\"async\" class=\"alignnone size-medium wp-image-16936\" src=\"https:\/\/zecovalve.com\/wp-content\/uploads\/2022\/06\/differential-pressure-control-valve-3-300x225.png\" alt=\"\" width=\"300\" height=\"225\" srcset=\"https:\/\/zecovalve.com\/wp-content\/uploads\/2022\/06\/differential-pressure-control-valve-3-300x225.png 300w, https:\/\/zecovalve.com\/wp-content\/uploads\/2022\/06\/differential-pressure-control-valve-3.png 600w\" sizes=\"auto, (max-width: 300px) 100vw, 300px\" \/><\/div>\n<ul class=\"list-paddingleft-2\">\n<li>Genaue und stabile Druckdifferenzregelung;<\/li>\n<li>20\u2013250\u00a0Kpa Druckdifferenz-Regelbereich;<\/li>\n<li>Einfache Fehlersuche, ohne aufw\u00e4ndige Elektroinstallation;<\/li>\n<li>Lange Lebensdauer und Haltbarkeit.<\/li>\n<\/ul>\n<\/div>\n<div class=\"richtext\">\n<h2>Funktionsprinzip eines Differenzdruckregelventils<\/h2>\n<div class=\"text-center\"><img loading=\"lazy\" decoding=\"async\" class=\"alignnone size-medium wp-image-16937\" src=\"https:\/\/zecovalve.com\/wp-content\/uploads\/2022\/06\/differential-pressure-control-valve-4-300x225.png\" alt=\"\" width=\"300\" height=\"225\" srcset=\"https:\/\/zecovalve.com\/wp-content\/uploads\/2022\/06\/differential-pressure-control-valve-4-300x225.png 300w, https:\/\/zecovalve.com\/wp-content\/uploads\/2022\/06\/differential-pressure-control-valve-4.png 600w\" sizes=\"auto, (max-width: 300px) 100vw, 300px\" \/><\/div>\n<p>P1 ist der Druck der Wasserversorgung, P2 ist der Druck des R\u00fcckstaus im Ventil und P3 ist der Druck des R\u00fcckstaus au\u00dferhalb des Ventils. Wenn P1-P3 ansteigt, bewegt die Induktionsmembran die Scheibe nach oben, wodurch der Durchflussbereich verkleinert und P2-P3 erh\u00f6ht wird, wodurch P1-P2 konstant gehalten wird, d. h. die Druckdifferenz im Steuersystem bleibt unver\u00e4ndert. Umgekehrt, wenn P1-P3 abnimmt, bewegt sich die Scheibe nach unten, P2-P3 nimmt ab und P1-P2 bleibt unver\u00e4ndert. Wenn P1-P3 unver\u00e4ndert bleibt und sich der Widerstand innerhalb des gesteuerten Systems \u00e4ndert, z. B. wenn P1-P2 ansteigt, \u00f6ffnet sich die Scheibe leicht, sodass P2 zu seinem urspr\u00fcnglichen Wert zur\u00fcckkehrt, d. h. P1-P2 bleibt unver\u00e4ndert. Daher kann dieses Ventil die Druck\u00e4nderungen im System au\u00dferhalb des gesteuerten Systems anpassen.<\/p>\n<\/div>\n<div class=\"richtext\">\n<h2>Installation und Inbetriebnahme des Differenzdruckregelventils<\/h2>\n<div class=\"text-center\"><img loading=\"lazy\" decoding=\"async\" class=\"alignnone size-medium wp-image-16938\" src=\"https:\/\/zecovalve.com\/wp-content\/uploads\/2022\/06\/differential-pressure-control-valve-2-300x225.png\" alt=\"\" width=\"300\" height=\"225\" srcset=\"https:\/\/zecovalve.com\/wp-content\/uploads\/2022\/06\/differential-pressure-control-valve-2-300x225.png 300w, https:\/\/zecovalve.com\/wp-content\/uploads\/2022\/06\/differential-pressure-control-valve-2.png 600w\" sizes=\"auto, (max-width: 300px) 100vw, 300px\" \/><\/div>\n<p>Dieses Ventil ist die R\u00fcckstau-Installationsmethode. Das Steuerrohr ist mit dem Anschluss des Wasserversorgungsrohrs verbunden. Externer Typ: mit dem Versorgungsrohr am vorderen Ende des gesteuerten Systems verbunden und mit der voreingestellten Steuerschnittstelle des Kupferf\u00fchrungsventils am Ende verbunden; Das Druckdifferenzsteuerventil und das Ausgleichsventil werden zusammen verwendet. Das Ausgleichsventil ist f\u00fcr die Durchflussmessung, Absperrung und Verbindung des Druckrohrs verantwortlich. F\u00fcr spezifische Verwendungszwecke wenden Sie sich bitte an die ZECO Valve Group.<\/p>\n<\/div>\n<div class=\"richtext\">\n<h2>Differenzdruck-Regelventil \u2013 Material und Standard<\/h2>\n<p>Gr\u00f6\u00dfenbereich: 2\u2033~12\u2033<\/p>\n<p>Druckstufe: 10bar ~ 25bar<\/p>\n<p>Abmessungen von Angesicht zu Angesicht: AMSE B16.10, EN558-1<\/p>\n<p>Flanschende Abmessung: AMSE B16.1\/16.42, AS4087, EN1092-2<\/p>\n<p>Beschichtung: Schmelzgebundene Epoxid-Beschichtung<\/p>\n<p>Inspektion und Pr\u00fcfung: ISO 5208 \/ EN 12226-2<\/p>\n<p>&nbsp;<\/p>\n<div class=\"over-tabs\">\n<table width=\"1389\">\n<tbody>\n<tr class=\"firstRow\">\n<td>Teil<\/td>\n<td>Material<\/td>\n<td>Standard<\/td>\n<\/tr>\n<tr>\n<td>K\u00f6rper<\/td>\n<td>Sph\u00e4roguss<\/td>\n<td>EN 1563\/DIN 1693<\/td>\n<\/tr>\n<tr>\n<td>Motorhaube<\/td>\n<td>Sph\u00e4roguss + C37000<\/td>\n<td>EN 1563\/EN12167<\/td>\n<\/tr>\n<tr>\n<td>Trimmen<\/td>\n<td>Rostfreier Stahl 431<\/td>\n<td>EN10088-1\/ASTM A959<\/td>\n<\/tr>\n<tr>\n<td>Sitz<\/td>\n<td>Rostfreier Stahl 431<\/td>\n<td>EN10088-1\/ASTM A959<\/td>\n<\/tr>\n<tr>\n<td>Membran<\/td>\n<td>EPDM \/ NBR<\/td>\n<td>ISO 4633<\/td>\n<\/tr>\n<tr>\n<td>Fr\u00fchling<\/td>\n<td>Rostfreier Stahl 431<\/td>\n<td>EN10088-1\/ASTM A959<\/td>\n<\/tr>\n<tr>\n<td colspan=\"3\">F\u00fcr nicht aufgef\u00fchrte Materialoptionen wenden Sie sich bitte an das Werk.<\/p>\n<p>ZECO stellt Ventile in mehr als 50 verschiedenen Legierungen her.<\/td>\n<\/tr>\n<\/tbody>\n<\/table>\n<\/div>\n<\/div>\n<\/div>\n<\/div>\n<\/div>\n<\/div>","protected":false},"excerpt":{"rendered":"<p>Differenzdruckregelventil. Merkmale des Differenzdruckregelventils: Genaue und stabile Druckdifferenzregelung; 20\u2013250\u00a0Kpa Druckdifferenz-Regelbereich; Einfach \u2026 <a title=\"Differenzdruck-Regelventil\" class=\"read-more\" href=\"https:\/\/zecovalve.com\/de\/produkt\/differential-pressure-control-valve\" aria-label=\"Mehr zu Differenzdruckregelventil\">Weiterlesen ...<\/a><\/p>","protected":false},"featured_media":27953,"comment_status":"closed","ping_status":"closed","template":"","meta":{"_generate-full-width-content":"","kt_blocks_editor_width":""},"product_cat":[2512],"product_tag":[2724,2654],"class_list":["post-16934","product","type-product","status-publish","has-post-thumbnail","hentry","product_cat-balancing-valve","product_tag-balancing-valve","product_tag-hvac-valve","sales-flash-overlay","woocommerce-text-align-center","woocommerce-image-align-center","do-quantity-buttons"],"featured_image_src_large":["https:\/\/zecovalve.com\/wp-content\/uploads\/2022\/06\/Differential-Pressure-Control-Valve-1.jpg",800,600,false],"author_info":[],"comment_info":0,"taxonomy_info":{"product_cat":[{"value":2512,"label":"Balancing Valve"}],"product_tag":[{"value":2724,"label":"Balancing Valve"},{"value":2654,"label":"HVAC Valve"}]},"yoast_head":"<!-- This site is optimized with the Yoast SEO Premium plugin v15.4 - https:\/\/yoast.com\/wordpress\/plugins\/seo\/ -->\n<title>Differential Pressure Control Valve - ZECO Valve<\/title>\n<meta name=\"robots\" content=\"index, follow, max-snippet:-1, max-image-preview:large, max-video-preview:-1\" \/>\n<link rel=\"canonical\" href=\"https:\/\/zecovalve.com\/de\/produkt\/differential-pressure-control-valve\" \/>\n<meta property=\"og:locale\" content=\"de_DE\" \/>\n<meta property=\"og:type\" content=\"article\" \/>\n<meta property=\"og:title\" content=\"Differential Pressure Control Valve - ZECO Valve\" \/>\n<meta property=\"og:description\" content=\"Differential Pressure Control Valve Festures of Differential Pressure Control Valve Accurate and stable pressure difference control\uff1b 20-250Kpa Pressure difference control range; Simple ... Weiterlesen ...\" \/>\n<meta property=\"og:url\" content=\"https:\/\/zecovalve.com\/de\/produkt\/differential-pressure-control-valve\" \/>\n<meta property=\"og:site_name\" content=\"ZECO Valve\" \/>\n<meta property=\"article:modified_time\" content=\"2023-06-26T05:59:00+00:00\" \/>\n<meta property=\"og:image\" content=\"https:\/\/zecovalve.com\/wp-content\/uploads\/2022\/06\/Differential-Pressure-Control-Valve-1.jpg\" \/>\n\t<meta property=\"og:image:width\" content=\"800\" \/>\n\t<meta property=\"og:image:height\" content=\"600\" \/>\n<meta name=\"twitter:card\" content=\"summary_large_image\" \/>\n<meta name=\"twitter:label1\" content=\"Verfasst von\">\n\t<meta name=\"twitter:data1\" content=\"Jerry\">\n\t<meta name=\"twitter:label2\" content=\"Gesch\u00e4tzte Lesezeit\">\n\t<meta name=\"twitter:data2\" content=\"1\u00a0Minute\">\n<script type=\"application\/ld+json\" class=\"yoast-schema-graph\">{\"@context\":\"https:\/\/schema.org\",\"@graph\":[{\"@type\":\"WebSite\",\"@id\":\"https:\/\/zecovalve.com\/#website\",\"url\":\"https:\/\/zecovalve.com\/\",\"name\":\"ZECO Valve\",\"description\":\"Industrial Ball Valve, Gate Valve and Globe Valve Manufacturer\",\"potentialAction\":[{\"@type\":\"SearchAction\",\"target\":\"https:\/\/zecovalve.com\/?s={search_term_string}\",\"query-input\":\"required name=search_term_string\"}],\"inLanguage\":\"de\"},{\"@type\":\"ImageObject\",\"@id\":\"https:\/\/zecovalve.com\/product\/differential-pressure-control-valve#primaryimage\",\"inLanguage\":\"de\",\"url\":\"https:\/\/zecovalve.com\/wp-content\/uploads\/2022\/06\/Differential-Pressure-Control-Valve-1.jpg\",\"width\":800,\"height\":600,\"caption\":\"Differential Pressure Control Valve\"},{\"@type\":\"WebPage\",\"@id\":\"https:\/\/zecovalve.com\/product\/differential-pressure-control-valve#webpage\",\"url\":\"https:\/\/zecovalve.com\/product\/differential-pressure-control-valve\",\"name\":\"Differential Pressure Control Valve - ZECO Valve\",\"isPartOf\":{\"@id\":\"https:\/\/zecovalve.com\/#website\"},\"primaryImageOfPage\":{\"@id\":\"https:\/\/zecovalve.com\/product\/differential-pressure-control-valve#primaryimage\"},\"datePublished\":\"2022-06-25T10:33:12+00:00\",\"dateModified\":\"2023-06-26T05:59:00+00:00\",\"breadcrumb\":{\"@id\":\"https:\/\/zecovalve.com\/product\/differential-pressure-control-valve#breadcrumb\"},\"inLanguage\":\"de\",\"potentialAction\":[{\"@type\":\"ReadAction\",\"target\":[\"https:\/\/zecovalve.com\/product\/differential-pressure-control-valve\"]}]},{\"@type\":\"BreadcrumbList\",\"@id\":\"https:\/\/zecovalve.com\/product\/differential-pressure-control-valve#breadcrumb\",\"itemListElement\":[{\"@type\":\"ListItem\",\"position\":1,\"item\":{\"@type\":\"WebPage\",\"@id\":\"https:\/\/zecovalve.com\/\",\"url\":\"https:\/\/zecovalve.com\/\",\"name\":\"Home\"}},{\"@type\":\"ListItem\",\"position\":2,\"item\":{\"@type\":\"WebPage\",\"@id\":\"https:\/\/zecovalve.com\/product-category\",\"url\":\"https:\/\/zecovalve.com\/product-category\",\"name\":\"Industrial Valve Manufacturer | Water Valve Manufacturer\"}},{\"@type\":\"ListItem\",\"position\":3,\"item\":{\"@type\":\"WebPage\",\"@id\":\"https:\/\/zecovalve.com\/product\/differential-pressure-control-valve\",\"url\":\"https:\/\/zecovalve.com\/product\/differential-pressure-control-valve\",\"name\":\"Differential Pressure Control Valve\"}}]}]}<\/script>\n<!-- \/ Yoast SEO Premium plugin. -->","_links":{"self":[{"href":"https:\/\/zecovalve.com\/de\/wp-json\/wp\/v2\/product\/16934","targetHints":{"allow":["GET"]}}],"collection":[{"href":"https:\/\/zecovalve.com\/de\/wp-json\/wp\/v2\/product"}],"about":[{"href":"https:\/\/zecovalve.com\/de\/wp-json\/wp\/v2\/types\/product"}],"replies":[{"embeddable":true,"href":"https:\/\/zecovalve.com\/de\/wp-json\/wp\/v2\/comments?post=16934"}],"wp:featuredmedia":[{"embeddable":true,"href":"https:\/\/zecovalve.com\/de\/wp-json\/wp\/v2\/media\/27953"}],"wp:attachment":[{"href":"https:\/\/zecovalve.com\/de\/wp-json\/wp\/v2\/media?parent=16934"}],"wp:term":[{"taxonomy":"product_cat","embeddable":true,"href":"https:\/\/zecovalve.com\/de\/wp-json\/wp\/v2\/product_cat?post=16934"},{"taxonomy":"product_tag","embeddable":true,"href":"https:\/\/zecovalve.com\/de\/wp-json\/wp\/v2\/product_tag?post=16934"}],"curies":[{"name":"wp","href":"https:\/\/api.w.org\/{rel}","templated":true}]}}