{"id":16976,"date":"2022-06-25T11:44:15","date_gmt":"2022-06-25T11:44:15","guid":{"rendered":"https:\/\/zecovalve.com\/?post_type=product&#038;p=16976"},"modified":"2023-06-26T06:02:17","modified_gmt":"2023-06-26T06:02:17","slug":"pressure-independent-control-valve","status":"publish","type":"product","link":"https:\/\/zecovalve.com\/de\/produkt\/pressure-independent-control-valve","title":{"rendered":"Druckunabh\u00e4ngiges Regelventil"},"content":{"rendered":"<div class=\"sep-pages-boxs bgs clearfix\">\n<div class=\"sep-container clearfix\">\n<h1 class=\"titles sizes1 cens gtj-ff-bold\">Druckunabh\u00e4ngiges Regelventil<\/h1>\n<div class=\"bq-sep-pro-detail-thumbs ons clearfix\">\n<div class=\"thumbs\">\n<div class=\"imgs ons\">\n<div class=\"swiper-container swiper-container-initialized swiper-container-horizontal\">\n<div class=\"swiper-wrapper\">\n<div class=\"swiper-slide swiper-slide-active\">\n<figure id=\"attachment_16977\" aria-describedby=\"caption-attachment-16977\" style=\"width: 254px\" class=\"wp-caption alignnone\"><img loading=\"lazy\" decoding=\"async\" class=\"size-medium wp-image-16977\" src=\"https:\/\/zecovalve.com\/wp-content\/uploads\/2022\/06\/pressure-independent-control-valve_1626230630-264x300.jpg\" alt=\"Druckunabh\u00e4ngiges Regelventil\" width=\"264\" height=\"300\" srcset=\"https:\/\/zecovalve.com\/wp-content\/uploads\/2022\/06\/pressure-independent-control-valve_1626230630-264x300.jpg 264w, https:\/\/zecovalve.com\/wp-content\/uploads\/2022\/06\/pressure-independent-control-valve_1626230630.jpg 400w\" sizes=\"auto, (max-width: 264px) 100vw, 264px\" \/><figcaption id=\"caption-attachment-16977\" class=\"wp-caption-text\">Druckunabh\u00e4ngiges Regelventil<\/figcaption><\/figure>\n<\/div>\n<\/div>\n<\/div>\n<div class=\"lr-lists-boxs\"><\/div>\n<\/div>\n<\/div>\n<\/div>\n<\/div>\n<\/div>\n<div class=\"sep-pages-boxs clearfix\">\n<div class=\"sep-container clearfix\">\n<div id=\"zf-nexts\" class=\"flex clearfix\">\n<div class=\"bq-zf-lefts\">\n<div class=\"richtext\">\n<h2>Merkmale des druckunabh\u00e4ngigen Regelventils<\/h2>\n<div class=\"text-center\"><img loading=\"lazy\" decoding=\"async\" class=\"alignnone size-medium wp-image-16978\" src=\"https:\/\/zecovalve.com\/wp-content\/uploads\/2022\/06\/pressure-independent-control-valve-features-300x225.jpg\" alt=\"\" width=\"300\" height=\"225\" srcset=\"https:\/\/zecovalve.com\/wp-content\/uploads\/2022\/06\/pressure-independent-control-valve-features-300x225.jpg 300w, https:\/\/zecovalve.com\/wp-content\/uploads\/2022\/06\/pressure-independent-control-valve-features.jpg 600w\" sizes=\"auto, (max-width: 300px) 100vw, 300px\" \/><\/div>\n<ul class=\"list-paddingleft-2\">\n<li>Durchflussregelung und hydraulischer Abgleich sind integriert;<\/li>\n<li>Der selbstt\u00e4tige Membran-Differenzdruckregler reagiert schnell auf \u00c4nderungen der Durchflussmenge;<\/li>\n<li>Reduzieren Sie die Nutzung der Ventile der Klimaanlage;<\/li>\n<li>Verbessern Sie die Effizienz des Wasserpumpenbetriebs und sparen Sie Energie.<\/li>\n<\/ul>\n<\/div>\n<div class=\"richtext\">\n<h2>Funktionsprinzip eines druckunabh\u00e4ngigen Regelventils<\/h2>\n<div class=\"text-center\"><img loading=\"lazy\" decoding=\"async\" class=\"alignnone size-medium wp-image-16979\" src=\"https:\/\/zecovalve.com\/wp-content\/uploads\/2022\/06\/pressure-independent-control-valve-principle-300x225.jpg\" alt=\"\" width=\"300\" height=\"225\" srcset=\"https:\/\/zecovalve.com\/wp-content\/uploads\/2022\/06\/pressure-independent-control-valve-principle-300x225.jpg 300w, https:\/\/zecovalve.com\/wp-content\/uploads\/2022\/06\/pressure-independent-control-valve-principle.jpg 600w\" sizes=\"auto, (max-width: 300px) 100vw, 300px\" \/><\/div>\n<p>Das PICV-Ventil h\u00e4lt \u2206P durch die Federkraft konstant. Der Druckkanal im Ventilk\u00f6rper passt den Druck P1 und P2 an beiden Enden der Struktur an, wodurch die oberen und unteren Enden der Membran entsprechend beeinflusst werden. Der Gleichgewichtszustand P1 = P2 + P Feder wird durch die Wirkung der Federkraft aufrechterhalten. Wenn P1 zunimmt, nimmt die auf den unteren Teil der Membran wirkende Kraft entsprechend zu, und die Membran bewegt sich nach oben, wodurch der Raum der Druckdifferenzkontrollstruktur verringert wird, und P2 nimmt entsprechend zu, um ein neues Gleichgewicht zu erreichen. Und umgekehrt; Und das PICV-Ventil passt die Durchflussrate an, indem es die Scheibe anpasst, um den Kv-Wert zu \u00e4ndern.<\/p>\n<\/div>\n<div class=\"richtext\">\n<h2>Installation und Inbetriebnahme eines druckunabh\u00e4ngigen Regelventils<\/h2>\n<div class=\"text-center\"><img loading=\"lazy\" decoding=\"async\" class=\"alignnone size-medium wp-image-16980\" src=\"https:\/\/zecovalve.com\/wp-content\/uploads\/2022\/06\/pressure-independent-control-valve-installation-and-commissioning-300x225.jpg\" alt=\"\" width=\"300\" height=\"225\" srcset=\"https:\/\/zecovalve.com\/wp-content\/uploads\/2022\/06\/pressure-independent-control-valve-installation-and-commissioning-300x225.jpg 300w, https:\/\/zecovalve.com\/wp-content\/uploads\/2022\/06\/pressure-independent-control-valve-installation-and-commissioning.jpg 600w\" sizes=\"auto, (max-width: 300px) 100vw, 300px\" \/><\/div>\n<p>Die Spezifikationen richten sich nach der Auslegungsdurchflussrate des Klimakastens und dem zul\u00e4ssigen Druckbereich des druckunabh\u00e4ngigen Ausgleichsventils, und die technischen Parameter richten sich nach den Anforderungen. F\u00fcr spezielle Verwendungszwecke wenden Sie sich bitte an die Zeco Valve Group.<\/p>\n<\/div>\n<div class=\"richtext\">\n<h2>Druckunabh\u00e4ngiges Regelventil \u2013 Material und Standard<\/h2>\n<p>Gr\u00f6\u00dfenbereich: 2\u2033~12\u2033<br \/>\nDruckstufe: 10bar ~ 25bar<\/p>\n<p>Abmessungen von Angesicht zu Angesicht: AMSE B16.10, EN558-1<\/p>\n<p>Flanschende Abmessung: AMSE B16.1\/16.42, AS4087, EN1092-2<\/p>\n<p>Beschichtung: Schmelzgebundene Epoxid-Beschichtung<\/p>\n<p>Inspektion und Pr\u00fcfung: ISO 5208 \/ EN 12226-2<\/p>\n<div class=\"over-tabs\">\n<table cellspacing=\"0\">\n<tbody>\n<tr class=\"firstRow\">\n<td valign=\"center\">Teil<\/td>\n<td valign=\"center\">Material<\/td>\n<td valign=\"center\">Standard<\/td>\n<\/tr>\n<tr>\n<td valign=\"center\">K\u00f6rper<\/td>\n<td valign=\"center\">Sph\u00e4roguss<\/td>\n<td valign=\"center\">EN 1563\/DIN 1693<\/td>\n<\/tr>\n<tr>\n<td valign=\"center\">Motorhaube<\/td>\n<td valign=\"center\">Sph\u00e4roguss<\/td>\n<td valign=\"center\">EN 1563\/DIN 1693<\/td>\n<\/tr>\n<tr>\n<td valign=\"center\">Trimmen<\/td>\n<td valign=\"center\">Edelstahl 304<\/td>\n<td valign=\"center\">EN10088-1\/ASTM A959<\/td>\n<\/tr>\n<tr>\n<td valign=\"center\">Sitz<\/td>\n<td valign=\"center\">Edelstahl 304<\/td>\n<td valign=\"center\">EN10088-1\/ASTM A959<\/td>\n<\/tr>\n<tr>\n<td valign=\"center\">Membran<\/td>\n<td valign=\"center\">EPDM \/ NBR<\/td>\n<td valign=\"center\">ISO 4633<\/td>\n<\/tr>\n<tr>\n<td valign=\"center\">Elektrischer Aktuator<\/td>\n<td valign=\"center\">Honeywell<\/td>\n<td valign=\"center\">ML7421A-A\/B<\/td>\n<\/tr>\n<tr>\n<td colspan=\"3\" valign=\"center\">Informationen zu nicht aufgef\u00fchrten Materialoptionen erhalten Sie im Werk.<\/p>\n<p>Zeco fertigt Ventile aus \u00fcber 50 verschiedenen Legierungen.<\/td>\n<\/tr>\n<\/tbody>\n<\/table>\n<p>&nbsp;<\/p>\n<table border=\"1\">\n<tbody>\n<tr>\n<td>NPS<\/td>\n<td>In<\/td>\n<td>1<\/td>\n<td>1 1\/4<\/td>\n<td>1 1\/2<\/td>\n<td>2<\/td>\n<td>2 1\/2<\/td>\n<td>3<\/td>\n<td>4<\/td>\n<td>5<\/td>\n<td>6<\/td>\n<\/tr>\n<tr>\n<td>Druckbereich<\/td>\n<td>Kpa<\/td>\n<td>30-300<\/td>\n<td>30-300<\/td>\n<td>30-300<\/td>\n<td>30-300<\/td>\n<td>30-300<\/td>\n<td>30-300<\/td>\n<td>30-300<\/td>\n<td>30-300<\/td>\n<td>30-300<\/td>\n<\/tr>\n<tr>\n<td>Max. Durchfluss<\/td>\n<td>m3\/h<\/td>\n<td>2.9<\/td>\n<td>4.7<\/td>\n<td>7.7<\/td>\n<td>12.1<\/td>\n<td>20.4<\/td>\n<td>30.8<\/td>\n<td>45.3<\/td>\n<td>70.7<\/td>\n<td>101.8<\/td>\n<\/tr>\n<tr>\n<td>M<\/td>\n<td>mm<\/td>\n<td>150<\/td>\n<td>150<\/td>\n<td>200<\/td>\n<td>230<\/td>\n<td>290<\/td>\n<td>310<\/td>\n<td>350<\/td>\n<td>390<\/td>\n<td>480<\/td>\n<\/tr>\n<tr>\n<td>H<\/td>\n<td>mm<\/td>\n<td>185<\/td>\n<td>185<\/td>\n<td>205<\/td>\n<td>235<\/td>\n<td>275<\/td>\n<td>315<\/td>\n<td>335<\/td>\n<td>360<\/td>\n<td>400<\/td>\n<\/tr>\n<\/tbody>\n<\/table>\n<\/div>\n<\/div>\n<\/div>\n<\/div>\n<\/div>\n<\/div>","protected":false},"excerpt":{"rendered":"<p>Druckunabh\u00e4ngiges Regelventil. Merkmale des druckunabh\u00e4ngigen Regelventils. Durchflussregelung und hydraulischer Ausgleich sind integriert; der selbstwirkende Membran-Differenzdruck \u2026 <a title=\"Druckunabh\u00e4ngiges Regelventil\" class=\"read-more\" href=\"https:\/\/zecovalve.com\/de\/produkt\/pressure-independent-control-valve\" aria-label=\"Mehr zu Druckunabh\u00e4ngiges Regelventil\">Weiterlesen ...<\/a><\/p>","protected":false},"featured_media":27956,"comment_status":"closed","ping_status":"closed","template":"","meta":{"_generate-full-width-content":"","kt_blocks_editor_width":""},"product_cat":[2512],"product_tag":[2724,2654,2766,2727,2723],"class_list":["post-16976","product","type-product","status-publish","has-post-thumbnail","hentry","product_cat-balancing-valve","product_tag-balancing-valve","product_tag-hvac-valve","product_tag-motorised-valve","product_tag-motorized-valve","product_tag-what-is-a-valve","sales-flash-overlay","woocommerce-text-align-center","woocommerce-image-align-center","do-quantity-buttons"],"featured_image_src_large":["https:\/\/zecovalve.com\/wp-content\/uploads\/2022\/06\/Pressure-Independent-Control-Valve-2.jpg",800,600,false],"author_info":[],"comment_info":0,"taxonomy_info":{"product_cat":[{"value":2512,"label":"Balancing Valve"}],"product_tag":[{"value":2724,"label":"Balancing Valve"},{"value":2654,"label":"HVAC Valve"},{"value":2766,"label":"Motorised Valve"},{"value":2727,"label":"Motorized Valve"},{"value":2723,"label":"What is a Valve"}]},"yoast_head":"<!-- This site is optimized with the Yoast SEO Premium plugin v15.4 - https:\/\/yoast.com\/wordpress\/plugins\/seo\/ -->\n<title>Pressure Independent Control Valve - ZECO Valve<\/title>\n<meta name=\"robots\" content=\"index, follow, max-snippet:-1, max-image-preview:large, max-video-preview:-1\" \/>\n<link rel=\"canonical\" href=\"https:\/\/zecovalve.com\/de\/produkt\/pressure-independent-control-valve\" \/>\n<meta property=\"og:locale\" content=\"de_DE\" \/>\n<meta property=\"og:type\" content=\"article\" \/>\n<meta property=\"og:title\" content=\"Pressure Independent Control Valve - ZECO Valve\" \/>\n<meta property=\"og:description\" content=\"Pressure Independent Control Valve Features of Pressure Independent Control Valve Flow regulation and hydraulic balance are integrated; The self-acting diaphragm differential pressure ... Weiterlesen ...\" \/>\n<meta property=\"og:url\" content=\"https:\/\/zecovalve.com\/de\/produkt\/pressure-independent-control-valve\" \/>\n<meta property=\"og:site_name\" content=\"ZECO Valve\" \/>\n<meta property=\"article:modified_time\" content=\"2023-06-26T06:02:17+00:00\" \/>\n<meta property=\"og:image\" content=\"https:\/\/zecovalve.com\/wp-content\/uploads\/2022\/06\/Pressure-Independent-Control-Valve-2.jpg\" \/>\n\t<meta property=\"og:image:width\" content=\"800\" \/>\n\t<meta property=\"og:image:height\" content=\"600\" \/>\n<meta name=\"twitter:card\" content=\"summary_large_image\" \/>\n<meta name=\"twitter:label1\" content=\"Verfasst von\">\n\t<meta name=\"twitter:data1\" content=\"Jerry\">\n\t<meta name=\"twitter:label2\" content=\"Gesch\u00e4tzte Lesezeit\">\n\t<meta name=\"twitter:data2\" content=\"1\u00a0Minute\">\n<script type=\"application\/ld+json\" class=\"yoast-schema-graph\">{\"@context\":\"https:\/\/schema.org\",\"@graph\":[{\"@type\":\"WebSite\",\"@id\":\"https:\/\/zecovalve.com\/#website\",\"url\":\"https:\/\/zecovalve.com\/\",\"name\":\"ZECO Valve\",\"description\":\"Industrial Ball Valve, Gate Valve and Globe Valve Manufacturer\",\"potentialAction\":[{\"@type\":\"SearchAction\",\"target\":\"https:\/\/zecovalve.com\/?s={search_term_string}\",\"query-input\":\"required name=search_term_string\"}],\"inLanguage\":\"de\"},{\"@type\":\"ImageObject\",\"@id\":\"https:\/\/zecovalve.com\/product\/pressure-independent-control-valve#primaryimage\",\"inLanguage\":\"de\",\"url\":\"https:\/\/zecovalve.com\/wp-content\/uploads\/2022\/06\/Pressure-Independent-Control-Valve-2.jpg\",\"width\":800,\"height\":600,\"caption\":\"Pressure Independent Control Valve\"},{\"@type\":\"WebPage\",\"@id\":\"https:\/\/zecovalve.com\/product\/pressure-independent-control-valve#webpage\",\"url\":\"https:\/\/zecovalve.com\/product\/pressure-independent-control-valve\",\"name\":\"Pressure Independent Control Valve - ZECO Valve\",\"isPartOf\":{\"@id\":\"https:\/\/zecovalve.com\/#website\"},\"primaryImageOfPage\":{\"@id\":\"https:\/\/zecovalve.com\/product\/pressure-independent-control-valve#primaryimage\"},\"datePublished\":\"2022-06-25T11:44:15+00:00\",\"dateModified\":\"2023-06-26T06:02:17+00:00\",\"breadcrumb\":{\"@id\":\"https:\/\/zecovalve.com\/product\/pressure-independent-control-valve#breadcrumb\"},\"inLanguage\":\"de\",\"potentialAction\":[{\"@type\":\"ReadAction\",\"target\":[\"https:\/\/zecovalve.com\/product\/pressure-independent-control-valve\"]}]},{\"@type\":\"BreadcrumbList\",\"@id\":\"https:\/\/zecovalve.com\/product\/pressure-independent-control-valve#breadcrumb\",\"itemListElement\":[{\"@type\":\"ListItem\",\"position\":1,\"item\":{\"@type\":\"WebPage\",\"@id\":\"https:\/\/zecovalve.com\/\",\"url\":\"https:\/\/zecovalve.com\/\",\"name\":\"Home\"}},{\"@type\":\"ListItem\",\"position\":2,\"item\":{\"@type\":\"WebPage\",\"@id\":\"https:\/\/zecovalve.com\/product-category\",\"url\":\"https:\/\/zecovalve.com\/product-category\",\"name\":\"Industrial Valve Manufacturer | Water Valve Manufacturer\"}},{\"@type\":\"ListItem\",\"position\":3,\"item\":{\"@type\":\"WebPage\",\"@id\":\"https:\/\/zecovalve.com\/product\/pressure-independent-control-valve\",\"url\":\"https:\/\/zecovalve.com\/product\/pressure-independent-control-valve\",\"name\":\"Pressure Independent Control Valve\"}}]}]}<\/script>\n<!-- \/ Yoast SEO Premium plugin. -->","_links":{"self":[{"href":"https:\/\/zecovalve.com\/de\/wp-json\/wp\/v2\/product\/16976","targetHints":{"allow":["GET"]}}],"collection":[{"href":"https:\/\/zecovalve.com\/de\/wp-json\/wp\/v2\/product"}],"about":[{"href":"https:\/\/zecovalve.com\/de\/wp-json\/wp\/v2\/types\/product"}],"replies":[{"embeddable":true,"href":"https:\/\/zecovalve.com\/de\/wp-json\/wp\/v2\/comments?post=16976"}],"wp:featuredmedia":[{"embeddable":true,"href":"https:\/\/zecovalve.com\/de\/wp-json\/wp\/v2\/media\/27956"}],"wp:attachment":[{"href":"https:\/\/zecovalve.com\/de\/wp-json\/wp\/v2\/media?parent=16976"}],"wp:term":[{"taxonomy":"product_cat","embeddable":true,"href":"https:\/\/zecovalve.com\/de\/wp-json\/wp\/v2\/product_cat?post=16976"},{"taxonomy":"product_tag","embeddable":true,"href":"https:\/\/zecovalve.com\/de\/wp-json\/wp\/v2\/product_tag?post=16976"}],"curies":[{"name":"wp","href":"https:\/\/api.w.org\/{rel}","templated":true}]}}