{"id":17044,"date":"2022-06-26T07:21:33","date_gmt":"2022-06-26T07:21:33","guid":{"rendered":"https:\/\/zecovalve.com\/?post_type=product&#038;p=17044"},"modified":"2023-06-26T05:28:15","modified_gmt":"2023-06-26T05:28:15","slug":"altitude-control-valve","status":"publish","type":"product","link":"https:\/\/zecovalve.com\/de\/produkt\/altitude-control-valve","title":{"rendered":"H\u00f6henregelventil"},"content":{"rendered":"<div class=\"sep-pages-boxs bgs clearfix\">\n<div class=\"sep-container clearfix\">\n<h1 class=\"titles sizes1 cens gtj-ff-bold\">H\u00f6henregelventil<\/h1>\n<div class=\"bq-sep-pro-detail-thumbs ons clearfix\">\n<div class=\"thumbs\">\n<div class=\"imgs ons\">\n<div class=\"swiper-container swiper-container-initialized swiper-container-horizontal\">\n<div class=\"swiper-wrapper\">\n<div class=\"swiper-slide swiper-slide-active\">\n<figure id=\"attachment_17045\" aria-describedby=\"caption-attachment-17045\" style=\"width: 254px\" class=\"wp-caption alignnone\"><img loading=\"lazy\" decoding=\"async\" class=\"size-medium wp-image-17045\" src=\"https:\/\/zecovalve.com\/wp-content\/uploads\/2022\/06\/altitude-control-valve_1631945229-264x300.jpg\" alt=\"H\u00f6henregelventil\" width=\"264\" height=\"300\" srcset=\"https:\/\/zecovalve.com\/wp-content\/uploads\/2022\/06\/altitude-control-valve_1631945229-264x300.jpg 264w, https:\/\/zecovalve.com\/wp-content\/uploads\/2022\/06\/altitude-control-valve_1631945229.jpg 400w\" sizes=\"auto, (max-width: 264px) 100vw, 264px\" \/><figcaption id=\"caption-attachment-17045\" class=\"wp-caption-text\">H\u00f6henregelventil<\/figcaption><\/figure>\n<\/div>\n<\/div>\n<\/div>\n<div class=\"lr-lists-boxs\"><\/div>\n<\/div>\n<\/div>\n<\/div>\n<\/div>\n<\/div>\n<div class=\"sep-pages-boxs clearfix\">\n<div class=\"sep-container clearfix\">\n<div id=\"zf-nexts\" class=\"flex clearfix\">\n<div class=\"bq-zf-lefts\">\n<div class=\"richtext\">\n<h2>Merkmale des H\u00f6henkontrollventils<\/h2>\n<div class=\"text-center\"><img loading=\"lazy\" decoding=\"async\" class=\"alignnone size-medium wp-image-17046\" src=\"https:\/\/zecovalve.com\/wp-content\/uploads\/2022\/06\/altitude-control-valve-features-300x250.png\" alt=\"\" width=\"300\" height=\"250\" srcset=\"https:\/\/zecovalve.com\/wp-content\/uploads\/2022\/06\/altitude-control-valve-features-300x250.png 300w, https:\/\/zecovalve.com\/wp-content\/uploads\/2022\/06\/altitude-control-valve-features.png 600w\" sizes=\"auto, (max-width: 300px) 100vw, 300px\" \/><\/div>\n<ul class=\"list-paddingleft-2\">\n<li>Automatische Tankbef\u00fcllung und -absperrung ohne Einsatz von Schwimmern oder Sensoren;<\/li>\n<li>Pr\u00e4zise Abschaltung auf wenige Zentimeter vom Sollwert entfernt;<\/li>\n<li>Hoher F\u00fcllstandpunkt mit einer einzigen Schraube einstellbar;<\/li>\n<li>Der Abgas-in-Atmosph\u00e4re-Betrieb erm\u00f6glicht minimalen Druckverlust.<\/li>\n<\/ul>\n<\/div>\n<div class=\"richtext\">\n<h2>Funktionsprinzip des H\u00f6henkontrollventils<\/h2>\n<div class=\"text-center\"><img loading=\"lazy\" decoding=\"async\" class=\"alignnone size-medium wp-image-17048\" src=\"https:\/\/zecovalve.com\/wp-content\/uploads\/2022\/06\/altitude-control-valve-principle-300x250.png\" alt=\"\" width=\"300\" height=\"250\" srcset=\"https:\/\/zecovalve.com\/wp-content\/uploads\/2022\/06\/altitude-control-valve-principle-300x250.png 300w, https:\/\/zecovalve.com\/wp-content\/uploads\/2022\/06\/altitude-control-valve-principle.png 600w\" sizes=\"auto, (max-width: 300px) 100vw, 300px\" \/><\/div>\n<p>Das H\u00f6henkontrollventil schlie\u00dft bei einem voreingestellten maximalen Wasserstand, um ein \u00dcberlaufen aus einem oberirdischen Lagertank oder einer Zisterne zu verhindern, und \u00f6ffnet sich, um Wasser nachzuf\u00fcllen, wenn der Pegel des Lagertanks oder der Zisterne sinkt. Das H\u00f6henkontrollventil kontrolliert den hohen Wasserstand des Reservoirs ohne Schwimmer oder andere Ger\u00e4te. Es bleibt vollst\u00e4ndig ge\u00f6ffnet, bis der geschlossene Wasserstand erreicht ist. Das Ventil ist nur f\u00fcr einen Einwegfluss ausgelegt. Das Ventil wird hydraulisch mit einer Vorsteuerung betrieben. Die Vorsteuerung arbeitet auf der Grundlage der Kraftdifferenz zwischen der Federbelastung und dem Wasserstand im Reservoir. Die Vorsteuerung misst den Reservoirdruck \u00fcber ein vom Kunden bereitgestelltes Sensorrohr, das direkt mit dem Reservoir verbunden ist.<\/p>\n<\/div>\n<div class=\"richtext\">\n<h2>Installation und Inbetriebnahme des H\u00f6henregelventils<\/h2>\n<div class=\"text-center\"><img loading=\"lazy\" decoding=\"async\" class=\"alignnone size-medium wp-image-17047\" src=\"https:\/\/zecovalve.com\/wp-content\/uploads\/2022\/06\/altitude-control-valve-installation-and-commissioning-300x250.png\" alt=\"\" width=\"300\" height=\"250\" srcset=\"https:\/\/zecovalve.com\/wp-content\/uploads\/2022\/06\/altitude-control-valve-installation-and-commissioning-300x250.png 300w, https:\/\/zecovalve.com\/wp-content\/uploads\/2022\/06\/altitude-control-valve-installation-and-commissioning.png 600w\" sizes=\"auto, (max-width: 300px) 100vw, 300px\" \/><\/div>\n<p>In Gegenden, in denen Temperaturen unter dem Gefrierpunkt m\u00f6glich sind, sollte das Ventil in einem Gew\u00f6lbe unterhalb der Frostgrenze untergebracht werden. F\u00fcr spezielle Einsatzzwecke wenden Sie sich bitte an die Zeco Valve Group.<\/p>\n<\/div>\n<div class=\"richtext\">\n<h2>Material und Standard des H\u00f6henkontrollventils<\/h2>\n<p>Gr\u00f6\u00dfenbereich: 2\u2033~24\u2033<br \/>\nDruckstufe: 10bar ~ 25bar<\/p>\n<p>Abmessungen von Angesicht zu Angesicht: AMSE B16.10, EN558-1<\/p>\n<p>Flanschendma\u00df: AMSE B16.5\/16.42, AS4087, EN1092-2<\/p>\n<p>Beschichtung: WRAS-zugelassene, aufgeschmolzene Epoxidbeschichtung<\/p>\n<p>Inspektion und Pr\u00fcfung: ISO 5208 \/ EN 12226-2<\/p>\n<div class=\"over-tabs\">\n<table cellspacing=\"0\">\n<tbody>\n<tr class=\"firstRow\">\n<td valign=\"center\">Teil<\/td>\n<td valign=\"center\">Material<\/td>\n<td valign=\"center\">Standard<\/td>\n<\/tr>\n<tr>\n<td valign=\"center\">K\u00f6rper<\/td>\n<td valign=\"center\">Sph\u00e4roguss<\/td>\n<td valign=\"center\">EN 1563\/DIN 1693<\/td>\n<\/tr>\n<tr>\n<td valign=\"center\">Motorhaube<\/td>\n<td valign=\"center\">Sph\u00e4roguss<\/td>\n<td valign=\"center\">EN 1563\/DIN 1693<\/td>\n<\/tr>\n<tr>\n<td valign=\"center\">Trimmen<\/td>\n<td valign=\"center\">Edelstahl 304<\/td>\n<td valign=\"center\">EN 10088-1\/ASTM A959<\/td>\n<\/tr>\n<tr>\n<td valign=\"center\">Sitz<\/td>\n<td valign=\"center\">Edelstahl 304<\/td>\n<td valign=\"center\">EN 10088-1\/ASTM A959<\/td>\n<\/tr>\n<tr>\n<td valign=\"center\">Membran<\/td>\n<td valign=\"center\">EPDM \/ NBR<\/td>\n<td valign=\"center\">ISO 4633<\/td>\n<\/tr>\n<tr>\n<td valign=\"center\">Vorsteuerventil<\/td>\n<td valign=\"center\">Edelstahl 304<\/td>\n<td valign=\"center\">EN 10088-1\/ASTM A959<\/td>\n<\/tr>\n<tr>\n<td colspan=\"3\" valign=\"center\">Informationen zu nicht aufgef\u00fchrten Materialoptionen erhalten Sie im Werk.<\/p>\n<p>Zeco fertigt Ventile aus \u00fcber 50 verschiedenen Legierungen.<\/td>\n<\/tr>\n<\/tbody>\n<\/table>\n<\/div>\n<\/div>\n<\/div>\n<\/div>\n<\/div>\n<\/div>","protected":false},"excerpt":{"rendered":"<p>H\u00f6henkontrollventil Merkmale des H\u00f6henkontrollventils Automatisches Bef\u00fcllen und Absperren des Tanks ohne Einsatz von Schwimmern oder Sensoren; Pr\u00e4zises Absperren \u2026 <a title=\"H\u00f6henregelventil\" class=\"read-more\" href=\"https:\/\/zecovalve.com\/de\/produkt\/altitude-control-valve\" aria-label=\"Mehr zu Altitude Control Valve\">Weiterlesen ...<\/a><\/p>","protected":false},"featured_media":27944,"comment_status":"closed","ping_status":"closed","template":"","meta":{"_generate-full-width-content":"","kt_blocks_editor_width":""},"product_cat":[2526],"product_tag":[],"class_list":["post-17044","product","type-product","status-publish","has-post-thumbnail","hentry","product_cat-water-control-valve","sales-flash-overlay","woocommerce-text-align-center","woocommerce-image-align-center","do-quantity-buttons"],"featured_image_src_large":["https:\/\/zecovalve.com\/wp-content\/uploads\/2022\/06\/Altitude-Control-Valve-1.jpg",800,600,false],"author_info":[],"comment_info":0,"taxonomy_info":{"product_cat":[{"value":2526,"label":"Water Control Valve"}]},"yoast_head":"<!-- This site is optimized with the Yoast SEO Premium plugin v15.4 - https:\/\/yoast.com\/wordpress\/plugins\/seo\/ -->\n<title>Altitude Control Valve - ZECO Valve<\/title>\n<meta name=\"robots\" content=\"index, follow, max-snippet:-1, max-image-preview:large, max-video-preview:-1\" \/>\n<link rel=\"canonical\" href=\"https:\/\/zecovalve.com\/de\/produkt\/altitude-control-valve\" \/>\n<meta property=\"og:locale\" content=\"de_DE\" \/>\n<meta property=\"og:type\" content=\"article\" \/>\n<meta property=\"og:title\" content=\"Altitude Control Valve - ZECO Valve\" \/>\n<meta property=\"og:description\" content=\"Altitude Control Valve Features of Altitude Control Valve Automatic tank fill and shut-off without the use of floats or sensors; Accurate shut-off ... Weiterlesen ...\" \/>\n<meta property=\"og:url\" content=\"https:\/\/zecovalve.com\/de\/produkt\/altitude-control-valve\" \/>\n<meta property=\"og:site_name\" content=\"ZECO Valve\" \/>\n<meta property=\"article:modified_time\" content=\"2023-06-26T05:28:15+00:00\" \/>\n<meta property=\"og:image\" content=\"https:\/\/zecovalve.com\/wp-content\/uploads\/2022\/06\/Altitude-Control-Valve-1.jpg\" \/>\n\t<meta property=\"og:image:width\" content=\"800\" \/>\n\t<meta property=\"og:image:height\" content=\"600\" \/>\n<meta name=\"twitter:card\" content=\"summary_large_image\" \/>\n<meta name=\"twitter:label1\" content=\"Verfasst von\">\n\t<meta name=\"twitter:data1\" content=\"Jerry\">\n\t<meta name=\"twitter:label2\" content=\"Gesch\u00e4tzte Lesezeit\">\n\t<meta name=\"twitter:data2\" content=\"1\u00a0Minute\">\n<script type=\"application\/ld+json\" class=\"yoast-schema-graph\">{\"@context\":\"https:\/\/schema.org\",\"@graph\":[{\"@type\":\"WebSite\",\"@id\":\"https:\/\/zecovalve.com\/#website\",\"url\":\"https:\/\/zecovalve.com\/\",\"name\":\"ZECO Valve\",\"description\":\"Industrial Ball Valve, Gate Valve and Globe Valve Manufacturer\",\"potentialAction\":[{\"@type\":\"SearchAction\",\"target\":\"https:\/\/zecovalve.com\/?s={search_term_string}\",\"query-input\":\"required name=search_term_string\"}],\"inLanguage\":\"de\"},{\"@type\":\"ImageObject\",\"@id\":\"https:\/\/zecovalve.com\/product\/altitude-control-valve#primaryimage\",\"inLanguage\":\"de\",\"url\":\"https:\/\/zecovalve.com\/wp-content\/uploads\/2022\/06\/Altitude-Control-Valve-1.jpg\",\"width\":800,\"height\":600,\"caption\":\"Altitude Control Valve\"},{\"@type\":\"WebPage\",\"@id\":\"https:\/\/zecovalve.com\/product\/altitude-control-valve#webpage\",\"url\":\"https:\/\/zecovalve.com\/product\/altitude-control-valve\",\"name\":\"Altitude Control Valve - ZECO Valve\",\"isPartOf\":{\"@id\":\"https:\/\/zecovalve.com\/#website\"},\"primaryImageOfPage\":{\"@id\":\"https:\/\/zecovalve.com\/product\/altitude-control-valve#primaryimage\"},\"datePublished\":\"2022-06-26T07:21:33+00:00\",\"dateModified\":\"2023-06-26T05:28:15+00:00\",\"breadcrumb\":{\"@id\":\"https:\/\/zecovalve.com\/product\/altitude-control-valve#breadcrumb\"},\"inLanguage\":\"de\",\"potentialAction\":[{\"@type\":\"ReadAction\",\"target\":[\"https:\/\/zecovalve.com\/product\/altitude-control-valve\"]}]},{\"@type\":\"BreadcrumbList\",\"@id\":\"https:\/\/zecovalve.com\/product\/altitude-control-valve#breadcrumb\",\"itemListElement\":[{\"@type\":\"ListItem\",\"position\":1,\"item\":{\"@type\":\"WebPage\",\"@id\":\"https:\/\/zecovalve.com\/\",\"url\":\"https:\/\/zecovalve.com\/\",\"name\":\"Home\"}},{\"@type\":\"ListItem\",\"position\":2,\"item\":{\"@type\":\"WebPage\",\"@id\":\"https:\/\/zecovalve.com\/product-category\",\"url\":\"https:\/\/zecovalve.com\/product-category\",\"name\":\"Industrial Valve Manufacturer | Water Valve Manufacturer\"}},{\"@type\":\"ListItem\",\"position\":3,\"item\":{\"@type\":\"WebPage\",\"@id\":\"https:\/\/zecovalve.com\/product\/altitude-control-valve\",\"url\":\"https:\/\/zecovalve.com\/product\/altitude-control-valve\",\"name\":\"Altitude Control Valve\"}}]}]}<\/script>\n<!-- \/ Yoast SEO Premium plugin. -->","_links":{"self":[{"href":"https:\/\/zecovalve.com\/de\/wp-json\/wp\/v2\/product\/17044","targetHints":{"allow":["GET"]}}],"collection":[{"href":"https:\/\/zecovalve.com\/de\/wp-json\/wp\/v2\/product"}],"about":[{"href":"https:\/\/zecovalve.com\/de\/wp-json\/wp\/v2\/types\/product"}],"replies":[{"embeddable":true,"href":"https:\/\/zecovalve.com\/de\/wp-json\/wp\/v2\/comments?post=17044"}],"wp:featuredmedia":[{"embeddable":true,"href":"https:\/\/zecovalve.com\/de\/wp-json\/wp\/v2\/media\/27944"}],"wp:attachment":[{"href":"https:\/\/zecovalve.com\/de\/wp-json\/wp\/v2\/media?parent=17044"}],"wp:term":[{"taxonomy":"product_cat","embeddable":true,"href":"https:\/\/zecovalve.com\/de\/wp-json\/wp\/v2\/product_cat?post=17044"},{"taxonomy":"product_tag","embeddable":true,"href":"https:\/\/zecovalve.com\/de\/wp-json\/wp\/v2\/product_tag?post=17044"}],"curies":[{"name":"wp","href":"https:\/\/api.w.org\/{rel}","templated":true}]}}