{"id":17051,"date":"2022-06-26T07:27:59","date_gmt":"2022-06-26T07:27:59","guid":{"rendered":"https:\/\/zecovalve.com\/?post_type=product&#038;p=17051"},"modified":"2023-06-26T05:28:50","modified_gmt":"2023-06-26T05:28:50","slug":"surge-anticipating-valve","status":"publish","type":"product","link":"https:\/\/zecovalve.com\/de\/produkt\/surge-anticipating-valve","title":{"rendered":"\u00dcberspannungsschutzventil"},"content":{"rendered":"<div class=\"sep-pages-boxs bgs clearfix\">\n<div class=\"sep-container clearfix\">\n<h1 class=\"titles sizes1 cens gtj-ff-bold\">\u00dcberspannungsschutzventil<\/h1>\n<figure id=\"attachment_17052\" aria-describedby=\"caption-attachment-17052\" style=\"width: 254px\" class=\"wp-caption alignnone\"><img loading=\"lazy\" decoding=\"async\" class=\"size-medium wp-image-17052\" src=\"https:\/\/zecovalve.com\/wp-content\/uploads\/2022\/06\/surge-anticipating-valve-1-264x300.jpg\" alt=\"\u00dcberspannungsschutzventil\" width=\"264\" height=\"300\" srcset=\"https:\/\/zecovalve.com\/wp-content\/uploads\/2022\/06\/surge-anticipating-valve-1-264x300.jpg 264w, https:\/\/zecovalve.com\/wp-content\/uploads\/2022\/06\/surge-anticipating-valve-1.jpg 400w\" sizes=\"auto, (max-width: 264px) 100vw, 264px\" \/><figcaption id=\"caption-attachment-17052\" class=\"wp-caption-text\">\u00dcberspannungsschutzventil<\/figcaption><\/figure>\n<\/div>\n<\/div>\n<div class=\"sep-pages-boxs clearfix\">\n<div class=\"sep-container clearfix\">\n<div id=\"zf-nexts\" class=\"flex clearfix\">\n<div class=\"bq-zf-lefts\">\n<div class=\"richtext\">\n<h2>Merkmale des \u00dcberspannungsschutzventils<\/h2>\n<div class=\"text-center\"><img loading=\"lazy\" decoding=\"async\" class=\"alignnone size-medium wp-image-17053\" src=\"https:\/\/zecovalve.com\/wp-content\/uploads\/2022\/06\/surge-anticipating-valve-features-300x225.png\" alt=\"\" width=\"300\" height=\"225\" srcset=\"https:\/\/zecovalve.com\/wp-content\/uploads\/2022\/06\/surge-anticipating-valve-features-300x225.png 300w, https:\/\/zecovalve.com\/wp-content\/uploads\/2022\/06\/surge-anticipating-valve-features.png 600w\" sizes=\"auto, (max-width: 300px) 100vw, 300px\" \/><\/div>\n<ul class=\"list-paddingleft-2\">\n<li>Doppelpilotventil kann Niederdruckwellen und Hochdruckwellen erfassen;<\/li>\n<li>Feinf\u00fchlige Induktion, schnelle Steuerung;<\/li>\n<li>Schnelles \u00d6ffnen, um den Leitungsdruck aufrechtzuerhalten;<\/li>\n<li>Voller Durchgang, geringer Fl\u00fcssigkeitswiderstand.<\/li>\n<\/ul>\n<\/div>\n<div class=\"richtext\">\n<h2>Funktionsprinzip eines \u00dcberspannungsschutzventils<\/h2>\n<div class=\"text-center\"><img loading=\"lazy\" decoding=\"async\" class=\"alignnone size-medium wp-image-17055\" src=\"https:\/\/zecovalve.com\/wp-content\/uploads\/2022\/06\/surge-anticipating-valve-principle-300x225.jpg\" alt=\"\" width=\"300\" height=\"225\" srcset=\"https:\/\/zecovalve.com\/wp-content\/uploads\/2022\/06\/surge-anticipating-valve-principle-300x225.jpg 300w, https:\/\/zecovalve.com\/wp-content\/uploads\/2022\/06\/surge-anticipating-valve-principle.jpg 600w\" sizes=\"auto, (max-width: 300px) 100vw, 300px\" \/><\/div>\n<p>Im Allgemeinen f\u00fchrt ein pl\u00f6tzlicher Stopp der Pumpe zu enormen Druckschwankungen. Der Druck im Probenahmerohr schwankt zu diesem Zeitpunkt ebenfalls. Das Niederdruck-Pilotventil erkennt diese anf\u00e4ngliche Druckwelle und \u00f6ffnet den Abfluss, sodass das Hauptventil \u00f6ffnet, um zu verhindern, dass hohe Druckschwankungen aus dem System zur\u00fcckkehren. Das ge\u00f6ffnete Hauptventil leitet hohe Druckwellen in die Atmosph\u00e4re ab. Das Hochdruck-Pilotventil induziert hohe Druckwellen, die ebenfalls \u00f6ffnen und das Hauptventil offen halten. Wenn der Systemdruck niedriger als der voreingestellte Druck des Pilotventils ist, wird das Hochdruck-Pilotventil geschlossen, der Druck im Hauptventil-Steuerraum erh\u00f6ht und das Hauptventil geschlossen, um den Systemdruck im voreingestellten Druck des Pilotventils aufrechtzuerhalten.<\/p>\n<\/div>\n<div class=\"richtext\">\n<h2>Installation und Inbetriebnahme von \u00dcberspannungsschutzventilen<\/h2>\n<div class=\"text-center\"><img loading=\"lazy\" decoding=\"async\" class=\"alignnone size-medium wp-image-17054\" src=\"https:\/\/zecovalve.com\/wp-content\/uploads\/2022\/06\/surge-anticipating-valve-installation-and-commissioning-300x225.jpg\" alt=\"\" width=\"300\" height=\"225\" srcset=\"https:\/\/zecovalve.com\/wp-content\/uploads\/2022\/06\/surge-anticipating-valve-installation-and-commissioning-300x225.jpg 300w, https:\/\/zecovalve.com\/wp-content\/uploads\/2022\/06\/surge-anticipating-valve-installation-and-commissioning.jpg 600w\" sizes=\"auto, (max-width: 300px) 100vw, 300px\" \/><\/div>\n<p>Bestimmen Sie die Hoch- und Niederdruckeinstellungen und stellen Sie den Rohrleitungsdruck bei Niederdruckeinstellungen ein. An diesem Punkt wird das Niederdruck-Pilotventil auf den kritischen Zustand des \u00d6ffnens und Schlie\u00dfens und des Feststellens der Mutter eingestellt. Stellen Sie den Rohrleitungsdruck auf den Hochdruck-Einstellwert ein und stellen Sie das Hochdruck-Pilotventil auf den kritischen Zustand des \u00d6ffnens und Schlie\u00dfens ein, um die Mutter zu festigen. F\u00fcr spezielle Verwendungszwecke wenden Sie sich bitte an die Zeco Valve Group.<\/p>\n<\/div>\n<div class=\"richtext\">\n<h2>Material und Standard f\u00fcr \u00dcberspannungsschutzventile<\/h2>\n<p>Gr\u00f6\u00dfenbereich: 2\u2033~12\u2033<br \/>\nDruckbewertung: 10bar ~ 25bar<\/p>\n<p>Abmessungen von Angesicht zu Angesicht: AMSE B16.10, EN558-1<\/p>\n<p>Flanschendma\u00df:AMSE B16.5, AS4087, EN1092-2<\/p>\n<p>Beschichtung: WRAS-zugelassene, aufgeschmolzene Epoxidbeschichtung<\/p>\n<p>Inspektion und Pr\u00fcfung: ISO 5208 \/ EN 12226-2<\/p>\n<div class=\"over-tabs\">\n<table cellspacing=\"0\">\n<tbody>\n<tr class=\"firstRow\">\n<td valign=\"center\">Teil<\/td>\n<td valign=\"center\">Material<\/td>\n<td valign=\"center\">Standard<\/td>\n<\/tr>\n<tr>\n<td valign=\"center\">K\u00f6rper<\/td>\n<td valign=\"center\">Sph\u00e4roguss<\/td>\n<td valign=\"center\">EN 1563\/DIN 1693<\/td>\n<\/tr>\n<tr>\n<td valign=\"center\">Motorhaube<\/td>\n<td valign=\"center\">Sph\u00e4roguss<\/td>\n<td valign=\"center\">EN 1563\/DIN 1693<\/td>\n<\/tr>\n<tr>\n<td valign=\"center\">Trimmen<\/td>\n<td valign=\"center\">Edelstahl 304<\/td>\n<td valign=\"center\">EN10088-1\/ASTM A959<\/td>\n<\/tr>\n<tr>\n<td valign=\"center\">Sitz<\/td>\n<td valign=\"center\">Edelstahl 304<\/td>\n<td valign=\"center\">EN10088-1\/ASTM A959<\/td>\n<\/tr>\n<tr>\n<td valign=\"center\">Membran<\/td>\n<td valign=\"center\">EPDM \/ NBR<\/td>\n<td valign=\"center\">ISO 4633<\/td>\n<\/tr>\n<tr>\n<td valign=\"center\">Vorsteuerventil<\/td>\n<td valign=\"center\">Edelstahl 304<\/td>\n<td valign=\"center\">EN10088-1\/ASTM A959<\/td>\n<\/tr>\n<tr>\n<td colspan=\"3\" valign=\"center\">Informationen zu nicht aufgef\u00fchrten Materialoptionen erhalten Sie im Werk.<\/p>\n<p>Zeco fertigt Ventile aus \u00fcber 50 verschiedenen Legierungen.<\/td>\n<\/tr>\n<\/tbody>\n<\/table>\n<\/div>\n<\/div>\n<\/div>\n<\/div>\n<\/div>\n<\/div>","protected":false},"excerpt":{"rendered":"<p>\u00dcberspannungsschutzventil \u2013 Merkmale des \u00dcberspannungsschutzventils \u2013 Das Doppelpilotventil kann Niederdruckwellen und Hochdruckwellen erfassen; empfindliche Induktion, \u2026 <a title=\"\u00dcberspannungsschutzventil\" class=\"read-more\" href=\"https:\/\/zecovalve.com\/de\/produkt\/surge-anticipating-valve\" aria-label=\"Mehr zu Surge Anticipating Valve\">Weiterlesen ...<\/a><\/p>","protected":false},"featured_media":27945,"comment_status":"closed","ping_status":"closed","template":"","meta":{"_generate-full-width-content":"","kt_blocks_editor_width":""},"product_cat":[2597,2526],"product_tag":[2662,2805],"class_list":["post-17051","product","type-product","status-publish","has-post-thumbnail","hentry","product_cat-pressure-control-valve","product_cat-water-control-valve","product_tag-pressure-control-valve","product_tag-pump-valve","sales-flash-overlay","woocommerce-text-align-center","woocommerce-image-align-center","do-quantity-buttons"],"featured_image_src_large":["https:\/\/zecovalve.com\/wp-content\/uploads\/2022\/06\/Surge-Anticipating-Valve-2.jpg",800,600,false],"author_info":[],"comment_info":0,"taxonomy_info":{"product_cat":[{"value":2597,"label":"Pressure Control Valve"},{"value":2526,"label":"Water Control Valve"}],"product_tag":[{"value":2662,"label":"Pressure Control Valve"},{"value":2805,"label":"Pump Valve"}]},"yoast_head":"<!-- This site is optimized with the Yoast SEO Premium plugin v15.4 - https:\/\/yoast.com\/wordpress\/plugins\/seo\/ -->\n<title>Surge Anticipating Valve - ZECO Valve<\/title>\n<meta name=\"robots\" content=\"index, follow, max-snippet:-1, max-image-preview:large, max-video-preview:-1\" \/>\n<link rel=\"canonical\" href=\"https:\/\/zecovalve.com\/de\/produkt\/surge-anticipating-valve\" \/>\n<meta property=\"og:locale\" content=\"de_DE\" \/>\n<meta property=\"og:type\" content=\"article\" \/>\n<meta property=\"og:title\" content=\"Surge Anticipating Valve - ZECO Valve\" \/>\n<meta property=\"og:description\" content=\"Surge Anticipating Valve Features of Surge Anticipating Valve Double pilot valve can sense low pressure waves and high pressure waves; Sensitive induction, ... Weiterlesen ...\" \/>\n<meta property=\"og:url\" content=\"https:\/\/zecovalve.com\/de\/produkt\/surge-anticipating-valve\" \/>\n<meta property=\"og:site_name\" content=\"ZECO Valve\" \/>\n<meta property=\"article:modified_time\" content=\"2023-06-26T05:28:50+00:00\" \/>\n<meta property=\"og:image\" content=\"https:\/\/zecovalve.com\/wp-content\/uploads\/2022\/06\/Surge-Anticipating-Valve-2.jpg\" \/>\n\t<meta property=\"og:image:width\" content=\"800\" \/>\n\t<meta property=\"og:image:height\" content=\"600\" \/>\n<meta name=\"twitter:card\" content=\"summary_large_image\" \/>\n<meta name=\"twitter:label1\" content=\"Verfasst von\">\n\t<meta name=\"twitter:data1\" content=\"Jerry\">\n\t<meta name=\"twitter:label2\" content=\"Gesch\u00e4tzte Lesezeit\">\n\t<meta name=\"twitter:data2\" content=\"1\u00a0Minute\">\n<script type=\"application\/ld+json\" class=\"yoast-schema-graph\">{\"@context\":\"https:\/\/schema.org\",\"@graph\":[{\"@type\":\"WebSite\",\"@id\":\"https:\/\/zecovalve.com\/#website\",\"url\":\"https:\/\/zecovalve.com\/\",\"name\":\"ZECO Valve\",\"description\":\"Industrial Ball Valve, Gate Valve and Globe Valve Manufacturer\",\"potentialAction\":[{\"@type\":\"SearchAction\",\"target\":\"https:\/\/zecovalve.com\/?s={search_term_string}\",\"query-input\":\"required name=search_term_string\"}],\"inLanguage\":\"de\"},{\"@type\":\"ImageObject\",\"@id\":\"https:\/\/zecovalve.com\/product\/surge-anticipating-valve#primaryimage\",\"inLanguage\":\"de\",\"url\":\"https:\/\/zecovalve.com\/wp-content\/uploads\/2022\/06\/Surge-Anticipating-Valve-2.jpg\",\"width\":800,\"height\":600,\"caption\":\"Surge Anticipating Valve\"},{\"@type\":\"WebPage\",\"@id\":\"https:\/\/zecovalve.com\/product\/surge-anticipating-valve#webpage\",\"url\":\"https:\/\/zecovalve.com\/product\/surge-anticipating-valve\",\"name\":\"Surge Anticipating Valve - ZECO Valve\",\"isPartOf\":{\"@id\":\"https:\/\/zecovalve.com\/#website\"},\"primaryImageOfPage\":{\"@id\":\"https:\/\/zecovalve.com\/product\/surge-anticipating-valve#primaryimage\"},\"datePublished\":\"2022-06-26T07:27:59+00:00\",\"dateModified\":\"2023-06-26T05:28:50+00:00\",\"breadcrumb\":{\"@id\":\"https:\/\/zecovalve.com\/product\/surge-anticipating-valve#breadcrumb\"},\"inLanguage\":\"de\",\"potentialAction\":[{\"@type\":\"ReadAction\",\"target\":[\"https:\/\/zecovalve.com\/product\/surge-anticipating-valve\"]}]},{\"@type\":\"BreadcrumbList\",\"@id\":\"https:\/\/zecovalve.com\/product\/surge-anticipating-valve#breadcrumb\",\"itemListElement\":[{\"@type\":\"ListItem\",\"position\":1,\"item\":{\"@type\":\"WebPage\",\"@id\":\"https:\/\/zecovalve.com\/\",\"url\":\"https:\/\/zecovalve.com\/\",\"name\":\"Home\"}},{\"@type\":\"ListItem\",\"position\":2,\"item\":{\"@type\":\"WebPage\",\"@id\":\"https:\/\/zecovalve.com\/product-category\",\"url\":\"https:\/\/zecovalve.com\/product-category\",\"name\":\"Industrial Valve Manufacturer | Water Valve Manufacturer\"}},{\"@type\":\"ListItem\",\"position\":3,\"item\":{\"@type\":\"WebPage\",\"@id\":\"https:\/\/zecovalve.com\/product\/surge-anticipating-valve\",\"url\":\"https:\/\/zecovalve.com\/product\/surge-anticipating-valve\",\"name\":\"Surge Anticipating Valve\"}}]}]}<\/script>\n<!-- \/ Yoast SEO Premium plugin. -->","_links":{"self":[{"href":"https:\/\/zecovalve.com\/de\/wp-json\/wp\/v2\/product\/17051","targetHints":{"allow":["GET"]}}],"collection":[{"href":"https:\/\/zecovalve.com\/de\/wp-json\/wp\/v2\/product"}],"about":[{"href":"https:\/\/zecovalve.com\/de\/wp-json\/wp\/v2\/types\/product"}],"replies":[{"embeddable":true,"href":"https:\/\/zecovalve.com\/de\/wp-json\/wp\/v2\/comments?post=17051"}],"wp:featuredmedia":[{"embeddable":true,"href":"https:\/\/zecovalve.com\/de\/wp-json\/wp\/v2\/media\/27945"}],"wp:attachment":[{"href":"https:\/\/zecovalve.com\/de\/wp-json\/wp\/v2\/media?parent=17051"}],"wp:term":[{"taxonomy":"product_cat","embeddable":true,"href":"https:\/\/zecovalve.com\/de\/wp-json\/wp\/v2\/product_cat?post=17051"},{"taxonomy":"product_tag","embeddable":true,"href":"https:\/\/zecovalve.com\/de\/wp-json\/wp\/v2\/product_tag?post=17051"}],"curies":[{"name":"wp","href":"https:\/\/api.w.org\/{rel}","templated":true}]}}