{"id":17057,"date":"2022-06-26T07:46:28","date_gmt":"2022-06-26T07:46:28","guid":{"rendered":"https:\/\/zecovalve.com\/?post_type=product&#038;p=17057"},"modified":"2023-06-26T06:01:20","modified_gmt":"2023-06-26T06:01:20","slug":"balancing-valve","status":"publish","type":"product","link":"https:\/\/zecovalve.com\/de\/produkt\/balancing-valve","title":{"rendered":"Ausgleichsventil"},"content":{"rendered":"<div class=\"sep-pages-boxs bgs clearfix\">\n<div class=\"sep-container clearfix\">\n<h1 class=\"titles sizes1 cens gtj-ff-bold\">Ausgleichsventil<\/h1>\n<div class=\"bq-sep-pro-detail-thumbs ons clearfix\">\n<div class=\"thumbs\">\n<div class=\"imgs ons\">\n<div class=\"swiper-container swiper-container-initialized swiper-container-horizontal\">\n<div class=\"swiper-wrapper\">\n<div class=\"swiper-slide swiper-slide-active\">\n<figure id=\"attachment_17031\" aria-describedby=\"caption-attachment-17031\" style=\"width: 290px\" class=\"wp-caption alignnone\"><img loading=\"lazy\" decoding=\"async\" class=\"size-medium wp-image-17031\" src=\"https:\/\/zecovalve.com\/wp-content\/uploads\/2022\/06\/manual-flow-balancing-valve-300x273.jpg\" alt=\"Durchflussausgleichsventil\" width=\"300\" height=\"273\" srcset=\"https:\/\/zecovalve.com\/wp-content\/uploads\/2022\/06\/manual-flow-balancing-valve-300x273.jpg 300w, https:\/\/zecovalve.com\/wp-content\/uploads\/2022\/06\/manual-flow-balancing-valve.jpg 330w\" sizes=\"auto, (max-width: 300px) 100vw, 300px\" \/><figcaption id=\"caption-attachment-17031\" class=\"wp-caption-text\">Durchflussausgleichsventil<\/figcaption><\/figure>\n<\/div>\n<\/div>\n<\/div>\n<div class=\"lr-lists-boxs\"><\/div>\n<\/div>\n<\/div>\n<\/div>\n<\/div>\n<\/div>\n<div class=\"sep-pages-boxs clearfix\">\n<div class=\"sep-container clearfix\">\n<div id=\"zf-nexts\" class=\"flex clearfix\">\n<div class=\"bq-zf-lefts\">\n<div class=\"richtext\">\n<h2>Merkmale des Ausgleichsventils<\/h2>\n<div class=\"text-center\"><img loading=\"lazy\" decoding=\"async\" class=\"alignnone size-medium wp-image-17058\" src=\"https:\/\/zecovalve.com\/wp-content\/uploads\/2022\/06\/manual-flow-balancing-valve-2-300x225.png\" alt=\"\" width=\"300\" height=\"225\" srcset=\"https:\/\/zecovalve.com\/wp-content\/uploads\/2022\/06\/manual-flow-balancing-valve-2-300x225.png 300w, https:\/\/zecovalve.com\/wp-content\/uploads\/2022\/06\/manual-flow-balancing-valve-2.png 600w\" sizes=\"auto, (max-width: 300px) 100vw, 300px\" \/><\/div>\n<ul class=\"list-paddingleft-2\">\n<li>Gerade Durchflussstruktur, geringer Fl\u00fcssigkeitswiderstand;<\/li>\n<li>Das Handrad zeigt die Anzahl der \u00d6ffnungszyklen zur einfachen Fehlerbehebung an.<\/li>\n<li>Ventileinlass und -auslass verf\u00fcgen \u00fcber einen selbstdichtenden Pr\u00fcfanschluss;<\/li>\n<li>Selbstausgleichendes Design der Ventilscheibe, das \u00d6ffnen und Schlie\u00dfen wird nicht durch den Rohrleitungsdruck beeinflusst, kann vollst\u00e4ndig geschlossen werden.<\/li>\n<\/ul>\n<\/div>\n<div class=\"richtext\">\n<h2>Funktionsprinzip des Ausgleichsventils<\/h2>\n<div class=\"text-center\"><img loading=\"lazy\" decoding=\"async\" class=\"alignnone size-medium wp-image-17059\" src=\"https:\/\/zecovalve.com\/wp-content\/uploads\/2022\/06\/manual-flow-balancing-valve-3-300x225.png\" alt=\"\" width=\"300\" height=\"225\" srcset=\"https:\/\/zecovalve.com\/wp-content\/uploads\/2022\/06\/manual-flow-balancing-valve-3-300x225.png 300w, https:\/\/zecovalve.com\/wp-content\/uploads\/2022\/06\/manual-flow-balancing-valve-3.png 600w\" sizes=\"auto, (max-width: 300px) 100vw, 300px\" \/><\/div>\n<p>Durch \u00c4ndern des Abstands zwischen dem Ventileinsatz und dem Ventilsitz (\u00d6ffnung) wird die Kv-Durchflusskapazit\u00e4t des Ventils (Ventil) angepasst, um den Durchflusswiderstand des Durchflusses durch das Ventil zu \u00e4ndern und so den Zweck der Durchflussanpassung zu erreichen. Die Rolle des Objekts besteht darin, den Widerstand des Systems zu verringern und das Ph\u00e4nomen des Widerstandsungleichgewichts im System zu beseitigen. Auf diese Weise wird gem\u00e4\u00df der Konstruktion und Berechnung des Gleichgewichts eine neue Wasserzuteilungsrate erreicht, wobei die Proportion jedes Zweigs gleichzeitig erh\u00f6ht oder verringert wird.<\/p>\n<\/div>\n<div class=\"richtext\">\n<h2>Installation und Inbetriebnahme des Ausgleichsventils<\/h2>\n<div class=\"text-center\"><img loading=\"lazy\" decoding=\"async\" class=\"alignnone size-medium wp-image-17060\" src=\"https:\/\/zecovalve.com\/wp-content\/uploads\/2022\/06\/pressure-control-valve1534226071-300x225.png\" alt=\"\" width=\"300\" height=\"225\" srcset=\"https:\/\/zecovalve.com\/wp-content\/uploads\/2022\/06\/pressure-control-valve1534226071-300x225.png 300w, https:\/\/zecovalve.com\/wp-content\/uploads\/2022\/06\/pressure-control-valve1534226071.png 600w\" sizes=\"auto, (max-width: 300px) 100vw, 300px\" \/><\/div>\n<p>Es gibt zwei Auswahlmethoden. Die erste besteht darin, die Software zur Berechnung des positiven Feuchtigkeitsgehalts zu verwenden. Der Auslegungsdurchfluss Q und die Auslegungsdruckdifferenz \u2206P werden eingegeben, um die Gr\u00f6\u00dfe und die voreingestellte Ausgleichsposition des Ausgleichsventils zu erhalten. Um eine h\u00f6here Genauigkeit zu erzielen, wird empfohlen, die Positionierung des Ausgleichsventils bei 50-90% des \u00d6ffnungsgrads zu liegen. Zweitens kann, wenn der Auslegungsdurchfluss Q und die Auslegungsdruckdifferenz \u2206P bekannt sind, der Kv-Wert mit der Formel berechnet werden und dann die richtige Ausgleichsventilgr\u00f6\u00dfe und die vorgegebenen Parameter aus der Kv-Werttabelle ausgew\u00e4hlt werden. F\u00fcr spezielle Verwendungszwecke wenden Sie sich bitte an die ZECO Valve Group.<\/p>\n<\/div>\n<div class=\"richtext\">\n<h2>Material und Standard des Ausgleichsventils<\/h2>\n<p>Gr\u00f6\u00dfenbereich: 2\u2033~16\u2033<br \/>\nDruckstufe: 10bar ~ 25bar<br \/>\nAbmessungen von Angesicht zu Angesicht: AMSE B16.10, EN558-1<br \/>\nFlanschende Abmessung: AMSE B16.1\/16.42, AS4087, EN1092-2<br \/>\nBeschichtung: Schmelzgebundene Epoxid-Beschichtung<br \/>\nInspektion und Pr\u00fcfung: ISO 5208 \/ EN 12226-2<\/p>\n<p>&nbsp;<\/p>\n<div class=\"over-tabs\">\n<table width=\"1389\">\n<tbody>\n<tr class=\"firstRow\">\n<td>Teil<\/td>\n<td>Material<\/td>\n<td>Standard<\/td>\n<\/tr>\n<tr>\n<td>K\u00f6rper<\/td>\n<td>Sph\u00e4roguss<\/td>\n<td>EN 1563\/DIN 1693<\/td>\n<\/tr>\n<tr>\n<td>Motorhaube<\/td>\n<td>CuZn39Pb1 \/ C37000<\/td>\n<td>EN12167\/ASTM B135<\/td>\n<\/tr>\n<tr>\n<td>Trimmen<\/td>\n<td>CuZn39Pb1 \/ C37000<\/td>\n<td>EN12167\/ASTM B135<\/td>\n<\/tr>\n<tr>\n<td>Messanschluss<\/td>\n<td>CuZn39Pb1 \/ C37000<\/td>\n<td>EN12167\/ASTM B135<\/td>\n<\/tr>\n<tr>\n<td>O-Ring<\/td>\n<td>EPDM \/ NBR<\/td>\n<td>ISO 4633<\/td>\n<\/tr>\n<tr>\n<td>Handrad<\/td>\n<td>Nylon<\/td>\n<td>ISO 4633<\/td>\n<\/tr>\n<tr>\n<td colspan=\"3\">F\u00fcr nicht aufgef\u00fchrte Materialoptionen wenden Sie sich bitte an das Werk.<\/p>\n<p>ZECO stellt Ventile in mehr als 50 verschiedenen Legierungen her.<\/td>\n<\/tr>\n<\/tbody>\n<\/table>\n<\/div>\n<\/div>\n<\/div>\n<\/div>\n<\/div>\n<\/div>","protected":false},"excerpt":{"rendered":"<p>Ausgleichsventil \u2013 Merkmale des Ausgleichsventils: Gerade Durchflussstruktur, geringer Fl\u00fcssigkeitswiderstand; Handrad zeigt die Anzahl der \u00d6ffnungszyklen zur einfachen Fehlerbehebung an; \u2026 <a title=\"Ausgleichsventil\" class=\"read-more\" href=\"https:\/\/zecovalve.com\/de\/produkt\/balancing-valve\" aria-label=\"Mehr zu Balancing Valve\">Weiterlesen ...<\/a><\/p>","protected":false},"featured_media":27955,"comment_status":"closed","ping_status":"closed","template":"","meta":{"_generate-full-width-content":"","kt_blocks_editor_width":""},"product_cat":[2512],"product_tag":[2724,2654],"class_list":["post-17057","product","type-product","status-publish","has-post-thumbnail","hentry","product_cat-balancing-valve","product_tag-balancing-valve","product_tag-hvac-valve","sales-flash-overlay","woocommerce-text-align-center","woocommerce-image-align-center","do-quantity-buttons"],"featured_image_src_large":["https:\/\/zecovalve.com\/wp-content\/uploads\/2022\/06\/Balancing-Valve-1.jpg",800,600,false],"author_info":[],"comment_info":0,"taxonomy_info":{"product_cat":[{"value":2512,"label":"Balancing Valve"}],"product_tag":[{"value":2724,"label":"Balancing Valve"},{"value":2654,"label":"HVAC Valve"}]},"yoast_head":"<!-- This site is optimized with the Yoast SEO Premium plugin v15.4 - https:\/\/yoast.com\/wordpress\/plugins\/seo\/ -->\n<title>Balancing Valve - ZECO Valve<\/title>\n<meta name=\"robots\" content=\"index, follow, max-snippet:-1, max-image-preview:large, max-video-preview:-1\" \/>\n<link rel=\"canonical\" href=\"https:\/\/zecovalve.com\/de\/produkt\/balancing-valve\" \/>\n<meta property=\"og:locale\" content=\"de_DE\" \/>\n<meta property=\"og:type\" content=\"article\" \/>\n<meta property=\"og:title\" content=\"Balancing Valve - ZECO Valve\" \/>\n<meta property=\"og:description\" content=\"Balancing Valve Festures of Balancing Valve Straight flow structure, low fluid resistance; Handwheel display the number of opening cycles for easy debugging; ... Weiterlesen ...\" \/>\n<meta property=\"og:url\" content=\"https:\/\/zecovalve.com\/de\/produkt\/balancing-valve\" \/>\n<meta property=\"og:site_name\" content=\"ZECO Valve\" \/>\n<meta property=\"article:modified_time\" content=\"2023-06-26T06:01:20+00:00\" \/>\n<meta property=\"og:image\" content=\"https:\/\/zecovalve.com\/wp-content\/uploads\/2022\/06\/Balancing-Valve-1.jpg\" \/>\n\t<meta property=\"og:image:width\" content=\"800\" \/>\n\t<meta property=\"og:image:height\" content=\"600\" \/>\n<meta name=\"twitter:card\" content=\"summary_large_image\" \/>\n<meta name=\"twitter:label1\" content=\"Verfasst von\">\n\t<meta name=\"twitter:data1\" content=\"Jerry\">\n\t<meta name=\"twitter:label2\" content=\"Gesch\u00e4tzte Lesezeit\">\n\t<meta name=\"twitter:data2\" content=\"1\u00a0Minute\">\n<script type=\"application\/ld+json\" class=\"yoast-schema-graph\">{\"@context\":\"https:\/\/schema.org\",\"@graph\":[{\"@type\":\"WebSite\",\"@id\":\"https:\/\/zecovalve.com\/#website\",\"url\":\"https:\/\/zecovalve.com\/\",\"name\":\"ZECO Valve\",\"description\":\"Industrial Ball Valve, Gate Valve and Globe Valve Manufacturer\",\"potentialAction\":[{\"@type\":\"SearchAction\",\"target\":\"https:\/\/zecovalve.com\/?s={search_term_string}\",\"query-input\":\"required name=search_term_string\"}],\"inLanguage\":\"de\"},{\"@type\":\"ImageObject\",\"@id\":\"https:\/\/zecovalve.com\/product\/balancing-valve#primaryimage\",\"inLanguage\":\"de\",\"url\":\"https:\/\/zecovalve.com\/wp-content\/uploads\/2022\/06\/Balancing-Valve-1.jpg\",\"width\":800,\"height\":600,\"caption\":\"Balancing Valve\"},{\"@type\":\"WebPage\",\"@id\":\"https:\/\/zecovalve.com\/product\/balancing-valve#webpage\",\"url\":\"https:\/\/zecovalve.com\/product\/balancing-valve\",\"name\":\"Balancing Valve - ZECO Valve\",\"isPartOf\":{\"@id\":\"https:\/\/zecovalve.com\/#website\"},\"primaryImageOfPage\":{\"@id\":\"https:\/\/zecovalve.com\/product\/balancing-valve#primaryimage\"},\"datePublished\":\"2022-06-26T07:46:28+00:00\",\"dateModified\":\"2023-06-26T06:01:20+00:00\",\"breadcrumb\":{\"@id\":\"https:\/\/zecovalve.com\/product\/balancing-valve#breadcrumb\"},\"inLanguage\":\"de\",\"potentialAction\":[{\"@type\":\"ReadAction\",\"target\":[\"https:\/\/zecovalve.com\/product\/balancing-valve\"]}]},{\"@type\":\"BreadcrumbList\",\"@id\":\"https:\/\/zecovalve.com\/product\/balancing-valve#breadcrumb\",\"itemListElement\":[{\"@type\":\"ListItem\",\"position\":1,\"item\":{\"@type\":\"WebPage\",\"@id\":\"https:\/\/zecovalve.com\/\",\"url\":\"https:\/\/zecovalve.com\/\",\"name\":\"Home\"}},{\"@type\":\"ListItem\",\"position\":2,\"item\":{\"@type\":\"WebPage\",\"@id\":\"https:\/\/zecovalve.com\/product-category\",\"url\":\"https:\/\/zecovalve.com\/product-category\",\"name\":\"Industrial Valve Manufacturer | Water Valve Manufacturer\"}},{\"@type\":\"ListItem\",\"position\":3,\"item\":{\"@type\":\"WebPage\",\"@id\":\"https:\/\/zecovalve.com\/product\/balancing-valve\",\"url\":\"https:\/\/zecovalve.com\/product\/balancing-valve\",\"name\":\"Balancing Valve\"}}]}]}<\/script>\n<!-- \/ Yoast SEO Premium plugin. -->","_links":{"self":[{"href":"https:\/\/zecovalve.com\/de\/wp-json\/wp\/v2\/product\/17057","targetHints":{"allow":["GET"]}}],"collection":[{"href":"https:\/\/zecovalve.com\/de\/wp-json\/wp\/v2\/product"}],"about":[{"href":"https:\/\/zecovalve.com\/de\/wp-json\/wp\/v2\/types\/product"}],"replies":[{"embeddable":true,"href":"https:\/\/zecovalve.com\/de\/wp-json\/wp\/v2\/comments?post=17057"}],"wp:featuredmedia":[{"embeddable":true,"href":"https:\/\/zecovalve.com\/de\/wp-json\/wp\/v2\/media\/27955"}],"wp:attachment":[{"href":"https:\/\/zecovalve.com\/de\/wp-json\/wp\/v2\/media?parent=17057"}],"wp:term":[{"taxonomy":"product_cat","embeddable":true,"href":"https:\/\/zecovalve.com\/de\/wp-json\/wp\/v2\/product_cat?post=17057"},{"taxonomy":"product_tag","embeddable":true,"href":"https:\/\/zecovalve.com\/de\/wp-json\/wp\/v2\/product_tag?post=17057"}],"curies":[{"name":"wp","href":"https:\/\/api.w.org\/{rel}","templated":true}]}}