{"id":17071,"date":"2022-06-27T05:36:53","date_gmt":"2022-06-27T05:36:53","guid":{"rendered":"https:\/\/zecovalve.com\/?post_type=product&#038;p=17071"},"modified":"2023-06-26T05:29:52","modified_gmt":"2023-06-26T05:29:52","slug":"modulating-float-valve","status":"publish","type":"product","link":"https:\/\/zecovalve.com\/de\/produkt\/modulating-float-valve","title":{"rendered":"Modulierendes Schwimmerventil"},"content":{"rendered":"<div class=\"sep-pages-boxs bgs clearfix\">\n<div class=\"sep-container clearfix\">\n<h1 class=\"titles sizes1 cens gtj-ff-bold\">Modulierendes Schwimmerventil<\/h1>\n<div class=\"bq-sep-pro-detail-thumbs ons clearfix\">\n<div class=\"thumbs\">\n<div class=\"imgs ons\">\n<div class=\"swiper-container swiper-container-initialized swiper-container-horizontal\">\n<div class=\"swiper-wrapper\">\n<div class=\"swiper-slide swiper-slide-active\">\n<figure id=\"attachment_17069\" aria-describedby=\"caption-attachment-17069\" style=\"width: 290px\" class=\"wp-caption alignnone\"><img loading=\"lazy\" decoding=\"async\" class=\"size-medium wp-image-17069\" src=\"https:\/\/zecovalve.com\/wp-content\/uploads\/2022\/06\/modulating-float-valve-1-300x273.jpg\" alt=\"Modulierendes Schwimmerventil\" width=\"300\" height=\"273\" srcset=\"https:\/\/zecovalve.com\/wp-content\/uploads\/2022\/06\/modulating-float-valve-1-300x273.jpg 300w, https:\/\/zecovalve.com\/wp-content\/uploads\/2022\/06\/modulating-float-valve-1.jpg 330w\" sizes=\"auto, (max-width: 300px) 100vw, 300px\" \/><figcaption id=\"caption-attachment-17069\" class=\"wp-caption-text\">Modulierendes Schwimmerventil<\/figcaption><\/figure>\n<\/div>\n<\/div>\n<\/div>\n<div class=\"lr-lists-boxs\"><\/div>\n<\/div>\n<\/div>\n<\/div>\n<\/div>\n<\/div>\n<div class=\"sep-pages-boxs clearfix\">\n<div class=\"sep-container clearfix\">\n<div id=\"zf-nexts\" class=\"flex clearfix\">\n<div class=\"bq-zf-lefts\">\n<div class=\"richtext\">\n<h2>Merkmale des modulierenden Schwimmerventils<\/h2>\n<div class=\"text-center\"><img loading=\"lazy\" decoding=\"async\" class=\"alignnone size-medium wp-image-17053\" src=\"https:\/\/zecovalve.com\/wp-content\/uploads\/2022\/06\/surge-anticipating-valve-features-300x225.png\" alt=\"\" width=\"300\" height=\"225\" srcset=\"https:\/\/zecovalve.com\/wp-content\/uploads\/2022\/06\/surge-anticipating-valve-features-300x225.png 300w, https:\/\/zecovalve.com\/wp-content\/uploads\/2022\/06\/surge-anticipating-valve-features.png 600w\" sizes=\"auto, (max-width: 300px) 100vw, 300px\" \/><\/div>\n<ul class=\"list-paddingleft-2\">\n<li>Stabile und zuverl\u00e4ssige Arbeit, gro\u00dfer Durchfluss;<\/li>\n<li>Scheibe schnell \u00f6ffnen und langsam schlie\u00dfen, kein Wasserschlag;<\/li>\n<li>Gute Dichtwirkung und lange Lebensdauer;<\/li>\n<li>Kann an jedem beliebigen Ort entsprechend der H\u00f6he des Wassertanks und des Arbeitsraums installiert werden.<\/li>\n<\/ul>\n<\/div>\n<div class=\"richtext\">\n<h2>Funktionsprinzip des modulierenden Schwimmerventils<\/h2>\n<div class=\"text-center\"><img loading=\"lazy\" decoding=\"async\" class=\"alignnone size-medium wp-image-17072\" src=\"https:\/\/zecovalve.com\/wp-content\/uploads\/2022\/06\/modulating-float-valve-principle-300x225.jpg\" alt=\"\" width=\"300\" height=\"225\" srcset=\"https:\/\/zecovalve.com\/wp-content\/uploads\/2022\/06\/modulating-float-valve-principle-300x225.jpg 300w, https:\/\/zecovalve.com\/wp-content\/uploads\/2022\/06\/modulating-float-valve-principle.jpg 600w\" sizes=\"auto, (max-width: 300px) 100vw, 300px\" \/><\/div>\n<p>Wenn die Leitung Wasser vom Einlassende liefert, gelangt Wasser durch den Mikrofilter, das Nadelventil, den Kontrollraum, das Kugelventil und das Schwimmerkugelventil in den Wassertank, da Nadelventil, Kugelventil und Schwimmerkugelventil normalerweise ge\u00f6ffnet sind. Zu diesem Zeitpunkt herrscht im Kontrollraum kein Druck. Wenn der Wasserstand des Wasserturms auf die eingestellte H\u00f6he steigt, schlie\u00dft der Kugelschwimmer das Kugelschwimmerventil, steuert den Anstieg des Wasserdrucks im Innenbereich, dr\u00fcckt das Hauptventil zum Schlie\u00dfen und stoppt die Wasserzufuhr. Wenn der Wasserstand sinkt, \u00f6ffnet sich das Schwimmerventil wieder, der Wasserdruck im Kontrollraum sinkt und das Hauptventil \u00f6ffnet sich erneut, um die Wasserzufuhr fortzusetzen und die eingestellte H\u00f6he des Fl\u00fcssigkeitsstands beizubehalten.<\/p>\n<\/div>\n<div class=\"richtext\">\n<h2>Modulierendes Schwimmerventil \u2013 Installation und Inbetriebnahme<\/h2>\n<div class=\"text-center\"><img loading=\"lazy\" decoding=\"async\" class=\"alignnone size-medium wp-image-17073\" src=\"https:\/\/zecovalve.com\/wp-content\/uploads\/2022\/06\/modulating-float-valve-installation-and-commissioning-300x225.jpg\" alt=\"\" width=\"300\" height=\"225\" srcset=\"https:\/\/zecovalve.com\/wp-content\/uploads\/2022\/06\/modulating-float-valve-installation-and-commissioning-300x225.jpg 300w, https:\/\/zecovalve.com\/wp-content\/uploads\/2022\/06\/modulating-float-valve-installation-and-commissioning.jpg 600w\" sizes=\"auto, (max-width: 300px) 100vw, 300px\" \/><\/div>\n<p>F\u00fcr ferngesteuerte Kugelschwimmerventile ist eine horizontale Installation vorzuziehen. Das Hauptventil und das Kugelschwimmer-Pilotventil k\u00f6nnen als Ganzes ferngesteuert installiert werden. Dieses Ventil wird im Wassersystem installiert und ausgetestet. Das Kugelventil wird ge\u00f6ffnet. Das Nadelventil des Hauptventils wird f\u00fcr 2 bis 4 Runden ge\u00f6ffnet. Das Kugelventil wird vollst\u00e4ndig ge\u00f6ffnet. F\u00fcr spezielle Verwendungszwecke wenden Sie sich bitte an die Zeco Valve Group.<\/p>\n<\/div>\n<div class=\"richtext\">\n<h2>Modulierendes Schwimmerventil Material und Standard<\/h2>\n<p>Gr\u00f6\u00dfenbereich: 2\u2033~24\u2033<br \/>\nDruckstufe: 10bar ~ 25bar<\/p>\n<p>Abmessungen von Angesicht zu Angesicht: AMSE B16.10, EN558-1<\/p>\n<p>Flanschendma\u00df:AMSE B16.1\/16.42, AS4087, EN1092-2<\/p>\n<p>Beschichtung: Schmelzgebundene Epoxid-Beschichtung<\/p>\n<p>Inspektion und Pr\u00fcfung: ISO 5208 \/ EN 12226-2<\/p>\n<div class=\"over-tabs\">\n<table cellspacing=\"0\">\n<tbody>\n<tr class=\"firstRow\">\n<td valign=\"center\">Teil<\/td>\n<td valign=\"center\">Material<\/td>\n<td valign=\"center\">Standard<\/td>\n<\/tr>\n<tr>\n<td valign=\"center\">K\u00f6rper<\/td>\n<td valign=\"center\">Sph\u00e4roguss<\/td>\n<td valign=\"center\">EN 1563\/DIN 1693<\/td>\n<\/tr>\n<tr>\n<td valign=\"center\">Motorhaube<\/td>\n<td valign=\"center\">Sph\u00e4roguss<\/td>\n<td valign=\"center\">EN 1563\/DIN 1693<\/td>\n<\/tr>\n<tr>\n<td valign=\"center\">Trimmen<\/td>\n<td valign=\"center\">Edelstahl 304<\/td>\n<td valign=\"center\">EN10088-1\/ASTM A959<\/td>\n<\/tr>\n<tr>\n<td valign=\"center\">Sitz<\/td>\n<td valign=\"center\">Edelstahl 304<\/td>\n<td valign=\"center\">EN10088-1\/ASTM A959<\/td>\n<\/tr>\n<tr>\n<td valign=\"center\">Membran<\/td>\n<td valign=\"center\">EPDM \/ NBR<\/td>\n<td valign=\"center\">ISO 4633<\/td>\n<\/tr>\n<tr>\n<td valign=\"center\">Vorsteuerventil<\/td>\n<td valign=\"center\">Edelstahl 304<\/td>\n<td valign=\"center\">EN10088-1\/ASTM A959<\/td>\n<\/tr>\n<tr>\n<td colspan=\"3\" valign=\"center\">Informationen zu nicht aufgef\u00fchrten Materialoptionen erhalten Sie im Werk.<\/p>\n<p>Zeco fertigt Ventile aus \u00fcber 50 verschiedenen Legierungen.<\/td>\n<\/tr>\n<\/tbody>\n<\/table>\n<\/div>\n<\/div>\n<\/div>\n<\/div>\n<\/div>\n<\/div>","protected":false},"excerpt":{"rendered":"<p>Modulierendes Schwimmerventil. Merkmale des modulierenden Schwimmerventils: Stabile und zuverl\u00e4ssige Arbeit, gro\u00dfer Durchfluss; Scheibe \u00f6ffnet schnell und schlie\u00dft langsam, kein Wasser \u2026 <a title=\"Modulierendes Schwimmerventil\" class=\"read-more\" href=\"https:\/\/zecovalve.com\/de\/produkt\/modulating-float-valve\" aria-label=\"Mehr zu Modulierendes Schwimmerventil\">Weiterlesen ...<\/a><\/p>","protected":false},"featured_media":27946,"comment_status":"closed","ping_status":"closed","template":"","meta":{"_generate-full-width-content":"","kt_blocks_editor_width":""},"product_cat":[2526],"product_tag":[],"class_list":["post-17071","product","type-product","status-publish","has-post-thumbnail","hentry","product_cat-water-control-valve","sales-flash-overlay","woocommerce-text-align-center","woocommerce-image-align-center","do-quantity-buttons"],"featured_image_src_large":["https:\/\/zecovalve.com\/wp-content\/uploads\/2022\/06\/Modulating-Float-Valve-2.jpg",800,600,false],"author_info":[],"comment_info":0,"taxonomy_info":{"product_cat":[{"value":2526,"label":"Water Control Valve"}]},"yoast_head":"<!-- This site is optimized with the Yoast SEO Premium plugin v15.4 - https:\/\/yoast.com\/wordpress\/plugins\/seo\/ -->\n<title>Modulating Float Valve - ZECO Valve<\/title>\n<meta name=\"robots\" content=\"index, follow, max-snippet:-1, max-image-preview:large, max-video-preview:-1\" \/>\n<link rel=\"canonical\" href=\"https:\/\/zecovalve.com\/de\/produkt\/modulating-float-valve\" \/>\n<meta property=\"og:locale\" content=\"de_DE\" \/>\n<meta property=\"og:type\" content=\"article\" \/>\n<meta property=\"og:title\" content=\"Modulating Float Valve - ZECO Valve\" \/>\n<meta property=\"og:description\" content=\"Modulating Float Valve Features of Modulating Float Valve Stable and reliable work, large flow; Disc fast open and slow closed, no water ... Weiterlesen ...\" \/>\n<meta property=\"og:url\" content=\"https:\/\/zecovalve.com\/de\/produkt\/modulating-float-valve\" \/>\n<meta property=\"og:site_name\" content=\"ZECO Valve\" \/>\n<meta property=\"article:modified_time\" content=\"2023-06-26T05:29:52+00:00\" \/>\n<meta property=\"og:image\" content=\"https:\/\/zecovalve.com\/wp-content\/uploads\/2022\/06\/Modulating-Float-Valve-2.jpg\" \/>\n\t<meta property=\"og:image:width\" content=\"800\" \/>\n\t<meta property=\"og:image:height\" content=\"600\" \/>\n<meta name=\"twitter:card\" content=\"summary_large_image\" \/>\n<meta name=\"twitter:label1\" content=\"Verfasst von\">\n\t<meta name=\"twitter:data1\" content=\"Jerry\">\n\t<meta name=\"twitter:label2\" content=\"Gesch\u00e4tzte Lesezeit\">\n\t<meta name=\"twitter:data2\" content=\"1\u00a0Minute\">\n<script type=\"application\/ld+json\" class=\"yoast-schema-graph\">{\"@context\":\"https:\/\/schema.org\",\"@graph\":[{\"@type\":\"WebSite\",\"@id\":\"https:\/\/zecovalve.com\/#website\",\"url\":\"https:\/\/zecovalve.com\/\",\"name\":\"ZECO Valve\",\"description\":\"Industrial Ball Valve, Gate Valve and Globe Valve Manufacturer\",\"potentialAction\":[{\"@type\":\"SearchAction\",\"target\":\"https:\/\/zecovalve.com\/?s={search_term_string}\",\"query-input\":\"required name=search_term_string\"}],\"inLanguage\":\"de\"},{\"@type\":\"ImageObject\",\"@id\":\"https:\/\/zecovalve.com\/product\/modulating-float-valve#primaryimage\",\"inLanguage\":\"de\",\"url\":\"https:\/\/zecovalve.com\/wp-content\/uploads\/2022\/06\/Modulating-Float-Valve-2.jpg\",\"width\":800,\"height\":600,\"caption\":\"Modulating Float Valve\"},{\"@type\":\"WebPage\",\"@id\":\"https:\/\/zecovalve.com\/product\/modulating-float-valve#webpage\",\"url\":\"https:\/\/zecovalve.com\/product\/modulating-float-valve\",\"name\":\"Modulating Float Valve - ZECO Valve\",\"isPartOf\":{\"@id\":\"https:\/\/zecovalve.com\/#website\"},\"primaryImageOfPage\":{\"@id\":\"https:\/\/zecovalve.com\/product\/modulating-float-valve#primaryimage\"},\"datePublished\":\"2022-06-27T05:36:53+00:00\",\"dateModified\":\"2023-06-26T05:29:52+00:00\",\"breadcrumb\":{\"@id\":\"https:\/\/zecovalve.com\/product\/modulating-float-valve#breadcrumb\"},\"inLanguage\":\"de\",\"potentialAction\":[{\"@type\":\"ReadAction\",\"target\":[\"https:\/\/zecovalve.com\/product\/modulating-float-valve\"]}]},{\"@type\":\"BreadcrumbList\",\"@id\":\"https:\/\/zecovalve.com\/product\/modulating-float-valve#breadcrumb\",\"itemListElement\":[{\"@type\":\"ListItem\",\"position\":1,\"item\":{\"@type\":\"WebPage\",\"@id\":\"https:\/\/zecovalve.com\/\",\"url\":\"https:\/\/zecovalve.com\/\",\"name\":\"Home\"}},{\"@type\":\"ListItem\",\"position\":2,\"item\":{\"@type\":\"WebPage\",\"@id\":\"https:\/\/zecovalve.com\/product-category\",\"url\":\"https:\/\/zecovalve.com\/product-category\",\"name\":\"Industrial Valve Manufacturer | Water Valve Manufacturer\"}},{\"@type\":\"ListItem\",\"position\":3,\"item\":{\"@type\":\"WebPage\",\"@id\":\"https:\/\/zecovalve.com\/product\/modulating-float-valve\",\"url\":\"https:\/\/zecovalve.com\/product\/modulating-float-valve\",\"name\":\"Modulating Float Valve\"}}]}]}<\/script>\n<!-- \/ Yoast SEO Premium plugin. -->","_links":{"self":[{"href":"https:\/\/zecovalve.com\/de\/wp-json\/wp\/v2\/product\/17071","targetHints":{"allow":["GET"]}}],"collection":[{"href":"https:\/\/zecovalve.com\/de\/wp-json\/wp\/v2\/product"}],"about":[{"href":"https:\/\/zecovalve.com\/de\/wp-json\/wp\/v2\/types\/product"}],"replies":[{"embeddable":true,"href":"https:\/\/zecovalve.com\/de\/wp-json\/wp\/v2\/comments?post=17071"}],"wp:featuredmedia":[{"embeddable":true,"href":"https:\/\/zecovalve.com\/de\/wp-json\/wp\/v2\/media\/27946"}],"wp:attachment":[{"href":"https:\/\/zecovalve.com\/de\/wp-json\/wp\/v2\/media?parent=17071"}],"wp:term":[{"taxonomy":"product_cat","embeddable":true,"href":"https:\/\/zecovalve.com\/de\/wp-json\/wp\/v2\/product_cat?post=17071"},{"taxonomy":"product_tag","embeddable":true,"href":"https:\/\/zecovalve.com\/de\/wp-json\/wp\/v2\/product_tag?post=17071"}],"curies":[{"name":"wp","href":"https:\/\/api.w.org\/{rel}","templated":true}]}}