{"id":17081,"date":"2022-06-27T05:52:25","date_gmt":"2022-06-27T05:52:25","guid":{"rendered":"https:\/\/zecovalve.com\/?post_type=product&#038;p=17081"},"modified":"2023-06-26T06:44:53","modified_gmt":"2023-06-26T06:44:53","slug":"combination-air-valve","status":"publish","type":"product","link":"https:\/\/zecovalve.com\/de\/produkt\/combination-air-valve","title":{"rendered":"Kombi-Luftventil"},"content":{"rendered":"<div class=\"sep-pages-boxs bgs clearfix\">\n<div class=\"sep-container clearfix\">\n<h1 class=\"titles sizes1 cens gtj-ff-bold\">Kombi-Luftventil<\/h1>\n<div class=\"bq-sep-pro-detail-thumbs ons clearfix\">\n<div class=\"thumbs\">\n<div class=\"imgs ons\">\n<div class=\"swiper-container swiper-container-initialized swiper-container-horizontal\">\n<div class=\"swiper-wrapper\">\n<div class=\"swiper-slide swiper-slide-active\">\n<figure id=\"attachment_16966\" aria-describedby=\"caption-attachment-16966\" style=\"width: 290px\" class=\"wp-caption alignnone\"><img loading=\"lazy\" decoding=\"async\" class=\"size-medium wp-image-16966\" src=\"https:\/\/zecovalve.com\/wp-content\/uploads\/2022\/06\/combination-air-valve-300x273.jpg\" alt=\"Kombi-Luftventil\" width=\"300\" height=\"273\" srcset=\"https:\/\/zecovalve.com\/wp-content\/uploads\/2022\/06\/combination-air-valve-300x273.jpg 300w, https:\/\/zecovalve.com\/wp-content\/uploads\/2022\/06\/combination-air-valve.jpg 330w\" sizes=\"auto, (max-width: 300px) 100vw, 300px\" \/><figcaption id=\"caption-attachment-16966\" class=\"wp-caption-text\">Kombination <a href=\"https:\/\/zecovalve.com\/de\/what-is-an-air-valve-air-valve-types-air-release-valve.html\/\" data-internallinksmanager029f6b8e52c=\"1\" title=\"Luftventil\" target=\"_blank\" rel=\"noopener\">Luftventil<\/a><\/figcaption><\/figure>\n<\/div>\n<\/div>\n<\/div>\n<div class=\"lr-lists-boxs\"><\/div>\n<\/div>\n<\/div>\n<\/div>\n<\/div>\n<\/div>\n<div class=\"sep-pages-boxs clearfix\">\n<div class=\"sep-container clearfix\">\n<div id=\"zf-nexts\" class=\"flex clearfix\">\n<div class=\"bq-zf-lefts\">\n<div class=\"richtext\">\n<h2>Merkmale des Kombinationsluftventils<\/h2>\n<div class=\"text-center\">\u00a0\u00a0<img loading=\"lazy\" decoding=\"async\" class=\"alignnone size-medium wp-image-17084\" src=\"https:\/\/zecovalve.com\/wp-content\/uploads\/2022\/06\/single-body-combination-air-valve-features-300x225.png\" alt=\"\" width=\"300\" height=\"225\" srcset=\"https:\/\/zecovalve.com\/wp-content\/uploads\/2022\/06\/single-body-combination-air-valve-features-300x225.png 300w, https:\/\/zecovalve.com\/wp-content\/uploads\/2022\/06\/single-body-combination-air-valve-features.png 600w\" sizes=\"auto, (max-width: 300px) 100vw, 300px\" \/><\/div>\n<ul class=\"list-paddingleft-2\">\n<li>Absaugen bei Unterdruck;<\/li>\n<li>Schnelles Auspuffrohr;<\/li>\n<li>Nur der Auspuff l\u00e4uft nicht ab;<\/li>\n<li>Leichter Auspuff und gro\u00df.<\/li>\n<\/ul>\n<\/div>\n<div class=\"richtext\">\n<h2>Funktionsprinzip eines kombinierten Luftventils<\/h2>\n<div class=\"text-center\"><img loading=\"lazy\" decoding=\"async\" class=\"alignnone size-medium wp-image-17082\" src=\"https:\/\/zecovalve.com\/wp-content\/uploads\/2022\/06\/combination-air-valve-principle-300x250.png\" alt=\"\" width=\"300\" height=\"250\" srcset=\"https:\/\/zecovalve.com\/wp-content\/uploads\/2022\/06\/combination-air-valve-principle-300x250.png 300w, https:\/\/zecovalve.com\/wp-content\/uploads\/2022\/06\/combination-air-valve-principle.png 600w\" sizes=\"auto, (max-width: 300px) 100vw, 300px\" \/><\/div>\n<p>Wenn die Wassereinspritzung im Rohr beginnt, ist die Scheibe in ge\u00f6ffneter Position, es wird viel Luft ausgesto\u00dfen, wenn die Luftleitung nach oben geht, ist das Ventil voll mit Wasser, die schwimmende Kugel steigt nach oben und dr\u00fcckt das Ventil in die geschlossene Position, wodurch die Luftaussto\u00dfung gestoppt wird. Wenn das Wasserrohr normal transportiert wird, f\u00e4llt der Wasserstand im Ventil, wenn sich eine kleine Menge Luft bis zu einem gewissen Grad befindet, und die schwimmende Kugel f\u00e4llt ab, die Luft wird aus den L\u00f6chern ausgesto\u00dfen. Wenn die Pumpe stoppt, ist der Wasserfluss im Rohr leer oder es entsteht Unterdruck im Rohr. Zu diesem Zeitpunkt wird der Stopfen schnell ge\u00f6ffnet und die Luft wird eingesaugt, um die Sicherheit des Rohrs zu gew\u00e4hrleisten.<\/p>\n<\/div>\n<div class=\"richtext\">\n<h2>Installation und Inbetriebnahme eines kombinierten Luftventils<\/h2>\n<div class=\"text-center\"><img loading=\"lazy\" decoding=\"async\" class=\"alignnone size-medium wp-image-17083\" src=\"https:\/\/zecovalve.com\/wp-content\/uploads\/2022\/06\/combination-air-valve-typical-applications-300x250.png\" alt=\"\" width=\"300\" height=\"250\" srcset=\"https:\/\/zecovalve.com\/wp-content\/uploads\/2022\/06\/combination-air-valve-typical-applications-300x250.png 300w, https:\/\/zecovalve.com\/wp-content\/uploads\/2022\/06\/combination-air-valve-typical-applications.png 600w\" sizes=\"auto, (max-width: 300px) 100vw, 300px\" \/><\/div>\n<p>Dieses Ventil wird in der Regel am h\u00f6chsten Punkt des Systems installiert, wie das Anziehen der Haube auf dem Ventilk\u00f6rper, die\u00a0<a href=\"https:\/\/zecovalve.com\/de\/what-is-an-air-valve-air-valve-types-air-release-valve.html\/\" data-internallinksmanager029f6b8e52c=\"1\" title=\"Luftventil\" target=\"_blank\" rel=\"noopener\">Luftventil<\/a>\u00a0stoppt den Auspuff, normalerweise sollte die Motorhaube ge\u00f6ffnet sein.\u00a0<a href=\"https:\/\/zecovalve.com\/de\/what-is-an-air-valve-air-valve-types-air-release-valve.html\/\" data-internallinksmanager029f6b8e52c=\"1\" title=\"Luftventil\" target=\"_blank\" rel=\"noopener\">Luftventil<\/a>\u00a0kann auch mit dem Blockventil verwendet werden, bequeme Wartung des Auslassventils. F\u00fcr spezielle Verwendungszwecke wenden Sie sich bitte an die ZECO Valve Group.<\/p>\n<\/div>\n<div class=\"richtext\">\n<h2>Kombination Luftventilmaterial und Standard<\/h2>\n<p>Gr\u00f6\u00dfenbereich: 2\u2033~8\u2033<\/p>\n<p>Druckstufe: 10bar ~ 25bar<\/p>\n<p>Abmessungen von Angesicht zu Angesicht: AMSE B16.10, EN558-1<\/p>\n<p>Flanschende Abmessung: AMSE B16.1\/16.42, AS4087, EN1092-2<\/p>\n<p>Beschichtung: Schmelzgebundene Epoxid-Beschichtung<\/p>\n<p>Inspektion und Pr\u00fcfung: ISO 5208 \/ EN 12226-2<\/p>\n<div class=\"over-tabs\">\n<table width=\"1389\">\n<tbody>\n<tr class=\"firstRow\">\n<td>Teil<\/td>\n<td>Material<\/td>\n<td>Standard<\/td>\n<\/tr>\n<tr>\n<td>K\u00f6rper<\/td>\n<td>Sph\u00e4roguss<\/td>\n<td>EN 1563\/DIN 1693<\/td>\n<\/tr>\n<tr>\n<td>Motorhaube<\/td>\n<td>Sph\u00e4roguss<\/td>\n<td>EN 1563\/DIN 1693<\/td>\n<\/tr>\n<tr>\n<td>Dunstabzugshaube<\/td>\n<td>Sph\u00e4roguss<\/td>\n<td>EN 1563\/DIN 1693<\/td>\n<\/tr>\n<tr>\n<td>Schwimmerball<\/td>\n<td>Rostfreier Stahl 431<\/td>\n<td>EN10088-1\/ASTM A959<\/td>\n<\/tr>\n<tr>\n<td>Sieb<\/td>\n<td>Rostfreier Stahl 431<\/td>\n<td>EN10088-1\/ASTM A959<\/td>\n<\/tr>\n<tr>\n<td>Siegel<\/td>\n<td>EPDM \/ NBR<\/td>\n<td>ISO 4633<\/td>\n<\/tr>\n<tr>\n<td colspan=\"3\">F\u00fcr nicht aufgef\u00fchrte Materialoptionen wenden Sie sich bitte an das Werk.<\/p>\n<p>ZECO stellt Ventile in mehr als 50 verschiedenen Legierungen her.<\/td>\n<\/tr>\n<\/tbody>\n<\/table>\n<\/div>\n<\/div>\n<\/div>\n<\/div>\n<\/div>\n<\/div>","protected":false},"excerpt":{"rendered":"<p>Kombinations-Luftventil. Merkmale des Kombinations-Luftventils: Ansaugen bei Unterdruck; schnelles Ausblasen; nur Ausblasen, kein Abflie\u00dfen; leichtes Ausblasen und gro\u00df. \u2026 <a title=\"Kombi-Luftventil\" class=\"read-more\" href=\"https:\/\/zecovalve.com\/de\/produkt\/combination-air-valve\" aria-label=\"Mehr zu Kombinations-Luftventil\">Weiterlesen ...<\/a><\/p>","protected":false},"featured_media":27969,"comment_status":"closed","ping_status":"closed","template":"","meta":{"_generate-full-width-content":"","kt_blocks_editor_width":""},"product_cat":[2520],"product_tag":[2796,2765],"class_list":["post-17081","product","type-product","status-publish","has-post-thumbnail","hentry","product_cat-air-valve","product_tag-air-vent-valve","product_tag-vent-valve","sales-flash-overlay","woocommerce-text-align-center","woocommerce-image-align-center","do-quantity-buttons"],"featured_image_src_large":["https:\/\/zecovalve.com\/wp-content\/uploads\/2022\/06\/Combination-Air-Valve-1.jpg",800,600,false],"author_info":[],"comment_info":0,"taxonomy_info":{"product_cat":[{"value":2520,"label":"Air Valve Manufacturer and Supplier"}],"product_tag":[{"value":2796,"label":"Air Vent Valve"},{"value":2765,"label":"Vent Valve"}]},"yoast_head":"<!-- This site is optimized with the Yoast SEO Premium plugin v15.4 - https:\/\/yoast.com\/wordpress\/plugins\/seo\/ -->\n<title>Combination Air Valve - ZECO Valve<\/title>\n<meta name=\"robots\" content=\"index, follow, max-snippet:-1, max-image-preview:large, max-video-preview:-1\" \/>\n<link rel=\"canonical\" href=\"https:\/\/zecovalve.com\/de\/produkt\/combination-air-valve\" \/>\n<meta property=\"og:locale\" content=\"de_DE\" \/>\n<meta property=\"og:type\" content=\"article\" \/>\n<meta property=\"og:title\" content=\"Combination Air Valve - ZECO Valve\" \/>\n<meta property=\"og:description\" content=\"Combination Air Valve Festures of Combination Air Valve \u00a0\u00a0 Suction at negative pressure\uff1b Fast exhaust\uff1b Exhaust only does not drain\uff1b Slight\u00a0exhaust\u00a0and large. ... Weiterlesen ...\" \/>\n<meta property=\"og:url\" content=\"https:\/\/zecovalve.com\/de\/produkt\/combination-air-valve\" \/>\n<meta property=\"og:site_name\" content=\"ZECO Valve\" \/>\n<meta property=\"article:modified_time\" content=\"2023-06-26T06:44:53+00:00\" \/>\n<meta property=\"og:image\" content=\"https:\/\/zecovalve.com\/wp-content\/uploads\/2022\/06\/Combination-Air-Valve-1.jpg\" \/>\n\t<meta property=\"og:image:width\" content=\"800\" \/>\n\t<meta property=\"og:image:height\" content=\"600\" \/>\n<meta name=\"twitter:card\" content=\"summary_large_image\" \/>\n<meta name=\"twitter:label1\" content=\"Verfasst von\">\n\t<meta name=\"twitter:data1\" content=\"Jerry\">\n\t<meta name=\"twitter:label2\" content=\"Gesch\u00e4tzte Lesezeit\">\n\t<meta name=\"twitter:data2\" content=\"1\u00a0Minute\">\n<script type=\"application\/ld+json\" class=\"yoast-schema-graph\">{\"@context\":\"https:\/\/schema.org\",\"@graph\":[{\"@type\":\"WebSite\",\"@id\":\"https:\/\/zecovalve.com\/#website\",\"url\":\"https:\/\/zecovalve.com\/\",\"name\":\"ZECO Valve\",\"description\":\"Industrial Ball Valve, Gate Valve and Globe Valve Manufacturer\",\"potentialAction\":[{\"@type\":\"SearchAction\",\"target\":\"https:\/\/zecovalve.com\/?s={search_term_string}\",\"query-input\":\"required name=search_term_string\"}],\"inLanguage\":\"de\"},{\"@type\":\"ImageObject\",\"@id\":\"https:\/\/zecovalve.com\/product\/combination-air-valve#primaryimage\",\"inLanguage\":\"de\",\"url\":\"https:\/\/zecovalve.com\/wp-content\/uploads\/2022\/06\/Combination-Air-Valve-1.jpg\",\"width\":800,\"height\":600,\"caption\":\"Combination Air Valve\"},{\"@type\":\"WebPage\",\"@id\":\"https:\/\/zecovalve.com\/product\/combination-air-valve#webpage\",\"url\":\"https:\/\/zecovalve.com\/product\/combination-air-valve\",\"name\":\"Combination Air Valve - ZECO Valve\",\"isPartOf\":{\"@id\":\"https:\/\/zecovalve.com\/#website\"},\"primaryImageOfPage\":{\"@id\":\"https:\/\/zecovalve.com\/product\/combination-air-valve#primaryimage\"},\"datePublished\":\"2022-06-27T05:52:25+00:00\",\"dateModified\":\"2023-06-26T06:44:53+00:00\",\"breadcrumb\":{\"@id\":\"https:\/\/zecovalve.com\/product\/combination-air-valve#breadcrumb\"},\"inLanguage\":\"de\",\"potentialAction\":[{\"@type\":\"ReadAction\",\"target\":[\"https:\/\/zecovalve.com\/product\/combination-air-valve\"]}]},{\"@type\":\"BreadcrumbList\",\"@id\":\"https:\/\/zecovalve.com\/product\/combination-air-valve#breadcrumb\",\"itemListElement\":[{\"@type\":\"ListItem\",\"position\":1,\"item\":{\"@type\":\"WebPage\",\"@id\":\"https:\/\/zecovalve.com\/\",\"url\":\"https:\/\/zecovalve.com\/\",\"name\":\"Home\"}},{\"@type\":\"ListItem\",\"position\":2,\"item\":{\"@type\":\"WebPage\",\"@id\":\"https:\/\/zecovalve.com\/product-category\",\"url\":\"https:\/\/zecovalve.com\/product-category\",\"name\":\"Industrial Valve Manufacturer | Water Valve Manufacturer\"}},{\"@type\":\"ListItem\",\"position\":3,\"item\":{\"@type\":\"WebPage\",\"@id\":\"https:\/\/zecovalve.com\/product\/combination-air-valve\",\"url\":\"https:\/\/zecovalve.com\/product\/combination-air-valve\",\"name\":\"Combination Air Valve\"}}]}]}<\/script>\n<!-- \/ Yoast SEO Premium plugin. -->","_links":{"self":[{"href":"https:\/\/zecovalve.com\/de\/wp-json\/wp\/v2\/product\/17081","targetHints":{"allow":["GET"]}}],"collection":[{"href":"https:\/\/zecovalve.com\/de\/wp-json\/wp\/v2\/product"}],"about":[{"href":"https:\/\/zecovalve.com\/de\/wp-json\/wp\/v2\/types\/product"}],"replies":[{"embeddable":true,"href":"https:\/\/zecovalve.com\/de\/wp-json\/wp\/v2\/comments?post=17081"}],"wp:featuredmedia":[{"embeddable":true,"href":"https:\/\/zecovalve.com\/de\/wp-json\/wp\/v2\/media\/27969"}],"wp:attachment":[{"href":"https:\/\/zecovalve.com\/de\/wp-json\/wp\/v2\/media?parent=17081"}],"wp:term":[{"taxonomy":"product_cat","embeddable":true,"href":"https:\/\/zecovalve.com\/de\/wp-json\/wp\/v2\/product_cat?post=17081"},{"taxonomy":"product_tag","embeddable":true,"href":"https:\/\/zecovalve.com\/de\/wp-json\/wp\/v2\/product_tag?post=17081"}],"curies":[{"name":"wp","href":"https:\/\/api.w.org\/{rel}","templated":true}]}}