{"id":17121,"date":"2022-06-27T06:51:32","date_gmt":"2022-06-27T06:51:32","guid":{"rendered":"https:\/\/zecovalve.com\/?post_type=product&#038;p=17121"},"modified":"2023-06-26T06:45:53","modified_gmt":"2023-06-26T06:45:53","slug":"double-orifice-air-release-valve","status":"publish","type":"product","link":"https:\/\/zecovalve.com\/de\/produkt\/double-orifice-air-release-valve","title":{"rendered":"Entl\u00fcftungsventil mit doppelter \u00d6ffnung"},"content":{"rendered":"<div class=\"sep-pages-boxs bgs clearfix\">\n<div class=\"sep-container clearfix\">\n<h1 class=\"titles sizes1 cens gtj-ff-bold\">Entl\u00fcftungsventil mit doppelter \u00d6ffnung<\/h1>\n<div class=\"bq-sep-pro-detail-thumbs ons clearfix\">\n<div class=\"thumbs\">\n<div class=\"imgs ons\">\n<div class=\"swiper-container swiper-container-initialized swiper-container-horizontal\">\n<div class=\"swiper-wrapper\">\n<div class=\"swiper-slide swiper-slide-active\">\n<figure id=\"attachment_16967\" aria-describedby=\"caption-attachment-16967\" style=\"width: 290px\" class=\"wp-caption alignnone\"><img loading=\"lazy\" decoding=\"async\" class=\"size-medium wp-image-16967\" src=\"https:\/\/zecovalve.com\/wp-content\/uploads\/2022\/06\/double-orifice-air-release-valve-300x273.jpg\" alt=\"Entl\u00fcftungsventil mit doppelter \u00d6ffnung\" width=\"300\" height=\"273\" srcset=\"https:\/\/zecovalve.com\/wp-content\/uploads\/2022\/06\/double-orifice-air-release-valve-300x273.jpg 300w, https:\/\/zecovalve.com\/wp-content\/uploads\/2022\/06\/double-orifice-air-release-valve.jpg 330w\" sizes=\"auto, (max-width: 300px) 100vw, 300px\" \/><figcaption id=\"caption-attachment-16967\" class=\"wp-caption-text\">Entl\u00fcftungsventil mit doppelter \u00d6ffnung<\/figcaption><\/figure>\n<\/div>\n<\/div>\n<\/div>\n<div class=\"lr-lists-boxs\"><\/div>\n<\/div>\n<\/div>\n<\/div>\n<\/div>\n<\/div>\n<div class=\"sep-pages-boxs clearfix\">\n<div class=\"sep-container clearfix\">\n<div id=\"zf-nexts\" class=\"flex clearfix\">\n<div class=\"bq-zf-lefts\">\n<div class=\"richtext\">\n<h2>Merkmale des Luftablassventils mit doppelter \u00d6ffnung<\/h2>\n<div class=\"text-center\"><img loading=\"lazy\" decoding=\"async\" class=\"alignnone size-medium wp-image-17122\" src=\"https:\/\/zecovalve.com\/wp-content\/uploads\/2022\/06\/double-orifice-air-release-valve-features-300x225.png\" alt=\"\" width=\"300\" height=\"225\" srcset=\"https:\/\/zecovalve.com\/wp-content\/uploads\/2022\/06\/double-orifice-air-release-valve-features-300x225.png 300w, https:\/\/zecovalve.com\/wp-content\/uploads\/2022\/06\/double-orifice-air-release-valve-features.png 600w\" sizes=\"auto, (max-width: 300px) 100vw, 300px\" \/><\/div>\n<ul class=\"list-paddingleft-2\">\n<li>Der K\u00f6rper ist mit einem sto\u00dffesten Innenrohr zum Schutz des Schwimmers ausgestattet.<\/li>\n<li>Bei niedrigerem Wasserdruck kann das Ablassen verhindert werden;<\/li>\n<li>Bei Unterdruck \u00f6ffnet sich der Kolben schnell zum Atmen;<\/li>\n<li>Schwimmende Kugel aus Edelstahl, lange Lebensdauer.<\/li>\n<\/ul>\n<\/div>\n<div class=\"richtext\">\n<h2>Funktionsprinzip des Luftablassventils mit doppelter \u00d6ffnung<\/h2>\n<div class=\"text-center\"><img loading=\"lazy\" decoding=\"async\" class=\"alignnone size-medium wp-image-17124\" src=\"https:\/\/zecovalve.com\/wp-content\/uploads\/2022\/06\/double-orifice-air-release-valve-principle-300x225.png\" alt=\"\" width=\"300\" height=\"225\" srcset=\"https:\/\/zecovalve.com\/wp-content\/uploads\/2022\/06\/double-orifice-air-release-valve-principle-300x225.png 300w, https:\/\/zecovalve.com\/wp-content\/uploads\/2022\/06\/double-orifice-air-release-valve-principle.png 600w\" sizes=\"auto, (max-width: 300px) 100vw, 300px\" \/><\/div>\n<p>Dieses Ventil entl\u00fcftet, die Boje, zieht durch die Schwerkraft ein Ende des Hebels nach unten, der Hebel ist in diesem Moment in einem Kippzustand, in dem Hebel und Entl\u00fcftungskontakt einen Spalt bilden, Luft str\u00f6mt durch den Spalt durch die Entl\u00fcftung, mit der Luft wird ausgelassen, der Wasserspiegel steigt, die Boje schwimmt unter der Wirkung des Auftriebs des Wassers nach oben, der Hebel \u00fcbt Druck auf die Dichtungsfl\u00e4che des Hebels auf die Porosit\u00e4t aus, allm\u00e4hlich, bis die Entl\u00fcftung vollst\u00e4ndig blockiert ist. Das Auslassventil ist jetzt vollst\u00e4ndig geschlossen.<\/p>\n<\/div>\n<div class=\"richtext\">\n<h2>Installation und Inbetriebnahme eines Entl\u00fcftungsventils mit doppelter \u00d6ffnung<\/h2>\n<div class=\"text-center\"><img loading=\"lazy\" decoding=\"async\" class=\"alignnone size-medium wp-image-17123\" src=\"https:\/\/zecovalve.com\/wp-content\/uploads\/2022\/06\/double-orifice-air-release-valve-installation-and-commissioning-300x225.png\" alt=\"\" width=\"300\" height=\"225\" srcset=\"https:\/\/zecovalve.com\/wp-content\/uploads\/2022\/06\/double-orifice-air-release-valve-installation-and-commissioning-300x225.png 300w, https:\/\/zecovalve.com\/wp-content\/uploads\/2022\/06\/double-orifice-air-release-valve-installation-and-commissioning.png 600w\" sizes=\"auto, (max-width: 300px) 100vw, 300px\" \/><\/div>\n<p>Installieren Sie beim Einbau des Entl\u00fcftungsventils mit Doppel\u00f6ffnung immer ein Schutzventil am vorderen Ende, um zu verhindern, dass das Wasser getestet wird. F\u00fcr spezielle Verwendungszwecke wenden Sie sich bitte an die ZECO Valve Group.<\/p>\n<\/div>\n<div class=\"richtext\">\n<h2>Material und Standard des Luftablassventils mit doppelter \u00d6ffnung<\/h2>\n<p>Gr\u00f6\u00dfenbereich: 2\u2033~12\u2033<\/p>\n<p>Druckstufe: 10bar ~ 25bar<\/p>\n<p>Abmessungen von Angesicht zu Angesicht: AMSE B16.10, EN558-1<\/p>\n<p>Flanschende Abmessung: AMSE B16.1\/16.42, AS4087, EN1092-2<\/p>\n<p>Beschichtung: Schmelzgebundene Epoxid-Beschichtung<\/p>\n<p>Inspektion und Pr\u00fcfung: ISO 5208 \/ EN 12226-2<\/p>\n<div class=\"over-tabs\">\n<table width=\"1389\">\n<tbody>\n<tr class=\"firstRow\">\n<td>Teil<\/td>\n<td>Material<\/td>\n<td>Standard<\/td>\n<\/tr>\n<tr>\n<td>K\u00f6rper<\/td>\n<td>Sph\u00e4roguss<\/td>\n<td>EN 1563\/DIN 1693<\/td>\n<\/tr>\n<tr>\n<td>Motorhaube<\/td>\n<td>Sph\u00e4roguss<\/td>\n<td>EN 1563\/DIN 1693<\/td>\n<\/tr>\n<tr>\n<td>Dunstabzugshaube<\/td>\n<td>Sph\u00e4roguss<\/td>\n<td>EN 1563\/DIN 1693<\/td>\n<\/tr>\n<tr>\n<td>Schwimmerball<\/td>\n<td>Rostfreier Stahl 431<\/td>\n<td>EN10088-1\/ASTM A959<\/td>\n<\/tr>\n<tr>\n<td>Sieb<\/td>\n<td>Rostfreier Stahl 431<\/td>\n<td>EN10088-1\/ASTM A959<\/td>\n<\/tr>\n<tr>\n<td>Panzer<\/td>\n<td>EPDM \/ NBR<\/td>\n<td>ISO 4633<\/td>\n<\/tr>\n<tr>\n<td colspan=\"3\">F\u00fcr nicht aufgef\u00fchrte Materialoptionen wenden Sie sich bitte an das Werk.<\/p>\n<p>ZECO stellt Ventile in mehr als 50 verschiedenen Legierungen her.<\/td>\n<\/tr>\n<\/tbody>\n<\/table>\n<\/div>\n<\/div>\n<\/div>\n<\/div>\n<\/div>\n<\/div>","protected":false},"excerpt":{"rendered":"<p>Entl\u00fcftungsventil mit doppelter \u00d6ffnung. Merkmale des Entl\u00fcftungsventils mit doppelter \u00d6ffnung. Der K\u00f6rper ist mit einem sto\u00dffesten Innenrohr zum Schutz ausgestattet \u2026 <a title=\"Entl\u00fcftungsventil mit doppelter \u00d6ffnung\" class=\"read-more\" href=\"https:\/\/zecovalve.com\/de\/produkt\/double-orifice-air-release-valve\" aria-label=\"Mehr zu Double Orifice Air Release Valve\">Weiterlesen ...<\/a><\/p>","protected":false},"featured_media":27970,"comment_status":"closed","ping_status":"closed","template":"","meta":{"_generate-full-width-content":"","kt_blocks_editor_width":""},"product_cat":[2520],"product_tag":[2796,2765],"class_list":["post-17121","product","type-product","status-publish","has-post-thumbnail","hentry","product_cat-air-valve","product_tag-air-vent-valve","product_tag-vent-valve","sales-flash-overlay","woocommerce-text-align-center","woocommerce-image-align-center","do-quantity-buttons"],"featured_image_src_large":["https:\/\/zecovalve.com\/wp-content\/uploads\/2022\/06\/Doulbe-Orifice-Air-Release-Valve.jpg",800,600,false],"author_info":[],"comment_info":0,"taxonomy_info":{"product_cat":[{"value":2520,"label":"Air Valve Manufacturer and Supplier"}],"product_tag":[{"value":2796,"label":"Air Vent Valve"},{"value":2765,"label":"Vent Valve"}]},"yoast_head":"<!-- This site is optimized with the Yoast SEO Premium plugin v15.4 - https:\/\/yoast.com\/wordpress\/plugins\/seo\/ -->\n<title>Double Orifice Air Release Valve - ZECO Valve<\/title>\n<meta name=\"robots\" content=\"index, follow, max-snippet:-1, max-image-preview:large, max-video-preview:-1\" \/>\n<link rel=\"canonical\" href=\"https:\/\/zecovalve.com\/de\/produkt\/double-orifice-air-release-valve\" \/>\n<meta property=\"og:locale\" content=\"de_DE\" \/>\n<meta property=\"og:type\" content=\"article\" \/>\n<meta property=\"og:title\" content=\"Double Orifice Air Release Valve - ZECO Valve\" \/>\n<meta property=\"og:description\" content=\"Double Orifice Air Release Valve Festures of Double Orifice Air Release Valve Body is provided with a shock-proof inner tube to protect ... Weiterlesen ...\" \/>\n<meta property=\"og:url\" content=\"https:\/\/zecovalve.com\/de\/produkt\/double-orifice-air-release-valve\" \/>\n<meta property=\"og:site_name\" content=\"ZECO Valve\" \/>\n<meta property=\"article:modified_time\" content=\"2023-06-26T06:45:53+00:00\" \/>\n<meta property=\"og:image\" content=\"https:\/\/zecovalve.com\/wp-content\/uploads\/2022\/06\/Doulbe-Orifice-Air-Release-Valve.jpg\" \/>\n\t<meta property=\"og:image:width\" content=\"800\" \/>\n\t<meta property=\"og:image:height\" content=\"600\" \/>\n<meta name=\"twitter:card\" content=\"summary_large_image\" \/>\n<meta name=\"twitter:label1\" content=\"Verfasst von\">\n\t<meta name=\"twitter:data1\" content=\"Jerry\">\n\t<meta name=\"twitter:label2\" content=\"Gesch\u00e4tzte Lesezeit\">\n\t<meta name=\"twitter:data2\" content=\"1\u00a0Minute\">\n<script type=\"application\/ld+json\" class=\"yoast-schema-graph\">{\"@context\":\"https:\/\/schema.org\",\"@graph\":[{\"@type\":\"WebSite\",\"@id\":\"https:\/\/zecovalve.com\/#website\",\"url\":\"https:\/\/zecovalve.com\/\",\"name\":\"ZECO Valve\",\"description\":\"Industrial Ball Valve, Gate Valve and Globe Valve Manufacturer\",\"potentialAction\":[{\"@type\":\"SearchAction\",\"target\":\"https:\/\/zecovalve.com\/?s={search_term_string}\",\"query-input\":\"required name=search_term_string\"}],\"inLanguage\":\"de\"},{\"@type\":\"ImageObject\",\"@id\":\"https:\/\/zecovalve.com\/product\/double-orifice-air-release-valve#primaryimage\",\"inLanguage\":\"de\",\"url\":\"https:\/\/zecovalve.com\/wp-content\/uploads\/2022\/06\/Doulbe-Orifice-Air-Release-Valve.jpg\",\"width\":800,\"height\":600,\"caption\":\"Doulbe Orifice Air Release Valve\"},{\"@type\":\"WebPage\",\"@id\":\"https:\/\/zecovalve.com\/product\/double-orifice-air-release-valve#webpage\",\"url\":\"https:\/\/zecovalve.com\/product\/double-orifice-air-release-valve\",\"name\":\"Double Orifice Air Release Valve - ZECO Valve\",\"isPartOf\":{\"@id\":\"https:\/\/zecovalve.com\/#website\"},\"primaryImageOfPage\":{\"@id\":\"https:\/\/zecovalve.com\/product\/double-orifice-air-release-valve#primaryimage\"},\"datePublished\":\"2022-06-27T06:51:32+00:00\",\"dateModified\":\"2023-06-26T06:45:53+00:00\",\"breadcrumb\":{\"@id\":\"https:\/\/zecovalve.com\/product\/double-orifice-air-release-valve#breadcrumb\"},\"inLanguage\":\"de\",\"potentialAction\":[{\"@type\":\"ReadAction\",\"target\":[\"https:\/\/zecovalve.com\/product\/double-orifice-air-release-valve\"]}]},{\"@type\":\"BreadcrumbList\",\"@id\":\"https:\/\/zecovalve.com\/product\/double-orifice-air-release-valve#breadcrumb\",\"itemListElement\":[{\"@type\":\"ListItem\",\"position\":1,\"item\":{\"@type\":\"WebPage\",\"@id\":\"https:\/\/zecovalve.com\/\",\"url\":\"https:\/\/zecovalve.com\/\",\"name\":\"Home\"}},{\"@type\":\"ListItem\",\"position\":2,\"item\":{\"@type\":\"WebPage\",\"@id\":\"https:\/\/zecovalve.com\/product-category\",\"url\":\"https:\/\/zecovalve.com\/product-category\",\"name\":\"Industrial Valve Manufacturer | Water Valve Manufacturer\"}},{\"@type\":\"ListItem\",\"position\":3,\"item\":{\"@type\":\"WebPage\",\"@id\":\"https:\/\/zecovalve.com\/product\/double-orifice-air-release-valve\",\"url\":\"https:\/\/zecovalve.com\/product\/double-orifice-air-release-valve\",\"name\":\"Double Orifice Air Release Valve\"}}]}]}<\/script>\n<!-- \/ Yoast SEO Premium plugin. -->","_links":{"self":[{"href":"https:\/\/zecovalve.com\/de\/wp-json\/wp\/v2\/product\/17121","targetHints":{"allow":["GET"]}}],"collection":[{"href":"https:\/\/zecovalve.com\/de\/wp-json\/wp\/v2\/product"}],"about":[{"href":"https:\/\/zecovalve.com\/de\/wp-json\/wp\/v2\/types\/product"}],"replies":[{"embeddable":true,"href":"https:\/\/zecovalve.com\/de\/wp-json\/wp\/v2\/comments?post=17121"}],"wp:featuredmedia":[{"embeddable":true,"href":"https:\/\/zecovalve.com\/de\/wp-json\/wp\/v2\/media\/27970"}],"wp:attachment":[{"href":"https:\/\/zecovalve.com\/de\/wp-json\/wp\/v2\/media?parent=17121"}],"wp:term":[{"taxonomy":"product_cat","embeddable":true,"href":"https:\/\/zecovalve.com\/de\/wp-json\/wp\/v2\/product_cat?post=17121"},{"taxonomy":"product_tag","embeddable":true,"href":"https:\/\/zecovalve.com\/de\/wp-json\/wp\/v2\/product_tag?post=17121"}],"curies":[{"name":"wp","href":"https:\/\/api.w.org\/{rel}","templated":true}]}}