{"id":17145,"date":"2022-06-27T08:01:07","date_gmt":"2022-06-27T08:01:07","guid":{"rendered":"https:\/\/zecovalve.com\/?post_type=product&#038;p=17145"},"modified":"2023-06-15T13:12:49","modified_gmt":"2023-06-15T13:12:49","slug":"knife-gate-valve","status":"publish","type":"product","link":"https:\/\/zecovalve.com\/de\/produkt\/knife-gate-valve","title":{"rendered":"Plattenschieber"},"content":{"rendered":"<div class=\"sep-pages-boxs bgs clearfix\">\n<div class=\"sep-container clearfix\">\n<h1 class=\"titles sizes1 cens gtj-ff-bold\"><\/h1>\n<div class=\"bq-sep-pro-detail-thumbs ons clearfix\">\n<div class=\"thumbs\">\n<div class=\"imgs ons\">\n<div class=\"swiper-container swiper-container-initialized swiper-container-horizontal\">\n<div class=\"swiper-wrapper\">\n<div class=\"swiper-slide swiper-slide-active\">\n<p><img loading=\"lazy\" decoding=\"async\" class=\"wp-image-27894 size-medium\" src=\"https:\/\/zecovalve.com\/wp-content\/uploads\/2022\/06\/Knife-Gate-Valve-4-300x225.jpg\" alt=\"Plattenschieber\" width=\"300\" height=\"225\" srcset=\"https:\/\/zecovalve.com\/wp-content\/uploads\/2022\/06\/Knife-Gate-Valve-4-300x225.jpg 300w, https:\/\/zecovalve.com\/wp-content\/uploads\/2022\/06\/Knife-Gate-Valve-4-768x576.jpg 768w, https:\/\/zecovalve.com\/wp-content\/uploads\/2022\/06\/Knife-Gate-Valve-4-600x450.jpg 600w, https:\/\/zecovalve.com\/wp-content\/uploads\/2022\/06\/Knife-Gate-Valve-4.jpg 800w\" sizes=\"auto, (max-width: 300px) 100vw, 300px\" \/><\/p>\n<\/div>\n<\/div>\n<\/div>\n<\/div>\n<\/div>\n<\/div>\n<\/div>\n<\/div>\n<div class=\"sep-pages-boxs clearfix\">\n<div class=\"sep-container clearfix\">\n<div id=\"zf-nexts\" class=\"flex clearfix\">\n<div class=\"bq-zf-lefts\">\n<div class=\"richtext\">\n<h2>Merkmale des Messerschiebers<\/h2>\n<div class=\"text-center\"><img loading=\"lazy\" decoding=\"async\" class=\"alignnone size-medium wp-image-17146\" src=\"https:\/\/zecovalve.com\/wp-content\/uploads\/2022\/06\/knife-gate-valve-1-300x225.jpg\" alt=\"\" width=\"300\" height=\"225\" srcset=\"https:\/\/zecovalve.com\/wp-content\/uploads\/2022\/06\/knife-gate-valve-1-300x225.jpg 300w, https:\/\/zecovalve.com\/wp-content\/uploads\/2022\/06\/knife-gate-valve-1.jpg 600w\" sizes=\"auto, (max-width: 300px) 100vw, 300px\" \/><\/div>\n<ul class=\"list-paddingleft-2\">\n<li>Durchgehende Bohrung f\u00fcr hohe Mediendurchsatzkapazit\u00e4t;<\/li>\n<li>U-f\u00f6rmige Dichtung mit guter Dichtwirkung;<\/li>\n<li>Torplatte mit Torfunktion, gute Absperrwirkung, kann alle Arten von Schmutz im Medium wirksam absperren, um das Leckageph\u00e4nomen nach der Absperrung von Klumpen, Partikeln und Fasermedien zu beheben;<\/li>\n<li>Kann in schmutzigen Medien verwendet werden, ist leicht zu installieren, leicht zu zerlegen und leicht zu warten. Die Ventildichtungen k\u00f6nnen ausgetauscht werden, ohne dass das Ventil entfernt werden muss. Dies vereinfacht die Ventilwartung.<\/li>\n<\/ul>\n<\/div>\n<div class=\"richtext\">\n<h2>Funktionsprinzip des Messerschiebers<\/h2>\n<div class=\"text-center\">\n<h2 style=\"font-family: -apple-system, system-ui, BlinkMacSystemFont, 'Segoe UI', Helvetica, Arial, sans-serif, 'Apple Color Emoji', 'Segoe UI Emoji', 'Segoe UI Symbol'; font-style: normal;\"><img loading=\"lazy\" decoding=\"async\" class=\"alignnone size-medium wp-image-17147\" style=\"font-size: 17px;\" src=\"https:\/\/zecovalve.com\/wp-content\/uploads\/2022\/06\/knife-gate-valve-2-300x225.jpg\" alt=\"\" width=\"300\" height=\"225\" srcset=\"https:\/\/zecovalve.com\/wp-content\/uploads\/2022\/06\/knife-gate-valve-2-300x225.jpg 300w, https:\/\/zecovalve.com\/wp-content\/uploads\/2022\/06\/knife-gate-valve-2.jpg 600w\" sizes=\"auto, (max-width: 300px) 100vw, 300px\" \/><\/h2>\n<\/div>\n<p>Der Abstreifer zwischen Ventilk\u00f6rper und Deckel des Plattenschiebers verhindert, dass feste Partikel in den Deckel gelangen. Die Hohlr\u00e4ume im Ventilk\u00f6rper, die Sitzkonfiguration und die Schr\u00e4gschieberkonstruktion verhindern das Eindringen dicker Medien (z. B. Zellstoff, Schlamm) oder fester Medien (z. B. Granulate und Pulver).<\/p>\n<p>Das Schieberventil und der Ventilsitz sind immer in engem Kontakt mit dem abgedichteten Ventil, und das Schieberventil hat eine F\u00fchrungs\u00f6ffnung, die mit der des Kanalschieberventils \u00fcbereinstimmt. Der Schieber hat einen Durchmesser von einem runden Loch. Beim \u00d6ffnen und Schlie\u00dfen des Schiebers m\u00fcssen sich die runden L\u00f6cher im Schieber und der Durchgangsdurchmesser vollst\u00e4ndig l\u00f6sen und die Aktion zeitgleich ausf\u00fchren. Dar\u00fcber hinaus besteht der Vorteil dieser Struktur darin, dass der Ventilk\u00f6rperdurchmesser keine Rillen aufweist, das Medium nicht blockiert wird und Durchflusseigenschaften \u00fcber den gesamten Durchmesser vorhanden sind, was f\u00fcr die Verwendung von Pulver- und Partikelmedien in der Rohrleitung geeignet ist. Die Dichtungsstruktur kann in eine weiche Dichtungsstruktur und eine harte Dichtungsstruktur unterteilt werden. Der abgedichtete Ventilsitz ist mit einer beweglichen Struktur mit Verschlei\u00dfschutz und automatischer Ausgleichsfunktion ausgestattet und hat daher eine l\u00e4ngere Lebensdauer. Beim Schlie\u00dfen und \u00d6ffnen m\u00fcssen sich Ventilsitz und Schieberplatte nahe an der Bewegung befinden, damit die \u00d6ffnungs- und Schlie\u00dfkraft des Ventils stabil bleibt.<\/p>\n<\/div>\n<div class=\"richtext\">\n<h2>Installation und Inbetriebnahme von Plattenschiebern<\/h2>\n<div class=\"text-center\"><img loading=\"lazy\" decoding=\"async\" class=\"alignnone size-medium wp-image-17148\" src=\"https:\/\/zecovalve.com\/wp-content\/uploads\/2022\/06\/knife-gate-valve-3-300x225.jpg\" alt=\"\" width=\"300\" height=\"225\" srcset=\"https:\/\/zecovalve.com\/wp-content\/uploads\/2022\/06\/knife-gate-valve-3-300x225.jpg 300w, https:\/\/zecovalve.com\/wp-content\/uploads\/2022\/06\/knife-gate-valve-3.jpg 600w\" sizes=\"auto, (max-width: 300px) 100vw, 300px\" \/><\/div>\n<p>Plattenschieber k\u00f6nnen in pneumatische Plattenschieber, elektrische Plattenschieber und manuelle Plattenschieber unterteilt werden. Je nach Betriebsart erfolgen Installation und Betrieb gem\u00e4\u00df den unterschiedlichen Betriebsanleitungen. F\u00fcr spezielle Verwendungszwecke wenden Sie sich bitte an die Zeco Valve Group.<\/p>\n<\/div>\n<div class=\"richtext\">\n<h2>Material und Standard f\u00fcr Plattenschieber<\/h2>\n<p>Gr\u00f6\u00dfenbereich: 2\u2033~48\u2033.<br \/>\nDruckbewertung: 10bar ~ 20bar<\/p>\n<p>Abmessungen von Angesicht zu Angesicht: MSS SP-81-2006<\/p>\n<p>Flanschendma\u00df: EN1092, ASME B16.5, ASME B16.47, AS2129<\/p>\n<p>Inspektion und Test: MSS SP-81-2006<\/p>\n<div class=\"over-tabs\">\n<table cellspacing=\"0\">\n<tbody>\n<tr class=\"firstRow\">\n<td valign=\"center\">Teil<\/td>\n<td valign=\"center\">Material<\/td>\n<td valign=\"center\">Standard<\/td>\n<\/tr>\n<tr>\n<td valign=\"center\">K\u00f6rper<\/td>\n<td valign=\"center\">GGG40\/WCB\/CF8\/CF8M\/4A<\/td>\n<td valign=\"center\">ASTM-STANDARD<\/td>\n<\/tr>\n<tr>\n<td valign=\"center\">Motorhaube<\/td>\n<td valign=\"center\">GGG40\/WCB\/CF8\/CF8M\/4A<\/td>\n<td valign=\"center\">ASTM-STANDARD<\/td>\n<\/tr>\n<tr>\n<td valign=\"center\">Trimmen<\/td>\n<td valign=\"center\">GGG40\/WCB\/CF8\/CF8M\/4A<\/td>\n<td valign=\"center\">ASTM-STANDARD<\/td>\n<\/tr>\n<tr>\n<td valign=\"center\">Sitz<\/td>\n<td valign=\"center\">HARTSIEGEL\/EPDM<\/td>\n<td valign=\"center\">ASTM-STANDARD<\/td>\n<\/tr>\n<tr>\n<td colspan=\"3\" valign=\"center\">Informationen zu nicht aufgef\u00fchrten Materialoptionen erhalten Sie im Werk.<\/p>\n<p>Zeco fertigt Ventile aus \u00fcber 50 verschiedenen Legierungen.<\/td>\n<\/tr>\n<\/tbody>\n<\/table>\n<\/div>\n<\/div>\n<\/div>\n<\/div>\n<\/div>\n<\/div>","protected":false},"excerpt":{"rendered":"<p>Merkmale des Absperrschiebers Durchgehende Bohrung f\u00fcr hohen Mediendurchsatz; U-f\u00f6rmige Dichtung mit guter Dichtwirkung; Schieberplatte mit \u2026 <a title=\"Plattenschieber\" class=\"read-more\" href=\"https:\/\/zecovalve.com\/de\/produkt\/knife-gate-valve\" aria-label=\"Mehr zu Knife Gate Valve\">Weiterlesen ...<\/a><\/p>","protected":false},"featured_media":27894,"comment_status":"closed","ping_status":"closed","template":"","meta":{"_generate-full-width-content":"","kt_blocks_editor_width":""},"product_cat":[2510],"product_tag":[],"class_list":["post-17145","product","type-product","status-publish","has-post-thumbnail","hentry","product_cat-water-gate-valve","sales-flash-overlay","woocommerce-text-align-center","woocommerce-image-align-center","do-quantity-buttons"],"featured_image_src_large":["https:\/\/zecovalve.com\/wp-content\/uploads\/2022\/06\/Knife-Gate-Valve-4.jpg",800,600,false],"author_info":[],"comment_info":0,"taxonomy_info":{"product_cat":[{"value":2510,"label":"Water Gate Valve"}]},"yoast_head":"<!-- This site is optimized with the Yoast SEO Premium plugin v15.4 - https:\/\/yoast.com\/wordpress\/plugins\/seo\/ -->\n<title>Knife Gate Valve - ZECO Valve<\/title>\n<meta name=\"robots\" content=\"index, follow, max-snippet:-1, max-image-preview:large, max-video-preview:-1\" \/>\n<link rel=\"canonical\" href=\"https:\/\/zecovalve.com\/de\/produkt\/knife-gate-valve\" \/>\n<meta property=\"og:locale\" content=\"de_DE\" \/>\n<meta property=\"og:type\" content=\"article\" \/>\n<meta property=\"og:title\" content=\"Knife Gate Valve - ZECO Valve\" \/>\n<meta property=\"og:description\" content=\"Features of Knife Gate Valve Full bore design for high media throughput capacity; U-shaped gasket with good sealing effect; Gate plate with ... Weiterlesen ...\" \/>\n<meta property=\"og:url\" content=\"https:\/\/zecovalve.com\/de\/produkt\/knife-gate-valve\" \/>\n<meta property=\"og:site_name\" content=\"ZECO Valve\" \/>\n<meta property=\"article:modified_time\" content=\"2023-06-15T13:12:49+00:00\" \/>\n<meta property=\"og:image\" content=\"https:\/\/zecovalve.com\/wp-content\/uploads\/2022\/06\/Knife-Gate-Valve-4.jpg\" \/>\n\t<meta property=\"og:image:width\" content=\"800\" \/>\n\t<meta property=\"og:image:height\" content=\"600\" \/>\n<meta name=\"twitter:card\" content=\"summary_large_image\" \/>\n<meta name=\"twitter:label1\" content=\"Verfasst von\">\n\t<meta name=\"twitter:data1\" content=\"Jerry\">\n\t<meta name=\"twitter:label2\" content=\"Gesch\u00e4tzte Lesezeit\">\n\t<meta name=\"twitter:data2\" content=\"2\u00a0Minuten\">\n<script type=\"application\/ld+json\" class=\"yoast-schema-graph\">{\"@context\":\"https:\/\/schema.org\",\"@graph\":[{\"@type\":\"WebSite\",\"@id\":\"https:\/\/zecovalve.com\/#website\",\"url\":\"https:\/\/zecovalve.com\/\",\"name\":\"ZECO Valve\",\"description\":\"Industrial Ball Valve, Gate Valve and Globe Valve Manufacturer\",\"potentialAction\":[{\"@type\":\"SearchAction\",\"target\":\"https:\/\/zecovalve.com\/?s={search_term_string}\",\"query-input\":\"required name=search_term_string\"}],\"inLanguage\":\"de\"},{\"@type\":\"ImageObject\",\"@id\":\"https:\/\/zecovalve.com\/product\/knife-gate-valve#primaryimage\",\"inLanguage\":\"de\",\"url\":\"https:\/\/zecovalve.com\/wp-content\/uploads\/2022\/06\/Knife-Gate-Valve-4.jpg\",\"width\":800,\"height\":600,\"caption\":\"Knife Gate Valve\"},{\"@type\":\"WebPage\",\"@id\":\"https:\/\/zecovalve.com\/product\/knife-gate-valve#webpage\",\"url\":\"https:\/\/zecovalve.com\/product\/knife-gate-valve\",\"name\":\"Knife Gate Valve - ZECO Valve\",\"isPartOf\":{\"@id\":\"https:\/\/zecovalve.com\/#website\"},\"primaryImageOfPage\":{\"@id\":\"https:\/\/zecovalve.com\/product\/knife-gate-valve#primaryimage\"},\"datePublished\":\"2022-06-27T08:01:07+00:00\",\"dateModified\":\"2023-06-15T13:12:49+00:00\",\"breadcrumb\":{\"@id\":\"https:\/\/zecovalve.com\/product\/knife-gate-valve#breadcrumb\"},\"inLanguage\":\"de\",\"potentialAction\":[{\"@type\":\"ReadAction\",\"target\":[\"https:\/\/zecovalve.com\/product\/knife-gate-valve\"]}]},{\"@type\":\"BreadcrumbList\",\"@id\":\"https:\/\/zecovalve.com\/product\/knife-gate-valve#breadcrumb\",\"itemListElement\":[{\"@type\":\"ListItem\",\"position\":1,\"item\":{\"@type\":\"WebPage\",\"@id\":\"https:\/\/zecovalve.com\/\",\"url\":\"https:\/\/zecovalve.com\/\",\"name\":\"Home\"}},{\"@type\":\"ListItem\",\"position\":2,\"item\":{\"@type\":\"WebPage\",\"@id\":\"https:\/\/zecovalve.com\/product-category\",\"url\":\"https:\/\/zecovalve.com\/product-category\",\"name\":\"Industrial Valve Manufacturer | Water Valve Manufacturer\"}},{\"@type\":\"ListItem\",\"position\":3,\"item\":{\"@type\":\"WebPage\",\"@id\":\"https:\/\/zecovalve.com\/product\/knife-gate-valve\",\"url\":\"https:\/\/zecovalve.com\/product\/knife-gate-valve\",\"name\":\"Knife Gate Valve\"}}]}]}<\/script>\n<!-- \/ Yoast SEO Premium plugin. -->","_links":{"self":[{"href":"https:\/\/zecovalve.com\/de\/wp-json\/wp\/v2\/product\/17145","targetHints":{"allow":["GET"]}}],"collection":[{"href":"https:\/\/zecovalve.com\/de\/wp-json\/wp\/v2\/product"}],"about":[{"href":"https:\/\/zecovalve.com\/de\/wp-json\/wp\/v2\/types\/product"}],"replies":[{"embeddable":true,"href":"https:\/\/zecovalve.com\/de\/wp-json\/wp\/v2\/comments?post=17145"}],"wp:featuredmedia":[{"embeddable":true,"href":"https:\/\/zecovalve.com\/de\/wp-json\/wp\/v2\/media\/27894"}],"wp:attachment":[{"href":"https:\/\/zecovalve.com\/de\/wp-json\/wp\/v2\/media?parent=17145"}],"wp:term":[{"taxonomy":"product_cat","embeddable":true,"href":"https:\/\/zecovalve.com\/de\/wp-json\/wp\/v2\/product_cat?post=17145"},{"taxonomy":"product_tag","embeddable":true,"href":"https:\/\/zecovalve.com\/de\/wp-json\/wp\/v2\/product_tag?post=17145"}],"curies":[{"name":"wp","href":"https:\/\/api.w.org\/{rel}","templated":true}]}}