{"id":17184,"date":"2022-06-27T09:03:42","date_gmt":"2022-06-27T09:03:42","guid":{"rendered":"https:\/\/zecovalve.com\/?post_type=product&#038;p=17184"},"modified":"2022-07-03T06:37:53","modified_gmt":"2022-07-03T06:37:53","slug":"lug-butterfly-valve-2","status":"publish","type":"product","link":"https:\/\/zecovalve.com\/de\/produkt\/lug-butterfly-valve-2","title":{"rendered":"Lug Absperrklappe"},"content":{"rendered":"<div class=\"sep-pages-boxs bgs clearfix\">\n<div class=\"sep-container clearfix\">\n<h1 class=\"titles sizes1 cens gtj-ff-bold\">Lug Absperrklappe<\/h1>\n<div class=\"bq-sep-pro-detail-thumbs ons clearfix\">\n<div class=\"thumbs\">\n<div class=\"imgs ons\">\n<div class=\"swiper-container swiper-container-initialized swiper-container-horizontal\">\n<div class=\"swiper-wrapper\">\n<div class=\"swiper-slide swiper-slide-active\">\n<figure id=\"attachment_16941\" aria-describedby=\"caption-attachment-16941\" style=\"width: 290px\" class=\"wp-caption alignnone\"><img loading=\"lazy\" decoding=\"async\" class=\"size-medium wp-image-16941\" src=\"https:\/\/zecovalve.com\/wp-content\/uploads\/2022\/06\/lug-butterfly-valve-1-300x273.jpg\" alt=\"Lug Absperrklappe\" width=\"300\" height=\"273\" srcset=\"https:\/\/zecovalve.com\/wp-content\/uploads\/2022\/06\/lug-butterfly-valve-1-300x273.jpg 300w, https:\/\/zecovalve.com\/wp-content\/uploads\/2022\/06\/lug-butterfly-valve-1.jpg 330w\" sizes=\"auto, (max-width: 300px) 100vw, 300px\" \/><figcaption id=\"caption-attachment-16941\" class=\"wp-caption-text\">Lug Absperrklappe<\/figcaption><\/figure>\n<\/div>\n<\/div>\n<\/div>\n<div class=\"lr-lists-boxs\"><\/div>\n<\/div>\n<\/div>\n<\/div>\n<\/div>\n<\/div>\n<div class=\"sep-pages-boxs clearfix\">\n<div class=\"sep-container clearfix\">\n<div id=\"zf-nexts\" class=\"flex clearfix\">\n<div class=\"bq-zf-lefts\">\n<div class=\"richtext\">\n<h2>Merkmale des Lug-Absperrventils<\/h2>\n<p><img loading=\"lazy\" decoding=\"async\" class=\"alignnone size-medium wp-image-17185\" src=\"https:\/\/zecovalve.com\/wp-content\/uploads\/2022\/06\/lug-butterfly-valve-1-1-300x225.jpg\" alt=\"\" width=\"300\" height=\"225\" srcset=\"https:\/\/zecovalve.com\/wp-content\/uploads\/2022\/06\/lug-butterfly-valve-1-1-300x225.jpg 300w, https:\/\/zecovalve.com\/wp-content\/uploads\/2022\/06\/lug-butterfly-valve-1-1.jpg 600w\" sizes=\"auto, (max-width: 300px) 100vw, 300px\" \/><\/p>\n<div class=\"text-center\"><\/div>\n<ul class=\"list-paddingleft-2\">\n<li>Niedriges \u00d6ffnungsdrehmoment. Es wird ein radiales dynamisches Ausgleichsdichtungssystem verwendet, sodass die Kr\u00e4fte auf beiden Seiten des Einlasses und Auslasses der Scheibe ungef\u00e4hr ausgeglichen sind.<\/li>\n<li>Selbstschmierendes Lager zur Reduzierung des Betriebsdrehmoments und zur Vermeidung des Blockierens des Ventilschafts bei seltenem \u00d6ffnen und Schlie\u00dfen;<\/li>\n<li>Besseres Dichtungsringmaterial, die Dichtung besteht aus Edelstahlblech mit Graphit\/Kohlefaser\/PTFE usw. Verschlei\u00dffester, schlagfester, zuverl\u00e4ssiger und umweltfreundlicher als Gummi-Asbestplattenmaterial;<\/li>\n<li>Das kombinierte Dichtungssystem mit Packung stellt sicher, dass die maximale Leckage des Ventils \u2264 20 ppm erreichen kann. Die dynamische Dichtungsstruktur kann bei Bedarf verwendet werden, damit die Packungsdichtung in gutem Zustand bleibt und die kostenlose Wartungszeit der Packung verl\u00e4ngert wird.<\/li>\n<\/ul>\n<\/div>\n<div class=\"richtext\">\n<h2>Funktionsprinzip des Absperrventils<\/h2>\n<div class=\"text-center\"><img loading=\"lazy\" decoding=\"async\" class=\"alignnone size-medium wp-image-17186\" src=\"https:\/\/zecovalve.com\/wp-content\/uploads\/2022\/06\/lug-butterfly-valve-2-300x225.jpg\" alt=\"\" width=\"300\" height=\"225\" srcset=\"https:\/\/zecovalve.com\/wp-content\/uploads\/2022\/06\/lug-butterfly-valve-2-300x225.jpg 300w, https:\/\/zecovalve.com\/wp-content\/uploads\/2022\/06\/lug-butterfly-valve-2.jpg 600w\" sizes=\"auto, (max-width: 300px) 100vw, 300px\" \/><\/div>\n<p>Absperrklappe mit \u00d6se hat zwei Optionen f\u00fcr feste <span style=\"font-size: inherit;\">Sitz und Schwimmsitz, die repariert werden k\u00f6nnen, ohne die Baustelle zu verlassen, was die Reparaturzeit verk\u00fcrzen und die Effizienz erheblich verbessern kann. Feste Sitze eignen sich f\u00fcr Ventile, bei denen das Medium vorw\u00e4rts flie\u00dft, daher ist die Dichtung nur f\u00fcr eine Richtung und die Str\u00f6mungsrichtung sollte beim Einbau beachtet werden. Obwohl der Ventilsitz fest ist, kann die Dichtung der Ventilklappe dennoch entfernt werden. Wenn das Ventil einen Schwimmsitz hat, kann es in jede Richtung eingebaut werden.<\/span><\/p>\n<\/div>\n<div class=\"richtext\">\n<h2>Installation und Inbetriebnahme von Absperrklappen<\/h2>\n<div class=\"text-center\"><img loading=\"lazy\" decoding=\"async\" class=\"alignnone size-medium wp-image-17187\" src=\"https:\/\/zecovalve.com\/wp-content\/uploads\/2022\/06\/lug-butterfly-valve-3-300x225.jpg\" alt=\"\" width=\"300\" height=\"225\" srcset=\"https:\/\/zecovalve.com\/wp-content\/uploads\/2022\/06\/lug-butterfly-valve-3-300x225.jpg 300w, https:\/\/zecovalve.com\/wp-content\/uploads\/2022\/06\/lug-butterfly-valve-3.jpg 600w\" sizes=\"auto, (max-width: 300px) 100vw, 300px\" \/><\/div>\n<p>Absperrklappen mit Wafer-Lug-Anschluss sollten in einem trockenen, bel\u00fcfteten Raum gelagert werden und der Ventilkanal sollte an beiden Enden blockiert sein. Bei l\u00e4ngerer Lagerung sollte das Ventil regelm\u00e4\u00dfig \u00fcberpr\u00fcft und von Schmutz befreit werden. Besonderes Augenmerk sollte auf die Reinigung der Dichtfl\u00e4che gelegt werden, um Sch\u00e4den an der Dichtfl\u00e4che zu vermeiden. F\u00fcr spezielle Verwendungszwecke wenden Sie sich bitte an die Zeco Valve Group.<\/p>\n<\/div>\n<div class=\"richtext\">\n<h2>Material und Standard f\u00fcr Absperrklappen<\/h2>\n<p>Gr\u00f6\u00dfenbereich: 2\u2033~48\u2033.<br \/>\nDruckbewertung: 150LB ~ 300LB<\/p>\n<p>Abmessungen von Angesicht zu Angesicht: API 609, EN558<\/p>\n<p>Flanschendma\u00df: EN1092, ASME B16.5, ASME B16.47, AS2129<\/p>\n<p>Inspektion und Test: API 598<\/p>\n<div class=\"over-tabs\">\n<table cellspacing=\"0\">\n<tbody>\n<tr class=\"firstRow\">\n<td valign=\"center\">Teil<\/td>\n<td valign=\"center\">Material<\/td>\n<td valign=\"center\">Standard<\/td>\n<\/tr>\n<tr>\n<td valign=\"center\">K\u00f6rper<\/td>\n<td valign=\"center\">GGG40\/WCB\/CF8M\/MONEL<\/td>\n<td valign=\"center\">ASTM-STANDARD<\/td>\n<\/tr>\n<tr>\n<td valign=\"center\">Scheibe<\/td>\n<td valign=\"center\">GGG40\/WCB\/CF8M\/MONEL<\/td>\n<td valign=\"center\">ASTM-STANDARD<\/td>\n<\/tr>\n<tr>\n<td valign=\"center\">Vorbau<\/td>\n<td valign=\"center\">SS420\/SS410\/SS316\/MONEL<\/td>\n<td valign=\"center\">ASTM-STANDARD<\/td>\n<\/tr>\n<tr>\n<td valign=\"center\">Sitz<\/td>\n<td valign=\"center\">HARTE DICHTUNG\/PTFE\/GRAPHIT<\/td>\n<td valign=\"center\">ASTM-STANDARD<\/td>\n<\/tr>\n<tr>\n<td colspan=\"3\" valign=\"center\">Informationen zu nicht aufgef\u00fchrten Materialoptionen erhalten Sie im Werk.<\/p>\n<p>Zeco fertigt Ventile aus \u00fcber 50 verschiedenen Legierungen.<\/td>\n<\/tr>\n<\/tbody>\n<\/table>\n<\/div>\n<\/div>\n<\/div>\n<\/div>\n<\/div>\n<\/div>","protected":false},"excerpt":{"rendered":"<p>Lug-Drosselventil Merkmale des Lug-Drosselventils Niedriges \u00d6ffnungsdrehmoment, Verwendung eines radial dynamischen Ausgleichsdichtungssystems, sodass die Kr\u00e4fte \u2026 <a title=\"Lug Absperrklappe\" class=\"read-more\" href=\"https:\/\/zecovalve.com\/de\/produkt\/lug-butterfly-valve-2\" aria-label=\"Mehr zu Lug Butterfly Valve\">Weiterlesen ...<\/a><\/p>","protected":false},"featured_media":16941,"comment_status":"closed","ping_status":"closed","template":"","meta":{"_generate-full-width-content":"","kt_blocks_editor_width":""},"product_cat":[2044,2467],"product_tag":[2723],"class_list":["post-17184","product","type-product","status-publish","has-post-thumbnail","hentry","product_cat-butterfly-valve","product_cat-butterfly-valve-by-form","product_tag-what-is-a-valve","sales-flash-overlay","woocommerce-text-align-center","woocommerce-image-align-center","do-quantity-buttons"],"featured_image_src_large":["https:\/\/zecovalve.com\/wp-content\/uploads\/2022\/06\/lug-butterfly-valve-1.jpg",330,300,false],"author_info":[],"comment_info":0,"taxonomy_info":{"product_cat":[{"value":2044,"label":"Butterfly Valve"},{"value":2467,"label":"Butterfly Valve By Form"}],"product_tag":[{"value":2723,"label":"What is a Valve"}]},"yoast_head":"<!-- This site is optimized with the Yoast SEO Premium plugin v15.4 - https:\/\/yoast.com\/wordpress\/plugins\/seo\/ -->\n<title>Lug Butterfly Valve - ZECO Valve<\/title>\n<meta name=\"robots\" content=\"index, follow, max-snippet:-1, max-image-preview:large, max-video-preview:-1\" \/>\n<link rel=\"canonical\" href=\"https:\/\/zecovalve.com\/de\/produkt\/lug-butterfly-valve-2\" \/>\n<meta property=\"og:locale\" content=\"de_DE\" \/>\n<meta property=\"og:type\" content=\"article\" \/>\n<meta property=\"og:title\" content=\"Lug Butterfly Valve - ZECO Valve\" \/>\n<meta property=\"og:description\" content=\"Lug Butterfly Valve Features of Lug Butterfly Valve Low opening torque, Radial dynamic balance sealing system is adopted, so that the forces ... Weiterlesen ...\" \/>\n<meta property=\"og:url\" content=\"https:\/\/zecovalve.com\/de\/produkt\/lug-butterfly-valve-2\" \/>\n<meta property=\"og:site_name\" content=\"ZECO Valve\" \/>\n<meta property=\"article:modified_time\" content=\"2022-07-03T06:37:53+00:00\" \/>\n<meta property=\"og:image\" content=\"https:\/\/zecovalve.com\/wp-content\/uploads\/2022\/06\/lug-butterfly-valve-1.jpg\" \/>\n\t<meta property=\"og:image:width\" content=\"330\" \/>\n\t<meta property=\"og:image:height\" content=\"300\" \/>\n<meta name=\"twitter:card\" content=\"summary_large_image\" \/>\n<meta name=\"twitter:label1\" content=\"Verfasst von\">\n\t<meta name=\"twitter:data1\" content=\"Jerry\">\n\t<meta name=\"twitter:label2\" content=\"Gesch\u00e4tzte Lesezeit\">\n\t<meta name=\"twitter:data2\" content=\"2\u00a0Minuten\">\n<script type=\"application\/ld+json\" class=\"yoast-schema-graph\">{\"@context\":\"https:\/\/schema.org\",\"@graph\":[{\"@type\":\"WebSite\",\"@id\":\"https:\/\/zecovalve.com\/#website\",\"url\":\"https:\/\/zecovalve.com\/\",\"name\":\"ZECO Valve\",\"description\":\"Industrial Ball Valve, Gate Valve and Globe Valve Manufacturer\",\"potentialAction\":[{\"@type\":\"SearchAction\",\"target\":\"https:\/\/zecovalve.com\/?s={search_term_string}\",\"query-input\":\"required name=search_term_string\"}],\"inLanguage\":\"de\"},{\"@type\":\"ImageObject\",\"@id\":\"https:\/\/zecovalve.com\/product\/lug-butterfly-valve-2#primaryimage\",\"inLanguage\":\"de\",\"url\":\"https:\/\/zecovalve.com\/wp-content\/uploads\/2022\/06\/lug-butterfly-valve-1.jpg\",\"width\":330,\"height\":300,\"caption\":\"Lug Butterfly Valve\"},{\"@type\":\"WebPage\",\"@id\":\"https:\/\/zecovalve.com\/product\/lug-butterfly-valve-2#webpage\",\"url\":\"https:\/\/zecovalve.com\/product\/lug-butterfly-valve-2\",\"name\":\"Lug Butterfly Valve - ZECO Valve\",\"isPartOf\":{\"@id\":\"https:\/\/zecovalve.com\/#website\"},\"primaryImageOfPage\":{\"@id\":\"https:\/\/zecovalve.com\/product\/lug-butterfly-valve-2#primaryimage\"},\"datePublished\":\"2022-06-27T09:03:42+00:00\",\"dateModified\":\"2022-07-03T06:37:53+00:00\",\"breadcrumb\":{\"@id\":\"https:\/\/zecovalve.com\/product\/lug-butterfly-valve-2#breadcrumb\"},\"inLanguage\":\"de\",\"potentialAction\":[{\"@type\":\"ReadAction\",\"target\":[\"https:\/\/zecovalve.com\/product\/lug-butterfly-valve-2\"]}]},{\"@type\":\"BreadcrumbList\",\"@id\":\"https:\/\/zecovalve.com\/product\/lug-butterfly-valve-2#breadcrumb\",\"itemListElement\":[{\"@type\":\"ListItem\",\"position\":1,\"item\":{\"@type\":\"WebPage\",\"@id\":\"https:\/\/zecovalve.com\/\",\"url\":\"https:\/\/zecovalve.com\/\",\"name\":\"Home\"}},{\"@type\":\"ListItem\",\"position\":2,\"item\":{\"@type\":\"WebPage\",\"@id\":\"https:\/\/zecovalve.com\/product-category\",\"url\":\"https:\/\/zecovalve.com\/product-category\",\"name\":\"Industrial Valve Manufacturer | Water Valve Manufacturer\"}},{\"@type\":\"ListItem\",\"position\":3,\"item\":{\"@type\":\"WebPage\",\"@id\":\"https:\/\/zecovalve.com\/product\/lug-butterfly-valve-2\",\"url\":\"https:\/\/zecovalve.com\/product\/lug-butterfly-valve-2\",\"name\":\"Lug Butterfly Valve\"}}]}]}<\/script>\n<!-- \/ Yoast SEO Premium plugin. -->","_links":{"self":[{"href":"https:\/\/zecovalve.com\/de\/wp-json\/wp\/v2\/product\/17184","targetHints":{"allow":["GET"]}}],"collection":[{"href":"https:\/\/zecovalve.com\/de\/wp-json\/wp\/v2\/product"}],"about":[{"href":"https:\/\/zecovalve.com\/de\/wp-json\/wp\/v2\/types\/product"}],"replies":[{"embeddable":true,"href":"https:\/\/zecovalve.com\/de\/wp-json\/wp\/v2\/comments?post=17184"}],"wp:featuredmedia":[{"embeddable":true,"href":"https:\/\/zecovalve.com\/de\/wp-json\/wp\/v2\/media\/16941"}],"wp:attachment":[{"href":"https:\/\/zecovalve.com\/de\/wp-json\/wp\/v2\/media?parent=17184"}],"wp:term":[{"taxonomy":"product_cat","embeddable":true,"href":"https:\/\/zecovalve.com\/de\/wp-json\/wp\/v2\/product_cat?post=17184"},{"taxonomy":"product_tag","embeddable":true,"href":"https:\/\/zecovalve.com\/de\/wp-json\/wp\/v2\/product_tag?post=17184"}],"curies":[{"name":"wp","href":"https:\/\/api.w.org\/{rel}","templated":true}]}}