{"id":17206,"date":"2022-06-27T09:26:51","date_gmt":"2022-06-27T09:26:51","guid":{"rendered":"https:\/\/zecovalve.com\/?post_type=product&#038;p=17206"},"modified":"2023-06-26T05:40:05","modified_gmt":"2023-06-26T05:40:05","slug":"pressure-reducing-valve","status":"publish","type":"product","link":"https:\/\/zecovalve.com\/de\/produkt\/pressure-reducing-valve","title":{"rendered":"Druckreduzierventil"},"content":{"rendered":"<div class=\"sep-pages-boxs bgs clearfix\">\n<div class=\"sep-container clearfix\">\n<h1 class=\"titles sizes1 cens gtj-ff-bold\">Druckreduzierventil<\/h1>\n<div class=\"bq-sep-pro-detail-thumbs ons clearfix\">\n<div class=\"thumbs\">\n<div class=\"imgs ons\">\n<div class=\"swiper-container swiper-container-initialized swiper-container-horizontal\">\n<div class=\"swiper-wrapper\">\n<div class=\"swiper-slide swiper-slide-active\">\n<figure id=\"attachment_17014\" aria-describedby=\"caption-attachment-17014\" style=\"width: 290px\" class=\"wp-caption alignnone\"><img loading=\"lazy\" decoding=\"async\" class=\"size-medium wp-image-17014\" src=\"https:\/\/zecovalve.com\/wp-content\/uploads\/2022\/06\/pressure-reducing-valve-1-300x273.jpg\" alt=\"Druckreduzierventil\" width=\"300\" height=\"273\" srcset=\"https:\/\/zecovalve.com\/wp-content\/uploads\/2022\/06\/pressure-reducing-valve-1-300x273.jpg 300w, https:\/\/zecovalve.com\/wp-content\/uploads\/2022\/06\/pressure-reducing-valve-1.jpg 330w\" sizes=\"auto, (max-width: 300px) 100vw, 300px\" \/><figcaption id=\"caption-attachment-17014\" class=\"wp-caption-text\"><a href=\"https:\/\/zecovalve.com\/de\/water-pressure-reducing-valve-manufacturer-zeco-valve.html\/\" data-internallinksmanager029f6b8e52c=\"8\" title=\"Druckreduzierventil\" target=\"_blank\" rel=\"noopener\">Druckreduzierventil<\/a><\/figcaption><\/figure>\n<\/div>\n<\/div>\n<\/div>\n<div class=\"lr-lists-boxs\"><\/div>\n<\/div>\n<\/div>\n<\/div>\n<\/div>\n<\/div>\n<div class=\"sep-pages-boxs clearfix\">\n<div class=\"sep-container clearfix\">\n<div id=\"zf-nexts\" class=\"flex clearfix\">\n<div class=\"bq-zf-lefts\">\n<div class=\"richtext\">\n<h2>Merkmale des Druckminderventils<\/h2>\n<div class=\"text-center\"><img loading=\"lazy\" decoding=\"async\" class=\"alignnone size-medium wp-image-17053\" src=\"https:\/\/zecovalve.com\/wp-content\/uploads\/2022\/06\/surge-anticipating-valve-features-300x225.png\" alt=\"\" width=\"300\" height=\"225\" srcset=\"https:\/\/zecovalve.com\/wp-content\/uploads\/2022\/06\/surge-anticipating-valve-features-300x225.png 300w, https:\/\/zecovalve.com\/wp-content\/uploads\/2022\/06\/surge-anticipating-valve-features.png 600w\" sizes=\"auto, (max-width: 300px) 100vw, 300px\" \/><\/div>\n<ul class=\"list-paddingleft-2\">\n<li>Feinf\u00fchlige und pr\u00e4zise Druckregelung<\/li>\n<li>Einstellbarer statischer Druck und dynamischer Druck<\/li>\n<li>Der Auslassdruck schwankt nicht mit dem Einlassdruck<\/li>\n<li>Voller Durchgang, geringer Fl\u00fcssigkeitswiderstand<\/li>\n<\/ul>\n<\/div>\n<div class=\"richtext\">\n<h2>Funktionsprinzip des Druckminderventils<\/h2>\n<div class=\"text-center\">\u00a0<img loading=\"lazy\" decoding=\"async\" class=\"alignnone size-medium wp-image-17208\" src=\"https:\/\/zecovalve.com\/wp-content\/uploads\/2022\/06\/pressure-reducing-control-valve-working-principle-300x225.jpg\" alt=\"\" width=\"300\" height=\"225\" srcset=\"https:\/\/zecovalve.com\/wp-content\/uploads\/2022\/06\/pressure-reducing-control-valve-working-principle-300x225.jpg 300w, https:\/\/zecovalve.com\/wp-content\/uploads\/2022\/06\/pressure-reducing-control-valve-working-principle.jpg 482w\" sizes=\"auto, (max-width: 300px) 100vw, 300px\" \/><\/div>\n<p>Wenn Wasser durch das Ventil flie\u00dft, flie\u00dft es durch das Nadelventil in die Hauptventil-Steuerkammer und der Ausgangsdruck wird durch den F\u00fchrungskanal auf das Steuerventil ausge\u00fcbt. Wenn der Ausgangsdruck h\u00f6her ist als der eingestellte Druck des Steuerventils, steigt der Ausgangsdruck nicht weiter an. Wenn der Ausgangsdruck des Ventils auf den eingestellten Druck des Steuerventils sinkt, \u00f6ffnet sich das Steuerventil und Wasser wird aus der Steuerkammer abgelassen. Da mehr Wasser aus dem Steuerventilsystem abgelassen wird als zuflie\u00dfen, sinkt der Druck in der Hauptventil-Steuerkammer. Der Eingangsdruck zwingt das Hauptventil, sich zu \u00f6ffnen. In einem stabilen Zustand sind der zuflie\u00dfende und der abflie\u00dfende Wasserstrom der Steuerkammer gleich. Die \u00d6ffnung des Hauptventils bleibt bei stabilem Ausgangsdruck konstant.<\/p>\n<\/div>\n<div class=\"richtext\">\n<h2>Installation und Inbetriebnahme des Druckminderventils<\/h2>\n<div class=\"text-center\"><img loading=\"lazy\" decoding=\"async\" class=\"alignnone size-medium wp-image-17207\" src=\"https:\/\/zecovalve.com\/wp-content\/uploads\/2022\/06\/pressure-reducing-control-valve-installation-300x225.jpg\" alt=\"\" width=\"300\" height=\"225\" srcset=\"https:\/\/zecovalve.com\/wp-content\/uploads\/2022\/06\/pressure-reducing-control-valve-installation-300x225.jpg 300w, https:\/\/zecovalve.com\/wp-content\/uploads\/2022\/06\/pressure-reducing-control-valve-installation.jpg 489w\" sizes=\"auto, (max-width: 300px) 100vw, 300px\" \/><\/div>\n<p>Zur Vereinfachung von Bedienung, Einstellung und Wartung ist das <a href=\"https:\/\/zecovalve.com\/de\/water-pressure-reducing-valve-manufacturer-zeco-valve.html\/\" data-internallinksmanager029f6b8e52c=\"8\" title=\"Druckreduzierventil\" target=\"_blank\" rel=\"noopener\">Druckreduzierventil<\/a> wird typischerweise auf einer horizontalen Rohrleitung zusammen mit einem Backup installiert <a href=\"https:\/\/zecovalve.com\/de\/water-pressure-reducing-valve-manufacturer-zeco-valve.html\/\" data-internallinksmanager029f6b8e52c=\"8\" title=\"Druckreduzierventil\" target=\"_blank\" rel=\"noopener\">Druckreduzierventil<\/a> Gruppe. Jede Klasse von Federn der <a href=\"https:\/\/zecovalve.com\/de\/water-pressure-reducing-valve-manufacturer-zeco-valve.html\/\" data-internallinksmanager029f6b8e52c=\"8\" title=\"Druckreduzierventil\" target=\"_blank\" rel=\"noopener\">Druckreduzierventil<\/a> \u00a0kann nur in einem bestimmten Ausgangsdruckbereich angewendet werden, und der Ausgangsdruck kann nur durch Einstellen der Feder des Steuerventils eingestellt werden. F\u00fcr spezielle Anwendungen wenden Sie sich bitte an die ZECO Valve Group.<\/p>\n<\/div>\n<div class=\"richtext\">\n<h2>Druckminderventil Material und Standard<\/h2>\n<p>Gr\u00f6\u00dfenbereich: 2\u2033~24\u2033<\/p>\n<p>Druckstufe: 10bar ~ 25bar<\/p>\n<p>Abmessungen von Angesicht zu Angesicht: AMSE B16.10, EN558-1<\/p>\n<p>Flanschende Abmessung: AMSE B16.1\/16.42, AS4087, EN1092-2<\/p>\n<p>Beschichtung: Schmelzgebundene Epoxid-Beschichtung<\/p>\n<p>Inspektion und Pr\u00fcfung: ISO 5208 \/ EN 12226-2<\/p>\n<div class=\"over-tabs\">\n<table width=\"1248\">\n<tbody>\n<tr class=\"firstRow\">\n<td>Teil<\/td>\n<td>Material<\/td>\n<td>Standard<\/td>\n<\/tr>\n<tr>\n<td>K\u00f6rper<\/td>\n<td>Sph\u00e4roguss<\/td>\n<td>EN 1563\/DIN 1693<\/td>\n<\/tr>\n<tr>\n<td>Motorhaube<\/td>\n<td>Sph\u00e4roguss<\/td>\n<td>EN 1563\/DIN 1693<\/td>\n<\/tr>\n<tr>\n<td>Trimmen<\/td>\n<td>Rostfreier Stahl 431<\/td>\n<td>EN10088-1\/ASTM A959<\/td>\n<\/tr>\n<tr>\n<td>Sitz<\/td>\n<td>Rostfreier Stahl 431<\/td>\n<td>EN10088-1\/ASTM A959<\/td>\n<\/tr>\n<tr>\n<td>Membran<\/td>\n<td>EPDM \/ NBR<\/td>\n<td>ISO 4633<\/td>\n<\/tr>\n<tr>\n<td>Vorsteuerventil<\/td>\n<td>Rostfreier Stahl 431<\/td>\n<td>EN10088-1\/ASTM A959<\/td>\n<\/tr>\n<tr>\n<td colspan=\"3\">F\u00fcr nicht aufgef\u00fchrte Materialoptionen wenden Sie sich bitte an das Werk.<\/p>\n<p>ZECO fertigt Ventile in mehr als 50 verschiedenen Legierungen.<\/td>\n<\/tr>\n<\/tbody>\n<\/table>\n<\/div>\n<\/div>\n<\/div>\n<\/div>\n<\/div>\n<\/div>","protected":false},"excerpt":{"rendered":"<p>Druckminderventil Merkmale des Druckminder-Regelventils Empfindliche und genaue Druckregelung Einstellbarer statischer und dynamischer Druck Ausgangsdruck \u2026 <a title=\"Druckreduzierventil\" class=\"read-more\" href=\"https:\/\/zecovalve.com\/de\/produkt\/pressure-reducing-valve\" aria-label=\"Mehr zu Druckminderventil\">Weiterlesen ...<\/a><\/p>","protected":false},"featured_media":27951,"comment_status":"closed","ping_status":"closed","template":"","meta":{"_generate-full-width-content":"","kt_blocks_editor_width":""},"product_cat":[2597,2526],"product_tag":[2662,2805,2723],"class_list":["post-17206","product","type-product","status-publish","has-post-thumbnail","hentry","product_cat-pressure-control-valve","product_cat-water-control-valve","product_tag-pressure-control-valve","product_tag-pump-valve","product_tag-what-is-a-valve","sales-flash-overlay","woocommerce-text-align-center","woocommerce-image-align-center","do-quantity-buttons"],"featured_image_src_large":["https:\/\/zecovalve.com\/wp-content\/uploads\/2022\/06\/Pressure-Reducing-Valve-3.jpg",800,600,false],"author_info":[],"comment_info":0,"taxonomy_info":{"product_cat":[{"value":2597,"label":"Pressure Control Valve"},{"value":2526,"label":"Water Control Valve"}],"product_tag":[{"value":2662,"label":"Pressure Control Valve"},{"value":2805,"label":"Pump Valve"},{"value":2723,"label":"What is a Valve"}]},"yoast_head":"<!-- This site is optimized with the Yoast SEO Premium plugin v15.4 - https:\/\/yoast.com\/wordpress\/plugins\/seo\/ -->\n<title>Pressure Reducing Valve - ZECO Valve<\/title>\n<meta name=\"robots\" content=\"index, follow, max-snippet:-1, max-image-preview:large, max-video-preview:-1\" \/>\n<link rel=\"canonical\" href=\"https:\/\/zecovalve.com\/de\/produkt\/pressure-reducing-valve\" \/>\n<meta property=\"og:locale\" content=\"de_DE\" \/>\n<meta property=\"og:type\" content=\"article\" \/>\n<meta property=\"og:title\" content=\"Pressure Reducing Valve - ZECO Valve\" \/>\n<meta property=\"og:description\" content=\"Pressure Reducing Valve Festures of Pressure Reducing Control Valve Sensitive and accurate pressure control Adjustable static pressure and dynamic pressure Outlet pressure ... Weiterlesen ...\" \/>\n<meta property=\"og:url\" content=\"https:\/\/zecovalve.com\/de\/produkt\/pressure-reducing-valve\" \/>\n<meta property=\"og:site_name\" content=\"ZECO Valve\" \/>\n<meta property=\"article:modified_time\" content=\"2023-06-26T05:40:05+00:00\" \/>\n<meta property=\"og:image\" content=\"https:\/\/zecovalve.com\/wp-content\/uploads\/2022\/06\/Pressure-Reducing-Valve-3.jpg\" \/>\n\t<meta property=\"og:image:width\" content=\"800\" \/>\n\t<meta property=\"og:image:height\" content=\"600\" \/>\n<meta name=\"twitter:card\" content=\"summary_large_image\" \/>\n<meta name=\"twitter:label1\" content=\"Verfasst von\">\n\t<meta name=\"twitter:data1\" content=\"Jerry\">\n\t<meta name=\"twitter:label2\" content=\"Gesch\u00e4tzte Lesezeit\">\n\t<meta name=\"twitter:data2\" content=\"1\u00a0Minute\">\n<script type=\"application\/ld+json\" class=\"yoast-schema-graph\">{\"@context\":\"https:\/\/schema.org\",\"@graph\":[{\"@type\":\"WebSite\",\"@id\":\"https:\/\/zecovalve.com\/#website\",\"url\":\"https:\/\/zecovalve.com\/\",\"name\":\"ZECO Valve\",\"description\":\"Industrial Ball Valve, Gate Valve and Globe Valve Manufacturer\",\"potentialAction\":[{\"@type\":\"SearchAction\",\"target\":\"https:\/\/zecovalve.com\/?s={search_term_string}\",\"query-input\":\"required name=search_term_string\"}],\"inLanguage\":\"de\"},{\"@type\":\"ImageObject\",\"@id\":\"https:\/\/zecovalve.com\/product\/pressure-reducing-valve#primaryimage\",\"inLanguage\":\"de\",\"url\":\"https:\/\/zecovalve.com\/wp-content\/uploads\/2022\/06\/Pressure-Reducing-Valve-3.jpg\",\"width\":800,\"height\":600,\"caption\":\"Pressure Reducing Valve\"},{\"@type\":\"WebPage\",\"@id\":\"https:\/\/zecovalve.com\/product\/pressure-reducing-valve#webpage\",\"url\":\"https:\/\/zecovalve.com\/product\/pressure-reducing-valve\",\"name\":\"Pressure Reducing Valve - ZECO Valve\",\"isPartOf\":{\"@id\":\"https:\/\/zecovalve.com\/#website\"},\"primaryImageOfPage\":{\"@id\":\"https:\/\/zecovalve.com\/product\/pressure-reducing-valve#primaryimage\"},\"datePublished\":\"2022-06-27T09:26:51+00:00\",\"dateModified\":\"2023-06-26T05:40:05+00:00\",\"breadcrumb\":{\"@id\":\"https:\/\/zecovalve.com\/product\/pressure-reducing-valve#breadcrumb\"},\"inLanguage\":\"de\",\"potentialAction\":[{\"@type\":\"ReadAction\",\"target\":[\"https:\/\/zecovalve.com\/product\/pressure-reducing-valve\"]}]},{\"@type\":\"BreadcrumbList\",\"@id\":\"https:\/\/zecovalve.com\/product\/pressure-reducing-valve#breadcrumb\",\"itemListElement\":[{\"@type\":\"ListItem\",\"position\":1,\"item\":{\"@type\":\"WebPage\",\"@id\":\"https:\/\/zecovalve.com\/\",\"url\":\"https:\/\/zecovalve.com\/\",\"name\":\"Home\"}},{\"@type\":\"ListItem\",\"position\":2,\"item\":{\"@type\":\"WebPage\",\"@id\":\"https:\/\/zecovalve.com\/product-category\",\"url\":\"https:\/\/zecovalve.com\/product-category\",\"name\":\"Industrial Valve Manufacturer | Water Valve Manufacturer\"}},{\"@type\":\"ListItem\",\"position\":3,\"item\":{\"@type\":\"WebPage\",\"@id\":\"https:\/\/zecovalve.com\/product\/pressure-reducing-valve\",\"url\":\"https:\/\/zecovalve.com\/product\/pressure-reducing-valve\",\"name\":\"Pressure Reducing Valve\"}}]}]}<\/script>\n<!-- \/ Yoast SEO Premium plugin. -->","_links":{"self":[{"href":"https:\/\/zecovalve.com\/de\/wp-json\/wp\/v2\/product\/17206","targetHints":{"allow":["GET"]}}],"collection":[{"href":"https:\/\/zecovalve.com\/de\/wp-json\/wp\/v2\/product"}],"about":[{"href":"https:\/\/zecovalve.com\/de\/wp-json\/wp\/v2\/types\/product"}],"replies":[{"embeddable":true,"href":"https:\/\/zecovalve.com\/de\/wp-json\/wp\/v2\/comments?post=17206"}],"wp:featuredmedia":[{"embeddable":true,"href":"https:\/\/zecovalve.com\/de\/wp-json\/wp\/v2\/media\/27951"}],"wp:attachment":[{"href":"https:\/\/zecovalve.com\/de\/wp-json\/wp\/v2\/media?parent=17206"}],"wp:term":[{"taxonomy":"product_cat","embeddable":true,"href":"https:\/\/zecovalve.com\/de\/wp-json\/wp\/v2\/product_cat?post=17206"},{"taxonomy":"product_tag","embeddable":true,"href":"https:\/\/zecovalve.com\/de\/wp-json\/wp\/v2\/product_tag?post=17206"}],"curies":[{"name":"wp","href":"https:\/\/api.w.org\/{rel}","templated":true}]}}