{"id":17240,"date":"2022-06-27T12:22:00","date_gmt":"2022-06-27T12:22:00","guid":{"rendered":"https:\/\/zecovalve.com\/?post_type=product&#038;p=17240"},"modified":"2023-06-26T06:05:35","modified_gmt":"2023-06-26T06:05:35","slug":"picv","status":"publish","type":"product","link":"https:\/\/zecovalve.com\/de\/produkt\/picv","title":{"rendered":"PICV"},"content":{"rendered":"<div class=\"sep-pages-boxs bgs clearfix\">\n<div class=\"sep-container clearfix\">\n<h1 class=\"titles sizes1 cens gtj-ff-bold\">PICV<\/h1>\n<div class=\"bq-sep-pro-detail-thumbs ons clearfix\">\n<div class=\"thumbs\">\n<div class=\"imgs ons\">\n<div class=\"swiper-container swiper-container-initialized swiper-container-horizontal\">\n<div class=\"swiper-wrapper\">\n<div class=\"swiper-slide swiper-slide-active\">\n<p><img loading=\"lazy\" decoding=\"async\" class=\"wp-image-27958 size-medium\" src=\"https:\/\/zecovalve.com\/wp-content\/uploads\/2022\/06\/PICV-300x225.jpg\" alt=\"PICV\" width=\"300\" height=\"225\" srcset=\"https:\/\/zecovalve.com\/wp-content\/uploads\/2022\/06\/PICV-300x225.jpg 300w, https:\/\/zecovalve.com\/wp-content\/uploads\/2022\/06\/PICV-768x576.jpg 768w, https:\/\/zecovalve.com\/wp-content\/uploads\/2022\/06\/PICV-600x450.jpg 600w, https:\/\/zecovalve.com\/wp-content\/uploads\/2022\/06\/PICV.jpg 800w\" sizes=\"auto, (max-width: 300px) 100vw, 300px\" \/><\/p>\n<\/div>\n<\/div>\n<\/div>\n<div class=\"lr-lists-boxs\"><\/div>\n<\/div>\n<\/div>\n<\/div>\n<\/div>\n<\/div>\n<div class=\"sep-pages-boxs clearfix\">\n<div class=\"sep-container clearfix\">\n<div id=\"zf-nexts\" class=\"flex clearfix\">\n<div class=\"bq-zf-lefts\">\n<div class=\"richtext\">\n<h2>Merkmale des druckunabh\u00e4ngigen Regelventils<\/h2>\n<div class=\"text-center\"><\/div>\n<ul class=\"list-paddingleft-2\">\n<li>F\u00fcr die automatische Durchflussregulierung wird keine externe Energie ben\u00f6tigt;<\/li>\n<li>Passen Sie die Ausr\u00fcstung oder den Rohrleitungsfluss automatisch an, um den erforderlichen Designfluss zu erreichen.<\/li>\n<li>Kein Balance-Debugging erforderlich, bevor das System l\u00e4uft;<\/li>\n<li>Halten Sie den Rohrdurchfluss konstant.<\/li>\n<\/ul>\n<\/div>\n<div class=\"richtext\">\n<h2>PICV-Funktionsprinzip<\/h2>\n<div class=\"text-center\"><\/div>\n<p>Wenn der Druckdifferenz-Regelbereich dar\u00fcber liegt, wird der Ventilbeh\u00e4lter vollst\u00e4ndig komprimiert, der Querstrombereich ist nur der minimale Auslegungskanal und die Durchflussrate \u00e4ndert sich mit der Druckdifferenz. Wenn die Druckdifferenz innerhalb des Regelbereichs liegt, bewegt sich der Ventilbeh\u00e4lter mit der Druckdifferenz, wodurch der Durchflussbereich ge\u00e4ndert und der Durchfluss auf dem eingestellten Wert gehalten wird. Unter dem Druckdifferenz-Regelbereich wird das Ventil vollst\u00e4ndig ausgefahren, um den maximalen \u00dcberstrombereich freizugeben, und die Durchflussrate \u00e4ndert sich mit der Druckdifferenz.<\/p>\n<\/div>\n<div class=\"richtext\">\n<h2>PICV-Installation und Inbetriebnahme<\/h2>\n<div class=\"text-center\"><img decoding=\"async\" title=\"Installation und Inbetriebnahme dynamischer Ausgleichsventile\" src=\"https:\/\/www.zhengfengvalve.com\/uploads\/image\/20210918\/14\/dynamic-balancing-valve-installation-and-commissioning.png\" alt=\"Installation und Inbetriebnahme dynamischer Ausgleichsventile\" \/><\/div>\n<p>Dieses Ventil wird haupts\u00e4chlich zur Durchflussregulierung und zum hydraulischen Ausgleich verwendet. Es kann nicht als Absperrventil verwendet werden, da es im geschlossenen Zustand eine gewisse Leckage aufweist. F\u00fcr spezielle Verwendungszwecke wenden Sie sich bitte an die Zeco Valve Group.<\/p>\n<\/div>\n<div class=\"richtext\">\n<h2>PICV-Material und -Standard<\/h2>\n<p>Gr\u00f6\u00dfenbereich: 1\/2\u2033~2\u2033<br \/>\nDruckstufe: 10bar ~ 25bar<\/p>\n<p>Baul\u00e4nge: EN 558-1, ASME B 16.10<\/p>\n<p>Flanschendma\u00df: BS 21<\/p>\n<p>Inspektion und Pr\u00fcfung: ISO 5208 \/ EN 12226-2<\/p>\n<div class=\"over-tabs\">\n<table cellspacing=\"0\">\n<tbody>\n<tr class=\"firstRow\">\n<td valign=\"center\">Teil<\/td>\n<td valign=\"center\">Material<\/td>\n<td valign=\"center\">Standard<\/td>\n<\/tr>\n<tr>\n<td valign=\"center\">K\u00f6rper<\/td>\n<td valign=\"center\">CuZn39Pb1 \/ C37000<\/td>\n<td valign=\"center\">EN12167\/ASTM B135<\/td>\n<\/tr>\n<tr>\n<td valign=\"center\">Motorhaube<\/td>\n<td valign=\"center\">CuZn39Pb1 \/ C37000<\/td>\n<td valign=\"center\">EN12167\/ASTM B135<\/td>\n<\/tr>\n<tr>\n<td valign=\"center\">Trimmen<\/td>\n<td valign=\"center\">CuZn39Pb1 \/ C37000<\/td>\n<td valign=\"center\">EN12167\/ASTM B135<\/td>\n<\/tr>\n<tr>\n<td valign=\"center\">Messanschluss<\/td>\n<td valign=\"center\">CuZn39Pb1 \/ C37000<\/td>\n<td valign=\"center\">EN12167\/ASTM B135<\/td>\n<\/tr>\n<tr>\n<td valign=\"center\">O-Ring<\/td>\n<td valign=\"center\">EPDM \/ NBR<\/td>\n<td valign=\"center\">ISO 4633<\/td>\n<\/tr>\n<tr>\n<td valign=\"center\">Handrad<\/td>\n<td valign=\"center\">Nylon<\/td>\n<td valign=\"center\">ISO 4633<\/td>\n<\/tr>\n<tr>\n<td colspan=\"3\" valign=\"center\">Informationen zu nicht aufgef\u00fchrten Materialoptionen erhalten Sie im Werk.<\/p>\n<p>Zeco fertigt Ventile aus \u00fcber 50 verschiedenen Legierungen.<\/td>\n<\/tr>\n<\/tbody>\n<\/table>\n<\/div>\n<\/div>\n<\/div>\n<\/div>\n<\/div>\n<\/div>","protected":false},"excerpt":{"rendered":"<p>PICV-Funktionen des druckunabh\u00e4ngigen Regelventils F\u00fcr die automatische Durchflussregelung ist keine externe Energie erforderlich. Passen Sie den Ger\u00e4te- oder Rohrleitungsdurchfluss automatisch an \u2026 <a title=\"PICV\" class=\"read-more\" href=\"https:\/\/zecovalve.com\/de\/produkt\/picv\" aria-label=\"Mehr zu PICV\">Weiterlesen ...<\/a><\/p>","protected":false},"featured_media":27958,"comment_status":"closed","ping_status":"closed","template":"","meta":{"_generate-full-width-content":"","kt_blocks_editor_width":""},"product_cat":[2512],"product_tag":[2724,2654,2766,2727],"class_list":["post-17240","product","type-product","status-publish","has-post-thumbnail","hentry","product_cat-balancing-valve","product_tag-balancing-valve","product_tag-hvac-valve","product_tag-motorised-valve","product_tag-motorized-valve","sales-flash-overlay","woocommerce-text-align-center","woocommerce-image-align-center","do-quantity-buttons"],"featured_image_src_large":["https:\/\/zecovalve.com\/wp-content\/uploads\/2022\/06\/PICV.jpg",800,600,false],"author_info":[],"comment_info":0,"taxonomy_info":{"product_cat":[{"value":2512,"label":"Balancing Valve"}],"product_tag":[{"value":2724,"label":"Balancing Valve"},{"value":2654,"label":"HVAC Valve"},{"value":2766,"label":"Motorised Valve"},{"value":2727,"label":"Motorized Valve"}]},"yoast_head":"<!-- This site is optimized with the Yoast SEO Premium plugin v15.4 - https:\/\/yoast.com\/wordpress\/plugins\/seo\/ -->\n<title>PICV - ZECO Valve<\/title>\n<meta name=\"robots\" content=\"index, follow, max-snippet:-1, max-image-preview:large, max-video-preview:-1\" \/>\n<link rel=\"canonical\" href=\"https:\/\/zecovalve.com\/de\/produkt\/picv\" \/>\n<meta property=\"og:locale\" content=\"de_DE\" \/>\n<meta property=\"og:type\" content=\"article\" \/>\n<meta property=\"og:title\" content=\"PICV - ZECO Valve\" \/>\n<meta property=\"og:description\" content=\"PICV Features of Pressure Independent Control Valve No external energy is required for automatic flow regulation; Automatically adjust equipment or pipeline flow ... Weiterlesen ...\" \/>\n<meta property=\"og:url\" content=\"https:\/\/zecovalve.com\/de\/produkt\/picv\" \/>\n<meta property=\"og:site_name\" content=\"ZECO Valve\" \/>\n<meta property=\"article:modified_time\" content=\"2023-06-26T06:05:35+00:00\" \/>\n<meta property=\"og:image\" content=\"https:\/\/zecovalve.com\/wp-content\/uploads\/2022\/06\/PICV.jpg\" \/>\n\t<meta property=\"og:image:width\" content=\"800\" \/>\n\t<meta property=\"og:image:height\" content=\"600\" \/>\n<meta name=\"twitter:card\" content=\"summary_large_image\" \/>\n<meta name=\"twitter:label1\" content=\"Verfasst von\">\n\t<meta name=\"twitter:data1\" content=\"Jerry\">\n\t<meta name=\"twitter:label2\" content=\"Gesch\u00e4tzte Lesezeit\">\n\t<meta name=\"twitter:data2\" content=\"1\u00a0Minute\">\n<script type=\"application\/ld+json\" class=\"yoast-schema-graph\">{\"@context\":\"https:\/\/schema.org\",\"@graph\":[{\"@type\":\"WebSite\",\"@id\":\"https:\/\/zecovalve.com\/#website\",\"url\":\"https:\/\/zecovalve.com\/\",\"name\":\"ZECO Valve\",\"description\":\"Industrial Ball Valve, Gate Valve and Globe Valve Manufacturer\",\"potentialAction\":[{\"@type\":\"SearchAction\",\"target\":\"https:\/\/zecovalve.com\/?s={search_term_string}\",\"query-input\":\"required name=search_term_string\"}],\"inLanguage\":\"de\"},{\"@type\":\"ImageObject\",\"@id\":\"https:\/\/zecovalve.com\/product\/picv#primaryimage\",\"inLanguage\":\"de\",\"url\":\"https:\/\/zecovalve.com\/wp-content\/uploads\/2022\/06\/PICV.jpg\",\"width\":800,\"height\":600,\"caption\":\"PICV\"},{\"@type\":\"WebPage\",\"@id\":\"https:\/\/zecovalve.com\/product\/picv#webpage\",\"url\":\"https:\/\/zecovalve.com\/product\/picv\",\"name\":\"PICV - ZECO Valve\",\"isPartOf\":{\"@id\":\"https:\/\/zecovalve.com\/#website\"},\"primaryImageOfPage\":{\"@id\":\"https:\/\/zecovalve.com\/product\/picv#primaryimage\"},\"datePublished\":\"2022-06-27T12:22:00+00:00\",\"dateModified\":\"2023-06-26T06:05:35+00:00\",\"breadcrumb\":{\"@id\":\"https:\/\/zecovalve.com\/product\/picv#breadcrumb\"},\"inLanguage\":\"de\",\"potentialAction\":[{\"@type\":\"ReadAction\",\"target\":[\"https:\/\/zecovalve.com\/product\/picv\"]}]},{\"@type\":\"BreadcrumbList\",\"@id\":\"https:\/\/zecovalve.com\/product\/picv#breadcrumb\",\"itemListElement\":[{\"@type\":\"ListItem\",\"position\":1,\"item\":{\"@type\":\"WebPage\",\"@id\":\"https:\/\/zecovalve.com\/\",\"url\":\"https:\/\/zecovalve.com\/\",\"name\":\"Home\"}},{\"@type\":\"ListItem\",\"position\":2,\"item\":{\"@type\":\"WebPage\",\"@id\":\"https:\/\/zecovalve.com\/product-category\",\"url\":\"https:\/\/zecovalve.com\/product-category\",\"name\":\"Industrial Valve Manufacturer | Water Valve Manufacturer\"}},{\"@type\":\"ListItem\",\"position\":3,\"item\":{\"@type\":\"WebPage\",\"@id\":\"https:\/\/zecovalve.com\/product\/picv\",\"url\":\"https:\/\/zecovalve.com\/product\/picv\",\"name\":\"PICV\"}}]}]}<\/script>\n<!-- \/ Yoast SEO Premium plugin. -->","_links":{"self":[{"href":"https:\/\/zecovalve.com\/de\/wp-json\/wp\/v2\/product\/17240","targetHints":{"allow":["GET"]}}],"collection":[{"href":"https:\/\/zecovalve.com\/de\/wp-json\/wp\/v2\/product"}],"about":[{"href":"https:\/\/zecovalve.com\/de\/wp-json\/wp\/v2\/types\/product"}],"replies":[{"embeddable":true,"href":"https:\/\/zecovalve.com\/de\/wp-json\/wp\/v2\/comments?post=17240"}],"wp:featuredmedia":[{"embeddable":true,"href":"https:\/\/zecovalve.com\/de\/wp-json\/wp\/v2\/media\/27958"}],"wp:attachment":[{"href":"https:\/\/zecovalve.com\/de\/wp-json\/wp\/v2\/media?parent=17240"}],"wp:term":[{"taxonomy":"product_cat","embeddable":true,"href":"https:\/\/zecovalve.com\/de\/wp-json\/wp\/v2\/product_cat?post=17240"},{"taxonomy":"product_tag","embeddable":true,"href":"https:\/\/zecovalve.com\/de\/wp-json\/wp\/v2\/product_tag?post=17240"}],"curies":[{"name":"wp","href":"https:\/\/api.w.org\/{rel}","templated":true}]}}