{"id":17283,"date":"2022-06-27T12:55:57","date_gmt":"2022-06-27T12:55:57","guid":{"rendered":"https:\/\/zecovalve.com\/?post_type=product&#038;p=17283"},"modified":"2023-06-15T13:14:22","modified_gmt":"2023-06-15T13:14:22","slug":"metal-seated-gate-valve","status":"publish","type":"product","link":"https:\/\/zecovalve.com\/de\/produkt\/metal-seated-gate-valve","title":{"rendered":"Metallisch dichtende Absperrschieber"},"content":{"rendered":"<div class=\"sep-pages-boxs bgs clearfix\">\n<div class=\"sep-container clearfix\">\n<p><img loading=\"lazy\" decoding=\"async\" class=\"size-medium wp-image-27897\" src=\"https:\/\/zecovalve.com\/wp-content\/uploads\/2022\/06\/Metal-Seated-Gate-Valve-1-300x225.jpg\" alt=\"Metallisch dichtende Absperrschieber\" width=\"300\" height=\"225\" srcset=\"https:\/\/zecovalve.com\/wp-content\/uploads\/2022\/06\/Metal-Seated-Gate-Valve-1-300x225.jpg 300w, https:\/\/zecovalve.com\/wp-content\/uploads\/2022\/06\/Metal-Seated-Gate-Valve-1-768x576.jpg 768w, https:\/\/zecovalve.com\/wp-content\/uploads\/2022\/06\/Metal-Seated-Gate-Valve-1-600x450.jpg 600w, https:\/\/zecovalve.com\/wp-content\/uploads\/2022\/06\/Metal-Seated-Gate-Valve-1.jpg 800w\" sizes=\"auto, (max-width: 300px) 100vw, 300px\" \/><\/p>\n<\/div>\n<\/div>\n<div class=\"sep-pages-boxs clearfix\">\n<div class=\"sep-container clearfix\">\n<div id=\"zf-nexts\" class=\"flex clearfix\">\n<div class=\"bq-zf-lefts\">\n<div class=\"richtext\">\n<h2>Merkmale des Schieberventils mit Metallsitz<\/h2>\n<div class=\"text-center\"><img loading=\"lazy\" decoding=\"async\" class=\"alignnone size-medium wp-image-16925\" src=\"https:\/\/zecovalve.com\/wp-content\/uploads\/2022\/06\/how-gate-valve-works-300x300.jpg\" alt=\"\" width=\"300\" height=\"300\" srcset=\"https:\/\/zecovalve.com\/wp-content\/uploads\/2022\/06\/how-gate-valve-works-300x300.jpg 300w, https:\/\/zecovalve.com\/wp-content\/uploads\/2022\/06\/how-gate-valve-works-150x150.jpg 150w, https:\/\/zecovalve.com\/wp-content\/uploads\/2022\/06\/how-gate-valve-works-768x768.jpg 768w, https:\/\/zecovalve.com\/wp-content\/uploads\/2022\/06\/how-gate-valve-works-400x400.jpg 400w, https:\/\/zecovalve.com\/wp-content\/uploads\/2022\/06\/how-gate-valve-works-600x600.jpg 600w, https:\/\/zecovalve.com\/wp-content\/uploads\/2022\/06\/how-gate-valve-works-100x100.jpg 100w, https:\/\/zecovalve.com\/wp-content\/uploads\/2022\/06\/how-gate-valve-works.jpg 800w\" sizes=\"auto, (max-width: 300px) 100vw, 300px\" \/><\/div>\n<ul class=\"list-paddingleft-2\">\n<li>Die Spindel ist durch drei unabh\u00e4ngige Dichtungen dauerhaft abgedichtet. Sollte die Dichtung nach l\u00e4ngerem Gebrauch verschlei\u00dfen, m\u00fcssen lediglich die Stopfbuchsenschrauben nachgezogen werden.<\/li>\n<li>Kugelf\u00f6rmiger Anschlag des Schafts, geringer Reibungswiderstand, sodass sich das Ventil leicht \u00f6ffnen und schlie\u00dfen l\u00e4sst und das Betriebsdrehmoment gering ist;<\/li>\n<li>Der Haupt-O-Ring der Spindel kann durch Druck im Rohr ersetzt werden.<\/li>\n<li>Auf die Innen- und Au\u00dfenfl\u00e4che des Produkts gespr\u00fchtes Epoxidharz, das nicht so leicht korrodiert.<\/li>\n<\/ul>\n<\/div>\n<div class=\"richtext\">\n<h2>Funktionsprinzip eines Schieberventils mit Metallsitz<\/h2>\n<div class=\"text-center\"><img loading=\"lazy\" decoding=\"async\" class=\"alignnone size-medium wp-image-17284\" src=\"https:\/\/zecovalve.com\/wp-content\/uploads\/2022\/06\/metal-seated-gate-valve-2-300x225.jpg\" alt=\"\" width=\"300\" height=\"225\" srcset=\"https:\/\/zecovalve.com\/wp-content\/uploads\/2022\/06\/metal-seated-gate-valve-2-300x225.jpg 300w, https:\/\/zecovalve.com\/wp-content\/uploads\/2022\/06\/metal-seated-gate-valve-2.jpg 600w\" sizes=\"auto, (max-width: 300px) 100vw, 300px\" \/><\/div>\n<p>Schieber mit Metallsitz vs. Schieber mit elastischem Sitz. Normalerweise k\u00f6nnen beide f\u00fcr Wasserleitungen verwendet werden. Schieber mit elastischem Sitz werden eher f\u00fcr saubere Wasserleitungen verwendet, da k\u00f6rniges Medium den Gummi des Schiebers besch\u00e4digt. Schieber mit Metallsitz werden dagegen h\u00e4ufiger verwendet. Die H\u00e4rte des Bronzesitzes sorgt daf\u00fcr, dass im k\u00f6rnigen Medium auch eine sehr gute Dichtwirkung erzielt werden kann und die Lebensdauer nicht stark beeintr\u00e4chtigt wird. Der Produktionszyklus von Schiebern mit Metallsitz ist jedoch l\u00e4nger und die Verwendung ist teurer. Daher muss zwischen beiden gew\u00e4hlt werden, je nach den Arbeitsbedingungen des Mediums und dem Budget.<\/p>\n<\/div>\n<div class=\"richtext\">\n<h2>Installation und Inbetriebnahme von Schieberventilen mit Metallsitz<\/h2>\n<div class=\"text-center\"><img loading=\"lazy\" decoding=\"async\" class=\"alignnone size-medium wp-image-17285\" src=\"https:\/\/zecovalve.com\/wp-content\/uploads\/2022\/06\/metal-seated-gate-valve-3-300x225.jpg\" alt=\"\" width=\"300\" height=\"225\" srcset=\"https:\/\/zecovalve.com\/wp-content\/uploads\/2022\/06\/metal-seated-gate-valve-3-300x225.jpg 300w, https:\/\/zecovalve.com\/wp-content\/uploads\/2022\/06\/metal-seated-gate-valve-3.jpg 600w\" sizes=\"auto, (max-width: 300px) 100vw, 300px\" \/><\/div>\n<p>Metallsitz-Schieber in der Rohrleitung erfordern keine h\u00e4ufige Wartung. Je nach Nutzungsdauer kann der O-Ring des Schafts regelm\u00e4\u00dfig ausgetauscht werden, um die Gefahr von Leckagen zu verringern. F\u00fcr spezielle Verwendungszwecke wenden Sie sich bitte an die Zeco Valve Group.<\/p>\n<\/div>\n<div class=\"richtext\">\n<h2>Material und Standard f\u00fcr Schieberventile mit Metallsitz<\/h2>\n<p>Gr\u00f6\u00dfenbereich: 2\u2033~64\u2033<br \/>\nDruckstufe: 10bar ~ 25bar<\/p>\n<p>Abmessungen von Angesicht zu Angesicht: AMSE B16.10, EN558-1<\/p>\n<p>Flanschendma\u00df: AMSE B16.5, AS4087, EN1092-2<\/p>\n<p>Beschichtung: WRAS-zugelassene, aufgeschmolzene Epoxidbeschichtung<\/p>\n<p>Inspektion und Pr\u00fcfung: ISO 5208 \/ EN 12226-2<\/p>\n<div class=\"over-tabs\">\n<table cellspacing=\"0\">\n<tbody>\n<tr class=\"firstRow\">\n<td valign=\"center\">Teil<\/td>\n<td valign=\"center\">Material<\/td>\n<td valign=\"center\">Standard<\/td>\n<\/tr>\n<tr>\n<td valign=\"center\">K\u00f6rper<\/td>\n<td valign=\"center\">Sph\u00e4roguss\/Gusseisen<\/td>\n<td valign=\"center\">EN 1563\/DIN 1693<\/td>\n<\/tr>\n<tr>\n<td valign=\"center\">Motorhaube<\/td>\n<td valign=\"center\">Sph\u00e4roguss\/Gusseisen<\/td>\n<td valign=\"center\">EN 1563\/DIN 1693<\/td>\n<\/tr>\n<tr>\n<td valign=\"center\">Trimmen<\/td>\n<td valign=\"center\">Sph\u00e4roguss\/Gusseisen<\/td>\n<td valign=\"center\">EN 1563\/DIN 1693<\/td>\n<\/tr>\n<tr>\n<td valign=\"center\">Sitz<\/td>\n<td valign=\"center\">Bronze\/Messing<\/td>\n<td valign=\"center\">ASTM B62\/ ASTM B148<\/td>\n<\/tr>\n<tr>\n<td valign=\"center\">O-Ring<\/td>\n<td valign=\"center\">EPDM \/ NBR<\/td>\n<td valign=\"center\">ISO 4633<\/td>\n<\/tr>\n<tr>\n<td colspan=\"3\" valign=\"center\">Informationen zu nicht aufgef\u00fchrten Materialoptionen erhalten Sie im Werk.<\/p>\n<p>Zeco fertigt Ventile aus \u00fcber 50 verschiedenen Legierungen.<\/td>\n<\/tr>\n<\/tbody>\n<\/table>\n<\/div>\n<\/div>\n<\/div>\n<\/div>\n<\/div>\n<\/div>","protected":false},"excerpt":{"rendered":"<p>Merkmale des Schieberventils mit Metallsitz Der Schaft ist durch drei unabh\u00e4ngige Dichtungen dauerhaft abgedichtet, und wenn die Dichtung nach \u2026 verschlei\u00dft, <a title=\"Metallisch dichtende Absperrschieber\" class=\"read-more\" href=\"https:\/\/zecovalve.com\/de\/produkt\/metal-seated-gate-valve\" aria-label=\"Mehr zu Metallsitzschieber\">Weiterlesen ...<\/a><\/p>","protected":false},"featured_media":27897,"comment_status":"closed","ping_status":"closed","template":"","meta":{"_generate-full-width-content":"","kt_blocks_editor_width":""},"product_cat":[2510],"product_tag":[2658,2798],"class_list":["post-17283","product","type-product","status-publish","has-post-thumbnail","hentry","product_cat-water-gate-valve","product_tag-isolation-valve","product_tag-osy-valve","sales-flash-overlay","woocommerce-text-align-center","woocommerce-image-align-center","do-quantity-buttons"],"featured_image_src_large":["https:\/\/zecovalve.com\/wp-content\/uploads\/2022\/06\/Metal-Seated-Gate-Valve-1.jpg",800,600,false],"author_info":[],"comment_info":0,"taxonomy_info":{"product_cat":[{"value":2510,"label":"Water Gate Valve"}],"product_tag":[{"value":2658,"label":"Isolation Valve"},{"value":2798,"label":"OS&amp;Y Valve"}]},"yoast_head":"<!-- This site is optimized with the Yoast SEO Premium plugin v15.4 - https:\/\/yoast.com\/wordpress\/plugins\/seo\/ -->\n<title>Metal Seated Gate Valve - ZECO Valve<\/title>\n<meta name=\"robots\" content=\"index, follow, max-snippet:-1, max-image-preview:large, max-video-preview:-1\" \/>\n<link rel=\"canonical\" href=\"https:\/\/zecovalve.com\/de\/produkt\/metal-seated-gate-valve\" \/>\n<meta property=\"og:locale\" content=\"de_DE\" \/>\n<meta property=\"og:type\" content=\"article\" \/>\n<meta property=\"og:title\" content=\"Metal Seated Gate Valve - ZECO Valve\" \/>\n<meta property=\"og:description\" content=\"Features of Metal Seated Gate Valve The stem is permanently sealed by three independent seals, and if the seal wears out after ... Weiterlesen ...\" \/>\n<meta property=\"og:url\" content=\"https:\/\/zecovalve.com\/de\/produkt\/metal-seated-gate-valve\" \/>\n<meta property=\"og:site_name\" content=\"ZECO Valve\" \/>\n<meta property=\"article:modified_time\" content=\"2023-06-15T13:14:22+00:00\" \/>\n<meta property=\"og:image\" content=\"https:\/\/zecovalve.com\/wp-content\/uploads\/2022\/06\/Metal-Seated-Gate-Valve-1.jpg\" \/>\n\t<meta property=\"og:image:width\" content=\"800\" \/>\n\t<meta property=\"og:image:height\" content=\"600\" \/>\n<meta name=\"twitter:card\" content=\"summary_large_image\" \/>\n<meta name=\"twitter:label1\" content=\"Verfasst von\">\n\t<meta name=\"twitter:data1\" content=\"Jerry\">\n\t<meta name=\"twitter:label2\" content=\"Gesch\u00e4tzte Lesezeit\">\n\t<meta name=\"twitter:data2\" content=\"1\u00a0Minute\">\n<script type=\"application\/ld+json\" class=\"yoast-schema-graph\">{\"@context\":\"https:\/\/schema.org\",\"@graph\":[{\"@type\":\"WebSite\",\"@id\":\"https:\/\/zecovalve.com\/#website\",\"url\":\"https:\/\/zecovalve.com\/\",\"name\":\"ZECO Valve\",\"description\":\"Industrial Ball Valve, Gate Valve and Globe Valve Manufacturer\",\"potentialAction\":[{\"@type\":\"SearchAction\",\"target\":\"https:\/\/zecovalve.com\/?s={search_term_string}\",\"query-input\":\"required name=search_term_string\"}],\"inLanguage\":\"de\"},{\"@type\":\"ImageObject\",\"@id\":\"https:\/\/zecovalve.com\/product\/metal-seated-gate-valve#primaryimage\",\"inLanguage\":\"de\",\"url\":\"https:\/\/zecovalve.com\/wp-content\/uploads\/2022\/06\/Metal-Seated-Gate-Valve-1.jpg\",\"width\":800,\"height\":600,\"caption\":\"Metal Seated Gate Valve\"},{\"@type\":\"WebPage\",\"@id\":\"https:\/\/zecovalve.com\/product\/metal-seated-gate-valve#webpage\",\"url\":\"https:\/\/zecovalve.com\/product\/metal-seated-gate-valve\",\"name\":\"Metal Seated Gate Valve - ZECO Valve\",\"isPartOf\":{\"@id\":\"https:\/\/zecovalve.com\/#website\"},\"primaryImageOfPage\":{\"@id\":\"https:\/\/zecovalve.com\/product\/metal-seated-gate-valve#primaryimage\"},\"datePublished\":\"2022-06-27T12:55:57+00:00\",\"dateModified\":\"2023-06-15T13:14:22+00:00\",\"breadcrumb\":{\"@id\":\"https:\/\/zecovalve.com\/product\/metal-seated-gate-valve#breadcrumb\"},\"inLanguage\":\"de\",\"potentialAction\":[{\"@type\":\"ReadAction\",\"target\":[\"https:\/\/zecovalve.com\/product\/metal-seated-gate-valve\"]}]},{\"@type\":\"BreadcrumbList\",\"@id\":\"https:\/\/zecovalve.com\/product\/metal-seated-gate-valve#breadcrumb\",\"itemListElement\":[{\"@type\":\"ListItem\",\"position\":1,\"item\":{\"@type\":\"WebPage\",\"@id\":\"https:\/\/zecovalve.com\/\",\"url\":\"https:\/\/zecovalve.com\/\",\"name\":\"Home\"}},{\"@type\":\"ListItem\",\"position\":2,\"item\":{\"@type\":\"WebPage\",\"@id\":\"https:\/\/zecovalve.com\/product-category\",\"url\":\"https:\/\/zecovalve.com\/product-category\",\"name\":\"Industrial Valve Manufacturer | Water Valve Manufacturer\"}},{\"@type\":\"ListItem\",\"position\":3,\"item\":{\"@type\":\"WebPage\",\"@id\":\"https:\/\/zecovalve.com\/product\/metal-seated-gate-valve\",\"url\":\"https:\/\/zecovalve.com\/product\/metal-seated-gate-valve\",\"name\":\"Metal Seated Gate Valve\"}}]}]}<\/script>\n<!-- \/ Yoast SEO Premium plugin. -->","_links":{"self":[{"href":"https:\/\/zecovalve.com\/de\/wp-json\/wp\/v2\/product\/17283","targetHints":{"allow":["GET"]}}],"collection":[{"href":"https:\/\/zecovalve.com\/de\/wp-json\/wp\/v2\/product"}],"about":[{"href":"https:\/\/zecovalve.com\/de\/wp-json\/wp\/v2\/types\/product"}],"replies":[{"embeddable":true,"href":"https:\/\/zecovalve.com\/de\/wp-json\/wp\/v2\/comments?post=17283"}],"wp:featuredmedia":[{"embeddable":true,"href":"https:\/\/zecovalve.com\/de\/wp-json\/wp\/v2\/media\/27897"}],"wp:attachment":[{"href":"https:\/\/zecovalve.com\/de\/wp-json\/wp\/v2\/media?parent=17283"}],"wp:term":[{"taxonomy":"product_cat","embeddable":true,"href":"https:\/\/zecovalve.com\/de\/wp-json\/wp\/v2\/product_cat?post=17283"},{"taxonomy":"product_tag","embeddable":true,"href":"https:\/\/zecovalve.com\/de\/wp-json\/wp\/v2\/product_tag?post=17283"}],"curies":[{"name":"wp","href":"https:\/\/api.w.org\/{rel}","templated":true}]}}