{"id":17356,"date":"2022-06-27T13:49:24","date_gmt":"2022-06-27T13:49:24","guid":{"rendered":"https:\/\/zecovalve.com\/?post_type=product&#038;p=17356"},"modified":"2022-08-03T16:06:55","modified_gmt":"2022-08-03T16:06:55","slug":"flanged-butterfly-valve","status":"publish","type":"product","link":"https:\/\/zecovalve.com\/de\/produkt\/flanged-butterfly-valve","title":{"rendered":"Geflanschte Absperrklappe"},"content":{"rendered":"<div class=\"sep-pages-boxs bgs clearfix\">\n<div class=\"sep-container clearfix\">\n<h1 class=\"titles sizes1 cens gtj-ff-bold\">Geflanschte Absperrklappe<\/h1>\n<div class=\"bq-sep-pro-detail-thumbs ons clearfix\">\n<div class=\"thumbs\">\n<div class=\"imgs ons\">\n<div class=\"swiper-container swiper-container-initialized swiper-container-horizontal\">\n<div class=\"swiper-wrapper\">\n<div class=\"swiper-slide swiper-slide-active\">\n<figure id=\"attachment_16940\" aria-describedby=\"caption-attachment-16940\" style=\"width: 290px\" class=\"wp-caption alignnone\"><img loading=\"lazy\" decoding=\"async\" class=\"size-medium wp-image-16940\" src=\"https:\/\/zecovalve.com\/wp-content\/uploads\/2022\/06\/flanged-butterfly-valve-300x273.jpg\" alt=\"Flansch-Absperrklappe\" width=\"300\" height=\"273\" srcset=\"https:\/\/zecovalve.com\/wp-content\/uploads\/2022\/06\/flanged-butterfly-valve-300x273.jpg 300w, https:\/\/zecovalve.com\/wp-content\/uploads\/2022\/06\/flanged-butterfly-valve.jpg 330w\" sizes=\"auto, (max-width: 300px) 100vw, 300px\" \/><figcaption id=\"caption-attachment-16940\" class=\"wp-caption-text\">Flansch-Absperrklappe<\/figcaption><\/figure>\n<\/div>\n<\/div>\n<\/div>\n<div class=\"lr-lists-boxs\"><\/div>\n<\/div>\n<\/div>\n<\/div>\n<\/div>\n<\/div>\n<div class=\"sep-pages-boxs clearfix\">\n<div class=\"sep-container clearfix\">\n<div id=\"zf-nexts\" class=\"flex clearfix\">\n<div class=\"bq-zf-lefts\">\n<div class=\"richtext\">\n<h2>Festigkeiten von Flanschklappen<\/h2>\n<div class=\"text-center\">\u00a0<img loading=\"lazy\" decoding=\"async\" class=\"alignnone size-medium wp-image-17358\" src=\"https:\/\/zecovalve.com\/wp-content\/uploads\/2022\/06\/flanged-concentric-butterfly-valve-2-300x225.png\" alt=\"\" width=\"300\" height=\"225\" srcset=\"https:\/\/zecovalve.com\/wp-content\/uploads\/2022\/06\/flanged-concentric-butterfly-valve-2-300x225.png 300w, https:\/\/zecovalve.com\/wp-content\/uploads\/2022\/06\/flanged-concentric-butterfly-valve-2.png 600w\" sizes=\"auto, (max-width: 300px) 100vw, 300px\" \/><\/div>\n<ul class=\"list-paddingleft-2\">\n<li>Bidirektionale Abdichtung, keine Str\u00f6mungsrichtung des Mediums;<\/li>\n<li>Ventilk\u00f6rper vulkanisiertes EPDM, zuverl\u00e4ssige Abdichtung;<\/li>\n<li>Ein Zifferblatt mit einer \u00d6ffnungsanzeige, die die Stellung des Scheibenschalters anzeigt;<\/li>\n<li>Geradlinige Flie\u00dfeigenschaften, gute Regelungsleistung.<\/li>\n<\/ul>\n<\/div>\n<div class=\"richtext\">\n<h2>Flanschklappe Arbeitsprinzip<\/h2>\n<div class=\"text-center\"><img loading=\"lazy\" decoding=\"async\" class=\"alignnone size-medium wp-image-17359\" src=\"https:\/\/zecovalve.com\/wp-content\/uploads\/2022\/06\/flanged-concentric-butterfly-valve-with-electric-actuator-300x225.png\" alt=\"\" width=\"300\" height=\"225\" srcset=\"https:\/\/zecovalve.com\/wp-content\/uploads\/2022\/06\/flanged-concentric-butterfly-valve-with-electric-actuator-300x225.png 300w, https:\/\/zecovalve.com\/wp-content\/uploads\/2022\/06\/flanged-concentric-butterfly-valve-with-electric-actuator.png 600w\" sizes=\"auto, (max-width: 300px) 100vw, 300px\" \/><\/div>\n<p>Der Drehpunkt der geflanschten Klappenscheibe (d.h. der Mittelpunkt der Spindel) befindet sich auf der Mittellinie des Klappengeh\u00e4uses und des Dichtfl\u00e4chenabschnitts der Scheibe. Wenn die Klappe geschlossen ist, dr\u00fcckt die kreisf\u00f6rmige Dichtfl\u00e4che der Klappe auf den Sitz aus synthetischem Gummi, so dass sich der Sitz elastisch verformt und die elastische Kraft zum Abdichten der Klappe erzeugt. Wenn eine Fernsteuerung erforderlich ist, k\u00f6nnen verschiedene Arten von elektrischen Vorrichtungen entsprechend den unterschiedlichen Arbeitsbedingungen eingebaut werden.<\/p>\n<\/div>\n<div class=\"richtext\">\n<h2>Montage und Inbetriebnahme von Flanschklappen<\/h2>\n<div class=\"text-center\"><img loading=\"lazy\" decoding=\"async\" class=\"alignnone size-medium wp-image-17357\" src=\"https:\/\/zecovalve.com\/wp-content\/uploads\/2022\/06\/flanged-concentric-butterfly-valve-1-300x225.png\" alt=\"\" width=\"300\" height=\"225\" srcset=\"https:\/\/zecovalve.com\/wp-content\/uploads\/2022\/06\/flanged-concentric-butterfly-valve-1-300x225.png 300w, https:\/\/zecovalve.com\/wp-content\/uploads\/2022\/06\/flanged-concentric-butterfly-valve-1.png 600w\" sizes=\"auto, (max-width: 300px) 100vw, 300px\" \/><\/div>\n<p>Reinigen Sie den inneren Hohlraum und den Dichtungsdeckel des Ventils vor dem Einbau. Diese Absperrklappe kann in horizontale, vertikale und beliebig gewinkelte Rohre eingebaut und in beide Richtungen verwendet werden. Die Absperrklappe muss bei der Installation in geschlossener Position sein, um sicherzustellen, dass die Scheibe nicht mit dem Rohrflansch kollidiert. Stellen Sie sicher, dass die Flanschschwei\u00dfung korrekt ist. Nach dem Einbau der Absperrklappe darf der Flansch nicht mehr geschwei\u00dft werden, um die Gummiteile und die Korrosionsschutzbeschichtung nicht zu verbrennen. F\u00fcr spezifische Anwendungen wenden Sie sich bitte an die ZECO Valve Group.<\/p>\n<\/div>\n<div class=\"richtext\">\n<h2>Geflanschte Absperrklappe Material und Standard<\/h2>\n<p>Gr\u00f6\u00dfenbereich: 2\u2033~48\u2033.<\/p>\n<p>Druckstufe: 10bar ~ 25bar<\/p>\n<p>Abmessungen von Angesicht zu Angesicht: AMSE B16.10, EN558-1<\/p>\n<p>Flanschende Abmessung: AMSE B16.1\/16.42, AS4087, EN1092-2<\/p>\n<p>Beschichtung: Schmelzgebundene Epoxid-Beschichtung<\/p>\n<p>Inspektion und Pr\u00fcfung: ISO 5208 \/ EN 12226-2<\/p>\n<div class=\"over-tabs\">\n<table width=\"1389\">\n<tbody>\n<tr class=\"firstRow\">\n<td>Teil<\/td>\n<td>Material<\/td>\n<td>Standard<\/td>\n<\/tr>\n<tr>\n<td>K\u00f6rper<\/td>\n<td>Sph\u00e4roguss<\/td>\n<td>EN 1563\/DIN 1693<\/td>\n<\/tr>\n<tr>\n<td>Scheibe<\/td>\n<td>Sph\u00e4roguss<\/td>\n<td>EN 1563\/DIN 1693<\/td>\n<\/tr>\n<tr>\n<td>Sitz<\/td>\n<td>EPDM \/ NBR<\/td>\n<td>ISO 4633<\/td>\n<\/tr>\n<tr>\n<td>Vorbau<\/td>\n<td>Rostfreier Stahl 431<\/td>\n<td>EN10088-1\/ASTM A959<\/td>\n<\/tr>\n<tr>\n<td>Schraube<\/td>\n<td>Rostfreier Stahl 431<\/td>\n<td>EN10088-1\/ASTM A959<\/td>\n<\/tr>\n<tr>\n<td>Schneckenbet\u00e4tiger<\/td>\n<td>Sph\u00e4roguss<\/td>\n<td>EN 1563\/DIN 1693<\/td>\n<\/tr>\n<tr>\n<td colspan=\"3\">F\u00fcr nicht aufgef\u00fchrte Materialoptionen wenden Sie sich bitte an das Werk.<\/p>\n<p>ZECO stellt Ventile in mehr als 50 verschiedenen Legierungen her.<\/td>\n<\/tr>\n<\/tbody>\n<\/table>\n<\/div>\n<\/div>\n<\/div>\n<\/div>\n<\/div>\n<\/div>","protected":false},"excerpt":{"rendered":"<p>Flansch-Absperrklappe Merkmale der Flansch-Absperrklappe Bidirektionale Abdichtung, keine Durchflussrichtung des Mediums; Ventilk\u00f6rper aus vulkanisiertem EPDM, zuverl\u00e4ssig \u2026 <a title=\"Geflanschte Absperrklappe\" class=\"read-more\" href=\"https:\/\/zecovalve.com\/de\/produkt\/flanged-butterfly-valve\" aria-label=\"Mehr zu Flansch-Absperrklappe\">Weiterlesen ...<\/a><\/p>","protected":false},"featured_media":16940,"comment_status":"closed","ping_status":"closed","template":"","meta":{"_generate-full-width-content":"","kt_blocks_editor_width":""},"product_cat":[2514],"product_tag":[2654,2658],"class_list":["post-17356","product","type-product","status-publish","has-post-thumbnail","hentry","product_cat-concentric-butterfly-valve","product_tag-hvac-valve","product_tag-isolation-valve","sales-flash-overlay","woocommerce-text-align-center","woocommerce-image-align-center","do-quantity-buttons"],"featured_image_src_large":["https:\/\/zecovalve.com\/wp-content\/uploads\/2022\/06\/flanged-butterfly-valve.jpg",330,300,false],"author_info":[],"comment_info":0,"taxonomy_info":{"product_cat":[{"value":2514,"label":"Concentric Butterfly Valve"}],"product_tag":[{"value":2654,"label":"HVAC Valve"},{"value":2658,"label":"Isolation Valve"}]},"yoast_head":"<!-- This site is optimized with the Yoast SEO Premium plugin v15.4 - https:\/\/yoast.com\/wordpress\/plugins\/seo\/ -->\n<title>Flanged Butterfly Valve - ZECO Valve<\/title>\n<meta name=\"robots\" content=\"index, follow, max-snippet:-1, max-image-preview:large, max-video-preview:-1\" \/>\n<link rel=\"canonical\" href=\"https:\/\/zecovalve.com\/de\/produkt\/flanged-butterfly-valve\" \/>\n<meta property=\"og:locale\" content=\"de_DE\" \/>\n<meta property=\"og:type\" content=\"article\" \/>\n<meta property=\"og:title\" content=\"Flanged Butterfly Valve - ZECO Valve\" \/>\n<meta property=\"og:description\" content=\"Flanged Butterfly Valve Festures of Flanged Butterfly Valve \u00a0 Bidirectional sealing, no flow direction of the medium; Valve body vulcanized EPDM, reliable ... Weiterlesen ...\" \/>\n<meta property=\"og:url\" content=\"https:\/\/zecovalve.com\/de\/produkt\/flanged-butterfly-valve\" \/>\n<meta property=\"og:site_name\" content=\"ZECO Valve\" \/>\n<meta property=\"article:modified_time\" content=\"2022-08-03T16:06:55+00:00\" \/>\n<meta property=\"og:image\" content=\"https:\/\/zecovalve.com\/wp-content\/uploads\/2022\/06\/flanged-butterfly-valve.jpg\" \/>\n\t<meta property=\"og:image:width\" content=\"330\" \/>\n\t<meta property=\"og:image:height\" content=\"300\" \/>\n<meta name=\"twitter:card\" content=\"summary_large_image\" \/>\n<meta name=\"twitter:label1\" content=\"Verfasst von\">\n\t<meta name=\"twitter:data1\" content=\"Jerry\">\n\t<meta name=\"twitter:label2\" content=\"Gesch\u00e4tzte Lesezeit\">\n\t<meta name=\"twitter:data2\" content=\"1\u00a0Minute\">\n<script type=\"application\/ld+json\" class=\"yoast-schema-graph\">{\"@context\":\"https:\/\/schema.org\",\"@graph\":[{\"@type\":\"WebSite\",\"@id\":\"https:\/\/zecovalve.com\/#website\",\"url\":\"https:\/\/zecovalve.com\/\",\"name\":\"ZECO Valve\",\"description\":\"Industrial Ball Valve, Gate Valve and Globe Valve Manufacturer\",\"potentialAction\":[{\"@type\":\"SearchAction\",\"target\":\"https:\/\/zecovalve.com\/?s={search_term_string}\",\"query-input\":\"required name=search_term_string\"}],\"inLanguage\":\"de\"},{\"@type\":\"ImageObject\",\"@id\":\"https:\/\/zecovalve.com\/product\/flanged-butterfly-valve#primaryimage\",\"inLanguage\":\"de\",\"url\":\"https:\/\/zecovalve.com\/wp-content\/uploads\/2022\/06\/flanged-butterfly-valve.jpg\",\"width\":330,\"height\":300,\"caption\":\"Flange Butterfly Valve\"},{\"@type\":\"WebPage\",\"@id\":\"https:\/\/zecovalve.com\/product\/flanged-butterfly-valve#webpage\",\"url\":\"https:\/\/zecovalve.com\/product\/flanged-butterfly-valve\",\"name\":\"Flanged Butterfly Valve - ZECO Valve\",\"isPartOf\":{\"@id\":\"https:\/\/zecovalve.com\/#website\"},\"primaryImageOfPage\":{\"@id\":\"https:\/\/zecovalve.com\/product\/flanged-butterfly-valve#primaryimage\"},\"datePublished\":\"2022-06-27T13:49:24+00:00\",\"dateModified\":\"2022-08-03T16:06:55+00:00\",\"breadcrumb\":{\"@id\":\"https:\/\/zecovalve.com\/product\/flanged-butterfly-valve#breadcrumb\"},\"inLanguage\":\"de\",\"potentialAction\":[{\"@type\":\"ReadAction\",\"target\":[\"https:\/\/zecovalve.com\/product\/flanged-butterfly-valve\"]}]},{\"@type\":\"BreadcrumbList\",\"@id\":\"https:\/\/zecovalve.com\/product\/flanged-butterfly-valve#breadcrumb\",\"itemListElement\":[{\"@type\":\"ListItem\",\"position\":1,\"item\":{\"@type\":\"WebPage\",\"@id\":\"https:\/\/zecovalve.com\/\",\"url\":\"https:\/\/zecovalve.com\/\",\"name\":\"Home\"}},{\"@type\":\"ListItem\",\"position\":2,\"item\":{\"@type\":\"WebPage\",\"@id\":\"https:\/\/zecovalve.com\/product-category\",\"url\":\"https:\/\/zecovalve.com\/product-category\",\"name\":\"Industrial Valve Manufacturer | Water Valve Manufacturer\"}},{\"@type\":\"ListItem\",\"position\":3,\"item\":{\"@type\":\"WebPage\",\"@id\":\"https:\/\/zecovalve.com\/product\/flanged-butterfly-valve\",\"url\":\"https:\/\/zecovalve.com\/product\/flanged-butterfly-valve\",\"name\":\"Flanged Butterfly Valve\"}}]}]}<\/script>\n<!-- \/ Yoast SEO Premium plugin. -->","_links":{"self":[{"href":"https:\/\/zecovalve.com\/de\/wp-json\/wp\/v2\/product\/17356","targetHints":{"allow":["GET"]}}],"collection":[{"href":"https:\/\/zecovalve.com\/de\/wp-json\/wp\/v2\/product"}],"about":[{"href":"https:\/\/zecovalve.com\/de\/wp-json\/wp\/v2\/types\/product"}],"replies":[{"embeddable":true,"href":"https:\/\/zecovalve.com\/de\/wp-json\/wp\/v2\/comments?post=17356"}],"wp:featuredmedia":[{"embeddable":true,"href":"https:\/\/zecovalve.com\/de\/wp-json\/wp\/v2\/media\/16940"}],"wp:attachment":[{"href":"https:\/\/zecovalve.com\/de\/wp-json\/wp\/v2\/media?parent=17356"}],"wp:term":[{"taxonomy":"product_cat","embeddable":true,"href":"https:\/\/zecovalve.com\/de\/wp-json\/wp\/v2\/product_cat?post=17356"},{"taxonomy":"product_tag","embeddable":true,"href":"https:\/\/zecovalve.com\/de\/wp-json\/wp\/v2\/product_tag?post=17356"}],"curies":[{"name":"wp","href":"https:\/\/api.w.org\/{rel}","templated":true}]}}