{"id":17368,"date":"2022-06-27T13:56:15","date_gmt":"2022-06-27T13:56:15","guid":{"rendered":"https:\/\/zecovalve.com\/?post_type=product&#038;p=17368"},"modified":"2023-06-26T05:32:34","modified_gmt":"2023-06-26T05:32:34","slug":"pressure-relief-valve","status":"publish","type":"product","link":"https:\/\/zecovalve.com\/de\/produkt\/pressure-relief-valve","title":{"rendered":"Druckbegrenzungsventil"},"content":{"rendered":"<div class=\"sep-pages-boxs bgs clearfix\">\n<div class=\"sep-container clearfix\">\n<h1 class=\"titles sizes1 cens gtj-ff-bold\">Druckbegrenzungsventil<\/h1>\n<div class=\"bq-sep-pro-detail-thumbs ons clearfix\">\n<div class=\"thumbs\">\n<div class=\"imgs ons\">\n<div class=\"swiper-container swiper-container-initialized swiper-container-horizontal\">\n<div class=\"swiper-wrapper\">\n<div class=\"swiper-slide swiper-slide-active\">\n<figure id=\"attachment_17015\" aria-describedby=\"caption-attachment-17015\" style=\"width: 290px\" class=\"wp-caption alignnone\"><img loading=\"lazy\" decoding=\"async\" class=\"size-medium wp-image-17015\" src=\"https:\/\/zecovalve.com\/wp-content\/uploads\/2022\/06\/pressure-relief-valve-1-300x273.jpg\" alt=\"Druckbegrenzungsventil\" width=\"300\" height=\"273\" srcset=\"https:\/\/zecovalve.com\/wp-content\/uploads\/2022\/06\/pressure-relief-valve-1-300x273.jpg 300w, https:\/\/zecovalve.com\/wp-content\/uploads\/2022\/06\/pressure-relief-valve-1.jpg 330w\" sizes=\"auto, (max-width: 300px) 100vw, 300px\" \/><figcaption id=\"caption-attachment-17015\" class=\"wp-caption-text\">Druckbegrenzungsventil<\/figcaption><\/figure>\n<\/div>\n<\/div>\n<\/div>\n<div class=\"lr-lists-boxs\"><\/div>\n<\/div>\n<\/div>\n<\/div>\n<\/div>\n<\/div>\n<div class=\"sep-pages-boxs clearfix\">\n<div class=\"sep-container clearfix\">\n<div id=\"zf-nexts\" class=\"flex clearfix\">\n<div class=\"bq-zf-lefts\">\n<div class=\"richtext\">\n<h2>Merkmale des \u00dcberdruckventils<\/h2>\n<div class=\"text-center\"><img loading=\"lazy\" decoding=\"async\" class=\"alignnone size-medium wp-image-17053\" src=\"https:\/\/zecovalve.com\/wp-content\/uploads\/2022\/06\/surge-anticipating-valve-features-300x225.png\" alt=\"\" width=\"300\" height=\"225\" srcset=\"https:\/\/zecovalve.com\/wp-content\/uploads\/2022\/06\/surge-anticipating-valve-features-300x225.png 300w, https:\/\/zecovalve.com\/wp-content\/uploads\/2022\/06\/surge-anticipating-valve-features.png 600w\" sizes=\"auto, (max-width: 300px) 100vw, 300px\" \/><\/div>\n<ul class=\"list-paddingleft-2\">\n<li>Pr\u00e4zise Druckregelung<\/li>\n<li>Schnelles \u00d6ffnen zur Aufrechterhaltung des Leitungsdrucks<\/li>\n<li>Langsames Schlie\u00dfen zur Vermeidung von Spannungsspitzen<\/li>\n<li>Vollautomatischer Betrieb<\/li>\n<\/ul>\n<\/div>\n<div class=\"richtext\">\n<h2>Funktionsprinzip des \u00dcberdruckventils<\/h2>\n<div class=\"text-center\">\u00a0<img loading=\"lazy\" decoding=\"async\" class=\"alignnone size-medium wp-image-17370\" src=\"https:\/\/zecovalve.com\/wp-content\/uploads\/2022\/06\/pressure-reliefsustaining-valve-3-300x225.png\" alt=\"\" width=\"300\" height=\"225\" srcset=\"https:\/\/zecovalve.com\/wp-content\/uploads\/2022\/06\/pressure-reliefsustaining-valve-3-300x225.png 300w, https:\/\/zecovalve.com\/wp-content\/uploads\/2022\/06\/pressure-reliefsustaining-valve-3.png 600w\" sizes=\"auto, (max-width: 300px) 100vw, 300px\" \/><\/div>\n<p>Unter Eingangsdruck stehendes Wasser gelangt vom F\u00fchrungsventil in den unteren Hohlraum der Steuerventilmembran. Wenn der Druck in der Rohrleitung den eingestellten Druck des F\u00fchrungsventils \u00fcberschreitet, steigt der Druck an und das F\u00fchrungsventil \u00f6ffnet sich. Unter der Wirkung des Eingangsdrucks l\u00e4uft das Wasser aus dem Hauptventil-Steuerraum nach au\u00dfen ab und \u00f6ffnet das Hauptventil. Der Druck beginnt abzulassen. Wenn der Druck in der Rohrleitung auf den eingestellten Druck abf\u00e4llt, sinkt der Druck im unteren Hohlraum der Steuerventilmembran, wodurch das F\u00fchrungsventil geschlossen wird. Dadurch steigt der Wasserdruck vom F\u00fchrungsrohr zum Steuerventil und dann zum Hauptventil-Steuerraum. Die Hauptventilplatte schlie\u00dft und beginnt, den Druck zu halten.<\/p>\n<\/div>\n<div class=\"richtext\">\n<h2>Installation und Inbetriebnahme des Druckbegrenzungsventils<\/h2>\n<div class=\"text-center\"><img loading=\"lazy\" decoding=\"async\" class=\"alignnone size-medium wp-image-17369\" src=\"https:\/\/zecovalve.com\/wp-content\/uploads\/2022\/06\/pressure-reliefsustaining-valve-2-300x225.png\" alt=\"\" width=\"300\" height=\"225\" srcset=\"https:\/\/zecovalve.com\/wp-content\/uploads\/2022\/06\/pressure-reliefsustaining-valve-2-300x225.png 300w, https:\/\/zecovalve.com\/wp-content\/uploads\/2022\/06\/pressure-reliefsustaining-valve-2.png 600w\" sizes=\"auto, (max-width: 300px) 100vw, 300px\" \/><\/div>\n<p>Das Druckbegrenzungsventil (Druckhalteventil) unterst\u00fctzt die horizontale und vertikale Installation, aber bei der Installation sollte die Ein- und Auslassrichtung des Ventilk\u00f6rperwassers beachtet werden. Im Allgemeinen kann in einem L\u00f6schwasserversorgungssystem nur ein Druckbegrenzungsventil installiert werden. Innerhalb des auf dem Typenschild angegebenen Betriebsdruckbereichs der Feder kann der \u00d6ffnungsdruck durch Drehen der Einstellschraube eingestellt werden, um den Federkompressionsgrad zu \u00e4ndern. F\u00fcr spezielle Verwendungszwecke wenden Sie sich bitte an die ZECO Valve Group.<\/p>\n<\/div>\n<div class=\"richtext\">\n<h2>Material und Standard des \u00dcberdruckventils<\/h2>\n<p>Gr\u00f6\u00dfenbereich: 2\u2033~24\u2033<br \/>\nDruckstufe: 10bar ~ 25bar<br \/>\nAbmessungen von Angesicht zu Angesicht: AMSE B16.10, EN558-1<br \/>\nFlanschende Abmessung: AMSE B16.1\/16.42, AS4087, EN1092-2<br \/>\nBeschichtung: Schmelzgebundene Epoxid-Beschichtung<br \/>\nInspektion und Pr\u00fcfung: ISO 5208 \/ EN 12226-2<\/p>\n<p>&nbsp;<\/p>\n<div class=\"over-tabs\">\n<table width=\"1389\">\n<tbody>\n<tr class=\"firstRow\">\n<td>Teil<\/td>\n<td>Material<\/td>\n<td>Standard<\/td>\n<\/tr>\n<tr>\n<td>K\u00f6rper<\/td>\n<td>Sph\u00e4roguss<\/td>\n<td>EN 1563\/DIN 1693<\/td>\n<\/tr>\n<tr>\n<td>Motorhaube<\/td>\n<td>Sph\u00e4roguss<\/td>\n<td>EN 1563\/DIN 1693<\/td>\n<\/tr>\n<tr>\n<td>Trimmen<\/td>\n<td>Rostfreier Stahl 431<\/td>\n<td>EN10088-1\/ASTM A959<\/td>\n<\/tr>\n<tr>\n<td>Sitz<\/td>\n<td>Rostfreier Stahl 431<\/td>\n<td>EN10088-1\/ASTM A959<\/td>\n<\/tr>\n<tr>\n<td>Membran<\/td>\n<td>EPDM \/ NBR<\/td>\n<td>ISO 4633<\/td>\n<\/tr>\n<tr>\n<td>Vorsteuerventil<\/td>\n<td>Rostfreier Stahl 431<\/td>\n<td>EN10088-1\/ASTM A959<\/td>\n<\/tr>\n<tr>\n<td colspan=\"3\">F\u00fcr nicht aufgef\u00fchrte Materialoptionen wenden Sie sich bitte an das Werk.<\/p>\n<p>ZECO stellt Ventile in mehr als 50 verschiedenen Legierungen her.<\/td>\n<\/tr>\n<\/tbody>\n<\/table>\n<\/div>\n<\/div>\n<\/div>\n<\/div>\n<\/div>\n<\/div>","protected":false},"excerpt":{"rendered":"<p>\u00dcberdruckventil \u2013 Merkmale des \u00dcberdruckventils: Genaue Druckregelung, schnelles \u00d6ffnen zur Aufrechterhaltung des Leitungsdrucks, langsames Schlie\u00dfen zur Vermeidung von Druckspitzen \u2026 <a title=\"Druckbegrenzungsventil\" class=\"read-more\" href=\"https:\/\/zecovalve.com\/de\/produkt\/pressure-relief-valve\" aria-label=\"Mehr zu Pressure Relief Valve\">Weiterlesen ...<\/a><\/p>","protected":false},"featured_media":27948,"comment_status":"closed","ping_status":"closed","template":"","meta":{"_generate-full-width-content":"","kt_blocks_editor_width":""},"product_cat":[2597,2526],"product_tag":[2662,2805],"class_list":["post-17368","product","type-product","status-publish","has-post-thumbnail","hentry","product_cat-pressure-control-valve","product_cat-water-control-valve","product_tag-pressure-control-valve","product_tag-pump-valve","sales-flash-overlay","woocommerce-text-align-center","woocommerce-image-align-center","do-quantity-buttons"],"featured_image_src_large":["https:\/\/zecovalve.com\/wp-content\/uploads\/2022\/06\/Pressure-Relief-Valve-2.jpg",800,600,false],"author_info":[],"comment_info":0,"taxonomy_info":{"product_cat":[{"value":2597,"label":"Pressure Control Valve"},{"value":2526,"label":"Water Control Valve"}],"product_tag":[{"value":2662,"label":"Pressure Control Valve"},{"value":2805,"label":"Pump Valve"}]},"yoast_head":"<!-- This site is optimized with the Yoast SEO Premium plugin v15.4 - https:\/\/yoast.com\/wordpress\/plugins\/seo\/ -->\n<title>Pressure Relief Valve - ZECO Valve<\/title>\n<meta name=\"robots\" content=\"index, follow, max-snippet:-1, max-image-preview:large, max-video-preview:-1\" \/>\n<link rel=\"canonical\" href=\"https:\/\/zecovalve.com\/de\/produkt\/pressure-relief-valve\" \/>\n<meta property=\"og:locale\" content=\"de_DE\" \/>\n<meta property=\"og:type\" content=\"article\" \/>\n<meta property=\"og:title\" content=\"Pressure Relief Valve - ZECO Valve\" \/>\n<meta property=\"og:description\" content=\"Pressure Relief Valve Festures of Pressure Relief Valve Accurate Pressure Control Fast Opening to Maintain Line Pressure Slow Closing to Prevents Surges ... Weiterlesen ...\" \/>\n<meta property=\"og:url\" content=\"https:\/\/zecovalve.com\/de\/produkt\/pressure-relief-valve\" \/>\n<meta property=\"og:site_name\" content=\"ZECO Valve\" \/>\n<meta property=\"article:modified_time\" content=\"2023-06-26T05:32:34+00:00\" \/>\n<meta property=\"og:image\" content=\"https:\/\/zecovalve.com\/wp-content\/uploads\/2022\/06\/Pressure-Relief-Valve-2.jpg\" \/>\n\t<meta property=\"og:image:width\" content=\"800\" \/>\n\t<meta property=\"og:image:height\" content=\"600\" \/>\n<meta name=\"twitter:card\" content=\"summary_large_image\" \/>\n<meta name=\"twitter:label1\" content=\"Verfasst von\">\n\t<meta name=\"twitter:data1\" content=\"Jerry\">\n\t<meta name=\"twitter:label2\" content=\"Gesch\u00e4tzte Lesezeit\">\n\t<meta name=\"twitter:data2\" content=\"1\u00a0Minute\">\n<script type=\"application\/ld+json\" class=\"yoast-schema-graph\">{\"@context\":\"https:\/\/schema.org\",\"@graph\":[{\"@type\":\"WebSite\",\"@id\":\"https:\/\/zecovalve.com\/#website\",\"url\":\"https:\/\/zecovalve.com\/\",\"name\":\"ZECO Valve\",\"description\":\"Industrial Ball Valve, Gate Valve and Globe Valve Manufacturer\",\"potentialAction\":[{\"@type\":\"SearchAction\",\"target\":\"https:\/\/zecovalve.com\/?s={search_term_string}\",\"query-input\":\"required name=search_term_string\"}],\"inLanguage\":\"de\"},{\"@type\":\"ImageObject\",\"@id\":\"https:\/\/zecovalve.com\/product\/pressure-relief-valve#primaryimage\",\"inLanguage\":\"de\",\"url\":\"https:\/\/zecovalve.com\/wp-content\/uploads\/2022\/06\/Pressure-Relief-Valve-2.jpg\",\"width\":800,\"height\":600,\"caption\":\"Pressure Relief Valve\"},{\"@type\":\"WebPage\",\"@id\":\"https:\/\/zecovalve.com\/product\/pressure-relief-valve#webpage\",\"url\":\"https:\/\/zecovalve.com\/product\/pressure-relief-valve\",\"name\":\"Pressure Relief Valve - ZECO Valve\",\"isPartOf\":{\"@id\":\"https:\/\/zecovalve.com\/#website\"},\"primaryImageOfPage\":{\"@id\":\"https:\/\/zecovalve.com\/product\/pressure-relief-valve#primaryimage\"},\"datePublished\":\"2022-06-27T13:56:15+00:00\",\"dateModified\":\"2023-06-26T05:32:34+00:00\",\"breadcrumb\":{\"@id\":\"https:\/\/zecovalve.com\/product\/pressure-relief-valve#breadcrumb\"},\"inLanguage\":\"de\",\"potentialAction\":[{\"@type\":\"ReadAction\",\"target\":[\"https:\/\/zecovalve.com\/product\/pressure-relief-valve\"]}]},{\"@type\":\"BreadcrumbList\",\"@id\":\"https:\/\/zecovalve.com\/product\/pressure-relief-valve#breadcrumb\",\"itemListElement\":[{\"@type\":\"ListItem\",\"position\":1,\"item\":{\"@type\":\"WebPage\",\"@id\":\"https:\/\/zecovalve.com\/\",\"url\":\"https:\/\/zecovalve.com\/\",\"name\":\"Home\"}},{\"@type\":\"ListItem\",\"position\":2,\"item\":{\"@type\":\"WebPage\",\"@id\":\"https:\/\/zecovalve.com\/product-category\",\"url\":\"https:\/\/zecovalve.com\/product-category\",\"name\":\"Industrial Valve Manufacturer | Water Valve Manufacturer\"}},{\"@type\":\"ListItem\",\"position\":3,\"item\":{\"@type\":\"WebPage\",\"@id\":\"https:\/\/zecovalve.com\/product\/pressure-relief-valve\",\"url\":\"https:\/\/zecovalve.com\/product\/pressure-relief-valve\",\"name\":\"Pressure Relief Valve\"}}]}]}<\/script>\n<!-- \/ Yoast SEO Premium plugin. -->","_links":{"self":[{"href":"https:\/\/zecovalve.com\/de\/wp-json\/wp\/v2\/product\/17368","targetHints":{"allow":["GET"]}}],"collection":[{"href":"https:\/\/zecovalve.com\/de\/wp-json\/wp\/v2\/product"}],"about":[{"href":"https:\/\/zecovalve.com\/de\/wp-json\/wp\/v2\/types\/product"}],"replies":[{"embeddable":true,"href":"https:\/\/zecovalve.com\/de\/wp-json\/wp\/v2\/comments?post=17368"}],"wp:featuredmedia":[{"embeddable":true,"href":"https:\/\/zecovalve.com\/de\/wp-json\/wp\/v2\/media\/27948"}],"wp:attachment":[{"href":"https:\/\/zecovalve.com\/de\/wp-json\/wp\/v2\/media?parent=17368"}],"wp:term":[{"taxonomy":"product_cat","embeddable":true,"href":"https:\/\/zecovalve.com\/de\/wp-json\/wp\/v2\/product_cat?post=17368"},{"taxonomy":"product_tag","embeddable":true,"href":"https:\/\/zecovalve.com\/de\/wp-json\/wp\/v2\/product_tag?post=17368"}],"curies":[{"name":"wp","href":"https:\/\/api.w.org\/{rel}","templated":true}]}}