{"id":17507,"date":"2022-06-28T02:33:45","date_gmt":"2022-06-28T02:33:45","guid":{"rendered":"https:\/\/zecovalve.com\/?post_type=product&#038;p=17507"},"modified":"2023-06-15T13:17:23","modified_gmt":"2023-06-15T13:17:23","slug":"gear-operated-gate-valve-2","status":"publish","type":"product","link":"https:\/\/zecovalve.com\/de\/produkt\/gear-operated-gate-valve-2","title":{"rendered":"Zahnradgetriebener Absperrschieber"},"content":{"rendered":"<div class=\"col-xs-12\">\n<div class=\"rbt\">\n<h1><img loading=\"lazy\" decoding=\"async\" class=\"size-medium wp-image-17508\" style=\"font-size: inherit;\" src=\"https:\/\/zecovalve.com\/wp-content\/uploads\/2022\/06\/g-2-105309-300x225.jpg\" alt=\"Zahnradbet\u00e4tigter Schieber-1\" width=\"300\" height=\"225\" srcset=\"https:\/\/zecovalve.com\/wp-content\/uploads\/2022\/06\/g-2-105309-300x225.jpg 300w, https:\/\/zecovalve.com\/wp-content\/uploads\/2022\/06\/g-2-105309-768x576.jpg 768w, https:\/\/zecovalve.com\/wp-content\/uploads\/2022\/06\/g-2-105309-600x450.jpg 600w, https:\/\/zecovalve.com\/wp-content\/uploads\/2022\/06\/g-2-105309.jpg 800w\" sizes=\"auto, (max-width: 300px) 100vw, 300px\" \/><\/h1>\n<\/div>\n<\/div>\n<div class=\"text\">\n<div id=\"productdetail\">\n<div id=\"productdetail_txt\" class=\"col-md-7 col-sm-6 col-xs-12\">\n<p><strong><a href=\"https:\/\/zecovalve.com\/de\/produkt\/gear-operated-gate-valve\/\" data-internallinksmanager029f6b8e52c=\"2\" title=\"zahnradbetriebene Schieber\" target=\"_blank\" rel=\"noopener\">Zahnradgetriebener Absperrschieber<\/a><\/strong>Die zahnradbetriebenen Schieberventile von Zeco dienen als effiziente Ein-\/Aus-Ventile mit Durchfluss in beide Richtungen.<\/p>\n<\/div>\n<\/div>\n<div id=\"myTabContent\" class=\"tab-content\">\n<div id=\"page1\" class=\"tab-pane fade in active\">\n<div class=\"col-xs-12\">\n<div class=\"\">\n<p><b>Prinzip<\/b><b>:<\/b><b>\u00a0<\/b><b><\/b><\/p>\n<p>Zahnradgesteuerte Schieber dienen als effiziente Ein-\/Aus-Ventile mit Durchfluss in beide Richtungen. Bei einer solchen Konstruktion gleitet ein Keil \u00fcber einen allgemeinen Durchgang, um den Fl\u00fcssigkeitsfluss zu steuern (wie ein Schieber, daher der Name). Eines der wichtigsten Merkmale dieser Art von zahnradgesteuerten Ventilen ist ihr gerader, ungehinderter Durchgang, wenn sie in die \u201evollst\u00e4ndig ge\u00f6ffnete\u201c Position gestellt werden. Dies wird dadurch erm\u00f6glicht, dass der Keil vollst\u00e4ndig aus dem Durchgang herausgehoben wird. Infolgedessen zeichnen sich industrielle Schieber durch ein Minimum an Turbulenzen und Druckabfall im Betrieb aus.<\/p>\n<p>Zahnradgesteuerte Schieberventile eignen sich zwar gut f\u00fcr Anwendungen, die diese beiden Faktoren erfordern, sie sind jedoch nicht f\u00fcr Installationen zu empfehlen, bei denen Drosselung eine Funktion w\u00e4re. Sie sind f\u00fcr den Ein\/Aus-Betrieb ausgelegt.<\/p>\n<p>Zahnradbet\u00e4tigte Schieber sind mit einem flexiblen Keil ausgestattet, sofern vom Kunden nicht anders angegeben. Der flexible Keil verschiebt sich beim \u00d6ffnen und Schlie\u00dfen entlang des Ventilk\u00f6rpers und wird durch einen F\u00fchrungsschlitz in Position gehalten, der die Reibung zwischen Geh\u00e4usesitz und Keil minimiert. Diese Konstruktion ist besonders geeignet, um leichte thermische Verformungen auszugleichen, die durch das Ventilrohr selbst verursacht werden, und sorgt f\u00fcr eine bessere Abdichtung zwischen Geh\u00e4use- und Keilsitz.<\/p>\n<p align=\"justify\"><b>Merkmale:<\/b><b><\/b><\/p>\n<p align=\"justify\">1. Geringer Str\u00f6mungswiderstand f\u00fcr Fl\u00fcssigkeit;<\/p>\n<p align=\"justify\">2. Zum \u00d6ffnen\/Schlie\u00dfen ist nur eine geringe Kraft erforderlich;<\/p>\n<p align=\"justify\">3. Keine Einschr\u00e4nkung hinsichtlich der Flie\u00dfrichtung des Mediums;<\/p>\n<p align=\"justify\">4. W\u00e4hrend des \u00d6ffnungs- und Schlie\u00dfvorgangs ist die Reibung zwischen dem Scheibenkeil und dem Sitz gering, sodass die Abdichtung zuverl\u00e4ssig ist und Dichtheit und lange Lebensdauer gew\u00e4hrleistet;<\/p>\n<p align=\"justify\">5. Die Ventilschaftabdichtung wird durch die Kombination von flexiblem und gewebtem Graphit realisiert. Dies gew\u00e4hrleistet eine zuverl\u00e4ssigere Dichtheit;<\/p>\n<p align=\"justify\">6. Optionaler Druckdichtungs-Haubentyp;<\/p>\n<p align=\"justify\">7. Optionaler Vollkeiltyp;<\/p>\n<p align=\"justify\">8. Optionale nicht steigende Schaftstrukturen;<\/p>\n<p align=\"justify\">9. Optionale Mantelstruktur.<\/p>\n<p align=\"justify\"><b>Produktauswahl:<\/b><b><\/b><\/p>\n<p>K\u00f6rpermaterial: Kohlenstoffstahl, Edelstahl, legierter Stahl<\/p>\n<p>Nenndurchmesser: 1\/2\uff5e60<\/p>\n<p>Druckbereich: Klasse 150\uff5e2500<\/p>\n<p>Endanschluss: RF, RTJ, BW<\/p>\n<p>Arbeitstemperatur: -29 \u00b0C bis +560 \u00b0C.<\/p>\n<p>Funktionsweise: Handrad, Getriebe, elektrischer Antrieb, pneumatischer Antrieb usw.<\/p>\n<table class=\"ke-zeroborder\" border=\"0\" cellspacing=\"0\">\n<tbody>\n<tr>\n<td valign=\"center\" width=\"112\">Marke<\/td>\n<td valign=\"center\" width=\"770\">Zeco<\/td>\n<\/tr>\n<tr>\n<td valign=\"center\" width=\"112\">Ventil Typ<\/td>\n<td valign=\"center\" width=\"770\"><a href=\"https:\/\/zecovalve.com\/de\/produkt\/gear-operated-gate-valve\/\" data-internallinksmanager029f6b8e52c=\"2\" title=\"zahnradbetriebene Schieber\" target=\"_blank\" rel=\"noopener\">Zahnradgetriebener Absperrschieber<\/a><\/td>\n<\/tr>\n<tr>\n<td valign=\"center\" width=\"112\">Ventilmaterial<\/td>\n<td valign=\"center\" width=\"770\">Stahlguss, Edelstahl, Sonderlegierungen usw.<\/td>\n<\/tr>\n<tr>\n<td valign=\"center\" width=\"112\">Ventiltest<\/td>\n<td valign=\"center\" width=\"770\">100% Menge vor Auslieferung getestet<\/td>\n<\/tr>\n<tr>\n<td valign=\"center\" width=\"112\">Ventilgarantie<\/td>\n<td valign=\"center\" width=\"770\">18 Monate ab Versanddatum ab Werk oder 12 Monate ab Installationsdatum der Ware.<\/td>\n<\/tr>\n<tr>\n<td valign=\"center\" width=\"112\">Ventillackierung<\/td>\n<td valign=\"center\" width=\"770\">Kundenanfrage<\/td>\n<\/tr>\n<tr>\n<td valign=\"center\" width=\"112\">Ventilpaket<\/td>\n<td valign=\"center\" width=\"770\">Holzkiste<\/td>\n<\/tr>\n<tr>\n<td valign=\"center\" width=\"112\">Mindestbestellmenge<\/td>\n<td valign=\"center\" width=\"770\">Keine Anforderung<\/td>\n<\/tr>\n<tr>\n<td valign=\"center\" width=\"112\">Ventilzertifikat<\/td>\n<td valign=\"center\" width=\"770\">API 6D\/CE\/ISO9001\/ISO14001<\/td>\n<\/tr>\n<tr>\n<td valign=\"center\" width=\"112\">Lieferdetails<\/td>\n<td valign=\"center\" width=\"770\">Versand innerhalb von 4 oder 6 Wochen nach Zahlungseingang<\/td>\n<\/tr>\n<tr>\n<td valign=\"center\" width=\"112\">Hafen<\/td>\n<td valign=\"center\" width=\"770\">SCHANGHAI<\/td>\n<\/tr>\n<tr>\n<td valign=\"center\" width=\"112\">Zahlungsbedingungen<\/td>\n<td valign=\"center\" width=\"770\">L\/C, D\/A, D\/P, T\/T<\/td>\n<\/tr>\n<tr>\n<td valign=\"center\" width=\"112\">Zertifikat angeboten<\/td>\n<td valign=\"center\" width=\"770\">Packliste, Handelsrechnung, Pr\u00fcfberichte und Materialzertifikate, Qualit\u00e4ts- und Quantit\u00e4tszertifikat, Garantiezertifikat des Verk\u00e4ufers<\/td>\n<\/tr>\n<\/tbody>\n<\/table>\n<p align=\"justify\"><img loading=\"lazy\" decoding=\"async\" class=\"alignnone size-medium wp-image-17509\" src=\"https:\/\/zecovalve.com\/wp-content\/uploads\/2022\/06\/20190205124042_9202-300x182.jpg\" alt=\"\" width=\"300\" height=\"182\" srcset=\"https:\/\/zecovalve.com\/wp-content\/uploads\/2022\/06\/20190205124042_9202-300x182.jpg 300w, https:\/\/zecovalve.com\/wp-content\/uploads\/2022\/06\/20190205124042_9202-600x365.jpg 600w, https:\/\/zecovalve.com\/wp-content\/uploads\/2022\/06\/20190205124042_9202.jpg 750w\" sizes=\"auto, (max-width: 300px) 100vw, 300px\" \/><\/p>\n<\/div>\n<\/div>\n<\/div>\n<\/div>\n<\/div>","protected":false},"excerpt":{"rendered":"<p>Zahnradgesteuertes SchieberventilZecos zahnradgesteuerte Schieberventile dienen als effiziente Ein-\/Aus-Ventile mit Durchfluss in beide Richtungen. Prinzip: Zahnradgesteuertes Schieberventil \u2026 <a title=\"Zahnradgetriebener Absperrschieber\" class=\"read-more\" href=\"https:\/\/zecovalve.com\/de\/produkt\/gear-operated-gate-valve-2\" aria-label=\"Mehr zu Gear Operated Gate Valve\">Weiterlesen ...<\/a><\/p>","protected":false},"featured_media":27870,"comment_status":"closed","ping_status":"closed","template":"","meta":{"_generate-full-width-content":"","kt_blocks_editor_width":""},"product_cat":[2052,2457],"product_tag":[2658,2798],"class_list":["post-17507","product","type-product","status-publish","has-post-thumbnail","hentry","product_cat-gate-valve","product_cat-gate-valve-by-drive-mode","product_tag-isolation-valve","product_tag-osy-valve","sales-flash-overlay","woocommerce-text-align-center","woocommerce-image-align-center","do-quantity-buttons"],"featured_image_src_large":["https:\/\/zecovalve.com\/wp-content\/uploads\/2022\/06\/Gear-Valve-Gear-Operated-Gate-Valve.jpg",800,600,false],"author_info":[],"comment_info":0,"taxonomy_info":{"product_cat":[{"value":2052,"label":"Gate Valve"},{"value":2457,"label":"Gate Valve with Actuator"}],"product_tag":[{"value":2658,"label":"Isolation Valve"},{"value":2798,"label":"OS&amp;Y Valve"}]},"yoast_head":"<!-- This site is optimized with the Yoast SEO Premium plugin v15.4 - https:\/\/yoast.com\/wordpress\/plugins\/seo\/ -->\n<title>Gear Operated Gate Valve - ZECO Valve<\/title>\n<meta name=\"robots\" content=\"index, follow, max-snippet:-1, max-image-preview:large, max-video-preview:-1\" \/>\n<link rel=\"canonical\" href=\"https:\/\/zecovalve.com\/de\/produkt\/gear-operated-gate-valve-2\" \/>\n<meta property=\"og:locale\" content=\"de_DE\" \/>\n<meta property=\"og:type\" content=\"article\" \/>\n<meta property=\"og:title\" content=\"Gear Operated Gate Valve - ZECO Valve\" \/>\n<meta property=\"og:description\" content=\"Gear Operated Gate ValveZeco&#8217;s gear operated gate valves serve as efficient on-off valves with flow in either direction. Principle:\u00a0 Gear operated Gate ... Weiterlesen ...\" \/>\n<meta property=\"og:url\" content=\"https:\/\/zecovalve.com\/de\/produkt\/gear-operated-gate-valve-2\" \/>\n<meta property=\"og:site_name\" content=\"ZECO Valve\" \/>\n<meta property=\"article:modified_time\" content=\"2023-06-15T13:17:23+00:00\" \/>\n<meta property=\"og:image\" content=\"https:\/\/zecovalve.com\/wp-content\/uploads\/2022\/06\/Gear-Valve-Gear-Operated-Gate-Valve.jpg\" \/>\n\t<meta property=\"og:image:width\" content=\"800\" \/>\n\t<meta property=\"og:image:height\" content=\"600\" \/>\n<meta name=\"twitter:card\" content=\"summary_large_image\" \/>\n<meta name=\"twitter:label1\" content=\"Verfasst von\">\n\t<meta name=\"twitter:data1\" content=\"Jerry\">\n\t<meta name=\"twitter:label2\" content=\"Gesch\u00e4tzte Lesezeit\">\n\t<meta name=\"twitter:data2\" content=\"2\u00a0Minuten\">\n<script type=\"application\/ld+json\" class=\"yoast-schema-graph\">{\"@context\":\"https:\/\/schema.org\",\"@graph\":[{\"@type\":\"WebSite\",\"@id\":\"https:\/\/zecovalve.com\/#website\",\"url\":\"https:\/\/zecovalve.com\/\",\"name\":\"ZECO Valve\",\"description\":\"Industrial Ball Valve, Gate Valve and Globe Valve Manufacturer\",\"potentialAction\":[{\"@type\":\"SearchAction\",\"target\":\"https:\/\/zecovalve.com\/?s={search_term_string}\",\"query-input\":\"required name=search_term_string\"}],\"inLanguage\":\"de\"},{\"@type\":\"ImageObject\",\"@id\":\"https:\/\/zecovalve.com\/product\/gear-operated-gate-valve-2#primaryimage\",\"inLanguage\":\"de\",\"url\":\"https:\/\/zecovalve.com\/wp-content\/uploads\/2022\/06\/Gear-Valve-Gear-Operated-Gate-Valve.jpg\",\"width\":800,\"height\":600,\"caption\":\"Gear Valve - Gear Operated Gate Valve\"},{\"@type\":\"WebPage\",\"@id\":\"https:\/\/zecovalve.com\/product\/gear-operated-gate-valve-2#webpage\",\"url\":\"https:\/\/zecovalve.com\/product\/gear-operated-gate-valve-2\",\"name\":\"Gear Operated Gate Valve - ZECO Valve\",\"isPartOf\":{\"@id\":\"https:\/\/zecovalve.com\/#website\"},\"primaryImageOfPage\":{\"@id\":\"https:\/\/zecovalve.com\/product\/gear-operated-gate-valve-2#primaryimage\"},\"datePublished\":\"2022-06-28T02:33:45+00:00\",\"dateModified\":\"2023-06-15T13:17:23+00:00\",\"breadcrumb\":{\"@id\":\"https:\/\/zecovalve.com\/product\/gear-operated-gate-valve-2#breadcrumb\"},\"inLanguage\":\"de\",\"potentialAction\":[{\"@type\":\"ReadAction\",\"target\":[\"https:\/\/zecovalve.com\/product\/gear-operated-gate-valve-2\"]}]},{\"@type\":\"BreadcrumbList\",\"@id\":\"https:\/\/zecovalve.com\/product\/gear-operated-gate-valve-2#breadcrumb\",\"itemListElement\":[{\"@type\":\"ListItem\",\"position\":1,\"item\":{\"@type\":\"WebPage\",\"@id\":\"https:\/\/zecovalve.com\/\",\"url\":\"https:\/\/zecovalve.com\/\",\"name\":\"Home\"}},{\"@type\":\"ListItem\",\"position\":2,\"item\":{\"@type\":\"WebPage\",\"@id\":\"https:\/\/zecovalve.com\/product-category\",\"url\":\"https:\/\/zecovalve.com\/product-category\",\"name\":\"Industrial Valve Manufacturer | Water Valve Manufacturer\"}},{\"@type\":\"ListItem\",\"position\":3,\"item\":{\"@type\":\"WebPage\",\"@id\":\"https:\/\/zecovalve.com\/product\/gear-operated-gate-valve-2\",\"url\":\"https:\/\/zecovalve.com\/product\/gear-operated-gate-valve-2\",\"name\":\"Gear Operated Gate Valve\"}}]}]}<\/script>\n<!-- \/ Yoast SEO Premium plugin. -->","_links":{"self":[{"href":"https:\/\/zecovalve.com\/de\/wp-json\/wp\/v2\/product\/17507","targetHints":{"allow":["GET"]}}],"collection":[{"href":"https:\/\/zecovalve.com\/de\/wp-json\/wp\/v2\/product"}],"about":[{"href":"https:\/\/zecovalve.com\/de\/wp-json\/wp\/v2\/types\/product"}],"replies":[{"embeddable":true,"href":"https:\/\/zecovalve.com\/de\/wp-json\/wp\/v2\/comments?post=17507"}],"wp:featuredmedia":[{"embeddable":true,"href":"https:\/\/zecovalve.com\/de\/wp-json\/wp\/v2\/media\/27870"}],"wp:attachment":[{"href":"https:\/\/zecovalve.com\/de\/wp-json\/wp\/v2\/media?parent=17507"}],"wp:term":[{"taxonomy":"product_cat","embeddable":true,"href":"https:\/\/zecovalve.com\/de\/wp-json\/wp\/v2\/product_cat?post=17507"},{"taxonomy":"product_tag","embeddable":true,"href":"https:\/\/zecovalve.com\/de\/wp-json\/wp\/v2\/product_tag?post=17507"}],"curies":[{"name":"wp","href":"https:\/\/api.w.org\/{rel}","templated":true}]}}