{"id":17510,"date":"2022-06-28T02:36:35","date_gmt":"2022-06-28T02:36:35","guid":{"rendered":"https:\/\/zecovalve.com\/?post_type=product&#038;p=17510"},"modified":"2022-09-22T03:26:16","modified_gmt":"2022-09-22T03:26:16","slug":"forged-steel-trunnion-ball-valve","status":"publish","type":"product","link":"https:\/\/zecovalve.com\/de\/produkt\/forged-steel-trunnion-ball-valve","title":{"rendered":"Kugelhahn mit Zapfen aus geschmiedetem Stahl"},"content":{"rendered":"Der Kugelhahn aus geschmiedetem Stahl mit Zapfenmontage ist in einer Ausf\u00fchrung mit zwei oder dreiteiligem Geh\u00e4use und zwei schwimmenden Sitzen ausgef\u00fchrt, die unter dem Druck des Mediums beweglich sind.\r\n\r\n\r\n\r\n\r\n<figure class=\"wp-block-image alignnone size-medium wp-image-17511\"><img loading=\"lazy\" decoding=\"async\" width=\"300\" height=\"225\" class=\"wp-image-17511\" src=\"https:\/\/zecovalve.com\/wp-content\/uploads\/2022\/06\/F-2-104749-300x225.jpg\" alt=\"Kugelhahn mit Zapfen aus geschmiedetem Stahl\" srcset=\"https:\/\/zecovalve.com\/wp-content\/uploads\/2022\/06\/F-2-104749-300x225.jpg 300w, https:\/\/zecovalve.com\/wp-content\/uploads\/2022\/06\/F-2-104749-768x576.jpg 768w, https:\/\/zecovalve.com\/wp-content\/uploads\/2022\/06\/F-2-104749-600x450.jpg 600w, https:\/\/zecovalve.com\/wp-content\/uploads\/2022\/06\/F-2-104749.jpg 800w\" sizes=\"auto, (max-width: 300px) 100vw, 300px\" \/><\/figure>\r\n\r\n\r\n\r\n\r\n<div class=\"gb-button-wrapper gb-button-wrapper-6d8495a3\">\r\n\r\n<a class=\"gb-button gb-button-3d442e11 gb-button-text\" href=\"mailto:commercial@zecovalve.com\" target=\"_blank\" rel=\"noopener noreferrer\"><strong>PREIS F\u00dcR GESCHMIEDETEN STAHL-ZAPFEN-KUGELHAHN ERHALTEN<\/strong><\/a>\r\n\r\n<\/div>\r\n\r\n\r\n<h2 class=\"wp-block-heading\">Was ist ein Zapfenkugelhahn?<\/h2>\r\n\r\n\r\n\r\n\r\nEin Kugelhahn verwendet eine rotierende Kugel und einen Schaft, um die Durchflussregelung zu erm\u00f6glichen. Wenn der Hahn so positioniert ist, dass die Bohrung in die gleiche Richtung wie die Rohrleitung ausgerichtet ist, ist er in der offenen Position und Fl\u00fcssigkeit kann stromabw\u00e4rts flie\u00dfen. Wenn die Kugel um 90 Grad gedreht wird, steht die Bohrung senkrecht zum Str\u00f6mungsweg, was bedeutet, dass der Hahn geschlossen ist und Fl\u00fcssigkeit nicht flie\u00dfen kann. Zu den Vorteilen eines Kugelhahns geh\u00f6rt das schnelle Abschalten, da zum Schlie\u00dfen des Hahns nur eine 90-Grad-Drehung erforderlich ist. Der ge\u00f6ffnete oder geschlossene Zustand des Hahns kann leicht an der Position des Griffs erkannt werden. Der Kugelhahn bietet auch nach l\u00e4ngerer Zeit eine dichte Abdichtung, indem weiche Dichtungskomponenten verwendet werden. Das zapfengelagerte Kugeldesign verf\u00fcgt \u00fcber eine \u201eZapfen\u201c-Verankerung an der Ober- und Unterseite der Kugel. Dieses Design bietet eine positive Abdichtung sowohl an den nachgeschalteten als auch an den vorgeschalteten Sitzen, unabh\u00e4ngig vom Druck, und erm\u00f6glicht die Funktion \u201eDoppelblockierung und Entl\u00fcftung\u201c bzw. \u201eDoppelisolierung und Entl\u00fcftung\u201c. Dadurch sind Kugelh\u00e4hne mit Zapfendesign f\u00fcr den Betrieb mit gr\u00f6\u00dferen Bohrungen und h\u00f6herem Druck geeignet. Dar\u00fcber hinaus verringert diese Konstruktion das zum Bewegen des Ventils erforderliche Drehmoment, wodurch sich die Zapfenkonstruktion ideal f\u00fcr automatisierte Kugelhahnanwendungen eignet.\r\n\r\n\r\n\r\n\r\n<h2 class=\"wp-block-heading\" id=\"h-specifications-of-forged-steel-trunnion-ball-valve\">Spezifikationen f\u00fcr geschmiedeten Stahlzapfen-Kugelhahn<\/h2>\r\n\r\n\r\n\r\n\r\nZECO-Kugelh\u00e4hne mit Zapfenmontage bieten ein komplettes Produktangebot mit Ventilen von 2\u2033 bis 56\u2033, ANSI-Klassen 150LB \u2013 2500LB, geschmiedetem, verschraubtem oder komplett verschwei\u00dftem Stahlgeh\u00e4use, eng gekoppeltem Zapfenblockdesign f\u00fcr niedrige Betriebsdrehmomente und sekund\u00e4rer Sitzdichtungsfunktion. API-6D-Ventile werden mit selbstentlastenden Sitzen oder optionaler Doppelkolbendichtung angeboten. Spezielle Sitzmischungen sind ebenfalls erh\u00e4ltlich. Jedes Ventil erf\u00fcllt die Anforderungen von API-6D, API 6FA und Nace. Zu den Optionen geh\u00f6ren Schaftverl\u00e4ngerungen, Antriebe, Rohrstutzen und spezielle Beschichtungen.\r\n\r\n\r\n\r\n\r\n<ol class=\"wp-block-list\">\r\n \t<li>Zertifizierung: ISO9001, API6D, CE, TS<\/li>\r\n \t<li>Gr\u00f6\u00dfe: 2\u2033-56\u2033<\/li>\r\n \t<li>Druck: Klasse 150LB-2500LB<\/li>\r\n \t<li>Werkstoff: A105, LF2, F11, F22, F5, F304, F316, F304L, F316L<\/li>\r\n \t<li>Garantie: 12 Monate<\/li>\r\n \t<li>Geeignetes Medium: Wasser, \u00d6l, Gas<\/li>\r\n \t<li>Design und Herstellung: API6D, ASME B 16.34, BS5351<\/li>\r\n \t<li>Inspektion und Test: API598<\/li>\r\n \t<li>Endflanschma\u00df: ASME B16.5 (f\u00fcr NPS\u226424); AMSE B16.47 Serie B<\/li>\r\n \t<li>Einschwei\u00dfma\u00df: ASME B16.11<\/li>\r\n \t<li>Von Angesicht zu Angesicht und von Ende zu Ende: ASME B 16.10<\/li>\r\n \t<li>Druck-\/Temperaturbest\u00e4ndigkeit: ASME B16.34<\/li>\r\n<\/ol>\r\n\r\n\r\n\r\n<h2 class=\"wp-block-heading\">Funktionsprinzip des zapfenmontierten Kugelhahns aus geschmiedetem Stahl<\/h2>\r\n\r\n\r\n\r\n\r\nUnter der Unterseite der Sitze sind Sitzvorspannfedern positioniert, um sicherzustellen, dass zwei schwimmende Sitze fest an der Kugeloberfl\u00e4che haften. Dar\u00fcber hinaus kann der Druck des Mediums die Sitze dr\u00fccken, um die Kugel fest anzubringen und so eine zuverl\u00e4ssigere Abdichtung zu gew\u00e4hrleisten. Kugelh\u00e4hne werden h\u00e4ufig in der Erd\u00f6lraffination, Chemie, Papierherstellung, Pharmazie, Nahrungsmittelindustrie, Wasserkraft, Kommunalwirtschaft, Stahlindustrie und anderen Branchen eingesetzt. Darunter eignen sich Kugelh\u00e4hne der schwefelbest\u00e4ndigen Serie besonders gut f\u00fcr Fernpipelines zur Bef\u00f6rderung von stark korrosivem Erdgas mit schwefelhaltigem Wasserstoff und zahlreichen Verunreinigungen. Der Zapfen-Kugelhahn ist mit einem beweglichen Sitzdichtungsring ausgestattet, der unter dem Druck des Mediums eine Verschiebung erzeugen kann. Falls Mediumsdruck vorhanden ist, dr\u00fcckt der Druck den Ventilsitzdichtungsring fest auf die Kugel und gew\u00e4hrleistet so die Dichtleistung des Kugelhahns.\r\n\r\n\r\n\r\n\r\n<h2 class=\"wp-block-heading\">Merkmale des geschmiedeten Zapfen-Kugelhahns<\/h2>\r\n\r\n\r\n\r\n<ul class=\"wp-block-list\">\r\n \t<li>1. Einfache Struktur mit guter Dichtleistung und geringem Drehmoment;<\/li>\r\n \t<li>2. Vollbohrungs- und reduzierte Bohrungskonstruktion mit minimalem Str\u00f6mungswiderstand (tats\u00e4chlich null);<\/li>\r\n \t<li>3. Notfall-Dichtmitteleinspritzung;<\/li>\r\n \t<li>4. Unabh\u00e4ngige Kugel und Schaft;<\/li>\r\n \t<li>5. Verpackung mit geringer Emission;<\/li>\r\n \t<li>6. Feuersicheres, antistatisches und ausblassicheres Schaftdesign;<\/li>\r\n \t<li>7. Selbstentlastung des Hohlraumdrucks;<\/li>\r\n \t<li>8. Optional verl\u00e4ngerte Motorhaube.<\/li>\r\n<\/ul>\r\n\r\n\r\n\r\n<h2 class=\"wp-block-heading\">Versandinformationen f\u00fcr den Zapfenkugelhahn aus geschmiedetem Stahl<\/h2>\r\n\r\n\r\n\r\n<figure class=\"wp-block-table\">\r\n<table>\r\n<tbody>\r\n<tr>\r\n<td>Marke<\/td>\r\n<td>ZECO<\/td>\r\n<\/tr>\r\n<tr>\r\n<td>Ventil Typ<\/td>\r\n<td>Kugelhahn mit Zapfen aus geschmiedetem Stahl<\/td>\r\n<\/tr>\r\n<tr>\r\n<td>Ventilmaterial<\/td>\r\n<td>\u00a0Schmiedestahl, Edelstahl usw.<\/td>\r\n<\/tr>\r\n<tr>\r\n<td>Ventiltest<\/td>\r\n<td>100% Menge vor Auslieferung getestet<\/td>\r\n<\/tr>\r\n<tr>\r\n<td>Ventilgarantie<\/td>\r\n<td>18 Monate ab dem Versanddatum ab Werk oder 12 Monate ab dem Datum der Wareninstallation.<\/td>\r\n<\/tr>\r\n<tr>\r\n<td>Ventillackierung<\/td>\r\n<td>Kundenanfrage<\/td>\r\n<\/tr>\r\n<tr>\r\n<td>Ventilpaket<\/td>\r\n<td>Holzkiste<\/td>\r\n<\/tr>\r\n<tr>\r\n<td>Mindestbestellmenge<\/td>\r\n<td>Keine Anforderung<\/td>\r\n<\/tr>\r\n<tr>\r\n<td>Ventilzertifikat<\/td>\r\n<td>API 6D\/CE\/ISO9001\/ISO14001<\/td>\r\n<\/tr>\r\n<tr>\r\n<td>Lieferdetails<\/td>\r\n<td>Versand innerhalb von 4 oder 6 Wochen nach Zahlungseingang<\/td>\r\n<\/tr>\r\n<tr>\r\n<td>Hafen<\/td>\r\n<td>SHANGHAI, NINGBO<\/td>\r\n<\/tr>\r\n<tr>\r\n<td>Zahlungsbedingungen<\/td>\r\n<td>Akkreditiv, T\/T<\/td>\r\n<\/tr>\r\n<tr>\r\n<td>Zertifikat angeboten<\/td>\r\n<td>Packliste, Handelsrechnung, Testberichte und Materialzertifikate, Qualit\u00e4ts- und Quantit\u00e4tszertifikat, Garantiezertifikat des Verk\u00e4ufers<\/td>\r\n<\/tr>\r\n<\/tbody>\r\n<\/table>\r\n<\/figure>","protected":false},"excerpt":{"rendered":"<p>Der zapfenmontierte Kugelhahn aus Schmiedestahl ist in der Ausf\u00fchrung mit zweiteiligem oder dreiteiligem Geh\u00e4use und mit zwei schwimmenden \u2026 <a title=\"Kugelhahn mit Zapfen aus geschmiedetem Stahl\" class=\"read-more\" href=\"https:\/\/zecovalve.com\/de\/produkt\/forged-steel-trunnion-ball-valve\" aria-label=\"Mehr zu Forged Steel Trunnion Ball Valve\">Weiterlesen ...<\/a><\/p>","protected":false},"featured_media":17511,"comment_status":"closed","ping_status":"closed","template":"","meta":{"_generate-full-width-content":"","kt_blocks_editor_width":""},"product_cat":[2047,2461],"product_tag":[3920,2658,3914,2723],"class_list":["post-17510","product","type-product","status-publish","has-post-thumbnail","hentry","product_cat-ball-valve","product_cat-ball-valve-by-material","product_tag-api-6d-ball-valve","product_tag-isolation-valve","product_tag-reduced-bore-ball-valve","product_tag-what-is-a-valve","sales-flash-overlay","woocommerce-text-align-center","woocommerce-image-align-center","do-quantity-buttons"],"featured_image_src_large":["https:\/\/zecovalve.com\/wp-content\/uploads\/2022\/06\/F-2-104749.jpg",800,600,false],"author_info":[],"comment_info":0,"taxonomy_info":{"product_cat":[{"value":2047,"label":"Ball Valve"},{"value":2461,"label":"Ball Valve By Material"}],"product_tag":[{"value":3920,"label":"API 6D Ball Valve"},{"value":2658,"label":"Isolation Valve"},{"value":3914,"label":"Reduced Bore Ball Valve"},{"value":2723,"label":"What is a Valve"}]},"yoast_head":"<!-- This site is optimized with the Yoast SEO Premium plugin v15.4 - https:\/\/yoast.com\/wordpress\/plugins\/seo\/ -->\n<title>Forged Steel Trunnion Ball Valve - Trunnion Mounted Ball Valve | ZECO<\/title>\n<meta name=\"robots\" content=\"index, follow, max-snippet:-1, max-image-preview:large, max-video-preview:-1\" \/>\n<link rel=\"canonical\" href=\"https:\/\/zecovalve.com\/de\/produkt\/forged-steel-trunnion-ball-valve\" \/>\n<meta property=\"og:locale\" content=\"de_DE\" \/>\n<meta property=\"og:type\" content=\"article\" \/>\n<meta property=\"og:title\" content=\"Forged Steel Trunnion Ball Valve - Trunnion Mounted Ball Valve | ZECO\" \/>\n<meta property=\"og:description\" content=\"Forged steel trunnion mounted ball valve has been designed two piece body type or three piece body type and with two floating ... Weiterlesen ...\" \/>\n<meta property=\"og:url\" content=\"https:\/\/zecovalve.com\/de\/produkt\/forged-steel-trunnion-ball-valve\" \/>\n<meta property=\"og:site_name\" content=\"ZECO Valve\" \/>\n<meta property=\"article:modified_time\" content=\"2022-09-22T03:26:16+00:00\" \/>\n<meta property=\"og:image\" content=\"https:\/\/zecovalve.com\/wp-content\/uploads\/2022\/06\/F-2-104749.jpg\" \/>\n\t<meta property=\"og:image:width\" content=\"800\" \/>\n\t<meta property=\"og:image:height\" content=\"600\" \/>\n<meta name=\"twitter:card\" content=\"summary_large_image\" \/>\n<meta name=\"twitter:label1\" content=\"Verfasst von\">\n\t<meta name=\"twitter:data1\" content=\"Jerry\">\n\t<meta name=\"twitter:label2\" content=\"Gesch\u00e4tzte Lesezeit\">\n\t<meta name=\"twitter:data2\" content=\"3\u00a0Minuten\">\n<script type=\"application\/ld+json\" class=\"yoast-schema-graph\">{\"@context\":\"https:\/\/schema.org\",\"@graph\":[{\"@type\":\"WebSite\",\"@id\":\"https:\/\/zecovalve.com\/#website\",\"url\":\"https:\/\/zecovalve.com\/\",\"name\":\"ZECO Valve\",\"description\":\"Industrial Ball Valve, Gate Valve and Globe Valve Manufacturer\",\"potentialAction\":[{\"@type\":\"SearchAction\",\"target\":\"https:\/\/zecovalve.com\/?s={search_term_string}\",\"query-input\":\"required name=search_term_string\"}],\"inLanguage\":\"de\"},{\"@type\":\"ImageObject\",\"@id\":\"https:\/\/zecovalve.com\/product\/forged-steel-trunnion-ball-valve#primaryimage\",\"inLanguage\":\"de\",\"url\":\"https:\/\/zecovalve.com\/wp-content\/uploads\/2022\/06\/F-2-104749.jpg\",\"width\":800,\"height\":600,\"caption\":\"Forged Steel Trunnion Ball Valve\"},{\"@type\":\"WebPage\",\"@id\":\"https:\/\/zecovalve.com\/product\/forged-steel-trunnion-ball-valve#webpage\",\"url\":\"https:\/\/zecovalve.com\/product\/forged-steel-trunnion-ball-valve\",\"name\":\"Forged Steel Trunnion Ball Valve - Trunnion Mounted Ball Valve | ZECO\",\"isPartOf\":{\"@id\":\"https:\/\/zecovalve.com\/#website\"},\"primaryImageOfPage\":{\"@id\":\"https:\/\/zecovalve.com\/product\/forged-steel-trunnion-ball-valve#primaryimage\"},\"datePublished\":\"2022-06-28T02:36:35+00:00\",\"dateModified\":\"2022-09-22T03:26:16+00:00\",\"breadcrumb\":{\"@id\":\"https:\/\/zecovalve.com\/product\/forged-steel-trunnion-ball-valve#breadcrumb\"},\"inLanguage\":\"de\",\"potentialAction\":[{\"@type\":\"ReadAction\",\"target\":[\"https:\/\/zecovalve.com\/product\/forged-steel-trunnion-ball-valve\"]}]},{\"@type\":\"BreadcrumbList\",\"@id\":\"https:\/\/zecovalve.com\/product\/forged-steel-trunnion-ball-valve#breadcrumb\",\"itemListElement\":[{\"@type\":\"ListItem\",\"position\":1,\"item\":{\"@type\":\"WebPage\",\"@id\":\"https:\/\/zecovalve.com\/\",\"url\":\"https:\/\/zecovalve.com\/\",\"name\":\"Home\"}},{\"@type\":\"ListItem\",\"position\":2,\"item\":{\"@type\":\"WebPage\",\"@id\":\"https:\/\/zecovalve.com\/product-category\",\"url\":\"https:\/\/zecovalve.com\/product-category\",\"name\":\"Industrial Valve Manufacturer | Water Valve Manufacturer\"}},{\"@type\":\"ListItem\",\"position\":3,\"item\":{\"@type\":\"WebPage\",\"@id\":\"https:\/\/zecovalve.com\/product\/forged-steel-trunnion-ball-valve\",\"url\":\"https:\/\/zecovalve.com\/product\/forged-steel-trunnion-ball-valve\",\"name\":\"Forged Steel Trunnion Ball Valve\"}}]}]}<\/script>\n<!-- \/ Yoast SEO Premium plugin. -->","_links":{"self":[{"href":"https:\/\/zecovalve.com\/de\/wp-json\/wp\/v2\/product\/17510","targetHints":{"allow":["GET"]}}],"collection":[{"href":"https:\/\/zecovalve.com\/de\/wp-json\/wp\/v2\/product"}],"about":[{"href":"https:\/\/zecovalve.com\/de\/wp-json\/wp\/v2\/types\/product"}],"replies":[{"embeddable":true,"href":"https:\/\/zecovalve.com\/de\/wp-json\/wp\/v2\/comments?post=17510"}],"wp:featuredmedia":[{"embeddable":true,"href":"https:\/\/zecovalve.com\/de\/wp-json\/wp\/v2\/media\/17511"}],"wp:attachment":[{"href":"https:\/\/zecovalve.com\/de\/wp-json\/wp\/v2\/media?parent=17510"}],"wp:term":[{"taxonomy":"product_cat","embeddable":true,"href":"https:\/\/zecovalve.com\/de\/wp-json\/wp\/v2\/product_cat?post=17510"},{"taxonomy":"product_tag","embeddable":true,"href":"https:\/\/zecovalve.com\/de\/wp-json\/wp\/v2\/product_tag?post=17510"}],"curies":[{"name":"wp","href":"https:\/\/api.w.org\/{rel}","templated":true}]}}