{"id":17513,"date":"2022-06-28T02:39:39","date_gmt":"2022-06-28T02:39:39","guid":{"rendered":"https:\/\/zecovalve.com\/?post_type=product&#038;p=17513"},"modified":"2023-06-15T14:00:37","modified_gmt":"2023-06-15T14:00:37","slug":"gear-operated-globe-valve","status":"publish","type":"product","link":"https:\/\/zecovalve.com\/de\/produkt\/gear-operated-globe-valve","title":{"rendered":"Getriebegesteuertes Durchgangsventil"},"content":{"rendered":"<div class=\"col-xs-12\">\n<div class=\"rbt\">\n<p><img loading=\"lazy\" decoding=\"async\" class=\"size-medium wp-image-27910\" src=\"https:\/\/zecovalve.com\/wp-content\/uploads\/2022\/06\/Gear-Operated-Globe-Valve-300x225.jpg\" alt=\"Getriebegesteuertes Durchgangsventil\" width=\"300\" height=\"225\" srcset=\"https:\/\/zecovalve.com\/wp-content\/uploads\/2022\/06\/Gear-Operated-Globe-Valve-300x225.jpg 300w, https:\/\/zecovalve.com\/wp-content\/uploads\/2022\/06\/Gear-Operated-Globe-Valve-768x576.jpg 768w, https:\/\/zecovalve.com\/wp-content\/uploads\/2022\/06\/Gear-Operated-Globe-Valve-600x450.jpg 600w, https:\/\/zecovalve.com\/wp-content\/uploads\/2022\/06\/Gear-Operated-Globe-Valve.jpg 800w\" sizes=\"auto, (max-width: 300px) 100vw, 300px\" \/><\/p>\n<\/div>\n<\/div>\n<div class=\"text\">\n<div id=\"productdetail\">\n<div id=\"productdetail_txt\" class=\"col-md-7 col-sm-6 col-xs-12\">\n<p><strong>Getriebegesteuertes Durchgangsventil<\/strong><\/p>\n<p>Die zahnradbetriebenen Absperrventile von Zeco sind gem\u00e4\u00df BS1873 und ASME B16.34 f\u00fcr den Einsatz bei hohen Temperaturen und hohem Druck ausgelegt und werden h\u00e4ufig in mit fossilen Brennstoffen betriebenen Kraftwerken eingesetzt.<\/p>\n<\/div>\n<\/div>\n<div id=\"myTabContent\" class=\"tab-content\">\n<div id=\"page1\" class=\"tab-pane fade in active\">\n<div class=\"col-xs-12\">\n<div class=\"\">\n<p><strong>Prinzip<\/strong><strong>:<\/strong><strong>\u00a0<\/strong><\/p>\n<p>Die beiden \u00d6ffnungen f\u00fcr den ein- und ausstr\u00f6menden Medienfluss liegen in derselben Richtung und bilden einen Winkel von 180\u00b0. Dar\u00fcber hinaus sind die Dichtungsfl\u00e4chen von Sitz und Scheibe f\u00fcr eine lange Lebensdauer mit einer eisenbasierten oder Co-basierten Legierung oder einer Karbidlegierung \u00fcberzogen. F\u00fcr gro\u00dfe Ventile werden Hauptscheiben und Vizescheibentypen konstruiert, und der Medienfluss erfolgt von der oberen Scheibe zur unteren Scheibe, sodass das Betriebsdrehmoment erheblich verringert wird und die Dichtheit des Sitzes zuverl\u00e4ssiger ist.<\/p>\n<p align=\"justify\"><strong>Eigenschaften<\/strong><strong>:<\/strong><\/p>\n<p align=\"justify\">1. Geringer Str\u00f6mungswiderstand f\u00fcr Fl\u00fcssigkeit, beim \u00d6ffnen\/Schlie\u00dfen ist nur eine geringe Kraft erforderlich;<\/p>\n<p align=\"justify\">2. Keine Einschr\u00e4nkung hinsichtlich der Flie\u00dfrichtung des Mediums;<\/p>\n<p align=\"justify\">3. Wenn das Ventil vollst\u00e4ndig ge\u00f6ffnet ist, erf\u00e4hrt die Dichtfl\u00e4che eine geringe Reibung durch das Arbeitsmedium.<\/p>\n<p align=\"justify\">4. Es kann ein verl\u00e4ngertes Design des Stiels gew\u00e4hlt werden.<\/p>\n<p align=\"justify\">5. Eine emissionsarme Verpackung kann gem\u00e4\u00df den Anforderungen der ISO 15848 gew\u00e4hlt werden.<\/p>\n<p align=\"justify\">6. Mit Bypass-Design zur Auswahl.<\/p>\n<p align=\"justify\"><strong>Produktauswahl:<\/strong><\/p>\n<p>K\u00f6rpermaterial: Kohlenstoffstahl, Edelstahl, legierter Stahl<\/p>\n<p>Nenndurchmesser: 1\/2\u2033\uff5e24\u2033<\/p>\n<p>Druckbereich: Klasse 150\u20132500<\/p>\n<p>Endanschluss: RF, RTJ, BW<\/p>\n<p>Arbeitstemperatur: -29 \u00b0C bis 560 \u00b0C.<\/p>\n<p>Bedienung: Handrad, Getriebe, elektrischer Antrieb usw.<\/p>\n<p>&nbsp;<\/p>\n<table class=\"ke-zeroborder\" border=\"0\" cellspacing=\"0\">\n<tbody>\n<tr>\n<td valign=\"center\" width=\"112\">Marke<\/td>\n<td valign=\"center\" width=\"770\">Zeco<\/td>\n<\/tr>\n<tr>\n<td valign=\"center\" width=\"112\">Ventil Typ<\/td>\n<td valign=\"center\" width=\"770\">Getriebebet\u00e4tigtes Durchgangsventil<\/td>\n<\/tr>\n<tr>\n<td valign=\"center\" width=\"112\">Ventilmaterial<\/td>\n<td valign=\"center\" width=\"770\">Stahlguss, Edelstahl, Sonderlegierungen usw.<\/td>\n<\/tr>\n<tr>\n<td valign=\"center\" width=\"112\">Ventiltest<\/td>\n<td valign=\"center\" width=\"770\">100% Menge vor Auslieferung getestet<\/td>\n<\/tr>\n<tr>\n<td valign=\"center\" width=\"112\">Ventilgarantie<\/td>\n<td valign=\"center\" width=\"770\">18 Monate ab Versanddatum ab Werk oder 12 Monate ab Installationsdatum der Ware.<\/td>\n<\/tr>\n<tr>\n<td valign=\"center\" width=\"112\">Ventillackierung<\/td>\n<td valign=\"center\" width=\"770\">Kundenanfrage<\/td>\n<\/tr>\n<tr>\n<td valign=\"center\" width=\"112\">Ventilpaket<\/td>\n<td valign=\"center\" width=\"770\">Holzkiste<\/td>\n<\/tr>\n<tr>\n<td valign=\"center\" width=\"112\">Mindestbestellmenge<\/td>\n<td valign=\"center\" width=\"770\">Keine Anforderung<\/td>\n<\/tr>\n<tr>\n<td valign=\"center\" width=\"112\">Ventilzertifikat<\/td>\n<td valign=\"center\" width=\"770\">API 6D\/CE\/ISO9001\/ISO14001<\/td>\n<\/tr>\n<tr>\n<td valign=\"center\" width=\"112\">Lieferdetails<\/td>\n<td valign=\"center\" width=\"770\">Versand innerhalb von 4 oder 6 Wochen nach Zahlungseingang<\/td>\n<\/tr>\n<tr>\n<td valign=\"center\" width=\"112\">Hafen<\/td>\n<td valign=\"center\" width=\"770\">SCHANGHAI<\/td>\n<\/tr>\n<tr>\n<td valign=\"center\" width=\"112\">Zahlungsbedingungen<\/td>\n<td valign=\"center\" width=\"770\">L\/C, D\/A, D\/P, T\/T<\/td>\n<\/tr>\n<tr>\n<td valign=\"center\" width=\"112\">Zertifikat angeboten<\/td>\n<td valign=\"center\" width=\"770\">Packliste, Handelsrechnung, Pr\u00fcfberichte und Materialzertifikate, Qualit\u00e4ts- und Quantit\u00e4tszertifikat, Garantiezertifikat des Verk\u00e4ufers<\/td>\n<\/tr>\n<\/tbody>\n<\/table>\n<p align=\"justify\"><img loading=\"lazy\" decoding=\"async\" class=\"alignnone size-medium wp-image-17516\" src=\"https:\/\/zecovalve.com\/wp-content\/uploads\/2022\/06\/20190203143035_6841-300x182.jpg\" alt=\"\" width=\"300\" height=\"182\" srcset=\"https:\/\/zecovalve.com\/wp-content\/uploads\/2022\/06\/20190203143035_6841-300x182.jpg 300w, https:\/\/zecovalve.com\/wp-content\/uploads\/2022\/06\/20190203143035_6841-600x365.jpg 600w, https:\/\/zecovalve.com\/wp-content\/uploads\/2022\/06\/20190203143035_6841.jpg 750w\" sizes=\"auto, (max-width: 300px) 100vw, 300px\" \/><\/p>\n<\/div>\n<\/div>\n<\/div>\n<\/div>\n<\/div>","protected":false},"excerpt":{"rendered":"<p>Zahnradbetriebenes Absperrventil Die zahnradbetriebenen Absperrventile von Zeco sind gem\u00e4\u00df BS1873 und ASME B16.34 f\u00fcr den Einsatz mit hohen \u2026 ausgelegt. <a title=\"Getriebegesteuertes Durchgangsventil\" class=\"read-more\" href=\"https:\/\/zecovalve.com\/de\/produkt\/gear-operated-globe-valve\" aria-label=\"Mehr zu Gear Operated Globe Valve\">Weiterlesen ...<\/a><\/p>","protected":false},"featured_media":27910,"comment_status":"closed","ping_status":"closed","template":"","meta":{"_generate-full-width-content":"","kt_blocks_editor_width":""},"product_cat":[2049],"product_tag":[2658,2723],"class_list":["post-17513","product","type-product","status-publish","has-post-thumbnail","hentry","product_cat-globe-valve","product_tag-isolation-valve","product_tag-what-is-a-valve","sales-flash-overlay","woocommerce-text-align-center","woocommerce-image-align-center","do-quantity-buttons"],"featured_image_src_large":["https:\/\/zecovalve.com\/wp-content\/uploads\/2022\/06\/Gear-Operated-Globe-Valve.jpg",800,600,false],"author_info":[],"comment_info":0,"taxonomy_info":{"product_cat":[{"value":2049,"label":"Globe Valve"}],"product_tag":[{"value":2658,"label":"Isolation Valve"},{"value":2723,"label":"What is a Valve"}]},"yoast_head":"<!-- This site is optimized with the Yoast SEO Premium plugin v15.4 - https:\/\/yoast.com\/wordpress\/plugins\/seo\/ -->\n<title>Gear Operated Globe Valve - ZECO Valve<\/title>\n<meta name=\"robots\" content=\"index, follow, max-snippet:-1, max-image-preview:large, max-video-preview:-1\" \/>\n<link rel=\"canonical\" href=\"https:\/\/zecovalve.com\/de\/produkt\/gear-operated-globe-valve\" \/>\n<meta property=\"og:locale\" content=\"de_DE\" \/>\n<meta property=\"og:type\" content=\"article\" \/>\n<meta property=\"og:title\" content=\"Gear Operated Globe Valve - ZECO Valve\" \/>\n<meta property=\"og:description\" content=\"Gear Operated Globe Valve Zeco&#8217;s gear operated globe valves are designed in accordance with BS1873 and ASME B16.34 for service of high ... Weiterlesen ...\" \/>\n<meta property=\"og:url\" content=\"https:\/\/zecovalve.com\/de\/produkt\/gear-operated-globe-valve\" \/>\n<meta property=\"og:site_name\" content=\"ZECO Valve\" \/>\n<meta property=\"article:modified_time\" content=\"2023-06-15T14:00:37+00:00\" \/>\n<meta property=\"og:image\" content=\"https:\/\/zecovalve.com\/wp-content\/uploads\/2022\/06\/Gear-Operated-Globe-Valve.jpg\" \/>\n\t<meta property=\"og:image:width\" content=\"800\" \/>\n\t<meta property=\"og:image:height\" content=\"600\" \/>\n<meta name=\"twitter:card\" content=\"summary_large_image\" \/>\n<meta name=\"twitter:label1\" content=\"Verfasst von\">\n\t<meta name=\"twitter:data1\" content=\"Jerry\">\n\t<meta name=\"twitter:label2\" content=\"Gesch\u00e4tzte Lesezeit\">\n\t<meta name=\"twitter:data2\" content=\"1\u00a0Minute\">\n<script type=\"application\/ld+json\" class=\"yoast-schema-graph\">{\"@context\":\"https:\/\/schema.org\",\"@graph\":[{\"@type\":\"WebSite\",\"@id\":\"https:\/\/zecovalve.com\/#website\",\"url\":\"https:\/\/zecovalve.com\/\",\"name\":\"ZECO Valve\",\"description\":\"Industrial Ball Valve, Gate Valve and Globe Valve Manufacturer\",\"potentialAction\":[{\"@type\":\"SearchAction\",\"target\":\"https:\/\/zecovalve.com\/?s={search_term_string}\",\"query-input\":\"required name=search_term_string\"}],\"inLanguage\":\"de\"},{\"@type\":\"ImageObject\",\"@id\":\"https:\/\/zecovalve.com\/product\/gear-operated-globe-valve#primaryimage\",\"inLanguage\":\"de\",\"url\":\"https:\/\/zecovalve.com\/wp-content\/uploads\/2022\/06\/Gear-Operated-Globe-Valve.jpg\",\"width\":800,\"height\":600,\"caption\":\"Gear Operated Globe Valve\"},{\"@type\":\"WebPage\",\"@id\":\"https:\/\/zecovalve.com\/product\/gear-operated-globe-valve#webpage\",\"url\":\"https:\/\/zecovalve.com\/product\/gear-operated-globe-valve\",\"name\":\"Gear Operated Globe Valve - ZECO Valve\",\"isPartOf\":{\"@id\":\"https:\/\/zecovalve.com\/#website\"},\"primaryImageOfPage\":{\"@id\":\"https:\/\/zecovalve.com\/product\/gear-operated-globe-valve#primaryimage\"},\"datePublished\":\"2022-06-28T02:39:39+00:00\",\"dateModified\":\"2023-06-15T14:00:37+00:00\",\"breadcrumb\":{\"@id\":\"https:\/\/zecovalve.com\/product\/gear-operated-globe-valve#breadcrumb\"},\"inLanguage\":\"de\",\"potentialAction\":[{\"@type\":\"ReadAction\",\"target\":[\"https:\/\/zecovalve.com\/product\/gear-operated-globe-valve\"]}]},{\"@type\":\"BreadcrumbList\",\"@id\":\"https:\/\/zecovalve.com\/product\/gear-operated-globe-valve#breadcrumb\",\"itemListElement\":[{\"@type\":\"ListItem\",\"position\":1,\"item\":{\"@type\":\"WebPage\",\"@id\":\"https:\/\/zecovalve.com\/\",\"url\":\"https:\/\/zecovalve.com\/\",\"name\":\"Home\"}},{\"@type\":\"ListItem\",\"position\":2,\"item\":{\"@type\":\"WebPage\",\"@id\":\"https:\/\/zecovalve.com\/product-category\",\"url\":\"https:\/\/zecovalve.com\/product-category\",\"name\":\"Industrial Valve Manufacturer | Water Valve Manufacturer\"}},{\"@type\":\"ListItem\",\"position\":3,\"item\":{\"@type\":\"WebPage\",\"@id\":\"https:\/\/zecovalve.com\/product\/gear-operated-globe-valve\",\"url\":\"https:\/\/zecovalve.com\/product\/gear-operated-globe-valve\",\"name\":\"Gear Operated Globe Valve\"}}]}]}<\/script>\n<!-- \/ Yoast SEO Premium plugin. -->","_links":{"self":[{"href":"https:\/\/zecovalve.com\/de\/wp-json\/wp\/v2\/product\/17513","targetHints":{"allow":["GET"]}}],"collection":[{"href":"https:\/\/zecovalve.com\/de\/wp-json\/wp\/v2\/product"}],"about":[{"href":"https:\/\/zecovalve.com\/de\/wp-json\/wp\/v2\/types\/product"}],"replies":[{"embeddable":true,"href":"https:\/\/zecovalve.com\/de\/wp-json\/wp\/v2\/comments?post=17513"}],"wp:featuredmedia":[{"embeddable":true,"href":"https:\/\/zecovalve.com\/de\/wp-json\/wp\/v2\/media\/27910"}],"wp:attachment":[{"href":"https:\/\/zecovalve.com\/de\/wp-json\/wp\/v2\/media?parent=17513"}],"wp:term":[{"taxonomy":"product_cat","embeddable":true,"href":"https:\/\/zecovalve.com\/de\/wp-json\/wp\/v2\/product_cat?post=17513"},{"taxonomy":"product_tag","embeddable":true,"href":"https:\/\/zecovalve.com\/de\/wp-json\/wp\/v2\/product_tag?post=17513"}],"curies":[{"name":"wp","href":"https:\/\/api.w.org\/{rel}","templated":true}]}}