{"id":17517,"date":"2022-06-28T02:42:43","date_gmt":"2022-06-28T02:42:43","guid":{"rendered":"https:\/\/zecovalve.com\/?post_type=product&#038;p=17517"},"modified":"2022-09-22T03:26:08","modified_gmt":"2022-09-22T03:26:08","slug":"cast-steel-trunnion-ball-valve","status":"publish","type":"product","link":"https:\/\/zecovalve.com\/de\/produkt\/cast-steel-trunnion-ball-valve","title":{"rendered":"Kugelhahn mit Zapfen aus Stahlguss"},"content":{"rendered":"<div class=\"col-xs-12\">\n<div class=\"rbt\">\n<h1>Kugelhahn mit Zapfen aus Stahlguss<\/h1>\n<figure id=\"attachment_17518\" aria-describedby=\"caption-attachment-17518\" style=\"width: 290px\" class=\"wp-caption alignnone\"><img loading=\"lazy\" decoding=\"async\" class=\"size-medium wp-image-17518\" src=\"https:\/\/zecovalve.com\/wp-content\/uploads\/2022\/06\/F-2-104945-300x225.jpg\" alt=\"Kugelhahn mit Zapfen aus Stahlguss\" width=\"300\" height=\"225\" srcset=\"https:\/\/zecovalve.com\/wp-content\/uploads\/2022\/06\/F-2-104945-300x225.jpg 300w, https:\/\/zecovalve.com\/wp-content\/uploads\/2022\/06\/F-2-104945-768x576.jpg 768w, https:\/\/zecovalve.com\/wp-content\/uploads\/2022\/06\/F-2-104945-600x450.jpg 600w, https:\/\/zecovalve.com\/wp-content\/uploads\/2022\/06\/F-2-104945.jpg 800w\" sizes=\"auto, (max-width: 300px) 100vw, 300px\" \/><figcaption id=\"caption-attachment-17518\" class=\"wp-caption-text\">Kugelhahn mit Zapfen aus Stahlguss<\/figcaption><\/figure>\n<\/div>\n<\/div>\n<div class=\"text\">\n<div id=\"productdetail\">\n<div id=\"productdetail_txt\" class=\"col-md-7 col-sm-6 col-xs-12\"><strong>Kugelhahn mit Zapfen aus Stahlguss<\/strong>Der zapfenmontierte Kugelhahn aus Gussstahl von Zeco ist in einer zwei- oder dreiteiligen Geh\u00e4useausf\u00fchrung und mit zwei schwimmenden Sitzen konstruiert, die unter dem Druck des Mediums beweglich sind.<\/p>\n<\/div>\n<\/div>\n<div id=\"myTabContent\" class=\"tab-content\">\n<div id=\"page1\" class=\"tab-pane fade in active\">\n<div class=\"col-xs-12\">\n<div class=\"\">\n<p align=\"justify\"><b>Prinzip:<\/b><b><\/b><\/p>\n<p>Der zapfenmontierte Kugelhahn aus Gussstahl ist in zweiteiliger oder dreiteiliger Ausf\u00fchrung und mit zwei schwimmenden Sitzen ausgef\u00fchrt, die unter dem Druck des Mediums beweglich sind. Unter der Unterseite der Sitze sind Sitzvorspannfedern angebracht, um sicherzustellen, dass zwei schwimmende Sitze fest an der Kugeloberfl\u00e4che anliegen. Dar\u00fcber hinaus kann der Druck des Mediums die Sitze dr\u00fccken, um die Kugel fest anliegen zu lassen und so eine zuverl\u00e4ssigere Abdichtung zu gew\u00e4hrleisten.<\/p>\n<p>Der Zapfenkugelhahn aus Stahlguss ist mit einem beweglichen Sitzdichtring ausgestattet, der unter dem Druck des Mediums eine Verschiebung erzeugen kann. Falls ein Mediumdruck vorhanden ist, dr\u00fcckt der Druck den Ventilsitzdichtring fest auf die Kugel und gew\u00e4hrleistet so die Dichtleistung des Kugelhahns.<\/p>\n<p>Auf Wunsch werden Dichtungsschmiervorrichtungen eingebaut. Bei Besch\u00e4digung des Sitzrings oder der Schaftdichtung kann es zu externen oder internen Leckagen kommen. Durch Notfalleinspritzung von Dichtungsmitteln kann die Integrit\u00e4t des Ventils gerettet werden, indem eine Dichtung um den Schaft oder zwischen Sitz und Kugel eingebaut wird, bis das Ventil ordnungsgem\u00e4\u00df gewartet werden kann. Die Feder am Schaft erm\u00f6glicht es, die statischen Ladungen in die Rohrleitung abzuleiten. Auf diese Weise wird eine elektrostatische Aufladung der Kugel verhindert. Der Schaft ist unabh\u00e4ngig von der Kugel und ausblassicher konstruiert. Als integraler Bestandteil hat ein Schaft an seiner Unterseite einen Flansch. Dank dieser speziellen Konstruktion verhindert der Schaftflansch ein Ausblasen des Schafts. Diese Funktion erm\u00f6glicht auch den Austausch der Kugel durch eine gro\u00dfz\u00fcgig bemessene Gegenverbindung, sodass der Schaft nicht durch den Seitenschub beeintr\u00e4chtigt wird.<\/p>\n<p align=\"justify\"><b>Merkmale:<\/b><b><\/b><\/p>\n<p align=\"justify\">1. Einfache Struktur mit guter Dichtleistung und geringem Drehmoment;<\/p>\n<p align=\"justify\">2. Vollbohrungs- und reduzierte Bohrungskonstruktion mit minimalem Str\u00f6mungswiderstand (tats\u00e4chlich null);<\/p>\n<p align=\"justify\">3. Notfall-Dichtmitteleinspritzung;<\/p>\n<p align=\"justify\">4. Selbstentlastung des Hohlraumdrucks;<\/p>\n<p align=\"justify\">5. Unabh\u00e4ngige Kugel und Schaft;<\/p>\n<p align=\"justify\">6. Verpackung mit geringer Emission;<\/p>\n<p align=\"justify\">7. Feuersicheres, antistatisches und ausblassicheres Schaftdesign;<\/p>\n<p align=\"justify\">8. Optionale verl\u00e4ngerte Motorhaube.<\/p>\n<p align=\"justify\"><strong>Produktauswahl:<\/strong><\/p>\n<p>K\u00f6rpermaterial: Kohlenstoffstahl, Edelstahl, legierter Stahl<\/p>\n<p>Nenndurchmesser: 1\/2\u201d\uff5e60\u201d<\/p>\n<p>Druckbereich: Klasse 150 \u2013 2500<\/p>\n<p>Endverbindung: RF, RTJ, BW<\/p>\n<p>Betriebstemperatur: -46 \u00b0C bis +200 \u00b0C.<\/p>\n<p>Bet\u00e4tigung: Schraubenschl\u00fcssel, Schneckengetriebe, elektrischer, pneumatischer, Gas-\u00fcber-\u00d6l-Antrieb und elektrohydraulischer Antrieb<\/p>\n<p>&nbsp;<\/p>\n<table class=\"ke-zeroborder\" border=\"0\" cellspacing=\"0\">\n<tbody>\n<tr>\n<td valign=\"center\" width=\"112\">Marke<\/td>\n<td valign=\"center\" width=\"770\">Zeco<\/td>\n<\/tr>\n<tr>\n<td valign=\"center\" width=\"112\">Ventil Typ<\/td>\n<td valign=\"center\" width=\"770\">Kugelhahn mit Zapfen aus Stahlguss<\/td>\n<\/tr>\n<tr>\n<td valign=\"center\" width=\"112\">Ventilmaterial<\/td>\n<td valign=\"center\" width=\"770\">Stahlguss, Edelstahl, Sonderlegierungen usw.<\/td>\n<\/tr>\n<tr>\n<td valign=\"center\" width=\"112\">Ventiltest<\/td>\n<td valign=\"center\" width=\"770\">100% Menge vor Auslieferung getestet<\/td>\n<\/tr>\n<tr>\n<td valign=\"center\" width=\"112\">Ventilgarantie<\/td>\n<td valign=\"center\" width=\"770\">18 Monate ab Versanddatum ab Werk oder 12 Monate ab Installationsdatum der Ware.<\/td>\n<\/tr>\n<tr>\n<td valign=\"center\" width=\"112\">Ventillackierung<\/td>\n<td valign=\"center\" width=\"770\">Kundenanfrage<\/td>\n<\/tr>\n<tr>\n<td valign=\"center\" width=\"112\">Ventilpaket<\/td>\n<td valign=\"center\" width=\"770\">Holzkiste<\/td>\n<\/tr>\n<tr>\n<td valign=\"center\" width=\"112\">Mindestbestellmenge<\/td>\n<td valign=\"center\" width=\"770\">Keine Anforderung<\/td>\n<\/tr>\n<tr>\n<td valign=\"center\" width=\"112\">Ventilzertifikat<\/td>\n<td valign=\"center\" width=\"770\">API 6D\/CE\/ISO9001\/ISO14001<\/td>\n<\/tr>\n<tr>\n<td valign=\"center\" width=\"112\">Lieferdetails<\/td>\n<td valign=\"center\" width=\"770\">Versand innerhalb von 4 oder 6 Wochen nach Zahlungseingang<\/td>\n<\/tr>\n<tr>\n<td valign=\"center\" width=\"112\">Hafen<\/td>\n<td valign=\"center\" width=\"770\">SCHANGHAI<\/td>\n<\/tr>\n<tr>\n<td valign=\"center\" width=\"112\">Zahlungsbedingungen<\/td>\n<td valign=\"center\" width=\"770\">L\/C, D\/A, D\/P, T\/T<\/td>\n<\/tr>\n<tr>\n<td valign=\"center\" width=\"112\">Zertifikat angeboten<\/td>\n<td valign=\"center\" width=\"770\">Packliste, Handelsrechnung, Testberichte und Materialzertifikate, Qualit\u00e4ts- und Quantit\u00e4tszertifikat, Garantiezertifikat des Verk\u00e4ufers<\/td>\n<\/tr>\n<\/tbody>\n<\/table>\n<p><img loading=\"lazy\" decoding=\"async\" class=\"alignnone size-medium wp-image-17519\" src=\"https:\/\/zecovalve.com\/wp-content\/uploads\/2022\/06\/20190207042048_2320-300x182.jpg\" alt=\"\" width=\"300\" height=\"182\" srcset=\"https:\/\/zecovalve.com\/wp-content\/uploads\/2022\/06\/20190207042048_2320-300x182.jpg 300w, https:\/\/zecovalve.com\/wp-content\/uploads\/2022\/06\/20190207042048_2320-600x365.jpg 600w, https:\/\/zecovalve.com\/wp-content\/uploads\/2022\/06\/20190207042048_2320.jpg 750w\" sizes=\"auto, (max-width: 300px) 100vw, 300px\" \/><\/p>\n<\/div>\n<\/div>\n<\/div>\n<\/div>\n<\/div>","protected":false},"excerpt":{"rendered":"<p>Kugelhahn aus Gussstahl mit Zapfen Kugelhahn aus Gussstahl mit ZapfenDer zapfenmontierte Kugelhahn aus Gussstahl von Zeco hat ein zweiteiliges Geh\u00e4use \u2026 <a title=\"Kugelhahn mit Zapfen aus Stahlguss\" class=\"read-more\" href=\"https:\/\/zecovalve.com\/de\/produkt\/cast-steel-trunnion-ball-valve\" aria-label=\"Mehr zu Cast Steel Trunnion Ball Valve\">Weiterlesen ...<\/a><\/p>","protected":false},"featured_media":17518,"comment_status":"closed","ping_status":"closed","template":"","meta":{"_generate-full-width-content":"","kt_blocks_editor_width":""},"product_cat":[2047,2461],"product_tag":[3920,2658,2723],"class_list":["post-17517","product","type-product","status-publish","has-post-thumbnail","hentry","product_cat-ball-valve","product_cat-ball-valve-by-material","product_tag-api-6d-ball-valve","product_tag-isolation-valve","product_tag-what-is-a-valve","sales-flash-overlay","woocommerce-text-align-center","woocommerce-image-align-center","do-quantity-buttons"],"featured_image_src_large":["https:\/\/zecovalve.com\/wp-content\/uploads\/2022\/06\/F-2-104945.jpg",800,600,false],"author_info":[],"comment_info":0,"taxonomy_info":{"product_cat":[{"value":2047,"label":"Ball Valve"},{"value":2461,"label":"Ball Valve By Material"}],"product_tag":[{"value":3920,"label":"API 6D Ball Valve"},{"value":2658,"label":"Isolation Valve"},{"value":2723,"label":"What is a Valve"}]},"yoast_head":"<!-- This site is optimized with the Yoast SEO Premium plugin v15.4 - https:\/\/yoast.com\/wordpress\/plugins\/seo\/ -->\n<title>Cast Steel Trunnion Ball Valve - ZECO Valve<\/title>\n<meta name=\"robots\" content=\"index, follow, max-snippet:-1, max-image-preview:large, max-video-preview:-1\" \/>\n<link rel=\"canonical\" href=\"https:\/\/zecovalve.com\/de\/produkt\/cast-steel-trunnion-ball-valve\" \/>\n<meta property=\"og:locale\" content=\"de_DE\" \/>\n<meta property=\"og:type\" content=\"article\" \/>\n<meta property=\"og:title\" content=\"Cast Steel Trunnion Ball Valve - ZECO Valve\" \/>\n<meta property=\"og:description\" content=\"Cast Steel Trunnion Ball Valve Cast Steel Trunnion Ball ValveZeco&#8217;s cast steel trunnion mounted ball valve has been designed two piece body ... Weiterlesen ...\" \/>\n<meta property=\"og:url\" content=\"https:\/\/zecovalve.com\/de\/produkt\/cast-steel-trunnion-ball-valve\" \/>\n<meta property=\"og:site_name\" content=\"ZECO Valve\" \/>\n<meta property=\"article:modified_time\" content=\"2022-09-22T03:26:08+00:00\" \/>\n<meta property=\"og:image\" content=\"https:\/\/zecovalve.com\/wp-content\/uploads\/2022\/06\/F-2-104945.jpg\" \/>\n\t<meta property=\"og:image:width\" content=\"800\" \/>\n\t<meta property=\"og:image:height\" content=\"600\" \/>\n<meta name=\"twitter:card\" content=\"summary_large_image\" \/>\n<meta name=\"twitter:label1\" content=\"Verfasst von\">\n\t<meta name=\"twitter:data1\" content=\"Jerry\">\n\t<meta name=\"twitter:label2\" content=\"Gesch\u00e4tzte Lesezeit\">\n\t<meta name=\"twitter:data2\" content=\"2\u00a0Minuten\">\n<script type=\"application\/ld+json\" class=\"yoast-schema-graph\">{\"@context\":\"https:\/\/schema.org\",\"@graph\":[{\"@type\":\"WebSite\",\"@id\":\"https:\/\/zecovalve.com\/#website\",\"url\":\"https:\/\/zecovalve.com\/\",\"name\":\"ZECO Valve\",\"description\":\"Industrial Ball Valve, Gate Valve and Globe Valve Manufacturer\",\"potentialAction\":[{\"@type\":\"SearchAction\",\"target\":\"https:\/\/zecovalve.com\/?s={search_term_string}\",\"query-input\":\"required name=search_term_string\"}],\"inLanguage\":\"de\"},{\"@type\":\"ImageObject\",\"@id\":\"https:\/\/zecovalve.com\/product\/cast-steel-trunnion-ball-valve#primaryimage\",\"inLanguage\":\"de\",\"url\":\"https:\/\/zecovalve.com\/wp-content\/uploads\/2022\/06\/F-2-104945.jpg\",\"width\":800,\"height\":600,\"caption\":\"Cast Steel Trunnion Ball Valve\"},{\"@type\":\"WebPage\",\"@id\":\"https:\/\/zecovalve.com\/product\/cast-steel-trunnion-ball-valve#webpage\",\"url\":\"https:\/\/zecovalve.com\/product\/cast-steel-trunnion-ball-valve\",\"name\":\"Cast Steel Trunnion Ball Valve - ZECO Valve\",\"isPartOf\":{\"@id\":\"https:\/\/zecovalve.com\/#website\"},\"primaryImageOfPage\":{\"@id\":\"https:\/\/zecovalve.com\/product\/cast-steel-trunnion-ball-valve#primaryimage\"},\"datePublished\":\"2022-06-28T02:42:43+00:00\",\"dateModified\":\"2022-09-22T03:26:08+00:00\",\"breadcrumb\":{\"@id\":\"https:\/\/zecovalve.com\/product\/cast-steel-trunnion-ball-valve#breadcrumb\"},\"inLanguage\":\"de\",\"potentialAction\":[{\"@type\":\"ReadAction\",\"target\":[\"https:\/\/zecovalve.com\/product\/cast-steel-trunnion-ball-valve\"]}]},{\"@type\":\"BreadcrumbList\",\"@id\":\"https:\/\/zecovalve.com\/product\/cast-steel-trunnion-ball-valve#breadcrumb\",\"itemListElement\":[{\"@type\":\"ListItem\",\"position\":1,\"item\":{\"@type\":\"WebPage\",\"@id\":\"https:\/\/zecovalve.com\/\",\"url\":\"https:\/\/zecovalve.com\/\",\"name\":\"Home\"}},{\"@type\":\"ListItem\",\"position\":2,\"item\":{\"@type\":\"WebPage\",\"@id\":\"https:\/\/zecovalve.com\/product-category\",\"url\":\"https:\/\/zecovalve.com\/product-category\",\"name\":\"Industrial Valve Manufacturer | Water Valve Manufacturer\"}},{\"@type\":\"ListItem\",\"position\":3,\"item\":{\"@type\":\"WebPage\",\"@id\":\"https:\/\/zecovalve.com\/product\/cast-steel-trunnion-ball-valve\",\"url\":\"https:\/\/zecovalve.com\/product\/cast-steel-trunnion-ball-valve\",\"name\":\"Cast Steel Trunnion Ball Valve\"}}]}]}<\/script>\n<!-- \/ Yoast SEO Premium plugin. -->","_links":{"self":[{"href":"https:\/\/zecovalve.com\/de\/wp-json\/wp\/v2\/product\/17517","targetHints":{"allow":["GET"]}}],"collection":[{"href":"https:\/\/zecovalve.com\/de\/wp-json\/wp\/v2\/product"}],"about":[{"href":"https:\/\/zecovalve.com\/de\/wp-json\/wp\/v2\/types\/product"}],"replies":[{"embeddable":true,"href":"https:\/\/zecovalve.com\/de\/wp-json\/wp\/v2\/comments?post=17517"}],"wp:featuredmedia":[{"embeddable":true,"href":"https:\/\/zecovalve.com\/de\/wp-json\/wp\/v2\/media\/17518"}],"wp:attachment":[{"href":"https:\/\/zecovalve.com\/de\/wp-json\/wp\/v2\/media?parent=17517"}],"wp:term":[{"taxonomy":"product_cat","embeddable":true,"href":"https:\/\/zecovalve.com\/de\/wp-json\/wp\/v2\/product_cat?post=17517"},{"taxonomy":"product_tag","embeddable":true,"href":"https:\/\/zecovalve.com\/de\/wp-json\/wp\/v2\/product_tag?post=17517"}],"curies":[{"name":"wp","href":"https:\/\/api.w.org\/{rel}","templated":true}]}}