{"id":17522,"date":"2022-06-28T02:47:32","date_gmt":"2022-06-28T02:47:32","guid":{"rendered":"https:\/\/zecovalve.com\/?post_type=product&#038;p=17522"},"modified":"2023-06-15T14:01:42","modified_gmt":"2023-06-15T14:01:42","slug":"carbon-steel-globe-valve","status":"publish","type":"product","link":"https:\/\/zecovalve.com\/de\/produkt\/carbon-steel-globe-valve","title":{"rendered":"Durchgangsventil aus Kohlenstoffstahl"},"content":{"rendered":"<p>Ein Absperrventil aus Kohlenstoffstahl ist ein zwangsgedichtetes Ventil. Beim Schlie\u00dfen des Ventils muss auf die Scheibe Druck ausge\u00fcbt werden, damit die Dichtfl\u00e4che nicht leckt.<\/p>\r\n\r\n\r\n\r\n<figure class=\"wp-block-image alignnone size-medium wp-image-16109\">\r\n<p><img loading=\"lazy\" decoding=\"async\" class=\"wp-image-27912 size-medium\" src=\"https:\/\/zecovalve.com\/wp-content\/uploads\/2022\/06\/Carbon-Steel-Globe-Valve-300x225.jpg\" alt=\"Durchgangsventil aus Kohlenstoffstahl\" width=\"300\" height=\"225\" srcset=\"https:\/\/zecovalve.com\/wp-content\/uploads\/2022\/06\/Carbon-Steel-Globe-Valve-300x225.jpg 300w, https:\/\/zecovalve.com\/wp-content\/uploads\/2022\/06\/Carbon-Steel-Globe-Valve-768x576.jpg 768w, https:\/\/zecovalve.com\/wp-content\/uploads\/2022\/06\/Carbon-Steel-Globe-Valve-600x450.jpg 600w, https:\/\/zecovalve.com\/wp-content\/uploads\/2022\/06\/Carbon-Steel-Globe-Valve.jpg 800w\" sizes=\"auto, (max-width: 300px) 100vw, 300px\" \/><\/p>\r\n<\/figure>\r\n\r\n\r\n<div class=\"gb-button-wrapper gb-button-wrapper-6d8495a3\">\r\n\r\n\r\n<p><a class=\"gb-button gb-button-3d442e11 gb-button-text\" href=\"https:\/\/zecovalve.com\/de\/contact\/\" target=\"_blank\" rel=\"noopener noreferrer\"><strong>PREIS F\u00dcR ABSPERRVENTILE AUS KOHLENSTOFFSTAHL ERHALTEN<\/strong><\/a><\/p>\r\n<\/div>\r\n\r\n\r\n\r\n\r\n<h2 class=\"wp-block-heading\">Was ist Kohlenstoffstahl?<\/h2>\r\n\r\n\r\n\r\n<p>Kohlenstoffstahl ist eine Eisen-Kohlenstoff-Legierung, die bis zu 2,1 Gew.-% Kohlenstoff enth\u00e4lt. F\u00fcr Kohlenstoffst\u00e4hle gibt es keinen vorgeschriebenen Mindestgehalt an anderen Legierungselementen, sie enthalten jedoch h\u00e4ufig Mangan. Der maximale Mangan-, Silizium- und Kupfergehalt sollte jeweils unter 1,65 Gew.-%, 0,6 Gew.-% und 0,6 Gew.-% liegen.<\/p>\r\n\r\n\r\n\r\n<p>Kohlenstoffstahl wird bei h\u00f6heren Temperaturen verwendet oder es besteht die Gefahr von thermischen oder mechanischen Schocks, weshalb er in der \u00d6l- und Petrochemieindustrie beliebt ist.<\/p>\r\n\r\n\r\n\r\n<h2 class=\"wp-block-heading\">Struktur des Durchgangsventils aus Kohlenstoffstahl<\/h2>\r\n\r\n\r\n\r\n<p>K\u00f6rper und Oberteile werden hochwertig gegossen und anschlie\u00dfend pr\u00e4zise bearbeitet, wobei darauf geachtet wird, Spannungskonzentrationen zu vermeiden. Oberteile bestehen je nach Gr\u00f6\u00dfe des Absperrventils entweder aus nur einem St\u00fcck \u2013 das Joch ist dann ein integraler Bestandteil davon \u2013 oder aus zwei Teilen. Dadurch wird die perfekte Ausrichtung mit dem K\u00f6rper sichergestellt, was zu pr\u00e4zisem \u00d6ffnen und Schlie\u00dfen f\u00fchrt. Die K\u00f6rper von Absperrventilen werden unter Ber\u00fccksichtigung der gleichen Eigenschaften wie Schieberventile konstruiert, was in diesem Fall bedeutet, dass die Scheibe bei gr\u00f6\u00dferen Ventilgr\u00f6\u00dfen oder bei Hochdruckbetrieb gef\u00fchrt wird, um Vibrationen zu vermeiden und einen besseren Sitz zu gew\u00e4hrleisten. Das Design der K\u00f6rper-Oberteil-Dichtung variiert je nach Klasse des Absperrventils. Absperrventile der Klassen 150 bis 600 bestehen aus einer kreisf\u00f6rmigen M\u00e4nnlich-Weiblich-Verbindung mit einer Graphit- oder Spiraldichtung. Absperrventile der Klasse 900 und h\u00f6her bestehen aus einer Ringverbindung.<\/p>\r\n\r\n\r\n\r\n<p>Bei Druckdichtungskonstruktionen wird die Abdichtung durch eine Dichtung erreicht, die den Innendruck der Leitung ausnutzt. Das am h\u00e4ufigsten verwendete Material ist hochreiner Graphit, der sich zwischen dem K\u00f6rper und dem K\u00f6rperhaltering befindet.<\/p>\r\n\r\n\r\n\r\n<h2 class=\"wp-block-heading\">Produktpalette von Durchgangsventilen aus Kohlenstoffstahl<\/h2>\r\n\r\n\r\n\r\n<ul class=\"wp-block-list\">\r\n<li>K\u00f6rpermaterial: Edelstahl, Kohlenstoffstahl, Schmiedestahl, legierter Stahl<\/li>\r\n<li>Nenndurchmesser: 1\/2\u2033\uff5e24\u2033<\/li>\r\n<li>Druckbereich: Klasse 150\uff5e2500<\/li>\r\n<li>Endanschluss: RF, RTJ, BW<\/li>\r\n<li>Arbeitstemperatur: -29 \u00b0C bis 560 \u00b0C.<\/li>\r\n<li>Bedienung: Handrad, Getriebe, elektrischer Antrieb usw.<\/li>\r\n<\/ul>\r\n\r\n\r\n\r\n<h2 class=\"wp-block-heading\" id=\"h-specifications-of-carbon-steel-globe-valve\">Spezifikationen f\u00fcr Durchgangsventile aus Kohlenstoffstahl<\/h2>\r\n\r\n\r\n\r\n<ul class=\"wp-block-list\">\r\n<li>Face-to-Face-Standard: ASME B16.10<\/li>\r\n<li>Flanschma\u00dfe: ASME B16.5<\/li>\r\n<li>Ausf\u00fchrung: ASME B16.34 \/ BS1873<\/li>\r\n<li>Pr\u00fcfung: API 598<\/li>\r\n<\/ul>\r\n\r\n\r\n\r\n<h2 class=\"wp-block-heading\">Merkmale von Durchgangsventilen aus Kohlenstoffstahl<\/h2>\r\n\r\n\r\n\r\n<ul class=\"wp-block-list\">\r\n<li>Gut gestaltete K\u00f6rper, die Turbulenzen und Str\u00f6mungsverluste minimieren;<\/li>\r\n<li>Die hintere Dichtungsanordnung erm\u00f6glicht den Austausch der Packung, w\u00e4hrend sich das Ventil in vollst\u00e4ndig ge\u00f6ffneter Stellung befindet. Das Ventil ist in zwei verschiedenen Scheibenausf\u00fchrungen erh\u00e4ltlich: Typ \u201eEIN\/AUS\u201c und Typ \u201eDurchflussregelung\u201c.<\/li>\r\n<li>Um eine st\u00f6rungsfreie Leistung zu gew\u00e4hrleisten, werden die Sitzfl\u00e4chen pr\u00e4zise bearbeitet und perfekt gel\u00e4ppt.<\/li>\r\n<li>Optionale Verriegelungsvorrichtung oder Spindelverl\u00e4ngerung, druckdichte Haube;<\/li>\r\n<li>Optionale Direktmontage nach ISO 5211.<\/li>\r\n<\/ul>","protected":false},"excerpt":{"rendered":"<p>Ein Absperrventil aus Kohlenstoffstahl ist ein zwangsversiegeltes Ventil. Beim Ventilschlie\u00dfen muss auf die Scheibe Druck ausge\u00fcbt werden, um die Versiegelung zu erzwingen \u2026 <a title=\"Durchgangsventil aus Kohlenstoffstahl\" class=\"read-more\" href=\"https:\/\/zecovalve.com\/de\/produkt\/carbon-steel-globe-valve\" aria-label=\"Mehr zu Carbon Steel Globe Valve\">Weiterlesen ...<\/a><\/p>","protected":false},"featured_media":27912,"comment_status":"closed","ping_status":"closed","template":"","meta":{"_generate-full-width-content":"","kt_blocks_editor_width":""},"product_cat":[2049],"product_tag":[2658],"class_list":["post-17522","product","type-product","status-publish","has-post-thumbnail","hentry","product_cat-globe-valve","product_tag-isolation-valve","sales-flash-overlay","woocommerce-text-align-center","woocommerce-image-align-center","do-quantity-buttons"],"featured_image_src_large":["https:\/\/zecovalve.com\/wp-content\/uploads\/2022\/06\/Carbon-Steel-Globe-Valve.jpg",800,600,false],"author_info":[],"comment_info":0,"taxonomy_info":{"product_cat":[{"value":2049,"label":"Globe Valve"}],"product_tag":[{"value":2658,"label":"Isolation Valve"}]},"yoast_head":"<!-- This site is optimized with the Yoast SEO Premium plugin v15.4 - https:\/\/yoast.com\/wordpress\/plugins\/seo\/ -->\n<title>Carbon Steel Globe Valve - Carbon Steel\/WCB Globe Valve | ZECO Valve<\/title>\n<meta name=\"robots\" content=\"index, follow, max-snippet:-1, max-image-preview:large, max-video-preview:-1\" \/>\n<link rel=\"canonical\" href=\"https:\/\/zecovalve.com\/de\/produkt\/carbon-steel-globe-valve\" \/>\n<meta property=\"og:locale\" content=\"de_DE\" \/>\n<meta property=\"og:type\" content=\"article\" \/>\n<meta property=\"og:title\" content=\"Carbon Steel Globe Valve - Carbon Steel\/WCB Globe Valve | ZECO Valve\" \/>\n<meta property=\"og:description\" content=\"Carbon steel globe valve is a forced sealed valve, valve closure, must be applied to the disc pressure to force the sealing ... Weiterlesen ...\" \/>\n<meta property=\"og:url\" content=\"https:\/\/zecovalve.com\/de\/produkt\/carbon-steel-globe-valve\" \/>\n<meta property=\"og:site_name\" content=\"ZECO Valve\" \/>\n<meta property=\"article:modified_time\" content=\"2023-06-15T14:01:42+00:00\" \/>\n<meta property=\"og:image\" content=\"https:\/\/zecovalve.com\/wp-content\/uploads\/2022\/06\/Carbon-Steel-Globe-Valve.jpg\" \/>\n\t<meta property=\"og:image:width\" content=\"800\" \/>\n\t<meta property=\"og:image:height\" content=\"600\" \/>\n<meta name=\"twitter:card\" content=\"summary_large_image\" \/>\n<meta name=\"twitter:label1\" content=\"Verfasst von\">\n\t<meta name=\"twitter:data1\" content=\"Jerry\">\n\t<meta name=\"twitter:label2\" content=\"Gesch\u00e4tzte Lesezeit\">\n\t<meta name=\"twitter:data2\" content=\"2\u00a0Minuten\">\n<script type=\"application\/ld+json\" class=\"yoast-schema-graph\">{\"@context\":\"https:\/\/schema.org\",\"@graph\":[{\"@type\":\"WebSite\",\"@id\":\"https:\/\/zecovalve.com\/#website\",\"url\":\"https:\/\/zecovalve.com\/\",\"name\":\"ZECO Valve\",\"description\":\"Industrial Ball Valve, Gate Valve and Globe Valve Manufacturer\",\"potentialAction\":[{\"@type\":\"SearchAction\",\"target\":\"https:\/\/zecovalve.com\/?s={search_term_string}\",\"query-input\":\"required name=search_term_string\"}],\"inLanguage\":\"de\"},{\"@type\":\"ImageObject\",\"@id\":\"https:\/\/zecovalve.com\/product\/carbon-steel-globe-valve#primaryimage\",\"inLanguage\":\"de\",\"url\":\"https:\/\/zecovalve.com\/wp-content\/uploads\/2022\/06\/Carbon-Steel-Globe-Valve.jpg\",\"width\":800,\"height\":600,\"caption\":\"Carbon Steel Globe Valve\"},{\"@type\":\"WebPage\",\"@id\":\"https:\/\/zecovalve.com\/product\/carbon-steel-globe-valve#webpage\",\"url\":\"https:\/\/zecovalve.com\/product\/carbon-steel-globe-valve\",\"name\":\"Carbon Steel Globe Valve - Carbon Steel\/WCB Globe Valve | ZECO Valve\",\"isPartOf\":{\"@id\":\"https:\/\/zecovalve.com\/#website\"},\"primaryImageOfPage\":{\"@id\":\"https:\/\/zecovalve.com\/product\/carbon-steel-globe-valve#primaryimage\"},\"datePublished\":\"2022-06-28T02:47:32+00:00\",\"dateModified\":\"2023-06-15T14:01:42+00:00\",\"breadcrumb\":{\"@id\":\"https:\/\/zecovalve.com\/product\/carbon-steel-globe-valve#breadcrumb\"},\"inLanguage\":\"de\",\"potentialAction\":[{\"@type\":\"ReadAction\",\"target\":[\"https:\/\/zecovalve.com\/product\/carbon-steel-globe-valve\"]}]},{\"@type\":\"BreadcrumbList\",\"@id\":\"https:\/\/zecovalve.com\/product\/carbon-steel-globe-valve#breadcrumb\",\"itemListElement\":[{\"@type\":\"ListItem\",\"position\":1,\"item\":{\"@type\":\"WebPage\",\"@id\":\"https:\/\/zecovalve.com\/\",\"url\":\"https:\/\/zecovalve.com\/\",\"name\":\"Home\"}},{\"@type\":\"ListItem\",\"position\":2,\"item\":{\"@type\":\"WebPage\",\"@id\":\"https:\/\/zecovalve.com\/product-category\",\"url\":\"https:\/\/zecovalve.com\/product-category\",\"name\":\"Industrial Valve Manufacturer | Water Valve Manufacturer\"}},{\"@type\":\"ListItem\",\"position\":3,\"item\":{\"@type\":\"WebPage\",\"@id\":\"https:\/\/zecovalve.com\/product\/carbon-steel-globe-valve\",\"url\":\"https:\/\/zecovalve.com\/product\/carbon-steel-globe-valve\",\"name\":\"Carbon Steel Globe Valve\"}}]}]}<\/script>\n<!-- \/ Yoast SEO Premium plugin. -->","_links":{"self":[{"href":"https:\/\/zecovalve.com\/de\/wp-json\/wp\/v2\/product\/17522","targetHints":{"allow":["GET"]}}],"collection":[{"href":"https:\/\/zecovalve.com\/de\/wp-json\/wp\/v2\/product"}],"about":[{"href":"https:\/\/zecovalve.com\/de\/wp-json\/wp\/v2\/types\/product"}],"replies":[{"embeddable":true,"href":"https:\/\/zecovalve.com\/de\/wp-json\/wp\/v2\/comments?post=17522"}],"wp:featuredmedia":[{"embeddable":true,"href":"https:\/\/zecovalve.com\/de\/wp-json\/wp\/v2\/media\/27912"}],"wp:attachment":[{"href":"https:\/\/zecovalve.com\/de\/wp-json\/wp\/v2\/media?parent=17522"}],"wp:term":[{"taxonomy":"product_cat","embeddable":true,"href":"https:\/\/zecovalve.com\/de\/wp-json\/wp\/v2\/product_cat?post=17522"},{"taxonomy":"product_tag","embeddable":true,"href":"https:\/\/zecovalve.com\/de\/wp-json\/wp\/v2\/product_tag?post=17522"}],"curies":[{"name":"wp","href":"https:\/\/api.w.org\/{rel}","templated":true}]}}