{"id":17524,"date":"2022-06-28T02:50:27","date_gmt":"2022-06-28T02:50:27","guid":{"rendered":"https:\/\/zecovalve.com\/?post_type=product&#038;p=17524"},"modified":"2023-06-15T13:15:14","modified_gmt":"2023-06-15T13:15:14","slug":"slab-through-conduit-gate-valve","status":"publish","type":"product","link":"https:\/\/zecovalve.com\/de\/produkt\/slab-through-conduit-gate-valve","title":{"rendered":"Plattenschieber durch Rohrleitung"},"content":{"rendered":"<div class=\"col-xs-12\">\n<div class=\"rbt\">\n<h1>Plattenschieber durch Rohrleitung<\/h1>\n<\/div>\n<\/div>\n<div class=\"text\">\n<div id=\"productdetail\">\n<div class=\"col-xs-12\">\n<div class=\"underline-solid\"><\/div>\n<\/div>\n<div id=\"productdetail_img\" class=\"col-md-5 col-sm-6 col-xs-12\">\n<div class=\"product\">\n<figure id=\"attachment_16156\" aria-describedby=\"caption-attachment-16156\" style=\"width: 290px\" class=\"wp-caption alignnone\"><img loading=\"lazy\" decoding=\"async\" class=\"size-medium wp-image-16156\" src=\"https:\/\/zecovalve.com\/wp-content\/uploads\/2022\/06\/through-conduit-gate-valve-300x225.jpg\" alt=\"Schieber f\u00fcr Durchgangsrohre\" width=\"300\" height=\"225\" srcset=\"https:\/\/zecovalve.com\/wp-content\/uploads\/2022\/06\/through-conduit-gate-valve-300x225.jpg 300w, https:\/\/zecovalve.com\/wp-content\/uploads\/2022\/06\/through-conduit-gate-valve-768x576.jpg 768w, https:\/\/zecovalve.com\/wp-content\/uploads\/2022\/06\/through-conduit-gate-valve-600x450.jpg 600w, https:\/\/zecovalve.com\/wp-content\/uploads\/2022\/06\/through-conduit-gate-valve.jpg 800w\" sizes=\"auto, (max-width: 300px) 100vw, 300px\" \/><figcaption id=\"caption-attachment-16156\" class=\"wp-caption-text\">Plattenschieber durch Rohrleitung<\/figcaption><\/figure>\n<\/div>\n<\/div>\n<div id=\"productdetail_txt\" class=\"col-md-7 col-sm-6 col-xs-12\">\n<p><strong>Plattenschieber durch Rohrleitung<\/strong>Die Durchgangskanal-Plattenschieber von Zeco werden mit einer \u00d6ffnung mit vollem Durchgang, OS&amp;Y-Antrieb und mit schwimmenden Sitzen und Schiebern hergestellt, druckaktiviert, f\u00fcr eine blasenfreie Absperrung stromaufw\u00e4rts und stromabw\u00e4rts bei sowohl niedrigem als auch hohem Differenzdruck.<\/p>\n<\/div>\n<\/div>\n<div id=\"myTabContent\" class=\"tab-content\">\n<div id=\"page1\" class=\"tab-pane fade in active\">\n<div class=\"col-xs-12\">\n<div class=\"\">\n<p><strong>Prinzip<\/strong><strong>:<\/strong><strong>\u00a0<\/strong><\/p>\n<p>Doppelte Blockier- und Entl\u00fcftungsfunktion und automatische Entlastung bei \u00fcberm\u00e4\u00dfigem K\u00f6rperdruck sind Standardmerkmale dieser Ventilsitzkonstruktion. Die glatte, durchgehende Bohrung minimiert Turbulenzen im Ventil und erzeugt in ge\u00f6ffneter Stellung einen Druckabfall, der einem Rohrst\u00fcck gleicher L\u00e4nge und Durchmessers entspricht. Die Ventilsitzfl\u00e4chen liegen au\u00dferhalb des Str\u00f6mungsstroms und sind daher vor der Erosion durch die Str\u00f6mung gesch\u00fctzt. Molche und Abstreifer k\u00f6nnen ohne Besch\u00e4digung durch das Ventil gef\u00fchrt werden.<\/p>\n<p align=\"justify\"><strong>Eigenschaften<\/strong><strong>:<\/strong><\/p>\n<p align=\"justify\">1. Der Sitz hat eine O-Ring- und Schwimmsitzstruktur, wodurch eine flache Ventilein- und -ausfuhrdichtung entsteht; und die Struktur des \u00d6ffnungs- und Schlie\u00dfmoments f\u00fcr das gemeinsame Ventil betr\u00e4gt nur 1\/2, wodurch das Ventil leicht ge\u00f6ffnet und geschlossen werden kann;<\/p>\n<p align=\"justify\">2. Bei voller \u00d6ffnung ist der Kanal glatt bis linear, der Str\u00f6mungswiderstandskoeffizient ist sehr gering und der Druckverlust kann die Reinigungsleitung verbinden.<\/p>\n<p align=\"justify\">3. Mit der Stopfbuchsenstruktur mit Abdichtungsf\u00e4higkeit, ohne st\u00e4ndige Anpassung, erm\u00f6glicht sie ein sehr leichtes \u00d6ffnen und Schlie\u00dfen und eine zuverl\u00e4ssige Abdichtung. Die Stopfbuchse verf\u00fcgt \u00fcber eine unterst\u00fctzende Struktur zum Einspritzen von Dichtungsfett, die Abdichtungsleistung ist absolut zuverl\u00e4ssig und erreicht eine echte Null-Leckage; l\u00f6st das Problem der h\u00e4ufigsten Leckagen an der Ventilpackung.<\/p>\n<p align=\"justify\">4. Durch das Schlie\u00dfen des Ventils kann der hohe Druck im Lumen automatisch entladen werden, um einen sicheren Betrieb zu gew\u00e4hrleisten.<\/p>\n<p align=\"justify\">5. Vollst\u00e4ndig geschlossene Struktur, gute Schutzleistung, den Anforderungen entsprechend.<\/p>\n<p align=\"justify\"><strong>Produktauswahl:<\/strong><\/p>\n<p>K\u00f6rpermaterial: Edelstahl, Kohlenstoffstahl, Schmiedestahl, legierter Stahl<\/p>\n<p>Nenndurchmesser: 1\/2\u2033\uff5e48\u2033<\/p>\n<p>Druckbereich: Klasse 150\u20131500<\/p>\n<p>Endanschluss: FF, RF, RTJ, BW<\/p>\n<p>Arbeitstemperatur: -196 \u00b0C bis 593 \u00b0C.<\/p>\n<p>Bedienung: Handrad, Getriebe, elektrischer Antrieb usw.<\/p>\n<p>&nbsp;<\/p>\n<table class=\"ke-zeroborder\" border=\"0\" cellspacing=\"0\">\n<tbody>\n<tr>\n<td valign=\"center\" width=\"112\">Marke<\/td>\n<td valign=\"center\" width=\"770\">Zeco<\/td>\n<\/tr>\n<tr>\n<td valign=\"center\" width=\"112\">Ventil Typ<\/td>\n<td valign=\"center\" width=\"770\">Plattenschieber durch Rohrleitung<\/td>\n<\/tr>\n<tr>\n<td valign=\"center\" width=\"112\">Ventilmaterial<\/td>\n<td valign=\"center\" width=\"770\">Stahlguss, Edelstahl, Sonderlegierungen usw.<\/td>\n<\/tr>\n<tr>\n<td valign=\"center\" width=\"112\">Ventiltest<\/td>\n<td valign=\"center\" width=\"770\">100% Menge vor Auslieferung getestet<\/td>\n<\/tr>\n<tr>\n<td valign=\"center\" width=\"112\">Ventilgarantie<\/td>\n<td valign=\"center\" width=\"770\">18 Monate ab Versanddatum ab Werk oder 12 Monate ab Installationsdatum der Ware.<\/td>\n<\/tr>\n<tr>\n<td valign=\"center\" width=\"112\">Ventillackierung<\/td>\n<td valign=\"center\" width=\"770\">Kundenanfrage<\/td>\n<\/tr>\n<tr>\n<td valign=\"center\" width=\"112\">Ventilpaket<\/td>\n<td valign=\"center\" width=\"770\">Holzkiste<\/td>\n<\/tr>\n<tr>\n<td valign=\"center\" width=\"112\">Mindestbestellmenge<\/td>\n<td valign=\"center\" width=\"770\">Keine Anforderung<\/td>\n<\/tr>\n<tr>\n<td valign=\"center\" width=\"112\">Ventilzertifikat<\/td>\n<td valign=\"center\" width=\"770\">API 6D\/CE\/ISO9001\/ISO14001<\/td>\n<\/tr>\n<tr>\n<td valign=\"center\" width=\"112\">Lieferdetails<\/td>\n<td valign=\"center\" width=\"770\">Versand innerhalb von 4 oder 6 Wochen nach Zahlungseingang<\/td>\n<\/tr>\n<tr>\n<td valign=\"center\" width=\"112\">Hafen<\/td>\n<td valign=\"center\" width=\"770\">SCHANGHAI<\/td>\n<\/tr>\n<tr>\n<td valign=\"center\" width=\"112\">Zahlungsbedingungen<\/td>\n<td valign=\"center\" width=\"770\">L\/C, D\/A, D\/P, T\/T<\/td>\n<\/tr>\n<tr>\n<td valign=\"center\" width=\"112\">Zertifikat angeboten<\/td>\n<td valign=\"center\" width=\"770\">Packliste, Handelsrechnung, Pr\u00fcfberichte und Materialzertifikate, Qualit\u00e4ts- und Quantit\u00e4tszertifikat, Garantiezertifikat des Verk\u00e4ufers<\/td>\n<\/tr>\n<\/tbody>\n<\/table>\n<p><img loading=\"lazy\" decoding=\"async\" class=\"alignnone size-medium wp-image-17509\" src=\"https:\/\/zecovalve.com\/wp-content\/uploads\/2022\/06\/20190205124042_9202-300x182.jpg\" alt=\"\" width=\"300\" height=\"182\" srcset=\"https:\/\/zecovalve.com\/wp-content\/uploads\/2022\/06\/20190205124042_9202-300x182.jpg 300w, https:\/\/zecovalve.com\/wp-content\/uploads\/2022\/06\/20190205124042_9202-600x365.jpg 600w, https:\/\/zecovalve.com\/wp-content\/uploads\/2022\/06\/20190205124042_9202.jpg 750w\" sizes=\"auto, (max-width: 300px) 100vw, 300px\" \/><\/p>\n<\/div>\n<\/div>\n<\/div>\n<\/div>\n<\/div>","protected":false},"excerpt":{"rendered":"<p>Durchgangsrohr-Schieber f\u00fcr Platten Durchgangsrohr-Schieber f\u00fcr PlattenDie Durchgangsrohr-Schieber f\u00fcr Platten von Zeco werden mit einer \u00d6ffnung mit vollem Durchgang hergestellt, \u2026 <a title=\"Plattenschieber durch Rohrleitung\" class=\"read-more\" href=\"https:\/\/zecovalve.com\/de\/produkt\/slab-through-conduit-gate-valve\" aria-label=\"Mehr zu Slab Through Conduit Gate Valve\">Weiterlesen ...<\/a><\/p>","protected":false},"featured_media":27899,"comment_status":"closed","ping_status":"closed","template":"","meta":{"_generate-full-width-content":"","kt_blocks_editor_width":""},"product_cat":[2052,2456],"product_tag":[2658,2798],"class_list":["post-17524","product","type-product","status-publish","has-post-thumbnail","hentry","product_cat-gate-valve","product_cat-gate-valve-by-form","product_tag-isolation-valve","product_tag-osy-valve","sales-flash-overlay","woocommerce-text-align-center","woocommerce-image-align-center","do-quantity-buttons"],"featured_image_src_large":["https:\/\/zecovalve.com\/wp-content\/uploads\/2022\/06\/Slab-Through-Conduit-Gate-Valve.jpg",800,600,false],"author_info":[],"comment_info":0,"taxonomy_info":{"product_cat":[{"value":2052,"label":"Gate Valve"},{"value":2456,"label":"Gate Valve By Form"}],"product_tag":[{"value":2658,"label":"Isolation Valve"},{"value":2798,"label":"OS&amp;Y Valve"}]},"yoast_head":"<!-- This site is optimized with the Yoast SEO Premium plugin v15.4 - https:\/\/yoast.com\/wordpress\/plugins\/seo\/ -->\n<title>Slab Through Conduit Gate Valve - ZECO Valve<\/title>\n<meta name=\"robots\" content=\"index, follow, max-snippet:-1, max-image-preview:large, max-video-preview:-1\" \/>\n<link rel=\"canonical\" href=\"https:\/\/zecovalve.com\/de\/produkt\/slab-through-conduit-gate-valve\" \/>\n<meta property=\"og:locale\" content=\"de_DE\" \/>\n<meta property=\"og:type\" content=\"article\" \/>\n<meta property=\"og:title\" content=\"Slab Through Conduit Gate Valve - ZECO Valve\" \/>\n<meta property=\"og:description\" content=\"Slab Through Conduit Gate Valve Slab Through Conduit Gate ValveZeco&#8217;s slab through conduit gate valves are manufactured with a full bore port, ... Weiterlesen ...\" \/>\n<meta property=\"og:url\" content=\"https:\/\/zecovalve.com\/de\/produkt\/slab-through-conduit-gate-valve\" \/>\n<meta property=\"og:site_name\" content=\"ZECO Valve\" \/>\n<meta property=\"article:modified_time\" content=\"2023-06-15T13:15:14+00:00\" \/>\n<meta property=\"og:image\" content=\"https:\/\/zecovalve.com\/wp-content\/uploads\/2022\/06\/Slab-Through-Conduit-Gate-Valve.jpg\" \/>\n\t<meta property=\"og:image:width\" content=\"800\" \/>\n\t<meta property=\"og:image:height\" content=\"600\" \/>\n<meta name=\"twitter:card\" content=\"summary_large_image\" \/>\n<meta name=\"twitter:label1\" content=\"Verfasst von\">\n\t<meta name=\"twitter:data1\" content=\"Jerry\">\n\t<meta name=\"twitter:label2\" content=\"Gesch\u00e4tzte Lesezeit\">\n\t<meta name=\"twitter:data2\" content=\"2\u00a0Minuten\">\n<script type=\"application\/ld+json\" class=\"yoast-schema-graph\">{\"@context\":\"https:\/\/schema.org\",\"@graph\":[{\"@type\":\"WebSite\",\"@id\":\"https:\/\/zecovalve.com\/#website\",\"url\":\"https:\/\/zecovalve.com\/\",\"name\":\"ZECO Valve\",\"description\":\"Industrial Ball Valve, Gate Valve and Globe Valve Manufacturer\",\"potentialAction\":[{\"@type\":\"SearchAction\",\"target\":\"https:\/\/zecovalve.com\/?s={search_term_string}\",\"query-input\":\"required name=search_term_string\"}],\"inLanguage\":\"de\"},{\"@type\":\"ImageObject\",\"@id\":\"https:\/\/zecovalve.com\/product\/slab-through-conduit-gate-valve#primaryimage\",\"inLanguage\":\"de\",\"url\":\"https:\/\/zecovalve.com\/wp-content\/uploads\/2022\/06\/Slab-Through-Conduit-Gate-Valve.jpg\",\"width\":800,\"height\":600,\"caption\":\"Slab Through Conduit Gate Valve\"},{\"@type\":\"WebPage\",\"@id\":\"https:\/\/zecovalve.com\/product\/slab-through-conduit-gate-valve#webpage\",\"url\":\"https:\/\/zecovalve.com\/product\/slab-through-conduit-gate-valve\",\"name\":\"Slab Through Conduit Gate Valve - ZECO Valve\",\"isPartOf\":{\"@id\":\"https:\/\/zecovalve.com\/#website\"},\"primaryImageOfPage\":{\"@id\":\"https:\/\/zecovalve.com\/product\/slab-through-conduit-gate-valve#primaryimage\"},\"datePublished\":\"2022-06-28T02:50:27+00:00\",\"dateModified\":\"2023-06-15T13:15:14+00:00\",\"breadcrumb\":{\"@id\":\"https:\/\/zecovalve.com\/product\/slab-through-conduit-gate-valve#breadcrumb\"},\"inLanguage\":\"de\",\"potentialAction\":[{\"@type\":\"ReadAction\",\"target\":[\"https:\/\/zecovalve.com\/product\/slab-through-conduit-gate-valve\"]}]},{\"@type\":\"BreadcrumbList\",\"@id\":\"https:\/\/zecovalve.com\/product\/slab-through-conduit-gate-valve#breadcrumb\",\"itemListElement\":[{\"@type\":\"ListItem\",\"position\":1,\"item\":{\"@type\":\"WebPage\",\"@id\":\"https:\/\/zecovalve.com\/\",\"url\":\"https:\/\/zecovalve.com\/\",\"name\":\"Home\"}},{\"@type\":\"ListItem\",\"position\":2,\"item\":{\"@type\":\"WebPage\",\"@id\":\"https:\/\/zecovalve.com\/product-category\",\"url\":\"https:\/\/zecovalve.com\/product-category\",\"name\":\"Industrial Valve Manufacturer | Water Valve Manufacturer\"}},{\"@type\":\"ListItem\",\"position\":3,\"item\":{\"@type\":\"WebPage\",\"@id\":\"https:\/\/zecovalve.com\/product\/slab-through-conduit-gate-valve\",\"url\":\"https:\/\/zecovalve.com\/product\/slab-through-conduit-gate-valve\",\"name\":\"Slab Through Conduit Gate Valve\"}}]}]}<\/script>\n<!-- \/ Yoast SEO Premium plugin. -->","_links":{"self":[{"href":"https:\/\/zecovalve.com\/de\/wp-json\/wp\/v2\/product\/17524","targetHints":{"allow":["GET"]}}],"collection":[{"href":"https:\/\/zecovalve.com\/de\/wp-json\/wp\/v2\/product"}],"about":[{"href":"https:\/\/zecovalve.com\/de\/wp-json\/wp\/v2\/types\/product"}],"replies":[{"embeddable":true,"href":"https:\/\/zecovalve.com\/de\/wp-json\/wp\/v2\/comments?post=17524"}],"wp:featuredmedia":[{"embeddable":true,"href":"https:\/\/zecovalve.com\/de\/wp-json\/wp\/v2\/media\/27899"}],"wp:attachment":[{"href":"https:\/\/zecovalve.com\/de\/wp-json\/wp\/v2\/media?parent=17524"}],"wp:term":[{"taxonomy":"product_cat","embeddable":true,"href":"https:\/\/zecovalve.com\/de\/wp-json\/wp\/v2\/product_cat?post=17524"},{"taxonomy":"product_tag","embeddable":true,"href":"https:\/\/zecovalve.com\/de\/wp-json\/wp\/v2\/product_tag?post=17524"}],"curies":[{"name":"wp","href":"https:\/\/api.w.org\/{rel}","templated":true}]}}