{"id":17527,"date":"2022-06-28T02:59:39","date_gmt":"2022-06-28T02:59:39","guid":{"rendered":"https:\/\/zecovalve.com\/?post_type=product&#038;p=17527"},"modified":"2023-06-15T13:15:47","modified_gmt":"2023-06-15T13:15:47","slug":"pressure-seal-gate-valve","status":"publish","type":"product","link":"https:\/\/zecovalve.com\/de\/produkt\/pressure-seal-gate-valve","title":{"rendered":"Druckdichtes Schieberventil"},"content":{"rendered":"<div class=\"col-xs-12\">\n<div class=\"rbt\">\n<p>&nbsp;<\/p>\n<\/div>\n<\/div>\n<div class=\"text\">\n<div id=\"productdetail\">\n<div id=\"productdetail_img\" class=\"col-md-5 col-sm-6 col-xs-12\">\n<p><img loading=\"lazy\" decoding=\"async\" class=\"size-medium wp-image-17928\" src=\"https:\/\/zecovalve.com\/wp-content\/uploads\/2022\/06\/Pressure-Seal-Gate-Valve-300x225.jpg\" alt=\"Druckdichtes Schieberventil\" width=\"300\" height=\"225\" srcset=\"https:\/\/zecovalve.com\/wp-content\/uploads\/2022\/06\/Pressure-Seal-Gate-Valve-300x225.jpg 300w, https:\/\/zecovalve.com\/wp-content\/uploads\/2022\/06\/Pressure-Seal-Gate-Valve-768x576.jpg 768w, https:\/\/zecovalve.com\/wp-content\/uploads\/2022\/06\/Pressure-Seal-Gate-Valve-600x450.jpg 600w, https:\/\/zecovalve.com\/wp-content\/uploads\/2022\/06\/Pressure-Seal-Gate-Valve.jpg 800w\" sizes=\"auto, (max-width: 300px) 100vw, 300px\" \/><\/p>\n<div class=\"product\"><\/div>\n<\/div>\n<div id=\"productdetail_txt\" class=\"col-md-7 col-sm-6 col-xs-12\">\n<p><strong>Druckdichtes Schieberventil<\/strong><\/p>\n<p>Die druckdichten Schieberventile von Zeco sind f\u00fcr Anwendungen mit hohem Druck und hohen Temperaturen f\u00fcr alle Fl\u00fcssigkeitsarten vorgesehen, au\u00dfer bei extremen Bedingungen.<\/p>\n<\/div>\n<\/div>\n<div id=\"myTabContent\" class=\"tab-content\">\n<div id=\"page1\" class=\"tab-pane fade in active\">\n<div class=\"col-xs-12\">\n<div class=\"\">\n<p><b>Prinzip<\/b><b>:<\/b><b>\u00a0<\/b><\/p>\n<p>Die Druckdichtschieber sind gem\u00e4\u00df API600 und ASME B16.34 f\u00fcr den Einsatz bei hohen Temperaturen und hohem Druck ausgelegt und werden h\u00e4ufig in fossil befeuerten Kraftwerken eingesetzt. Im Vergleich zu Ventilen mit verschraubter Deckelverbindung bieten sie eine absolut zuverl\u00e4ssige Abdichtung der Deckelverbindung, sodass die Druckdichtschieber kompakter und steifer sind und bei hohen Temperaturen und hohem Druck kosteng\u00fcnstig gewartet werden k\u00f6nnen.<\/p>\n<p>Diese Art von Schieber zeichnet sich nicht nur durch eine einfache Struktur und zuverl\u00e4ssige Verwendung aus, sondern kann auch eine leichte flexible Verformung erzeugen, um die w\u00e4hrend der Verarbeitung entstehende Abweichung des Dichtungsfl\u00e4chenwinkels auszugleichen und so die Prozessleistung zu verbessern. Dar\u00fcber hinaus sind die Dichtungsoberfl\u00e4chen von Sitz und Schieberscheibe f\u00fcr eine lange Lebensdauer mit einer eisenbasierten oder Co-basierten Legierung oder einer Karbidlegierung \u00fcberzogen.<\/p>\n<p align=\"justify\"><b>Merkmale:<\/b><b><\/b><\/p>\n<p align=\"justify\">1. Das Ventil verf\u00fcgt \u00fcber eine selbstdichtende Ventilhaube.<\/p>\n<p align=\"justify\">2. Das Ph\u00e4nomen der Scheibenkeilung tritt wahrscheinlich nicht bei steigenden Temperaturen auf.<\/p>\n<p align=\"justify\">3. Flexibler Keil;<\/p>\n<p align=\"justify\">4. Vollst\u00e4ndig mit Stellite \u00fcberzogene Sitzdichtfl\u00e4che;<\/p>\n<p align=\"justify\">5. Vollkeilf\u00fchrungsdesign;<\/p>\n<p align=\"justify\">6. Absolut dicht an der Motorhaubenverbindung;<\/p>\n<p align=\"justify\">7. Optionales Bypass-Design.<\/p>\n<p align=\"justify\"><b>Produktauswahl:<\/b><b><\/b><\/p>\n<p>K\u00f6rpermaterial: Kohlenstoffstahl, Edelstahl, legierter Stahl<\/p>\n<p>Nenndurchmesser: 1\/2\u2033\uff5e60\u2033\uff08DN15~1500\uff09<\/p>\n<p>Druckbereich: Klasse 150\u20132500 (PN10\u2013420)<\/p>\n<p>Endanschluss: RF, RTJ, BW<\/p>\n<p>Arbeitstemperatur: -29 \u00b0C bis +560 \u00b0C.<\/p>\n<p>Funktionsweise: Handrad, Getriebe, elektrischer Antrieb, pneumatischer Antrieb usw.<\/p>\n<p>&nbsp;<\/p>\n<table class=\"ke-zeroborder\" border=\"0\" cellspacing=\"0\">\n<tbody>\n<tr>\n<td valign=\"center\" width=\"112\">Marke<\/td>\n<td valign=\"center\" width=\"770\">Zeco<\/td>\n<\/tr>\n<tr>\n<td valign=\"center\" width=\"112\">Ventil Typ<\/td>\n<td valign=\"center\" width=\"770\">Druckdichtes Schieberventil<\/td>\n<\/tr>\n<tr>\n<td valign=\"center\" width=\"112\">Ventilmaterial<\/td>\n<td valign=\"center\" width=\"770\">Stahlguss, Edelstahl, Sonderlegierungen usw.<\/td>\n<\/tr>\n<tr>\n<td valign=\"center\" width=\"112\">Ventiltest<\/td>\n<td valign=\"center\" width=\"770\">100% Menge vor Auslieferung getestet<\/td>\n<\/tr>\n<tr>\n<td valign=\"center\" width=\"112\">Ventilgarantie<\/td>\n<td valign=\"center\" width=\"770\">18 Monate ab Versanddatum ab Werk oder 12 Monate ab Installationsdatum der Ware.<\/td>\n<\/tr>\n<tr>\n<td valign=\"center\" width=\"112\">Ventillackierung<\/td>\n<td valign=\"center\" width=\"770\">Kundenanfrage<\/td>\n<\/tr>\n<tr>\n<td valign=\"center\" width=\"112\">Ventilpaket<\/td>\n<td valign=\"center\" width=\"770\">Holzkiste<\/td>\n<\/tr>\n<tr>\n<td valign=\"center\" width=\"112\">Mindestbestellmenge<\/td>\n<td valign=\"center\" width=\"770\">Keine Anforderung<\/td>\n<\/tr>\n<tr>\n<td valign=\"center\" width=\"112\">Ventilzertifikat<\/td>\n<td valign=\"center\" width=\"770\">API 6D\/CE\/ISO9001\/ISO14001<\/td>\n<\/tr>\n<tr>\n<td valign=\"center\" width=\"112\">Lieferdetails<\/td>\n<td valign=\"center\" width=\"770\">Versand innerhalb von 4 oder 6 Wochen nach Zahlungseingang<\/td>\n<\/tr>\n<tr>\n<td valign=\"center\" width=\"112\">Hafen<\/td>\n<td valign=\"center\" width=\"770\">SCHANGHAI<\/td>\n<\/tr>\n<tr>\n<td valign=\"center\" width=\"112\">Zahlungsbedingungen<\/td>\n<td valign=\"center\" width=\"770\">L\/C, D\/A, D\/P, T\/T<\/td>\n<\/tr>\n<tr>\n<td valign=\"center\" width=\"112\">Zertifikat angeboten<\/td>\n<td valign=\"center\" width=\"770\">Packliste, Handelsrechnung, Pr\u00fcfberichte und Materialzertifikate, Qualit\u00e4ts- und Quantit\u00e4tszertifikat, Garantiezertifikat des Verk\u00e4ufers<\/td>\n<\/tr>\n<\/tbody>\n<\/table>\n<p><img loading=\"lazy\" decoding=\"async\" class=\"alignnone size-medium wp-image-17528\" src=\"https:\/\/zecovalve.com\/wp-content\/uploads\/2022\/06\/20190205155834_8781-300x182.jpg\" alt=\"\" width=\"300\" height=\"182\" srcset=\"https:\/\/zecovalve.com\/wp-content\/uploads\/2022\/06\/20190205155834_8781-300x182.jpg 300w, https:\/\/zecovalve.com\/wp-content\/uploads\/2022\/06\/20190205155834_8781-600x365.jpg 600w, https:\/\/zecovalve.com\/wp-content\/uploads\/2022\/06\/20190205155834_8781.jpg 750w\" sizes=\"auto, (max-width: 300px) 100vw, 300px\" \/><\/p>\n<\/div>\n<\/div>\n<\/div>\n<\/div>\n<\/div>","protected":false},"excerpt":{"rendered":"<p>&nbsp; Druckdichte Schieberventile Die druckdichten Schieberventile von Zeco sind f\u00fcr Anwendungen mit hohem Druck und hohen Temperaturen in allen Arten von \u2026 vorgesehen. <a title=\"Druckdichtes Schieberventil\" class=\"read-more\" href=\"https:\/\/zecovalve.com\/de\/produkt\/pressure-seal-gate-valve\" aria-label=\"Mehr zu Pressure Seal Gate Valve\">Weiterlesen ...<\/a><\/p>","protected":false},"featured_media":27900,"comment_status":"closed","ping_status":"closed","template":"","meta":{"_generate-full-width-content":"","kt_blocks_editor_width":""},"product_cat":[2052,2456],"product_tag":[2658,2766,2727,2798,2723],"class_list":["post-17527","product","type-product","status-publish","has-post-thumbnail","hentry","product_cat-gate-valve","product_cat-gate-valve-by-form","product_tag-isolation-valve","product_tag-motorised-valve","product_tag-motorized-valve","product_tag-osy-valve","product_tag-what-is-a-valve","sales-flash-overlay","woocommerce-text-align-center","woocommerce-image-align-center","do-quantity-buttons"],"featured_image_src_large":["https:\/\/zecovalve.com\/wp-content\/uploads\/2022\/06\/Pressure-Seal-Gate-Valve-1.jpg",800,600,false],"author_info":[],"comment_info":0,"taxonomy_info":{"product_cat":[{"value":2052,"label":"Gate Valve"},{"value":2456,"label":"Gate Valve By Form"}],"product_tag":[{"value":2658,"label":"Isolation Valve"},{"value":2766,"label":"Motorised Valve"},{"value":2727,"label":"Motorized Valve"},{"value":2798,"label":"OS&amp;Y Valve"},{"value":2723,"label":"What is a Valve"}]},"yoast_head":"<!-- This site is optimized with the Yoast SEO Premium plugin v15.4 - https:\/\/yoast.com\/wordpress\/plugins\/seo\/ -->\n<title>Pressure Seal Gate Valve - ZECO Valve<\/title>\n<meta name=\"robots\" content=\"index, follow, max-snippet:-1, max-image-preview:large, max-video-preview:-1\" \/>\n<link rel=\"canonical\" href=\"https:\/\/zecovalve.com\/de\/produkt\/pressure-seal-gate-valve\" \/>\n<meta property=\"og:locale\" content=\"de_DE\" \/>\n<meta property=\"og:type\" content=\"article\" \/>\n<meta property=\"og:title\" content=\"Pressure Seal Gate Valve - ZECO Valve\" \/>\n<meta property=\"og:description\" content=\"&nbsp; Pressure Seal Gate Valve Zeco&#8217;s pressure seal gate valves are intended for high pressure, high temperature applications in all types of ... Weiterlesen ...\" \/>\n<meta property=\"og:url\" content=\"https:\/\/zecovalve.com\/de\/produkt\/pressure-seal-gate-valve\" \/>\n<meta property=\"og:site_name\" content=\"ZECO Valve\" \/>\n<meta property=\"article:modified_time\" content=\"2023-06-15T13:15:47+00:00\" \/>\n<meta property=\"og:image\" content=\"https:\/\/zecovalve.com\/wp-content\/uploads\/2022\/06\/Pressure-Seal-Gate-Valve-1.jpg\" \/>\n\t<meta property=\"og:image:width\" content=\"800\" \/>\n\t<meta property=\"og:image:height\" content=\"600\" \/>\n<meta name=\"twitter:card\" content=\"summary_large_image\" \/>\n<meta name=\"twitter:label1\" content=\"Verfasst von\">\n\t<meta name=\"twitter:data1\" content=\"Jerry\">\n\t<meta name=\"twitter:label2\" content=\"Gesch\u00e4tzte Lesezeit\">\n\t<meta name=\"twitter:data2\" content=\"1\u00a0Minute\">\n<script type=\"application\/ld+json\" class=\"yoast-schema-graph\">{\"@context\":\"https:\/\/schema.org\",\"@graph\":[{\"@type\":\"WebSite\",\"@id\":\"https:\/\/zecovalve.com\/#website\",\"url\":\"https:\/\/zecovalve.com\/\",\"name\":\"ZECO Valve\",\"description\":\"Industrial Ball Valve, Gate Valve and Globe Valve Manufacturer\",\"potentialAction\":[{\"@type\":\"SearchAction\",\"target\":\"https:\/\/zecovalve.com\/?s={search_term_string}\",\"query-input\":\"required name=search_term_string\"}],\"inLanguage\":\"de\"},{\"@type\":\"ImageObject\",\"@id\":\"https:\/\/zecovalve.com\/product\/pressure-seal-gate-valve#primaryimage\",\"inLanguage\":\"de\",\"url\":\"https:\/\/zecovalve.com\/wp-content\/uploads\/2022\/06\/Pressure-Seal-Gate-Valve-1.jpg\",\"width\":800,\"height\":600,\"caption\":\"Pressure Seal Gate Valve\"},{\"@type\":\"WebPage\",\"@id\":\"https:\/\/zecovalve.com\/product\/pressure-seal-gate-valve#webpage\",\"url\":\"https:\/\/zecovalve.com\/product\/pressure-seal-gate-valve\",\"name\":\"Pressure Seal Gate Valve - ZECO Valve\",\"isPartOf\":{\"@id\":\"https:\/\/zecovalve.com\/#website\"},\"primaryImageOfPage\":{\"@id\":\"https:\/\/zecovalve.com\/product\/pressure-seal-gate-valve#primaryimage\"},\"datePublished\":\"2022-06-28T02:59:39+00:00\",\"dateModified\":\"2023-06-15T13:15:47+00:00\",\"breadcrumb\":{\"@id\":\"https:\/\/zecovalve.com\/product\/pressure-seal-gate-valve#breadcrumb\"},\"inLanguage\":\"de\",\"potentialAction\":[{\"@type\":\"ReadAction\",\"target\":[\"https:\/\/zecovalve.com\/product\/pressure-seal-gate-valve\"]}]},{\"@type\":\"BreadcrumbList\",\"@id\":\"https:\/\/zecovalve.com\/product\/pressure-seal-gate-valve#breadcrumb\",\"itemListElement\":[{\"@type\":\"ListItem\",\"position\":1,\"item\":{\"@type\":\"WebPage\",\"@id\":\"https:\/\/zecovalve.com\/\",\"url\":\"https:\/\/zecovalve.com\/\",\"name\":\"Home\"}},{\"@type\":\"ListItem\",\"position\":2,\"item\":{\"@type\":\"WebPage\",\"@id\":\"https:\/\/zecovalve.com\/product-category\",\"url\":\"https:\/\/zecovalve.com\/product-category\",\"name\":\"Industrial Valve Manufacturer | Water Valve Manufacturer\"}},{\"@type\":\"ListItem\",\"position\":3,\"item\":{\"@type\":\"WebPage\",\"@id\":\"https:\/\/zecovalve.com\/product\/pressure-seal-gate-valve\",\"url\":\"https:\/\/zecovalve.com\/product\/pressure-seal-gate-valve\",\"name\":\"Pressure Seal Gate Valve\"}}]}]}<\/script>\n<!-- \/ Yoast SEO Premium plugin. -->","_links":{"self":[{"href":"https:\/\/zecovalve.com\/de\/wp-json\/wp\/v2\/product\/17527","targetHints":{"allow":["GET"]}}],"collection":[{"href":"https:\/\/zecovalve.com\/de\/wp-json\/wp\/v2\/product"}],"about":[{"href":"https:\/\/zecovalve.com\/de\/wp-json\/wp\/v2\/types\/product"}],"replies":[{"embeddable":true,"href":"https:\/\/zecovalve.com\/de\/wp-json\/wp\/v2\/comments?post=17527"}],"wp:featuredmedia":[{"embeddable":true,"href":"https:\/\/zecovalve.com\/de\/wp-json\/wp\/v2\/media\/27900"}],"wp:attachment":[{"href":"https:\/\/zecovalve.com\/de\/wp-json\/wp\/v2\/media?parent=17527"}],"wp:term":[{"taxonomy":"product_cat","embeddable":true,"href":"https:\/\/zecovalve.com\/de\/wp-json\/wp\/v2\/product_cat?post=17527"},{"taxonomy":"product_tag","embeddable":true,"href":"https:\/\/zecovalve.com\/de\/wp-json\/wp\/v2\/product_tag?post=17527"}],"curies":[{"name":"wp","href":"https:\/\/api.w.org\/{rel}","templated":true}]}}