{"id":17549,"date":"2022-06-28T03:30:30","date_gmt":"2022-06-28T03:30:30","guid":{"rendered":"https:\/\/zecovalve.com\/?post_type=product&#038;p=17549"},"modified":"2022-09-22T06:29:24","modified_gmt":"2022-09-22T06:29:24","slug":"forged-steel-floating-ball-valve","status":"publish","type":"product","link":"https:\/\/zecovalve.com\/de\/produkt\/forged-steel-floating-ball-valve","title":{"rendered":"Schwimmender Kugelhahn aus Schmiedestahl"},"content":{"rendered":"<div class=\"col-xs-12\">\n<div class=\"rbt\">\n<h1>Schwimmender Kugelhahn aus Schmiedestahl<\/h1>\n<\/div>\n<\/div>\n<div class=\"text\">\n<div id=\"productdetail\">\n<div id=\"productdetail_img\" class=\"col-md-5 col-sm-6 col-xs-12\">\n<div class=\"product\">\n<figure id=\"attachment_17551\" aria-describedby=\"caption-attachment-17551\" style=\"width: 290px\" class=\"wp-caption alignnone\"><img loading=\"lazy\" decoding=\"async\" class=\"size-medium wp-image-17551\" src=\"https:\/\/zecovalve.com\/wp-content\/uploads\/2022\/06\/\u672a\u6807\u9898-2-110908-300x225.jpg\" alt=\"Schwimmender Kugelhahn aus Schmiedestahl\" width=\"300\" height=\"225\" srcset=\"https:\/\/zecovalve.com\/wp-content\/uploads\/2022\/06\/\u672a\u6807\u9898-2-110908-300x225.jpg 300w, https:\/\/zecovalve.com\/wp-content\/uploads\/2022\/06\/\u672a\u6807\u9898-2-110908-768x576.jpg 768w, https:\/\/zecovalve.com\/wp-content\/uploads\/2022\/06\/\u672a\u6807\u9898-2-110908-600x450.jpg 600w, https:\/\/zecovalve.com\/wp-content\/uploads\/2022\/06\/\u672a\u6807\u9898-2-110908.jpg 800w\" sizes=\"auto, (max-width: 300px) 100vw, 300px\" \/><figcaption id=\"caption-attachment-17551\" class=\"wp-caption-text\">Schwimmender Kugelhahn aus Schmiedestahl<\/figcaption><\/figure>\n<\/div>\n<\/div>\n<div id=\"productdetail_txt\" class=\"col-md-7 col-sm-6 col-xs-12\">\n<p><strong>Schwimmender Kugelhahn aus Schmiedestahl<\/strong>Das Schmiedekugelventil von Zeco verf\u00fcgt \u00fcber eine schwimmende Kugel, die von zwei Ventilsitzen getragen wird.<\/p>\n<\/div>\n<\/div>\n<div id=\"myTabContent\" class=\"tab-content\">\n<div id=\"page1\" class=\"tab-pane fade in active\">\n<div class=\"col-xs-12\">\n<div class=\"\">\n<h2 align=\"justify\"><strong>Prinzip<\/strong><strong>:<\/strong><strong>\u00a0<\/strong><\/h2>\n<p align=\"justify\">Diese Art von Schmiedekugelhahn hat eine schwimmende Kugel, die von zwei Ventilsitzen getragen wird. Unter dem Einfluss des Mediumsdrucks kann die Kugel selbst eine gewisse Verschiebung erzeugen, um auf den Sitzdichtring am Auslass gedr\u00fcckt zu werden und so die Dichtheit am Auslass zu gew\u00e4hrleisten.<\/p>\n<h2 align=\"justify\"><strong>Eigenschaften<\/strong><strong>:<\/strong><\/h2>\n<p align=\"justify\">1. Einfache Struktur mit guter Dichtheit und geringem Drehmoment;<\/p>\n<p align=\"justify\">2. Es gibt einen Typ mit reduzierter Bohrung und einen Typ mit vollem Durchgang und minimalem Str\u00f6mungswiderstand (tats\u00e4chlich Null).<\/p>\n<p align=\"justify\">3. Verpackung mit geringen Emissionen;<\/p>\n<p align=\"justify\">4. Feuersicheres, antistatisches und ausblassicheres Schaftdesign;<\/p>\n<p align=\"justify\">5. Optionale Verriegelungsvorrichtung.<\/p>\n<h2 align=\"justify\"><strong>Produktauswahl:<\/strong><\/h2>\n<p>K\u00f6rpermaterial: Kohlenstoffstahl, Edelstahl, legierter Stahl<\/p>\n<p>Nenndurchmesser: 1\/2\u2033\uff5e6\u2033 (DN15~DN150)<\/p>\n<p>Endverbindung: RF, RTJ, BW, THR, SW<\/p>\n<p>Druckbereich: Klasse 150 \u2013 2500 (PN16 \u2013 PN420)<\/p>\n<p>Bedienung: Schraubenschl\u00fcssel, Schneckengetriebe, elektrisch usw.<\/p>\n<table class=\"ke-zeroborder\" border=\"0\" cellspacing=\"0\">\n<tbody>\n<tr>\n<td valign=\"center\" width=\"112\">Marke<\/td>\n<td valign=\"center\" width=\"770\">Zeco<\/td>\n<\/tr>\n<tr>\n<td valign=\"center\" width=\"112\">Ventil Typ<\/td>\n<td valign=\"center\" width=\"770\">Schwimmender Kugelhahn aus geschmiedetem Stahl<\/td>\n<\/tr>\n<tr>\n<td valign=\"center\" width=\"112\">Ventilmaterial<\/td>\n<td valign=\"center\" width=\"770\">Stahlguss, Edelstahl, Sonderlegierungen usw.<\/td>\n<\/tr>\n<tr>\n<td valign=\"center\" width=\"112\">Ventiltest<\/td>\n<td valign=\"center\" width=\"770\">100% Menge vor Auslieferung getestet<\/td>\n<\/tr>\n<tr>\n<td valign=\"center\" width=\"112\">Ventilgarantie<\/td>\n<td valign=\"center\" width=\"770\">18 Monate ab Versanddatum ab Werk oder 12 Monate ab Installationsdatum der Ware.<\/td>\n<\/tr>\n<tr>\n<td valign=\"center\" width=\"112\">Ventillackierung<\/td>\n<td valign=\"center\" width=\"770\">Kundenanfrage<\/td>\n<\/tr>\n<tr>\n<td valign=\"center\" width=\"112\">Ventilpaket<\/td>\n<td valign=\"center\" width=\"770\">Holzkiste<\/td>\n<\/tr>\n<tr>\n<td valign=\"center\" width=\"112\">Mindestbestellmenge<\/td>\n<td valign=\"center\" width=\"770\">Keine Anforderung<\/td>\n<\/tr>\n<tr>\n<td valign=\"center\" width=\"112\">Ventilzertifikat<\/td>\n<td valign=\"center\" width=\"770\">API 6D\/CE\/ISO9001\/ISO14001<\/td>\n<\/tr>\n<tr>\n<td valign=\"center\" width=\"112\">Lieferdetails<\/td>\n<td valign=\"center\" width=\"770\">Versand innerhalb von 4 oder 6 Wochen nach Zahlungseingang<\/td>\n<\/tr>\n<tr>\n<td valign=\"center\" width=\"112\">Hafen<\/td>\n<td valign=\"center\" width=\"770\">SCHANGHAI<\/td>\n<\/tr>\n<tr>\n<td valign=\"center\" width=\"112\">Zahlungsbedingungen<\/td>\n<td valign=\"center\" width=\"770\">L\/C, D\/A, D\/P, T\/T<\/td>\n<\/tr>\n<tr>\n<td valign=\"center\" width=\"112\">Zertifikat angeboten<\/td>\n<td valign=\"center\" width=\"770\">Packliste, Handelsrechnung, Pr\u00fcfberichte und Materialzertifikate, Qualit\u00e4ts- und Quantit\u00e4tszertifikat, Garantiezertifikat des Verk\u00e4ufers<\/td>\n<\/tr>\n<\/tbody>\n<\/table>\n<p align=\"justify\"><img loading=\"lazy\" decoding=\"async\" class=\"alignnone size-medium wp-image-17553\" src=\"https:\/\/zecovalve.com\/wp-content\/uploads\/2022\/06\/20190202141829_1415-300x182.jpg\" alt=\"\" width=\"300\" height=\"182\" srcset=\"https:\/\/zecovalve.com\/wp-content\/uploads\/2022\/06\/20190202141829_1415-300x182.jpg 300w, https:\/\/zecovalve.com\/wp-content\/uploads\/2022\/06\/20190202141829_1415-600x365.jpg 600w, https:\/\/zecovalve.com\/wp-content\/uploads\/2022\/06\/20190202141829_1415.jpg 750w\" sizes=\"auto, (max-width: 300px) 100vw, 300px\" \/><\/p>\n<\/div>\n<\/div>\n<\/div>\n<\/div>\n<\/div>","protected":false},"excerpt":{"rendered":"<p>Schwimmendes Kugelventil aus geschmiedetem Stahl Schwimmendes Kugelventil aus geschmiedetem StahlDas geschmiedete Kugelventil von Zeco hat eine schwimmende Kugel, die von zwei Ventilsitzen getragen wird. \u2026 <a title=\"Schwimmender Kugelhahn aus Schmiedestahl\" class=\"read-more\" href=\"https:\/\/zecovalve.com\/de\/produkt\/forged-steel-floating-ball-valve\" aria-label=\"Mehr zu Geschmiedeter schwimmender Kugelhahn aus Stahl\">Weiterlesen ...<\/a><\/p>","protected":false},"featured_media":17551,"comment_status":"closed","ping_status":"closed","template":"","meta":{"_generate-full-width-content":"","kt_blocks_editor_width":""},"product_cat":[2047,2465],"product_tag":[2804,3920,2658,3922,3921],"class_list":["post-17549","product","type-product","status-publish","has-post-thumbnail","hentry","product_cat-ball-valve","product_cat-forged-steel-ball-valve","product_tag-2-inch-ball-valve","product_tag-api-6d-ball-valve","product_tag-isolation-valve","product_tag-metal-seat-ball-valve","product_tag-metal-seated-ball-valve","sales-flash-overlay","woocommerce-text-align-center","woocommerce-image-align-center","do-quantity-buttons"],"featured_image_src_large":["https:\/\/zecovalve.com\/wp-content\/uploads\/2022\/06\/\u672a\u6807\u9898-2-110908.jpg",800,600,false],"author_info":[],"comment_info":0,"taxonomy_info":{"product_cat":[{"value":2047,"label":"Ball Valve"},{"value":2465,"label":"Forged Ball Valve"}],"product_tag":[{"value":2804,"label":"2 inch Ball Valve"},{"value":3920,"label":"API 6D Ball Valve"},{"value":2658,"label":"Isolation Valve"},{"value":3922,"label":"Metal Seat Ball Valve"},{"value":3921,"label":"Metal Seated Ball Valve"}]},"yoast_head":"<!-- This site is optimized with the Yoast SEO Premium plugin v15.4 - https:\/\/yoast.com\/wordpress\/plugins\/seo\/ -->\n<title>Forged Steel Floating Ball Valve - ZECO Valve<\/title>\n<meta name=\"robots\" content=\"index, follow, max-snippet:-1, max-image-preview:large, max-video-preview:-1\" \/>\n<link rel=\"canonical\" href=\"https:\/\/zecovalve.com\/de\/produkt\/forged-steel-floating-ball-valve\" \/>\n<meta property=\"og:locale\" content=\"de_DE\" \/>\n<meta property=\"og:type\" content=\"article\" \/>\n<meta property=\"og:title\" content=\"Forged Steel Floating Ball Valve - ZECO Valve\" \/>\n<meta property=\"og:description\" content=\"Forged Steel Floating Ball Valve Forged Steel Floating Ball ValveZeco&#8217;s \u00a0forging ball valve has a floating ball supported by two valve seats. ... Weiterlesen ...\" \/>\n<meta property=\"og:url\" content=\"https:\/\/zecovalve.com\/de\/produkt\/forged-steel-floating-ball-valve\" \/>\n<meta property=\"og:site_name\" content=\"ZECO Valve\" \/>\n<meta property=\"article:modified_time\" content=\"2022-09-22T06:29:24+00:00\" \/>\n<meta property=\"og:image\" content=\"https:\/\/zecovalve.com\/wp-content\/uploads\/2022\/06\/\u672a\u6807\u9898-2-110908.jpg\" \/>\n\t<meta property=\"og:image:width\" content=\"800\" \/>\n\t<meta property=\"og:image:height\" content=\"600\" \/>\n<meta name=\"twitter:card\" content=\"summary_large_image\" \/>\n<meta name=\"twitter:label1\" content=\"Verfasst von\">\n\t<meta name=\"twitter:data1\" content=\"Jerry\">\n\t<meta name=\"twitter:label2\" content=\"Gesch\u00e4tzte Lesezeit\">\n\t<meta name=\"twitter:data2\" content=\"1\u00a0Minute\">\n<script type=\"application\/ld+json\" class=\"yoast-schema-graph\">{\"@context\":\"https:\/\/schema.org\",\"@graph\":[{\"@type\":\"WebSite\",\"@id\":\"https:\/\/zecovalve.com\/#website\",\"url\":\"https:\/\/zecovalve.com\/\",\"name\":\"ZECO Valve\",\"description\":\"Industrial Ball Valve, Gate Valve and Globe Valve Manufacturer\",\"potentialAction\":[{\"@type\":\"SearchAction\",\"target\":\"https:\/\/zecovalve.com\/?s={search_term_string}\",\"query-input\":\"required name=search_term_string\"}],\"inLanguage\":\"de\"},{\"@type\":\"ImageObject\",\"@id\":\"https:\/\/zecovalve.com\/product\/forged-steel-floating-ball-valve#primaryimage\",\"inLanguage\":\"de\",\"url\":\"https:\/\/zecovalve.com\/wp-content\/uploads\/2022\/06\/\\u672a\\u6807\\u9898-2-110908.jpg\",\"width\":800,\"height\":600,\"caption\":\"Forged Steel Floating Ball Valve\"},{\"@type\":\"WebPage\",\"@id\":\"https:\/\/zecovalve.com\/product\/forged-steel-floating-ball-valve#webpage\",\"url\":\"https:\/\/zecovalve.com\/product\/forged-steel-floating-ball-valve\",\"name\":\"Forged Steel Floating Ball Valve - ZECO Valve\",\"isPartOf\":{\"@id\":\"https:\/\/zecovalve.com\/#website\"},\"primaryImageOfPage\":{\"@id\":\"https:\/\/zecovalve.com\/product\/forged-steel-floating-ball-valve#primaryimage\"},\"datePublished\":\"2022-06-28T03:30:30+00:00\",\"dateModified\":\"2022-09-22T06:29:24+00:00\",\"breadcrumb\":{\"@id\":\"https:\/\/zecovalve.com\/product\/forged-steel-floating-ball-valve#breadcrumb\"},\"inLanguage\":\"de\",\"potentialAction\":[{\"@type\":\"ReadAction\",\"target\":[\"https:\/\/zecovalve.com\/product\/forged-steel-floating-ball-valve\"]}]},{\"@type\":\"BreadcrumbList\",\"@id\":\"https:\/\/zecovalve.com\/product\/forged-steel-floating-ball-valve#breadcrumb\",\"itemListElement\":[{\"@type\":\"ListItem\",\"position\":1,\"item\":{\"@type\":\"WebPage\",\"@id\":\"https:\/\/zecovalve.com\/\",\"url\":\"https:\/\/zecovalve.com\/\",\"name\":\"Home\"}},{\"@type\":\"ListItem\",\"position\":2,\"item\":{\"@type\":\"WebPage\",\"@id\":\"https:\/\/zecovalve.com\/product-category\",\"url\":\"https:\/\/zecovalve.com\/product-category\",\"name\":\"Industrial Valve Manufacturer | Water Valve Manufacturer\"}},{\"@type\":\"ListItem\",\"position\":3,\"item\":{\"@type\":\"WebPage\",\"@id\":\"https:\/\/zecovalve.com\/product\/forged-steel-floating-ball-valve\",\"url\":\"https:\/\/zecovalve.com\/product\/forged-steel-floating-ball-valve\",\"name\":\"Forged Steel Floating Ball Valve\"}}]}]}<\/script>\n<!-- \/ Yoast SEO Premium plugin. -->","_links":{"self":[{"href":"https:\/\/zecovalve.com\/de\/wp-json\/wp\/v2\/product\/17549","targetHints":{"allow":["GET"]}}],"collection":[{"href":"https:\/\/zecovalve.com\/de\/wp-json\/wp\/v2\/product"}],"about":[{"href":"https:\/\/zecovalve.com\/de\/wp-json\/wp\/v2\/types\/product"}],"replies":[{"embeddable":true,"href":"https:\/\/zecovalve.com\/de\/wp-json\/wp\/v2\/comments?post=17549"}],"wp:featuredmedia":[{"embeddable":true,"href":"https:\/\/zecovalve.com\/de\/wp-json\/wp\/v2\/media\/17551"}],"wp:attachment":[{"href":"https:\/\/zecovalve.com\/de\/wp-json\/wp\/v2\/media?parent=17549"}],"wp:term":[{"taxonomy":"product_cat","embeddable":true,"href":"https:\/\/zecovalve.com\/de\/wp-json\/wp\/v2\/product_cat?post=17549"},{"taxonomy":"product_tag","embeddable":true,"href":"https:\/\/zecovalve.com\/de\/wp-json\/wp\/v2\/product_tag?post=17549"}],"curies":[{"name":"wp","href":"https:\/\/api.w.org\/{rel}","templated":true}]}}