{"id":17555,"date":"2022-06-28T03:44:53","date_gmt":"2022-06-28T03:44:53","guid":{"rendered":"https:\/\/zecovalve.com\/?post_type=product&#038;p=17555"},"modified":"2022-06-29T06:15:55","modified_gmt":"2022-06-29T06:15:55","slug":"dbb-monoflange-ball-valve","status":"publish","type":"product","link":"https:\/\/zecovalve.com\/de\/produkt\/dbb-monoflange-ball-valve","title":{"rendered":"DBB Monoflansch-Kugelhahn"},"content":{"rendered":"<div class=\"col-xs-12\">\n<div class=\"rbt\">\n<h1>DBB Monoflansch-Kugelhahn<\/h1>\n<\/div>\n<\/div>\n<div class=\"text\">\n<div id=\"productdetail\">\n<div class=\"col-xs-12\">\n<div class=\"underline-solid\"><\/div>\n<\/div>\n<div id=\"productdetail_img\" class=\"col-md-5 col-sm-6 col-xs-12\">\n<div class=\"product\">\n<figure id=\"attachment_17556\" aria-describedby=\"caption-attachment-17556\" style=\"width: 290px\" class=\"wp-caption alignnone\"><img loading=\"lazy\" decoding=\"async\" class=\"size-medium wp-image-17556\" src=\"https:\/\/zecovalve.com\/wp-content\/uploads\/2022\/06\/\u672a\u6807\u9898-2-122546-300x225.jpg\" alt=\"DBB Monoflansch-Kugelhahn\" width=\"300\" height=\"225\" srcset=\"https:\/\/zecovalve.com\/wp-content\/uploads\/2022\/06\/\u672a\u6807\u9898-2-122546-300x225.jpg 300w, https:\/\/zecovalve.com\/wp-content\/uploads\/2022\/06\/\u672a\u6807\u9898-2-122546-768x576.jpg 768w, https:\/\/zecovalve.com\/wp-content\/uploads\/2022\/06\/\u672a\u6807\u9898-2-122546-600x450.jpg 600w, https:\/\/zecovalve.com\/wp-content\/uploads\/2022\/06\/\u672a\u6807\u9898-2-122546.jpg 800w\" sizes=\"auto, (max-width: 300px) 100vw, 300px\" \/><figcaption id=\"caption-attachment-17556\" class=\"wp-caption-text\">DBB Monoflansch-Kugelhahn<\/figcaption><\/figure>\n<\/div>\n<\/div>\n<p class=\"col-md-7 col-sm-6 col-xs-12\"><strong>DBB Monoflansch-Kugelhahn<\/strong><\/p>\n<p>Doppelte Blockierung und Entl\u00fcftung, Nadelkonfiguration, Monoflanschventil mit Flanscheinlass und Gewindeauslass- und Entl\u00fcftungsanschl\u00fcssen unter Verwendung von Metall-Metall-Sitz und Ventildeckel-K\u00f6rper-Verbindung f\u00fcr hervorragende, blasenfreie Abdichtung bei extremen Dr\u00fccken und Temperaturen.<\/p>\n<\/div>\n<div id=\"myTabContent\" class=\"tab-content\">\n<div id=\"page1\" class=\"tab-pane fade in active\">\n<div class=\"col-xs-12\">\n<div class=\"\">\n<h2 align=\"justify\"><b>Prinzip:<\/b><b><\/b><\/h2>\n<p>Doppelte Blockierung und Entl\u00fcftung, Nadelkonfiguration, Monoflanschventil mit Flanscheinlass und Gewindeauslass- und Entl\u00fcftungsanschl\u00fcssen unter Verwendung von Metall-Metall-Sitz und Ventildeckel-K\u00f6rper-Verbindung f\u00fcr \u00fcberlegene, blasendichte Abdichtungsm\u00f6glichkeiten bei sowohl extremen Dr\u00fccken als auch extremen Temperaturen.<\/p>\n<h2 align=\"justify\"><b>Merkmale:<\/b><b><\/b><\/h2>\n<p align=\"justify\">1. ASME B16.5 Flansch-Einlassanschl\u00fcsse in den Gr\u00f6\u00dfen 1\/2&quot; bis 2&quot;;<\/p>\n<p align=\"justify\">2. Standard 1\/2&quot; NPT Innengewinde Ausgang;<\/p>\n<p align=\"justify\">3. Entl\u00fcftungsanschluss 1\/2&quot; NPT weiblich mit Sechskantstopfen ist Standard;<\/p>\n<p align=\"justify\">4. OS&amp;Y mit Graphitpackung ist Standard, optional PTFE;<\/p>\n<p align=\"justify\">5. Nadelventil mit PTFE-Packung ist Standard, Graphit optional;<\/p>\n<h2 align=\"justify\"><strong>Produktauswahl:<\/strong><\/h2>\n<p>K\u00f6rpermaterial: Kohlenstoffstahl, Edelstahl, legierter Stahl<\/p>\n<p>Nenndurchmesser: 1\/2\u201d\uff5e2\u201d<\/p>\n<p>Druckbereich: Klasse 150 \u2013 2500<\/p>\n<p>Endanschluss: Flansch zu NPTF<\/p>\n<p>Betriebstemperatur: -46 \u00b0C bis +200 \u00b0C.<\/p>\n<p>Bet\u00e4tigung: Schraubenschl\u00fcssel, Schneckengetriebe, elektrischer, pneumatischer, Gas-\u00fcber-\u00d6l-Antrieb und elektrohydraulischer Antrieb<\/p>\n<p>&nbsp;<\/p>\n<table class=\"ke-zeroborder\" border=\"0\" cellspacing=\"0\">\n<tbody>\n<tr>\n<td valign=\"center\" width=\"112\">Marke<\/td>\n<td valign=\"center\" width=\"770\">Zeco<\/td>\n<\/tr>\n<tr>\n<td valign=\"center\" width=\"112\">Ventil Typ<\/td>\n<td valign=\"center\" width=\"770\">DBB Monoflansch-Kugelhahn<\/td>\n<\/tr>\n<tr>\n<td valign=\"center\" width=\"112\">Ventilmaterial<\/td>\n<td valign=\"center\" width=\"770\">Stahlguss, Edelstahl, Sonderlegierungen usw.<\/td>\n<\/tr>\n<tr>\n<td valign=\"center\" width=\"112\">Ventiltest<\/td>\n<td valign=\"center\" width=\"770\">100% Menge vor Auslieferung getestet<\/td>\n<\/tr>\n<tr>\n<td valign=\"center\" width=\"112\">Ventilgarantie<\/td>\n<td valign=\"center\" width=\"770\">18 Monate ab Versanddatum ab Werk oder 12 Monate ab Installationsdatum der Ware.<\/td>\n<\/tr>\n<tr>\n<td valign=\"center\" width=\"112\">Ventillackierung<\/td>\n<td valign=\"center\" width=\"770\">Kundenanfrage<\/td>\n<\/tr>\n<tr>\n<td valign=\"center\" width=\"112\">Ventilpaket<\/td>\n<td valign=\"center\" width=\"770\">Holzkiste<\/td>\n<\/tr>\n<tr>\n<td valign=\"center\" width=\"112\">Mindestbestellmenge<\/td>\n<td valign=\"center\" width=\"770\">Keine Anforderung<\/td>\n<\/tr>\n<tr>\n<td valign=\"center\" width=\"112\">Ventilzertifikat<\/td>\n<td valign=\"center\" width=\"770\">API 6D\/CE\/ISO9001\/ISO14001<\/td>\n<\/tr>\n<tr>\n<td valign=\"center\" width=\"112\">Lieferdetails<\/td>\n<td valign=\"center\" width=\"770\">Versand innerhalb von 4 oder 6 Wochen nach Zahlungseingang<\/td>\n<\/tr>\n<tr>\n<td valign=\"center\" width=\"112\">Hafen<\/td>\n<td valign=\"center\" width=\"770\">SCHANGHAI<\/td>\n<\/tr>\n<tr>\n<td valign=\"center\" width=\"112\">Zahlungsbedingungen<\/td>\n<td valign=\"center\" width=\"770\">L\/C, D\/A, D\/P, T\/T<\/td>\n<\/tr>\n<tr>\n<td valign=\"center\" width=\"112\">Zertifikat angeboten<\/td>\n<td valign=\"center\" width=\"770\">Packliste, Handelsrechnung, Testberichte und Materialzertifikate, Qualit\u00e4ts- und Quantit\u00e4tszertifikat, Garantiezertifikat des Verk\u00e4ufers<\/td>\n<\/tr>\n<\/tbody>\n<\/table>\n<p><img loading=\"lazy\" decoding=\"async\" class=\"alignnone size-medium wp-image-17557\" src=\"https:\/\/zecovalve.com\/wp-content\/uploads\/2022\/06\/20190207052109_4488-300x182.jpg\" alt=\"\" width=\"300\" height=\"182\" srcset=\"https:\/\/zecovalve.com\/wp-content\/uploads\/2022\/06\/20190207052109_4488-300x182.jpg 300w, https:\/\/zecovalve.com\/wp-content\/uploads\/2022\/06\/20190207052109_4488-600x365.jpg 600w, https:\/\/zecovalve.com\/wp-content\/uploads\/2022\/06\/20190207052109_4488.jpg 750w\" sizes=\"auto, (max-width: 300px) 100vw, 300px\" \/><\/p>\n<\/div>\n<\/div>\n<\/div>\n<\/div>\n<\/div>","protected":false},"excerpt":{"rendered":"<p>DBB-Monoflansch-Kugelhahn DBB-Monoflansch-Kugelhahn mit Doppelblock und Entl\u00fcftung, Nadelkonfiguration, Monoflanschhahn mit Flanscheinlass und Gewindeauslass \u2026 <a title=\"DBB Monoflansch-Kugelhahn\" class=\"read-more\" href=\"https:\/\/zecovalve.com\/de\/produkt\/dbb-monoflange-ball-valve\" aria-label=\"Mehr zu DBB Monoflange Ball Valve\">Weiterlesen ...<\/a><\/p>","protected":false},"featured_media":17556,"comment_status":"closed","ping_status":"closed","template":"","meta":{"_generate-full-width-content":"","kt_blocks_editor_width":""},"product_cat":[2047,2459],"product_tag":[2655,2656],"class_list":["post-17555","product","type-product","status-publish","has-post-thumbnail","hentry","product_cat-ball-valve","product_cat-ball-valve-by-form","product_tag-1-2-ball-valve","product_tag-3-4-ball-valve","sales-flash-overlay","woocommerce-text-align-center","woocommerce-image-align-center","do-quantity-buttons"],"featured_image_src_large":["https:\/\/zecovalve.com\/wp-content\/uploads\/2022\/06\/\u672a\u6807\u9898-2-122546.jpg",800,600,false],"author_info":[],"comment_info":0,"taxonomy_info":{"product_cat":[{"value":2047,"label":"Ball Valve"},{"value":2459,"label":"Ball Valve By Form"}],"product_tag":[{"value":2655,"label":"1 2 ball valve"},{"value":2656,"label":"3 4 ball valve"}]},"yoast_head":"<!-- This site is optimized with the Yoast SEO Premium plugin v15.4 - https:\/\/yoast.com\/wordpress\/plugins\/seo\/ -->\n<title>DBB Monoflange Ball Valve - ZECO Valve<\/title>\n<meta name=\"robots\" content=\"index, follow, max-snippet:-1, max-image-preview:large, max-video-preview:-1\" \/>\n<link rel=\"canonical\" href=\"https:\/\/zecovalve.com\/de\/produkt\/dbb-monoflange-ball-valve\" \/>\n<meta property=\"og:locale\" content=\"de_DE\" \/>\n<meta property=\"og:type\" content=\"article\" \/>\n<meta property=\"og:title\" content=\"DBB Monoflange Ball Valve - ZECO Valve\" \/>\n<meta property=\"og:description\" content=\"DBB Monoflange Ball Valve DBB Monoflange Ball Valve Double Block and Bleed, Needle configuration, monoflange valve with flanged inlet, and threaded outlet ... Weiterlesen ...\" \/>\n<meta property=\"og:url\" content=\"https:\/\/zecovalve.com\/de\/produkt\/dbb-monoflange-ball-valve\" \/>\n<meta property=\"og:site_name\" content=\"ZECO Valve\" \/>\n<meta property=\"article:modified_time\" content=\"2022-06-29T06:15:55+00:00\" \/>\n<meta property=\"og:image\" content=\"https:\/\/zecovalve.com\/wp-content\/uploads\/2022\/06\/\u672a\u6807\u9898-2-122546.jpg\" \/>\n\t<meta property=\"og:image:width\" content=\"800\" \/>\n\t<meta property=\"og:image:height\" content=\"600\" \/>\n<meta name=\"twitter:card\" content=\"summary_large_image\" \/>\n<meta name=\"twitter:label1\" content=\"Verfasst von\">\n\t<meta name=\"twitter:data1\" content=\"Jerry\">\n\t<meta name=\"twitter:label2\" content=\"Gesch\u00e4tzte Lesezeit\">\n\t<meta name=\"twitter:data2\" content=\"1\u00a0Minute\">\n<script type=\"application\/ld+json\" class=\"yoast-schema-graph\">{\"@context\":\"https:\/\/schema.org\",\"@graph\":[{\"@type\":\"WebSite\",\"@id\":\"https:\/\/zecovalve.com\/#website\",\"url\":\"https:\/\/zecovalve.com\/\",\"name\":\"ZECO Valve\",\"description\":\"Industrial Ball Valve, Gate Valve and Globe Valve Manufacturer\",\"potentialAction\":[{\"@type\":\"SearchAction\",\"target\":\"https:\/\/zecovalve.com\/?s={search_term_string}\",\"query-input\":\"required name=search_term_string\"}],\"inLanguage\":\"de\"},{\"@type\":\"ImageObject\",\"@id\":\"https:\/\/zecovalve.com\/product\/dbb-monoflange-ball-valve#primaryimage\",\"inLanguage\":\"de\",\"url\":\"https:\/\/zecovalve.com\/wp-content\/uploads\/2022\/06\/\\u672a\\u6807\\u9898-2-122546.jpg\",\"width\":800,\"height\":600,\"caption\":\"DBB Monoflange Ball Valve\"},{\"@type\":\"WebPage\",\"@id\":\"https:\/\/zecovalve.com\/product\/dbb-monoflange-ball-valve#webpage\",\"url\":\"https:\/\/zecovalve.com\/product\/dbb-monoflange-ball-valve\",\"name\":\"DBB Monoflange Ball Valve - ZECO Valve\",\"isPartOf\":{\"@id\":\"https:\/\/zecovalve.com\/#website\"},\"primaryImageOfPage\":{\"@id\":\"https:\/\/zecovalve.com\/product\/dbb-monoflange-ball-valve#primaryimage\"},\"datePublished\":\"2022-06-28T03:44:53+00:00\",\"dateModified\":\"2022-06-29T06:15:55+00:00\",\"breadcrumb\":{\"@id\":\"https:\/\/zecovalve.com\/product\/dbb-monoflange-ball-valve#breadcrumb\"},\"inLanguage\":\"de\",\"potentialAction\":[{\"@type\":\"ReadAction\",\"target\":[\"https:\/\/zecovalve.com\/product\/dbb-monoflange-ball-valve\"]}]},{\"@type\":\"BreadcrumbList\",\"@id\":\"https:\/\/zecovalve.com\/product\/dbb-monoflange-ball-valve#breadcrumb\",\"itemListElement\":[{\"@type\":\"ListItem\",\"position\":1,\"item\":{\"@type\":\"WebPage\",\"@id\":\"https:\/\/zecovalve.com\/\",\"url\":\"https:\/\/zecovalve.com\/\",\"name\":\"Home\"}},{\"@type\":\"ListItem\",\"position\":2,\"item\":{\"@type\":\"WebPage\",\"@id\":\"https:\/\/zecovalve.com\/product-category\",\"url\":\"https:\/\/zecovalve.com\/product-category\",\"name\":\"Industrial Valve Manufacturer | Water Valve Manufacturer\"}},{\"@type\":\"ListItem\",\"position\":3,\"item\":{\"@type\":\"WebPage\",\"@id\":\"https:\/\/zecovalve.com\/product\/dbb-monoflange-ball-valve\",\"url\":\"https:\/\/zecovalve.com\/product\/dbb-monoflange-ball-valve\",\"name\":\"DBB Monoflange Ball Valve\"}}]}]}<\/script>\n<!-- \/ Yoast SEO Premium plugin. -->","_links":{"self":[{"href":"https:\/\/zecovalve.com\/de\/wp-json\/wp\/v2\/product\/17555","targetHints":{"allow":["GET"]}}],"collection":[{"href":"https:\/\/zecovalve.com\/de\/wp-json\/wp\/v2\/product"}],"about":[{"href":"https:\/\/zecovalve.com\/de\/wp-json\/wp\/v2\/types\/product"}],"replies":[{"embeddable":true,"href":"https:\/\/zecovalve.com\/de\/wp-json\/wp\/v2\/comments?post=17555"}],"wp:featuredmedia":[{"embeddable":true,"href":"https:\/\/zecovalve.com\/de\/wp-json\/wp\/v2\/media\/17556"}],"wp:attachment":[{"href":"https:\/\/zecovalve.com\/de\/wp-json\/wp\/v2\/media?parent=17555"}],"wp:term":[{"taxonomy":"product_cat","embeddable":true,"href":"https:\/\/zecovalve.com\/de\/wp-json\/wp\/v2\/product_cat?post=17555"},{"taxonomy":"product_tag","embeddable":true,"href":"https:\/\/zecovalve.com\/de\/wp-json\/wp\/v2\/product_tag?post=17555"}],"curies":[{"name":"wp","href":"https:\/\/api.w.org\/{rel}","templated":true}]}}