{"id":17931,"date":"2022-07-01T06:26:49","date_gmt":"2022-07-01T06:26:49","guid":{"rendered":"https:\/\/zecovalve.com\/?post_type=product&#038;p=17931"},"modified":"2023-06-17T03:03:04","modified_gmt":"2023-06-17T03:03:04","slug":"wafer-swing-check-valve","status":"publish","type":"product","link":"https:\/\/zecovalve.com\/de\/produkt\/wafer-swing-check-valve","title":{"rendered":"Zwischenflansch-R\u00fcckschlagventil"},"content":{"rendered":"<p>Das Wafer Swing Check Valve verdankt seinen Namen seinem hauchd\u00fcnnen Design. Diese Ventile sind schlank und passen in enge R\u00e4ume zwischen zwei Flanschen. Dieses Ventil hat keine Bedienelemente. Die Hauptkomponente des Ventils ist eine schwingende Scheibe in der Mitte, die sich in eine Richtung \u00f6ffnet und schlie\u00dft, wenn Fl\u00fcssigkeiten in die andere Richtung zur\u00fcckflie\u00dfen.<\/p>\n<p><img loading=\"lazy\" decoding=\"async\" class=\"wp-image-27937 size-medium\" src=\"https:\/\/zecovalve.com\/wp-content\/uploads\/2022\/07\/Wafer-Swing-Check-Valve-2-300x225.jpg\" alt=\"Zwischenflansch-R\u00fcckschlagventil\" width=\"300\" height=\"225\" srcset=\"https:\/\/zecovalve.com\/wp-content\/uploads\/2022\/07\/Wafer-Swing-Check-Valve-2-300x225.jpg 300w, https:\/\/zecovalve.com\/wp-content\/uploads\/2022\/07\/Wafer-Swing-Check-Valve-2-768x576.jpg 768w, https:\/\/zecovalve.com\/wp-content\/uploads\/2022\/07\/Wafer-Swing-Check-Valve-2-600x450.jpg 600w, https:\/\/zecovalve.com\/wp-content\/uploads\/2022\/07\/Wafer-Swing-Check-Valve-2.jpg 800w\" sizes=\"auto, (max-width: 300px) 100vw, 300px\" \/><\/p>\n<h2>Wie funktioniert ein Wafer-R\u00fcckschlagventil?<\/h2>\n<p>Das scheibenf\u00f6rmige Profil des Ventils macht es zu einer hervorragenden Wahl f\u00fcr Systeme, die kurze Entnahmel\u00e4ngen erfordern. Scheibenr\u00fcckschlagventile funktionieren \u00e4hnlich wie R\u00fcckschlagklappen. Wie R\u00fcckschlagklappen bestehen Scheibenr\u00fcckschlagventile aus einer Scheibe und einem Sitz. Wenn Material in eine Richtung flie\u00dft, hebt der Fluss die Scheibe vom Sitz. Dadurch kann das Material durch das Ventil flie\u00dfen. Wenn der Fluss durch das Ventil die Richtung umkehrt, dr\u00fcckt der Materialfluss die Scheibe zur\u00fcck in den Sitz und schlie\u00dft so das Ventil vom Materialfluss ab.<br \/>\nWafer-R\u00fcckschlagventile sind so konzipiert, dass sie schlank sind und kaum verstopfen. Diese Konstruktion macht sie ideal f\u00fcr den Einsatz mit Materialien, die feste Partikel oder Schmutz enthalten. Dieser Ventiltyp kann entweder vertikal oder horizontal montiert werden, solange der zum Einrasten des R\u00fcckschlagventils erforderliche Gegendruck ausreichend ist. Es sind Mechanismen verf\u00fcgbar, die bei unzureichendem Gegendruck als Hilfsventile dienen.<\/p>\n<h2>Anwendungen von Wafer-R\u00fcckschlagventilen<\/h2>\n<ul>\n<li>Dampf<\/li>\n<li>Warmes und kaltes Wasser<\/li>\n<li>Energie- und W\u00e4rmetechnik<\/li>\n<li>Luft unter Druck<\/li>\n<li>Industrielle Technologien<\/li>\n<li>Fl\u00fcssigkeiten ohne S\u00e4ure- oder Alkalinit\u00e4tseigenschaften<\/li>\n<\/ul>\n<h2>Vorteile des Wafer-R\u00fcckschlagventils<\/h2>\n<ul>\n<li>Minimiert die Rohrleitungsunterst\u00fctzung durch das kompakte Wafergeh\u00e4use. Diese Reihe von Wafer-R\u00fcckschlagventilen ist zwei- bis dreimal leichter als herk\u00f6mmliche R\u00fcckschlagventile mit vollem Geh\u00e4use.<\/li>\n<li>Um speziellen Anwendungen und Betriebsbedingungen gerecht zu werden, k\u00f6nnen diese Ventile mit vielen verschiedenen Optionen angeboten werden, wie z. B. silikonfreie Reinigung, Sauerstoffreinigung, vertikaler Betrieb, Linksbedienung, Hebel, Gewichte und D\u00e4mpfung.<\/li>\n<li>F\u00fcr Medien, die faserige Stoffe oder \u00e4tzende Substanzen enthalten, bieten diese eine externe Feder, die die Feder aus dem Str\u00f6mungsweg entfernt. Dadurch wird verhindert, dass sich Fasern um die Feder wickeln oder die Feder chemisch angegriffen wird.<\/li>\n<li>Dank des vor Ort austauschbaren O-Ring-Sitzes, der in allen Ausf\u00fchrungen und Gr\u00f6\u00dfen erh\u00e4ltlich ist, ist der Wartungsaufwand minimal.<\/li>\n<\/ul>","protected":false},"excerpt":{"rendered":"<p>Das Wafer Swing Check Valve verdankt seinen Namen seinem hauchd\u00fcnnen Design. Diese Ventile sind schlank und passen in enge R\u00e4ume \u2026 <a title=\"Zwischenflansch-R\u00fcckschlagventil\" class=\"read-more\" href=\"https:\/\/zecovalve.com\/de\/produkt\/wafer-swing-check-valve\" aria-label=\"Mehr zu Wafer Swing Check Valve\">Weiterlesen ...<\/a><\/p>","protected":false},"featured_media":27937,"comment_status":"closed","ping_status":"closed","template":"","meta":{"_generate-full-width-content":"","kt_blocks_editor_width":""},"product_cat":[2455,2067,2442],"product_tag":[2657,2661,2660,2725,2723],"class_list":["post-17931","product","type-product","status-publish","has-post-thumbnail","hentry","product_cat-check-valve","product_cat-swing-check-valve","product_cat-wafer-check-valve","product_tag-non-return-valve","product_tag-nrv-valve","product_tag-swing-check-valve","product_tag-wafer-check-valve","product_tag-what-is-a-valve","sales-flash-overlay","woocommerce-text-align-center","woocommerce-image-align-center","do-quantity-buttons"],"featured_image_src_large":["https:\/\/zecovalve.com\/wp-content\/uploads\/2022\/07\/Wafer-Swing-Check-Valve-2.jpg",800,600,false],"author_info":[],"comment_info":0,"taxonomy_info":{"product_cat":[{"value":2455,"label":"Check Valve"},{"value":2067,"label":"Swing Check Valve"},{"value":2442,"label":"Wafer Check Valve"}],"product_tag":[{"value":2657,"label":"Non Return Valve"},{"value":2661,"label":"NRV Valve"},{"value":2660,"label":"Swing Check Valve"},{"value":2725,"label":"Wafer Check Valve"},{"value":2723,"label":"What is a Valve"}]},"yoast_head":"<!-- This site is optimized with the Yoast SEO Premium plugin v15.4 - https:\/\/yoast.com\/wordpress\/plugins\/seo\/ -->\n<title>Wafer Swing Check Valve - ZECO Valve<\/title>\n<meta name=\"robots\" content=\"index, follow, max-snippet:-1, max-image-preview:large, max-video-preview:-1\" \/>\n<link rel=\"canonical\" href=\"https:\/\/zecovalve.com\/de\/produkt\/wafer-swing-check-valve\" \/>\n<meta property=\"og:locale\" content=\"de_DE\" \/>\n<meta property=\"og:type\" content=\"article\" \/>\n<meta property=\"og:title\" content=\"Wafer Swing Check Valve - ZECO Valve\" \/>\n<meta property=\"og:description\" content=\"Wafer Swing Check Valve gets its name from its wafer-thin design. These valves are sleek and made to fit in tight spaces ... Weiterlesen ...\" \/>\n<meta property=\"og:url\" content=\"https:\/\/zecovalve.com\/de\/produkt\/wafer-swing-check-valve\" \/>\n<meta property=\"og:site_name\" content=\"ZECO Valve\" \/>\n<meta property=\"article:modified_time\" content=\"2023-06-17T03:03:04+00:00\" \/>\n<meta property=\"og:image\" content=\"https:\/\/zecovalve.com\/wp-content\/uploads\/2022\/07\/Wafer-Swing-Check-Valve-2.jpg\" \/>\n\t<meta property=\"og:image:width\" content=\"800\" \/>\n\t<meta property=\"og:image:height\" content=\"600\" \/>\n<meta name=\"twitter:card\" content=\"summary_large_image\" \/>\n<meta name=\"twitter:label1\" content=\"Verfasst von\">\n\t<meta name=\"twitter:data1\" content=\"Jerry\">\n\t<meta name=\"twitter:label2\" content=\"Gesch\u00e4tzte Lesezeit\">\n\t<meta name=\"twitter:data2\" content=\"1\u00a0Minute\">\n<script type=\"application\/ld+json\" class=\"yoast-schema-graph\">{\"@context\":\"https:\/\/schema.org\",\"@graph\":[{\"@type\":\"WebSite\",\"@id\":\"https:\/\/zecovalve.com\/#website\",\"url\":\"https:\/\/zecovalve.com\/\",\"name\":\"ZECO Valve\",\"description\":\"Industrial Ball Valve, Gate Valve and Globe Valve Manufacturer\",\"potentialAction\":[{\"@type\":\"SearchAction\",\"target\":\"https:\/\/zecovalve.com\/?s={search_term_string}\",\"query-input\":\"required name=search_term_string\"}],\"inLanguage\":\"de\"},{\"@type\":\"ImageObject\",\"@id\":\"https:\/\/zecovalve.com\/product\/wafer-swing-check-valve#primaryimage\",\"inLanguage\":\"de\",\"url\":\"https:\/\/zecovalve.com\/wp-content\/uploads\/2022\/07\/Wafer-Swing-Check-Valve-2.jpg\",\"width\":800,\"height\":600,\"caption\":\"Wafer Swing Check Valve\"},{\"@type\":\"WebPage\",\"@id\":\"https:\/\/zecovalve.com\/product\/wafer-swing-check-valve#webpage\",\"url\":\"https:\/\/zecovalve.com\/product\/wafer-swing-check-valve\",\"name\":\"Wafer Swing Check Valve - ZECO Valve\",\"isPartOf\":{\"@id\":\"https:\/\/zecovalve.com\/#website\"},\"primaryImageOfPage\":{\"@id\":\"https:\/\/zecovalve.com\/product\/wafer-swing-check-valve#primaryimage\"},\"datePublished\":\"2022-07-01T06:26:49+00:00\",\"dateModified\":\"2023-06-17T03:03:04+00:00\",\"breadcrumb\":{\"@id\":\"https:\/\/zecovalve.com\/product\/wafer-swing-check-valve#breadcrumb\"},\"inLanguage\":\"de\",\"potentialAction\":[{\"@type\":\"ReadAction\",\"target\":[\"https:\/\/zecovalve.com\/product\/wafer-swing-check-valve\"]}]},{\"@type\":\"BreadcrumbList\",\"@id\":\"https:\/\/zecovalve.com\/product\/wafer-swing-check-valve#breadcrumb\",\"itemListElement\":[{\"@type\":\"ListItem\",\"position\":1,\"item\":{\"@type\":\"WebPage\",\"@id\":\"https:\/\/zecovalve.com\/\",\"url\":\"https:\/\/zecovalve.com\/\",\"name\":\"Home\"}},{\"@type\":\"ListItem\",\"position\":2,\"item\":{\"@type\":\"WebPage\",\"@id\":\"https:\/\/zecovalve.com\/product-category\",\"url\":\"https:\/\/zecovalve.com\/product-category\",\"name\":\"Industrial Valve Manufacturer | Water Valve Manufacturer\"}},{\"@type\":\"ListItem\",\"position\":3,\"item\":{\"@type\":\"WebPage\",\"@id\":\"https:\/\/zecovalve.com\/product\/wafer-swing-check-valve\",\"url\":\"https:\/\/zecovalve.com\/product\/wafer-swing-check-valve\",\"name\":\"Wafer Swing Check Valve\"}}]}]}<\/script>\n<!-- \/ Yoast SEO Premium plugin. -->","_links":{"self":[{"href":"https:\/\/zecovalve.com\/de\/wp-json\/wp\/v2\/product\/17931","targetHints":{"allow":["GET"]}}],"collection":[{"href":"https:\/\/zecovalve.com\/de\/wp-json\/wp\/v2\/product"}],"about":[{"href":"https:\/\/zecovalve.com\/de\/wp-json\/wp\/v2\/types\/product"}],"replies":[{"embeddable":true,"href":"https:\/\/zecovalve.com\/de\/wp-json\/wp\/v2\/comments?post=17931"}],"wp:featuredmedia":[{"embeddable":true,"href":"https:\/\/zecovalve.com\/de\/wp-json\/wp\/v2\/media\/27937"}],"wp:attachment":[{"href":"https:\/\/zecovalve.com\/de\/wp-json\/wp\/v2\/media?parent=17931"}],"wp:term":[{"taxonomy":"product_cat","embeddable":true,"href":"https:\/\/zecovalve.com\/de\/wp-json\/wp\/v2\/product_cat?post=17931"},{"taxonomy":"product_tag","embeddable":true,"href":"https:\/\/zecovalve.com\/de\/wp-json\/wp\/v2\/product_tag?post=17931"}],"curies":[{"name":"wp","href":"https:\/\/api.w.org\/{rel}","templated":true}]}}