{"id":18002,"date":"2022-07-03T08:08:53","date_gmt":"2022-07-03T08:08:53","guid":{"rendered":"https:\/\/zecovalve.com\/?post_type=product&#038;p=18002"},"modified":"2023-06-16T13:52:24","modified_gmt":"2023-06-16T13:52:24","slug":"dual-plate-check-valve","status":"publish","type":"product","link":"https:\/\/zecovalve.com\/de\/produkt\/dual-plate-check-valve","title":{"rendered":"Doppelplatten-R\u00fcckschlagventil"},"content":{"rendered":"<p><img loading=\"lazy\" decoding=\"async\" class=\"size-medium wp-image-27920\" src=\"https:\/\/zecovalve.com\/wp-content\/uploads\/2022\/07\/Dual-Plate-Check-Valve-1-300x225.jpg\" alt=\"Doppelplatten-R\u00fcckschlagventil\" width=\"300\" height=\"225\" srcset=\"https:\/\/zecovalve.com\/wp-content\/uploads\/2022\/07\/Dual-Plate-Check-Valve-1-300x225.jpg 300w, https:\/\/zecovalve.com\/wp-content\/uploads\/2022\/07\/Dual-Plate-Check-Valve-1-768x576.jpg 768w, https:\/\/zecovalve.com\/wp-content\/uploads\/2022\/07\/Dual-Plate-Check-Valve-1-600x450.jpg 600w, https:\/\/zecovalve.com\/wp-content\/uploads\/2022\/07\/Dual-Plate-Check-Valve-1.jpg 800w\" sizes=\"auto, (max-width: 300px) 100vw, 300px\" \/><\/p>\n<p>Doppelplatten-R\u00fcckschlagventile bestehen aus zwei Scheiben, die durch einen Stift mit dem Ventilk\u00f6rper verbunden sind und durch die Wirkung von Federn bet\u00e4tigt werden. Diese beginnen das Ventil sofort zu schlie\u00dfen, wenn die Fl\u00fcssigkeit stoppt. Sie werden verwendet, um einen R\u00fcckfluss zu verhindern und dienen auch zur Vorbeugung von Wasserschl\u00e4gen.<br \/>\nDoppelplatten-R\u00fcckschlagventile werden aus einer Vielzahl von Materialien hergestellt, darunter Gusseisen, spezielle rostfreie St\u00e4hle usw. Sie k\u00f6nnen eine Weichsitz- oder Metallsitzkonstruktion haben und verf\u00fcgen au\u00dferdem \u00fcber die M\u00f6glichkeit, das Federdrehmoment je nach Anwendung anzupassen, was sie zu einem f\u00fcr allgemeine und spezielle Zwecke geeigneten Produkt macht.<\/p>\n<h2>Merkmale des Doppelplatten-R\u00fcckschlagventils:<\/h2>\n<ol>\n<li>Patentiertes halterloses Design \u2013 Hochintegrierte Abdichtung, erleichtert schnelle Demontage vor Ort;<\/li>\n<li>Zwei unabh\u00e4ngige Sitze \u2013 gleichbleibende Abdichtung auch bei ungleichm\u00e4\u00dfigem Durchfluss;<\/li>\n<li>Das erh\u00f6hte Profil des weichen Sitzes verbessert die Abdichtung;<\/li>\n<li>Integral geformter Liner;<\/li>\n<li>Der Stopperstift verhindert, dass die Scheiben miteinander in Kontakt kommen und beugt so einer Besch\u00e4digung der Scheiben vor. Der Stopperstift verhindert au\u00dferdem ein Versagen der Feder, indem er sicherstellt, dass sich die Scheiben nicht \u00fcber die vollst\u00e4ndig ge\u00f6ffnete Position hinaus bewegen.<\/li>\n<li>F\u00fcr die Gr\u00f6\u00dfen 6 Zoll und gr\u00f6\u00dfer ist eine Hebe\u00f6senschraube optional erh\u00e4ltlich;<\/li>\n<li>Abflussanschl\u00fcsse auf Anfrage erh\u00e4ltlich<\/li>\n<\/ol>\n<h2>Material des Doppelplatten-R\u00fcckschlagventils:<\/h2>\n<table>\n<tbody>\n<tr class=\"firstRow\">\n<td valign=\"center\">Nein<\/td>\n<td valign=\"center\">Teil<\/td>\n<td valign=\"center\">Material<\/td>\n<\/tr>\n<tr>\n<td valign=\"center\">1<\/td>\n<td valign=\"center\">K\u00f6rper<\/td>\n<td valign=\"center\">ASTM A216 WCB<\/td>\n<\/tr>\n<tr>\n<td valign=\"center\">2<\/td>\n<td valign=\"center\">Sitzring<\/td>\n<td valign=\"center\">13Cr<\/td>\n<\/tr>\n<tr>\n<td valign=\"center\">3<\/td>\n<td valign=\"center\">Scheibe<\/td>\n<td valign=\"center\">ASTM A216 WCB<\/td>\n<\/tr>\n<tr>\n<td valign=\"center\">4<\/td>\n<td valign=\"center\">Fr\u00fchling<\/td>\n<td valign=\"center\">InconelX 750<\/td>\n<\/tr>\n<tr>\n<td valign=\"center\">5<\/td>\n<td valign=\"center\">Stift<\/td>\n<td valign=\"center\">ASTM A182 F6a<\/td>\n<\/tr>\n<\/tbody>\n<\/table>","protected":false},"excerpt":{"rendered":"<p>Bestehend aus 2 Scheiben, die durch einen Stift mit dem Ventilk\u00f6rper verbunden sind und durch die Wirkung von Federn bet\u00e4tigt werden, die sofort beginnen \u2026 <a title=\"Doppelplatten-R\u00fcckschlagventil\" class=\"read-more\" href=\"https:\/\/zecovalve.com\/de\/produkt\/dual-plate-check-valve\" aria-label=\"Mehr zu Dual Plate Check Valve\">Weiterlesen ...<\/a><\/p>","protected":false},"featured_media":27920,"comment_status":"closed","ping_status":"closed","template":"","meta":{"_generate-full-width-content":"","kt_blocks_editor_width":""},"product_cat":[2455,2442],"product_tag":[2657,2661,2725],"class_list":["post-18002","product","type-product","status-publish","has-post-thumbnail","hentry","product_cat-check-valve","product_cat-wafer-check-valve","product_tag-non-return-valve","product_tag-nrv-valve","product_tag-wafer-check-valve","sales-flash-overlay","woocommerce-text-align-center","woocommerce-image-align-center","do-quantity-buttons"],"featured_image_src_large":["https:\/\/zecovalve.com\/wp-content\/uploads\/2022\/07\/Dual-Plate-Check-Valve-1.jpg",800,600,false],"author_info":[],"comment_info":0,"taxonomy_info":{"product_cat":[{"value":2455,"label":"Check Valve"},{"value":2442,"label":"Wafer Check Valve"}],"product_tag":[{"value":2657,"label":"Non Return Valve"},{"value":2661,"label":"NRV Valve"},{"value":2725,"label":"Wafer Check Valve"}]},"yoast_head":"<!-- This site is optimized with the Yoast SEO Premium plugin v15.4 - https:\/\/yoast.com\/wordpress\/plugins\/seo\/ -->\n<title>Dual Plate Check Valve - ZECO Valve<\/title>\n<meta name=\"robots\" content=\"index, follow, max-snippet:-1, max-image-preview:large, max-video-preview:-1\" \/>\n<link rel=\"canonical\" href=\"https:\/\/zecovalve.com\/de\/produkt\/dual-plate-check-valve\" \/>\n<meta property=\"og:locale\" content=\"de_DE\" \/>\n<meta property=\"og:type\" content=\"article\" \/>\n<meta property=\"og:title\" content=\"Dual Plate Check Valve - ZECO Valve\" \/>\n<meta property=\"og:description\" content=\"Consisting of 2 discs attached to the valve body by a pin and operated by the action of springs, which immediately start ... Weiterlesen ...\" \/>\n<meta property=\"og:url\" content=\"https:\/\/zecovalve.com\/de\/produkt\/dual-plate-check-valve\" \/>\n<meta property=\"og:site_name\" content=\"ZECO Valve\" \/>\n<meta property=\"article:modified_time\" content=\"2023-06-16T13:52:24+00:00\" \/>\n<meta property=\"og:image\" content=\"https:\/\/zecovalve.com\/wp-content\/uploads\/2022\/07\/Dual-Plate-Check-Valve-1.jpg\" \/>\n\t<meta property=\"og:image:width\" content=\"800\" \/>\n\t<meta property=\"og:image:height\" content=\"600\" \/>\n<meta name=\"twitter:card\" content=\"summary_large_image\" \/>\n<meta name=\"twitter:label1\" content=\"Verfasst von\">\n\t<meta name=\"twitter:data1\" content=\"Jerry\">\n\t<meta name=\"twitter:label2\" content=\"Gesch\u00e4tzte Lesezeit\">\n\t<meta name=\"twitter:data2\" content=\"1\u00a0Minute\">\n<script type=\"application\/ld+json\" class=\"yoast-schema-graph\">{\"@context\":\"https:\/\/schema.org\",\"@graph\":[{\"@type\":\"WebSite\",\"@id\":\"https:\/\/zecovalve.com\/#website\",\"url\":\"https:\/\/zecovalve.com\/\",\"name\":\"ZECO Valve\",\"description\":\"Industrial Ball Valve, Gate Valve and Globe Valve Manufacturer\",\"potentialAction\":[{\"@type\":\"SearchAction\",\"target\":\"https:\/\/zecovalve.com\/?s={search_term_string}\",\"query-input\":\"required name=search_term_string\"}],\"inLanguage\":\"de\"},{\"@type\":\"ImageObject\",\"@id\":\"https:\/\/zecovalve.com\/product\/dual-plate-check-valve#primaryimage\",\"inLanguage\":\"de\",\"url\":\"https:\/\/zecovalve.com\/wp-content\/uploads\/2022\/07\/Dual-Plate-Check-Valve-1.jpg\",\"width\":800,\"height\":600,\"caption\":\"Dual Plate Check Valve\"},{\"@type\":\"WebPage\",\"@id\":\"https:\/\/zecovalve.com\/product\/dual-plate-check-valve#webpage\",\"url\":\"https:\/\/zecovalve.com\/product\/dual-plate-check-valve\",\"name\":\"Dual Plate Check Valve - ZECO Valve\",\"isPartOf\":{\"@id\":\"https:\/\/zecovalve.com\/#website\"},\"primaryImageOfPage\":{\"@id\":\"https:\/\/zecovalve.com\/product\/dual-plate-check-valve#primaryimage\"},\"datePublished\":\"2022-07-03T08:08:53+00:00\",\"dateModified\":\"2023-06-16T13:52:24+00:00\",\"breadcrumb\":{\"@id\":\"https:\/\/zecovalve.com\/product\/dual-plate-check-valve#breadcrumb\"},\"inLanguage\":\"de\",\"potentialAction\":[{\"@type\":\"ReadAction\",\"target\":[\"https:\/\/zecovalve.com\/product\/dual-plate-check-valve\"]}]},{\"@type\":\"BreadcrumbList\",\"@id\":\"https:\/\/zecovalve.com\/product\/dual-plate-check-valve#breadcrumb\",\"itemListElement\":[{\"@type\":\"ListItem\",\"position\":1,\"item\":{\"@type\":\"WebPage\",\"@id\":\"https:\/\/zecovalve.com\/\",\"url\":\"https:\/\/zecovalve.com\/\",\"name\":\"Home\"}},{\"@type\":\"ListItem\",\"position\":2,\"item\":{\"@type\":\"WebPage\",\"@id\":\"https:\/\/zecovalve.com\/product-category\",\"url\":\"https:\/\/zecovalve.com\/product-category\",\"name\":\"Industrial Valve Manufacturer | Water Valve Manufacturer\"}},{\"@type\":\"ListItem\",\"position\":3,\"item\":{\"@type\":\"WebPage\",\"@id\":\"https:\/\/zecovalve.com\/product\/dual-plate-check-valve\",\"url\":\"https:\/\/zecovalve.com\/product\/dual-plate-check-valve\",\"name\":\"Dual Plate Check Valve\"}}]}]}<\/script>\n<!-- \/ Yoast SEO Premium plugin. -->","_links":{"self":[{"href":"https:\/\/zecovalve.com\/de\/wp-json\/wp\/v2\/product\/18002","targetHints":{"allow":["GET"]}}],"collection":[{"href":"https:\/\/zecovalve.com\/de\/wp-json\/wp\/v2\/product"}],"about":[{"href":"https:\/\/zecovalve.com\/de\/wp-json\/wp\/v2\/types\/product"}],"replies":[{"embeddable":true,"href":"https:\/\/zecovalve.com\/de\/wp-json\/wp\/v2\/comments?post=18002"}],"wp:featuredmedia":[{"embeddable":true,"href":"https:\/\/zecovalve.com\/de\/wp-json\/wp\/v2\/media\/27920"}],"wp:attachment":[{"href":"https:\/\/zecovalve.com\/de\/wp-json\/wp\/v2\/media?parent=18002"}],"wp:term":[{"taxonomy":"product_cat","embeddable":true,"href":"https:\/\/zecovalve.com\/de\/wp-json\/wp\/v2\/product_cat?post=18002"},{"taxonomy":"product_tag","embeddable":true,"href":"https:\/\/zecovalve.com\/de\/wp-json\/wp\/v2\/product_tag?post=18002"}],"curies":[{"name":"wp","href":"https:\/\/api.w.org\/{rel}","templated":true}]}}