{"id":18082,"date":"2022-07-06T08:43:40","date_gmt":"2022-07-06T08:43:40","guid":{"rendered":"https:\/\/zecovalve.com\/?post_type=product&#038;p=18082"},"modified":"2023-06-26T06:46:40","modified_gmt":"2023-06-26T06:46:40","slug":"air-vent-valve","status":"publish","type":"product","link":"https:\/\/zecovalve.com\/de\/produkt\/air-vent-valve","title":{"rendered":"Entl\u00fcftungsventil"},"content":{"rendered":"<p>ZECO Valve ist ein professioneller Hersteller von Entl\u00fcftungsventilen<\/p>\r\n\r\n\r\n\r\n<figure id=\"attachment_16152\" class=\"wp-block-image size-full is-resized\"><img loading=\"lazy\" decoding=\"async\" class=\"wp-image-18081\" src=\"https:\/\/zecovalve.com\/wp-content\/uploads\/2022\/07\/Air-Vent-Valve-1.jpg\" alt=\"\" width=\"217\" height=\"198\" srcset=\"https:\/\/zecovalve.com\/wp-content\/uploads\/2022\/07\/Air-Vent-Valve-1.jpg 866w, https:\/\/zecovalve.com\/wp-content\/uploads\/2022\/07\/Air-Vent-Valve-1-300x274.jpg 300w, https:\/\/zecovalve.com\/wp-content\/uploads\/2022\/07\/Air-Vent-Valve-1-768x701.jpg 768w, https:\/\/zecovalve.com\/wp-content\/uploads\/2022\/07\/Air-Vent-Valve-1-600x548.jpg 600w\" sizes=\"auto, (max-width: 217px) 100vw, 217px\" \/><\/figure>\r\n\r\n\r\n<div class=\"gb-button-wrapper gb-button-wrapper-6d8495a3\">\r\n\r\n\r\n<p><a class=\"gb-button gb-button-3d442e11 gb-button-text\" href=\"https:\/\/zecovalve.com\/de\/contact\/\" target=\"_blank\" rel=\"noopener noreferrer\"><strong>VENTILPREIS ERHALTEN<\/strong><\/a><\/p>\r\n<\/div>\r\n\r\n\r\n\r\n\r\n<h2 class=\"wp-block-heading\" id=\"h-what-is-an-air-vent-valve\">Was ist ein Entl\u00fcftungsventil?<\/h2>\r\n\r\n\r\n\r\n<p>Ein Entl\u00fcftungsventil ist eine Sicherheitsvorrichtung, die Luft aus der Wasserversorgungsleitung abl\u00e4sst, um luftbedingte Probleme in den Wasserleitungssystemen zu vermeiden.<\/p>\r\n\r\n\r\n\r\n<h2 class=\"wp-block-heading\">Wie funktioniert ein Entl\u00fcftungsventil?<\/h2>\r\n\r\n\r\n\r\n<p>Wenn beim Start Fl\u00fcssigkeit durch das System gepumpt wird, wird die anf\u00e4ngliche Luft in der Rohrleitung durch den Str\u00f6mungsdruck in das Entl\u00fcftungsventil gedr\u00fcckt. Der Schwimmer bleibt im unteren Teil des Entl\u00fcftungsventils, sodass das Ventil ge\u00f6ffnet bleibt und kontinuierlich Luft abl\u00e4sst.<\/p>\r\n\r\n\r\n\r\n<p>Nach der ersten Entl\u00fcftung str\u00f6mt Fl\u00fcssigkeit in den Entl\u00fcfter. Der Schwimmer steigt mit der steigenden Fl\u00fcssigkeit nach oben und schlie\u00dft das Ventil.<\/p>\r\n\r\n\r\n\r\n<p>Wenn Luft in das Entl\u00fcftungsventil eindringt, w\u00e4hrend es geschlossen ist, sinkt der Fl\u00fcssigkeitsstand und der Schwimmer senkt sich, wodurch sich das Ventil \u00f6ffnen und wieder Luft ablassen kann.<\/p>\r\n\r\n\r\n\r\n<h2 class=\"wp-block-heading\">Wof\u00fcr werden Entl\u00fcftungsventile verwendet?<\/h2>\r\n\r\n\r\n\r\n<ul class=\"wp-block-list\">\r\n<li>Zum Schutz von Rohrleitungsmaterialien und -systemen vor Korrosion durch Luft (Sauerstoff).<\/li>\r\n<li>Zur Vermeidung von Wasserspritzern am Wasserhahn aufgrund vorhandener Luft.<\/li>\r\n<li>Zur Vermeidung von L\u00e4rm durch eindringende Luft in Kalt-\/Warmwasserversorgungsanlagen, Klimaanlagen und anderen Systemen.<\/li>\r\n<li>F\u00fcr einen reibungslosen Start und stabilen Betrieb der Wasserversorgung und anderer Systeme\/Ger\u00e4te durch Luftablass zum Zeitpunkt der ersten Wasserf\u00f6rderung.<\/li>\r\n<\/ul>\r\n\r\n\r\n\r\n<h2 class=\"wp-block-heading\">Anwendungen von Entl\u00fcftungsventilen<\/h2>\r\n\r\n\r\n\r\n<ul class=\"wp-block-list\">\r\n<li>Kalt- und Warmwasserversorgungssystem<\/li>\r\n<li>Warmwasserkessel<\/li>\r\n<li>Solarwarmwassersystem<\/li>\r\n<li>Andere verschiedene Ger\u00e4te<\/li>\r\n<li>Klimaanlage<\/li>\r\n<li>Warmwasserbereiter<\/li>\r\n<li>Drucktank<\/li>\r\n<\/ul>\r\n\r\n\r\n\r\n<h2 class=\"wp-block-heading\" id=\"h-features-of-air-vent-valves\">Merkmale von Entl\u00fcftungsventilen:<\/h2>\r\n\r\n\r\n\r\n<ul class=\"wp-block-list\">\r\n<li>Hohe Qualit\u00e4t: Der Auspuffmechanismus ist sehr zuverl\u00e4ssig und aus hochpr\u00e4zisen Komponenten gegossen<\/li>\r\n<li>Gute Eigenschaften: Dieses Ventil zeichnet sich durch hohe Temperaturbest\u00e4ndigkeit, Rostschutz und zuverl\u00e4ssige Abdichtung aus.<\/li>\r\n<li>Exquisites Design: Die Dampf- und Wassertrennschale ist mit einer speziellen Struktur versehen, um sicherzustellen, dass beim Ablassen kein Wasser austritt. Solange das System unter Druck steht, entl\u00fcftet das Auslassventil weiter.<\/li>\r\n<li>Praktisch: Die Demontage und Wartung ist bequem, da das Wasser im System nicht ausl\u00e4uft, sodass das System nicht geleert werden muss.<\/li>\r\n<li>Die Dampf- und Wassertrennschale verf\u00fcgt \u00fcber eine spezielle Struktur, die sicherstellt, dass beim Ablassen kein Wasser austritt.<\/li>\r\n<\/ul>\r\n\r\n\r\n\r\n<h2 class=\"wp-block-heading\" id=\"h-material-of-air-vent-valves\">Material der Entl\u00fcftungsventile:<\/h2>\r\n\r\n\r\n\r\n<figure class=\"wp-block-table\">\r\n<table>\r\n<tbody>\r\n<tr>\r\n<td>Nein<\/td>\r\n<td>Teil<\/td>\r\n<td>Material<\/td>\r\n<\/tr>\r\n<tr>\r\n<td>1<\/td>\r\n<td>K\u00f6rper<\/td>\r\n<td>Messing CW 617N<\/td>\r\n<\/tr>\r\n<tr>\r\n<td>2<\/td>\r\n<td>Motorhaube<\/td>\r\n<td>Messing CW 617N<\/td>\r\n<\/tr>\r\n<tr>\r\n<td>3<\/td>\r\n<td>Schweben<\/td>\r\n<td>Polyethylen<\/td>\r\n<\/tr>\r\n<tr>\r\n<td>4<\/td>\r\n<td>Deckel<\/td>\r\n<td>Polyethylen<\/td>\r\n<\/tr>\r\n<tr>\r\n<td>5<\/td>\r\n<td>Waschmaschine<\/td>\r\n<td>Messing<\/td>\r\n<\/tr>\r\n<tr>\r\n<td>6<\/td>\r\n<td>Kreuzung<\/td>\r\n<td>Acetalharz<\/td>\r\n<\/tr>\r\n<tr>\r\n<td>7<\/td>\r\n<td>Hebel<\/td>\r\n<td>Acetalharz<\/td>\r\n<\/tr>\r\n<tr>\r\n<td>8<\/td>\r\n<td>Stoppen<\/td>\r\n<td>Acetalharz<\/td>\r\n<\/tr>\r\n<\/tbody>\r\n<\/table>\r\n<\/figure>","protected":false},"excerpt":{"rendered":"<p>ZECO Valve ist ein professioneller Hersteller von Entl\u00fcftungsventilen. Was ist ein Entl\u00fcftungsventil? Ein Entl\u00fcftungsventil ist ein Sicherheitsventil \u2026 <a title=\"Entl\u00fcftungsventil\" class=\"read-more\" href=\"https:\/\/zecovalve.com\/de\/produkt\/air-vent-valve\" aria-label=\"Mehr zu Air Vent Valve\">Weiterlesen ...<\/a><\/p>","protected":false},"featured_media":27971,"comment_status":"closed","ping_status":"closed","template":"","meta":{"_generate-full-width-content":"","kt_blocks_editor_width":""},"product_cat":[2520],"product_tag":[2796,2654,2765],"class_list":["post-18082","product","type-product","status-publish","has-post-thumbnail","hentry","product_cat-air-valve","product_tag-air-vent-valve","product_tag-hvac-valve","product_tag-vent-valve","sales-flash-overlay","woocommerce-text-align-center","woocommerce-image-align-center","do-quantity-buttons"],"featured_image_src_large":["https:\/\/zecovalve.com\/wp-content\/uploads\/2022\/07\/Air-Vent-Valve-2.jpg",800,600,false],"author_info":[],"comment_info":0,"taxonomy_info":{"product_cat":[{"value":2520,"label":"Air Valve Manufacturer and Supplier"}],"product_tag":[{"value":2796,"label":"Air Vent Valve"},{"value":2654,"label":"HVAC Valve"},{"value":2765,"label":"Vent Valve"}]},"yoast_head":"<!-- This site is optimized with the Yoast SEO Premium plugin v15.4 - https:\/\/yoast.com\/wordpress\/plugins\/seo\/ -->\n<title>Air Vent Valve - Vent Valve Manufacturer | ZECO Valve<\/title>\n<meta name=\"robots\" content=\"index, follow, max-snippet:-1, max-image-preview:large, max-video-preview:-1\" \/>\n<link rel=\"canonical\" href=\"https:\/\/zecovalve.com\/de\/produkt\/air-vent-valve\" \/>\n<meta property=\"og:locale\" content=\"de_DE\" \/>\n<meta property=\"og:type\" content=\"article\" \/>\n<meta property=\"og:title\" content=\"Air Vent Valve - Vent Valve Manufacturer | ZECO Valve\" \/>\n<meta property=\"og:description\" content=\"ZECO Valve is an professional Air Vent Valve manufacturer What is an Air Vent Valve? An air vent valve is a safety ... Weiterlesen ...\" \/>\n<meta property=\"og:url\" content=\"https:\/\/zecovalve.com\/de\/produkt\/air-vent-valve\" \/>\n<meta property=\"og:site_name\" content=\"ZECO Valve\" \/>\n<meta property=\"article:modified_time\" content=\"2023-06-26T06:46:40+00:00\" \/>\n<meta property=\"og:image\" content=\"https:\/\/zecovalve.com\/wp-content\/uploads\/2022\/07\/Air-Vent-Valve-2.jpg\" \/>\n\t<meta property=\"og:image:width\" content=\"800\" \/>\n\t<meta property=\"og:image:height\" content=\"600\" \/>\n<meta name=\"twitter:card\" content=\"summary_large_image\" \/>\n<meta name=\"twitter:label1\" content=\"Verfasst von\">\n\t<meta name=\"twitter:data1\" content=\"Jerry\">\n\t<meta name=\"twitter:label2\" content=\"Gesch\u00e4tzte Lesezeit\">\n\t<meta name=\"twitter:data2\" content=\"2\u00a0Minuten\">\n<script type=\"application\/ld+json\" class=\"yoast-schema-graph\">{\"@context\":\"https:\/\/schema.org\",\"@graph\":[{\"@type\":\"WebSite\",\"@id\":\"https:\/\/zecovalve.com\/#website\",\"url\":\"https:\/\/zecovalve.com\/\",\"name\":\"ZECO Valve\",\"description\":\"Industrial Ball Valve, Gate Valve and Globe Valve Manufacturer\",\"potentialAction\":[{\"@type\":\"SearchAction\",\"target\":\"https:\/\/zecovalve.com\/?s={search_term_string}\",\"query-input\":\"required name=search_term_string\"}],\"inLanguage\":\"de\"},{\"@type\":\"ImageObject\",\"@id\":\"https:\/\/zecovalve.com\/product\/air-vent-valve#primaryimage\",\"inLanguage\":\"de\",\"url\":\"https:\/\/zecovalve.com\/wp-content\/uploads\/2022\/07\/Air-Vent-Valve-2.jpg\",\"width\":800,\"height\":600,\"caption\":\"Air Vent Valve\"},{\"@type\":\"WebPage\",\"@id\":\"https:\/\/zecovalve.com\/product\/air-vent-valve#webpage\",\"url\":\"https:\/\/zecovalve.com\/product\/air-vent-valve\",\"name\":\"Air Vent Valve - Vent Valve Manufacturer | ZECO Valve\",\"isPartOf\":{\"@id\":\"https:\/\/zecovalve.com\/#website\"},\"primaryImageOfPage\":{\"@id\":\"https:\/\/zecovalve.com\/product\/air-vent-valve#primaryimage\"},\"datePublished\":\"2022-07-06T08:43:40+00:00\",\"dateModified\":\"2023-06-26T06:46:40+00:00\",\"breadcrumb\":{\"@id\":\"https:\/\/zecovalve.com\/product\/air-vent-valve#breadcrumb\"},\"inLanguage\":\"de\",\"potentialAction\":[{\"@type\":\"ReadAction\",\"target\":[\"https:\/\/zecovalve.com\/product\/air-vent-valve\"]}]},{\"@type\":\"BreadcrumbList\",\"@id\":\"https:\/\/zecovalve.com\/product\/air-vent-valve#breadcrumb\",\"itemListElement\":[{\"@type\":\"ListItem\",\"position\":1,\"item\":{\"@type\":\"WebPage\",\"@id\":\"https:\/\/zecovalve.com\/\",\"url\":\"https:\/\/zecovalve.com\/\",\"name\":\"Home\"}},{\"@type\":\"ListItem\",\"position\":2,\"item\":{\"@type\":\"WebPage\",\"@id\":\"https:\/\/zecovalve.com\/product-category\",\"url\":\"https:\/\/zecovalve.com\/product-category\",\"name\":\"Industrial Valve Manufacturer | Water Valve Manufacturer\"}},{\"@type\":\"ListItem\",\"position\":3,\"item\":{\"@type\":\"WebPage\",\"@id\":\"https:\/\/zecovalve.com\/product\/air-vent-valve\",\"url\":\"https:\/\/zecovalve.com\/product\/air-vent-valve\",\"name\":\"Air Vent Valve\"}}]}]}<\/script>\n<!-- \/ Yoast SEO Premium plugin. -->","_links":{"self":[{"href":"https:\/\/zecovalve.com\/de\/wp-json\/wp\/v2\/product\/18082","targetHints":{"allow":["GET"]}}],"collection":[{"href":"https:\/\/zecovalve.com\/de\/wp-json\/wp\/v2\/product"}],"about":[{"href":"https:\/\/zecovalve.com\/de\/wp-json\/wp\/v2\/types\/product"}],"replies":[{"embeddable":true,"href":"https:\/\/zecovalve.com\/de\/wp-json\/wp\/v2\/comments?post=18082"}],"wp:featuredmedia":[{"embeddable":true,"href":"https:\/\/zecovalve.com\/de\/wp-json\/wp\/v2\/media\/27971"}],"wp:attachment":[{"href":"https:\/\/zecovalve.com\/de\/wp-json\/wp\/v2\/media?parent=18082"}],"wp:term":[{"taxonomy":"product_cat","embeddable":true,"href":"https:\/\/zecovalve.com\/de\/wp-json\/wp\/v2\/product_cat?post=18082"},{"taxonomy":"product_tag","embeddable":true,"href":"https:\/\/zecovalve.com\/de\/wp-json\/wp\/v2\/product_tag?post=18082"}],"curies":[{"name":"wp","href":"https:\/\/api.w.org\/{rel}","templated":true}]}}