{"id":19481,"date":"2022-07-09T14:47:01","date_gmt":"2022-07-09T14:47:01","guid":{"rendered":"https:\/\/zecovalve.com\/?post_type=product&#038;p=19481"},"modified":"2022-07-14T06:31:38","modified_gmt":"2022-07-14T06:31:38","slug":"brass-ball-valve","status":"publish","type":"product","link":"https:\/\/zecovalve.com\/de\/produkt\/brass-ball-valve","title":{"rendered":"3\/4\u2033 Messing-Kugelhahn"},"content":{"rendered":"<p>3\/4-Zoll-Messingkugelhahn mit (Innen-\/Au\u00dfen-)Gewinde verwendet eine Metallkugel mit einem in der Mitte gebohrten Loch, die zwischen zwei Sitzen eingeklemmt ist, um den Durchfluss zu steuern.<\/p>\r\n\r\n\r\n\r\n<figure class=\"wp-block-image size-full is-resized\"><img loading=\"lazy\" decoding=\"async\" class=\"wp-image-19482\" src=\"https:\/\/zecovalve.com\/wp-content\/uploads\/2022\/07\/Globe-Valve-Check-Valve.jpg\" alt=\"\" width=\"400\" height=\"300\" srcset=\"https:\/\/zecovalve.com\/wp-content\/uploads\/2022\/07\/Globe-Valve-Check-Valve.jpg 800w, https:\/\/zecovalve.com\/wp-content\/uploads\/2022\/07\/Globe-Valve-Check-Valve-300x225.jpg 300w, https:\/\/zecovalve.com\/wp-content\/uploads\/2022\/07\/Globe-Valve-Check-Valve-768x576.jpg 768w, https:\/\/zecovalve.com\/wp-content\/uploads\/2022\/07\/Globe-Valve-Check-Valve-600x450.jpg 600w\" sizes=\"auto, (max-width: 400px) 100vw, 400px\" \/><\/figure>\r\n\r\n\r\n<div class=\"gb-button-wrapper gb-button-wrapper-6d8495a3\">\r\n\r\n\r\n<p><a class=\"gb-button gb-button-3d442e11 gb-button-text\" href=\"https:\/\/zecovalve.com\/de\/contact\/\" target=\"_blank\" rel=\"noopener noreferrer\"><strong>ERHALTEN SIE DEN PREIS F\u00dcR 3\/4\u2033 MESSING-KUGELHAHN<\/strong><\/a><\/p>\r\n<\/div>\r\n\r\n\r\n\r\n\r\n<h2 class=\"wp-block-heading\" id=\"h-what-is-a-brass-ball-valve\">Was ist ein 3\/4-Zoll-Messingkugelhahn?<\/h2>\r\n\r\n\r\n\r\n<p>Der Messingkugelhahn von ZECO ist perfekt, wenn Sie nach einer Durchflussregelungsoption suchen, und ist f\u00fcr den Einsatz in standardm\u00e4\u00dfigen gewerblichen und privaten Systemen mit Wasser, \u00d6l, Gas oder Dampf ausgelegt. Entwickelt, um maximale Durchflussrate mit vollem Durchgang und einfacher Bedienung mit dem Hebelgriff zu erm\u00f6glichen. Dieser Hahn ist eine robuste und langlebige L\u00f6sung f\u00fcr Ihre Durchflussregelungsanforderungen.<\/p>\r\n\r\n\r\n\r\n<h2 class=\"wp-block-heading\">Anwendungen von 3\/4\u2033 Messing-Kugelh\u00e4hnen<\/h2>\r\n\r\n\r\n\r\n<p>Messingkugelh\u00e4hne k\u00f6nnen in Wohngeb\u00e4uden, gewerblichen Sanit\u00e4ranlagen, Wasserbrunnen und vielen anderen Anwendungen eingesetzt werden. Kugelh\u00e4hne k\u00f6nnen Gase und D\u00e4mpfe drosseln und sind besonders n\u00fctzlich bei geringem Durchfluss.<\/p>\r\n\r\n\r\n\r\n<h2 class=\"wp-block-heading\">Merkmale der 3\/4\u2033 Messing-Kugelh\u00e4hne:<\/h2>\r\n\r\n\r\n\r\n<ul class=\"wp-block-list\">\r\n<li>Innengewindeenden nach IS 554 \/ BS 21 \/ ISO 7.<\/li>\r\n<li>Vollbohrung, zweiteiliges Design.<\/li>\r\n<li>Vierteldrehung, hebelbet\u00e4tigt.<\/li>\r\n<li>Ausgestattet mit einer hartverchromten Kugel aus geschmiedetem Messing.<\/li>\r\n<li>Glasgef\u00fcllte Teflon-Geh\u00e4useringe und Stopfbuchsenpackung, PTFE-Sitz.<\/li>\r\n<li>Erstaunliche Optik.<\/li>\r\n<li>Verchromtes Finish.<\/li>\r\n<\/ul>\r\n\r\n\r\n\r\n<h2 class=\"wp-block-heading\">Material der 3\/4\u2033 Messing-Kugelh\u00e4hne:<\/h2>\r\n\r\n\r\n\r\n<figure class=\"wp-block-table is-style-stripes\">\r\n<table>\r\n<tbody>\r\n<tr>\r\n<td>Nein<\/td>\r\n<td>Teil<\/td>\r\n<td>Material<\/td>\r\n<\/tr>\r\n<tr>\r\n<td>1<\/td>\r\n<td>K\u00f6rper<\/td>\r\n<td>Messing<\/td>\r\n<\/tr>\r\n<tr>\r\n<td>2<\/td>\r\n<td>Endkappe<\/td>\r\n<td>Messing<\/td>\r\n<\/tr>\r\n<tr>\r\n<td>3<\/td>\r\n<td>Kugel<\/td>\r\n<td>Kupferlegierung, verchromt<\/td>\r\n<\/tr>\r\n<tr>\r\n<td>4<\/td>\r\n<td>Sitz<\/td>\r\n<td>PTFE<\/td>\r\n<\/tr>\r\n<tr>\r\n<td>5<\/td>\r\n<td>Vorbau<\/td>\r\n<td>Kupferlegierung<\/td>\r\n<\/tr>\r\n<tr>\r\n<td>6<\/td>\r\n<td>Anlaufscheibe<\/td>\r\n<td>PTFE<\/td>\r\n<\/tr>\r\n<tr>\r\n<td>7<\/td>\r\n<td>Verpackung<\/td>\r\n<td>PTFE<\/td>\r\n<\/tr>\r\n<tr>\r\n<td>8<\/td>\r\n<td>Dr\u00fcse<\/td>\r\n<td>Kupferlegierung<\/td>\r\n<\/tr>\r\n<tr>\r\n<td>9<\/td>\r\n<td>Handgriff<\/td>\r\n<td>Kohlenstoffstahl beschichtet<\/td>\r\n<\/tr>\r\n<tr>\r\n<td>10<\/td>\r\n<td>Nuss<\/td>\r\n<td>Kohlenstoffstahl beschichtet<\/td>\r\n<\/tr>\r\n<\/tbody>\r\n<\/table>\r\n<\/figure>","protected":false},"excerpt":{"rendered":"<p>3\/4\u2033 Messing-Kugelhahn mit (Innen-\/Au\u00dfen-)Gewinde verwendet eine Metallkugel mit einem Loch in der Mitte, die zwischen zwei Sitzen eingeklemmt ist \u2026 <a title=\"3\/4\u2033 Messing-Kugelhahn\" class=\"read-more\" href=\"https:\/\/zecovalve.com\/de\/produkt\/brass-ball-valve\" aria-label=\"Mehr zu 3\/4\u2033 Brass Ball Valve\">Weiterlesen ...<\/a><\/p>","protected":false},"featured_media":19482,"comment_status":"closed","ping_status":"closed","template":"","meta":{"_generate-full-width-content":"","kt_blocks_editor_width":""},"product_cat":[2047,2461],"product_tag":[2656,2802,2833],"class_list":["post-19481","product","type-product","status-publish","has-post-thumbnail","hentry","product_cat-ball-valve","product_cat-ball-valve-by-material","product_tag-3-4-ball-valve","product_tag-ball-valve-price","product_tag-brass-ball-valve","sales-flash-overlay","woocommerce-text-align-center","woocommerce-image-align-center","do-quantity-buttons"],"featured_image_src_large":["https:\/\/zecovalve.com\/wp-content\/uploads\/2022\/07\/Globe-Valve-Check-Valve.jpg",800,600,false],"author_info":[],"comment_info":0,"taxonomy_info":{"product_cat":[{"value":2047,"label":"Ball Valve"},{"value":2461,"label":"Ball Valve By Material"}],"product_tag":[{"value":2656,"label":"3 4 ball valve"},{"value":2802,"label":"Ball Valve Price"},{"value":2833,"label":"Brass Ball Valve"}]},"yoast_head":"<!-- This site is optimized with the Yoast SEO Premium plugin v15.4 - https:\/\/yoast.com\/wordpress\/plugins\/seo\/ -->\n<title>3\/4&quot; Brass Ball Valve - Competitive Ball Valve Price | ZECO Valve<\/title>\n<meta name=\"robots\" content=\"index, follow, max-snippet:-1, max-image-preview:large, max-video-preview:-1\" \/>\n<link rel=\"canonical\" href=\"https:\/\/zecovalve.com\/de\/produkt\/brass-ball-valve\" \/>\n<meta property=\"og:locale\" content=\"de_DE\" \/>\n<meta property=\"og:type\" content=\"article\" \/>\n<meta property=\"og:title\" content=\"3\/4&quot; Brass Ball Valve - Competitive Ball Valve Price | ZECO Valve\" \/>\n<meta property=\"og:description\" content=\"3\/4&#8243; Brass ball valve with (internal-external) threading uses a metal ball with a hole bored through the center, sandwiched between two seats ... Weiterlesen ...\" \/>\n<meta property=\"og:url\" content=\"https:\/\/zecovalve.com\/de\/produkt\/brass-ball-valve\" \/>\n<meta property=\"og:site_name\" content=\"ZECO Valve\" \/>\n<meta property=\"article:modified_time\" content=\"2022-07-14T06:31:38+00:00\" \/>\n<meta property=\"og:image\" content=\"https:\/\/zecovalve.com\/wp-content\/uploads\/2022\/07\/Globe-Valve-Check-Valve.jpg\" \/>\n\t<meta property=\"og:image:width\" content=\"800\" \/>\n\t<meta property=\"og:image:height\" content=\"600\" \/>\n<meta name=\"twitter:card\" content=\"summary_large_image\" \/>\n<meta name=\"twitter:label1\" content=\"Verfasst von\">\n\t<meta name=\"twitter:data1\" content=\"Jerry\">\n\t<meta name=\"twitter:label2\" content=\"Gesch\u00e4tzte Lesezeit\">\n\t<meta name=\"twitter:data2\" content=\"1\u00a0Minute\">\n<script type=\"application\/ld+json\" class=\"yoast-schema-graph\">{\"@context\":\"https:\/\/schema.org\",\"@graph\":[{\"@type\":\"WebSite\",\"@id\":\"https:\/\/zecovalve.com\/#website\",\"url\":\"https:\/\/zecovalve.com\/\",\"name\":\"ZECO Valve\",\"description\":\"Industrial Ball Valve, Gate Valve and Globe Valve Manufacturer\",\"potentialAction\":[{\"@type\":\"SearchAction\",\"target\":\"https:\/\/zecovalve.com\/?s={search_term_string}\",\"query-input\":\"required name=search_term_string\"}],\"inLanguage\":\"de\"},{\"@type\":\"ImageObject\",\"@id\":\"https:\/\/zecovalve.com\/product\/brass-ball-valve#primaryimage\",\"inLanguage\":\"de\",\"url\":\"https:\/\/zecovalve.com\/wp-content\/uploads\/2022\/07\/Globe-Valve-Check-Valve.jpg\",\"width\":800,\"height\":600,\"caption\":\"Brass Ball Valve\"},{\"@type\":\"WebPage\",\"@id\":\"https:\/\/zecovalve.com\/product\/brass-ball-valve#webpage\",\"url\":\"https:\/\/zecovalve.com\/product\/brass-ball-valve\",\"name\":\"3\/4\\\" Brass Ball Valve - Competitive Ball Valve Price | ZECO Valve\",\"isPartOf\":{\"@id\":\"https:\/\/zecovalve.com\/#website\"},\"primaryImageOfPage\":{\"@id\":\"https:\/\/zecovalve.com\/product\/brass-ball-valve#primaryimage\"},\"datePublished\":\"2022-07-09T14:47:01+00:00\",\"dateModified\":\"2022-07-14T06:31:38+00:00\",\"breadcrumb\":{\"@id\":\"https:\/\/zecovalve.com\/product\/brass-ball-valve#breadcrumb\"},\"inLanguage\":\"de\",\"potentialAction\":[{\"@type\":\"ReadAction\",\"target\":[\"https:\/\/zecovalve.com\/product\/brass-ball-valve\"]}]},{\"@type\":\"BreadcrumbList\",\"@id\":\"https:\/\/zecovalve.com\/product\/brass-ball-valve#breadcrumb\",\"itemListElement\":[{\"@type\":\"ListItem\",\"position\":1,\"item\":{\"@type\":\"WebPage\",\"@id\":\"https:\/\/zecovalve.com\/\",\"url\":\"https:\/\/zecovalve.com\/\",\"name\":\"Home\"}},{\"@type\":\"ListItem\",\"position\":2,\"item\":{\"@type\":\"WebPage\",\"@id\":\"https:\/\/zecovalve.com\/product-category\",\"url\":\"https:\/\/zecovalve.com\/product-category\",\"name\":\"Industrial Valve Manufacturer | Water Valve Manufacturer\"}},{\"@type\":\"ListItem\",\"position\":3,\"item\":{\"@type\":\"WebPage\",\"@id\":\"https:\/\/zecovalve.com\/product\/brass-ball-valve\",\"url\":\"https:\/\/zecovalve.com\/product\/brass-ball-valve\",\"name\":\"3\/4&#8243; Brass Ball Valve\"}}]}]}<\/script>\n<!-- \/ Yoast SEO Premium plugin. -->","_links":{"self":[{"href":"https:\/\/zecovalve.com\/de\/wp-json\/wp\/v2\/product\/19481","targetHints":{"allow":["GET"]}}],"collection":[{"href":"https:\/\/zecovalve.com\/de\/wp-json\/wp\/v2\/product"}],"about":[{"href":"https:\/\/zecovalve.com\/de\/wp-json\/wp\/v2\/types\/product"}],"replies":[{"embeddable":true,"href":"https:\/\/zecovalve.com\/de\/wp-json\/wp\/v2\/comments?post=19481"}],"wp:featuredmedia":[{"embeddable":true,"href":"https:\/\/zecovalve.com\/de\/wp-json\/wp\/v2\/media\/19482"}],"wp:attachment":[{"href":"https:\/\/zecovalve.com\/de\/wp-json\/wp\/v2\/media?parent=19481"}],"wp:term":[{"taxonomy":"product_cat","embeddable":true,"href":"https:\/\/zecovalve.com\/de\/wp-json\/wp\/v2\/product_cat?post=19481"},{"taxonomy":"product_tag","embeddable":true,"href":"https:\/\/zecovalve.com\/de\/wp-json\/wp\/v2\/product_tag?post=19481"}],"curies":[{"name":"wp","href":"https:\/\/api.w.org\/{rel}","templated":true}]}}